{"id":4526,"date":"2024-05-24T10:01:07","date_gmt":"2024-05-24T08:01:07","guid":{"rendered":"https:\/\/pinova-meteo.com\/proizvodi-i-usluge"},"modified":"2026-03-05T14:20:38","modified_gmt":"2026-03-05T13:20:38","slug":"produkte-und-dienstleistungen","status":"publish","type":"page","link":"https:\/\/pinova-meteo.com\/de\/produkte-und-dienstleistungen","title":{"rendered":"Produkte und Dienstleistungen"},"content":{"rendered":"<p>[et_pb_section fb_built=&#8220;1&#8243; _builder_version=&#8220;4.24.3&#8243; _module_preset=&#8220;default&#8220; custom_margin_tablet=&#8220;80px||||false|false&#8220; custom_margin_phone=&#8220;80px||||false|false&#8220; custom_margin_last_edited=&#8220;off|desktop&#8220; custom_padding=&#8220;0px||||false|false&#8220; global_colors_info=&#8220;{}&#8220;][et_pb_row _builder_version=&#8220;4.24.3&#8243; _module_preset=&#8220;default&#8220; width=&#8220;90%&#8220; custom_padding=&#8220;||0px||false|false&#8220; global_colors_info=&#8220;{}&#8220;][et_pb_column type=&#8220;4_4&#8243; _builder_version=&#8220;4.24.3&#8243; _module_preset=&#8220;default&#8220; global_colors_info=&#8220;{}&#8220;][et_pb_text _builder_version=&#8220;4.27.0&#8243; _module_preset=&#8220;default&#8220; global_colors_info=&#8220;{}&#8220;]<a href=\"https:\/\/pinova-meteo.com\/de\">Startseite<\/a> \/ <span>Produkte und Dienstleistungen<\/span>[\/et_pb_text][et_pb_text _builder_version=&#8220;4.27.0&#8243; _module_preset=&#8220;default&#8220; text_font=&#8220;Questrial||||||||&#8220; text_text_color=&#8220;#0b0f05&#8243; text_line_height=&#8220;18px&#8220; header_font=&#8220;Raleway|700|||||||&#8220; header_text_color=&#8220;#0b0f05&#8243; header_font_size=&#8220;48px&#8220; header_line_height=&#8220;56px&#8220; custom_margin=&#8220;||18px||false|false&#8220; custom_margin_tablet=&#8220;||18px||false|false&#8220; custom_margin_phone=&#8220;||8px||false|false&#8220; custom_margin_last_edited=&#8220;on|phone&#8220; header_font_size_tablet=&#8220;32px&#8220; header_font_size_phone=&#8220;24px&#8220; header_font_size_last_edited=&#8220;on|phone&#8220; header_line_height_tablet=&#8220;48px&#8220; header_line_height_phone=&#8220;32px&#8220; header_line_height_last_edited=&#8220;on|tablet&#8220; global_colors_info=&#8220;{}&#8220;]<\/p>\n<h1>Pinova &#8211; Produkte und Dienstleistungen<\/h1>\n<p>[\/et_pb_text][et_pb_text disabled_on=&#8220;on|on|on&#8220; _builder_version=&#8220;4.24.3&#8243; _module_preset=&#8220;default&#8220; text_font=&#8220;Questrial||||||||&#8220; text_text_color=&#8220;#0b0f05&#8243; text_line_height=&#8220;24px&#8220; custom_margin=&#8220;||32px||false|false&#8220; custom_margin_tablet=&#8220;||32px||false|false&#8220; custom_margin_phone=&#8220;||24px||false|false&#8220; custom_margin_last_edited=&#8220;on|phone&#8220; text_font_size_tablet=&#8220;&#8220; text_font_size_phone=&#8220;16px&#8220; text_font_size_last_edited=&#8220;on|desktop&#8220; disabled=&#8220;on&#8220; global_colors_info=&#8220;{}&#8220;]<\/p>\n<p>Lorem ipsum dolor sit amet consectetur. Arcu nulla interdum pharetra consequat fringilla. Eget volutpat viverra ut iaculis enim cras.<\/p>\n<p>[\/et_pb_text][et_pb_code _builder_version=&#8220;4.27.0&#8243; _module_preset=&#8220;default&#8220; hover_enabled=&#8220;0&#8243; global_colors_info=&#8220;{}&#8220; sticky_enabled=&#8220;0&#8243;]<\/p>\n<div class=\"pm-pu\"><!-- [et_pb_line_break_holder] -->  <a href=\"https:\/\/pinova-meteo.com\/de\/produkte-und-dienstleistungen\/pinova-meteo-agrometeorologische-station\" class=\"pm-pu-bg pm-pm-bg\"><!-- [et_pb_line_break_holder] -->    <\/p>\n<div class=\"pm-pu-txt\"><!-- [et_pb_line_break_holder] -->      <\/p>\n<h2><!-- [et_pb_line_break_holder] -->        Pinova meteo<!-- [et_pb_line_break_holder] -->      <\/h2>\n<p><!-- [et_pb_line_break_holder] -->      <pee><!-- [et_pb_line_break_holder] -->        Pinova Meteo ist eine zuverl\u00e4ssige und robuste Wetterstation f\u00fcr die landwirtschaftliche Produktion.<!-- [et_pb_line_break_holder] -->      <\/pee><!-- [et_pb_line_break_holder] -->    <\/div>\n<p><!-- [et_pb_line_break_holder] -->  <\/a><!-- [et_pb_line_break_holder] -->  <a href=\"https:\/\/pinova-meteo.com\/de\/produkte-und-dienstleistungen\/pinova-meteo-lite-agrometeorologische-station\" class=\"pm-pu-bg pm-ap-bg\"><!-- [et_pb_line_break_holder] -->    <\/p>\n<div class=\"pm-pu-txt\"><!-- [et_pb_line_break_holder] -->      <\/p>\n<h2><!-- [et_pb_line_break_holder] -->        Pinova Meteo Lite<!-- [et_pb_line_break_holder] -->      <\/h2>\n<p><!-- [et_pb_line_break_holder] -->      <pee><!-- [et_pb_line_break_holder] -->Meteo Nb ist eine Linie von agrometeorologischen Stationen, die f\u00fcr die pr\u00e4zise \u00dcberwachung mikroklimatischer Bedingungen in der Landwirtschaft entwickelt wurden.<!-- [et_pb_line_break_holder] -->      <\/pee><!-- [et_pb_line_break_holder] -->    <\/div>\n<p><!-- [et_pb_line_break_holder] -->  <\/a><!-- [et_pb_line_break_holder] -->  <a href=\"https:\/\/pinova-meteo.com\/de\/produkte-und-dienstleistungen\/agrometeorologische-daten\" class=\"pm-pu-bg pm-ws-bg\"><!-- [et_pb_line_break_holder] -->    <\/p>\n<div class=\"pm-pu-txt\"><!-- [et_pb_line_break_holder] -->      <\/p>\n<h2><!-- [et_pb_line_break_holder] -->        Agrometeorologische Daten<!-- [et_pb_line_break_holder] -->      <\/h2>\n<p><!-- [et_pb_line_break_holder] -->      <pee><!-- [et_pb_line_break_holder] -->Auf Kundenwunsch ist es m\u00f6glich, eine agrometeorologische Station im Besitz von Pinova aufzustellen und diese in Form einer monatlichen Datennutzungsmiete zu verwenden.<!-- [et_pb_line_break_holder] -->      <\/pee><!-- [et_pb_line_break_holder] -->    <\/div>\n<p><!-- [et_pb_line_break_holder] -->  <\/a><!-- [et_pb_line_break_holder] -->    <a href=\"https:\/\/pinova-meteo.com\/de\/produkte-und-dienstleistungen\/bodenfeuchtemessung\" class=\"pm-pu-bg pm-se-bg\"><!-- [et_pb_line_break_holder] -->    <\/p>\n<div class=\"pm-pu-txt\"><!-- [et_pb_line_break_holder] -->      <\/p>\n<h2><!-- [et_pb_line_break_holder] -->        Bodenfeuchtemessung<!-- [et_pb_line_break_holder] -->      <\/h2>\n<p><!-- [et_pb_line_break_holder] -->      <pee> <!-- [et_pb_line_break_holder] -->        Watermark-Sensoren des amerikanischen Herstellers Irrometer k\u00f6nnen an verschiedenen Standorten im Boden platziert werden und das Wasserpotenzial des Bodens messen. <!-- [et_pb_line_break_holder] -->    <\/div>\n<p><!-- [et_pb_line_break_holder] -->  <\/a><!-- [et_pb_line_break_holder] -->      <a href=\"https:\/\/pinova-meteo.com\/de\/produkte-und-dienstleistungen\/sensoren\" class=\"pm-pu-bg pm-m-nb-bg\"><!-- [et_pb_line_break_holder] -->    <\/p>\n<div class=\"pm-pu-txt\"><!-- [et_pb_line_break_holder] -->      <\/p>\n<h2><!-- [et_pb_line_break_holder] -->        Sensoren<!-- [et_pb_line_break_holder] -->      <\/h2>\n<p><!-- [et_pb_line_break_holder] -->      <pee> Die Pinova Meteo Station hat die M\u00f6glichkeit, 8 Sensoren anzuschlie\u00dfen, die der Benutzer nach seinem Bedarf ausw\u00e4hlt.      <\/pee><!-- [et_pb_line_break_holder] -->    <\/div>\n<p><!-- [et_pb_line_break_holder] -->  <\/a><!-- [et_pb_line_break_holder] --><\/div>\n<p>[\/et_pb_code][\/et_pb_column][\/et_pb_row][\/et_pb_section]<\/p>\n","protected":false},"excerpt":{"rendered":"<p>Startseite \/ Produkte und DienstleistungenPinova &#8211; Produkte und DienstleistungenLorem ipsum dolor sit amet consectetur. Arcu nulla interdum pharetra consequat fringilla. Eget volutpat viverra ut iaculis enim cras.<\/p>\n","protected":false},"author":2,"featured_media":0,"parent":0,"menu_order":0,"comment_status":"closed","ping_status":"closed","template":"","meta":{"_et_pb_use_builder":"on","_et_pb_old_content":"<!-- wp:divi\/placeholder \/-->","_et_gb_content_width":"","footnotes":""},"class_list":["post-4526","page","type-page","status-publish","hentry"],"yoast_head":"<!-- This site is optimized with the Yoast SEO plugin v23.0 - https:\/\/yoast.com\/wordpress\/plugins\/seo\/ -->\n<title>Produkte und Dienstleistungen - Pinova Meteo<\/title>\n<meta name=\"description\" content=\"Proizvodi i usluge - Pinova Meteo, Digitalna poljoprivreda uz agrometeorolo\u0161ke stanice. Vremenske stanice slu\u017ee za pra\u0107enje mikroklime!\" \/>\n<meta name=\"robots\" content=\"index, follow, max-snippet:-1, max-image-preview:large, max-video-preview:-1\" \/>\n<link rel=\"canonical\" href=\"https:\/\/pinova-meteo.com\/de\/produkte-und-dienstleistungen\" \/>\n<meta property=\"og:locale\" content=\"de_DE\" \/>\n<meta property=\"og:type\" content=\"article\" \/>\n<meta property=\"og:title\" content=\"Produkte und Dienstleistungen - Pinova Meteo\" \/>\n<meta property=\"og:description\" content=\"Proizvodi i usluge - Pinova Meteo, Digitalna poljoprivreda uz agrometeorolo\u0161ke stanice. Vremenske stanice slu\u017ee za pra\u0107enje mikroklime!\" \/>\n<meta property=\"og:url\" content=\"https:\/\/pinova-meteo.com\/de\/produkte-und-dienstleistungen\" \/>\n<meta property=\"og:site_name\" content=\"Pinova Meteo\" \/>\n<meta property=\"article:modified_time\" content=\"2026-03-05T13:20:38+00:00\" \/>\n<meta name=\"twitter:card\" content=\"summary_large_image\" \/>\n<meta name=\"twitter:label1\" content=\"Gesch\u00e4tzte Lesezeit\" \/>\n\t<meta name=\"twitter:data1\" content=\"1\u00a0Minute\" \/>\n<script type=\"application\/ld+json\" class=\"yoast-schema-graph\">{\"@context\":\"https:\/\/schema.org\",\"@graph\":[{\"@type\":\"WebPage\",\"@id\":\"https:\/\/pinova-meteo.com\/de\/produkte-und-dienstleistungen\",\"url\":\"https:\/\/pinova-meteo.com\/de\/produkte-und-dienstleistungen\",\"name\":\"Produkte und Dienstleistungen - Pinova Meteo\",\"isPartOf\":{\"@id\":\"https:\/\/pinova-meteo.com\/de#website\"},\"datePublished\":\"2024-05-24T08:01:07+00:00\",\"dateModified\":\"2026-03-05T13:20:38+00:00\",\"description\":\"Proizvodi i usluge - Pinova Meteo, Digitalna poljoprivreda uz agrometeorolo\u0161ke stanice. Vremenske stanice slu\u017ee za pra\u0107enje mikroklime!\",\"breadcrumb\":{\"@id\":\"https:\/\/pinova-meteo.com\/de\/produkte-und-dienstleistungen#breadcrumb\"},\"inLanguage\":\"de\",\"potentialAction\":[{\"@type\":\"ReadAction\",\"target\":[\"https:\/\/pinova-meteo.com\/de\/produkte-und-dienstleistungen\"]}]},{\"@type\":\"BreadcrumbList\",\"@id\":\"https:\/\/pinova-meteo.com\/de\/produkte-und-dienstleistungen#breadcrumb\",\"itemListElement\":[{\"@type\":\"ListItem\",\"position\":1,\"name\":\"Po\u010detna stranica\",\"item\":\"https:\/\/pinova-meteo.com\/de\"},{\"@type\":\"ListItem\",\"position\":2,\"name\":\"Produkte und Dienstleistungen\"}]},{\"@type\":\"WebSite\",\"@id\":\"https:\/\/pinova-meteo.com\/de#website\",\"url\":\"https:\/\/pinova-meteo.com\/de\",\"name\":\"Pinova Meteo\",\"description\":\"\",\"potentialAction\":[{\"@type\":\"SearchAction\",\"target\":{\"@type\":\"EntryPoint\",\"urlTemplate\":\"https:\/\/pinova-meteo.com\/de?s={search_term_string}\"},\"query-input\":\"required name=search_term_string\"}],\"inLanguage\":\"de\"}]}<\/script>\n<!-- \/ Yoast SEO plugin. -->","yoast_head_json":{"title":"Produkte und Dienstleistungen - Pinova Meteo","description":"Proizvodi i usluge - Pinova Meteo, Digitalna poljoprivreda uz agrometeorolo\u0161ke stanice. Vremenske stanice slu\u017ee za pra\u0107enje mikroklime!","robots":{"index":"index","follow":"follow","max-snippet":"max-snippet:-1","max-image-preview":"max-image-preview:large","max-video-preview":"max-video-preview:-1"},"canonical":"https:\/\/pinova-meteo.com\/de\/produkte-und-dienstleistungen","og_locale":"de_DE","og_type":"article","og_title":"Produkte und Dienstleistungen - Pinova Meteo","og_description":"Proizvodi i usluge - Pinova Meteo, Digitalna poljoprivreda uz agrometeorolo\u0161ke stanice. Vremenske stanice slu\u017ee za pra\u0107enje mikroklime!","og_url":"https:\/\/pinova-meteo.com\/de\/produkte-und-dienstleistungen","og_site_name":"Pinova Meteo","article_modified_time":"2026-03-05T13:20:38+00:00","twitter_card":"summary_large_image","twitter_misc":{"Gesch\u00e4tzte Lesezeit":"1\u00a0Minute"},"schema":{"@context":"https:\/\/schema.org","@graph":[{"@type":"WebPage","@id":"https:\/\/pinova-meteo.com\/de\/produkte-und-dienstleistungen","url":"https:\/\/pinova-meteo.com\/de\/produkte-und-dienstleistungen","name":"Produkte und Dienstleistungen - Pinova Meteo","isPartOf":{"@id":"https:\/\/pinova-meteo.com\/de#website"},"datePublished":"2024-05-24T08:01:07+00:00","dateModified":"2026-03-05T13:20:38+00:00","description":"Proizvodi i usluge - Pinova Meteo, Digitalna poljoprivreda uz agrometeorolo\u0161ke stanice. Vremenske stanice slu\u017ee za pra\u0107enje mikroklime!","breadcrumb":{"@id":"https:\/\/pinova-meteo.com\/de\/produkte-und-dienstleistungen#breadcrumb"},"inLanguage":"de","potentialAction":[{"@type":"ReadAction","target":["https:\/\/pinova-meteo.com\/de\/produkte-und-dienstleistungen"]}]},{"@type":"BreadcrumbList","@id":"https:\/\/pinova-meteo.com\/de\/produkte-und-dienstleistungen#breadcrumb","itemListElement":[{"@type":"ListItem","position":1,"name":"Po\u010detna stranica","item":"https:\/\/pinova-meteo.com\/de"},{"@type":"ListItem","position":2,"name":"Produkte und Dienstleistungen"}]},{"@type":"WebSite","@id":"https:\/\/pinova-meteo.com\/de#website","url":"https:\/\/pinova-meteo.com\/de","name":"Pinova Meteo","description":"","potentialAction":[{"@type":"SearchAction","target":{"@type":"EntryPoint","urlTemplate":"https:\/\/pinova-meteo.com\/de?s={search_term_string}"},"query-input":"required name=search_term_string"}],"inLanguage":"de"}]}},"_links":{"self":[{"href":"https:\/\/pinova-meteo.com\/de\/wp-json\/wp\/v2\/pages\/4526","targetHints":{"allow":["GET"]}}],"collection":[{"href":"https:\/\/pinova-meteo.com\/de\/wp-json\/wp\/v2\/pages"}],"about":[{"href":"https:\/\/pinova-meteo.com\/de\/wp-json\/wp\/v2\/types\/page"}],"author":[{"embeddable":true,"href":"https:\/\/pinova-meteo.com\/de\/wp-json\/wp\/v2\/users\/2"}],"replies":[{"embeddable":true,"href":"https:\/\/pinova-meteo.com\/de\/wp-json\/wp\/v2\/comments?post=4526"}],"version-history":[{"count":18,"href":"https:\/\/pinova-meteo.com\/de\/wp-json\/wp\/v2\/pages\/4526\/revisions"}],"predecessor-version":[{"id":5783,"href":"https:\/\/pinova-meteo.com\/de\/wp-json\/wp\/v2\/pages\/4526\/revisions\/5783"}],"wp:attachment":[{"href":"https:\/\/pinova-meteo.com\/de\/wp-json\/wp\/v2\/media?parent=4526"}],"curies":[{"name":"wp","href":"https:\/\/api.w.org\/{rel}","templated":true}]}}