{"id":5036,"date":"2024-05-24T10:23:14","date_gmt":"2024-05-24T08:23:14","guid":{"rendered":"https:\/\/pinova-meteo.com\/reference\/agromedimurje-d-d"},"modified":"2025-07-24T16:12:01","modified_gmt":"2025-07-24T14:12:01","slug":"agromedimurje-d-d","status":"publish","type":"page","link":"https:\/\/pinova-meteo.com\/de\/referenzen\/agromedimurje-d-d","title":{"rendered":"Agrome\u0111imurje d.d."},"content":{"rendered":"<p>[et_pb_section fb_built=&#8220;1&#8243; disabled_on=&#8220;on|on|off&#8220; _builder_version=&#8220;4.24.3&#8243; _module_preset=&#8220;default&#8220; background_image=&#8220;https:\/\/pinova-meteo.com\/wp-content\/uploads\/2024\/06\/pinova-meteo-reference-header.png&#8220; height=&#8220;370px&#8220; custom_margin=&#8220;0px||0px||false|false&#8220; custom_padding=&#8220;0px||0px||false|false&#8220; border_radii=&#8220;off|||60px|60px&#8220; locked=&#8220;off&#8220; global_colors_info=&#8220;{}&#8220;][\/et_pb_section][et_pb_section fb_built=&#8220;1&#8243; _builder_version=&#8220;4.24.3&#8243; _module_preset=&#8220;default&#8220; background_color=&#8220;RGBA(255,255,255,0)&#8220; custom_margin=&#8220;-290px||||false|false&#8220; custom_margin_tablet=&#8220;32px||||false|false&#8220; custom_margin_phone=&#8220;32px||||false|false&#8220; custom_margin_last_edited=&#8220;on|tablet&#8220; custom_padding=&#8220;0px||80px||false|false&#8220; locked=&#8220;off&#8220; global_colors_info=&#8220;{}&#8220;][et_pb_row column_structure=&#8220;3_4,1_4&#8243; _builder_version=&#8220;4.24.3&#8243; _module_preset=&#8220;default&#8220; width=&#8220;90%&#8220; custom_margin_tablet=&#8220;122px||||false|false&#8220; custom_margin_last_edited=&#8220;off|desktop&#8220; custom_padding=&#8220;0px||0px||false|false&#8220; global_colors_info=&#8220;{}&#8220;][et_pb_column type=&#8220;3_4&#8243; module_class=&#8220;pm-pip-col-1&#8243; _builder_version=&#8220;4.24.3&#8243; _module_preset=&#8220;default&#8220; background_color=&#8220;#FFFFFF&#8220; custom_padding=&#8220;40px|40px|40px|40px|true|true&#8220; custom_padding_tablet=&#8220;0px|0px|0px|0px|true|true&#8220; custom_padding_phone=&#8220;0px|0px|0px|0px|true|true&#8220; custom_padding_last_edited=&#8220;on|phone&#8220; custom_css_main_element=&#8220;@media (min-width: 981px) {||  box-shadow: 0px 4px 44px 0px #00000040;||||}&#8220; border_radii=&#8220;on|16px|16px|16px|16px&#8220; border_radii_tablet=&#8220;on|0px|0px|0px|0px&#8220; border_radii_phone=&#8220;on|0px|0px|0px|0px&#8220; border_radii_last_edited=&#8220;on|phone&#8220; global_colors_info=&#8220;{}&#8220;][lwp_divi_breadcrumbs home_text=&#8220;Startseite&#8220; font_icon=&#8220;&#x2f;||divi||400&#8243; link_color=&#8220;#0b0f05&#8243; current_text_color=&#8220;#012169&#8243; _builder_version=&#8220;4.27.0&#8243; _module_preset=&#8220;default&#8220; hover_enabled=&#8220;0&#8243; custom_css_free_form=&#8220;.lwp-breadcrumbs span.separator {||  font-family: &#8218;Questrial&#8216;,Helvetica,Arial,Lucida,sans-serif !important;||}&#8220; locked=&#8220;off&#8220; global_colors_info=&#8220;{}&#8220; sticky_enabled=&#8220;0&#8243;][\/lwp_divi_breadcrumbs][et_pb_text _builder_version=&#8220;4.24.3&#8243; _module_preset=&#8220;default&#8220; header_font=&#8220;Raleway|700|||||||&#8220; header_text_color=&#8220;#0b0f05&#8243; header_font_size=&#8220;48px&#8220; header_line_height=&#8220;56px&#8220; custom_margin=&#8220;||22px||false|false&#8220; custom_margin_tablet=&#8220;||0px||false|false&#8220; custom_margin_phone=&#8220;||0px||false|false&#8220; custom_margin_last_edited=&#8220;on|tablet&#8220; header_font_size_tablet=&#8220;36px&#8220; header_font_size_phone=&#8220;24px&#8220; header_font_size_last_edited=&#8220;on|tablet&#8220; header_line_height_tablet=&#8220;40px&#8220; header_line_height_phone=&#8220;28px&#8220; header_line_height_last_edited=&#8220;on|tablet&#8220; global_colors_info=&#8220;{}&#8220;]<\/p>\n<h1>Agrome\u0111imurje d.d.<\/h1>\n<p>[\/et_pb_text][et_pb_text _builder_version=&#8220;4.27.0&#8243; _module_preset=&#8220;default&#8220; text_font=&#8220;Questrial||||||||&#8220; text_text_color=&#8220;#0b0f05&#8243; text_line_height=&#8220;26px&#8220; ol_font=&#8220;Questrial||||||||&#8220; ol_text_color=&#8220;#0b0f05&#8243; ol_font_size=&#8220;18px&#8220; ol_line_height=&#8220;26px&#8220; custom_margin=&#8220;||0px||false|false&#8220; custom_padding=&#8220;||0px||false|false&#8220; hover_enabled=&#8220;0&#8243; text_font_size_tablet=&#8220;&#8220; text_font_size_phone=&#8220;16px&#8220; text_font_size_last_edited=&#8220;on|phone&#8220; text_line_height_tablet=&#8220;26px&#8220; text_line_height_phone=&#8220;24px&#8220; text_line_height_last_edited=&#8220;on|phone&#8220; ol_font_size_tablet=&#8220;18px&#8220; ol_font_size_phone=&#8220;16px&#8220; ol_font_size_last_edited=&#8220;on|desktop&#8220; ol_line_height_tablet=&#8220;26px&#8220; ol_line_height_phone=&#8220;24px&#8220; ol_line_height_last_edited=&#8220;on|phone&#8220; custom_css_free_form=&#8220;strong {||  font-family: Raleway;||  font-weight: 700;||}&#8220; global_colors_info=&#8220;{}&#8220; sticky_enabled=&#8220;0&#8243;]<\/p>\n<p style=\"padding-bottom: 16px;\">Die Agrome\u0111imurje AG \u010cakovec wurde 1947 gegr\u00fcndet und ist seit \u00fcber 60 Jahren erfolgreich t\u00e4tig. 1993 erfolgte die Umwandlung in eine Aktiengesellschaft. Als gro\u00dfer Produzent deckt sie nahezu alle Bereiche der Landwirtschaft ab.<\/p>\n<p style=\"padding-bottom: 16px;\">Die Agrome\u0111imurje AG \u010cakovec wurde 1947 gegr\u00fcndet und ist seit \u00fcber 60 Jahren erfolgreich t\u00e4tig. 1993 erfolgte die Umwandlung in eine Aktiengesellschaft. Als gro\u00dfer Produzent deckt sie nahezu alle Bereiche der Landwirtschaft ab.<\/p>\n<ul style=\"padding-bottom: 24px;\">\n<li style=\"padding-bottom: 8px;\">Obstbau: 30 Jahre Tradition; erste Apfelanlagen (1977) auf 80 ha in Nedeli\u0161\u0107e, dann 74 ha in \u010cehovec und 73 ha in Cirkovljan. Heute 225 ha moderner Plantagen mit einer Jahresproduktion von 7.000\u20138.000 t (35\u201345 t\/ha).<\/li>\n<li style=\"padding-bottom: 8px;\">Weinbau: 141 ha Spitzenrebsorten (Moslavac, Gra\u0161evina, Wei\u00dfer Pinot, Sauvignon, Riesling, Muskat, Traminer), Kellerkapazit\u00e4t 2 000 000 l.<\/li>\n<li style=\"padding-bottom: 8px;\">Ackerbau: ca. 1000 ha (\u00fcberwiegend Pacht), Kulturen: Mais, Gerste, Weizen, Raps, Zwiebeln, Erbsen.<\/li>\n<li>Baumschulproduktion: 30 Jahre im Baumschulbetrieb Sveta Marija; 227 ha Plantagen mit eigenem Vermehrungsmaterial. Verwendung von Pinova Meteo und PinovaDoc zur Planung von Pflanzenschutz, Bew\u00e4sserung und Agrartechnik.<\/li>\n<\/ul>\n<p style=\"padding-bottom: 24px;\">Die Nutzer sind neue Technologien, unsere langj\u00e4hrigen Partner und Anwender der agrometeorologischen Station Pinova Meteo und der PinovaDoc Anwendung. In ihren Obstplantagen verf\u00fcgen sie \u00fcber zwei Stationen, die sie zur Planung des Pflanzenschutzes, der Bew\u00e4sserung und anderer agrotechnischer Operationen nutzen.<\/p>\n<p>[\/et_pb_text][et_pb_text _builder_version=&#8220;4.24.3&#8243; _module_preset=&#8220;default&#8220; text_font=&#8220;Questrial||||||||&#8220; text_text_color=&#8220;#0b0f05&#8243; text_line_height=&#8220;26px&#8220; header_3_font=&#8220;Raleway|700|||||||&#8220; header_3_text_color=&#8220;#0b0f05&#8243; header_3_line_height=&#8220;26px&#8220; background_color=&#8220;#f1f1f1&#8243; custom_margin=&#8220;||40px||false|false&#8220; custom_margin_tablet=&#8220;||40px||false|false&#8220; custom_margin_phone=&#8220;||32px||false|false&#8220; custom_margin_last_edited=&#8220;on|phone&#8220; custom_padding=&#8220;24px|24px|24px|24px|true|true&#8220; text_font_size_tablet=&#8220;&#8220; text_font_size_phone=&#8220;16px&#8220; text_font_size_last_edited=&#8220;on|phone&#8220; text_line_height_tablet=&#8220;26px&#8220; text_line_height_phone=&#8220;24px&#8220; text_line_height_last_edited=&#8220;on|phone&#8220; header_font_size_tablet=&#8220;24px&#8220; header_font_size_last_edited=&#8220;off|desktop&#8220; header_line_height_tablet=&#8220;18px&#8220; header_line_height_phone=&#8220;14px&#8220; header_line_height_last_edited=&#8220;off|desktop&#8220; header_3_font_size_tablet=&#8220;&#8220; header_3_font_size_phone=&#8220;18px&#8220; header_3_font_size_last_edited=&#8220;on|phone&#8220; header_3_line_height_tablet=&#8220;26px&#8220; header_3_line_height_phone=&#8220;22px&#8220; header_3_line_height_last_edited=&#8220;on|phone&#8220; border_radii=&#8220;on|32px|32px|32px|32px&#8220; locked=&#8220;off&#8220; global_colors_info=&#8220;{}&#8220;]<\/p>\n<p><em>&#8222;Die Station unterst\u00fctzt uns bei der Planung des Pflanzenschutzes f\u00fcr \u00c4pfel. Anhand der Meteorologiedaten treffen wir rechtzeitig Entscheidungen \u00fcber Schutzma\u00dfnahmen oder deren Entfall. Sie hilft auch bei der Auswahl pr\u00e4ventiver Mittel von der Gr\u00fcnen Liste und bei der Planung der Bew\u00e4sserung basierend auf Niederschl\u00e4gen und Bodenfeuchte&#8220;<\/em><\/p>\n<p style=\"text-align: right;\"><strong>An\u0111elko Tom\u0161i\u0107 dipl.ing.agr.<\/strong><\/p>\n<p>[\/et_pb_text][et_pb_text _builder_version=&#8220;4.27.0&#8243; _module_preset=&#8220;default&#8220; text_font=&#8220;Questrial||||||||&#8220; text_text_color=&#8220;#0b0f05&#8243; text_line_height=&#8220;26px&#8220; ol_font=&#8220;Questrial||||||||&#8220; ol_text_color=&#8220;#0b0f05&#8243; ol_font_size=&#8220;18px&#8220; ol_line_height=&#8220;26px&#8220; custom_margin=&#8220;||0px||false|false&#8220; custom_padding=&#8220;||0px||false|false&#8220; hover_enabled=&#8220;0&#8243; text_font_size_tablet=&#8220;&#8220; text_font_size_phone=&#8220;16px&#8220; text_font_size_last_edited=&#8220;on|phone&#8220; text_line_height_tablet=&#8220;26px&#8220; text_line_height_phone=&#8220;24px&#8220; text_line_height_last_edited=&#8220;on|phone&#8220; ol_font_size_tablet=&#8220;18px&#8220; ol_font_size_phone=&#8220;16px&#8220; ol_font_size_last_edited=&#8220;on|desktop&#8220; ol_line_height_tablet=&#8220;26px&#8220; ol_line_height_phone=&#8220;24px&#8220; ol_line_height_last_edited=&#8220;on|phone&#8220; custom_css_free_form=&#8220;strong {||  font-family: Raleway;||  font-weight: 700;||}&#8220; global_colors_info=&#8220;{}&#8220; sticky_enabled=&#8220;0&#8243;]<\/p>\n<p style=\"padding-bottom: 24px;\">Neben agrometeorologischen Stationen nutzen sie auch GPS-Technologie, um die Arbeit von Traktoren zu \u00fcberwachen. Sie wenden die Verwirrungsmethode bei der Bek\u00e4mpfung des Apfelwicklers an, wozu der Leiter der Obstproduktion, An\u0111elko Tom\u0161i\u0107, sagt:<\/p>\n<p>[\/et_pb_text][et_pb_text _builder_version=&#8220;4.27.0&#8243; _module_preset=&#8220;default&#8220; text_font=&#8220;Questrial||||||||&#8220; text_text_color=&#8220;#0b0f05&#8243; text_line_height=&#8220;26px&#8220; header_3_font=&#8220;Raleway|700|||||||&#8220; header_3_text_color=&#8220;#0b0f05&#8243; header_3_line_height=&#8220;26px&#8220; background_color=&#8220;#f1f1f1&#8243; custom_margin=&#8220;||0px||false|false&#8220; custom_margin_tablet=&#8220;||40px||false|false&#8220; custom_margin_phone=&#8220;||32px||false|false&#8220; custom_margin_last_edited=&#8220;on|phone&#8220; custom_padding=&#8220;24px|24px|24px|24px|true|true&#8220; hover_enabled=&#8220;0&#8243; text_font_size_tablet=&#8220;&#8220; text_font_size_phone=&#8220;16px&#8220; text_font_size_last_edited=&#8220;on|phone&#8220; text_line_height_tablet=&#8220;26px&#8220; text_line_height_phone=&#8220;24px&#8220; text_line_height_last_edited=&#8220;on|phone&#8220; header_font_size_tablet=&#8220;24px&#8220; header_font_size_last_edited=&#8220;off|desktop&#8220; header_line_height_tablet=&#8220;18px&#8220; header_line_height_phone=&#8220;14px&#8220; header_line_height_last_edited=&#8220;off|desktop&#8220; header_3_font_size_tablet=&#8220;&#8220; header_3_font_size_phone=&#8220;18px&#8220; header_3_font_size_last_edited=&#8220;on|phone&#8220; header_3_line_height_tablet=&#8220;26px&#8220; header_3_line_height_phone=&#8220;22px&#8220; header_3_line_height_last_edited=&#8220;on|phone&#8220; border_radii=&#8220;on|32px|32px|32px|32px&#8220; locked=&#8220;off&#8220; global_colors_info=&#8220;{}&#8220; sticky_enabled=&#8220;0&#8243;]<\/p>\n<p><em>&#8222;Die Konfusion setzen wir versuchsweise seit 4 Jahren ein, und unseren Erfahrungen und Ergebnissen zufolge reduziert sie definitiv die Population des Wicklers. Sie kann den Einsatz von Insektiziden keineswegs vollst\u00e4ndig reduzieren, da wir neben dem Apfel- und Pfirsichwickler auch andere Wickler sowie andere Sch\u00e4dlinge haben, die ber\u00fccksichtigt werden m\u00fcssen. In Obstanlagen unter Netz und mit geringem Potenzial anderer Sch\u00e4dlinge k\u00f6nnen wir die Insektizidbehandlungen im zweiten Teil der Vegetationsperiode gegen die zweite und eventuelle dritte Wicklergeneration definitiv reduzieren oder sogar vermeiden.&#8220;<\/em><\/p>\n<p style=\"text-align: right;\"><strong>An\u0111elko Tom\u0161i\u0107 dipl.ing.agr.<\/strong><\/p>\n<p>[\/et_pb_text][\/et_pb_column][et_pb_column type=&#8220;1_4&#8243; module_class=&#8220;pm-pip-col-1&#8243; _builder_version=&#8220;4.24.3&#8243; _module_preset=&#8220;default&#8220; background_color=&#8220;#FFFFFF&#8220; custom_padding=&#8220;40px|40px|40px|40px|true|true&#8220; custom_padding_tablet=&#8220;0px|0px|0px|0px|true|true&#8220; custom_padding_phone=&#8220;0px|0px|0px|0px|true|true&#8220; custom_padding_last_edited=&#8220;on|phone&#8220; custom_css_main_element=&#8220;opacity: 0;||pointer-events: none;&#8220; border_radii=&#8220;on|16px|16px|16px|16px&#8220; border_radii_tablet=&#8220;on|0px|0px|0px|0px&#8220; border_radii_phone=&#8220;on|0px|0px|0px|0px&#8220; border_radii_last_edited=&#8220;on|phone&#8220; global_colors_info=&#8220;{}&#8220;][\/et_pb_column][\/et_pb_row][\/et_pb_section]<\/p>\n","protected":false},"excerpt":{"rendered":"<p><div class=\"et_pb_module lwp_divi_breadcrumbs lwp_divi_breadcrumbs_0\">\n\t\t\t\t\n\t\t\t\t\n\t\t\t\t\n\t\t\t\t\n\t\t\t\t\n\t\t\t\t\n\t\t\t\t<div class=\"et_pb_module_inner\">\n\t\t\t\t\t<div class=\"lwp-breadcrumbs\"> <span class=\"before\"><\/span> <span vocab=\"https:\/\/schema.org\/\" typeof=\"BreadcrumbList\"><span property=\"itemListElement\" typeof=\"ListItem\"><a property=\"item\" typeof=\"WebPage\" href=\"https:\/\/pinova-meteo.com\/de\" class=\"home\"><span property=\"name\">Startseite<\/span><\/a><meta property=\"position\" content=\"1\"><\/span> <span class=\"separator et-pb-icon\">&#x2f;<\/span> <\/span><\/div>\n\t\t\t\t<\/div>\n\t\t\t<\/div>Agrome\u0111imurje d.d.Die Agrome\u0111imurje AG \u010cakovec wurde 1947 gegr\u00fcndet und ist seit \u00fcber 60 Jahren erfolgreich t\u00e4tig. 1993 erfolgte die Umwandlung in eine Aktiengesellschaft. Als gro\u00dfer Produzent deckt sie nahezu alle Bereiche der Landwirtschaft ab. Die Agrome\u0111imurje AG \u010cakovec wurde [&hellip;]<\/p>\n","protected":false},"author":2,"featured_media":0,"parent":5035,"menu_order":0,"comment_status":"closed","ping_status":"closed","template":"","meta":{"_et_pb_use_builder":"on","_et_pb_old_content":"<!-- wp:divi\/placeholder \/-->","_et_gb_content_width":"","footnotes":""},"class_list":["post-5036","page","type-page","status-publish","hentry"],"yoast_head":"<!-- This site is optimized with the Yoast SEO plugin v23.0 - https:\/\/yoast.com\/wordpress\/plugins\/seo\/ -->\n<title>Agrome\u0111imurje d.d. - Pinova Meteo<\/title>\n<meta name=\"robots\" content=\"index, follow, max-snippet:-1, max-image-preview:large, max-video-preview:-1\" \/>\n<link rel=\"canonical\" href=\"https:\/\/pinova-meteo.com\/de\/referenzen\/agromedimurje-d-d\" \/>\n<meta property=\"og:locale\" content=\"de_DE\" \/>\n<meta property=\"og:type\" content=\"article\" \/>\n<meta property=\"og:title\" content=\"Agrome\u0111imurje d.d. - Pinova Meteo\" \/>\n<meta property=\"og:description\" content=\"Agrome\u0111imurje d.d.Die Agrome\u0111imurje AG \u010cakovec wurde 1947 gegr\u00fcndet und ist seit \u00fcber 60 Jahren erfolgreich t\u00e4tig. 1993 erfolgte die Umwandlung in eine Aktiengesellschaft. Als gro\u00dfer Produzent deckt sie nahezu alle Bereiche der Landwirtschaft ab. Die Agrome\u0111imurje AG \u010cakovec wurde [&hellip;]\" \/>\n<meta property=\"og:url\" content=\"https:\/\/pinova-meteo.com\/de\/referenzen\/agromedimurje-d-d\" \/>\n<meta property=\"og:site_name\" content=\"Pinova Meteo\" \/>\n<meta property=\"article:modified_time\" content=\"2025-07-24T14:12:01+00:00\" \/>\n<meta name=\"twitter:card\" content=\"summary_large_image\" \/>\n<script type=\"application\/ld+json\" class=\"yoast-schema-graph\">{\"@context\":\"https:\/\/schema.org\",\"@graph\":[{\"@type\":\"WebPage\",\"@id\":\"https:\/\/pinova-meteo.com\/de\/referenzen\/agromedimurje-d-d\",\"url\":\"https:\/\/pinova-meteo.com\/de\/referenzen\/agromedimurje-d-d\",\"name\":\"Agrome\u0111imurje d.d. - Pinova Meteo\",\"isPartOf\":{\"@id\":\"https:\/\/pinova-meteo.com\/de#website\"},\"datePublished\":\"2024-05-24T08:23:14+00:00\",\"dateModified\":\"2025-07-24T14:12:01+00:00\",\"breadcrumb\":{\"@id\":\"https:\/\/pinova-meteo.com\/de\/referenzen\/agromedimurje-d-d#breadcrumb\"},\"inLanguage\":\"de\",\"potentialAction\":[{\"@type\":\"ReadAction\",\"target\":[\"https:\/\/pinova-meteo.com\/de\/referenzen\/agromedimurje-d-d\"]}]},{\"@type\":\"BreadcrumbList\",\"@id\":\"https:\/\/pinova-meteo.com\/de\/referenzen\/agromedimurje-d-d#breadcrumb\",\"itemListElement\":[{\"@type\":\"ListItem\",\"position\":1,\"name\":\"Po\u010detna stranica\",\"item\":\"https:\/\/pinova-meteo.com\/de\"},{\"@type\":\"ListItem\",\"position\":2,\"name\":\"Referenzen\",\"item\":\"https:\/\/pinova-meteo.com\/de\/referenzen\"},{\"@type\":\"ListItem\",\"position\":3,\"name\":\"Agrome\u0111imurje d.d.\"}]},{\"@type\":\"WebSite\",\"@id\":\"https:\/\/pinova-meteo.com\/de#website\",\"url\":\"https:\/\/pinova-meteo.com\/de\",\"name\":\"Pinova Meteo\",\"description\":\"\",\"potentialAction\":[{\"@type\":\"SearchAction\",\"target\":{\"@type\":\"EntryPoint\",\"urlTemplate\":\"https:\/\/pinova-meteo.com\/de?s={search_term_string}\"},\"query-input\":\"required name=search_term_string\"}],\"inLanguage\":\"de\"}]}<\/script>\n<!-- \/ Yoast SEO plugin. -->","yoast_head_json":{"title":"Agrome\u0111imurje d.d. - Pinova Meteo","robots":{"index":"index","follow":"follow","max-snippet":"max-snippet:-1","max-image-preview":"max-image-preview:large","max-video-preview":"max-video-preview:-1"},"canonical":"https:\/\/pinova-meteo.com\/de\/referenzen\/agromedimurje-d-d","og_locale":"de_DE","og_type":"article","og_title":"Agrome\u0111imurje d.d. - Pinova Meteo","og_description":"Agrome\u0111imurje d.d.Die Agrome\u0111imurje AG \u010cakovec wurde 1947 gegr\u00fcndet und ist seit \u00fcber 60 Jahren erfolgreich t\u00e4tig. 1993 erfolgte die Umwandlung in eine Aktiengesellschaft. Als gro\u00dfer Produzent deckt sie nahezu alle Bereiche der Landwirtschaft ab. Die Agrome\u0111imurje AG \u010cakovec wurde [&hellip;]","og_url":"https:\/\/pinova-meteo.com\/de\/referenzen\/agromedimurje-d-d","og_site_name":"Pinova Meteo","article_modified_time":"2025-07-24T14:12:01+00:00","twitter_card":"summary_large_image","schema":{"@context":"https:\/\/schema.org","@graph":[{"@type":"WebPage","@id":"https:\/\/pinova-meteo.com\/de\/referenzen\/agromedimurje-d-d","url":"https:\/\/pinova-meteo.com\/de\/referenzen\/agromedimurje-d-d","name":"Agrome\u0111imurje d.d. - Pinova Meteo","isPartOf":{"@id":"https:\/\/pinova-meteo.com\/de#website"},"datePublished":"2024-05-24T08:23:14+00:00","dateModified":"2025-07-24T14:12:01+00:00","breadcrumb":{"@id":"https:\/\/pinova-meteo.com\/de\/referenzen\/agromedimurje-d-d#breadcrumb"},"inLanguage":"de","potentialAction":[{"@type":"ReadAction","target":["https:\/\/pinova-meteo.com\/de\/referenzen\/agromedimurje-d-d"]}]},{"@type":"BreadcrumbList","@id":"https:\/\/pinova-meteo.com\/de\/referenzen\/agromedimurje-d-d#breadcrumb","itemListElement":[{"@type":"ListItem","position":1,"name":"Po\u010detna stranica","item":"https:\/\/pinova-meteo.com\/de"},{"@type":"ListItem","position":2,"name":"Referenzen","item":"https:\/\/pinova-meteo.com\/de\/referenzen"},{"@type":"ListItem","position":3,"name":"Agrome\u0111imurje d.d."}]},{"@type":"WebSite","@id":"https:\/\/pinova-meteo.com\/de#website","url":"https:\/\/pinova-meteo.com\/de","name":"Pinova Meteo","description":"","potentialAction":[{"@type":"SearchAction","target":{"@type":"EntryPoint","urlTemplate":"https:\/\/pinova-meteo.com\/de?s={search_term_string}"},"query-input":"required name=search_term_string"}],"inLanguage":"de"}]}},"_links":{"self":[{"href":"https:\/\/pinova-meteo.com\/de\/wp-json\/wp\/v2\/pages\/5036","targetHints":{"allow":["GET"]}}],"collection":[{"href":"https:\/\/pinova-meteo.com\/de\/wp-json\/wp\/v2\/pages"}],"about":[{"href":"https:\/\/pinova-meteo.com\/de\/wp-json\/wp\/v2\/types\/page"}],"author":[{"embeddable":true,"href":"https:\/\/pinova-meteo.com\/de\/wp-json\/wp\/v2\/users\/2"}],"replies":[{"embeddable":true,"href":"https:\/\/pinova-meteo.com\/de\/wp-json\/wp\/v2\/comments?post=5036"}],"version-history":[{"count":1,"href":"https:\/\/pinova-meteo.com\/de\/wp-json\/wp\/v2\/pages\/5036\/revisions"}],"predecessor-version":[{"id":5139,"href":"https:\/\/pinova-meteo.com\/de\/wp-json\/wp\/v2\/pages\/5036\/revisions\/5139"}],"up":[{"embeddable":true,"href":"https:\/\/pinova-meteo.com\/de\/wp-json\/wp\/v2\/pages\/5035"}],"wp:attachment":[{"href":"https:\/\/pinova-meteo.com\/de\/wp-json\/wp\/v2\/media?parent=5036"}],"curies":[{"name":"wp","href":"https:\/\/api.w.org\/{rel}","templated":true}]}}