{"id":5037,"date":"2024-05-24T10:22:14","date_gmt":"2024-05-24T08:22:14","guid":{"rendered":"https:\/\/pinova-meteo.com\/reference\/risnjak-d-o-o"},"modified":"2025-07-24T16:06:06","modified_gmt":"2025-07-24T14:06:06","slug":"risnjak-d-o-o","status":"publish","type":"page","link":"https:\/\/pinova-meteo.com\/de\/referenzen\/risnjak-d-o-o","title":{"rendered":"Risnjak d.o.o."},"content":{"rendered":"<p>[et_pb_section fb_built=&#8220;1&#8243; disabled_on=&#8220;on|on|off&#8220; _builder_version=&#8220;4.24.3&#8243; _module_preset=&#8220;default&#8220; background_image=&#8220;https:\/\/pinova-meteo.com\/wp-content\/uploads\/2024\/06\/pinova-meteo-reference-header.png&#8220; height=&#8220;370px&#8220; custom_margin=&#8220;0px||0px||false|false&#8220; custom_padding=&#8220;0px||0px||false|false&#8220; border_radii=&#8220;off|||60px|60px&#8220; locked=&#8220;off&#8220; global_colors_info=&#8220;{}&#8220;][\/et_pb_section][et_pb_section fb_built=&#8220;1&#8243; _builder_version=&#8220;4.24.3&#8243; _module_preset=&#8220;default&#8220; background_color=&#8220;RGBA(255,255,255,0)&#8220; custom_margin=&#8220;-290px||||false|false&#8220; custom_margin_tablet=&#8220;32px||||false|false&#8220; custom_margin_phone=&#8220;32px||||false|false&#8220; custom_margin_last_edited=&#8220;on|tablet&#8220; custom_padding=&#8220;0px||80px||false|false&#8220; locked=&#8220;off&#8220; global_colors_info=&#8220;{}&#8220;][et_pb_row column_structure=&#8220;3_4,1_4&#8243; _builder_version=&#8220;4.24.3&#8243; _module_preset=&#8220;default&#8220; width=&#8220;90%&#8220; custom_margin_tablet=&#8220;122px||||false|false&#8220; custom_margin_last_edited=&#8220;off|desktop&#8220; custom_padding=&#8220;0px||0px||false|false&#8220; global_colors_info=&#8220;{}&#8220;][et_pb_column type=&#8220;3_4&#8243; module_class=&#8220;pm-pip-col-1&#8243; _builder_version=&#8220;4.24.3&#8243; _module_preset=&#8220;default&#8220; background_color=&#8220;#FFFFFF&#8220; custom_padding=&#8220;40px|40px|40px|40px|true|true&#8220; custom_padding_tablet=&#8220;0px|0px|0px|0px|true|true&#8220; custom_padding_phone=&#8220;0px|0px|0px|0px|true|true&#8220; custom_padding_last_edited=&#8220;on|phone&#8220; custom_css_main_element=&#8220;@media (min-width: 981px) {||  box-shadow: 0px 4px 44px 0px #00000040;||||}&#8220; border_radii=&#8220;on|16px|16px|16px|16px&#8220; border_radii_tablet=&#8220;on|0px|0px|0px|0px&#8220; border_radii_phone=&#8220;on|0px|0px|0px|0px&#8220; border_radii_last_edited=&#8220;on|phone&#8220; global_colors_info=&#8220;{}&#8220;][lwp_divi_breadcrumbs home_text=&#8220;Startseite&#8220; font_icon=&#8220;&#x2f;||divi||400&#8243; link_color=&#8220;#0b0f05&#8243; current_text_color=&#8220;#012169&#8243; _builder_version=&#8220;4.27.0&#8243; _module_preset=&#8220;default&#8220; hover_enabled=&#8220;0&#8243; custom_css_free_form=&#8220;.lwp-breadcrumbs span.separator {||  font-family: &#8218;Questrial&#8216;,Helvetica,Arial,Lucida,sans-serif !important;||}&#8220; locked=&#8220;off&#8220; global_colors_info=&#8220;{}&#8220; sticky_enabled=&#8220;0&#8243;][\/lwp_divi_breadcrumbs][et_pb_text _builder_version=&#8220;4.24.3&#8243; _module_preset=&#8220;default&#8220; header_font=&#8220;Raleway|700|||||||&#8220; header_text_color=&#8220;#0b0f05&#8243; header_font_size=&#8220;48px&#8220; header_line_height=&#8220;56px&#8220; custom_margin=&#8220;||22px||false|false&#8220; custom_margin_tablet=&#8220;||0px||false|false&#8220; custom_margin_phone=&#8220;||0px||false|false&#8220; custom_margin_last_edited=&#8220;on|tablet&#8220; header_font_size_tablet=&#8220;36px&#8220; header_font_size_phone=&#8220;24px&#8220; header_font_size_last_edited=&#8220;on|tablet&#8220; header_line_height_tablet=&#8220;40px&#8220; header_line_height_phone=&#8220;28px&#8220; header_line_height_last_edited=&#8220;on|tablet&#8220; global_colors_info=&#8220;{}&#8220;]<\/p>\n<h1>Risnjak d.o.o.<\/h1>\n<p>[\/et_pb_text][et_pb_text _builder_version=&#8220;4.24.3&#8243; _module_preset=&#8220;default&#8220; text_font=&#8220;Questrial||||||||&#8220; text_text_color=&#8220;#0b0f05&#8243; text_line_height=&#8220;26px&#8220; ol_font=&#8220;Questrial||||||||&#8220; ol_text_color=&#8220;#0b0f05&#8243; ol_font_size=&#8220;18px&#8220; ol_line_height=&#8220;26px&#8220; custom_margin=&#8220;||||false|false&#8220; custom_padding=&#8220;||0px||false|false&#8220; text_font_size_tablet=&#8220;&#8220; text_font_size_phone=&#8220;16px&#8220; text_font_size_last_edited=&#8220;on|phone&#8220; text_line_height_tablet=&#8220;26px&#8220; text_line_height_phone=&#8220;24px&#8220; text_line_height_last_edited=&#8220;on|phone&#8220; ol_font_size_tablet=&#8220;18px&#8220; ol_font_size_phone=&#8220;16px&#8220; ol_font_size_last_edited=&#8220;on|desktop&#8220; ol_line_height_tablet=&#8220;26px&#8220; ol_line_height_phone=&#8220;24px&#8220; ol_line_height_last_edited=&#8220;on|phone&#8220; custom_css_free_form=&#8220;strong {||  font-family: Raleway;||  font-weight: 700;||}&#8220; global_colors_info=&#8220;{}&#8220;]<\/p>\n<p>Die Risnjak GmbH wurde 2001 gegr\u00fcndet. Ihr Kerngesch\u00e4ft ist die Obstproduktion, die jedes Jahr im Einklang mit den neuesten globalen Trends w\u00e4chst.<\/p>\n<p>Sie setzen modernste Technologien im Obstbau ein, was sich in beeindruckenden Ertr\u00e4gen und Qualit\u00e4ten zeigt, die mit westlicher Konkurrenz problemlos mithalten k\u00f6nnen.<\/p>\n<p>[\/et_pb_text][et_pb_text _builder_version=&#8220;4.24.3&#8243; _module_preset=&#8220;default&#8220; text_font=&#8220;Questrial||||||||&#8220; text_text_color=&#8220;#0b0f05&#8243; text_line_height=&#8220;26px&#8220; header_3_font=&#8220;Raleway|700|||||||&#8220; header_3_text_color=&#8220;#0b0f05&#8243; header_3_line_height=&#8220;26px&#8220; background_color=&#8220;#f1f1f1&#8243; custom_margin=&#8220;||0px||false|false&#8220; custom_margin_tablet=&#8220;||40px||false|false&#8220; custom_margin_phone=&#8220;||32px||false|false&#8220; custom_margin_last_edited=&#8220;on|phone&#8220; custom_padding=&#8220;24px|24px|24px|24px|true|true&#8220; text_font_size_tablet=&#8220;&#8220; text_font_size_phone=&#8220;16px&#8220; text_font_size_last_edited=&#8220;on|phone&#8220; text_line_height_tablet=&#8220;26px&#8220; text_line_height_phone=&#8220;24px&#8220; text_line_height_last_edited=&#8220;on|phone&#8220; header_3_font_size_tablet=&#8220;&#8220; header_3_font_size_phone=&#8220;18px&#8220; header_3_font_size_last_edited=&#8220;on|phone&#8220; header_3_line_height_tablet=&#8220;26px&#8220; header_3_line_height_phone=&#8220;22px&#8220; header_3_line_height_last_edited=&#8220;on|phone&#8220; custom_css_free_form=&#8220;strong {||  font-family: Raleway;||  font-weight: 700;||}&#8220; border_radii=&#8220;on|32px|32px|32px|32px&#8220; global_colors_info=&#8220;{}&#8220;]<\/p>\n<p><em>&#8222;Die Pinova Meteo Station hat mir besonders beim Schutz vor Fusicladium geholfen \u2013 nichts wurde nach Gef\u00fchl gemacht, sondern exakt nach den Empfehlungen der PinovaSoft\u2011App. Die Ma\u00dfnahmen waren \u00fcberwiegend pr\u00e4ventiv und weniger kurativ. Einsparungen von bis zu 35 %!&#8220;<\/em><\/p>\n<p style=\"text-align: right;\"><strong>Vedran \u0160unji\u0107<\/strong><\/p>\n<p>[\/et_pb_text][\/et_pb_column][et_pb_column type=&#8220;1_4&#8243; module_class=&#8220;pm-pip-col-1&#8243; _builder_version=&#8220;4.24.3&#8243; _module_preset=&#8220;default&#8220; background_color=&#8220;#FFFFFF&#8220; custom_padding=&#8220;40px|40px|40px|40px|true|true&#8220; custom_padding_tablet=&#8220;0px|0px|0px|0px|true|true&#8220; custom_padding_phone=&#8220;0px|0px|0px|0px|true|true&#8220; custom_padding_last_edited=&#8220;on|phone&#8220; custom_css_main_element=&#8220;opacity: 0;||pointer-events: none;&#8220; border_radii=&#8220;on|16px|16px|16px|16px&#8220; border_radii_tablet=&#8220;on|0px|0px|0px|0px&#8220; border_radii_phone=&#8220;on|0px|0px|0px|0px&#8220; border_radii_last_edited=&#8220;on|phone&#8220; global_colors_info=&#8220;{}&#8220;][\/et_pb_column][\/et_pb_row][\/et_pb_section]<\/p>\n","protected":false},"excerpt":{"rendered":"<p><div class=\"et_pb_module lwp_divi_breadcrumbs lwp_divi_breadcrumbs_0\">\n\t\t\t\t\n\t\t\t\t\n\t\t\t\t\n\t\t\t\t\n\t\t\t\t\n\t\t\t\t\n\t\t\t\t<div class=\"et_pb_module_inner\">\n\t\t\t\t\t<div class=\"lwp-breadcrumbs\"> <span class=\"before\"><\/span> <span vocab=\"https:\/\/schema.org\/\" typeof=\"BreadcrumbList\"><span property=\"itemListElement\" typeof=\"ListItem\"><a property=\"item\" typeof=\"WebPage\" href=\"https:\/\/pinova-meteo.com\/de\" class=\"home\"><span property=\"name\">Startseite<\/span><\/a><meta property=\"position\" content=\"1\"><\/span> <span class=\"separator et-pb-icon\">&#x2f;<\/span> <\/span><\/div>\n\t\t\t\t<\/div>\n\t\t\t<\/div>Risnjak d.o.o.Die Risnjak GmbH wurde 2001 gegr\u00fcndet. Ihr Kerngesch\u00e4ft ist die Obstproduktion, die jedes Jahr im Einklang mit den neuesten globalen Trends w\u00e4chst. Sie setzen modernste Technologien im Obstbau ein, was sich in beeindruckenden Ertr\u00e4gen und Qualit\u00e4ten zeigt, die [&hellip;]<\/p>\n","protected":false},"author":2,"featured_media":0,"parent":5035,"menu_order":0,"comment_status":"closed","ping_status":"closed","template":"","meta":{"_et_pb_use_builder":"on","_et_pb_old_content":"<!-- wp:divi\/placeholder \/-->","_et_gb_content_width":"","footnotes":""},"class_list":["post-5037","page","type-page","status-publish","hentry"],"yoast_head":"<!-- This site is optimized with the Yoast SEO plugin v23.0 - https:\/\/yoast.com\/wordpress\/plugins\/seo\/ -->\n<title>Risnjak d.o.o. - Pinova Meteo<\/title>\n<meta name=\"robots\" content=\"index, follow, max-snippet:-1, max-image-preview:large, max-video-preview:-1\" \/>\n<link rel=\"canonical\" href=\"https:\/\/pinova-meteo.com\/de\/referenzen\/risnjak-d-o-o\" \/>\n<meta property=\"og:locale\" content=\"de_DE\" \/>\n<meta property=\"og:type\" content=\"article\" \/>\n<meta property=\"og:title\" content=\"Risnjak d.o.o. - Pinova Meteo\" \/>\n<meta property=\"og:description\" content=\"Risnjak d.o.o.Die Risnjak GmbH wurde 2001 gegr\u00fcndet. Ihr Kerngesch\u00e4ft ist die Obstproduktion, die jedes Jahr im Einklang mit den neuesten globalen Trends w\u00e4chst. Sie setzen modernste Technologien im Obstbau ein, was sich in beeindruckenden Ertr\u00e4gen und Qualit\u00e4ten zeigt, die [&hellip;]\" \/>\n<meta property=\"og:url\" content=\"https:\/\/pinova-meteo.com\/de\/referenzen\/risnjak-d-o-o\" \/>\n<meta property=\"og:site_name\" content=\"Pinova Meteo\" \/>\n<meta property=\"article:modified_time\" content=\"2025-07-24T14:06:06+00:00\" \/>\n<meta name=\"twitter:card\" content=\"summary_large_image\" \/>\n<script type=\"application\/ld+json\" class=\"yoast-schema-graph\">{\"@context\":\"https:\/\/schema.org\",\"@graph\":[{\"@type\":\"WebPage\",\"@id\":\"https:\/\/pinova-meteo.com\/de\/referenzen\/risnjak-d-o-o\",\"url\":\"https:\/\/pinova-meteo.com\/de\/referenzen\/risnjak-d-o-o\",\"name\":\"Risnjak d.o.o. - Pinova Meteo\",\"isPartOf\":{\"@id\":\"https:\/\/pinova-meteo.com\/de#website\"},\"datePublished\":\"2024-05-24T08:22:14+00:00\",\"dateModified\":\"2025-07-24T14:06:06+00:00\",\"breadcrumb\":{\"@id\":\"https:\/\/pinova-meteo.com\/de\/referenzen\/risnjak-d-o-o#breadcrumb\"},\"inLanguage\":\"de\",\"potentialAction\":[{\"@type\":\"ReadAction\",\"target\":[\"https:\/\/pinova-meteo.com\/de\/referenzen\/risnjak-d-o-o\"]}]},{\"@type\":\"BreadcrumbList\",\"@id\":\"https:\/\/pinova-meteo.com\/de\/referenzen\/risnjak-d-o-o#breadcrumb\",\"itemListElement\":[{\"@type\":\"ListItem\",\"position\":1,\"name\":\"Po\u010detna stranica\",\"item\":\"https:\/\/pinova-meteo.com\/de\"},{\"@type\":\"ListItem\",\"position\":2,\"name\":\"Referenzen\",\"item\":\"https:\/\/pinova-meteo.com\/de\/referenzen\"},{\"@type\":\"ListItem\",\"position\":3,\"name\":\"Risnjak d.o.o.\"}]},{\"@type\":\"WebSite\",\"@id\":\"https:\/\/pinova-meteo.com\/de#website\",\"url\":\"https:\/\/pinova-meteo.com\/de\",\"name\":\"Pinova Meteo\",\"description\":\"\",\"potentialAction\":[{\"@type\":\"SearchAction\",\"target\":{\"@type\":\"EntryPoint\",\"urlTemplate\":\"https:\/\/pinova-meteo.com\/de?s={search_term_string}\"},\"query-input\":\"required name=search_term_string\"}],\"inLanguage\":\"de\"}]}<\/script>\n<!-- \/ Yoast SEO plugin. -->","yoast_head_json":{"title":"Risnjak d.o.o. - Pinova Meteo","robots":{"index":"index","follow":"follow","max-snippet":"max-snippet:-1","max-image-preview":"max-image-preview:large","max-video-preview":"max-video-preview:-1"},"canonical":"https:\/\/pinova-meteo.com\/de\/referenzen\/risnjak-d-o-o","og_locale":"de_DE","og_type":"article","og_title":"Risnjak d.o.o. - Pinova Meteo","og_description":"Risnjak d.o.o.Die Risnjak GmbH wurde 2001 gegr\u00fcndet. Ihr Kerngesch\u00e4ft ist die Obstproduktion, die jedes Jahr im Einklang mit den neuesten globalen Trends w\u00e4chst. Sie setzen modernste Technologien im Obstbau ein, was sich in beeindruckenden Ertr\u00e4gen und Qualit\u00e4ten zeigt, die [&hellip;]","og_url":"https:\/\/pinova-meteo.com\/de\/referenzen\/risnjak-d-o-o","og_site_name":"Pinova Meteo","article_modified_time":"2025-07-24T14:06:06+00:00","twitter_card":"summary_large_image","schema":{"@context":"https:\/\/schema.org","@graph":[{"@type":"WebPage","@id":"https:\/\/pinova-meteo.com\/de\/referenzen\/risnjak-d-o-o","url":"https:\/\/pinova-meteo.com\/de\/referenzen\/risnjak-d-o-o","name":"Risnjak d.o.o. - Pinova Meteo","isPartOf":{"@id":"https:\/\/pinova-meteo.com\/de#website"},"datePublished":"2024-05-24T08:22:14+00:00","dateModified":"2025-07-24T14:06:06+00:00","breadcrumb":{"@id":"https:\/\/pinova-meteo.com\/de\/referenzen\/risnjak-d-o-o#breadcrumb"},"inLanguage":"de","potentialAction":[{"@type":"ReadAction","target":["https:\/\/pinova-meteo.com\/de\/referenzen\/risnjak-d-o-o"]}]},{"@type":"BreadcrumbList","@id":"https:\/\/pinova-meteo.com\/de\/referenzen\/risnjak-d-o-o#breadcrumb","itemListElement":[{"@type":"ListItem","position":1,"name":"Po\u010detna stranica","item":"https:\/\/pinova-meteo.com\/de"},{"@type":"ListItem","position":2,"name":"Referenzen","item":"https:\/\/pinova-meteo.com\/de\/referenzen"},{"@type":"ListItem","position":3,"name":"Risnjak d.o.o."}]},{"@type":"WebSite","@id":"https:\/\/pinova-meteo.com\/de#website","url":"https:\/\/pinova-meteo.com\/de","name":"Pinova Meteo","description":"","potentialAction":[{"@type":"SearchAction","target":{"@type":"EntryPoint","urlTemplate":"https:\/\/pinova-meteo.com\/de?s={search_term_string}"},"query-input":"required name=search_term_string"}],"inLanguage":"de"}]}},"_links":{"self":[{"href":"https:\/\/pinova-meteo.com\/de\/wp-json\/wp\/v2\/pages\/5037","targetHints":{"allow":["GET"]}}],"collection":[{"href":"https:\/\/pinova-meteo.com\/de\/wp-json\/wp\/v2\/pages"}],"about":[{"href":"https:\/\/pinova-meteo.com\/de\/wp-json\/wp\/v2\/types\/page"}],"author":[{"embeddable":true,"href":"https:\/\/pinova-meteo.com\/de\/wp-json\/wp\/v2\/users\/2"}],"replies":[{"embeddable":true,"href":"https:\/\/pinova-meteo.com\/de\/wp-json\/wp\/v2\/comments?post=5037"}],"version-history":[{"count":1,"href":"https:\/\/pinova-meteo.com\/de\/wp-json\/wp\/v2\/pages\/5037\/revisions"}],"predecessor-version":[{"id":5137,"href":"https:\/\/pinova-meteo.com\/de\/wp-json\/wp\/v2\/pages\/5037\/revisions\/5137"}],"up":[{"embeddable":true,"href":"https:\/\/pinova-meteo.com\/de\/wp-json\/wp\/v2\/pages\/5035"}],"wp:attachment":[{"href":"https:\/\/pinova-meteo.com\/de\/wp-json\/wp\/v2\/media?parent=5037"}],"curies":[{"name":"wp","href":"https:\/\/api.w.org\/{rel}","templated":true}]}}