{"id":5039,"date":"2024-05-24T10:23:36","date_gmt":"2024-05-24T08:23:36","guid":{"rendered":"https:\/\/pinova-meteo.com\/reference\/vina-matosevic"},"modified":"2025-07-24T16:13:48","modified_gmt":"2025-07-24T14:13:48","slug":"vina-matosevic","status":"publish","type":"page","link":"https:\/\/pinova-meteo.com\/de\/referenzen\/vina-matosevic","title":{"rendered":"Vina Mato\u0161evi\u0107"},"content":{"rendered":"<p>[et_pb_section fb_built=&#8220;1&#8243; disabled_on=&#8220;on|on|off&#8220; _builder_version=&#8220;4.24.3&#8243; _module_preset=&#8220;default&#8220; background_image=&#8220;https:\/\/pinova-meteo.com\/wp-content\/uploads\/2024\/06\/pinova-meteo-reference-header.png&#8220; height=&#8220;370px&#8220; custom_margin=&#8220;0px||0px||false|false&#8220; custom_padding=&#8220;0px||0px||false|false&#8220; border_radii=&#8220;off|||60px|60px&#8220; locked=&#8220;off&#8220; global_colors_info=&#8220;{}&#8220;][\/et_pb_section][et_pb_section fb_built=&#8220;1&#8243; _builder_version=&#8220;4.24.3&#8243; _module_preset=&#8220;default&#8220; background_color=&#8220;RGBA(255,255,255,0)&#8220; custom_margin=&#8220;-290px||||false|false&#8220; custom_margin_tablet=&#8220;32px||||false|false&#8220; custom_margin_phone=&#8220;32px||||false|false&#8220; custom_margin_last_edited=&#8220;on|tablet&#8220; custom_padding=&#8220;0px||80px||false|false&#8220; locked=&#8220;off&#8220; global_colors_info=&#8220;{}&#8220;][et_pb_row column_structure=&#8220;3_4,1_4&#8243; _builder_version=&#8220;4.24.3&#8243; _module_preset=&#8220;default&#8220; width=&#8220;90%&#8220; custom_margin_tablet=&#8220;122px||||false|false&#8220; custom_margin_last_edited=&#8220;off|desktop&#8220; custom_padding=&#8220;0px||0px||false|false&#8220; global_colors_info=&#8220;{}&#8220;][et_pb_column type=&#8220;3_4&#8243; module_class=&#8220;pm-pip-col-1&#8243; _builder_version=&#8220;4.24.3&#8243; _module_preset=&#8220;default&#8220; background_color=&#8220;#FFFFFF&#8220; custom_padding=&#8220;40px|40px|40px|40px|true|true&#8220; custom_padding_tablet=&#8220;0px|0px|0px|0px|true|true&#8220; custom_padding_phone=&#8220;0px|0px|0px|0px|true|true&#8220; custom_padding_last_edited=&#8220;on|phone&#8220; custom_css_main_element=&#8220;@media (min-width: 981px) {||  box-shadow: 0px 4px 44px 0px #00000040;||||}&#8220; border_radii=&#8220;on|16px|16px|16px|16px&#8220; border_radii_tablet=&#8220;on|0px|0px|0px|0px&#8220; border_radii_phone=&#8220;on|0px|0px|0px|0px&#8220; border_radii_last_edited=&#8220;on|phone&#8220; global_colors_info=&#8220;{}&#8220;][lwp_divi_breadcrumbs home_text=&#8220;Startseite&#8220; font_icon=&#8220;&#x2f;||divi||400&#8243; link_color=&#8220;#0b0f05&#8243; current_text_color=&#8220;#012169&#8243; _builder_version=&#8220;4.27.0&#8243; _module_preset=&#8220;default&#8220; hover_enabled=&#8220;0&#8243; custom_css_free_form=&#8220;.lwp-breadcrumbs span.separator {||  font-family: &#8218;Questrial&#8216;,Helvetica,Arial,Lucida,sans-serif !important;||}&#8220; locked=&#8220;off&#8220; global_colors_info=&#8220;{}&#8220; sticky_enabled=&#8220;0&#8243;][\/lwp_divi_breadcrumbs][et_pb_text _builder_version=&#8220;4.24.3&#8243; _module_preset=&#8220;default&#8220; header_font=&#8220;Raleway|700|||||||&#8220; header_text_color=&#8220;#0b0f05&#8243; header_font_size=&#8220;48px&#8220; header_line_height=&#8220;56px&#8220; custom_margin=&#8220;||22px||false|false&#8220; custom_margin_tablet=&#8220;||0px||false|false&#8220; custom_margin_phone=&#8220;||0px||false|false&#8220; custom_margin_last_edited=&#8220;on|tablet&#8220; header_font_size_tablet=&#8220;36px&#8220; header_font_size_phone=&#8220;24px&#8220; header_font_size_last_edited=&#8220;on|tablet&#8220; header_line_height_tablet=&#8220;40px&#8220; header_line_height_phone=&#8220;28px&#8220; header_line_height_last_edited=&#8220;on|tablet&#8220; global_colors_info=&#8220;{}&#8220;]<\/p>\n<h1>Vina Mato\u0161evi\u0107<\/h1>\n<p>[\/et_pb_text][et_pb_text _builder_version=&#8220;4.27.0&#8243; _module_preset=&#8220;default&#8220; text_font=&#8220;Questrial||||||||&#8220; text_text_color=&#8220;#0b0f05&#8243; text_line_height=&#8220;26px&#8220; ol_font=&#8220;Questrial||||||||&#8220; ol_text_color=&#8220;#0b0f05&#8243; ol_font_size=&#8220;18px&#8220; ol_line_height=&#8220;26px&#8220; custom_margin=&#8220;||0px||false|false&#8220; custom_padding=&#8220;||0px||false|false&#8220; hover_enabled=&#8220;0&#8243; text_font_size_tablet=&#8220;&#8220; text_font_size_phone=&#8220;16px&#8220; text_font_size_last_edited=&#8220;on|phone&#8220; text_line_height_tablet=&#8220;26px&#8220; text_line_height_phone=&#8220;24px&#8220; text_line_height_last_edited=&#8220;on|phone&#8220; ol_font_size_tablet=&#8220;18px&#8220; ol_font_size_phone=&#8220;16px&#8220; ol_font_size_last_edited=&#8220;on|desktop&#8220; ol_line_height_tablet=&#8220;26px&#8220; ol_line_height_phone=&#8220;24px&#8220; ol_line_height_last_edited=&#8220;on|phone&#8220; custom_css_free_form=&#8220;strong {||  font-family: Raleway;||  font-weight: 700;||}&#8220; global_colors_info=&#8220;{}&#8220; sticky_enabled=&#8220;0&#8243;]<\/p>\n<p style=\"padding-bottom: 16px;\">Unter den vielen gesch\u00e4tzten Winzern Istriens nehmen Vina Mato\u0161evi\u0107 mit ihrem Wein und ihren Weinbergen einen besonderen Platz ein, die sich im Nordwesten Istriens in der Region Buje und in Zentralistrien bei Grimalda befinden. Die Trauben, die sp\u00e4ter ihre Geschichte aus der Flasche weitererz\u00e4hlen, mussten urspr\u00fcnglich mit gro\u00dfer Sorgfalt unter freiem Himmel angebaut werden.<\/p>\n<p style=\"padding-bottom: 16px;\">Um die Agrotechnik so pr\u00e4zise wie m\u00f6glich durchzuf\u00fchren, nutzt Ivica Mato\u0161evi\u0107 die \u201ePinova Meteo\u201c-Station.<\/p>\n<p>[\/et_pb_text][et_pb_text _builder_version=&#8220;4.24.3&#8243; _module_preset=&#8220;default&#8220; text_font=&#8220;Questrial||||||||&#8220; text_text_color=&#8220;#0b0f05&#8243; text_line_height=&#8220;26px&#8220; header_3_font=&#8220;Raleway|700|||||||&#8220; header_3_text_color=&#8220;#0b0f05&#8243; header_3_line_height=&#8220;26px&#8220; background_color=&#8220;#f1f1f1&#8243; custom_margin=&#8220;||0px||false|false&#8220; custom_margin_tablet=&#8220;||40px||false|false&#8220; custom_margin_phone=&#8220;||32px||false|false&#8220; custom_margin_last_edited=&#8220;on|phone&#8220; custom_padding=&#8220;24px|24px|24px|24px|true|true&#8220; text_font_size_tablet=&#8220;&#8220; text_font_size_phone=&#8220;16px&#8220; text_font_size_last_edited=&#8220;on|phone&#8220; text_line_height_tablet=&#8220;26px&#8220; text_line_height_phone=&#8220;24px&#8220; text_line_height_last_edited=&#8220;on|phone&#8220; header_font_size_tablet=&#8220;24px&#8220; header_font_size_last_edited=&#8220;off|desktop&#8220; header_line_height_tablet=&#8220;18px&#8220; header_line_height_phone=&#8220;14px&#8220; header_line_height_last_edited=&#8220;off|desktop&#8220; header_3_font_size_tablet=&#8220;&#8220; header_3_font_size_phone=&#8220;18px&#8220; header_3_font_size_last_edited=&#8220;on|phone&#8220; header_3_line_height_tablet=&#8220;26px&#8220; header_3_line_height_phone=&#8220;22px&#8220; header_3_line_height_last_edited=&#8220;on|phone&#8220; border_radii=&#8220;on|32px|32px|32px|32px&#8220; locked=&#8220;off&#8220; global_colors_info=&#8220;{}&#8220;]<\/p>\n<p><em>&#8222;Ich habe zwei Weinberge an verschiedenen Standorten, und es ist schwierig, die Wetterbedingungen an beiden Orten zu \u00fcberwachen. Die Pinova Meteo Station erleichtert dies enorm. Sie unterst\u00fctzt mich bei Pflanzenschutzentscheidungen, und wir erw\u00e4gen bereits Bew\u00e4sserung. Aus den Daten vergangener Jahre haben wir festgestellt, dass in bestimmten Vegetationsphasen Niederschl\u00e4ge fehlen. Sobald wir bew\u00e4ssern, werden wir nicht mehr nach Gef\u00fchl, sondern nach globalen Standards und basierend auf Evapotranspiration vorgehen.&#8220;<\/em><\/p>\n<p style=\"text-align: right;\"><strong>Dr. sc. Ivica Mato\u0161evi\u0107<\/strong><\/p>\n<p>[\/et_pb_text][\/et_pb_column][et_pb_column type=&#8220;1_4&#8243; module_class=&#8220;pm-pip-col-1&#8243; _builder_version=&#8220;4.24.3&#8243; _module_preset=&#8220;default&#8220; background_color=&#8220;#FFFFFF&#8220; custom_padding=&#8220;40px|40px|40px|40px|true|true&#8220; custom_padding_tablet=&#8220;0px|0px|0px|0px|true|true&#8220; custom_padding_phone=&#8220;0px|0px|0px|0px|true|true&#8220; custom_padding_last_edited=&#8220;on|phone&#8220; custom_css_main_element=&#8220;opacity: 0;||pointer-events: none;&#8220; border_radii=&#8220;on|16px|16px|16px|16px&#8220; border_radii_tablet=&#8220;on|0px|0px|0px|0px&#8220; border_radii_phone=&#8220;on|0px|0px|0px|0px&#8220; border_radii_last_edited=&#8220;on|phone&#8220; global_colors_info=&#8220;{}&#8220;][\/et_pb_column][\/et_pb_row][\/et_pb_section]<\/p>\n","protected":false},"excerpt":{"rendered":"<p><div class=\"et_pb_module lwp_divi_breadcrumbs lwp_divi_breadcrumbs_0\">\n\t\t\t\t\n\t\t\t\t\n\t\t\t\t\n\t\t\t\t\n\t\t\t\t\n\t\t\t\t\n\t\t\t\t<div class=\"et_pb_module_inner\">\n\t\t\t\t\t<div class=\"lwp-breadcrumbs\"> <span class=\"before\"><\/span> <span vocab=\"https:\/\/schema.org\/\" typeof=\"BreadcrumbList\"><span property=\"itemListElement\" typeof=\"ListItem\"><a property=\"item\" typeof=\"WebPage\" href=\"https:\/\/pinova-meteo.com\/de\" class=\"home\"><span property=\"name\">Startseite<\/span><\/a><meta property=\"position\" content=\"1\"><\/span> <span class=\"separator et-pb-icon\">&#x2f;<\/span> <\/span><\/div>\n\t\t\t\t<\/div>\n\t\t\t<\/div>Vina Mato\u0161evi\u0107Unter den vielen gesch\u00e4tzten Winzern Istriens nehmen Vina Mato\u0161evi\u0107 mit ihrem Wein und ihren Weinbergen einen besonderen Platz ein, die sich im Nordwesten Istriens in der Region Buje und in Zentralistrien bei Grimalda befinden. Die Trauben, die sp\u00e4ter [&hellip;]<\/p>\n","protected":false},"author":2,"featured_media":0,"parent":5035,"menu_order":0,"comment_status":"closed","ping_status":"closed","template":"","meta":{"_et_pb_use_builder":"on","_et_pb_old_content":"<!-- wp:divi\/placeholder \/-->","_et_gb_content_width":"","footnotes":""},"class_list":["post-5039","page","type-page","status-publish","hentry"],"yoast_head":"<!-- This site is optimized with the Yoast SEO plugin v23.0 - https:\/\/yoast.com\/wordpress\/plugins\/seo\/ -->\n<title>Vina Mato\u0161evi\u0107 - Pinova Meteo<\/title>\n<meta name=\"robots\" content=\"index, follow, max-snippet:-1, max-image-preview:large, max-video-preview:-1\" \/>\n<link rel=\"canonical\" href=\"https:\/\/pinova-meteo.com\/de\/referenzen\/vina-matosevic\" \/>\n<meta property=\"og:locale\" content=\"de_DE\" \/>\n<meta property=\"og:type\" content=\"article\" \/>\n<meta property=\"og:title\" content=\"Vina Mato\u0161evi\u0107 - Pinova Meteo\" \/>\n<meta property=\"og:description\" content=\"Vina Mato\u0161evi\u0107Unter den vielen gesch\u00e4tzten Winzern Istriens nehmen Vina Mato\u0161evi\u0107 mit ihrem Wein und ihren Weinbergen einen besonderen Platz ein, die sich im Nordwesten Istriens in der Region Buje und in Zentralistrien bei Grimalda befinden. Die Trauben, die sp\u00e4ter [&hellip;]\" \/>\n<meta property=\"og:url\" content=\"https:\/\/pinova-meteo.com\/de\/referenzen\/vina-matosevic\" \/>\n<meta property=\"og:site_name\" content=\"Pinova Meteo\" \/>\n<meta property=\"article:modified_time\" content=\"2025-07-24T14:13:48+00:00\" \/>\n<meta name=\"twitter:card\" content=\"summary_large_image\" \/>\n<script type=\"application\/ld+json\" class=\"yoast-schema-graph\">{\"@context\":\"https:\/\/schema.org\",\"@graph\":[{\"@type\":\"WebPage\",\"@id\":\"https:\/\/pinova-meteo.com\/de\/referenzen\/vina-matosevic\",\"url\":\"https:\/\/pinova-meteo.com\/de\/referenzen\/vina-matosevic\",\"name\":\"Vina Mato\u0161evi\u0107 - Pinova Meteo\",\"isPartOf\":{\"@id\":\"https:\/\/pinova-meteo.com\/de#website\"},\"datePublished\":\"2024-05-24T08:23:36+00:00\",\"dateModified\":\"2025-07-24T14:13:48+00:00\",\"breadcrumb\":{\"@id\":\"https:\/\/pinova-meteo.com\/de\/referenzen\/vina-matosevic#breadcrumb\"},\"inLanguage\":\"de\",\"potentialAction\":[{\"@type\":\"ReadAction\",\"target\":[\"https:\/\/pinova-meteo.com\/de\/referenzen\/vina-matosevic\"]}]},{\"@type\":\"BreadcrumbList\",\"@id\":\"https:\/\/pinova-meteo.com\/de\/referenzen\/vina-matosevic#breadcrumb\",\"itemListElement\":[{\"@type\":\"ListItem\",\"position\":1,\"name\":\"Po\u010detna stranica\",\"item\":\"https:\/\/pinova-meteo.com\/de\"},{\"@type\":\"ListItem\",\"position\":2,\"name\":\"Referenzen\",\"item\":\"https:\/\/pinova-meteo.com\/de\/referenzen\"},{\"@type\":\"ListItem\",\"position\":3,\"name\":\"Vina Mato\u0161evi\u0107\"}]},{\"@type\":\"WebSite\",\"@id\":\"https:\/\/pinova-meteo.com\/de#website\",\"url\":\"https:\/\/pinova-meteo.com\/de\",\"name\":\"Pinova Meteo\",\"description\":\"\",\"potentialAction\":[{\"@type\":\"SearchAction\",\"target\":{\"@type\":\"EntryPoint\",\"urlTemplate\":\"https:\/\/pinova-meteo.com\/de?s={search_term_string}\"},\"query-input\":\"required name=search_term_string\"}],\"inLanguage\":\"de\"}]}<\/script>\n<!-- \/ Yoast SEO plugin. -->","yoast_head_json":{"title":"Vina Mato\u0161evi\u0107 - Pinova Meteo","robots":{"index":"index","follow":"follow","max-snippet":"max-snippet:-1","max-image-preview":"max-image-preview:large","max-video-preview":"max-video-preview:-1"},"canonical":"https:\/\/pinova-meteo.com\/de\/referenzen\/vina-matosevic","og_locale":"de_DE","og_type":"article","og_title":"Vina Mato\u0161evi\u0107 - Pinova Meteo","og_description":"Vina Mato\u0161evi\u0107Unter den vielen gesch\u00e4tzten Winzern Istriens nehmen Vina Mato\u0161evi\u0107 mit ihrem Wein und ihren Weinbergen einen besonderen Platz ein, die sich im Nordwesten Istriens in der Region Buje und in Zentralistrien bei Grimalda befinden. Die Trauben, die sp\u00e4ter [&hellip;]","og_url":"https:\/\/pinova-meteo.com\/de\/referenzen\/vina-matosevic","og_site_name":"Pinova Meteo","article_modified_time":"2025-07-24T14:13:48+00:00","twitter_card":"summary_large_image","schema":{"@context":"https:\/\/schema.org","@graph":[{"@type":"WebPage","@id":"https:\/\/pinova-meteo.com\/de\/referenzen\/vina-matosevic","url":"https:\/\/pinova-meteo.com\/de\/referenzen\/vina-matosevic","name":"Vina Mato\u0161evi\u0107 - Pinova Meteo","isPartOf":{"@id":"https:\/\/pinova-meteo.com\/de#website"},"datePublished":"2024-05-24T08:23:36+00:00","dateModified":"2025-07-24T14:13:48+00:00","breadcrumb":{"@id":"https:\/\/pinova-meteo.com\/de\/referenzen\/vina-matosevic#breadcrumb"},"inLanguage":"de","potentialAction":[{"@type":"ReadAction","target":["https:\/\/pinova-meteo.com\/de\/referenzen\/vina-matosevic"]}]},{"@type":"BreadcrumbList","@id":"https:\/\/pinova-meteo.com\/de\/referenzen\/vina-matosevic#breadcrumb","itemListElement":[{"@type":"ListItem","position":1,"name":"Po\u010detna stranica","item":"https:\/\/pinova-meteo.com\/de"},{"@type":"ListItem","position":2,"name":"Referenzen","item":"https:\/\/pinova-meteo.com\/de\/referenzen"},{"@type":"ListItem","position":3,"name":"Vina Mato\u0161evi\u0107"}]},{"@type":"WebSite","@id":"https:\/\/pinova-meteo.com\/de#website","url":"https:\/\/pinova-meteo.com\/de","name":"Pinova Meteo","description":"","potentialAction":[{"@type":"SearchAction","target":{"@type":"EntryPoint","urlTemplate":"https:\/\/pinova-meteo.com\/de?s={search_term_string}"},"query-input":"required name=search_term_string"}],"inLanguage":"de"}]}},"_links":{"self":[{"href":"https:\/\/pinova-meteo.com\/de\/wp-json\/wp\/v2\/pages\/5039","targetHints":{"allow":["GET"]}}],"collection":[{"href":"https:\/\/pinova-meteo.com\/de\/wp-json\/wp\/v2\/pages"}],"about":[{"href":"https:\/\/pinova-meteo.com\/de\/wp-json\/wp\/v2\/types\/page"}],"author":[{"embeddable":true,"href":"https:\/\/pinova-meteo.com\/de\/wp-json\/wp\/v2\/users\/2"}],"replies":[{"embeddable":true,"href":"https:\/\/pinova-meteo.com\/de\/wp-json\/wp\/v2\/comments?post=5039"}],"version-history":[{"count":1,"href":"https:\/\/pinova-meteo.com\/de\/wp-json\/wp\/v2\/pages\/5039\/revisions"}],"predecessor-version":[{"id":5140,"href":"https:\/\/pinova-meteo.com\/de\/wp-json\/wp\/v2\/pages\/5039\/revisions\/5140"}],"up":[{"embeddable":true,"href":"https:\/\/pinova-meteo.com\/de\/wp-json\/wp\/v2\/pages\/5035"}],"wp:attachment":[{"href":"https:\/\/pinova-meteo.com\/de\/wp-json\/wp\/v2\/media?parent=5039"}],"curies":[{"name":"wp","href":"https:\/\/api.w.org\/{rel}","templated":true}]}}