{"id":5040,"date":"2024-06-04T09:01:07","date_gmt":"2024-06-04T07:01:07","guid":{"rendered":"https:\/\/pinova-meteo.com\/izjava-o-privatnosti-eu"},"modified":"2025-07-24T15:38:54","modified_gmt":"2025-07-24T13:38:54","slug":"datenschutzrichtlinie","status":"publish","type":"page","link":"https:\/\/pinova-meteo.com\/de\/datenschutzrichtlinie","title":{"rendered":"Datenschutzrichtlinie"},"content":{"rendered":"<p>[et_pb_section fb_built=&#8220;1&#8243; custom_padding_last_edited=&#8220;on|tablet&#8220; _builder_version=&#8220;4.24.3&#8243; _module_preset=&#8220;default&#8220; background_color=&#8220;#FFFFFF&#8220; custom_padding=&#8220;80px||80px||false|false&#8220; custom_padding_tablet=&#8220;48px||48px||false|false&#8220; custom_padding_phone=&#8220;48px||48px||false|false&#8220; global_colors_info=&#8220;{}&#8220;][et_pb_row _builder_version=&#8220;4.24.3&#8243; _module_preset=&#8220;default&#8220; width=&#8220;90%&#8220; custom_padding=&#8220;0px||0px||false|false&#8220; global_colors_info=&#8220;{}&#8220;][et_pb_column type=&#8220;4_4&#8243; _builder_version=&#8220;4.24.3&#8243; _module_preset=&#8220;default&#8220; global_colors_info=&#8220;{}&#8220;][et_pb_text _builder_version=&#8220;4.24.3&#8243; _module_preset=&#8220;default&#8220; header_font=&#8220;|700|||||||&#8220; header_font_size=&#8220;48px&#8220; header_font_size_tablet=&#8220;32px&#8220; header_font_size_phone=&#8220;24px&#8220; header_font_size_last_edited=&#8220;on|phone&#8220; global_colors_info=&#8220;{}&#8220;]<\/p>\n<h1>Datenschutzrichtlinie<\/h1>\n<p>[\/et_pb_text][\/et_pb_column][\/et_pb_row][et_pb_row _builder_version=&#8220;4.24.3&#8243; _module_preset=&#8220;default&#8220; width=&#8220;90%&#8220; custom_padding=&#8220;0px||0px||false|false&#8220; global_colors_info=&#8220;{}&#8220;][et_pb_column type=&#8220;4_4&#8243; _builder_version=&#8220;4.24.3&#8243; _module_preset=&#8220;default&#8220; global_colors_info=&#8220;{}&#8220;][et_pb_text module_class=&#8220;pinova-meteo-txt-202&#8243; _builder_version=&#8220;4.27.0&#8243; _module_preset=&#8220;default&#8220; hover_enabled=&#8220;0&#8243; global_colors_info=&#8220;{}&#8220; sticky_enabled=&#8220;0&#8243;]<\/p>\n<p>In dieser Datenschutzerkl\u00e4rung erl\u00e4utern wir, was wir mit den Daten tun, die wir \u00fcber Sie \u00fcber <a href=\"https:\/\/pinova-meteo.com\">https:\/\/pinova-meteo.com<\/a> erhalten. Wir empfehlen Ihnen, diese Erkl\u00e4rung sorgf\u00e4ltig zu lesen. Bei unserer Verarbeitung halten wir uns an die Anforderungen des Datenschutzgesetzes. Das bedeutet unter anderem, dass wir:<\/p>\n<ul>\n<li>klar angeben, zu welchen Zwecken wir personenbezogene Daten verarbeiten. Dies geschieht mithilfe dieser Datenschutzerkl\u00e4rung;<\/li>\n<li>bestrebt sind, die Erfassung personenbezogener Daten auf die f\u00fcr legitime Zwecke erforderlichen personenbezogenen Daten zu beschr\u00e4nken;<\/li>\n<li>Sie zuerst um Ihre ausdr\u00fcckliche Einwilligung zur Verarbeitung Ihrer personenbezogenen Daten bitten, in F\u00e4llen, in denen Ihre Einwilligung erforderlich ist;<\/li>\n<li>geeignete Sicherheitsma\u00dfnahmen ergreifen, um Ihre personenbezogenen Daten zu sch\u00fctzen, und dies auch von Parteien verlangen, die personenbezogene Daten in unserem Auftrag verarbeiten;<\/li>\n<li>Ihr Recht respektieren, auf Ihre personenbezogenen Daten zuzugreifen oder diese auf Ihre Anfrage hin zu berichtigen oder zu l\u00f6schen.<\/li>\n<\/ul>\n<p>Wenn Sie Fragen haben oder genau wissen m\u00f6chten, welche Daten wir \u00fcber Sie speichern, kontaktieren Sie uns bitte.<\/p>\n<h2>1. Zweck, Daten und Aufbewahrungsfrist<\/h2>\n<p>Wir k\u00f6nnen personenbezogene Daten f\u00fcr eine Reihe von Zwecken im Zusammenhang mit unserem Gesch\u00e4ft sammeln oder erhalten, die Folgendes umfassen k\u00f6nnen:<\/p>\n<h3>1.1 Kontakt \u2013 per Telefon, Post, E-Mail und\/oder Webformulare<\/h3>\n<p>F\u00fcr diesen Zweck verwenden wir die folgenden Daten:<\/p>\n<ul>\n<li>Vor- und Nachname<\/li>\n<li>Wohn- oder andere physische Adresse, einschlie\u00dflich Stra\u00dfenname und Stadt-\/Ortsname<\/li>\n<li>E-Mail-Adresse<\/li>\n<li>Telefonnummer<\/li>\n<\/ul>\n<p>Die Rechtsgrundlage, auf der wir diese Daten verarbeiten d\u00fcrfen, ist: <a target=\"_blank\" rel=\"noopener noreferrer nofollow\" href=\"https:\/\/cookiedatabase.org\/legal-bases\/#consent\">Einwilligung.<\/a><\/p>\n<p>Aufbewahrungsfrist:<br \/>Nach Beendigung des Dienstes bewahren wir diese Daten f\u00fcr den folgenden Zeitraum auf: 1 Jahr.<\/p>\n<h2>2. Cookies<\/h2>\n<p>Unsere Website verwendet Cookies. Weitere Informationen zu Cookies finden Sie in unserer <a href=\"https:\/\/pinova-meteo.com\/de\/cookie-richtlinie-eu\">Cookie-Richtlinie (EU)<\/a>.<\/p>\n<h2>3. Offenlegungspraktiken<\/h2>\n<p>Wir legen personenbezogene Daten offen, wenn wir gesetzlich oder durch Gerichtsbeschluss dazu verpflichtet sind, als Antwort auf eine Anfrage einer Strafverfolgungsbeh\u00f6rde, soweit dies nach anderen gesetzlichen Bestimmungen zul\u00e4ssig ist, um Informationen bereitzustellen oder um einen Fall zu untersuchen, der die \u00f6ffentliche Sicherheit betrifft.<\/p>\n<p>If our website or organisation is taken over, sold, or involved in a merger or acquisition, your details may be disclosed to our advisers and any prospective purchasers and will be passed on to the new owners.<\/p>\n<p>Wir haben mit Google einen Datenverarbeitungsvertrag abgeschlossen.<\/p>\n<p>Google darf die Daten f\u00fcr keine anderen Google-Dienste verwenden.<\/p>\n<p>Wir blockieren die Einbindung der vollst\u00e4ndigen IP-Adresse.<\/p>\n<h2>4. Sicherheit<\/h2>\n<p>Wir setzen uns f\u00fcr die Sicherheit personenbezogener Daten ein. Wir ergreifen geeignete Sicherheitsma\u00dfnahmen, um Missbrauch und unbefugten Zugriff auf personenbezogene Daten zu beschr\u00e4nken. Dadurch wird sichergestellt, dass nur die erforderlichen Personen Zugriff auf Ihre Daten haben, der Zugriff auf Daten gesch\u00fctzt ist und unsere Sicherheitsma\u00dfnahmen regelm\u00e4\u00dfig \u00fcberpr\u00fcft werden.<\/p>\n<h2>5. Websites Dritter<\/h2>\n<p>Diese Datenschutzerkl\u00e4rung gilt nicht f\u00fcr Websites Dritter, die \u00fcber Links auf unserer Website verlinkt sind. Wir k\u00f6nnen nicht garantieren, dass diese Dritten Ihre personenbezogenen Daten zuverl\u00e4ssig oder sicher behandeln. Wir empfehlen Ihnen, die Datenschutzerkl\u00e4rungen dieser Websites zu lesen, bevor Sie sie nutzen.<\/p>\n<h2>6. \u00c4nderungen dieser Datenschutzerkl\u00e4rung<\/h2>\n<p>Wir behalten uns das Recht vor, \u00c4nderungen an dieser Datenschutzerkl\u00e4rung vorzunehmen. Es wird empfohlen, diese Datenschutzerkl\u00e4rung regelm\u00e4\u00dfig zu \u00fcberpr\u00fcfen, um \u00fcber etwaige \u00c4nderungen informiert zu sein. Dar\u00fcber hinaus werden wir Sie, wo immer m\u00f6glich, aktiv informieren.<\/p>\n<h2>7. Zugriff und \u00c4nderung Ihrer Daten<\/h2>\n<p>Wenn Sie Fragen haben oder wissen m\u00f6chten, welche personenbezogenen Daten wir \u00fcber Sie gespeichert haben, kontaktieren Sie uns bitte. Sie k\u00f6nnen uns \u00fcber die unten angegebenen Kontaktdaten erreichen. Sie haben folgende Rechte:<\/p>\n<ul>\n<li>Sie haben das Recht zu erfahren, warum Ihre personenbezogenen Daten ben\u00f6tigt werden, was mit ihnen geschieht und wie lange sie aufbewahrt werden.<\/li>\n<li>Recht auf Zugang: Sie haben das Recht, auf Ihre uns bekannten personenbezogenen Daten zuzugreifen.<\/li>\n<li>Recht auf Berichtigung: Sie haben das Recht, Ihre personenbezogenen Daten jederzeit zu erg\u00e4nzen, zu korrigieren, zu l\u00f6schen oder zu sperren.<\/li>\n<li>Wenn Sie uns Ihre Einwilligung zur Verarbeitung Ihrer Daten gegeben haben, haben Sie das Recht, diese Einwilligung zu widerrufen und die L\u00f6schung Ihrer personenbezogenen Daten zu verlangen.<\/li>\n<li>Recht auf Daten\u00fcbertragbarkeit: Sie haben das Recht, alle Ihre personenbezogenen Daten von einem Verantwortlichen anzufordern und diese vollst\u00e4ndig an einen anderen Verantwortlichen zu \u00fcbertragen.<\/li>\n<li>Widerspruchsrecht: Sie k\u00f6nnen der Verarbeitung Ihrer Daten widersprechen. Wir werden dies respektieren, es sei denn, es gibt berechtigte Gr\u00fcnde f\u00fcr die Verarbeitung.<\/li>\n<\/ul>\n<p>Bitte geben Sie immer klar an, wer Sie sind, damit wir sicherstellen k\u00f6nnen, dass wir keine Daten der falschen Person \u00e4ndern oder l\u00f6schen.<\/p>\n<h2>8. Einreichung einer Beschwerde<\/h2>\n<p>Sollten Sie mit der Art und Weise, wie wir Ihre personenbezogenen Daten verarbeiten (Beschwerde \u00fcber die Verarbeitung), nicht zufrieden sein, haben Sie das Recht, eine Beschwerde bei der Datenschutzbeh\u00f6rde einzureichen.<\/p>\n<h2>9. Datenschutzbeauftragter<\/h2>\n<p>Unser Datenschutzbeauftragter ist bei der Datenschutzbeh\u00f6rde im EU-Mitgliedstaat registriert. Wenn Sie Fragen oder Anfragen bez\u00fcglich dieser Datenschutzerkl\u00e4rung oder an den Datenschutzbeauftragten haben, k\u00f6nnen Sie Zoran Lovrek kontaktieren, entweder per E-Mail an pinova@pinova.hr oder telefonisch unter +385 91 241 0871.<\/p>\n<h2>10. Kontaktdaten<\/h2>\n<p>Pinova d.o.o.<br \/>Ul. dr. Vinka \u017dganca 46,<br \/>40000 \u2013 \u010cakovec, Kroatien<br \/>Website: <a href=\"https:\/\/pinova-meteo.com\">https:\/\/pinova-meteo.com<\/a><br \/>E-Mail: <a href=\"mailto:pinova@pinova.hr\" target=\"_blank\" rel=\"noopener\" title=\"pinova@pinova.hr\">pinova@pinova.hr<\/a><br \/>Telefonnummer: +385 40 499 425<\/p>\n<p><i>Diese Datenschutzerkl\u00e4rung wurde zuletzt am 6. Juni 2024 aktualisiert und gilt f\u00fcr B\u00fcrger und Personen mit st\u00e4ndigem Wohnsitz im Europ\u00e4ischen Wirtschaftsraum und der Schweiz.<\/i><\/p>\n<p>[\/et_pb_text][\/et_pb_column][\/et_pb_row][\/et_pb_section]<\/p>\n","protected":false},"excerpt":{"rendered":"<p>DatenschutzrichtlinieIn dieser Datenschutzerkl\u00e4rung erl\u00e4utern wir, was wir mit den Daten tun, die wir \u00fcber Sie \u00fcber https:\/\/pinova-meteo.com erhalten. Wir empfehlen Ihnen, diese Erkl\u00e4rung sorgf\u00e4ltig zu lesen. Bei unserer Verarbeitung halten wir uns an die Anforderungen des Datenschutzgesetzes. Das bedeutet unter anderem, dass wir: klar angeben, zu welchen Zwecken wir personenbezogene Daten verarbeiten. Dies geschieht mithilfe [&hellip;]<\/p>\n","protected":false},"author":3,"featured_media":0,"parent":0,"menu_order":0,"comment_status":"closed","ping_status":"closed","template":"","meta":{"_et_pb_use_builder":"on","_et_pb_old_content":"<!-- wp:complianz\/document {\"title\":\"Izjava o privatnosti (EU)\",\"selectedDocument\":\"privacy-statement\"} \/-->","_et_gb_content_width":"","footnotes":""},"class_list":["post-5040","page","type-page","status-publish","hentry"],"yoast_head":"<!-- This site is optimized with the Yoast SEO plugin v23.0 - https:\/\/yoast.com\/wordpress\/plugins\/seo\/ -->\n<title>Datenschutzrichtlinie - Pinova Meteo<\/title>\n<meta name=\"robots\" content=\"index, follow, max-snippet:-1, max-image-preview:large, max-video-preview:-1\" \/>\n<link rel=\"canonical\" href=\"https:\/\/pinova-meteo.com\/de\/datenschutzrichtlinie\" \/>\n<meta property=\"og:locale\" content=\"de_DE\" \/>\n<meta property=\"og:type\" content=\"article\" \/>\n<meta property=\"og:title\" content=\"Datenschutzrichtlinie - Pinova Meteo\" \/>\n<meta property=\"og:description\" content=\"DatenschutzrichtlinieIn dieser Datenschutzerkl\u00e4rung erl\u00e4utern wir, was wir mit den Daten tun, die wir \u00fcber Sie \u00fcber https:\/\/pinova-meteo.com erhalten. Wir empfehlen Ihnen, diese Erkl\u00e4rung sorgf\u00e4ltig zu lesen. Bei unserer Verarbeitung halten wir uns an die Anforderungen des Datenschutzgesetzes. Das bedeutet unter anderem, dass wir: klar angeben, zu welchen Zwecken wir personenbezogene Daten verarbeiten. Dies geschieht mithilfe [&hellip;]\" \/>\n<meta property=\"og:url\" content=\"https:\/\/pinova-meteo.com\/de\/datenschutzrichtlinie\" \/>\n<meta property=\"og:site_name\" content=\"Pinova Meteo\" \/>\n<meta property=\"article:modified_time\" content=\"2025-07-24T13:38:54+00:00\" \/>\n<meta name=\"twitter:card\" content=\"summary_large_image\" \/>\n<meta name=\"twitter:label1\" content=\"Gesch\u00e4tzte Lesezeit\" \/>\n\t<meta name=\"twitter:data1\" content=\"5\u00a0Minuten\" \/>\n<script type=\"application\/ld+json\" class=\"yoast-schema-graph\">{\"@context\":\"https:\/\/schema.org\",\"@graph\":[{\"@type\":\"WebPage\",\"@id\":\"https:\/\/pinova-meteo.com\/de\/datenschutzrichtlinie\",\"url\":\"https:\/\/pinova-meteo.com\/de\/datenschutzrichtlinie\",\"name\":\"Datenschutzrichtlinie - Pinova Meteo\",\"isPartOf\":{\"@id\":\"https:\/\/pinova-meteo.com\/de#website\"},\"datePublished\":\"2024-06-04T07:01:07+00:00\",\"dateModified\":\"2025-07-24T13:38:54+00:00\",\"breadcrumb\":{\"@id\":\"https:\/\/pinova-meteo.com\/de\/datenschutzrichtlinie#breadcrumb\"},\"inLanguage\":\"de\",\"potentialAction\":[{\"@type\":\"ReadAction\",\"target\":[\"https:\/\/pinova-meteo.com\/de\/datenschutzrichtlinie\"]}]},{\"@type\":\"BreadcrumbList\",\"@id\":\"https:\/\/pinova-meteo.com\/de\/datenschutzrichtlinie#breadcrumb\",\"itemListElement\":[{\"@type\":\"ListItem\",\"position\":1,\"name\":\"Po\u010detna stranica\",\"item\":\"https:\/\/pinova-meteo.com\/de\"},{\"@type\":\"ListItem\",\"position\":2,\"name\":\"Datenschutzrichtlinie\"}]},{\"@type\":\"WebSite\",\"@id\":\"https:\/\/pinova-meteo.com\/de#website\",\"url\":\"https:\/\/pinova-meteo.com\/de\",\"name\":\"Pinova Meteo\",\"description\":\"\",\"potentialAction\":[{\"@type\":\"SearchAction\",\"target\":{\"@type\":\"EntryPoint\",\"urlTemplate\":\"https:\/\/pinova-meteo.com\/de?s={search_term_string}\"},\"query-input\":\"required name=search_term_string\"}],\"inLanguage\":\"de\"}]}<\/script>\n<!-- \/ Yoast SEO plugin. -->","yoast_head_json":{"title":"Datenschutzrichtlinie - Pinova Meteo","robots":{"index":"index","follow":"follow","max-snippet":"max-snippet:-1","max-image-preview":"max-image-preview:large","max-video-preview":"max-video-preview:-1"},"canonical":"https:\/\/pinova-meteo.com\/de\/datenschutzrichtlinie","og_locale":"de_DE","og_type":"article","og_title":"Datenschutzrichtlinie - Pinova Meteo","og_description":"DatenschutzrichtlinieIn dieser Datenschutzerkl\u00e4rung erl\u00e4utern wir, was wir mit den Daten tun, die wir \u00fcber Sie \u00fcber https:\/\/pinova-meteo.com erhalten. Wir empfehlen Ihnen, diese Erkl\u00e4rung sorgf\u00e4ltig zu lesen. Bei unserer Verarbeitung halten wir uns an die Anforderungen des Datenschutzgesetzes. Das bedeutet unter anderem, dass wir: klar angeben, zu welchen Zwecken wir personenbezogene Daten verarbeiten. Dies geschieht mithilfe [&hellip;]","og_url":"https:\/\/pinova-meteo.com\/de\/datenschutzrichtlinie","og_site_name":"Pinova Meteo","article_modified_time":"2025-07-24T13:38:54+00:00","twitter_card":"summary_large_image","twitter_misc":{"Gesch\u00e4tzte Lesezeit":"5\u00a0Minuten"},"schema":{"@context":"https:\/\/schema.org","@graph":[{"@type":"WebPage","@id":"https:\/\/pinova-meteo.com\/de\/datenschutzrichtlinie","url":"https:\/\/pinova-meteo.com\/de\/datenschutzrichtlinie","name":"Datenschutzrichtlinie - Pinova Meteo","isPartOf":{"@id":"https:\/\/pinova-meteo.com\/de#website"},"datePublished":"2024-06-04T07:01:07+00:00","dateModified":"2025-07-24T13:38:54+00:00","breadcrumb":{"@id":"https:\/\/pinova-meteo.com\/de\/datenschutzrichtlinie#breadcrumb"},"inLanguage":"de","potentialAction":[{"@type":"ReadAction","target":["https:\/\/pinova-meteo.com\/de\/datenschutzrichtlinie"]}]},{"@type":"BreadcrumbList","@id":"https:\/\/pinova-meteo.com\/de\/datenschutzrichtlinie#breadcrumb","itemListElement":[{"@type":"ListItem","position":1,"name":"Po\u010detna stranica","item":"https:\/\/pinova-meteo.com\/de"},{"@type":"ListItem","position":2,"name":"Datenschutzrichtlinie"}]},{"@type":"WebSite","@id":"https:\/\/pinova-meteo.com\/de#website","url":"https:\/\/pinova-meteo.com\/de","name":"Pinova Meteo","description":"","potentialAction":[{"@type":"SearchAction","target":{"@type":"EntryPoint","urlTemplate":"https:\/\/pinova-meteo.com\/de?s={search_term_string}"},"query-input":"required name=search_term_string"}],"inLanguage":"de"}]}},"_links":{"self":[{"href":"https:\/\/pinova-meteo.com\/de\/wp-json\/wp\/v2\/pages\/5040","targetHints":{"allow":["GET"]}}],"collection":[{"href":"https:\/\/pinova-meteo.com\/de\/wp-json\/wp\/v2\/pages"}],"about":[{"href":"https:\/\/pinova-meteo.com\/de\/wp-json\/wp\/v2\/types\/page"}],"author":[{"embeddable":true,"href":"https:\/\/pinova-meteo.com\/de\/wp-json\/wp\/v2\/users\/3"}],"replies":[{"embeddable":true,"href":"https:\/\/pinova-meteo.com\/de\/wp-json\/wp\/v2\/comments?post=5040"}],"version-history":[{"count":2,"href":"https:\/\/pinova-meteo.com\/de\/wp-json\/wp\/v2\/pages\/5040\/revisions"}],"predecessor-version":[{"id":5130,"href":"https:\/\/pinova-meteo.com\/de\/wp-json\/wp\/v2\/pages\/5040\/revisions\/5130"}],"wp:attachment":[{"href":"https:\/\/pinova-meteo.com\/de\/wp-json\/wp\/v2\/media?parent=5040"}],"curies":[{"name":"wp","href":"https:\/\/api.w.org\/{rel}","templated":true}]}}