{"id":5041,"date":"2024-06-04T09:20:49","date_gmt":"2024-06-04T07:20:49","guid":{"rendered":"https:\/\/pinova-meteo.com\/odricanje-od-odgovornosti"},"modified":"2025-07-24T15:40:42","modified_gmt":"2025-07-24T13:40:42","slug":"verzichtserklaerung","status":"publish","type":"page","link":"https:\/\/pinova-meteo.com\/de\/verzichtserklaerung","title":{"rendered":"Verzichtserkl\u00e4rung"},"content":{"rendered":"<p>[et_pb_section fb_built=&#8220;1&#8243; custom_padding_last_edited=&#8220;on|tablet&#8220; _builder_version=&#8220;4.24.3&#8243; _module_preset=&#8220;default&#8220; background_color=&#8220;#FFFFFF&#8220; custom_padding=&#8220;80px||80px||false|false&#8220; custom_padding_tablet=&#8220;48px||48px||false|false&#8220; custom_padding_phone=&#8220;48px||48px||false|false&#8220; global_colors_info=&#8220;{}&#8220;][et_pb_row _builder_version=&#8220;4.24.3&#8243; _module_preset=&#8220;default&#8220; width=&#8220;90%&#8220; custom_padding=&#8220;0px||0px||false|false&#8220; global_colors_info=&#8220;{}&#8220;][et_pb_column type=&#8220;4_4&#8243; _builder_version=&#8220;4.24.3&#8243; _module_preset=&#8220;default&#8220; global_colors_info=&#8220;{}&#8220;][et_pb_text _builder_version=&#8220;4.24.3&#8243; _module_preset=&#8220;default&#8220; header_font=&#8220;|700|||||||&#8220; header_font_size=&#8220;48px&#8220; header_font_size_tablet=&#8220;32px&#8220; header_font_size_phone=&#8220;24px&#8220; header_font_size_last_edited=&#8220;on|phone&#8220; global_colors_info=&#8220;{}&#8220;]<\/p>\n<h1>Verzichtserkl\u00e4rung<\/h1>\n<p>[\/et_pb_text][\/et_pb_column][\/et_pb_row][et_pb_row _builder_version=&#8220;4.24.3&#8243; _module_preset=&#8220;default&#8220; width=&#8220;90%&#8220; custom_padding=&#8220;0px||0px||false|false&#8220; global_colors_info=&#8220;{}&#8220;][et_pb_column type=&#8220;4_4&#8243; _builder_version=&#8220;4.24.3&#8243; _module_preset=&#8220;default&#8220; global_colors_info=&#8220;{}&#8220;][et_pb_text module_class=&#8220;pinova-meteo-txt-202&#8243; _builder_version=&#8220;4.27.0&#8243; _module_preset=&#8220;default&#8220; hover_enabled=&#8220;0&#8243; global_colors_info=&#8220;{}&#8220; sticky_enabled=&#8220;0&#8243;]<\/p>\n<p>Pinova d.o.o. verpflichtet sich, diese Website aktuell und korrekt zu halten. Sollten Sie dennoch auf etwas sto\u00dfen, das unzutreffend oder veraltet ist, w\u00e4ren wir Ihnen dankbar, wenn Sie uns dies mitteilen w\u00fcrden. Bitte geben Sie an, wo auf der Website Sie die Information gelesen haben. Wir werden dies so schnell wie m\u00f6glich pr\u00fcfen. Bitte senden Sie Ihre Antwort per E-Mail an: <a href=\"mailto:pinova@pinova.hr\">pinova@pinova.hr<\/a>.<\/p>\n<p>Wir sind nicht verantwortlich f\u00fcr Verluste, die aus Ungenauigkeiten oder Unvollst\u00e4ndigkeiten resultieren, noch f\u00fcr Verluste, die aus Problemen entstehen, die durch die Verbreitung von Informationen \u00fcber das Internet verursacht oder ihr inh\u00e4rent sind, wie z.B. St\u00f6rungen oder Unterbrechungen. Bei der Nutzung von Webformularen bem\u00fchen wir uns, die Anzahl der erforderlichen Felder auf ein Minimum zu beschr\u00e4nken. F\u00fcr Verluste, die durch die Nutzung von Daten, Ratschl\u00e4gen oder Ideen entstehen, die von oder im Namen von Pinova d.o.o. \u00fcber diese Website bereitgestellt wurden, \u00fcbernimmt Pinova d.o.o. keinerlei Haftung.<\/p>\n<p>Alle geistigen Eigentumsrechte an den Inhalten dieser Website geh\u00f6ren Pinova d.o.o.<\/p>\n<p>Das Kopieren, Verbreiten und jede andere Nutzung dieser Materialien ist ohne schriftliche Genehmigung von Pinova d.o.o. nicht gestattet, au\u00dfer und nur in dem Ma\u00dfe, in dem dies durch zwingende gesetzliche Bestimmungen anders geregelt ist (wie z.B. das Zitatrecht), es sei denn, der bestimmte Inhalt schreibt etwas anderes vor.<\/p>\n<p>Sollten Sie Fragen oder Probleme mit der Verf\u00fcgbarkeit der Website haben, k\u00f6nnen Sie uns gerne kontaktieren.<\/p>\n<p>[\/et_pb_text][\/et_pb_column][\/et_pb_row][\/et_pb_section]<\/p>\n","protected":false},"excerpt":{"rendered":"<p>Verzichtserkl\u00e4rungPinova d.o.o. verpflichtet sich, diese Website aktuell und korrekt zu halten. Sollten Sie dennoch auf etwas sto\u00dfen, das unzutreffend oder veraltet ist, w\u00e4ren wir Ihnen dankbar, wenn Sie uns dies mitteilen w\u00fcrden. Bitte geben Sie an, wo auf der Website Sie die Information gelesen haben. Wir werden dies so schnell wie m\u00f6glich pr\u00fcfen. Bitte senden [&hellip;]<\/p>\n","protected":false},"author":3,"featured_media":0,"parent":0,"menu_order":0,"comment_status":"closed","ping_status":"closed","template":"","meta":{"_et_pb_use_builder":"on","_et_pb_old_content":"<!-- wp:complianz\/document {\"title\":\"Odricanje od odgovornosti\",\"selectedDocument\":\"disclaimer-all\"} \/-->","_et_gb_content_width":"","footnotes":""},"class_list":["post-5041","page","type-page","status-publish","hentry"],"yoast_head":"<!-- This site is optimized with the Yoast SEO plugin v23.0 - https:\/\/yoast.com\/wordpress\/plugins\/seo\/ -->\n<title>Verzichtserkl\u00e4rung - Pinova Meteo<\/title>\n<meta name=\"robots\" content=\"index, follow, max-snippet:-1, max-image-preview:large, max-video-preview:-1\" \/>\n<link rel=\"canonical\" href=\"https:\/\/pinova-meteo.com\/de\/verzichtserklaerung\" \/>\n<meta property=\"og:locale\" content=\"de_DE\" \/>\n<meta property=\"og:type\" content=\"article\" \/>\n<meta property=\"og:title\" content=\"Verzichtserkl\u00e4rung - Pinova Meteo\" \/>\n<meta property=\"og:description\" content=\"Verzichtserkl\u00e4rungPinova d.o.o. verpflichtet sich, diese Website aktuell und korrekt zu halten. Sollten Sie dennoch auf etwas sto\u00dfen, das unzutreffend oder veraltet ist, w\u00e4ren wir Ihnen dankbar, wenn Sie uns dies mitteilen w\u00fcrden. Bitte geben Sie an, wo auf der Website Sie die Information gelesen haben. Wir werden dies so schnell wie m\u00f6glich pr\u00fcfen. Bitte senden [&hellip;]\" \/>\n<meta property=\"og:url\" content=\"https:\/\/pinova-meteo.com\/de\/verzichtserklaerung\" \/>\n<meta property=\"og:site_name\" content=\"Pinova Meteo\" \/>\n<meta property=\"article:modified_time\" content=\"2025-07-24T13:40:42+00:00\" \/>\n<meta name=\"twitter:card\" content=\"summary_large_image\" \/>\n<meta name=\"twitter:label1\" content=\"Gesch\u00e4tzte Lesezeit\" \/>\n\t<meta name=\"twitter:data1\" content=\"2\u00a0Minuten\" \/>\n<script type=\"application\/ld+json\" class=\"yoast-schema-graph\">{\"@context\":\"https:\/\/schema.org\",\"@graph\":[{\"@type\":\"WebPage\",\"@id\":\"https:\/\/pinova-meteo.com\/de\/verzichtserklaerung\",\"url\":\"https:\/\/pinova-meteo.com\/de\/verzichtserklaerung\",\"name\":\"Verzichtserkl\u00e4rung - Pinova Meteo\",\"isPartOf\":{\"@id\":\"https:\/\/pinova-meteo.com\/de#website\"},\"datePublished\":\"2024-06-04T07:20:49+00:00\",\"dateModified\":\"2025-07-24T13:40:42+00:00\",\"breadcrumb\":{\"@id\":\"https:\/\/pinova-meteo.com\/de\/verzichtserklaerung#breadcrumb\"},\"inLanguage\":\"de\",\"potentialAction\":[{\"@type\":\"ReadAction\",\"target\":[\"https:\/\/pinova-meteo.com\/de\/verzichtserklaerung\"]}]},{\"@type\":\"BreadcrumbList\",\"@id\":\"https:\/\/pinova-meteo.com\/de\/verzichtserklaerung#breadcrumb\",\"itemListElement\":[{\"@type\":\"ListItem\",\"position\":1,\"name\":\"Po\u010detna stranica\",\"item\":\"https:\/\/pinova-meteo.com\/de\"},{\"@type\":\"ListItem\",\"position\":2,\"name\":\"Verzichtserkl\u00e4rung\"}]},{\"@type\":\"WebSite\",\"@id\":\"https:\/\/pinova-meteo.com\/de#website\",\"url\":\"https:\/\/pinova-meteo.com\/de\",\"name\":\"Pinova Meteo\",\"description\":\"\",\"potentialAction\":[{\"@type\":\"SearchAction\",\"target\":{\"@type\":\"EntryPoint\",\"urlTemplate\":\"https:\/\/pinova-meteo.com\/de?s={search_term_string}\"},\"query-input\":\"required name=search_term_string\"}],\"inLanguage\":\"de\"}]}<\/script>\n<!-- \/ Yoast SEO plugin. -->","yoast_head_json":{"title":"Verzichtserkl\u00e4rung - Pinova Meteo","robots":{"index":"index","follow":"follow","max-snippet":"max-snippet:-1","max-image-preview":"max-image-preview:large","max-video-preview":"max-video-preview:-1"},"canonical":"https:\/\/pinova-meteo.com\/de\/verzichtserklaerung","og_locale":"de_DE","og_type":"article","og_title":"Verzichtserkl\u00e4rung - Pinova Meteo","og_description":"Verzichtserkl\u00e4rungPinova d.o.o. verpflichtet sich, diese Website aktuell und korrekt zu halten. Sollten Sie dennoch auf etwas sto\u00dfen, das unzutreffend oder veraltet ist, w\u00e4ren wir Ihnen dankbar, wenn Sie uns dies mitteilen w\u00fcrden. Bitte geben Sie an, wo auf der Website Sie die Information gelesen haben. Wir werden dies so schnell wie m\u00f6glich pr\u00fcfen. Bitte senden [&hellip;]","og_url":"https:\/\/pinova-meteo.com\/de\/verzichtserklaerung","og_site_name":"Pinova Meteo","article_modified_time":"2025-07-24T13:40:42+00:00","twitter_card":"summary_large_image","twitter_misc":{"Gesch\u00e4tzte Lesezeit":"2\u00a0Minuten"},"schema":{"@context":"https:\/\/schema.org","@graph":[{"@type":"WebPage","@id":"https:\/\/pinova-meteo.com\/de\/verzichtserklaerung","url":"https:\/\/pinova-meteo.com\/de\/verzichtserklaerung","name":"Verzichtserkl\u00e4rung - Pinova Meteo","isPartOf":{"@id":"https:\/\/pinova-meteo.com\/de#website"},"datePublished":"2024-06-04T07:20:49+00:00","dateModified":"2025-07-24T13:40:42+00:00","breadcrumb":{"@id":"https:\/\/pinova-meteo.com\/de\/verzichtserklaerung#breadcrumb"},"inLanguage":"de","potentialAction":[{"@type":"ReadAction","target":["https:\/\/pinova-meteo.com\/de\/verzichtserklaerung"]}]},{"@type":"BreadcrumbList","@id":"https:\/\/pinova-meteo.com\/de\/verzichtserklaerung#breadcrumb","itemListElement":[{"@type":"ListItem","position":1,"name":"Po\u010detna stranica","item":"https:\/\/pinova-meteo.com\/de"},{"@type":"ListItem","position":2,"name":"Verzichtserkl\u00e4rung"}]},{"@type":"WebSite","@id":"https:\/\/pinova-meteo.com\/de#website","url":"https:\/\/pinova-meteo.com\/de","name":"Pinova Meteo","description":"","potentialAction":[{"@type":"SearchAction","target":{"@type":"EntryPoint","urlTemplate":"https:\/\/pinova-meteo.com\/de?s={search_term_string}"},"query-input":"required name=search_term_string"}],"inLanguage":"de"}]}},"_links":{"self":[{"href":"https:\/\/pinova-meteo.com\/de\/wp-json\/wp\/v2\/pages\/5041","targetHints":{"allow":["GET"]}}],"collection":[{"href":"https:\/\/pinova-meteo.com\/de\/wp-json\/wp\/v2\/pages"}],"about":[{"href":"https:\/\/pinova-meteo.com\/de\/wp-json\/wp\/v2\/types\/page"}],"author":[{"embeddable":true,"href":"https:\/\/pinova-meteo.com\/de\/wp-json\/wp\/v2\/users\/3"}],"replies":[{"embeddable":true,"href":"https:\/\/pinova-meteo.com\/de\/wp-json\/wp\/v2\/comments?post=5041"}],"version-history":[{"count":2,"href":"https:\/\/pinova-meteo.com\/de\/wp-json\/wp\/v2\/pages\/5041\/revisions"}],"predecessor-version":[{"id":5131,"href":"https:\/\/pinova-meteo.com\/de\/wp-json\/wp\/v2\/pages\/5041\/revisions\/5131"}],"wp:attachment":[{"href":"https:\/\/pinova-meteo.com\/de\/wp-json\/wp\/v2\/media?parent=5041"}],"curies":[{"name":"wp","href":"https:\/\/api.w.org\/{rel}","templated":true}]}}