{"id":5043,"date":"2024-06-06T14:42:33","date_gmt":"2024-06-06T12:42:33","guid":{"rendered":"https:\/\/pinova-meteo.com\/uvjeti-i-odredbe"},"modified":"2025-07-24T15:32:19","modified_gmt":"2025-07-24T13:32:19","slug":"allgemeine-geschaeftsbedingungen","status":"publish","type":"page","link":"https:\/\/pinova-meteo.com\/de\/allgemeine-geschaeftsbedingungen","title":{"rendered":"Allgemeine Gesch\u00e4ftsbedingungen"},"content":{"rendered":"<p>[et_pb_section fb_built=&#8220;1&#8243; custom_padding_last_edited=&#8220;on|tablet&#8220; _builder_version=&#8220;4.24.3&#8243; _module_preset=&#8220;default&#8220; background_color=&#8220;#FFFFFF&#8220; custom_padding=&#8220;80px||80px||false|false&#8220; custom_padding_tablet=&#8220;48px||48px||false|false&#8220; custom_padding_phone=&#8220;48px||48px||false|false&#8220; global_colors_info=&#8220;{}&#8220;][et_pb_row _builder_version=&#8220;4.24.3&#8243; _module_preset=&#8220;default&#8220; width=&#8220;90%&#8220; custom_padding=&#8220;0px||0px||false|false&#8220; global_colors_info=&#8220;{}&#8220;][et_pb_column type=&#8220;4_4&#8243; _builder_version=&#8220;4.24.3&#8243; _module_preset=&#8220;default&#8220; global_colors_info=&#8220;{}&#8220;][et_pb_text _builder_version=&#8220;4.24.3&#8243; _module_preset=&#8220;default&#8220; header_font=&#8220;|700|||||||&#8220; header_font_size=&#8220;48px&#8220; header_font_size_tablet=&#8220;32px&#8220; header_font_size_phone=&#8220;24px&#8220; header_font_size_last_edited=&#8220;on|phone&#8220; global_colors_info=&#8220;{}&#8220;]<\/p>\n<h1>Allgemeine Gesch\u00e4ftsbedingungen<\/h1>\n<p>[\/et_pb_text][\/et_pb_column][\/et_pb_row][et_pb_row _builder_version=&#8220;4.24.3&#8243; _module_preset=&#8220;default&#8220; width=&#8220;90%&#8220; custom_padding=&#8220;0px||0px||false|false&#8220; global_colors_info=&#8220;{}&#8220;][et_pb_column type=&#8220;4_4&#8243; _builder_version=&#8220;4.24.3&#8243; _module_preset=&#8220;default&#8220; global_colors_info=&#8220;{}&#8220;][et_pb_text module_class=&#8220;pinova-meteo-txt-202&#8243; _builder_version=&#8220;4.27.0&#8243; _module_preset=&#8220;default&#8220; global_colors_info=&#8220;{}&#8220;]<\/p>\n<h2>1. Einleitung<\/h2>\n<p>Diese Bedingungen gelten f\u00fcr diese Website und f\u00fcr Transaktionen im Zusammenhang mit unseren Produkten und Dienstleistungen. M\u00f6glicherweise unterliegen Sie zus\u00e4tzlichen Vereinbarungen, die Ihr Verh\u00e4ltnis zu uns oder die von uns erhaltenen Produkte oder Dienstleistungen betreffen. Sollten sich Bestimmungen zus\u00e4tzlicher Vereinbarungen mit Bestimmungen dieser Allgemeinen Gesch\u00e4ftsbedingungen widersprechen, so haben die Bestimmungen dieser zus\u00e4tzlichen Vereinbarungen Vorrang und gelten.<\/p>\n<h2>2. Verbindlichkeit<\/h2>\n<p>Durch die Registrierung, den Zugriff oder die anderweitige Nutzung dieser Website erkl\u00e4ren Sie sich damit einverstanden, an diese unten aufgef\u00fchrten Allgemeinen Gesch\u00e4ftsbedingungen gebunden zu sein. Die blo\u00dfe Nutzung dieser Website setzt die Kenntnis und Annahme dieser Allgemeinen Gesch\u00e4ftsbedingungen voraus. In bestimmten F\u00e4llen k\u00f6nnen wir Sie auch um Ihre ausdr\u00fcckliche Zustimmung bitten.<\/p>\n<h2>3. Elektronische Kommunikation<\/h2>\n<p>Durch die Nutzung dieser Website oder die elektronische Kommunikation mit uns erkl\u00e4ren Sie sich damit einverstanden und best\u00e4tigen, dass wir elektronisch auf unserer Website oder durch das Senden von E-Mails mit Ihnen kommunizieren k\u00f6nnen, und Sie stimmen zu, dass alle Vereinbarungen, Mitteilungen, Offenlegungen und sonstigen Mitteilungen, die wir Ihnen elektronisch zur Verf\u00fcgung stellen, jegliche gesetzlichen Anforderungen erf\u00fcllen, einschlie\u00dflich, aber nicht beschr\u00e4nkt auf die Anforderung, dass solche Mitteilungen schriftlich erfolgen m\u00fcssen.<\/p>\n<h2>4. Geistiges Eigentum<\/h2>\n<p>Wir oder unsere Lizenzgeber besitzen und kontrollieren alle Urheberrechte und sonstigen geistigen Eigentumsrechte an der Website und den Daten, Informationen und anderen Ressourcen, die auf der Website angezeigt oder verf\u00fcgbar sind.<\/p>\n<h2>4.1 Alle Rechte vorbehalten<\/h2>\n<p>Sofern der jeweilige Inhalt nichts anderes vorschreibt, wird Ihnen keine Lizenz oder ein sonstiges Recht gem\u00e4\u00df Urheberrechten, Markenrechten, Patenten oder anderen geistigen Eigentumsrechten gew\u00e4hrt. Dies bedeutet, dass Sie ohne unsere vorherige schriftliche Zustimmung keine Ressourcen dieser Website in irgendeiner Form nutzen, kopieren, reproduzieren, auff\u00fchren, anzeigen, verteilen, in elektronische Medien integrieren, ver\u00e4ndern, zur\u00fcckentwickeln, dekompilieren, \u00fcbertragen, herunterladen, hochladen, monetarisieren, verkaufen, vermarkten oder kommerzialisieren d\u00fcrfen, es sei denn und nur soweit dies in zwingenden gesetzlichen Bestimmungen anders geregelt ist (wie z.B. das Zitatrecht).<\/p>\n<h2>5. Eigentum Dritter<\/h2>\n<p>Unsere Website kann Hyperlinks oder andere Verweise auf Websites anderer Parteien enthalten. Wir \u00fcberwachen oder \u00fcberpr\u00fcfen den Inhalt von Websites anderer Parteien, die mit dieser Website verlinkt sind, nicht. Produkte oder Dienstleistungen, die von anderen Websites angeboten werden, unterliegen den anwendbaren Gesch\u00e4ftsbedingungen dieser Dritten. Die auf diesen Websites ge\u00e4u\u00dferten Meinungen oder die dort erscheinenden Materialien m\u00fcssen nicht unbedingt unsere Ansicht teilen oder von uns unterst\u00fctzt werden.<\/p>\n<p>Wir \u00fcbernehmen keine Verantwortung f\u00fcr die Datenschutzpraktiken oder den Inhalt dieser Websites. Sie tragen alle Risiken, die mit der Nutzung dieser Websites und allen damit verbundenen Dienstleistungen Dritter verbunden sind. Wir \u00fcbernehmen keine Haftung f\u00fcr Verluste oder Sch\u00e4den, die auf irgendeine Weise durch die Weitergabe Ihrer pers\u00f6nlichen Daten an Dritte entstehen.<\/p>\n<h2>6. Verantwortungsbewusste Nutzung<\/h2>\n<p>Durch den Besuch unserer Website erkl\u00e4ren Sie sich damit einverstanden, diese ausschlie\u00dflich f\u00fcr den vorgesehenen Zweck und gem\u00e4\u00df diesen Bedingungen, zus\u00e4tzlichen Vereinbarungen mit uns und anwendbaren Gesetzen, Vorschriften und allgemein anerkannten Internetpraktiken und Branchenrichtlinien zu nutzen. Sie d\u00fcrfen unsere Website oder Dienste nicht verwenden, um b\u00f6sartige Computersoftware zu nutzen, zu ver\u00f6ffentlichen oder zu verbreiten; Daten, die von unserer Website gesammelt wurden, f\u00fcr direkte Marketingaktivit\u00e4ten zu verwenden oder systematische oder automatisierte Datenerfassungsaktivit\u00e4ten auf oder in Bezug auf unsere Website durchzuf\u00fchren.<\/p>\n<p>Jede Aktivit\u00e4t, die zu einer Besch\u00e4digung der Website f\u00fchrt oder die Leistung, Verf\u00fcgbarkeit oder Zug\u00e4nglichkeit der Website beeintr\u00e4chtigt, ist strengstens untersagt.<\/p>\n<h2>7. Einreichung\/Lieferung von Ideen<\/h2>\n<p>Senden Sie keine Ideen, Erfindungen, Urheberrechte oder andere Informationen, die als Ihr geistiges Eigentum betrachtet werden k\u00f6nnten und die Sie uns pr\u00e4sentieren m\u00f6chten, es sei denn, wir haben zuvor eine Vereinbarung \u00fcber geistiges Eigentum oder eine Vertraulichkeitsvereinbarung unterzeichnet. Wenn Sie uns diese ohne eine solche schriftliche Vereinbarung offenlegen, gew\u00e4hren Sie uns eine weltweite, unwiderrufliche, nicht-exklusive, lizenzgeb\u00fchrenfreie Lizenz zur Nutzung, Reproduktion, Speicherung, Anpassung, Ver\u00f6ffentlichung, \u00dcbersetzung und Verteilung Ihres Inhalts in jedem bestehenden oder zuk\u00fcnftigen Medium.<\/p>\n<h2>8. Beendigung der Nutzung<\/h2>\n<p>Wir k\u00f6nnen nach eigenem Ermessen jederzeit den Zugriff auf die Website oder eine der darauf angebotenen Dienste \u00e4ndern oder beenden, sei es vor\u00fcbergehend oder dauerhaft. Sie stimmen zu, dass wir Ihnen oder Dritten gegen\u00fcber nicht f\u00fcr solche \u00c4nderungen, Aussetzungen oder Beendigungen Ihres Zugriffs oder Ihrer Nutzung der Website oder von Inhalten, die Sie m\u00f6glicherweise auf der Website geteilt haben, haftbar sind. Sie haben keinen Anspruch auf Entsch\u00e4digung oder sonstige Zahlungen, selbst wenn bestimmte Funktionen, Einstellungen und\/oder Inhalte, zu denen Sie beigetragen haben oder auf die Sie sich verlassen haben, dauerhaft verloren gehen. Sie d\u00fcrfen keine Zugriffsbarrieren auf unserer Website umgehen oder versuchen zu umgehen.<\/p>\n<h2>9. Garantien und Haftung<\/h2>\n<p>Nichts in diesem Abschnitt wird eine gesetzlich implizierte Garantie einschr\u00e4nken oder ausschlie\u00dfen, deren Einschr\u00e4nkung oder Ausschluss rechtswidrig w\u00e4re. Diese Website und alle Inhalte auf der Website werden &#8222;wie besehen&#8220; und &#8222;wie verf\u00fcgbar&#8220; bereitgestellt und k\u00f6nnen Ungenauigkeiten oder Tippfehler enthalten. Wir lehnen ausdr\u00fccklich alle Garantien jeglicher Art, ob ausdr\u00fccklich oder stillschweigend, in Bezug auf die Verf\u00fcgbarkeit, Richtigkeit oder Vollst\u00e4ndigkeit des Inhalts ab. Wir garantieren nicht, dass:<\/p>\n<ul>\n<li>diese Website oder unsere Inhalte Ihren Anforderungen entsprechen;<\/li>\n<li>diese Website ununterbrochen, zeitgerecht, sicher oder fehlerfrei verf\u00fcgbar sein wird.<\/li>\n<\/ul>\n<p>Nichts auf dieser Website stellt eine rechtliche, finanzielle oder medizinische Beratung dar oder ist dazu bestimmt. Wenn Sie Ratschl\u00e4ge ben\u00f6tigen, wenden Sie sich bitte an einen entsprechenden Fachmann.<\/p>\n<p>Die folgenden Bestimmungen dieses Abschnitts gelten im gr\u00f6\u00dftm\u00f6glichen Umfang, der nach geltendem Recht zul\u00e4ssig ist, und schr\u00e4nken unsere Haftung in Bezug auf Angelegenheiten, f\u00fcr die es rechtswidrig w\u00e4re, unsere Haftung einzuschr\u00e4nken oder auszuschlie\u00dfen, nicht ein. In keinem Fall haften wir f\u00fcr direkte oder indirekte Sch\u00e4den (einschlie\u00dflich Sch\u00e4den aus Gewinn- oder Einnahmeverlust, Daten-, Software- oder Datenbankverlust oder -besch\u00e4digung oder Sach- oder Datenverlust oder -besch\u00e4digung), die Ihnen oder Dritten durch Ihren Zugriff auf oder Ihre Nutzung unserer Website entstehen.<\/p>\n<p>Sofern nicht ausdr\u00fccklich in einer zus\u00e4tzlichen Vereinbarung anders angegeben, ist unsere maximale Haftung Ihnen gegen\u00fcber f\u00fcr alle Sch\u00e4den, die sich aus oder im Zusammenhang mit der Website oder den \u00fcber die Website beworbenen oder verkauften Produkten und Dienstleistungen ergeben, unabh\u00e4ngig von der Form des Gerichtsverfahrens, das die Haftung auferlegt (sei es aus Vertrag, Billigkeit, Fahrl\u00e4ssigkeit, vors\u00e4tzlichem Verhalten, unerlaubter Handlung oder anderweitig), auf den Gesamtpreis begrenzt, den Sie uns f\u00fcr den Kauf solcher Produkte oder Dienstleistungen oder die Nutzung der Website gezahlt haben. Eine solche Begrenzung gilt insgesamt f\u00fcr alle Ihre Anspr\u00fcche, Handlungen und Klagegr\u00fcnde jeglicher Art und Natur.<\/p>\n<h2>10. Datenschutz<\/h2>\n<p>Um auf unsere Website und\/oder Dienste zugreifen zu k\u00f6nnen, m\u00fcssen Sie m\u00f6glicherweise bestimmte Informationen \u00fcber sich selbst als Teil des Registrierungsprozesses angeben. Sie stimmen zu, dass alle von Ihnen bereitgestellten Informationen stets korrekt und aktuell sind.<\/p>\n<p>Wir haben eine Richtlinie entwickelt, um alle Ihre Datenschutzbedenken zu behandeln. Weitere Informationen finden Sie in unserer <a href=\"https:\/\/pinova-meteo.com\/de\/datenschutzrichtlinie\"><strong>Datenschutzerkl\u00e4rung (EU)<\/strong><\/a> und <a href=\"https:\/\/pinova-meteo.com\/de\/cookie-richtlinie-eu\"><strong>Cookie-Richtlinie (EU)<\/strong><\/a> .<\/p>\n<h2>11. Exportbeschr\u00e4nkungen \/ Einhaltung von Gesetzen<\/h2>\n<p>Der Zugriff auf die Website von Gebieten oder L\u00e4ndern aus, in denen der Inhalt oder der Kauf der auf der Website verkauften Produkte oder Dienstleistungen illegal ist, ist untersagt. Sie d\u00fcrfen diese Website nicht unter Versto\u00df gegen die Exportgesetze und -vorschriften Kroatiens nutzen.<\/p>\n<h2>12. Abtretung<\/h2>\n<p>Sie d\u00fcrfen Ihre Rechte und\/oder Pflichten aus diesen Allgemeinen Gesch\u00e4ftsbedingungen weder ganz noch teilweise an Dritte abtreten, \u00fcbertragen oder untervergeben, ohne unsere vorherige schriftliche Zustimmung. Jede angebliche \u00dcbertragung, die gegen diesen Abschnitt verst\u00f6\u00dft, ist nichtig und ung\u00fcltig.<\/p>\n<h2>13. Verst\u00f6\u00dfe gegen diese Allgemeinen Gesch\u00e4ftsbedingungen<\/h2>\n<p>Unbeschadet unserer sonstigen Rechte gem\u00e4\u00df diesen Allgemeinen Gesch\u00e4ftsbedingungen k\u00f6nnen wir, wenn Sie diese Allgemeinen Gesch\u00e4ftsbedingungen in irgendeiner Weise verletzen, Ma\u00dfnahmen ergreifen, die wir zur Behebung des Versto\u00dfes f\u00fcr angemessen halten, einschlie\u00dflich der vor\u00fcbergehenden oder dauerhaften Aussetzung Ihres Zugriffs auf die Website, der Kontaktaufnahme mit Ihrem Internetdienstanbieter, um diesen aufzufordern, Ihren Zugriff auf die Website zu blockieren, und\/oder der Einleitung rechtlicher Schritte gegen Sie.<\/p>\n<h2>14. Entsch\u00e4digung<\/h2>\n<p>Sie erkl\u00e4ren sich damit einverstanden, uns f\u00fcr alle Anspr\u00fcche, Verbindlichkeiten, Sch\u00e4den, Verluste und Ausgaben zu entsch\u00e4digen, zu verteidigen und schadlos zu halten, die sich aus Ihrer Verletzung dieser Allgemeinen Gesch\u00e4ftsbedingungen und der geltenden Gesetze, einschlie\u00dflich der Rechte an geistigem Eigentum und der Datenschutzrechte, ergeben oder damit in Zusammenhang stehen. Sie werden uns unverz\u00fcglich f\u00fcr unsere Sch\u00e4den, Verluste, Kosten und Ausgaben entsch\u00e4digen, die sich aus solchen Anspr\u00fcchen ergeben oder damit in Zusammenhang stehen.<\/p>\n<h2>15. Verzicht<\/h2>\n<p>Ein Vers\u00e4umnis, eine in diesen Allgemeinen Gesch\u00e4ftsbedingungen und in einer Vereinbarung festgelegte Bestimmung durchzusetzen, oder ein Vers\u00e4umnis, eine Option zur Beendigung auszu\u00fcben, darf nicht als Verzicht auf solche Bestimmungen ausgelegt werden und ber\u00fchrt nicht die G\u00fcltigkeit dieser Allgemeinen Gesch\u00e4ftsbedingungen oder einer Vereinbarung oder eines Teils davon oder das Recht, jede Bestimmung durchzusetzen.<\/p>\n<h2>16. Sprache<\/h2>\n<p>Diese Allgemeinen Gesch\u00e4ftsbedingungen werden ausschlie\u00dflich in kroatischer, englischer und deutscher Sprache ausgelegt. Alle Mitteilungen und Korrespondenz werden ausschlie\u00dflich in dieser Sprache verfasst.<\/p>\n<h2>17. Gesamte Vereinbarung<\/h2>\n<p>Diese Allgemeinen Gesch\u00e4ftsbedingungen bilden zusammen mit unserer <a href=\"https:\/\/pinova-meteo.com\/de\/datenschutzrichtlinie\"><strong>Datenschutzerkl\u00e4rung (EU)<\/strong><\/a> und <a href=\"https:\/\/pinova-meteo.com\/de\/cookie-richtlinie-eu\"><strong>Cookie-Richtlinie (EU)<\/strong><\/a> die gesamte Vereinbarung zwischen Ihnen und Pinova d.o.o. in Bezug auf Ihre Nutzung dieser Website.<\/p>\n<h2>18. Aktualisierung dieser Allgemeinen Gesch\u00e4ftsbedingungen<\/h2>\n<p>Wir k\u00f6nnen diese Allgemeinen Gesch\u00e4ftsbedingungen von Zeit zu Zeit aktualisieren. Es liegt in Ihrer Verantwortung, diese Allgemeinen Gesch\u00e4ftsbedingungen regelm\u00e4\u00dfig auf \u00c4nderungen oder Aktualisierungen zu \u00fcberpr\u00fcfen. Das am Anfang dieser Allgemeinen Gesch\u00e4ftsbedingungen angegebene Datum ist das letzte \u00dcberarbeitungsdatum. \u00c4nderungen dieser Allgemeinen Gesch\u00e4ftsbedingungen treten mit der Ver\u00f6ffentlichung auf dieser Website in Kraft. Ihre fortgesetzte Nutzung dieser Website nach der Ver\u00f6ffentlichung von \u00c4nderungen oder Aktualisierungen wird als Ihre Annahme dieser \u00c4nderungen der Allgemeinen Gesch\u00e4ftsbedingungen angesehen.<\/p>\n<h2>19. Rechtswahl und Gerichtsstand<\/h2>\n<p>Diese Allgemeinen Gesch\u00e4ftsbedingungen unterliegen den Gesetzen Kroatiens. Alle Streitigkeiten im Zusammenhang mit diesen Allgemeinen Gesch\u00e4ftsbedingungen unterliegen der Gerichtsbarkeit der Gerichte Kroatiens. Sollte ein Gericht oder eine andere Beh\u00f6rde feststellen, dass ein Teil oder eine Bestimmung dieser Allgemeinen Gesch\u00e4ftsbedingungen nach geltendem Recht ung\u00fcltig und\/oder nicht durchsetzbar ist, so wird dieser Teil oder diese Bestimmung in dem gr\u00f6\u00dftm\u00f6glichen Umfang ge\u00e4ndert, gel\u00f6scht und\/oder durchgesetzt, um die Absicht dieser Allgemeinen Gesch\u00e4ftsbedingungen zu erf\u00fcllen. Dies hat keinen Einfluss auf die \u00fcbrigen Bestimmungen.<\/p>\n<h2>20. Kontaktinformationen<\/h2>\n<p>Diese Website ist Eigentum und wird betrieben von:<\/p>\n<p>Pinova d.o.o.<br \/>Ul. dr. Vinka \u017dganca 46,<br \/>40000 \u2013 \u010cakovec, Kroatien<\/p>\n<p>Sie k\u00f6nnen uns bez\u00fcglich dieser Allgemeinen Gesch\u00e4ftsbedingungen schriftlich oder per E-Mail unter folgender Adresse kontaktieren: <a href=\"mailto:pinova@pinova.hr\" target=\"_blank\" rel=\"noopener\" title=\"pinova@pinova.hr\">pinova@pinova.hr<\/a><\/p>\n<p>Die Allgemeinen Gesch\u00e4ftsbedingungen wurden zuletzt am 6. Juni 2024 aktualisiert.<\/p>\n<p>[\/et_pb_text][\/et_pb_column][\/et_pb_row][\/et_pb_section]<\/p>\n","protected":false},"excerpt":{"rendered":"<p>Allgemeine Gesch\u00e4ftsbedingungen1. Einleitung Diese Bedingungen gelten f\u00fcr diese Website und f\u00fcr Transaktionen im Zusammenhang mit unseren Produkten und Dienstleistungen. M\u00f6glicherweise unterliegen Sie zus\u00e4tzlichen Vereinbarungen, die Ihr Verh\u00e4ltnis zu uns oder die von uns erhaltenen Produkte oder Dienstleistungen betreffen. Sollten sich Bestimmungen zus\u00e4tzlicher Vereinbarungen mit Bestimmungen dieser Allgemeinen Gesch\u00e4ftsbedingungen widersprechen, so haben die Bestimmungen dieser zus\u00e4tzlichen [&hellip;]<\/p>\n","protected":false},"author":2,"featured_media":0,"parent":0,"menu_order":0,"comment_status":"closed","ping_status":"closed","template":"","meta":{"_et_pb_use_builder":"on","_et_pb_old_content":"<!-- wp:divi\/placeholder \/-->","_et_gb_content_width":"","footnotes":""},"class_list":["post-5043","page","type-page","status-publish","hentry"],"yoast_head":"<!-- This site is optimized with the Yoast SEO plugin v23.0 - https:\/\/yoast.com\/wordpress\/plugins\/seo\/ -->\n<title>Allgemeine Gesch\u00e4ftsbedingungen - Pinova Meteo<\/title>\n<meta name=\"robots\" content=\"index, follow, max-snippet:-1, max-image-preview:large, max-video-preview:-1\" \/>\n<link rel=\"canonical\" href=\"https:\/\/pinova-meteo.com\/de\/allgemeine-geschaeftsbedingungen\" \/>\n<meta property=\"og:locale\" content=\"de_DE\" \/>\n<meta property=\"og:type\" content=\"article\" \/>\n<meta property=\"og:title\" content=\"Allgemeine Gesch\u00e4ftsbedingungen - Pinova Meteo\" \/>\n<meta property=\"og:description\" content=\"Allgemeine Gesch\u00e4ftsbedingungen1. Einleitung Diese Bedingungen gelten f\u00fcr diese Website und f\u00fcr Transaktionen im Zusammenhang mit unseren Produkten und Dienstleistungen. M\u00f6glicherweise unterliegen Sie zus\u00e4tzlichen Vereinbarungen, die Ihr Verh\u00e4ltnis zu uns oder die von uns erhaltenen Produkte oder Dienstleistungen betreffen. Sollten sich Bestimmungen zus\u00e4tzlicher Vereinbarungen mit Bestimmungen dieser Allgemeinen Gesch\u00e4ftsbedingungen widersprechen, so haben die Bestimmungen dieser zus\u00e4tzlichen [&hellip;]\" \/>\n<meta property=\"og:url\" content=\"https:\/\/pinova-meteo.com\/de\/allgemeine-geschaeftsbedingungen\" \/>\n<meta property=\"og:site_name\" content=\"Pinova Meteo\" \/>\n<meta property=\"article:modified_time\" content=\"2025-07-24T13:32:19+00:00\" \/>\n<meta name=\"twitter:card\" content=\"summary_large_image\" \/>\n<script type=\"application\/ld+json\" class=\"yoast-schema-graph\">{\"@context\":\"https:\/\/schema.org\",\"@graph\":[{\"@type\":\"WebPage\",\"@id\":\"https:\/\/pinova-meteo.com\/de\/allgemeine-geschaeftsbedingungen\",\"url\":\"https:\/\/pinova-meteo.com\/de\/allgemeine-geschaeftsbedingungen\",\"name\":\"Allgemeine Gesch\u00e4ftsbedingungen - Pinova Meteo\",\"isPartOf\":{\"@id\":\"https:\/\/pinova-meteo.com\/de#website\"},\"datePublished\":\"2024-06-06T12:42:33+00:00\",\"dateModified\":\"2025-07-24T13:32:19+00:00\",\"breadcrumb\":{\"@id\":\"https:\/\/pinova-meteo.com\/de\/allgemeine-geschaeftsbedingungen#breadcrumb\"},\"inLanguage\":\"de\",\"potentialAction\":[{\"@type\":\"ReadAction\",\"target\":[\"https:\/\/pinova-meteo.com\/de\/allgemeine-geschaeftsbedingungen\"]}]},{\"@type\":\"BreadcrumbList\",\"@id\":\"https:\/\/pinova-meteo.com\/de\/allgemeine-geschaeftsbedingungen#breadcrumb\",\"itemListElement\":[{\"@type\":\"ListItem\",\"position\":1,\"name\":\"Po\u010detna stranica\",\"item\":\"https:\/\/pinova-meteo.com\/de\"},{\"@type\":\"ListItem\",\"position\":2,\"name\":\"Allgemeine Gesch\u00e4ftsbedingungen\"}]},{\"@type\":\"WebSite\",\"@id\":\"https:\/\/pinova-meteo.com\/de#website\",\"url\":\"https:\/\/pinova-meteo.com\/de\",\"name\":\"Pinova Meteo\",\"description\":\"\",\"potentialAction\":[{\"@type\":\"SearchAction\",\"target\":{\"@type\":\"EntryPoint\",\"urlTemplate\":\"https:\/\/pinova-meteo.com\/de?s={search_term_string}\"},\"query-input\":\"required name=search_term_string\"}],\"inLanguage\":\"de\"}]}<\/script>\n<!-- \/ Yoast SEO plugin. -->","yoast_head_json":{"title":"Allgemeine Gesch\u00e4ftsbedingungen - Pinova Meteo","robots":{"index":"index","follow":"follow","max-snippet":"max-snippet:-1","max-image-preview":"max-image-preview:large","max-video-preview":"max-video-preview:-1"},"canonical":"https:\/\/pinova-meteo.com\/de\/allgemeine-geschaeftsbedingungen","og_locale":"de_DE","og_type":"article","og_title":"Allgemeine Gesch\u00e4ftsbedingungen - Pinova Meteo","og_description":"Allgemeine Gesch\u00e4ftsbedingungen1. Einleitung Diese Bedingungen gelten f\u00fcr diese Website und f\u00fcr Transaktionen im Zusammenhang mit unseren Produkten und Dienstleistungen. M\u00f6glicherweise unterliegen Sie zus\u00e4tzlichen Vereinbarungen, die Ihr Verh\u00e4ltnis zu uns oder die von uns erhaltenen Produkte oder Dienstleistungen betreffen. Sollten sich Bestimmungen zus\u00e4tzlicher Vereinbarungen mit Bestimmungen dieser Allgemeinen Gesch\u00e4ftsbedingungen widersprechen, so haben die Bestimmungen dieser zus\u00e4tzlichen [&hellip;]","og_url":"https:\/\/pinova-meteo.com\/de\/allgemeine-geschaeftsbedingungen","og_site_name":"Pinova Meteo","article_modified_time":"2025-07-24T13:32:19+00:00","twitter_card":"summary_large_image","schema":{"@context":"https:\/\/schema.org","@graph":[{"@type":"WebPage","@id":"https:\/\/pinova-meteo.com\/de\/allgemeine-geschaeftsbedingungen","url":"https:\/\/pinova-meteo.com\/de\/allgemeine-geschaeftsbedingungen","name":"Allgemeine Gesch\u00e4ftsbedingungen - Pinova Meteo","isPartOf":{"@id":"https:\/\/pinova-meteo.com\/de#website"},"datePublished":"2024-06-06T12:42:33+00:00","dateModified":"2025-07-24T13:32:19+00:00","breadcrumb":{"@id":"https:\/\/pinova-meteo.com\/de\/allgemeine-geschaeftsbedingungen#breadcrumb"},"inLanguage":"de","potentialAction":[{"@type":"ReadAction","target":["https:\/\/pinova-meteo.com\/de\/allgemeine-geschaeftsbedingungen"]}]},{"@type":"BreadcrumbList","@id":"https:\/\/pinova-meteo.com\/de\/allgemeine-geschaeftsbedingungen#breadcrumb","itemListElement":[{"@type":"ListItem","position":1,"name":"Po\u010detna stranica","item":"https:\/\/pinova-meteo.com\/de"},{"@type":"ListItem","position":2,"name":"Allgemeine Gesch\u00e4ftsbedingungen"}]},{"@type":"WebSite","@id":"https:\/\/pinova-meteo.com\/de#website","url":"https:\/\/pinova-meteo.com\/de","name":"Pinova Meteo","description":"","potentialAction":[{"@type":"SearchAction","target":{"@type":"EntryPoint","urlTemplate":"https:\/\/pinova-meteo.com\/de?s={search_term_string}"},"query-input":"required name=search_term_string"}],"inLanguage":"de"}]}},"_links":{"self":[{"href":"https:\/\/pinova-meteo.com\/de\/wp-json\/wp\/v2\/pages\/5043","targetHints":{"allow":["GET"]}}],"collection":[{"href":"https:\/\/pinova-meteo.com\/de\/wp-json\/wp\/v2\/pages"}],"about":[{"href":"https:\/\/pinova-meteo.com\/de\/wp-json\/wp\/v2\/types\/page"}],"author":[{"embeddable":true,"href":"https:\/\/pinova-meteo.com\/de\/wp-json\/wp\/v2\/users\/2"}],"replies":[{"embeddable":true,"href":"https:\/\/pinova-meteo.com\/de\/wp-json\/wp\/v2\/comments?post=5043"}],"version-history":[{"count":4,"href":"https:\/\/pinova-meteo.com\/de\/wp-json\/wp\/v2\/pages\/5043\/revisions"}],"predecessor-version":[{"id":5127,"href":"https:\/\/pinova-meteo.com\/de\/wp-json\/wp\/v2\/pages\/5043\/revisions\/5127"}],"wp:attachment":[{"href":"https:\/\/pinova-meteo.com\/de\/wp-json\/wp\/v2\/media?parent=5043"}],"curies":[{"name":"wp","href":"https:\/\/api.w.org\/{rel}","templated":true}]}}