{"id":4235,"date":"2025-03-12T09:59:05","date_gmt":"2025-03-12T08:59:05","guid":{"rendered":"https:\/\/pinova-meteo.com\/proizvod\/mobilni-senzor-vlage-tla"},"modified":"2025-08-08T08:01:46","modified_gmt":"2025-08-08T06:01:46","slug":"mobiler-bodenfeuchtesensor-tdr-350-fieldscout","status":"publish","type":"product","link":"https:\/\/pinova-meteo.com\/de\/produkt\/mobiler-bodenfeuchtesensor-tdr-350-fieldscout","title":{"rendered":"Mobiler Bodenfeuchtesensor \u2013 TDR 350 FieldScout"},"content":{"rendered":"<h2 data-start=\"126\" data-end=\"222\"><strong data-start=\"129\" data-end=\"220\">FieldScout TDR 350 \u2013 Mobiler Bodensensor f\u00fcr Feuchtigkeit, Leitf\u00e4higkeit und Temperatur<\/strong><\/h2>\n<p data-start=\"223\" data-end=\"588\">Der <strong data-start=\"227\" data-end=\"249\">FieldScout TDR 350<\/strong> ist ein <strong data-start=\"258\" data-end=\"299\">fortschrittlicher mobiler Bodensensor<\/strong>, der pr\u00e4zise Messungen des volumetrischen Wassergehalts (VWC), der elektrischen Leitf\u00e4higkeit (EC) und der Oberfl\u00e4chentemperatur des Bodens erm\u00f6glicht.<br data-start=\"451\" data-end=\"454\" \/>Das Ger\u00e4t wird von <strong data-start=\"473\" data-end=\"504\">Spectrum Technologies, Inc.<\/strong> hergestellt \u2013 einem renommierten Unternehmen f\u00fcr landwirtschaftliche Messtechnik.<\/p>\n<hr data-start=\"590\" data-end=\"593\" \/>\n<h3 data-start=\"595\" data-end=\"619\"><strong data-start=\"599\" data-end=\"617\">Funktionsweise<\/strong><\/h3>\n<p data-start=\"620\" data-end=\"692\">Der TDR 350 nutzt die <strong data-start=\"642\" data-end=\"677\">Time-Domain-Reflectometry (TDR)<\/strong>-Technologie:<\/p>\n<ul data-start=\"693\" data-end=\"1027\">\n<li data-start=\"693\" data-end=\"744\">\n<p data-start=\"695\" data-end=\"744\">Die passende Sonde wird in den Boden eingef\u00fchrt<\/p>\n<\/li>\n<li data-start=\"745\" data-end=\"808\">\n<p data-start=\"747\" data-end=\"808\">Messwerte erscheinen auf einem <strong data-start=\"778\" data-end=\"806\">beleuchteten LCD-Display<\/strong><\/p>\n<\/li>\n<li data-start=\"809\" data-end=\"956\">\n<p data-start=\"811\" data-end=\"956\">Daten k\u00f6nnen <strong data-start=\"824\" data-end=\"848\">im internen Speicher<\/strong> gesichert oder <strong data-start=\"864\" data-end=\"881\">via Bluetooth<\/strong> auf ein Smartphone oder Tablet \u00fcbertragen werden (FieldScout Mobile App)<\/p>\n<\/li>\n<li data-start=\"957\" data-end=\"1027\">\n<p data-start=\"959\" data-end=\"1027\"><strong data-start=\"959\" data-end=\"978\">GPS-Integration<\/strong> erm\u00f6glicht die Geolokalisierung der Messpunkte<\/p>\n<\/li>\n<\/ul>\n<hr data-start=\"1029\" data-end=\"1032\" \/>\n<h3 data-start=\"1034\" data-end=\"1050\"><strong data-start=\"1038\" data-end=\"1050\">Vorteile<\/strong><\/h3>\n<p data-start=\"1051\" data-end=\"1369\">\u2705 <strong data-start=\"1053\" data-end=\"1071\">Hohe Pr\u00e4zision<\/strong> \u2013 Exakte Messungen von Bodenfeuchte, EC und Temperatur f\u00fcr optimiertes Bew\u00e4sserungs- und Bodenmanagement<br data-start=\"1176\" data-end=\"1179\" \/>\u2705 <strong data-start=\"1181\" data-end=\"1205\">Nahtlose Integration<\/strong> \u2013 Bluetooth- und GPS-Funktionen f\u00fcr einfache Datenerfassung und Echtzeitanalyse<br data-start=\"1285\" data-end=\"1288\" \/>\u2705 <strong data-start=\"1290\" data-end=\"1314\">Ergonomisches Design<\/strong> \u2013 H\u00f6henverstellbar, um unn\u00f6tiges B\u00fccken zu vermeiden<\/p>\n<hr data-start=\"1371\" data-end=\"1374\" \/>\n<h3 data-start=\"1376\" data-end=\"1400\"><strong data-start=\"1380\" data-end=\"1400\">Technische Daten<\/strong><\/h3>\n<ul data-start=\"1401\" data-end=\"1829\">\n<li data-start=\"1401\" data-end=\"1509\">\n<p data-start=\"1403\" data-end=\"1509\"><strong data-start=\"1403\" data-end=\"1418\">Messgr\u00f6\u00dfen:<\/strong> Volumetrischer Wassergehalt (VWC), elektrische Leitf\u00e4higkeit (EC), Oberfl\u00e4chentemperatur<\/p>\n<\/li>\n<li data-start=\"1510\" data-end=\"1568\">\n<p data-start=\"1512\" data-end=\"1568\"><strong data-start=\"1512\" data-end=\"1525\">Speicher:<\/strong> ca. 50.000 Messungen mit GPS-Koordinaten<\/p>\n<\/li>\n<li data-start=\"1569\" data-end=\"1651\">\n<p data-start=\"1571\" data-end=\"1651\"><strong data-start=\"1571\" data-end=\"1583\">Display:<\/strong> Beleuchtetes LCD f\u00fcr gute Lesbarkeit bei allen Lichtverh\u00e4ltnissen<\/p>\n<\/li>\n<li data-start=\"1652\" data-end=\"1735\">\n<p data-start=\"1654\" data-end=\"1735\"><strong data-start=\"1654\" data-end=\"1674\">Stromversorgung:<\/strong> Vier AA-Batterien (Lithium empfohlen f\u00fcr l\u00e4ngere Laufzeit)<\/p>\n<\/li>\n<li data-start=\"1736\" data-end=\"1829\">\n<p data-start=\"1738\" data-end=\"1829\"><strong data-start=\"1738\" data-end=\"1757\">Kompatibilit\u00e4t:<\/strong> FieldScout Mobile App &amp; SpecConnect Cloud f\u00fcr erweiterte Datenanalyse<\/p>\n<\/li>\n<\/ul>\n<hr data-start=\"1831\" data-end=\"1834\" \/>\n<h3 data-start=\"1836\" data-end=\"1881\"><strong data-start=\"1840\" data-end=\"1858\">Sondenoptionen<\/strong> <em data-start=\"1859\" data-end=\"1881\">(separat erh\u00e4ltlich)<\/em><\/h3>\n<ul data-start=\"1882\" data-end=\"1996\">\n<li data-start=\"1882\" data-end=\"1899\">\n<p data-start=\"1884\" data-end=\"1899\">1,5&#8243; (3,8 cm)<\/p>\n<\/li>\n<li data-start=\"1900\" data-end=\"1915\">\n<p data-start=\"1902\" data-end=\"1915\">3&#8243; (7,6 cm)<\/p>\n<\/li>\n<li data-start=\"1916\" data-end=\"1934\">\n<p data-start=\"1918\" data-end=\"1934\">4,8&#8243; (12,2 cm)<\/p>\n<\/li>\n<li data-start=\"1935\" data-end=\"1996\">\n<p data-start=\"1937\" data-end=\"1996\">8&#8243; (20 cm)<br data-start=\"1947\" data-end=\"1950\" \/>\u27a1 Auswahl je nach spezifischen Anforderungen<\/p>\n<\/li>\n<\/ul>\n<hr data-start=\"1998\" data-end=\"2001\" \/>\n<p data-start=\"2003\" data-end=\"2116\">\ud83d\udce9 <strong data-start=\"2006\" data-end=\"2053\">F\u00fcr ein Angebot oder weitere Informationen:<\/strong><br data-start=\"2053\" data-end=\"2056\" \/>E-Mail: <strong data-start=\"2064\" data-end=\"2084\"><a class=\"cursor-pointer\" rel=\"noopener\" data-start=\"2066\" data-end=\"2082\">pinova@pinova.hr<\/a><\/strong><br data-start=\"2084\" data-end=\"2087\" \/>Telefon: <strong data-start=\"2096\" data-end=\"2116\">+385 97 649 9425<\/strong><\/p>\n<p>Za vi\u0161e o odre\u0111ivanju vlage u tlu provjerite u \u010dlanku <a href=\"https:\/\/pinova-meteo.com\/blog\/metode-odredivanja-vlage-u-tlu\/%20%20\">Metode odre\u0111ivanja vlage u tlu<\/a><\/p>\n<p>Kako koristiti ure\u0111aj provjerite na <a href=\"https:\/\/www.youtube.com\/watch?v=o1DWtMovwPs\">Videu<\/a><\/p>\n","protected":false},"excerpt":{"rendered":"<p>FieldScout TDR 350 \u2013 Mobiler Bodensensor f\u00fcr Feuchtigkeit, Leitf\u00e4higkeit und Temperatur Der FieldScout TDR 350 ist ein fortschrittlicher mobiler Bodensensor, der pr\u00e4zise Messungen des volumetrischen Wassergehalts (VWC), der elektrischen Leitf\u00e4higkeit (EC) und der Oberfl\u00e4chentemperatur des Bodens erm\u00f6glicht.Das Ger\u00e4t wird von Spectrum Technologies, Inc. hergestellt \u2013 einem renommierten Unternehmen f\u00fcr landwirtschaftliche Messtechnik. Funktionsweise Der TDR 350 [&hellip;]<\/p>\n","protected":false},"featured_media":4200,"comment_status":"open","ping_status":"closed","template":"","meta":{"_et_pb_use_builder":"","_et_pb_old_content":"","_et_gb_content_width":""},"product_cat":[94],"product_tag":[],"class_list":{"0":"post-4235","1":"product","2":"type-product","3":"status-publish","4":"has-post-thumbnail","6":"product_cat-bodenfeuchtemessung","8":"first","9":"instock","10":"shipping-taxable","11":"product-type-simple"},"yoast_head":"<!-- This site is optimized with the Yoast SEO plugin v23.0 - https:\/\/yoast.com\/wordpress\/plugins\/seo\/ -->\n<title>Mobiler Bodenfeuchtesensor \u2013 TDR 350 FieldScout - Pinova Meteo<\/title>\n<meta name=\"description\" content=\"Mobiler Bodenfeuchtesensor \u2013 TDR 350 FieldScout\" \/>\n<meta name=\"robots\" content=\"index, follow, max-snippet:-1, max-image-preview:large, max-video-preview:-1\" \/>\n<link rel=\"canonical\" href=\"https:\/\/pinova-meteo.com\/de\/produkt\/mobiler-bodenfeuchtesensor-tdr-350-fieldscout\" \/>\n<meta property=\"og:locale\" content=\"de_DE\" \/>\n<meta property=\"og:type\" content=\"article\" \/>\n<meta property=\"og:title\" content=\"Mobiler Bodenfeuchtesensor \u2013 TDR 350 FieldScout - Pinova Meteo\" \/>\n<meta property=\"og:description\" content=\"Mobiler Bodenfeuchtesensor \u2013 TDR 350 FieldScout\" \/>\n<meta property=\"og:url\" content=\"https:\/\/pinova-meteo.com\/de\/produkt\/mobiler-bodenfeuchtesensor-tdr-350-fieldscout\" \/>\n<meta property=\"og:site_name\" content=\"Pinova Meteo\" \/>\n<meta property=\"article:modified_time\" content=\"2025-08-08T06:01:46+00:00\" \/>\n<meta property=\"og:image\" content=\"https:\/\/pinova-meteo.com\/wp-content\/uploads\/2025\/03\/TDR-350-Mobilni-senzor-za-mjerenje-vlage-u-tlu-velika-1.png\" \/>\n\t<meta property=\"og:image:width\" content=\"2624\" \/>\n\t<meta property=\"og:image:height\" content=\"1393\" \/>\n\t<meta property=\"og:image:type\" content=\"image\/png\" \/>\n<meta name=\"twitter:card\" content=\"summary_large_image\" \/>\n<meta name=\"twitter:label1\" content=\"Gesch\u00e4tzte Lesezeit\" \/>\n\t<meta name=\"twitter:data1\" content=\"2\u00a0Minuten\" \/>\n<script type=\"application\/ld+json\" class=\"yoast-schema-graph\">{\"@context\":\"https:\/\/schema.org\",\"@graph\":[{\"@type\":\"WebPage\",\"@id\":\"https:\/\/pinova-meteo.com\/de\/produkt\/mobiler-bodenfeuchtesensor-tdr-350-fieldscout\",\"url\":\"https:\/\/pinova-meteo.com\/de\/produkt\/mobiler-bodenfeuchtesensor-tdr-350-fieldscout\",\"name\":\"Mobiler Bodenfeuchtesensor \u2013 TDR 350 FieldScout - Pinova Meteo\",\"isPartOf\":{\"@id\":\"https:\/\/pinova-meteo.com\/de#website\"},\"primaryImageOfPage\":{\"@id\":\"https:\/\/pinova-meteo.com\/de\/produkt\/mobiler-bodenfeuchtesensor-tdr-350-fieldscout#primaryimage\"},\"image\":{\"@id\":\"https:\/\/pinova-meteo.com\/de\/produkt\/mobiler-bodenfeuchtesensor-tdr-350-fieldscout#primaryimage\"},\"thumbnailUrl\":\"https:\/\/pinova-meteo.com\/wp-content\/uploads\/2025\/03\/TDR-350-Mobilni-senzor-za-mjerenje-vlage-u-tlu-velika-1.png\",\"datePublished\":\"2025-03-12T08:59:05+00:00\",\"dateModified\":\"2025-08-08T06:01:46+00:00\",\"description\":\"Mobiler Bodenfeuchtesensor \u2013 TDR 350 FieldScout\",\"breadcrumb\":{\"@id\":\"https:\/\/pinova-meteo.com\/de\/produkt\/mobiler-bodenfeuchtesensor-tdr-350-fieldscout#breadcrumb\"},\"inLanguage\":\"de\",\"potentialAction\":[{\"@type\":\"ReadAction\",\"target\":[\"https:\/\/pinova-meteo.com\/de\/produkt\/mobiler-bodenfeuchtesensor-tdr-350-fieldscout\"]}]},{\"@type\":\"ImageObject\",\"inLanguage\":\"de\",\"@id\":\"https:\/\/pinova-meteo.com\/de\/produkt\/mobiler-bodenfeuchtesensor-tdr-350-fieldscout#primaryimage\",\"url\":\"https:\/\/pinova-meteo.com\/wp-content\/uploads\/2025\/03\/TDR-350-Mobilni-senzor-za-mjerenje-vlage-u-tlu-velika-1.png\",\"contentUrl\":\"https:\/\/pinova-meteo.com\/wp-content\/uploads\/2025\/03\/TDR-350-Mobilni-senzor-za-mjerenje-vlage-u-tlu-velika-1.png\",\"width\":2624,\"height\":1393},{\"@type\":\"BreadcrumbList\",\"@id\":\"https:\/\/pinova-meteo.com\/de\/produkt\/mobiler-bodenfeuchtesensor-tdr-350-fieldscout#breadcrumb\",\"itemListElement\":[{\"@type\":\"ListItem\",\"position\":1,\"name\":\"Po\u010detna stranica\",\"item\":\"https:\/\/pinova-meteo.com\/de\"},{\"@type\":\"ListItem\",\"position\":2,\"name\":\"Trgovina\",\"item\":\"https:\/\/pinova-meteo.com\/?page_id=7\"},{\"@type\":\"ListItem\",\"position\":3,\"name\":\"Mobiler Bodenfeuchtesensor \u2013 TDR 350 FieldScout\"}]},{\"@type\":\"WebSite\",\"@id\":\"https:\/\/pinova-meteo.com\/de#website\",\"url\":\"https:\/\/pinova-meteo.com\/de\",\"name\":\"Pinova Meteo\",\"description\":\"\",\"potentialAction\":[{\"@type\":\"SearchAction\",\"target\":{\"@type\":\"EntryPoint\",\"urlTemplate\":\"https:\/\/pinova-meteo.com\/de?s={search_term_string}\"},\"query-input\":\"required name=search_term_string\"}],\"inLanguage\":\"de\"}]}<\/script>\n<!-- \/ Yoast SEO plugin. -->","yoast_head_json":{"title":"Mobiler Bodenfeuchtesensor \u2013 TDR 350 FieldScout - Pinova Meteo","description":"Mobiler Bodenfeuchtesensor \u2013 TDR 350 FieldScout","robots":{"index":"index","follow":"follow","max-snippet":"max-snippet:-1","max-image-preview":"max-image-preview:large","max-video-preview":"max-video-preview:-1"},"canonical":"https:\/\/pinova-meteo.com\/de\/produkt\/mobiler-bodenfeuchtesensor-tdr-350-fieldscout","og_locale":"de_DE","og_type":"article","og_title":"Mobiler Bodenfeuchtesensor \u2013 TDR 350 FieldScout - Pinova Meteo","og_description":"Mobiler Bodenfeuchtesensor \u2013 TDR 350 FieldScout","og_url":"https:\/\/pinova-meteo.com\/de\/produkt\/mobiler-bodenfeuchtesensor-tdr-350-fieldscout","og_site_name":"Pinova Meteo","article_modified_time":"2025-08-08T06:01:46+00:00","og_image":[{"width":2624,"height":1393,"url":"https:\/\/pinova-meteo.com\/wp-content\/uploads\/2025\/03\/TDR-350-Mobilni-senzor-za-mjerenje-vlage-u-tlu-velika-1.png","type":"image\/png"}],"twitter_card":"summary_large_image","twitter_misc":{"Gesch\u00e4tzte Lesezeit":"2\u00a0Minuten"},"schema":{"@context":"https:\/\/schema.org","@graph":[{"@type":"WebPage","@id":"https:\/\/pinova-meteo.com\/de\/produkt\/mobiler-bodenfeuchtesensor-tdr-350-fieldscout","url":"https:\/\/pinova-meteo.com\/de\/produkt\/mobiler-bodenfeuchtesensor-tdr-350-fieldscout","name":"Mobiler Bodenfeuchtesensor \u2013 TDR 350 FieldScout - Pinova Meteo","isPartOf":{"@id":"https:\/\/pinova-meteo.com\/de#website"},"primaryImageOfPage":{"@id":"https:\/\/pinova-meteo.com\/de\/produkt\/mobiler-bodenfeuchtesensor-tdr-350-fieldscout#primaryimage"},"image":{"@id":"https:\/\/pinova-meteo.com\/de\/produkt\/mobiler-bodenfeuchtesensor-tdr-350-fieldscout#primaryimage"},"thumbnailUrl":"https:\/\/pinova-meteo.com\/wp-content\/uploads\/2025\/03\/TDR-350-Mobilni-senzor-za-mjerenje-vlage-u-tlu-velika-1.png","datePublished":"2025-03-12T08:59:05+00:00","dateModified":"2025-08-08T06:01:46+00:00","description":"Mobiler Bodenfeuchtesensor \u2013 TDR 350 FieldScout","breadcrumb":{"@id":"https:\/\/pinova-meteo.com\/de\/produkt\/mobiler-bodenfeuchtesensor-tdr-350-fieldscout#breadcrumb"},"inLanguage":"de","potentialAction":[{"@type":"ReadAction","target":["https:\/\/pinova-meteo.com\/de\/produkt\/mobiler-bodenfeuchtesensor-tdr-350-fieldscout"]}]},{"@type":"ImageObject","inLanguage":"de","@id":"https:\/\/pinova-meteo.com\/de\/produkt\/mobiler-bodenfeuchtesensor-tdr-350-fieldscout#primaryimage","url":"https:\/\/pinova-meteo.com\/wp-content\/uploads\/2025\/03\/TDR-350-Mobilni-senzor-za-mjerenje-vlage-u-tlu-velika-1.png","contentUrl":"https:\/\/pinova-meteo.com\/wp-content\/uploads\/2025\/03\/TDR-350-Mobilni-senzor-za-mjerenje-vlage-u-tlu-velika-1.png","width":2624,"height":1393},{"@type":"BreadcrumbList","@id":"https:\/\/pinova-meteo.com\/de\/produkt\/mobiler-bodenfeuchtesensor-tdr-350-fieldscout#breadcrumb","itemListElement":[{"@type":"ListItem","position":1,"name":"Po\u010detna stranica","item":"https:\/\/pinova-meteo.com\/de"},{"@type":"ListItem","position":2,"name":"Trgovina","item":"https:\/\/pinova-meteo.com\/?page_id=7"},{"@type":"ListItem","position":3,"name":"Mobiler Bodenfeuchtesensor \u2013 TDR 350 FieldScout"}]},{"@type":"WebSite","@id":"https:\/\/pinova-meteo.com\/de#website","url":"https:\/\/pinova-meteo.com\/de","name":"Pinova Meteo","description":"","potentialAction":[{"@type":"SearchAction","target":{"@type":"EntryPoint","urlTemplate":"https:\/\/pinova-meteo.com\/de?s={search_term_string}"},"query-input":"required name=search_term_string"}],"inLanguage":"de"}]}},"_links":{"self":[{"href":"https:\/\/pinova-meteo.com\/de\/wp-json\/wp\/v2\/product\/4235","targetHints":{"allow":["GET"]}}],"collection":[{"href":"https:\/\/pinova-meteo.com\/de\/wp-json\/wp\/v2\/product"}],"about":[{"href":"https:\/\/pinova-meteo.com\/de\/wp-json\/wp\/v2\/types\/product"}],"replies":[{"embeddable":true,"href":"https:\/\/pinova-meteo.com\/de\/wp-json\/wp\/v2\/comments?post=4235"}],"wp:featuredmedia":[{"embeddable":true,"href":"https:\/\/pinova-meteo.com\/de\/wp-json\/wp\/v2\/media\/4200"}],"wp:attachment":[{"href":"https:\/\/pinova-meteo.com\/de\/wp-json\/wp\/v2\/media?parent=4235"}],"wp:term":[{"taxonomy":"product_cat","embeddable":true,"href":"https:\/\/pinova-meteo.com\/de\/wp-json\/wp\/v2\/product_cat?post=4235"},{"taxonomy":"product_tag","embeddable":true,"href":"https:\/\/pinova-meteo.com\/de\/wp-json\/wp\/v2\/product_tag?post=4235"}],"curies":[{"name":"wp","href":"https:\/\/api.w.org\/{rel}","templated":true}]}}