{"id":4237,"date":"2024-09-27T10:03:33","date_gmt":"2024-09-27T08:03:33","guid":{"rendered":"https:\/\/pinova-meteo.com\/proizvod\/ostali-ecomatik-senzori"},"modified":"2025-08-08T08:00:07","modified_gmt":"2025-08-08T06:00:07","slug":"weitere-ecomatik-sensoren","status":"publish","type":"product","link":"https:\/\/pinova-meteo.com\/de\/produkt\/weitere-ecomatik-sensoren","title":{"rendered":"Weitere Ecomatik\u2011Sensoren"},"content":{"rendered":"<h2 data-start=\"174\" data-end=\"253\"><strong data-start=\"177\" data-end=\"251\">LAT-B3: Sensor f\u00fcr Blatt- und Lufttemperatur (breitbl\u00e4ttrige Pflanzen)<\/strong><\/h2>\n<p data-start=\"254\" data-end=\"466\">Der <strong data-start=\"258\" data-end=\"268\">LAT-B3<\/strong>-Sensor erm\u00f6glicht <strong data-start=\"287\" data-end=\"337\">direkte, kontinuierliche und pr\u00e4zise Messungen<\/strong> der Blatt- und Lufttemperatur in der Umgebung.<br data-start=\"384\" data-end=\"387\" \/>Er ist mit <strong data-start=\"398\" data-end=\"425\">zwei Mikro-Thermistoren<\/strong> ausgestattet, die gleichzeitig messen:<\/p>\n<ul data-start=\"467\" data-end=\"543\">\n<li data-start=\"467\" data-end=\"513\">\n<p data-start=\"469\" data-end=\"513\"><strong data-start=\"469\" data-end=\"478\">Tleaf<\/strong> \u2013 Temperatur der Blattoberfl\u00e4che<\/p>\n<\/li>\n<li data-start=\"514\" data-end=\"543\">\n<p data-start=\"516\" data-end=\"543\"><strong data-start=\"516\" data-end=\"524\">Tair<\/strong> \u2013 Lufttemperatur<\/p>\n<\/li>\n<\/ul>\n<p data-start=\"545\" data-end=\"861\">Durch werkseitig kalibrierte Thermistoren kann der <strong data-start=\"596\" data-end=\"670\">Temperaturunterschied zwischen Blatt und Umgebungsluft (\u0394Tleaf-to-air)<\/strong> exakt berechnet werden \u2013 f\u00fcr maximale Messgenauigkeit.<br data-start=\"725\" data-end=\"728\" \/>Der Sensor ist <strong data-start=\"743\" data-end=\"753\">leicht<\/strong>, einfach mit einem <strong data-start=\"773\" data-end=\"801\">Magnet-Schnellverschluss<\/strong> zu montieren und ideal f\u00fcr <strong data-start=\"829\" data-end=\"860\">Langzeitmessungen im Freien<\/strong>.<\/p>\n<p data-start=\"545\" data-end=\"861\"><img loading=\"lazy\" decoding=\"async\" class=\"size-medium wp-image-3733 aligncenter\" src=\"https:\/\/pinova-meteo.com\/wp-content\/uploads\/2024\/09\/Ostali-Ecomatik-senzori-300x216.jpg\" alt=\"\" width=\"300\" height=\"216\" \/><\/p>\n<p data-start=\"863\" data-end=\"976\">\ud83d\udce9 <strong data-start=\"866\" data-end=\"913\">F\u00fcr weitere Informationen oder ein Angebot:<\/strong><br data-start=\"913\" data-end=\"916\" \/>E-Mail: <strong data-start=\"924\" data-end=\"944\"><a class=\"cursor-pointer\" rel=\"noopener\" data-start=\"926\" data-end=\"942\">pinova@pinova.hr<\/a><\/strong><br data-start=\"944\" data-end=\"947\" \/>Telefon: <strong data-start=\"956\" data-end=\"976\">+385 97 649 9425<\/strong><\/p>\n<hr data-start=\"978\" data-end=\"981\" \/>\n<h2 data-start=\"983\" data-end=\"1034\"><strong data-start=\"986\" data-end=\"1032\">SMT100: Bodenfeuchte- und Temperatursensor<\/strong><\/h2>\n<p data-start=\"1035\" data-end=\"1389\">Der <strong data-start=\"1039\" data-end=\"1049\">SMT100<\/strong>-Sensor eignet sich perfekt zur <strong data-start=\"1081\" data-end=\"1125\">Messung von Bodenfeuchte und -temperatur<\/strong> und erm\u00f6glicht eine <strong data-start=\"1146\" data-end=\"1182\">pr\u00e4zise Analyse der Wasserbilanz<\/strong> im Boden.<br data-start=\"1192\" data-end=\"1195\" \/>Mit seiner <strong data-start=\"1206\" data-end=\"1239\">hohen Messfrequenz (&gt;100 MHz)<\/strong> liefert er zuverl\u00e4ssige Ergebnisse \u2013 selbst in schweren Lehmb\u00f6den.<br data-start=\"1306\" data-end=\"1309\" \/>Ein integrierter Temperatursensor liefert zus\u00e4tzliche Daten zur Bodentemperatur.<\/p>\n<p data-start=\"1391\" data-end=\"1587\"><strong data-start=\"1391\" data-end=\"1420\">Hauptvorteile des SMT100:<\/strong><br data-start=\"1420\" data-end=\"1423\" \/>\u2705 Hohe Messgenauigkeit in allen Bodenarten<br data-start=\"1465\" data-end=\"1468\" \/>\u2705 Unempfindlich gegen\u00fcber Salzgehalt und extremen Witterungsbedingungen<br data-start=\"1539\" data-end=\"1542\" \/>\u2705 Wasserdicht, frostbest\u00e4ndig und langlebig<\/p>\n<p data-start=\"1391\" data-end=\"1587\"><img loading=\"lazy\" decoding=\"async\" class=\"size-medium wp-image-3857 aligncenter\" src=\"https:\/\/pinova-meteo.com\/wp-content\/uploads\/2024\/09\/3_smt100_lr.0x1200-225x300.jpg\" alt=\"\" width=\"225\" height=\"300\" \/><\/p>\n<p data-start=\"1589\" data-end=\"1693\">Anwendungsbereiche: <strong data-start=\"1609\" data-end=\"1638\">Wissenschaftliche Studien<\/strong> und <strong data-start=\"1643\" data-end=\"1668\">Bew\u00e4sserungssteuerung<\/strong> in der Landwirtschaft.<\/p>\n<hr data-start=\"1695\" data-end=\"1698\" \/>\n<h2 data-start=\"1700\" data-end=\"1772\"><strong data-start=\"1703\" data-end=\"1770\">T-Serie: Sensoren f\u00fcr Gewebe-, Oberfl\u00e4chen- und Bodentemperatur<\/strong><\/h2>\n<p data-start=\"1773\" data-end=\"1952\">Unsere <strong data-start=\"1780\" data-end=\"1791\">T-Serie<\/strong>-Sensoren sind f\u00fcr <strong data-start=\"1810\" data-end=\"1861\">kontinuierliche und pr\u00e4zise Temperaturmessungen<\/strong> in verschiedensten Umgebungen ausgelegt \u2013 von Pflanzen \u00fcber Oberfl\u00e4chen bis hin zum Boden.<\/p>\n<p data-start=\"1954\" data-end=\"1981\"><strong data-start=\"1954\" data-end=\"1979\">Verf\u00fcgbare Varianten:<\/strong><\/p>\n<ul data-start=\"1982\" data-end=\"2191\">\n<li data-start=\"1982\" data-end=\"2047\">\n<p data-start=\"1984\" data-end=\"2047\"><strong data-start=\"1984\" data-end=\"1996\">T-Tissue<\/strong> \u2013 Messung der Innentemperatur von Pflanzenteilen<\/p>\n<\/li>\n<li data-start=\"2048\" data-end=\"2127\">\n<p data-start=\"2050\" data-end=\"2127\"><strong data-start=\"2050\" data-end=\"2063\">T-Surface<\/strong> \u2013 Messung der Oberfl\u00e4chentemperatur von Pflanzen und Objekten<\/p>\n<\/li>\n<li data-start=\"2128\" data-end=\"2191\">\n<p data-start=\"2130\" data-end=\"2191\"><strong data-start=\"2130\" data-end=\"2140\">T-Soil<\/strong> \u2013 Messung der Bodentemperatur, auch unter Wasser<\/p>\n<\/li>\n<\/ul>\n<p data-start=\"2193\" data-end=\"2351\">Dank <strong data-start=\"2198\" data-end=\"2235\">extrem niedrigem Energieverbrauch<\/strong> sind T-Serie-Sensoren ideal f\u00fcr <strong data-start=\"2268\" data-end=\"2303\">batteriebetriebene IoT-L\u00f6sungen<\/strong> und perfekt f\u00fcr <strong data-start=\"2320\" data-end=\"2350\">Langzeiteins\u00e4tze im Freien<\/strong>.<\/p>\n<p data-start=\"2193\" data-end=\"2351\"><img loading=\"lazy\" decoding=\"async\" class=\"size-medium wp-image-3859 aligncenter\" src=\"https:\/\/pinova-meteo.com\/wp-content\/uploads\/2024\/09\/t-tissue_1_lr.0x1200-300x300.jpg\" alt=\"\" width=\"300\" height=\"300\" \/><\/p>\n<p>&nbsp;<\/p>\n<p>&nbsp;<\/p>\n","protected":false},"excerpt":{"rendered":"<p>LAT-B3: Sensor f\u00fcr Blatt- und Lufttemperatur (breitbl\u00e4ttrige Pflanzen) Der LAT-B3-Sensor erm\u00f6glicht direkte, kontinuierliche und pr\u00e4zise Messungen der Blatt- und Lufttemperatur in der Umgebung.Er ist mit zwei Mikro-Thermistoren ausgestattet, die gleichzeitig messen: Tleaf \u2013 Temperatur der Blattoberfl\u00e4che Tair \u2013 Lufttemperatur Durch werkseitig kalibrierte Thermistoren kann der Temperaturunterschied zwischen Blatt und Umgebungsluft (\u0394Tleaf-to-air) exakt berechnet werden \u2013 [&hellip;]<\/p>\n","protected":false},"featured_media":4211,"comment_status":"open","ping_status":"closed","template":"","meta":{"_et_pb_use_builder":"","_et_pb_old_content":"","_et_gb_content_width":""},"product_cat":[87,92],"product_tag":[],"class_list":{"0":"post-4237","1":"product","2":"type-product","3":"status-publish","4":"has-post-thumbnail","6":"product_cat-sensoren","7":"product_cat-stamm","9":"first","10":"instock","11":"shipping-taxable","12":"product-type-simple"},"yoast_head":"<!-- This site is optimized with the Yoast SEO plugin v23.0 - https:\/\/yoast.com\/wordpress\/plugins\/seo\/ -->\n<title>Weitere Ecomatik\u2011Sensoren - Pinova Meteo<\/title>\n<meta name=\"description\" content=\"Weitere Ecomatik-Sensoren: LAT-B3 f\u00fcr Blatt- und Lufttemperatur, SMT100 f\u00fcr Bodenfeuchte und -temperatur, T-Serie f\u00fcr Gewebe-, Oberfl\u00e4chen- und Bodentemperatur.\" \/>\n<meta name=\"robots\" content=\"index, follow, max-snippet:-1, max-image-preview:large, max-video-preview:-1\" \/>\n<link rel=\"canonical\" href=\"https:\/\/pinova-meteo.com\/de\/produkt\/weitere-ecomatik-sensoren\" \/>\n<meta property=\"og:locale\" content=\"de_DE\" \/>\n<meta property=\"og:type\" content=\"article\" \/>\n<meta property=\"og:title\" content=\"Weitere Ecomatik\u2011Sensoren - Pinova Meteo\" \/>\n<meta property=\"og:description\" content=\"Weitere Ecomatik-Sensoren: LAT-B3 f\u00fcr Blatt- und Lufttemperatur, SMT100 f\u00fcr Bodenfeuchte und -temperatur, T-Serie f\u00fcr Gewebe-, Oberfl\u00e4chen- und Bodentemperatur.\" \/>\n<meta property=\"og:url\" content=\"https:\/\/pinova-meteo.com\/de\/produkt\/weitere-ecomatik-sensoren\" \/>\n<meta property=\"og:site_name\" content=\"Pinova Meteo\" \/>\n<meta property=\"article:modified_time\" content=\"2025-08-08T06:00:07+00:00\" \/>\n<meta property=\"og:image\" content=\"https:\/\/pinova-meteo.com\/wp-content\/uploads\/2024\/09\/Ostali-Ecomatik-senzori.jpg\" \/>\n\t<meta property=\"og:image:width\" content=\"750\" \/>\n\t<meta property=\"og:image:height\" content=\"540\" \/>\n\t<meta property=\"og:image:type\" content=\"image\/jpeg\" \/>\n<meta name=\"twitter:card\" content=\"summary_large_image\" \/>\n<meta name=\"twitter:label1\" content=\"Gesch\u00e4tzte Lesezeit\" \/>\n\t<meta name=\"twitter:data1\" content=\"3\u00a0Minuten\" \/>\n<script type=\"application\/ld+json\" class=\"yoast-schema-graph\">{\"@context\":\"https:\/\/schema.org\",\"@graph\":[{\"@type\":\"WebPage\",\"@id\":\"https:\/\/pinova-meteo.com\/de\/produkt\/weitere-ecomatik-sensoren\",\"url\":\"https:\/\/pinova-meteo.com\/de\/produkt\/weitere-ecomatik-sensoren\",\"name\":\"Weitere Ecomatik\u2011Sensoren - Pinova Meteo\",\"isPartOf\":{\"@id\":\"https:\/\/pinova-meteo.com\/de#website\"},\"primaryImageOfPage\":{\"@id\":\"https:\/\/pinova-meteo.com\/de\/produkt\/weitere-ecomatik-sensoren#primaryimage\"},\"image\":{\"@id\":\"https:\/\/pinova-meteo.com\/de\/produkt\/weitere-ecomatik-sensoren#primaryimage\"},\"thumbnailUrl\":\"https:\/\/pinova-meteo.com\/wp-content\/uploads\/2024\/09\/Ostali-Ecomatik-senzori.jpg\",\"datePublished\":\"2024-09-27T08:03:33+00:00\",\"dateModified\":\"2025-08-08T06:00:07+00:00\",\"description\":\"Weitere Ecomatik-Sensoren: LAT-B3 f\u00fcr Blatt- und Lufttemperatur, SMT100 f\u00fcr Bodenfeuchte und -temperatur, T-Serie f\u00fcr Gewebe-, Oberfl\u00e4chen- und Bodentemperatur.\",\"breadcrumb\":{\"@id\":\"https:\/\/pinova-meteo.com\/de\/produkt\/weitere-ecomatik-sensoren#breadcrumb\"},\"inLanguage\":\"de\",\"potentialAction\":[{\"@type\":\"ReadAction\",\"target\":[\"https:\/\/pinova-meteo.com\/de\/produkt\/weitere-ecomatik-sensoren\"]}]},{\"@type\":\"ImageObject\",\"inLanguage\":\"de\",\"@id\":\"https:\/\/pinova-meteo.com\/de\/produkt\/weitere-ecomatik-sensoren#primaryimage\",\"url\":\"https:\/\/pinova-meteo.com\/wp-content\/uploads\/2024\/09\/Ostali-Ecomatik-senzori.jpg\",\"contentUrl\":\"https:\/\/pinova-meteo.com\/wp-content\/uploads\/2024\/09\/Ostali-Ecomatik-senzori.jpg\",\"width\":750,\"height\":540},{\"@type\":\"BreadcrumbList\",\"@id\":\"https:\/\/pinova-meteo.com\/de\/produkt\/weitere-ecomatik-sensoren#breadcrumb\",\"itemListElement\":[{\"@type\":\"ListItem\",\"position\":1,\"name\":\"Po\u010detna stranica\",\"item\":\"https:\/\/pinova-meteo.com\/de\"},{\"@type\":\"ListItem\",\"position\":2,\"name\":\"Trgovina\",\"item\":\"https:\/\/pinova-meteo.com\/?page_id=7\"},{\"@type\":\"ListItem\",\"position\":3,\"name\":\"Weitere Ecomatik\u2011Sensoren\"}]},{\"@type\":\"WebSite\",\"@id\":\"https:\/\/pinova-meteo.com\/de#website\",\"url\":\"https:\/\/pinova-meteo.com\/de\",\"name\":\"Pinova Meteo\",\"description\":\"\",\"potentialAction\":[{\"@type\":\"SearchAction\",\"target\":{\"@type\":\"EntryPoint\",\"urlTemplate\":\"https:\/\/pinova-meteo.com\/de?s={search_term_string}\"},\"query-input\":\"required name=search_term_string\"}],\"inLanguage\":\"de\"}]}<\/script>\n<!-- \/ Yoast SEO plugin. -->","yoast_head_json":{"title":"Weitere Ecomatik\u2011Sensoren - Pinova Meteo","description":"Weitere Ecomatik-Sensoren: LAT-B3 f\u00fcr Blatt- und Lufttemperatur, SMT100 f\u00fcr Bodenfeuchte und -temperatur, T-Serie f\u00fcr Gewebe-, Oberfl\u00e4chen- und Bodentemperatur.","robots":{"index":"index","follow":"follow","max-snippet":"max-snippet:-1","max-image-preview":"max-image-preview:large","max-video-preview":"max-video-preview:-1"},"canonical":"https:\/\/pinova-meteo.com\/de\/produkt\/weitere-ecomatik-sensoren","og_locale":"de_DE","og_type":"article","og_title":"Weitere Ecomatik\u2011Sensoren - Pinova Meteo","og_description":"Weitere Ecomatik-Sensoren: LAT-B3 f\u00fcr Blatt- und Lufttemperatur, SMT100 f\u00fcr Bodenfeuchte und -temperatur, T-Serie f\u00fcr Gewebe-, Oberfl\u00e4chen- und Bodentemperatur.","og_url":"https:\/\/pinova-meteo.com\/de\/produkt\/weitere-ecomatik-sensoren","og_site_name":"Pinova Meteo","article_modified_time":"2025-08-08T06:00:07+00:00","og_image":[{"width":750,"height":540,"url":"https:\/\/pinova-meteo.com\/wp-content\/uploads\/2024\/09\/Ostali-Ecomatik-senzori.jpg","type":"image\/jpeg"}],"twitter_card":"summary_large_image","twitter_misc":{"Gesch\u00e4tzte Lesezeit":"3\u00a0Minuten"},"schema":{"@context":"https:\/\/schema.org","@graph":[{"@type":"WebPage","@id":"https:\/\/pinova-meteo.com\/de\/produkt\/weitere-ecomatik-sensoren","url":"https:\/\/pinova-meteo.com\/de\/produkt\/weitere-ecomatik-sensoren","name":"Weitere Ecomatik\u2011Sensoren - Pinova Meteo","isPartOf":{"@id":"https:\/\/pinova-meteo.com\/de#website"},"primaryImageOfPage":{"@id":"https:\/\/pinova-meteo.com\/de\/produkt\/weitere-ecomatik-sensoren#primaryimage"},"image":{"@id":"https:\/\/pinova-meteo.com\/de\/produkt\/weitere-ecomatik-sensoren#primaryimage"},"thumbnailUrl":"https:\/\/pinova-meteo.com\/wp-content\/uploads\/2024\/09\/Ostali-Ecomatik-senzori.jpg","datePublished":"2024-09-27T08:03:33+00:00","dateModified":"2025-08-08T06:00:07+00:00","description":"Weitere Ecomatik-Sensoren: LAT-B3 f\u00fcr Blatt- und Lufttemperatur, SMT100 f\u00fcr Bodenfeuchte und -temperatur, T-Serie f\u00fcr Gewebe-, Oberfl\u00e4chen- und Bodentemperatur.","breadcrumb":{"@id":"https:\/\/pinova-meteo.com\/de\/produkt\/weitere-ecomatik-sensoren#breadcrumb"},"inLanguage":"de","potentialAction":[{"@type":"ReadAction","target":["https:\/\/pinova-meteo.com\/de\/produkt\/weitere-ecomatik-sensoren"]}]},{"@type":"ImageObject","inLanguage":"de","@id":"https:\/\/pinova-meteo.com\/de\/produkt\/weitere-ecomatik-sensoren#primaryimage","url":"https:\/\/pinova-meteo.com\/wp-content\/uploads\/2024\/09\/Ostali-Ecomatik-senzori.jpg","contentUrl":"https:\/\/pinova-meteo.com\/wp-content\/uploads\/2024\/09\/Ostali-Ecomatik-senzori.jpg","width":750,"height":540},{"@type":"BreadcrumbList","@id":"https:\/\/pinova-meteo.com\/de\/produkt\/weitere-ecomatik-sensoren#breadcrumb","itemListElement":[{"@type":"ListItem","position":1,"name":"Po\u010detna stranica","item":"https:\/\/pinova-meteo.com\/de"},{"@type":"ListItem","position":2,"name":"Trgovina","item":"https:\/\/pinova-meteo.com\/?page_id=7"},{"@type":"ListItem","position":3,"name":"Weitere Ecomatik\u2011Sensoren"}]},{"@type":"WebSite","@id":"https:\/\/pinova-meteo.com\/de#website","url":"https:\/\/pinova-meteo.com\/de","name":"Pinova Meteo","description":"","potentialAction":[{"@type":"SearchAction","target":{"@type":"EntryPoint","urlTemplate":"https:\/\/pinova-meteo.com\/de?s={search_term_string}"},"query-input":"required name=search_term_string"}],"inLanguage":"de"}]}},"_links":{"self":[{"href":"https:\/\/pinova-meteo.com\/de\/wp-json\/wp\/v2\/product\/4237","targetHints":{"allow":["GET"]}}],"collection":[{"href":"https:\/\/pinova-meteo.com\/de\/wp-json\/wp\/v2\/product"}],"about":[{"href":"https:\/\/pinova-meteo.com\/de\/wp-json\/wp\/v2\/types\/product"}],"replies":[{"embeddable":true,"href":"https:\/\/pinova-meteo.com\/de\/wp-json\/wp\/v2\/comments?post=4237"}],"wp:featuredmedia":[{"embeddable":true,"href":"https:\/\/pinova-meteo.com\/de\/wp-json\/wp\/v2\/media\/4211"}],"wp:attachment":[{"href":"https:\/\/pinova-meteo.com\/de\/wp-json\/wp\/v2\/media?parent=4237"}],"wp:term":[{"taxonomy":"product_cat","embeddable":true,"href":"https:\/\/pinova-meteo.com\/de\/wp-json\/wp\/v2\/product_cat?post=4237"},{"taxonomy":"product_tag","embeddable":true,"href":"https:\/\/pinova-meteo.com\/de\/wp-json\/wp\/v2\/product_tag?post=4237"}],"curies":[{"name":"wp","href":"https:\/\/api.w.org\/{rel}","templated":true}]}}