{"id":4238,"date":"2024-09-27T10:03:19","date_gmt":"2024-09-27T08:03:19","guid":{"rendered":"https:\/\/pinova-meteo.com\/proizvod\/senzor-vodnog-potencijala-biljke"},"modified":"2025-08-08T07:56:32","modified_gmt":"2025-08-08T05:56:32","slug":"sensor-fur-pflanzenwasserpotential","status":"publish","type":"product","link":"https:\/\/pinova-meteo.com\/de\/produkt\/sensor-fur-pflanzenwasserpotential","title":{"rendered":"Sensor f\u00fcr Pflanzenwasserpotential"},"content":{"rendered":"<h2 data-start=\"147\" data-end=\"184\"><strong data-start=\"150\" data-end=\"182\">FloraPulse Mikro-Tensiometer<\/strong><\/h2>\n<p data-start=\"185\" data-end=\"554\">Der <strong data-start=\"189\" data-end=\"221\">FloraPulse Mikro-Tensiometer<\/strong> ist ein innovativer und bew\u00e4hrter <strong data-start=\"256\" data-end=\"271\">MEMS-Sensor<\/strong> (<em data-start=\"273\" data-end=\"306\">Micro-Electro-Mechanical System<\/em>) zur <strong data-start=\"312\" data-end=\"361\">kontinuierlichen Messung des Wasserpotenzials<\/strong> bei verholzten Pflanzen.<br data-start=\"386\" data-end=\"389\" \/>Die im Sensor verwendete <strong data-start=\"414\" data-end=\"444\">nanopor\u00f6se Siliziummembran<\/strong> mit einer Porengr\u00f6\u00dfe von ca. <strong data-start=\"474\" data-end=\"490\">2 Nanometern<\/strong> erm\u00f6glicht Messungen des Wasserpotenzials bis zu <strong data-start=\"540\" data-end=\"551\">-35 bar<\/strong>!<\/p>\n<p data-start=\"556\" data-end=\"906\">Nach einer einfachen Installation (ca. 20\u201330 Minuten), bei der der Mikrochipsensor direkt in das Holzgewebe der Pflanze eingesetzt wird, liefert der Sensor <strong data-start=\"712\" data-end=\"749\">direkte und kontinuierliche Daten<\/strong> zum Wasserpotenzial.<br data-start=\"770\" data-end=\"773\" \/>Damit ersetzt er zeitaufwendige, teure und nicht immer zuverl\u00e4ssige manuelle Messungen mit der Druckkammer (<em data-start=\"881\" data-end=\"896\">Pressure Bomb<\/em>) im Feld.<\/p>\n<p data-start=\"908\" data-end=\"1008\">\ud83d\udce9 <strong data-start=\"911\" data-end=\"945\">Beratung, Angebot oder Fragen:<\/strong><br data-start=\"945\" data-end=\"948\" \/>E-Mail: <strong data-start=\"956\" data-end=\"976\"><a class=\"cursor-pointer\" rel=\"noopener\" data-start=\"958\" data-end=\"974\">pinova@pinova.hr<\/a><\/strong><br data-start=\"976\" data-end=\"979\" \/>Telefon: <strong data-start=\"988\" data-end=\"1008\">+385 97 649 9425<\/strong><\/p>\n<hr data-start=\"1010\" data-end=\"1013\" \/>\n<h3 data-start=\"1015\" data-end=\"1031\"><strong data-start=\"1019\" data-end=\"1031\">Vorteile<\/strong><\/h3>\n<p data-start=\"1032\" data-end=\"1489\">\u2705 Kontinuierliche Echtzeitdaten zum Wasserpotenzial<br data-start=\"1083\" data-end=\"1086\" \/>\u2705 Installation bleibt \u00fcber ein Jahr im gleichen Baum m\u00f6glich <em data-start=\"1147\" data-end=\"1185\">(eingeschr\u00e4nkt bei Frostbedingungen)<\/em><br data-start=\"1185\" data-end=\"1188\" \/>\u2705 Einfache Installation in weniger als 30 Minuten<br data-start=\"1237\" data-end=\"1240\" \/>\u2705 Wind- und regenfeste Montage \u2013 f\u00fcr Feldeinsatz optimiert<br data-start=\"1298\" data-end=\"1301\" \/>\u2705 Extrem geringer Energieverbrauch \u2013 ideal f\u00fcr IoT-Anwendungen<br data-start=\"1363\" data-end=\"1366\" \/>\u2705 Kompatibel mit vielen Datenloggern<br data-start=\"1402\" data-end=\"1405\" \/><em data-start=\"1408\" data-end=\"1487\">(analoger Sensor mit differenziellem mV-Signal oder digitaler SDI-12-Ausgang)<\/em><\/p>\n<p><img loading=\"lazy\" decoding=\"async\" class=\"size-medium wp-image-3850 aligncenter\" src=\"https:\/\/pinova-meteo.com\/wp-content\/uploads\/2024\/09\/florapulse_in_almond.0x1200-225x300.jpg\" alt=\"\" width=\"225\" height=\"300\" \/>\u00a0 \u00a0 \u00a0 \u00a0 \u00a0 \u00a0 \u00a0 \u00a0 \u00a0 \u00a0 \u00a0 \u00a0 \u00a0 \u00a0 \u00a0\u00a0 \u00a0<img loading=\"lazy\" decoding=\"async\" class=\"size-medium wp-image-3854 aligncenter\" src=\"https:\/\/pinova-meteo.com\/wp-content\/uploads\/2024\/09\/florapulse_with_shield_on_almond.0x1200-Copy-212x300.jpg\" alt=\"\" width=\"212\" height=\"300\" \/><\/p>\n<p><img loading=\"lazy\" decoding=\"async\" class=\"size-medium wp-image-3852 aligncenter\" src=\"https:\/\/pinova-meteo.com\/wp-content\/uploads\/2024\/09\/florapulse_in_grape.0x1200-300x200.jpg\" alt=\"\" width=\"300\" height=\"200\" \/><\/p>\n<p>&nbsp;<\/p>\n<p>&nbsp;<\/p>\n<p>&nbsp;<\/p>\n<p>&nbsp;<\/p>\n<h3 data-start=\"1486\" data-end=\"1509\"><strong data-start=\"1490\" data-end=\"1509\">Einschr\u00e4nkungen<\/strong><\/h3>\n<p data-start=\"1510\" data-end=\"1663\">\u26a0 Bei sehr niedrigen Wasserpotenzialen (&lt; -15 bar) kann es zu <strong data-start=\"1572\" data-end=\"1596\">Kavitation im Sensor<\/strong> kommen<br data-start=\"1603\" data-end=\"1606\" \/>\u26a0 Temperaturen unter 0 \u00b0C k\u00f6nnen den Sensor besch\u00e4digen<\/p>\n<p><img loading=\"lazy\" decoding=\"async\" class=\"size-medium wp-image-3848 aligncenter\" src=\"https:\/\/pinova-meteo.com\/wp-content\/uploads\/2024\/09\/florapulse_comparison_pressure_chamber.0x1200-300x258.jpg\" alt=\"\" width=\"300\" height=\"258\" \/><\/p>\n","protected":false},"excerpt":{"rendered":"<p>FloraPulse Mikro-Tensiometer Der FloraPulse Mikro-Tensiometer ist ein innovativer und bew\u00e4hrter MEMS-Sensor (Micro-Electro-Mechanical System) zur kontinuierlichen Messung des Wasserpotenzials bei verholzten Pflanzen.Die im Sensor verwendete nanopor\u00f6se Siliziummembran mit einer Porengr\u00f6\u00dfe von ca. 2 Nanometern erm\u00f6glicht Messungen des Wasserpotenzials bis zu -35 bar! Nach einer einfachen Installation (ca. 20\u201330 Minuten), bei der der Mikrochipsensor direkt in das [&hellip;]<\/p>\n","protected":false},"featured_media":4216,"comment_status":"open","ping_status":"closed","template":"","meta":{"_et_pb_use_builder":"","_et_pb_old_content":"","_et_gb_content_width":""},"product_cat":[87,92],"product_tag":[],"class_list":{"0":"post-4238","1":"product","2":"type-product","3":"status-publish","4":"has-post-thumbnail","6":"product_cat-sensoren","7":"product_cat-stamm","9":"first","10":"instock","11":"shipping-taxable","12":"product-type-simple"},"yoast_head":"<!-- This site is optimized with the Yoast SEO plugin v23.0 - https:\/\/yoast.com\/wordpress\/plugins\/seo\/ -->\n<title>Sensor f\u00fcr Pflanzenwasserpotential - Pinova Meteo<\/title>\n<meta name=\"description\" content=\"Sensor f\u00fcr Pflanzenwasserpotential - Der FloraPulse Mikro-Tensiometer ist ein innovativer und bew\u00e4hrter MEMS-Sensor (Micro-Electro-Mechanical System) zur...\" \/>\n<meta name=\"robots\" content=\"index, follow, max-snippet:-1, max-image-preview:large, max-video-preview:-1\" \/>\n<link rel=\"canonical\" href=\"https:\/\/pinova-meteo.com\/de\/produkt\/sensor-fur-pflanzenwasserpotential\" \/>\n<meta property=\"og:locale\" content=\"de_DE\" \/>\n<meta property=\"og:type\" content=\"article\" \/>\n<meta property=\"og:title\" content=\"Sensor f\u00fcr Pflanzenwasserpotential - Pinova Meteo\" \/>\n<meta property=\"og:description\" content=\"Sensor f\u00fcr Pflanzenwasserpotential - Der FloraPulse Mikro-Tensiometer ist ein innovativer und bew\u00e4hrter MEMS-Sensor (Micro-Electro-Mechanical System) zur...\" \/>\n<meta property=\"og:url\" content=\"https:\/\/pinova-meteo.com\/de\/produkt\/sensor-fur-pflanzenwasserpotential\" \/>\n<meta property=\"og:site_name\" content=\"Pinova Meteo\" \/>\n<meta property=\"article:modified_time\" content=\"2025-08-08T05:56:32+00:00\" \/>\n<meta property=\"og:image\" content=\"https:\/\/pinova-meteo.com\/wp-content\/uploads\/2024\/09\/florapulse_in_grape.0x1200.jpg\" \/>\n\t<meta property=\"og:image:width\" content=\"908\" \/>\n\t<meta property=\"og:image:height\" content=\"606\" \/>\n\t<meta property=\"og:image:type\" content=\"image\/jpeg\" \/>\n<meta name=\"twitter:card\" content=\"summary_large_image\" \/>\n<meta name=\"twitter:label1\" content=\"Gesch\u00e4tzte Lesezeit\" \/>\n\t<meta name=\"twitter:data1\" content=\"2\u00a0Minuten\" \/>\n<script type=\"application\/ld+json\" class=\"yoast-schema-graph\">{\"@context\":\"https:\/\/schema.org\",\"@graph\":[{\"@type\":\"WebPage\",\"@id\":\"https:\/\/pinova-meteo.com\/de\/produkt\/sensor-fur-pflanzenwasserpotential\",\"url\":\"https:\/\/pinova-meteo.com\/de\/produkt\/sensor-fur-pflanzenwasserpotential\",\"name\":\"Sensor f\u00fcr Pflanzenwasserpotential - Pinova Meteo\",\"isPartOf\":{\"@id\":\"https:\/\/pinova-meteo.com\/de#website\"},\"primaryImageOfPage\":{\"@id\":\"https:\/\/pinova-meteo.com\/de\/produkt\/sensor-fur-pflanzenwasserpotential#primaryimage\"},\"image\":{\"@id\":\"https:\/\/pinova-meteo.com\/de\/produkt\/sensor-fur-pflanzenwasserpotential#primaryimage\"},\"thumbnailUrl\":\"https:\/\/pinova-meteo.com\/wp-content\/uploads\/2024\/09\/florapulse_in_grape.0x1200.jpg\",\"datePublished\":\"2024-09-27T08:03:19+00:00\",\"dateModified\":\"2025-08-08T05:56:32+00:00\",\"description\":\"Sensor f\u00fcr Pflanzenwasserpotential - Der FloraPulse Mikro-Tensiometer ist ein innovativer und bew\u00e4hrter MEMS-Sensor (Micro-Electro-Mechanical System) zur...\",\"breadcrumb\":{\"@id\":\"https:\/\/pinova-meteo.com\/de\/produkt\/sensor-fur-pflanzenwasserpotential#breadcrumb\"},\"inLanguage\":\"de\",\"potentialAction\":[{\"@type\":\"ReadAction\",\"target\":[\"https:\/\/pinova-meteo.com\/de\/produkt\/sensor-fur-pflanzenwasserpotential\"]}]},{\"@type\":\"ImageObject\",\"inLanguage\":\"de\",\"@id\":\"https:\/\/pinova-meteo.com\/de\/produkt\/sensor-fur-pflanzenwasserpotential#primaryimage\",\"url\":\"https:\/\/pinova-meteo.com\/wp-content\/uploads\/2024\/09\/florapulse_in_grape.0x1200.jpg\",\"contentUrl\":\"https:\/\/pinova-meteo.com\/wp-content\/uploads\/2024\/09\/florapulse_in_grape.0x1200.jpg\",\"width\":908,\"height\":606},{\"@type\":\"BreadcrumbList\",\"@id\":\"https:\/\/pinova-meteo.com\/de\/produkt\/sensor-fur-pflanzenwasserpotential#breadcrumb\",\"itemListElement\":[{\"@type\":\"ListItem\",\"position\":1,\"name\":\"Po\u010detna stranica\",\"item\":\"https:\/\/pinova-meteo.com\/de\"},{\"@type\":\"ListItem\",\"position\":2,\"name\":\"Trgovina\",\"item\":\"https:\/\/pinova-meteo.com\/?page_id=7\"},{\"@type\":\"ListItem\",\"position\":3,\"name\":\"Sensor f\u00fcr Pflanzenwasserpotential\"}]},{\"@type\":\"WebSite\",\"@id\":\"https:\/\/pinova-meteo.com\/de#website\",\"url\":\"https:\/\/pinova-meteo.com\/de\",\"name\":\"Pinova Meteo\",\"description\":\"\",\"potentialAction\":[{\"@type\":\"SearchAction\",\"target\":{\"@type\":\"EntryPoint\",\"urlTemplate\":\"https:\/\/pinova-meteo.com\/de?s={search_term_string}\"},\"query-input\":\"required name=search_term_string\"}],\"inLanguage\":\"de\"}]}<\/script>\n<!-- \/ Yoast SEO plugin. -->","yoast_head_json":{"title":"Sensor f\u00fcr Pflanzenwasserpotential - Pinova Meteo","description":"Sensor f\u00fcr Pflanzenwasserpotential - Der FloraPulse Mikro-Tensiometer ist ein innovativer und bew\u00e4hrter MEMS-Sensor (Micro-Electro-Mechanical System) zur...","robots":{"index":"index","follow":"follow","max-snippet":"max-snippet:-1","max-image-preview":"max-image-preview:large","max-video-preview":"max-video-preview:-1"},"canonical":"https:\/\/pinova-meteo.com\/de\/produkt\/sensor-fur-pflanzenwasserpotential","og_locale":"de_DE","og_type":"article","og_title":"Sensor f\u00fcr Pflanzenwasserpotential - Pinova Meteo","og_description":"Sensor f\u00fcr Pflanzenwasserpotential - Der FloraPulse Mikro-Tensiometer ist ein innovativer und bew\u00e4hrter MEMS-Sensor (Micro-Electro-Mechanical System) zur...","og_url":"https:\/\/pinova-meteo.com\/de\/produkt\/sensor-fur-pflanzenwasserpotential","og_site_name":"Pinova Meteo","article_modified_time":"2025-08-08T05:56:32+00:00","og_image":[{"width":908,"height":606,"url":"https:\/\/pinova-meteo.com\/wp-content\/uploads\/2024\/09\/florapulse_in_grape.0x1200.jpg","type":"image\/jpeg"}],"twitter_card":"summary_large_image","twitter_misc":{"Gesch\u00e4tzte Lesezeit":"2\u00a0Minuten"},"schema":{"@context":"https:\/\/schema.org","@graph":[{"@type":"WebPage","@id":"https:\/\/pinova-meteo.com\/de\/produkt\/sensor-fur-pflanzenwasserpotential","url":"https:\/\/pinova-meteo.com\/de\/produkt\/sensor-fur-pflanzenwasserpotential","name":"Sensor f\u00fcr Pflanzenwasserpotential - Pinova Meteo","isPartOf":{"@id":"https:\/\/pinova-meteo.com\/de#website"},"primaryImageOfPage":{"@id":"https:\/\/pinova-meteo.com\/de\/produkt\/sensor-fur-pflanzenwasserpotential#primaryimage"},"image":{"@id":"https:\/\/pinova-meteo.com\/de\/produkt\/sensor-fur-pflanzenwasserpotential#primaryimage"},"thumbnailUrl":"https:\/\/pinova-meteo.com\/wp-content\/uploads\/2024\/09\/florapulse_in_grape.0x1200.jpg","datePublished":"2024-09-27T08:03:19+00:00","dateModified":"2025-08-08T05:56:32+00:00","description":"Sensor f\u00fcr Pflanzenwasserpotential - Der FloraPulse Mikro-Tensiometer ist ein innovativer und bew\u00e4hrter MEMS-Sensor (Micro-Electro-Mechanical System) zur...","breadcrumb":{"@id":"https:\/\/pinova-meteo.com\/de\/produkt\/sensor-fur-pflanzenwasserpotential#breadcrumb"},"inLanguage":"de","potentialAction":[{"@type":"ReadAction","target":["https:\/\/pinova-meteo.com\/de\/produkt\/sensor-fur-pflanzenwasserpotential"]}]},{"@type":"ImageObject","inLanguage":"de","@id":"https:\/\/pinova-meteo.com\/de\/produkt\/sensor-fur-pflanzenwasserpotential#primaryimage","url":"https:\/\/pinova-meteo.com\/wp-content\/uploads\/2024\/09\/florapulse_in_grape.0x1200.jpg","contentUrl":"https:\/\/pinova-meteo.com\/wp-content\/uploads\/2024\/09\/florapulse_in_grape.0x1200.jpg","width":908,"height":606},{"@type":"BreadcrumbList","@id":"https:\/\/pinova-meteo.com\/de\/produkt\/sensor-fur-pflanzenwasserpotential#breadcrumb","itemListElement":[{"@type":"ListItem","position":1,"name":"Po\u010detna stranica","item":"https:\/\/pinova-meteo.com\/de"},{"@type":"ListItem","position":2,"name":"Trgovina","item":"https:\/\/pinova-meteo.com\/?page_id=7"},{"@type":"ListItem","position":3,"name":"Sensor f\u00fcr Pflanzenwasserpotential"}]},{"@type":"WebSite","@id":"https:\/\/pinova-meteo.com\/de#website","url":"https:\/\/pinova-meteo.com\/de","name":"Pinova Meteo","description":"","potentialAction":[{"@type":"SearchAction","target":{"@type":"EntryPoint","urlTemplate":"https:\/\/pinova-meteo.com\/de?s={search_term_string}"},"query-input":"required name=search_term_string"}],"inLanguage":"de"}]}},"_links":{"self":[{"href":"https:\/\/pinova-meteo.com\/de\/wp-json\/wp\/v2\/product\/4238","targetHints":{"allow":["GET"]}}],"collection":[{"href":"https:\/\/pinova-meteo.com\/de\/wp-json\/wp\/v2\/product"}],"about":[{"href":"https:\/\/pinova-meteo.com\/de\/wp-json\/wp\/v2\/types\/product"}],"replies":[{"embeddable":true,"href":"https:\/\/pinova-meteo.com\/de\/wp-json\/wp\/v2\/comments?post=4238"}],"wp:featuredmedia":[{"embeddable":true,"href":"https:\/\/pinova-meteo.com\/de\/wp-json\/wp\/v2\/media\/4216"}],"wp:attachment":[{"href":"https:\/\/pinova-meteo.com\/de\/wp-json\/wp\/v2\/media?parent=4238"}],"wp:term":[{"taxonomy":"product_cat","embeddable":true,"href":"https:\/\/pinova-meteo.com\/de\/wp-json\/wp\/v2\/product_cat?post=4238"},{"taxonomy":"product_tag","embeddable":true,"href":"https:\/\/pinova-meteo.com\/de\/wp-json\/wp\/v2\/product_tag?post=4238"}],"curies":[{"name":"wp","href":"https:\/\/api.w.org\/{rel}","templated":true}]}}