{"id":4240,"date":"2024-09-27T09:40:58","date_gmt":"2024-09-27T07:40:58","guid":{"rendered":"https:\/\/pinova-meteo.com\/proizvod\/dendrometar-za-mjerenje-vertikalnih-promjena-dv"},"modified":"2025-07-22T10:07:47","modified_gmt":"2025-07-22T08:07:47","slug":"dendrometer-zur-messung-vertikaler-veranderungen-dv","status":"publish","type":"product","link":"https:\/\/pinova-meteo.com\/de\/produkt\/dendrometer-zur-messung-vertikaler-veranderungen-dv","title":{"rendered":"Dendrometer zur Messung vertikaler Ver\u00e4nderungen \u2013 DV"},"content":{"rendered":"<p><span style=\"font-weight: 400;\">DV dendrometar koristi se za precizno i kontinuirano mjerenje vertikalnih promjena u dimenzijama i\/ili zakrivljenosti stabala. Ovaj ure\u0111aj je prikladan za dugotrajnu primjenu u vanjskim uvjetima. Zbog izuzetno niske potro\u0161nje energije, Ecomatik dendrometri su idealni za rje\u0161enja koja se napajaju baterijama, npr. u IoT aplikacijama.<\/span><\/p>\n<p><span style=\"font-weight: 400;\">DV dendrometar je dizajniran za kontinuirano mjerenje vertikalnih promjena (ne rasta) stabala. Debla i odgovaraju\u0107i dijelovi stabala mijenjaju svoju duljinu i zakrivljenost u skladu s vodnim statusom (kratkoro\u010dno do srednjoro\u010dno), smjerom i brzinom vjetra (kratkoro\u010dno do trajno), optere\u0107enjem snijega i plodova (srednjoro\u010dno do trajno) te neuravnote\u017eenim rastom ili gubitkom dijelova kro\u0161nje (dugoro\u010dno do trajno). Pra\u0107enje vertikalnih promjena, zajedno s informacijama o smjeru, pru\u017ea vrijedne podatke za procjenu vodnog statusa i stati\u010dkih svojstava stabla (odnos naprezanja i deformacije, mehani\u010dko optere\u0107enje\/stabilnost, itd.). Paralelna mjerenja s tri vertikalna dendrometra (svaki orijentiran u tri razli\u010dita kardinalna smjera) potrebna su za cjelovit pregled vertikalnih promjena.<\/span><\/p>\n<div class='et-box et-shadow'>\n\t\t\t\t\t<div class='et-box-content'>Za savjet, ponudu ili pitanje po\u0161aljite upit na mail pinova@pinova.hr ili nazovite na broj +385 97 649 9425<\/div><\/div>\n<p><img loading=\"lazy\" decoding=\"async\" class=\"alignnone size-medium wp-image-3700\" src=\"https:\/\/pinova-meteo.com\/wp-content\/uploads\/2024\/09\/dv_lr.0x1200-200x300.jpg\" alt=\"\" width=\"200\" height=\"300\" \/><\/p>\n<p><b>Prednosti<\/b><\/p>\n<ul>\n<li style=\"font-weight: 400;\" aria-level=\"1\"><span style=\"font-weight: 400;\">Izra\u010dun odnosa naprezanja i deformacije<\/span><\/li>\n<li style=\"font-weight: 400;\" aria-level=\"1\"><span style=\"font-weight: 400;\">Maksimalna stabilnost protiv vjetra, snijega, padaju\u0107ih grana i plodova<\/span><\/li>\n<li style=\"font-weight: 400;\" aria-level=\"1\"><span style=\"font-weight: 400;\">Idealno za dugoro\u010dna mjerenja<\/span><\/li>\n<\/ul>\n<p><b>Ograni\u010denja<\/b><\/p>\n<ul>\n<li style=\"font-weight: 400;\" aria-level=\"1\"><span style=\"font-weight: 400;\">Instalacija (bu\u0161enje i uvrtanje sidrenih vijaka) o\u0161te\u0107uje deblo stabla (\u0161to se mo\u017ee minimalizirati kori\u0161tenjem smole za zatvaranje rana).<\/span><\/li>\n<li style=\"font-weight: 400;\" aria-level=\"1\"><span style=\"font-weight: 400;\">Prikladno samo za promjere &gt; 8 cm<\/span><\/li>\n<\/ul>\n","protected":false},"excerpt":{"rendered":"<p>DV dendrometar koristi se za precizno i kontinuirano mjerenje vertikalnih promjena u dimenzijama i\/ili zakrivljenosti stabala. Ovaj ure\u0111aj je prikladan za dugotrajnu primjenu u vanjskim uvjetima. Zbog izuzetno niske potro\u0161nje energije, Ecomatik dendrometri su idealni za rje\u0161enja koja se napajaju baterijama, npr. u IoT aplikacijama. DV dendrometar je dizajniran za kontinuirano mjerenje vertikalnih promjena (ne [&hellip;]<\/p>\n","protected":false},"featured_media":4227,"comment_status":"open","ping_status":"closed","template":"","meta":{"_et_pb_use_builder":"","_et_pb_old_content":"","_et_gb_content_width":""},"product_cat":[93,87,92],"product_tag":[],"class_list":{"0":"post-4240","1":"product","2":"type-product","3":"status-publish","4":"has-post-thumbnail","6":"product_cat-dendrometer","7":"product_cat-sensoren","8":"product_cat-stamm","10":"first","11":"instock","12":"shipping-taxable","13":"product-type-simple"},"yoast_head":"<!-- This site is optimized with the Yoast SEO plugin v23.0 - https:\/\/yoast.com\/wordpress\/plugins\/seo\/ -->\n<title>Dendrometer zur Messung vertikaler Ver\u00e4nderungen \u2013 DV - Pinova Meteo<\/title>\n<meta name=\"robots\" content=\"index, follow, max-snippet:-1, max-image-preview:large, max-video-preview:-1\" \/>\n<link rel=\"canonical\" href=\"https:\/\/pinova-meteo.com\/de\/produkt\/dendrometer-zur-messung-vertikaler-veranderungen-dv\" \/>\n<meta property=\"og:locale\" content=\"de_DE\" \/>\n<meta property=\"og:type\" content=\"article\" \/>\n<meta property=\"og:title\" content=\"Dendrometer zur Messung vertikaler Ver\u00e4nderungen \u2013 DV - Pinova Meteo\" \/>\n<meta property=\"og:description\" content=\"DV dendrometar koristi se za precizno i kontinuirano mjerenje vertikalnih promjena u dimenzijama i\/ili zakrivljenosti stabala. Ovaj ure\u0111aj je prikladan za dugotrajnu primjenu u vanjskim uvjetima. Zbog izuzetno niske potro\u0161nje energije, Ecomatik dendrometri su idealni za rje\u0161enja koja se napajaju baterijama, npr. u IoT aplikacijama. DV dendrometar je dizajniran za kontinuirano mjerenje vertikalnih promjena (ne [&hellip;]\" \/>\n<meta property=\"og:url\" content=\"https:\/\/pinova-meteo.com\/de\/produkt\/dendrometer-zur-messung-vertikaler-veranderungen-dv\" \/>\n<meta property=\"og:site_name\" content=\"Pinova Meteo\" \/>\n<meta property=\"article:modified_time\" content=\"2025-07-22T08:07:47+00:00\" \/>\n<meta property=\"og:image\" content=\"https:\/\/pinova-meteo.com\/wp-content\/uploads\/2024\/09\/dv_lr.0x1200.jpg\" \/>\n\t<meta property=\"og:image:width\" content=\"783\" \/>\n\t<meta property=\"og:image:height\" content=\"1175\" \/>\n\t<meta property=\"og:image:type\" content=\"image\/jpeg\" \/>\n<meta name=\"twitter:card\" content=\"summary_large_image\" \/>\n<meta name=\"twitter:label1\" content=\"Gesch\u00e4tzte Lesezeit\" \/>\n\t<meta name=\"twitter:data1\" content=\"2\u00a0Minuten\" \/>\n<script type=\"application\/ld+json\" class=\"yoast-schema-graph\">{\"@context\":\"https:\/\/schema.org\",\"@graph\":[{\"@type\":\"WebPage\",\"@id\":\"https:\/\/pinova-meteo.com\/de\/produkt\/dendrometer-zur-messung-vertikaler-veranderungen-dv\",\"url\":\"https:\/\/pinova-meteo.com\/de\/produkt\/dendrometer-zur-messung-vertikaler-veranderungen-dv\",\"name\":\"Dendrometer zur Messung vertikaler Ver\u00e4nderungen \u2013 DV - Pinova Meteo\",\"isPartOf\":{\"@id\":\"https:\/\/pinova-meteo.com\/de#website\"},\"primaryImageOfPage\":{\"@id\":\"https:\/\/pinova-meteo.com\/de\/produkt\/dendrometer-zur-messung-vertikaler-veranderungen-dv#primaryimage\"},\"image\":{\"@id\":\"https:\/\/pinova-meteo.com\/de\/produkt\/dendrometer-zur-messung-vertikaler-veranderungen-dv#primaryimage\"},\"thumbnailUrl\":\"https:\/\/pinova-meteo.com\/wp-content\/uploads\/2024\/09\/dv_lr.0x1200.jpg\",\"datePublished\":\"2024-09-27T07:40:58+00:00\",\"dateModified\":\"2025-07-22T08:07:47+00:00\",\"breadcrumb\":{\"@id\":\"https:\/\/pinova-meteo.com\/de\/produkt\/dendrometer-zur-messung-vertikaler-veranderungen-dv#breadcrumb\"},\"inLanguage\":\"de\",\"potentialAction\":[{\"@type\":\"ReadAction\",\"target\":[\"https:\/\/pinova-meteo.com\/de\/produkt\/dendrometer-zur-messung-vertikaler-veranderungen-dv\"]}]},{\"@type\":\"ImageObject\",\"inLanguage\":\"de\",\"@id\":\"https:\/\/pinova-meteo.com\/de\/produkt\/dendrometer-zur-messung-vertikaler-veranderungen-dv#primaryimage\",\"url\":\"https:\/\/pinova-meteo.com\/wp-content\/uploads\/2024\/09\/dv_lr.0x1200.jpg\",\"contentUrl\":\"https:\/\/pinova-meteo.com\/wp-content\/uploads\/2024\/09\/dv_lr.0x1200.jpg\",\"width\":783,\"height\":1175},{\"@type\":\"BreadcrumbList\",\"@id\":\"https:\/\/pinova-meteo.com\/de\/produkt\/dendrometer-zur-messung-vertikaler-veranderungen-dv#breadcrumb\",\"itemListElement\":[{\"@type\":\"ListItem\",\"position\":1,\"name\":\"Po\u010detna stranica\",\"item\":\"https:\/\/pinova-meteo.com\/de\"},{\"@type\":\"ListItem\",\"position\":2,\"name\":\"Trgovina\",\"item\":\"https:\/\/pinova-meteo.com\/?page_id=7\"},{\"@type\":\"ListItem\",\"position\":3,\"name\":\"Dendrometer zur Messung vertikaler Ver\u00e4nderungen \u2013 DV\"}]},{\"@type\":\"WebSite\",\"@id\":\"https:\/\/pinova-meteo.com\/de#website\",\"url\":\"https:\/\/pinova-meteo.com\/de\",\"name\":\"Pinova Meteo\",\"description\":\"\",\"potentialAction\":[{\"@type\":\"SearchAction\",\"target\":{\"@type\":\"EntryPoint\",\"urlTemplate\":\"https:\/\/pinova-meteo.com\/de?s={search_term_string}\"},\"query-input\":\"required name=search_term_string\"}],\"inLanguage\":\"de\"}]}<\/script>\n<!-- \/ Yoast SEO plugin. -->","yoast_head_json":{"title":"Dendrometer zur Messung vertikaler Ver\u00e4nderungen \u2013 DV - Pinova Meteo","robots":{"index":"index","follow":"follow","max-snippet":"max-snippet:-1","max-image-preview":"max-image-preview:large","max-video-preview":"max-video-preview:-1"},"canonical":"https:\/\/pinova-meteo.com\/de\/produkt\/dendrometer-zur-messung-vertikaler-veranderungen-dv","og_locale":"de_DE","og_type":"article","og_title":"Dendrometer zur Messung vertikaler Ver\u00e4nderungen \u2013 DV - Pinova Meteo","og_description":"DV dendrometar koristi se za precizno i kontinuirano mjerenje vertikalnih promjena u dimenzijama i\/ili zakrivljenosti stabala. Ovaj ure\u0111aj je prikladan za dugotrajnu primjenu u vanjskim uvjetima. Zbog izuzetno niske potro\u0161nje energije, Ecomatik dendrometri su idealni za rje\u0161enja koja se napajaju baterijama, npr. u IoT aplikacijama. DV dendrometar je dizajniran za kontinuirano mjerenje vertikalnih promjena (ne [&hellip;]","og_url":"https:\/\/pinova-meteo.com\/de\/produkt\/dendrometer-zur-messung-vertikaler-veranderungen-dv","og_site_name":"Pinova Meteo","article_modified_time":"2025-07-22T08:07:47+00:00","og_image":[{"width":783,"height":1175,"url":"https:\/\/pinova-meteo.com\/wp-content\/uploads\/2024\/09\/dv_lr.0x1200.jpg","type":"image\/jpeg"}],"twitter_card":"summary_large_image","twitter_misc":{"Gesch\u00e4tzte Lesezeit":"2\u00a0Minuten"},"schema":{"@context":"https:\/\/schema.org","@graph":[{"@type":"WebPage","@id":"https:\/\/pinova-meteo.com\/de\/produkt\/dendrometer-zur-messung-vertikaler-veranderungen-dv","url":"https:\/\/pinova-meteo.com\/de\/produkt\/dendrometer-zur-messung-vertikaler-veranderungen-dv","name":"Dendrometer zur Messung vertikaler Ver\u00e4nderungen \u2013 DV - Pinova Meteo","isPartOf":{"@id":"https:\/\/pinova-meteo.com\/de#website"},"primaryImageOfPage":{"@id":"https:\/\/pinova-meteo.com\/de\/produkt\/dendrometer-zur-messung-vertikaler-veranderungen-dv#primaryimage"},"image":{"@id":"https:\/\/pinova-meteo.com\/de\/produkt\/dendrometer-zur-messung-vertikaler-veranderungen-dv#primaryimage"},"thumbnailUrl":"https:\/\/pinova-meteo.com\/wp-content\/uploads\/2024\/09\/dv_lr.0x1200.jpg","datePublished":"2024-09-27T07:40:58+00:00","dateModified":"2025-07-22T08:07:47+00:00","breadcrumb":{"@id":"https:\/\/pinova-meteo.com\/de\/produkt\/dendrometer-zur-messung-vertikaler-veranderungen-dv#breadcrumb"},"inLanguage":"de","potentialAction":[{"@type":"ReadAction","target":["https:\/\/pinova-meteo.com\/de\/produkt\/dendrometer-zur-messung-vertikaler-veranderungen-dv"]}]},{"@type":"ImageObject","inLanguage":"de","@id":"https:\/\/pinova-meteo.com\/de\/produkt\/dendrometer-zur-messung-vertikaler-veranderungen-dv#primaryimage","url":"https:\/\/pinova-meteo.com\/wp-content\/uploads\/2024\/09\/dv_lr.0x1200.jpg","contentUrl":"https:\/\/pinova-meteo.com\/wp-content\/uploads\/2024\/09\/dv_lr.0x1200.jpg","width":783,"height":1175},{"@type":"BreadcrumbList","@id":"https:\/\/pinova-meteo.com\/de\/produkt\/dendrometer-zur-messung-vertikaler-veranderungen-dv#breadcrumb","itemListElement":[{"@type":"ListItem","position":1,"name":"Po\u010detna stranica","item":"https:\/\/pinova-meteo.com\/de"},{"@type":"ListItem","position":2,"name":"Trgovina","item":"https:\/\/pinova-meteo.com\/?page_id=7"},{"@type":"ListItem","position":3,"name":"Dendrometer zur Messung vertikaler Ver\u00e4nderungen \u2013 DV"}]},{"@type":"WebSite","@id":"https:\/\/pinova-meteo.com\/de#website","url":"https:\/\/pinova-meteo.com\/de","name":"Pinova Meteo","description":"","potentialAction":[{"@type":"SearchAction","target":{"@type":"EntryPoint","urlTemplate":"https:\/\/pinova-meteo.com\/de?s={search_term_string}"},"query-input":"required name=search_term_string"}],"inLanguage":"de"}]}},"_links":{"self":[{"href":"https:\/\/pinova-meteo.com\/de\/wp-json\/wp\/v2\/product\/4240","targetHints":{"allow":["GET"]}}],"collection":[{"href":"https:\/\/pinova-meteo.com\/de\/wp-json\/wp\/v2\/product"}],"about":[{"href":"https:\/\/pinova-meteo.com\/de\/wp-json\/wp\/v2\/types\/product"}],"replies":[{"embeddable":true,"href":"https:\/\/pinova-meteo.com\/de\/wp-json\/wp\/v2\/comments?post=4240"}],"wp:featuredmedia":[{"embeddable":true,"href":"https:\/\/pinova-meteo.com\/de\/wp-json\/wp\/v2\/media\/4227"}],"wp:attachment":[{"href":"https:\/\/pinova-meteo.com\/de\/wp-json\/wp\/v2\/media?parent=4240"}],"wp:term":[{"taxonomy":"product_cat","embeddable":true,"href":"https:\/\/pinova-meteo.com\/de\/wp-json\/wp\/v2\/product_cat?post=4240"},{"taxonomy":"product_tag","embeddable":true,"href":"https:\/\/pinova-meteo.com\/de\/wp-json\/wp\/v2\/product_tag?post=4240"}],"curies":[{"name":"wp","href":"https:\/\/api.w.org\/{rel}","templated":true}]}}