{"id":4241,"date":"2024-09-27T09:40:15","date_gmt":"2024-09-27T07:40:15","guid":{"rendered":"https:\/\/pinova-meteo.com\/proizvod\/dendrometar-za-voce-i-povrce-df"},"modified":"2025-07-22T10:07:51","modified_gmt":"2025-07-22T08:07:51","slug":"dendrometer-fur-obst-und-gemuse-df","status":"publish","type":"product","link":"https:\/\/pinova-meteo.com\/de\/produkt\/dendrometer-fur-obst-und-gemuse-df","title":{"rendered":"Dendrometer f\u00fcr Obst und Gem\u00fcse \u2013 DF"},"content":{"rendered":"<p>Dendrometri serije DF koriste se za precizno i kontinuirano mjerenje rasta vo\u0107a i povr\u0107a. Ovi ure\u0111aji su prikladni za dugotrajnu primjenu na otvorenom, a zahvaljuju\u0107i vrlo niskoj potro\u0161nji energije, idealni su za projekte koji se napajaju baterijama, poput IoT aplikacija.<\/p>\n<p>DF dendrometri posebno su dizajnirani za mjerenje plodova razli\u010ditih veli\u010dina i oblika. Dizajn omogu\u0107uje stabilno u\u010dvr\u0161\u0107ivanje ploda u okviru dendrometra bez ometanja rasta. Ovisno o modelu i uvjetima instalacije, dendrometar se fleksibilno pri\u010dvr\u0161\u0107uje na granu ili pogon s kojeg plod visi, \u010dime se sprje\u010dava naprezanje grane i izbjegava o\u0161te\u0107enje ploda tijekom mjerenja.<\/p>\n<p><img loading=\"lazy\" decoding=\"async\" class=\"size-medium wp-image-3972 aligncenter\" src=\"https:\/\/pinova-meteo.com\/wp-content\/uploads\/2024\/09\/1734430746640-300x225.jpg\" alt=\"\" width=\"300\" height=\"225\" \/><\/p>\n<hr \/>\n<p><strong>Za savjet, ponudu ili pitanje po\u0161aljite upit na e-mail:<\/strong> <a rel=\"noopener\">pinova@pinova.hr<\/a> <strong>ili nazovite na broj:<\/strong> +385 97 649 9425<\/p>\n<hr \/>\n<p><strong>Dostupni modeli u DF seriji:<\/strong><\/p>\n<ol>\n<li><strong>DF4<\/strong> \u2013 Opremljen pomi\u010dnom \u010deljusti koja omogu\u0107uje brzo i jednostavno mjerenje ploda s pove\u0107anim mjernim rasponom do 130 mm. Idealno za veliko i brzo rastu\u0107e vo\u0107e (npr. jabuka, naran\u010da, breskva, raj\u010dica).<\/li>\n<li><strong>DF5<\/strong> \u2013 S rasponom mjerenja od 11 mm, namijenjen za mjerenje malog vo\u0107a (npr. tre\u0161nje, gro\u017e\u0111e).<\/li>\n<li><strong>DF6<\/strong> \u2013 Ve\u0107i raspon mjerenja od 25 mm, prikladan za srednje veliko i brzo rastu\u0107e vo\u0107e (npr. \u0161ljive, ora\u0161asti plodovi, mandarine, marelice).<\/li>\n<\/ol>\n<p><img loading=\"lazy\" decoding=\"async\" class=\"alignnone size-medium wp-image-3651\" src=\"https:\/\/pinova-meteo.com\/wp-content\/uploads\/2024\/09\/20220302_123339.0x1200-225x300.jpg\" alt=\"\" width=\"225\" height=\"300\" \/> <img loading=\"lazy\" decoding=\"async\" class=\"alignnone size-medium wp-image-3653\" src=\"https:\/\/pinova-meteo.com\/wp-content\/uploads\/2024\/09\/20220405_113130.0x1200-225x300.jpg\" alt=\"\" width=\"225\" height=\"300\" \/><\/p>\n<p>DF5 i DF6<\/p>\n<hr \/>\n<p><strong>Prednosti:<\/strong><\/p>\n<ul>\n<li>Prikladno za promjere izme\u0111u 0 i 3 cm (DF5), 0 i 5 cm (DF6) ili 0 i 13 cm (DF4).<\/li>\n<li>Rje\u0161enja za ve\u0107e promjere dostupna na zahtjev.<\/li>\n<li>Ne optere\u0107uje plod.<\/li>\n<li>Bilje\u017ei vrijeme sazrijevanja kod mekog vo\u0107a i povr\u0107a.<\/li>\n<li>Instalacija bez o\u0161te\u0107enja ploda.<\/li>\n<li>Minimalni pritisak na mjernu to\u010dku.<\/li>\n<li>Maksimalna stabilnost protiv vjetra, snijega i padaju\u0107ih grana.<\/li>\n<li>Pouzdane vrijednosti mjerenja.<\/li>\n<\/ul>\n<hr \/>\n<p><strong>Ograni\u010denja:<\/strong><\/p>\n<ul>\n<li>Nije prikladno za plodove koji su previ\u0161e mekani (npr. zrele maline).<\/li>\n<\/ul>\n<p><strong>Posebno za modele DF5 i DF6:<\/strong><\/p>\n<ul>\n<li>Precizno mjerenje rasta ploda u mikrometrima, bez potrebe za mehani\u010dkim pove\u0107anjem mjernog raspona (11 i 25 mm).<\/li>\n<li>DF6 model s pro\u0161irenim mjernim rasponom omogu\u0107uje dulji vremenski interval izme\u0111u pode\u0161avanja za brzo rastu\u0107e vrste.<\/li>\n<\/ul>\n<p><strong>Posebno za model DF4:<\/strong><\/p>\n<ul>\n<li>Mehani\u010dki pove\u0107an mjerni raspon do 130 mm.<\/li>\n<li>Mjerenje bez potrebe za odr\u017eavanjem tijekom cijelog procesa rasta ploda.<\/li>\n<\/ul>\n<hr \/>\n<p><strong>POTREBNI DODACI:<\/strong><\/p>\n<ul>\n<li>Prikladan datalogger ili IoT \u010dvor: npr. Mini System, Maxi System, Multi-IoP LoRa \u010dvor, ili drugi ure\u0111aj za bilje\u017eenje podataka (molimo kontaktirajte nas za provjeru).<\/li>\n<\/ul>\n","protected":false},"excerpt":{"rendered":"<p>Dendrometri serije DF koriste se za precizno i kontinuirano mjerenje rasta vo\u0107a i povr\u0107a. Ovi ure\u0111aji su prikladni za dugotrajnu primjenu na otvorenom, a zahvaljuju\u0107i vrlo niskoj potro\u0161nji energije, idealni su za projekte koji se napajaju baterijama, poput IoT aplikacija. DF dendrometri posebno su dizajnirani za mjerenje plodova razli\u010ditih veli\u010dina i oblika. Dizajn omogu\u0107uje stabilno [&hellip;]<\/p>\n","protected":false},"featured_media":4229,"comment_status":"open","ping_status":"closed","template":"","meta":{"_et_pb_use_builder":"","_et_pb_old_content":"","_et_gb_content_width":""},"product_cat":[93,87,92],"product_tag":[],"class_list":{"0":"post-4241","1":"product","2":"type-product","3":"status-publish","4":"has-post-thumbnail","6":"product_cat-dendrometer","7":"product_cat-sensoren","8":"product_cat-stamm","10":"first","11":"instock","12":"shipping-taxable","13":"product-type-simple"},"yoast_head":"<!-- This site is optimized with the Yoast SEO plugin v23.0 - https:\/\/yoast.com\/wordpress\/plugins\/seo\/ -->\n<title>Dendrometer f\u00fcr Obst und Gem\u00fcse \u2013 DF - Pinova Meteo<\/title>\n<meta name=\"robots\" content=\"index, follow, max-snippet:-1, max-image-preview:large, max-video-preview:-1\" \/>\n<link rel=\"canonical\" href=\"https:\/\/pinova-meteo.com\/de\/produkt\/dendrometer-fur-obst-und-gemuse-df\" \/>\n<meta property=\"og:locale\" content=\"de_DE\" \/>\n<meta property=\"og:type\" content=\"article\" \/>\n<meta property=\"og:title\" content=\"Dendrometer f\u00fcr Obst und Gem\u00fcse \u2013 DF - Pinova Meteo\" \/>\n<meta property=\"og:description\" content=\"Dendrometri serije DF koriste se za precizno i kontinuirano mjerenje rasta vo\u0107a i povr\u0107a. Ovi ure\u0111aji su prikladni za dugotrajnu primjenu na otvorenom, a zahvaljuju\u0107i vrlo niskoj potro\u0161nji energije, idealni su za projekte koji se napajaju baterijama, poput IoT aplikacija. DF dendrometri posebno su dizajnirani za mjerenje plodova razli\u010ditih veli\u010dina i oblika. Dizajn omogu\u0107uje stabilno [&hellip;]\" \/>\n<meta property=\"og:url\" content=\"https:\/\/pinova-meteo.com\/de\/produkt\/dendrometer-fur-obst-und-gemuse-df\" \/>\n<meta property=\"og:site_name\" content=\"Pinova Meteo\" \/>\n<meta property=\"article:modified_time\" content=\"2025-07-22T08:07:51+00:00\" \/>\n<meta property=\"og:image\" content=\"https:\/\/pinova-meteo.com\/wp-content\/uploads\/2024\/09\/1734430746640-scaled.jpg\" \/>\n\t<meta property=\"og:image:width\" content=\"2560\" \/>\n\t<meta property=\"og:image:height\" content=\"1920\" \/>\n\t<meta property=\"og:image:type\" content=\"image\/jpeg\" \/>\n<meta name=\"twitter:card\" content=\"summary_large_image\" \/>\n<meta name=\"twitter:label1\" content=\"Gesch\u00e4tzte Lesezeit\" \/>\n\t<meta name=\"twitter:data1\" content=\"3\u00a0Minuten\" \/>\n<script type=\"application\/ld+json\" class=\"yoast-schema-graph\">{\"@context\":\"https:\/\/schema.org\",\"@graph\":[{\"@type\":\"WebPage\",\"@id\":\"https:\/\/pinova-meteo.com\/de\/produkt\/dendrometer-fur-obst-und-gemuse-df\",\"url\":\"https:\/\/pinova-meteo.com\/de\/produkt\/dendrometer-fur-obst-und-gemuse-df\",\"name\":\"Dendrometer f\u00fcr Obst und Gem\u00fcse \u2013 DF - Pinova Meteo\",\"isPartOf\":{\"@id\":\"https:\/\/pinova-meteo.com\/de#website\"},\"primaryImageOfPage\":{\"@id\":\"https:\/\/pinova-meteo.com\/de\/produkt\/dendrometer-fur-obst-und-gemuse-df#primaryimage\"},\"image\":{\"@id\":\"https:\/\/pinova-meteo.com\/de\/produkt\/dendrometer-fur-obst-und-gemuse-df#primaryimage\"},\"thumbnailUrl\":\"https:\/\/pinova-meteo.com\/wp-content\/uploads\/2024\/09\/1734430746640-scaled.jpg\",\"datePublished\":\"2024-09-27T07:40:15+00:00\",\"dateModified\":\"2025-07-22T08:07:51+00:00\",\"breadcrumb\":{\"@id\":\"https:\/\/pinova-meteo.com\/de\/produkt\/dendrometer-fur-obst-und-gemuse-df#breadcrumb\"},\"inLanguage\":\"de\",\"potentialAction\":[{\"@type\":\"ReadAction\",\"target\":[\"https:\/\/pinova-meteo.com\/de\/produkt\/dendrometer-fur-obst-und-gemuse-df\"]}]},{\"@type\":\"ImageObject\",\"inLanguage\":\"de\",\"@id\":\"https:\/\/pinova-meteo.com\/de\/produkt\/dendrometer-fur-obst-und-gemuse-df#primaryimage\",\"url\":\"https:\/\/pinova-meteo.com\/wp-content\/uploads\/2024\/09\/1734430746640-scaled.jpg\",\"contentUrl\":\"https:\/\/pinova-meteo.com\/wp-content\/uploads\/2024\/09\/1734430746640-scaled.jpg\",\"width\":2560,\"height\":1920},{\"@type\":\"BreadcrumbList\",\"@id\":\"https:\/\/pinova-meteo.com\/de\/produkt\/dendrometer-fur-obst-und-gemuse-df#breadcrumb\",\"itemListElement\":[{\"@type\":\"ListItem\",\"position\":1,\"name\":\"Po\u010detna stranica\",\"item\":\"https:\/\/pinova-meteo.com\/de\"},{\"@type\":\"ListItem\",\"position\":2,\"name\":\"Trgovina\",\"item\":\"https:\/\/pinova-meteo.com\/?page_id=7\"},{\"@type\":\"ListItem\",\"position\":3,\"name\":\"Dendrometer f\u00fcr Obst und Gem\u00fcse \u2013 DF\"}]},{\"@type\":\"WebSite\",\"@id\":\"https:\/\/pinova-meteo.com\/de#website\",\"url\":\"https:\/\/pinova-meteo.com\/de\",\"name\":\"Pinova Meteo\",\"description\":\"\",\"potentialAction\":[{\"@type\":\"SearchAction\",\"target\":{\"@type\":\"EntryPoint\",\"urlTemplate\":\"https:\/\/pinova-meteo.com\/de?s={search_term_string}\"},\"query-input\":\"required name=search_term_string\"}],\"inLanguage\":\"de\"}]}<\/script>\n<!-- \/ Yoast SEO plugin. -->","yoast_head_json":{"title":"Dendrometer f\u00fcr Obst und Gem\u00fcse \u2013 DF - Pinova Meteo","robots":{"index":"index","follow":"follow","max-snippet":"max-snippet:-1","max-image-preview":"max-image-preview:large","max-video-preview":"max-video-preview:-1"},"canonical":"https:\/\/pinova-meteo.com\/de\/produkt\/dendrometer-fur-obst-und-gemuse-df","og_locale":"de_DE","og_type":"article","og_title":"Dendrometer f\u00fcr Obst und Gem\u00fcse \u2013 DF - Pinova Meteo","og_description":"Dendrometri serije DF koriste se za precizno i kontinuirano mjerenje rasta vo\u0107a i povr\u0107a. Ovi ure\u0111aji su prikladni za dugotrajnu primjenu na otvorenom, a zahvaljuju\u0107i vrlo niskoj potro\u0161nji energije, idealni su za projekte koji se napajaju baterijama, poput IoT aplikacija. DF dendrometri posebno su dizajnirani za mjerenje plodova razli\u010ditih veli\u010dina i oblika. Dizajn omogu\u0107uje stabilno [&hellip;]","og_url":"https:\/\/pinova-meteo.com\/de\/produkt\/dendrometer-fur-obst-und-gemuse-df","og_site_name":"Pinova Meteo","article_modified_time":"2025-07-22T08:07:51+00:00","og_image":[{"width":2560,"height":1920,"url":"https:\/\/pinova-meteo.com\/wp-content\/uploads\/2024\/09\/1734430746640-scaled.jpg","type":"image\/jpeg"}],"twitter_card":"summary_large_image","twitter_misc":{"Gesch\u00e4tzte Lesezeit":"3\u00a0Minuten"},"schema":{"@context":"https:\/\/schema.org","@graph":[{"@type":"WebPage","@id":"https:\/\/pinova-meteo.com\/de\/produkt\/dendrometer-fur-obst-und-gemuse-df","url":"https:\/\/pinova-meteo.com\/de\/produkt\/dendrometer-fur-obst-und-gemuse-df","name":"Dendrometer f\u00fcr Obst und Gem\u00fcse \u2013 DF - Pinova Meteo","isPartOf":{"@id":"https:\/\/pinova-meteo.com\/de#website"},"primaryImageOfPage":{"@id":"https:\/\/pinova-meteo.com\/de\/produkt\/dendrometer-fur-obst-und-gemuse-df#primaryimage"},"image":{"@id":"https:\/\/pinova-meteo.com\/de\/produkt\/dendrometer-fur-obst-und-gemuse-df#primaryimage"},"thumbnailUrl":"https:\/\/pinova-meteo.com\/wp-content\/uploads\/2024\/09\/1734430746640-scaled.jpg","datePublished":"2024-09-27T07:40:15+00:00","dateModified":"2025-07-22T08:07:51+00:00","breadcrumb":{"@id":"https:\/\/pinova-meteo.com\/de\/produkt\/dendrometer-fur-obst-und-gemuse-df#breadcrumb"},"inLanguage":"de","potentialAction":[{"@type":"ReadAction","target":["https:\/\/pinova-meteo.com\/de\/produkt\/dendrometer-fur-obst-und-gemuse-df"]}]},{"@type":"ImageObject","inLanguage":"de","@id":"https:\/\/pinova-meteo.com\/de\/produkt\/dendrometer-fur-obst-und-gemuse-df#primaryimage","url":"https:\/\/pinova-meteo.com\/wp-content\/uploads\/2024\/09\/1734430746640-scaled.jpg","contentUrl":"https:\/\/pinova-meteo.com\/wp-content\/uploads\/2024\/09\/1734430746640-scaled.jpg","width":2560,"height":1920},{"@type":"BreadcrumbList","@id":"https:\/\/pinova-meteo.com\/de\/produkt\/dendrometer-fur-obst-und-gemuse-df#breadcrumb","itemListElement":[{"@type":"ListItem","position":1,"name":"Po\u010detna stranica","item":"https:\/\/pinova-meteo.com\/de"},{"@type":"ListItem","position":2,"name":"Trgovina","item":"https:\/\/pinova-meteo.com\/?page_id=7"},{"@type":"ListItem","position":3,"name":"Dendrometer f\u00fcr Obst und Gem\u00fcse \u2013 DF"}]},{"@type":"WebSite","@id":"https:\/\/pinova-meteo.com\/de#website","url":"https:\/\/pinova-meteo.com\/de","name":"Pinova Meteo","description":"","potentialAction":[{"@type":"SearchAction","target":{"@type":"EntryPoint","urlTemplate":"https:\/\/pinova-meteo.com\/de?s={search_term_string}"},"query-input":"required name=search_term_string"}],"inLanguage":"de"}]}},"_links":{"self":[{"href":"https:\/\/pinova-meteo.com\/de\/wp-json\/wp\/v2\/product\/4241","targetHints":{"allow":["GET"]}}],"collection":[{"href":"https:\/\/pinova-meteo.com\/de\/wp-json\/wp\/v2\/product"}],"about":[{"href":"https:\/\/pinova-meteo.com\/de\/wp-json\/wp\/v2\/types\/product"}],"replies":[{"embeddable":true,"href":"https:\/\/pinova-meteo.com\/de\/wp-json\/wp\/v2\/comments?post=4241"}],"wp:featuredmedia":[{"embeddable":true,"href":"https:\/\/pinova-meteo.com\/de\/wp-json\/wp\/v2\/media\/4229"}],"wp:attachment":[{"href":"https:\/\/pinova-meteo.com\/de\/wp-json\/wp\/v2\/media?parent=4241"}],"wp:term":[{"taxonomy":"product_cat","embeddable":true,"href":"https:\/\/pinova-meteo.com\/de\/wp-json\/wp\/v2\/product_cat?post=4241"},{"taxonomy":"product_tag","embeddable":true,"href":"https:\/\/pinova-meteo.com\/de\/wp-json\/wp\/v2\/product_tag?post=4241"}],"curies":[{"name":"wp","href":"https:\/\/api.w.org\/{rel}","templated":true}]}}