{"id":4245,"date":"2024-09-26T13:51:39","date_gmt":"2024-09-26T11:51:39","guid":{"rendered":"https:\/\/pinova-meteo.com\/proizvod\/dendrometar-za-mjerenje-manjih-promjera-dd-s"},"modified":"2025-08-08T07:46:45","modified_gmt":"2025-08-08T05:46:45","slug":"dendrometer-fur-kleinere-durchmesser-dd-s","status":"publish","type":"product","link":"https:\/\/pinova-meteo.com\/de\/produkt\/dendrometer-fur-kleinere-durchmesser-dd-s","title":{"rendered":"Dendrometer f\u00fcr kleinere Durchmesser \u2013 DD\u2011S"},"content":{"rendered":"<p data-start=\"205\" data-end=\"501\">Die <strong data-start=\"209\" data-end=\"223\">DD-S-Serie<\/strong> von Dendrometern wird zur hochpr\u00e4zisen und kontinuierlichen Messung von Durchmesser\u00e4nderungen bei Pflanzen eingesetzt.<br data-start=\"342\" data-end=\"345\" \/>Dank ihrer <strong data-start=\"356\" data-end=\"393\">extrem geringen Leistungsaufnahme<\/strong> eignen sich <strong data-start=\"406\" data-end=\"430\">Ecomatik-Dendrometer<\/strong> ideal f\u00fcr batteriebetriebene L\u00f6sungen, z. B. in <strong data-start=\"479\" data-end=\"498\">IoT-Anwendungen<\/strong>.<\/p>\n<p data-start=\"503\" data-end=\"880\">Die DD-S-Dendrometer wurden speziell f\u00fcr <strong data-start=\"544\" data-end=\"599\">kleine B\u00e4ume, \u00c4ste und landwirtschaftliche Kulturen<\/strong> mit einem Durchmesser von <strong data-start=\"626\" data-end=\"640\">unter 5 cm<\/strong> entwickelt.<br data-start=\"652\" data-end=\"655\" \/>Die optimierte Befestigung erm\u00f6glicht eine <strong data-start=\"698\" data-end=\"717\">stabile Montage<\/strong>, ohne \u00fcberm\u00e4\u00dfigen Druck auf den Messpunkt auszu\u00fcben. Dadurch liefern DD-S-Dendrometer <strong data-start=\"804\" data-end=\"830\">zuverl\u00e4ssige Messwerte<\/strong> \u2013 selbst an sehr kleinen oder krautigen Pflanzen.<\/p>\n<p data-start=\"882\" data-end=\"982\">\ud83d\udce9 <strong data-start=\"885\" data-end=\"919\">Beratung, Angebot oder Fragen:<\/strong><br data-start=\"919\" data-end=\"922\" \/>E-Mail: <strong data-start=\"930\" data-end=\"950\"><a class=\"cursor-pointer\" rel=\"noopener\" data-start=\"932\" data-end=\"948\">pinova@pinova.hr<\/a><\/strong><br data-start=\"950\" data-end=\"953\" \/>Telefon: <strong data-start=\"962\" data-end=\"982\">+385 97 649 9425<\/strong><\/p>\n<hr data-start=\"984\" data-end=\"987\" \/>\n<h3 data-start=\"989\" data-end=\"1017\"><strong data-start=\"993\" data-end=\"1017\">Verf\u00fcgbare Versionen<\/strong><\/h3>\n<ul data-start=\"1018\" data-end=\"1328\">\n<li data-start=\"1018\" data-end=\"1056\">\n<p data-start=\"1020\" data-end=\"1056\"><strong data-start=\"1020\" data-end=\"1029\">DD-S1<\/strong> \u2013 Standard-Montagerahmen<\/p>\n<\/li>\n<li data-start=\"1018\" data-end=\"1056\">\n<p data-start=\"1020\" data-end=\"1056\"><img loading=\"lazy\" decoding=\"async\" class=\"alignnone size-medium wp-image-3590\" src=\"https:\/\/pinova-meteo.com\/wp-content\/uploads\/2024\/09\/dd-s1_3_lr.0x1200-300x200.jpg\" alt=\"\" width=\"300\" height=\"200\" \/><img loading=\"lazy\" decoding=\"async\" class=\"alignnone size-medium wp-image-3588\" src=\"https:\/\/pinova-meteo.com\/wp-content\/uploads\/2024\/09\/dd-s1_2_lr.0x1200-300x200.jpg\" alt=\"\" width=\"300\" height=\"200\" \/><\/p>\n<\/li>\n<li data-start=\"1057\" data-end=\"1124\">\n<p data-start=\"1059\" data-end=\"1124\"><strong data-start=\"1059\" data-end=\"1068\">DD-S2<\/strong> \u2013 Schnell-Montagerahmen f\u00fcr werkzeuglose Installation<\/p>\n<\/li>\n<li data-start=\"1057\" data-end=\"1124\"><img loading=\"lazy\" decoding=\"async\" class=\"alignnone size-medium wp-image-3598\" src=\"https:\/\/pinova-meteo.com\/wp-content\/uploads\/2024\/09\/dd-s2_4_lr.0x1200-300x225.jpg\" alt=\"\" width=\"300\" height=\"225\" \/><img loading=\"lazy\" decoding=\"async\" class=\"alignnone size-medium wp-image-3592\" src=\"https:\/\/pinova-meteo.com\/wp-content\/uploads\/2024\/09\/dd-s2_1_lr.0x1200-300x200.jpg\" alt=\"\" width=\"300\" height=\"200\" \/><\/li>\n<li data-start=\"1125\" data-end=\"1328\">\n<p data-start=\"1127\" data-end=\"1328\"><strong data-start=\"1127\" data-end=\"1137\">DD-S2W<\/strong> \u2013 Schnell-Montagerahmen, <strong data-start=\"1163\" data-end=\"1188\">hermetisch versiegelt<\/strong> f\u00fcr den Einsatz unter extremen Umweltbedingungen<br data-start=\"1237\" data-end=\"1240\" \/><em data-start=\"1242\" data-end=\"1326\">(z. B. unter Schneedecke, unter Wasser, bei hoher Staub- oder Korrosionsbelastung)<\/em><\/p>\n<\/li>\n<\/ul>\n<hr data-start=\"1330\" data-end=\"1333\" \/>\n<h3 data-start=\"1335\" data-end=\"1351\"><strong data-start=\"1339\" data-end=\"1351\">Vorteile<\/strong><\/h3>\n<p data-start=\"1352\" data-end=\"1749\">\u2705 Geeignet f\u00fcr kleine B\u00e4ume, \u00c4ste und landwirtschaftliche Kulturen (&lt; 5 cm Durchmesser)<br data-start=\"1439\" data-end=\"1442\" \/>\u2705 Leichtgewichtiger Sensor<br data-start=\"1468\" data-end=\"1471\" \/>\u2705 Pflanzen m\u00fcssen das Gewicht des Sensors nicht tragen <em data-start=\"1526\" data-end=\"1601\">(Zusatzhalterung erforderlich f\u00fcr sehr kleine oder empfindliche Pflanzen)<\/em><br data-start=\"1601\" data-end=\"1604\" \/>\u2705 Schonende Installation \u2013 minimaler Druck, keine Verletzung der Pflanze<br data-start=\"1676\" data-end=\"1679\" \/>\u2705 Hohe Stabilit\u00e4t gegen Wind, Schnee, herabfallende \u00c4ste und Fr\u00fcchte<\/p>\n<p data-start=\"1751\" data-end=\"1787\"><strong data-start=\"1751\" data-end=\"1785\">Spezifisch f\u00fcr DD-S2 &amp; DD-S2W:<\/strong><\/p>\n<ul data-start=\"1788\" data-end=\"1862\">\n<li data-start=\"1788\" data-end=\"1862\">\n<p data-start=\"1790\" data-end=\"1862\">Schnell-Montagerahmen f\u00fcr schnelle, einfache, werkzeuglose Befestigung<\/p>\n<\/li>\n<\/ul>\n<p data-start=\"1864\" data-end=\"1899\"><strong data-start=\"1864\" data-end=\"1897\">Spezifisch f\u00fcr DD-S1 &amp; DD-S2:<\/strong><\/p>\n<ul data-start=\"1900\" data-end=\"2070\">\n<li data-start=\"1900\" data-end=\"2070\">\n<p data-start=\"1902\" data-end=\"2070\">Nicht geeignet f\u00fcr extreme Umweltbedingungen<br data-start=\"1946\" data-end=\"1949\" \/><em data-start=\"1951\" data-end=\"2068\">(hohe Feuchtigkeit, unter Wasser, unter Schneedecke, bodennah, hohe Staub- oder Korrosionsbelastung \u2013 siehe DD-S2W)<\/em><\/p>\n<\/li>\n<\/ul>\n<p data-start=\"2072\" data-end=\"2100\"><strong data-start=\"2072\" data-end=\"2098\">Spezifisch f\u00fcr DD-S2W:<\/strong><\/p>\n<ul data-start=\"2101\" data-end=\"2289\">\n<li data-start=\"2101\" data-end=\"2289\">\n<p data-start=\"2103\" data-end=\"2289\">Hermetisch versiegelt f\u00fcr extreme Einsatzumgebungen<br data-start=\"2154\" data-end=\"2157\" \/><em data-start=\"2159\" data-end=\"2287\">(z. B. hohe Luftfeuchtigkeit, unter Wasser, unter Schneedecke, bodennah, Sand- und Salzeintrag in K\u00fcstenregionen, Vulkanasche)<\/em><\/p>\n<\/li>\n<\/ul>\n<hr data-start=\"2291\" data-end=\"2294\" \/>\n<h3 data-start=\"2296\" data-end=\"2319\"><strong data-start=\"2300\" data-end=\"2319\">Einschr\u00e4nkungen<\/strong><\/h3>\n<p data-start=\"2320\" data-end=\"2383\">\u274c Nicht geeignet f\u00fcr Durchmesser \u00fcber 5 cm <em data-start=\"2363\" data-end=\"2381\">(siehe DD-L-Typ)<\/em><\/p>\n<hr data-start=\"2385\" data-end=\"2388\" \/>\n<h3 data-start=\"2390\" data-end=\"2414\"><strong data-start=\"2394\" data-end=\"2414\">[PFLICHTZUBEH\u00d6R]<\/strong><\/h3>\n<ul data-start=\"2415\" data-end=\"2640\">\n<li data-start=\"2415\" data-end=\"2640\">\n<p data-start=\"2417\" data-end=\"2640\">Passender Datenlogger oder IoT-Knoten erforderlich:<br data-start=\"2468\" data-end=\"2471\" \/>z. B. <strong data-start=\"2479\" data-end=\"2494\">Mini System<\/strong>, <strong data-start=\"2496\" data-end=\"2511\">Maxi System<\/strong>, <strong data-start=\"2513\" data-end=\"2536\">Multi-IoP LoRa Node<\/strong> oder anderes kompatibles Aufzeichnungsger\u00e4t <em data-start=\"2581\" data-end=\"2638\">(bitte kontaktieren Sie uns zur Kompatibilit\u00e4tspr\u00fcfung)<\/em><\/p>\n<\/li>\n<\/ul>\n<hr data-start=\"2642\" data-end=\"2645\" \/>\n<h3 data-start=\"2647\" data-end=\"2679\"><\/h3>\n","protected":false},"excerpt":{"rendered":"<p>Die DD-S-Serie von Dendrometern wird zur hochpr\u00e4zisen und kontinuierlichen Messung von Durchmesser\u00e4nderungen bei Pflanzen eingesetzt.Dank ihrer extrem geringen Leistungsaufnahme eignen sich Ecomatik-Dendrometer ideal f\u00fcr batteriebetriebene L\u00f6sungen, z. B. in IoT-Anwendungen. Die DD-S-Dendrometer wurden speziell f\u00fcr kleine B\u00e4ume, \u00c4ste und landwirtschaftliche Kulturen mit einem Durchmesser von unter 5 cm entwickelt.Die optimierte Befestigung erm\u00f6glicht eine stabile Montage, [&hellip;]<\/p>\n","protected":false},"featured_media":4247,"comment_status":"open","ping_status":"closed","template":"","meta":{"_et_pb_use_builder":"off","_et_pb_old_content":"Serija DD-S dendrometara koristi se za visokoprecizno i kontinuirano mjerenje promjena u promjeru stabala. Dendrometar je prikladni su za dugotrajnu primjenu u vanjskim uvjetima. Zbog izuzetno niske potro\u0161nje energije, Ecomatik dendrometri idealni su za rje\u0161enja s napajanjem iz baterija, poput IoT aplikacija. DD-S dendrometri posebno su dizajnirani za mala stabla i grane te poljoprivredne biljke (promjer manji od 5 cm). Optimizirana monta\u017ea ure\u0111aja omogu\u0107uje stabilnu instalaciju bez vr\u0161enja prevelikog pritiska na mjernu to\u010dku. Zbog toga DD-S dendrometri daju stabilna o\u010ditanja \u010dak i na vrlo malim i zeljastim biljkama.\r\n\r\n[et_pb_box title=\"Naslov\" button_url=\"https:\/\/pinova-meteo.com\/kontakt\"]\r\n<h3><strong>DD-S dendrometar dostupan je u 3 razli\u010dite verzije<\/strong>:<\/h3>\r\n<ul>\r\n \t<li style=\"font-weight: 400\"><b>DD-S1:<\/b><span style=\"font-weight: 400\"> sa standardnim monta\u017enim okvirom<\/span><\/li>\r\n<\/ul>\r\n<img class=\"alignnone size-medium wp-image-3590\" src=\"https:\/\/pinova-meteo.com\/wp-content\/uploads\/2024\/09\/dd-s1_3_lr.0x1200-300x200.jpg\" alt=\"\" width=\"300\" height=\"200\" \/> <img class=\"alignnone size-medium wp-image-3588\" src=\"https:\/\/pinova-meteo.com\/wp-content\/uploads\/2024\/09\/dd-s1_2_lr.0x1200-300x200.jpg\" alt=\"\" width=\"300\" height=\"200\" \/>\r\n<ul>\r\n \t<li style=\"font-weight: 400\"><b>DD-S2:<\/b><span style=\"font-weight: 400\"> s brzim okvirom za monta\u017eu<\/span><\/li>\r\n<\/ul>\r\n<img class=\"alignnone size-medium wp-image-3598\" src=\"https:\/\/pinova-meteo.com\/wp-content\/uploads\/2024\/09\/dd-s2_4_lr.0x1200-300x225.jpg\" alt=\"\" width=\"300\" height=\"225\" \/> <img class=\"alignnone size-medium wp-image-3592\" src=\"https:\/\/pinova-meteo.com\/wp-content\/uploads\/2024\/09\/dd-s2_1_lr.0x1200-300x200.jpg\" alt=\"\" width=\"300\" height=\"200\" \/>\r\n<ul>\r\n \t<li style=\"font-weight: 400\"><b>DD-S2W:<\/b><span style=\"font-weight: 400\"> s brzim okvirom za monta\u017eu i hermeti\u010dki zatvoren za izdr\u017eavanje ekstremnih uvjeta okoline (ispod snje\u017enog pokriva\u010da, pod vodom, pove\u0107ana izlo\u017eenost pra\u0161ini i korozivnim sredstvima)<\/span><\/li>\r\n<\/ul>\r\n<h2><strong>Prednosti<\/strong><\/h2>\r\n<ul>\r\n \t<li style=\"font-weight: 400\"><span style=\"font-weight: 400\">Prikladno za mala stabla, grane i poljoprivredne biljke s promjerom manjim od 5 cm<\/span><\/li>\r\n \t<li style=\"font-weight: 400\"><span style=\"font-weight: 400\">Lagan senzor<\/span><\/li>\r\n \t<li style=\"font-weight: 400\"><span style=\"font-weight: 400\">Biljke ne moraju nositi te\u017einu senzora (potreban dodatni nosa\u010d za vrlo male i osjetljive biljke)<\/span><\/li>\r\n \t<li style=\"font-weight: 400\"><span style=\"font-weight: 400\">Instalacija bez ozljeda biljke, minimalni pritisak na biljku<\/span><\/li>\r\n \t<li style=\"font-weight: 400\"><span style=\"font-weight: 400\">Stabilnost protiv vjetra, snijega, padaju\u0107ih grana i plodova<\/span><\/li>\r\n<\/ul>\r\n<h3><b>Specifi\u010dno za modele DD-S2 i DD-S2W<\/b><\/h3>\r\n<ul>\r\n \t<li style=\"font-weight: 400\"><span style=\"font-weight: 400\">Brzi okvir za monta\u017eu za brzu, jednostavnu i bezalatnu instalaciju mjerne to\u010dke<\/span><\/li>\r\n<\/ul>\r\n<h3><b>Specifi\u010dno za modele DD-S1 i DD-S2:<\/b><\/h3>\r\n<ul>\r\n \t<li><span style=\"font-weight: 400\">Nije prikladno za rad u ekstremnim uvjetima okoline (npr. visoka vla\u017enost, pod vodom, ispod snje\u017enog pokriva\u010da, blizu tla, pove\u0107ana izlo\u017eenost pra\u0161ini ili korozivnim sredstvima \u2013 pogledajte model DD-S2W)<\/span><\/li>\r\n<\/ul>\r\n<h3><b>Specifi\u010dno za model DD-S2W<\/b><\/h3>\r\n<ul>\r\n \t<li style=\"font-weight: 400\"><span style=\"font-weight: 400\">Hermeti\u010dki zatvoren za izdr\u017eavanje ekstremnih uvjeta okoline: npr. visoka vla\u017enost, pod vodom, ispod snje\u017enog pokriva\u010da, blizu tla, pove\u0107ana izlo\u017eenost pra\u0161ini ili korozivnim sredstvima (npr. obalne pje\u0161\u010dane i slane naslage, vulkanski pepeo)<\/span><\/li>\r\n<\/ul>\r\n<h3><b>Ograni\u010denja serije DD-S<\/b><\/h3>\r\n<ul>\r\n \t<li style=\"font-weight: 400\"><span style=\"font-weight: 400\">Nije prikladno za promjere ve\u0107e od 5 cm (pogledajte tip DD-L)<\/span><\/li>\r\n<\/ul>\r\n[learn_more caption=\"POTREBNI DODACI\"] \u2022 Prikladan datalogger ili IoT \u010dvor: npr. Mini System, Maxi System, Multi-IoP LoRa \u010dvor, ili drugi ure\u0111aj za bilje\u017eenje (molimo kontaktirajte nas za provjeru)[\/learn_more] \u00a0 <b>Modeli<\/b>\r\n<table>\r\n<tbody>\r\n<tr>\r\n<td><b>Modeli<\/b><\/td>\r\n<td><b>Prikladno za promjere<\/b><\/td>\r\n<td><b>Mjerni raspon<\/b><\/td>\r\n<\/tr>\r\n<tr>\r\n<td><b>DD-S1<\/b><\/td>\r\n<td><span style=\"font-weight: 400\">0 \u2013 5 cm<\/span><\/td>\r\n<td><span style=\"font-weight: 400\">11 mm<\/span><\/td>\r\n<\/tr>\r\n<tr>\r\n<td><b>DD-S2 (brzi okvir)<\/b><\/td>\r\n<td><span style=\"font-weight: 400\">0 \u2013 5 cm<\/span><\/td>\r\n<td><span style=\"font-weight: 400\">11 mm<\/span><\/td>\r\n<\/tr>\r\n<tr>\r\n<td><b>DD-S2W (brzi okvir, hermeti\u010dki zatvoren)<\/b><\/td>\r\n<td><span style=\"font-weight: 400\">0 \u2013 5 cm<\/span><\/td>\r\n<td><span style=\"font-weight: 400\">11 mm<\/span><\/td>\r\n<\/tr>\r\n<\/tbody>\r\n<\/table>","_et_gb_content_width":""},"product_cat":[93,87,92],"product_tag":[],"class_list":{"0":"post-4245","1":"product","2":"type-product","3":"status-publish","4":"has-post-thumbnail","6":"product_cat-dendrometer","7":"product_cat-sensoren","8":"product_cat-stamm","10":"first","11":"instock","12":"shipping-taxable","13":"product-type-simple"},"yoast_head":"<!-- This site is optimized with the Yoast SEO plugin v23.0 - https:\/\/yoast.com\/wordpress\/plugins\/seo\/ -->\n<title>Dendrometer f\u00fcr kleinere Durchmesser \u2013 DD\u2011S - Pinova Meteo<\/title>\n<meta name=\"description\" content=\"DD-S-Serie dendrometer - Die DD-S-Serie von Dendrometern wird zur hochpr\u00e4zisen und kontinuierlichen Messung von Durchmesser\u00e4nderungen bei Pflanzen einges...\" \/>\n<meta name=\"robots\" content=\"index, follow, max-snippet:-1, max-image-preview:large, max-video-preview:-1\" \/>\n<link rel=\"canonical\" href=\"https:\/\/pinova-meteo.com\/de\/produkt\/dendrometer-fur-kleinere-durchmesser-dd-s\" \/>\n<meta property=\"og:locale\" content=\"de_DE\" \/>\n<meta property=\"og:type\" content=\"article\" \/>\n<meta property=\"og:title\" content=\"Dendrometer f\u00fcr kleinere Durchmesser \u2013 DD\u2011S - Pinova Meteo\" \/>\n<meta property=\"og:description\" content=\"DD-S-Serie dendrometer - Die DD-S-Serie von Dendrometern wird zur hochpr\u00e4zisen und kontinuierlichen Messung von Durchmesser\u00e4nderungen bei Pflanzen einges...\" \/>\n<meta property=\"og:url\" content=\"https:\/\/pinova-meteo.com\/de\/produkt\/dendrometer-fur-kleinere-durchmesser-dd-s\" \/>\n<meta property=\"og:site_name\" content=\"Pinova Meteo\" \/>\n<meta property=\"article:modified_time\" content=\"2025-08-08T05:46:45+00:00\" \/>\n<meta property=\"og:image\" content=\"https:\/\/pinova-meteo.com\/wp-content\/uploads\/2024\/09\/dd_s1_3_lr.0x1200.jpg\" \/>\n\t<meta property=\"og:image:width\" content=\"800\" \/>\n\t<meta property=\"og:image:height\" content=\"1200\" \/>\n\t<meta property=\"og:image:type\" content=\"image\/jpeg\" \/>\n<meta name=\"twitter:card\" content=\"summary_large_image\" \/>\n<meta name=\"twitter:label1\" content=\"Gesch\u00e4tzte Lesezeit\" \/>\n\t<meta name=\"twitter:data1\" content=\"3\u00a0Minuten\" \/>\n<script type=\"application\/ld+json\" class=\"yoast-schema-graph\">{\"@context\":\"https:\/\/schema.org\",\"@graph\":[{\"@type\":\"WebPage\",\"@id\":\"https:\/\/pinova-meteo.com\/de\/produkt\/dendrometer-fur-kleinere-durchmesser-dd-s\",\"url\":\"https:\/\/pinova-meteo.com\/de\/produkt\/dendrometer-fur-kleinere-durchmesser-dd-s\",\"name\":\"Dendrometer f\u00fcr kleinere Durchmesser \u2013 DD\u2011S - Pinova Meteo\",\"isPartOf\":{\"@id\":\"https:\/\/pinova-meteo.com\/de#website\"},\"primaryImageOfPage\":{\"@id\":\"https:\/\/pinova-meteo.com\/de\/produkt\/dendrometer-fur-kleinere-durchmesser-dd-s#primaryimage\"},\"image\":{\"@id\":\"https:\/\/pinova-meteo.com\/de\/produkt\/dendrometer-fur-kleinere-durchmesser-dd-s#primaryimage\"},\"thumbnailUrl\":\"https:\/\/pinova-meteo.com\/wp-content\/uploads\/2024\/09\/dd_s1_3_lr.0x1200.jpg\",\"datePublished\":\"2024-09-26T11:51:39+00:00\",\"dateModified\":\"2025-08-08T05:46:45+00:00\",\"description\":\"DD-S-Serie dendrometer - Die DD-S-Serie von Dendrometern wird zur hochpr\u00e4zisen und kontinuierlichen Messung von Durchmesser\u00e4nderungen bei Pflanzen einges...\",\"breadcrumb\":{\"@id\":\"https:\/\/pinova-meteo.com\/de\/produkt\/dendrometer-fur-kleinere-durchmesser-dd-s#breadcrumb\"},\"inLanguage\":\"de\",\"potentialAction\":[{\"@type\":\"ReadAction\",\"target\":[\"https:\/\/pinova-meteo.com\/de\/produkt\/dendrometer-fur-kleinere-durchmesser-dd-s\"]}]},{\"@type\":\"ImageObject\",\"inLanguage\":\"de\",\"@id\":\"https:\/\/pinova-meteo.com\/de\/produkt\/dendrometer-fur-kleinere-durchmesser-dd-s#primaryimage\",\"url\":\"https:\/\/pinova-meteo.com\/wp-content\/uploads\/2024\/09\/dd_s1_3_lr.0x1200.jpg\",\"contentUrl\":\"https:\/\/pinova-meteo.com\/wp-content\/uploads\/2024\/09\/dd_s1_3_lr.0x1200.jpg\",\"width\":800,\"height\":1200},{\"@type\":\"BreadcrumbList\",\"@id\":\"https:\/\/pinova-meteo.com\/de\/produkt\/dendrometer-fur-kleinere-durchmesser-dd-s#breadcrumb\",\"itemListElement\":[{\"@type\":\"ListItem\",\"position\":1,\"name\":\"Po\u010detna stranica\",\"item\":\"https:\/\/pinova-meteo.com\/de\"},{\"@type\":\"ListItem\",\"position\":2,\"name\":\"Trgovina\",\"item\":\"https:\/\/pinova-meteo.com\/?page_id=7\"},{\"@type\":\"ListItem\",\"position\":3,\"name\":\"Dendrometer f\u00fcr kleinere Durchmesser \u2013 DD\u2011S\"}]},{\"@type\":\"WebSite\",\"@id\":\"https:\/\/pinova-meteo.com\/de#website\",\"url\":\"https:\/\/pinova-meteo.com\/de\",\"name\":\"Pinova Meteo\",\"description\":\"\",\"potentialAction\":[{\"@type\":\"SearchAction\",\"target\":{\"@type\":\"EntryPoint\",\"urlTemplate\":\"https:\/\/pinova-meteo.com\/de?s={search_term_string}\"},\"query-input\":\"required name=search_term_string\"}],\"inLanguage\":\"de\"}]}<\/script>\n<!-- \/ Yoast SEO plugin. -->","yoast_head_json":{"title":"Dendrometer f\u00fcr kleinere Durchmesser \u2013 DD\u2011S - Pinova Meteo","description":"DD-S-Serie dendrometer - Die DD-S-Serie von Dendrometern wird zur hochpr\u00e4zisen und kontinuierlichen Messung von Durchmesser\u00e4nderungen bei Pflanzen einges...","robots":{"index":"index","follow":"follow","max-snippet":"max-snippet:-1","max-image-preview":"max-image-preview:large","max-video-preview":"max-video-preview:-1"},"canonical":"https:\/\/pinova-meteo.com\/de\/produkt\/dendrometer-fur-kleinere-durchmesser-dd-s","og_locale":"de_DE","og_type":"article","og_title":"Dendrometer f\u00fcr kleinere Durchmesser \u2013 DD\u2011S - Pinova Meteo","og_description":"DD-S-Serie dendrometer - Die DD-S-Serie von Dendrometern wird zur hochpr\u00e4zisen und kontinuierlichen Messung von Durchmesser\u00e4nderungen bei Pflanzen einges...","og_url":"https:\/\/pinova-meteo.com\/de\/produkt\/dendrometer-fur-kleinere-durchmesser-dd-s","og_site_name":"Pinova Meteo","article_modified_time":"2025-08-08T05:46:45+00:00","og_image":[{"width":800,"height":1200,"url":"https:\/\/pinova-meteo.com\/wp-content\/uploads\/2024\/09\/dd_s1_3_lr.0x1200.jpg","type":"image\/jpeg"}],"twitter_card":"summary_large_image","twitter_misc":{"Gesch\u00e4tzte Lesezeit":"3\u00a0Minuten"},"schema":{"@context":"https:\/\/schema.org","@graph":[{"@type":"WebPage","@id":"https:\/\/pinova-meteo.com\/de\/produkt\/dendrometer-fur-kleinere-durchmesser-dd-s","url":"https:\/\/pinova-meteo.com\/de\/produkt\/dendrometer-fur-kleinere-durchmesser-dd-s","name":"Dendrometer f\u00fcr kleinere Durchmesser \u2013 DD\u2011S - Pinova Meteo","isPartOf":{"@id":"https:\/\/pinova-meteo.com\/de#website"},"primaryImageOfPage":{"@id":"https:\/\/pinova-meteo.com\/de\/produkt\/dendrometer-fur-kleinere-durchmesser-dd-s#primaryimage"},"image":{"@id":"https:\/\/pinova-meteo.com\/de\/produkt\/dendrometer-fur-kleinere-durchmesser-dd-s#primaryimage"},"thumbnailUrl":"https:\/\/pinova-meteo.com\/wp-content\/uploads\/2024\/09\/dd_s1_3_lr.0x1200.jpg","datePublished":"2024-09-26T11:51:39+00:00","dateModified":"2025-08-08T05:46:45+00:00","description":"DD-S-Serie dendrometer - Die DD-S-Serie von Dendrometern wird zur hochpr\u00e4zisen und kontinuierlichen Messung von Durchmesser\u00e4nderungen bei Pflanzen einges...","breadcrumb":{"@id":"https:\/\/pinova-meteo.com\/de\/produkt\/dendrometer-fur-kleinere-durchmesser-dd-s#breadcrumb"},"inLanguage":"de","potentialAction":[{"@type":"ReadAction","target":["https:\/\/pinova-meteo.com\/de\/produkt\/dendrometer-fur-kleinere-durchmesser-dd-s"]}]},{"@type":"ImageObject","inLanguage":"de","@id":"https:\/\/pinova-meteo.com\/de\/produkt\/dendrometer-fur-kleinere-durchmesser-dd-s#primaryimage","url":"https:\/\/pinova-meteo.com\/wp-content\/uploads\/2024\/09\/dd_s1_3_lr.0x1200.jpg","contentUrl":"https:\/\/pinova-meteo.com\/wp-content\/uploads\/2024\/09\/dd_s1_3_lr.0x1200.jpg","width":800,"height":1200},{"@type":"BreadcrumbList","@id":"https:\/\/pinova-meteo.com\/de\/produkt\/dendrometer-fur-kleinere-durchmesser-dd-s#breadcrumb","itemListElement":[{"@type":"ListItem","position":1,"name":"Po\u010detna stranica","item":"https:\/\/pinova-meteo.com\/de"},{"@type":"ListItem","position":2,"name":"Trgovina","item":"https:\/\/pinova-meteo.com\/?page_id=7"},{"@type":"ListItem","position":3,"name":"Dendrometer f\u00fcr kleinere Durchmesser \u2013 DD\u2011S"}]},{"@type":"WebSite","@id":"https:\/\/pinova-meteo.com\/de#website","url":"https:\/\/pinova-meteo.com\/de","name":"Pinova Meteo","description":"","potentialAction":[{"@type":"SearchAction","target":{"@type":"EntryPoint","urlTemplate":"https:\/\/pinova-meteo.com\/de?s={search_term_string}"},"query-input":"required name=search_term_string"}],"inLanguage":"de"}]}},"_links":{"self":[{"href":"https:\/\/pinova-meteo.com\/de\/wp-json\/wp\/v2\/product\/4245","targetHints":{"allow":["GET"]}}],"collection":[{"href":"https:\/\/pinova-meteo.com\/de\/wp-json\/wp\/v2\/product"}],"about":[{"href":"https:\/\/pinova-meteo.com\/de\/wp-json\/wp\/v2\/types\/product"}],"replies":[{"embeddable":true,"href":"https:\/\/pinova-meteo.com\/de\/wp-json\/wp\/v2\/comments?post=4245"}],"wp:featuredmedia":[{"embeddable":true,"href":"https:\/\/pinova-meteo.com\/de\/wp-json\/wp\/v2\/media\/4247"}],"wp:attachment":[{"href":"https:\/\/pinova-meteo.com\/de\/wp-json\/wp\/v2\/media?parent=4245"}],"wp:term":[{"taxonomy":"product_cat","embeddable":true,"href":"https:\/\/pinova-meteo.com\/de\/wp-json\/wp\/v2\/product_cat?post=4245"},{"taxonomy":"product_tag","embeddable":true,"href":"https:\/\/pinova-meteo.com\/de\/wp-json\/wp\/v2\/product_tag?post=4245"}],"curies":[{"name":"wp","href":"https:\/\/api.w.org\/{rel}","templated":true}]}}