{"id":4248,"date":"2024-09-13T08:26:44","date_gmt":"2024-09-13T06:26:44","guid":{"rendered":"https:\/\/pinova-meteo.com\/proizvod\/senzor-vlage-tla-sm100"},"modified":"2025-07-22T10:08:09","modified_gmt":"2025-07-22T08:08:09","slug":"bodenfeuchtesensor-sm100","status":"publish","type":"product","link":"https:\/\/pinova-meteo.com\/de\/produkt\/bodenfeuchtesensor-sm100","title":{"rendered":"Bodenfeuchtesensor (SM100)"},"content":{"rendered":"<p>SM100 volumetrijski senzor vlage tla za odre\u0111ivanje vla\u017enost koristi dvije elektrode koje funkcioniraju kao kondenzator. Tlo koje okru\u017euje elektrode djeluje kao dielektri\u010dni materijal, a oscilator od 80 MHz pokre\u0107e kondenzator. Senzor mjeri vla\u017enost tla otkrivanjem promjena u dielektri\u010dnoj permitivnosti, koja je izravno pod utjecajem koli\u010dine vode u tlu. Voda ima znatno ve\u0107u dielektri\u010dnu permitivnost u usporedbi s zrakom, mineralima tla ili organskom tvari, \u0161to omogu\u0107uje senzoru da to\u010dno detektira razine vla\u017enosti.<\/p>\n<h3><strong>Prednosti:<\/strong><\/h3>\n<ul>\n<li><strong>Pra\u0107enje vla\u017enosti u stvarnom vremenu<\/strong>: Uz SM100 mo\u017eete precizno pratiti razinu vla\u017enosti tla u realnom vremenu i do izmjera svakih 1 min.<\/li>\n<li><strong>Pobolj\u0161ano planiranje navodnjavanja<\/strong>: Pra\u0107enjem smanjenja koli\u010dine vode u tlu, mo\u017eete optimizirati raspored navodnjavanja i osigurati u\u010dinkovitu primjenu vode.<\/li>\n<li><strong>Pobolj\u0161ano dono\u0161enje odluka<\/strong>: Senzor pru\u017ea pouzdane podatke koji vam poma\u017eu da procijenite utjecaj ki\u0161e i navodnjavanja na va\u0161em polju kroz vrijeme.<\/li>\n<\/ul>\n<h4><strong>Za\u0161to odabrati SM100?<\/strong><\/h4>\n<p>Redovita upotreba SM100 senzora daje vam jasnu, dugoro\u010dnu sliku o promjenama vla\u017enosti tla, poma\u017eu\u0107i vam donositi informirane odluke o upravljanju vodom i zdravlju usjeva.<\/p>\n<hr \/>\n<h4><strong>Instalacija i najbolje prakse za SM100 senzor za vla\u017enost tla<\/strong><\/h4>\n<p>Kako biste osigurali to\u010dna mjerenja, va\u017eno je pa\u017eljivo odabrati mjesto za postavljanje senzora i pravilno instalirati SM100.<\/p>\n<h4><strong>Postavljanje senzora:<\/strong><\/h4>\n<ul>\n<li>Postavite senzore u <strong>djelotvornu korijensku zonu<\/strong> va\u0161ih usjeva. To \u0107e vam pru\u017eiti reprezentativnu sliku vla\u017enosti tla na polju.<\/li>\n<li><strong>Razmotrite varijabilnost polja<\/strong>: Podru\u010dja s razli\u010ditim usjevima, topografijom ili vrstama tla trebala bi se tretirati kao zasebni okoli\u0161i vla\u017enosti tla, koji zahtijevaju vlastite senzore.<\/li>\n<li><strong>Odaberite kriti\u010dne to\u010dke<\/strong>: Odaberite lokacije koje dobivaju najmanje vode iz sustava za navodnjavanje kako biste identificirali kada ta podru\u010dja postanu kriti\u010dno suha i zahtijevaju pa\u017enju.<\/li>\n<li><strong>Pozicioniranje senzora<\/strong>:\n<ul>\n<li>Za jedan senzor, postavite ga u sredinu korijenske zone.<\/li>\n<li>Za dva senzora, postavite jedan na vrh korijenske zone, a drugi na dno kako biste promatrali kretanje vode kroz profil tla.<\/li>\n<\/ul>\n<\/li>\n<\/ul>\n<h5><strong>Savjeti za instalaciju:<\/strong><\/h5>\n<ul>\n<li>Osigurajte <strong>dobar kontakt izme\u0111u tla i senzora<\/strong>. Izbjegavajte postavljanje senzora pored kamenja ili zra\u010dnih d\u017eepova jer \u0107e to utjecati na to\u010dnost o\u010ditanja.<\/li>\n<li>Izbjegavajte instalaciju senzora blizu metala, jer to mo\u017ee ometati osjetljivost senzora na promjene u dielektri\u010dnoj permitivnosti.<\/li>\n<\/ul>\n<h5><strong>Maksimiziranje performansi senzora:<\/strong><\/h5>\n<p>Postavljanje vi\u0161e senzora na razli\u010ditim dubinama omogu\u0107ava vam pra\u0107enje koliko dobro navodnjavanje ili ki\u0161nica prodiru kroz tlo, pru\u017eaju\u0107i bolji uvid u raspodjelu vla\u017enosti.<\/p>\n<hr \/>\n<h3><strong>Tehni\u010dke specifikacije SM100 senzora za vla\u017enost tla<\/strong><\/h3>\n<ul>\n<li><strong>Datalogger<\/strong>:\n<ul>\n<li>Kompatibilan s Pinova meteo stanicom<\/li>\n<\/ul>\n<\/li>\n<li><strong>Konektor<\/strong>: 3,5 mm stereo pin<\/li>\n<li><strong>Opseg mjerenja<\/strong>: 0% VWC do zasi\u0107enja<\/li>\n<li><strong>Napajanje<\/strong>: 3 do 5V @ 6 do 10mA<\/li>\n<li><strong>Izlaz<\/strong>: Analogni napon proporcionalan naponu pobude (0,5 do 1,5 V za pobudu od 3V)<\/li>\n<li><strong>Frekvencija oscilatora<\/strong>: 80 MHz<\/li>\n<li><strong>Rezolucija<\/strong>: 0,1% VWC<\/li>\n<li><strong>To\u010dnost<\/strong>: 3% VWC pri EC &lt; 8 mS\/cm<\/li>\n<li><strong>Dimenzije senzora<\/strong>: 6 cm x 2 cm x 0,3 cm<\/li>\n<li><strong>Duljina kabela<\/strong>: 5 m<\/li>\n<li><strong>Raspon radne temperature<\/strong>: 0,5\u00b0C do 80\u00b0C (33\u00b0F do 175\u00b0F)<\/li>\n<\/ul>\n<p>&nbsp;<\/p>\n<p>Za vi\u0161e o odre\u0111ivanju vlage tla vidi <a href=\"https:\/\/pinova-meteo.com\/blog\/metode-odredivanja-vlage-u-tlu\/%20%20\">ovdje!<\/a><\/p>\n","protected":false},"excerpt":{"rendered":"<p>SM100 volumetrijski senzor vlage tla za odre\u0111ivanje vla\u017enost koristi dvije elektrode koje funkcioniraju kao kondenzator. Tlo koje okru\u017euje elektrode djeluje kao dielektri\u010dni materijal, a oscilator od 80 MHz pokre\u0107e kondenzator. Senzor mjeri vla\u017enost tla otkrivanjem promjena u dielektri\u010dnoj permitivnosti, koja je izravno pod utjecajem koli\u010dine vode u tlu. Voda ima znatno ve\u0107u dielektri\u010dnu permitivnost u [&hellip;]<\/p>\n","protected":false},"featured_media":4250,"comment_status":"open","ping_status":"closed","template":"","meta":{"_et_pb_use_builder":"off","_et_pb_old_content":"SM100 je\u00a0 Volumetrijski senzor vlage tla, \u0161to zna\u010di da mjeri volumetrijski sadr\u017eaj vode (VWC), senzor je Ameri\u010dki proizvod tvrtke <a href=\"https:\/\/www.specmeters.com\/\">Spectrum<\/a>, koja je lider u razvoju i proizvodnji senzorske opreme u poljoprivredi.Odr\u017eavanje zdrave razine vlage u tlu i ravnote\u017ee vode klju\u010dno je za proizvodnju visokokvalitetnih biljaka. Biljke koje nisu dovoljno zalijevane pate od nedostatka hranjivih tvari, zakr\u017eljalosti i venu\u0107a. S druge strane, biljke koje su previ\u0161e zalijevane podlo\u017enije su bolestima i manje otporne na su\u0161ne uvjete kasnije u \u017eivotnom ciklusu. Ekstremno prekomjerno zalijevanje mo\u017ee ugu\u0161iti biljku i dovesti do smrti korijena. SM100 senzor je tipa kapaciteta za mjerenje vlage u tlu i odmah reagira na promjene u sadr\u017eaju vlage, omogu\u0107uju\u0107i bolje odluke o navodnjavanju. Kalibriran je za mineralna tla ili supstrat bez tla.\r\n\r\n<img class=\" wp-image-3575 aligncenter\" src=\"https:\/\/pinova-meteo.com\/wp-content\/uploads\/2024\/09\/Sadzaj-vode-u-tlu-HR_page-0001-1-300x212.jpg\" alt=\"\" width=\"413\" height=\"292\" \/>\r\n\r\nZa vi\u0161e o odre\u0111ivanju vlage tla vidi <a href=\"https:\/\/pinova-meteo.com\/blog\/metode-odredivanja-vlage-u-tlu\">ovdje!<\/a>\r\n\r\n\u00a0","_et_gb_content_width":""},"product_cat":[91,87],"product_tag":[],"class_list":{"0":"post-4248","1":"product","2":"type-product","3":"status-publish","4":"has-post-thumbnail","6":"product_cat-boden","7":"product_cat-sensoren","9":"first","10":"instock","11":"shipping-taxable","12":"product-type-simple"},"yoast_head":"<!-- This site is optimized with the Yoast SEO plugin v23.0 - https:\/\/yoast.com\/wordpress\/plugins\/seo\/ -->\n<title>Bodenfeuchtesensor (SM100) - Pinova Meteo Volumetrijski senzor vlage tla<\/title>\n<meta name=\"description\" content=\"SM100 je\u00a0 Volumetrijski senzor vlage tla odnosno mjeri volumetrijski sadr\u017eaj vode (VWC). Odr\u017eavanje zdrave razine vlage u tlu vode klju\u010dno je za proizvodnju.\" \/>\n<meta name=\"robots\" content=\"index, follow, max-snippet:-1, max-image-preview:large, max-video-preview:-1\" \/>\n<link rel=\"canonical\" href=\"https:\/\/pinova-meteo.com\/de\/produkt\/bodenfeuchtesensor-sm100\" \/>\n<meta property=\"og:locale\" content=\"de_DE\" \/>\n<meta property=\"og:type\" content=\"article\" \/>\n<meta property=\"og:title\" content=\"Bodenfeuchtesensor (SM100) - Pinova Meteo Volumetrijski senzor vlage tla\" \/>\n<meta property=\"og:description\" content=\"SM100 je\u00a0 Volumetrijski senzor vlage tla odnosno mjeri volumetrijski sadr\u017eaj vode (VWC). Odr\u017eavanje zdrave razine vlage u tlu vode klju\u010dno je za proizvodnju.\" \/>\n<meta property=\"og:url\" content=\"https:\/\/pinova-meteo.com\/de\/produkt\/bodenfeuchtesensor-sm100\" \/>\n<meta property=\"og:site_name\" content=\"Pinova Meteo\" \/>\n<meta property=\"article:modified_time\" content=\"2025-07-22T08:08:09+00:00\" \/>\n<meta property=\"og:image\" content=\"https:\/\/pinova-meteo.com\/wp-content\/uploads\/2024\/09\/Spectrum-WaterScout-SM100-umanjena.jpg\" \/>\n\t<meta property=\"og:image:width\" content=\"2029\" \/>\n\t<meta property=\"og:image:height\" content=\"816\" \/>\n\t<meta property=\"og:image:type\" content=\"image\/jpeg\" \/>\n<meta name=\"twitter:card\" content=\"summary_large_image\" \/>\n<meta name=\"twitter:label1\" content=\"Gesch\u00e4tzte Lesezeit\" \/>\n\t<meta name=\"twitter:data1\" content=\"3\u00a0Minuten\" \/>\n<script type=\"application\/ld+json\" class=\"yoast-schema-graph\">{\"@context\":\"https:\/\/schema.org\",\"@graph\":[{\"@type\":\"WebPage\",\"@id\":\"https:\/\/pinova-meteo.com\/de\/produkt\/bodenfeuchtesensor-sm100\",\"url\":\"https:\/\/pinova-meteo.com\/de\/produkt\/bodenfeuchtesensor-sm100\",\"name\":\"Bodenfeuchtesensor (SM100) - Pinova Meteo Volumetrijski senzor vlage tla\",\"isPartOf\":{\"@id\":\"https:\/\/pinova-meteo.com\/de#website\"},\"primaryImageOfPage\":{\"@id\":\"https:\/\/pinova-meteo.com\/de\/produkt\/bodenfeuchtesensor-sm100#primaryimage\"},\"image\":{\"@id\":\"https:\/\/pinova-meteo.com\/de\/produkt\/bodenfeuchtesensor-sm100#primaryimage\"},\"thumbnailUrl\":\"https:\/\/pinova-meteo.com\/wp-content\/uploads\/2024\/09\/Spectrum-WaterScout-SM100-umanjena.jpg\",\"datePublished\":\"2024-09-13T06:26:44+00:00\",\"dateModified\":\"2025-07-22T08:08:09+00:00\",\"description\":\"SM100 je\u00a0 Volumetrijski senzor vlage tla odnosno mjeri volumetrijski sadr\u017eaj vode (VWC). Odr\u017eavanje zdrave razine vlage u tlu vode klju\u010dno je za proizvodnju.\",\"breadcrumb\":{\"@id\":\"https:\/\/pinova-meteo.com\/de\/produkt\/bodenfeuchtesensor-sm100#breadcrumb\"},\"inLanguage\":\"de\",\"potentialAction\":[{\"@type\":\"ReadAction\",\"target\":[\"https:\/\/pinova-meteo.com\/de\/produkt\/bodenfeuchtesensor-sm100\"]}]},{\"@type\":\"ImageObject\",\"inLanguage\":\"de\",\"@id\":\"https:\/\/pinova-meteo.com\/de\/produkt\/bodenfeuchtesensor-sm100#primaryimage\",\"url\":\"https:\/\/pinova-meteo.com\/wp-content\/uploads\/2024\/09\/Spectrum-WaterScout-SM100-umanjena.jpg\",\"contentUrl\":\"https:\/\/pinova-meteo.com\/wp-content\/uploads\/2024\/09\/Spectrum-WaterScout-SM100-umanjena.jpg\",\"width\":2029,\"height\":816},{\"@type\":\"BreadcrumbList\",\"@id\":\"https:\/\/pinova-meteo.com\/de\/produkt\/bodenfeuchtesensor-sm100#breadcrumb\",\"itemListElement\":[{\"@type\":\"ListItem\",\"position\":1,\"name\":\"Po\u010detna stranica\",\"item\":\"https:\/\/pinova-meteo.com\/de\"},{\"@type\":\"ListItem\",\"position\":2,\"name\":\"Trgovina\",\"item\":\"https:\/\/pinova-meteo.com\/?page_id=7\"},{\"@type\":\"ListItem\",\"position\":3,\"name\":\"Bodenfeuchtesensor (SM100)\"}]},{\"@type\":\"WebSite\",\"@id\":\"https:\/\/pinova-meteo.com\/de#website\",\"url\":\"https:\/\/pinova-meteo.com\/de\",\"name\":\"Pinova Meteo\",\"description\":\"\",\"potentialAction\":[{\"@type\":\"SearchAction\",\"target\":{\"@type\":\"EntryPoint\",\"urlTemplate\":\"https:\/\/pinova-meteo.com\/de?s={search_term_string}\"},\"query-input\":\"required name=search_term_string\"}],\"inLanguage\":\"de\"}]}<\/script>\n<!-- \/ Yoast SEO plugin. -->","yoast_head_json":{"title":"Bodenfeuchtesensor (SM100) - Pinova Meteo Volumetrijski senzor vlage tla","description":"SM100 je\u00a0 Volumetrijski senzor vlage tla odnosno mjeri volumetrijski sadr\u017eaj vode (VWC). Odr\u017eavanje zdrave razine vlage u tlu vode klju\u010dno je za proizvodnju.","robots":{"index":"index","follow":"follow","max-snippet":"max-snippet:-1","max-image-preview":"max-image-preview:large","max-video-preview":"max-video-preview:-1"},"canonical":"https:\/\/pinova-meteo.com\/de\/produkt\/bodenfeuchtesensor-sm100","og_locale":"de_DE","og_type":"article","og_title":"Bodenfeuchtesensor (SM100) - Pinova Meteo Volumetrijski senzor vlage tla","og_description":"SM100 je\u00a0 Volumetrijski senzor vlage tla odnosno mjeri volumetrijski sadr\u017eaj vode (VWC). Odr\u017eavanje zdrave razine vlage u tlu vode klju\u010dno je za proizvodnju.","og_url":"https:\/\/pinova-meteo.com\/de\/produkt\/bodenfeuchtesensor-sm100","og_site_name":"Pinova Meteo","article_modified_time":"2025-07-22T08:08:09+00:00","og_image":[{"width":2029,"height":816,"url":"https:\/\/pinova-meteo.com\/wp-content\/uploads\/2024\/09\/Spectrum-WaterScout-SM100-umanjena.jpg","type":"image\/jpeg"}],"twitter_card":"summary_large_image","twitter_misc":{"Gesch\u00e4tzte Lesezeit":"3\u00a0Minuten"},"schema":{"@context":"https:\/\/schema.org","@graph":[{"@type":"WebPage","@id":"https:\/\/pinova-meteo.com\/de\/produkt\/bodenfeuchtesensor-sm100","url":"https:\/\/pinova-meteo.com\/de\/produkt\/bodenfeuchtesensor-sm100","name":"Bodenfeuchtesensor (SM100) - Pinova Meteo Volumetrijski senzor vlage tla","isPartOf":{"@id":"https:\/\/pinova-meteo.com\/de#website"},"primaryImageOfPage":{"@id":"https:\/\/pinova-meteo.com\/de\/produkt\/bodenfeuchtesensor-sm100#primaryimage"},"image":{"@id":"https:\/\/pinova-meteo.com\/de\/produkt\/bodenfeuchtesensor-sm100#primaryimage"},"thumbnailUrl":"https:\/\/pinova-meteo.com\/wp-content\/uploads\/2024\/09\/Spectrum-WaterScout-SM100-umanjena.jpg","datePublished":"2024-09-13T06:26:44+00:00","dateModified":"2025-07-22T08:08:09+00:00","description":"SM100 je\u00a0 Volumetrijski senzor vlage tla odnosno mjeri volumetrijski sadr\u017eaj vode (VWC). Odr\u017eavanje zdrave razine vlage u tlu vode klju\u010dno je za proizvodnju.","breadcrumb":{"@id":"https:\/\/pinova-meteo.com\/de\/produkt\/bodenfeuchtesensor-sm100#breadcrumb"},"inLanguage":"de","potentialAction":[{"@type":"ReadAction","target":["https:\/\/pinova-meteo.com\/de\/produkt\/bodenfeuchtesensor-sm100"]}]},{"@type":"ImageObject","inLanguage":"de","@id":"https:\/\/pinova-meteo.com\/de\/produkt\/bodenfeuchtesensor-sm100#primaryimage","url":"https:\/\/pinova-meteo.com\/wp-content\/uploads\/2024\/09\/Spectrum-WaterScout-SM100-umanjena.jpg","contentUrl":"https:\/\/pinova-meteo.com\/wp-content\/uploads\/2024\/09\/Spectrum-WaterScout-SM100-umanjena.jpg","width":2029,"height":816},{"@type":"BreadcrumbList","@id":"https:\/\/pinova-meteo.com\/de\/produkt\/bodenfeuchtesensor-sm100#breadcrumb","itemListElement":[{"@type":"ListItem","position":1,"name":"Po\u010detna stranica","item":"https:\/\/pinova-meteo.com\/de"},{"@type":"ListItem","position":2,"name":"Trgovina","item":"https:\/\/pinova-meteo.com\/?page_id=7"},{"@type":"ListItem","position":3,"name":"Bodenfeuchtesensor (SM100)"}]},{"@type":"WebSite","@id":"https:\/\/pinova-meteo.com\/de#website","url":"https:\/\/pinova-meteo.com\/de","name":"Pinova Meteo","description":"","potentialAction":[{"@type":"SearchAction","target":{"@type":"EntryPoint","urlTemplate":"https:\/\/pinova-meteo.com\/de?s={search_term_string}"},"query-input":"required name=search_term_string"}],"inLanguage":"de"}]}},"_links":{"self":[{"href":"https:\/\/pinova-meteo.com\/de\/wp-json\/wp\/v2\/product\/4248","targetHints":{"allow":["GET"]}}],"collection":[{"href":"https:\/\/pinova-meteo.com\/de\/wp-json\/wp\/v2\/product"}],"about":[{"href":"https:\/\/pinova-meteo.com\/de\/wp-json\/wp\/v2\/types\/product"}],"replies":[{"embeddable":true,"href":"https:\/\/pinova-meteo.com\/de\/wp-json\/wp\/v2\/comments?post=4248"}],"wp:featuredmedia":[{"embeddable":true,"href":"https:\/\/pinova-meteo.com\/de\/wp-json\/wp\/v2\/media\/4250"}],"wp:attachment":[{"href":"https:\/\/pinova-meteo.com\/de\/wp-json\/wp\/v2\/media?parent=4248"}],"wp:term":[{"taxonomy":"product_cat","embeddable":true,"href":"https:\/\/pinova-meteo.com\/de\/wp-json\/wp\/v2\/product_cat?post=4248"},{"taxonomy":"product_tag","embeddable":true,"href":"https:\/\/pinova-meteo.com\/de\/wp-json\/wp\/v2\/product_tag?post=4248"}],"curies":[{"name":"wp","href":"https:\/\/api.w.org\/{rel}","templated":true}]}}