{"id":4259,"date":"2024-06-03T14:04:15","date_gmt":"2024-06-03T12:04:15","guid":{"rendered":"https:\/\/pinova-meteo.com\/proizvod\/pepelnica-vinove-loze-uncinula-necator"},"modified":"2025-07-28T08:40:36","modified_gmt":"2025-07-28T06:40:36","slug":"weitere-pflanzenkrankheitsmodelle","status":"publish","type":"product","link":"https:\/\/pinova-meteo.com\/de\/produkt\/weitere-pflanzenkrankheitsmodelle","title":{"rendered":"Weitere Pflanzenkrankheitsmodelle"},"content":{"rendered":"<p>Verf\u00fcgbare Pflanzenkrankheitsmodelle:<\/p>\n<table>\n<thead>\n<tr>\n<th>Kultur<\/th>\n<th>\u00a0Name<\/th>\n<th>Lateinischer Name<\/th>\n<\/tr>\n<\/thead>\n<tbody>\n<tr>\n<td>Apfel<\/td>\n<td>Schorf<\/td>\n<td><em>Venturia inaequalis<\/em><\/td>\n<\/tr>\n<tr>\n<td><\/td>\n<td>Feuerbrand<\/td>\n<td><em>Erwinia amylovora<\/em><\/td>\n<\/tr>\n<tr>\n<td>Birne<\/td>\n<td>Schorf<\/td>\n<td><em>Venturia pirina<\/em><\/td>\n<\/tr>\n<tr>\n<td><\/td>\n<td>Feuerbrand<\/td>\n<td><em>Erwinia amylovora<\/em><\/td>\n<\/tr>\n<tr>\n<td>Weinrebe<\/td>\n<td>Falscher Mehltau<\/td>\n<td><em>Plasmopara viticola<\/em><\/td>\n<\/tr>\n<tr>\n<td><\/td>\n<td>Echter Mehltau<\/td>\n<td><em>Uncinula necator<\/em><\/td>\n<\/tr>\n<tr>\n<td><\/td>\n<td>Grauschimmel<\/td>\n<td><em>Botrytis cinerea<\/em><\/td>\n<\/tr>\n<tr>\n<td>Pflaume<\/td>\n<td>Fruchtf\u00e4ule<\/td>\n<td><em>Monilinia fructicola<\/em><\/td>\n<\/tr>\n<tr>\n<td><\/td>\n<td>Schrotschusskrankheit<\/td>\n<td><em>Wilsonomyces carpophilus<\/em><\/td>\n<\/tr>\n<tr>\n<td>Pfirsich<\/td>\n<td>Kr\u00e4uselkrankheit<\/td>\n<td><em>Taphrina deformans<\/em><\/td>\n<\/tr>\n<tr>\n<td><\/td>\n<td>Fruchtf\u00e4ule<\/td>\n<td><em>Monilinia fructicola<\/em><\/td>\n<\/tr>\n<tr>\n<td><\/td>\n<td>Triebsterben<\/td>\n<td><em>Monilinia laxa<\/em><\/td>\n<\/tr>\n<tr>\n<td>Sauerkirsche\/Kirsche<\/td>\n<td>Triebsterben<\/td>\n<td><em>Monilinia laxa<\/em><\/td>\n<\/tr>\n<tr>\n<td><\/td>\n<td>Fruchtf\u00e4ule<\/td>\n<td><em>Monilinia fructigena<\/em><\/td>\n<\/tr>\n<tr>\n<td><\/td>\n<td>Blattfleckenkrankheit (Kozi\u010davost)<\/td>\n<td><em>Blumeriella jaapii<\/em><\/td>\n<\/tr>\n<tr>\n<td><\/td>\n<td>Schrotschusskrankheit<\/td>\n<td><em>Wilsonomyces carpophilus<\/em><\/td>\n<\/tr>\n<tr>\n<td>Weizen<\/td>\n<td>Brauner Rost<\/td>\n<td><em>Puccinia recondita<\/em><\/td>\n<\/tr>\n<tr>\n<td><\/td>\n<td>Gelber Rost<\/td>\n<td><em>Puccinia striiformis<\/em><\/td>\n<\/tr>\n<tr>\n<td><\/td>\n<td>Septoria-Blattflecken<\/td>\n<td><em>Septoria tritici<\/em><\/td>\n<\/tr>\n<tr>\n<td>Zuckerr\u00fcbe<\/td>\n<td>Blattflecken<\/td>\n<td><em>Cercospora beticola<\/em><\/td>\n<\/tr>\n<tr>\n<td>Erdbeere (Freiland)<\/td>\n<td>Grauschimmel<\/td>\n<td><em>Botrytis cinerea<\/em><\/td>\n<\/tr>\n<tr>\n<td>Tomate (Freiland)<\/td>\n<td>Kraut- und Braunf\u00e4ule<\/td>\n<td><em>Phytophthora infestans<\/em><\/td>\n<\/tr>\n<tr>\n<td><\/td>\n<td>Grauschimmel<\/td>\n<td><em>Botrytis cinerea<\/em><\/td>\n<\/tr>\n<tr>\n<td><\/td>\n<td>Alternaria-Fleckenkrankheit<\/td>\n<td><em>Alternaria solani<\/em><\/td>\n<\/tr>\n<tr>\n<td>Paprika (Freiland)<\/td>\n<td>Falscher Mehltau<\/td>\n<td><em>Phytophthora capsici<\/em><\/td>\n<\/tr>\n<tr>\n<td><\/td>\n<td>Echter Mehltau<\/td>\n<td><em>Leveillula taurica<\/em><\/td>\n<\/tr>\n<tr>\n<td><\/td>\n<td>Alternaria-Fleckenkrankheit<\/td>\n<td><em>Alterna<\/em><\/td>\n<\/tr>\n<\/tbody>\n<\/table>\n","protected":false},"excerpt":{"rendered":"<p>Verf\u00fcgbare Pflanzenkrankheitsmodelle: Kultur \u00a0Name Lateinischer Name Apfel Schorf Venturia inaequalis Feuerbrand Erwinia amylovora Birne Schorf Venturia pirina Feuerbrand Erwinia amylovora Weinrebe Falscher Mehltau Plasmopara viticola Echter Mehltau Uncinula necator Grauschimmel Botrytis cinerea Pflaume Fruchtf\u00e4ule Monilinia fructicola Schrotschusskrankheit Wilsonomyces carpophilus Pfirsich Kr\u00e4uselkrankheit Taphrina deformans Fruchtf\u00e4ule Monilinia fructicola Triebsterben Monilinia laxa Sauerkirsche\/Kirsche Triebsterben Monilinia laxa Fruchtf\u00e4ule Monilinia [&hellip;]<\/p>\n","protected":false},"featured_media":4260,"comment_status":"open","ping_status":"closed","template":"","meta":{"_et_pb_use_builder":"","_et_pb_old_content":"","_et_gb_content_width":""},"product_cat":[86,84],"product_tag":[],"class_list":{"0":"post-4259","1":"product","2":"type-product","3":"status-publish","4":"has-post-thumbnail","6":"product_cat-pflanzenkrankheitsmodelle","7":"product_cat-pinova-meteo-agrometeorologische-station","9":"first","10":"instock","11":"shipping-taxable","12":"product-type-simple"},"yoast_head":"<!-- This site is optimized with the Yoast SEO plugin v23.0 - https:\/\/yoast.com\/wordpress\/plugins\/seo\/ -->\n<title>Weitere Pflanzenkrankheitsmodelle - Pinova Meteo<\/title>\n<meta name=\"description\" content=\"Verf\u00fcgbare Pflanzenkrankheitsmodelle:\" \/>\n<meta name=\"robots\" content=\"index, follow, max-snippet:-1, max-image-preview:large, max-video-preview:-1\" \/>\n<link rel=\"canonical\" href=\"https:\/\/pinova-meteo.com\/de\/produkt\/weitere-pflanzenkrankheitsmodelle\" \/>\n<meta property=\"og:locale\" content=\"de_DE\" \/>\n<meta property=\"og:type\" content=\"article\" \/>\n<meta property=\"og:title\" content=\"Weitere Pflanzenkrankheitsmodelle - Pinova Meteo\" \/>\n<meta property=\"og:description\" content=\"Verf\u00fcgbare Pflanzenkrankheitsmodelle:\" \/>\n<meta property=\"og:url\" content=\"https:\/\/pinova-meteo.com\/de\/produkt\/weitere-pflanzenkrankheitsmodelle\" \/>\n<meta property=\"og:site_name\" content=\"Pinova Meteo\" \/>\n<meta property=\"article:modified_time\" content=\"2025-07-28T06:40:36+00:00\" \/>\n<meta property=\"og:image\" content=\"https:\/\/pinova-meteo.com\/wp-content\/uploads\/2024\/06\/Pepelnica-vinove-loze-Uncinula-necator-1.jpg\" \/>\n\t<meta property=\"og:image:width\" content=\"1920\" \/>\n\t<meta property=\"og:image:height\" content=\"600\" \/>\n\t<meta property=\"og:image:type\" content=\"image\/jpeg\" \/>\n<meta name=\"twitter:card\" content=\"summary_large_image\" \/>\n<meta name=\"twitter:label1\" content=\"Gesch\u00e4tzte Lesezeit\" \/>\n\t<meta name=\"twitter:data1\" content=\"1\u00a0Minute\" \/>\n<script type=\"application\/ld+json\" class=\"yoast-schema-graph\">{\"@context\":\"https:\/\/schema.org\",\"@graph\":[{\"@type\":\"WebPage\",\"@id\":\"https:\/\/pinova-meteo.com\/de\/produkt\/weitere-pflanzenkrankheitsmodelle\",\"url\":\"https:\/\/pinova-meteo.com\/de\/produkt\/weitere-pflanzenkrankheitsmodelle\",\"name\":\"Weitere Pflanzenkrankheitsmodelle - Pinova Meteo\",\"isPartOf\":{\"@id\":\"https:\/\/pinova-meteo.com\/de#website\"},\"primaryImageOfPage\":{\"@id\":\"https:\/\/pinova-meteo.com\/de\/produkt\/weitere-pflanzenkrankheitsmodelle#primaryimage\"},\"image\":{\"@id\":\"https:\/\/pinova-meteo.com\/de\/produkt\/weitere-pflanzenkrankheitsmodelle#primaryimage\"},\"thumbnailUrl\":\"https:\/\/pinova-meteo.com\/wp-content\/uploads\/2024\/06\/Pepelnica-vinove-loze-Uncinula-necator-1.jpg\",\"datePublished\":\"2024-06-03T12:04:15+00:00\",\"dateModified\":\"2025-07-28T06:40:36+00:00\",\"description\":\"Verf\u00fcgbare Pflanzenkrankheitsmodelle:\",\"breadcrumb\":{\"@id\":\"https:\/\/pinova-meteo.com\/de\/produkt\/weitere-pflanzenkrankheitsmodelle#breadcrumb\"},\"inLanguage\":\"de\",\"potentialAction\":[{\"@type\":\"ReadAction\",\"target\":[\"https:\/\/pinova-meteo.com\/de\/produkt\/weitere-pflanzenkrankheitsmodelle\"]}]},{\"@type\":\"ImageObject\",\"inLanguage\":\"de\",\"@id\":\"https:\/\/pinova-meteo.com\/de\/produkt\/weitere-pflanzenkrankheitsmodelle#primaryimage\",\"url\":\"https:\/\/pinova-meteo.com\/wp-content\/uploads\/2024\/06\/Pepelnica-vinove-loze-Uncinula-necator-1.jpg\",\"contentUrl\":\"https:\/\/pinova-meteo.com\/wp-content\/uploads\/2024\/06\/Pepelnica-vinove-loze-Uncinula-necator-1.jpg\",\"width\":1920,\"height\":600},{\"@type\":\"BreadcrumbList\",\"@id\":\"https:\/\/pinova-meteo.com\/de\/produkt\/weitere-pflanzenkrankheitsmodelle#breadcrumb\",\"itemListElement\":[{\"@type\":\"ListItem\",\"position\":1,\"name\":\"Po\u010detna stranica\",\"item\":\"https:\/\/pinova-meteo.com\/de\"},{\"@type\":\"ListItem\",\"position\":2,\"name\":\"Trgovina\",\"item\":\"https:\/\/pinova-meteo.com\/?page_id=7\"},{\"@type\":\"ListItem\",\"position\":3,\"name\":\"Weitere Pflanzenkrankheitsmodelle\"}]},{\"@type\":\"WebSite\",\"@id\":\"https:\/\/pinova-meteo.com\/de#website\",\"url\":\"https:\/\/pinova-meteo.com\/de\",\"name\":\"Pinova Meteo\",\"description\":\"\",\"potentialAction\":[{\"@type\":\"SearchAction\",\"target\":{\"@type\":\"EntryPoint\",\"urlTemplate\":\"https:\/\/pinova-meteo.com\/de?s={search_term_string}\"},\"query-input\":\"required name=search_term_string\"}],\"inLanguage\":\"de\"}]}<\/script>\n<!-- \/ Yoast SEO plugin. -->","yoast_head_json":{"title":"Weitere Pflanzenkrankheitsmodelle - Pinova Meteo","description":"Verf\u00fcgbare Pflanzenkrankheitsmodelle:","robots":{"index":"index","follow":"follow","max-snippet":"max-snippet:-1","max-image-preview":"max-image-preview:large","max-video-preview":"max-video-preview:-1"},"canonical":"https:\/\/pinova-meteo.com\/de\/produkt\/weitere-pflanzenkrankheitsmodelle","og_locale":"de_DE","og_type":"article","og_title":"Weitere Pflanzenkrankheitsmodelle - Pinova Meteo","og_description":"Verf\u00fcgbare Pflanzenkrankheitsmodelle:","og_url":"https:\/\/pinova-meteo.com\/de\/produkt\/weitere-pflanzenkrankheitsmodelle","og_site_name":"Pinova Meteo","article_modified_time":"2025-07-28T06:40:36+00:00","og_image":[{"width":1920,"height":600,"url":"https:\/\/pinova-meteo.com\/wp-content\/uploads\/2024\/06\/Pepelnica-vinove-loze-Uncinula-necator-1.jpg","type":"image\/jpeg"}],"twitter_card":"summary_large_image","twitter_misc":{"Gesch\u00e4tzte Lesezeit":"1\u00a0Minute"},"schema":{"@context":"https:\/\/schema.org","@graph":[{"@type":"WebPage","@id":"https:\/\/pinova-meteo.com\/de\/produkt\/weitere-pflanzenkrankheitsmodelle","url":"https:\/\/pinova-meteo.com\/de\/produkt\/weitere-pflanzenkrankheitsmodelle","name":"Weitere Pflanzenkrankheitsmodelle - Pinova Meteo","isPartOf":{"@id":"https:\/\/pinova-meteo.com\/de#website"},"primaryImageOfPage":{"@id":"https:\/\/pinova-meteo.com\/de\/produkt\/weitere-pflanzenkrankheitsmodelle#primaryimage"},"image":{"@id":"https:\/\/pinova-meteo.com\/de\/produkt\/weitere-pflanzenkrankheitsmodelle#primaryimage"},"thumbnailUrl":"https:\/\/pinova-meteo.com\/wp-content\/uploads\/2024\/06\/Pepelnica-vinove-loze-Uncinula-necator-1.jpg","datePublished":"2024-06-03T12:04:15+00:00","dateModified":"2025-07-28T06:40:36+00:00","description":"Verf\u00fcgbare Pflanzenkrankheitsmodelle:","breadcrumb":{"@id":"https:\/\/pinova-meteo.com\/de\/produkt\/weitere-pflanzenkrankheitsmodelle#breadcrumb"},"inLanguage":"de","potentialAction":[{"@type":"ReadAction","target":["https:\/\/pinova-meteo.com\/de\/produkt\/weitere-pflanzenkrankheitsmodelle"]}]},{"@type":"ImageObject","inLanguage":"de","@id":"https:\/\/pinova-meteo.com\/de\/produkt\/weitere-pflanzenkrankheitsmodelle#primaryimage","url":"https:\/\/pinova-meteo.com\/wp-content\/uploads\/2024\/06\/Pepelnica-vinove-loze-Uncinula-necator-1.jpg","contentUrl":"https:\/\/pinova-meteo.com\/wp-content\/uploads\/2024\/06\/Pepelnica-vinove-loze-Uncinula-necator-1.jpg","width":1920,"height":600},{"@type":"BreadcrumbList","@id":"https:\/\/pinova-meteo.com\/de\/produkt\/weitere-pflanzenkrankheitsmodelle#breadcrumb","itemListElement":[{"@type":"ListItem","position":1,"name":"Po\u010detna stranica","item":"https:\/\/pinova-meteo.com\/de"},{"@type":"ListItem","position":2,"name":"Trgovina","item":"https:\/\/pinova-meteo.com\/?page_id=7"},{"@type":"ListItem","position":3,"name":"Weitere Pflanzenkrankheitsmodelle"}]},{"@type":"WebSite","@id":"https:\/\/pinova-meteo.com\/de#website","url":"https:\/\/pinova-meteo.com\/de","name":"Pinova Meteo","description":"","potentialAction":[{"@type":"SearchAction","target":{"@type":"EntryPoint","urlTemplate":"https:\/\/pinova-meteo.com\/de?s={search_term_string}"},"query-input":"required name=search_term_string"}],"inLanguage":"de"}]}},"_links":{"self":[{"href":"https:\/\/pinova-meteo.com\/de\/wp-json\/wp\/v2\/product\/4259","targetHints":{"allow":["GET"]}}],"collection":[{"href":"https:\/\/pinova-meteo.com\/de\/wp-json\/wp\/v2\/product"}],"about":[{"href":"https:\/\/pinova-meteo.com\/de\/wp-json\/wp\/v2\/types\/product"}],"replies":[{"embeddable":true,"href":"https:\/\/pinova-meteo.com\/de\/wp-json\/wp\/v2\/comments?post=4259"}],"wp:featuredmedia":[{"embeddable":true,"href":"https:\/\/pinova-meteo.com\/de\/wp-json\/wp\/v2\/media\/4260"}],"wp:attachment":[{"href":"https:\/\/pinova-meteo.com\/de\/wp-json\/wp\/v2\/media?parent=4259"}],"wp:term":[{"taxonomy":"product_cat","embeddable":true,"href":"https:\/\/pinova-meteo.com\/de\/wp-json\/wp\/v2\/product_cat?post=4259"},{"taxonomy":"product_tag","embeddable":true,"href":"https:\/\/pinova-meteo.com\/de\/wp-json\/wp\/v2\/product_tag?post=4259"}],"curies":[{"name":"wp","href":"https:\/\/api.w.org\/{rel}","templated":true}]}}