{"id":4261,"date":"2024-06-03T14:03:46","date_gmt":"2024-06-03T12:03:46","guid":{"rendered":"https:\/\/pinova-meteo.com\/proizvod\/racunalna-aplikacija-pinovasoft"},"modified":"2025-07-28T08:38:06","modified_gmt":"2025-07-28T06:38:06","slug":"pc-anwendung-pinovasoft","status":"publish","type":"product","link":"https:\/\/pinova-meteo.com\/de\/produkt\/pc-anwendung-pinovasoft","title":{"rendered":"PC\u2011Anwendung \u2013 PinovaSoft"},"content":{"rendered":"<p>Die PinovaSoft\u2011Anwendung erm\u00f6glicht eine einfache Kommunikation zwischen den Sensoren der Pinova Meteo Station und Ihrem Computer. Jedes Mal, wenn Sie PinovaSoft auf Ihrem Rechner starten, werden die neuesten Messdaten in einer \u00fcbersichtlichen grafischen oder tabellarischen Darstellung angezeigt.<\/p>\n<hr \/>\n<p>Was PinovaSoft von der Konkurrenz abhebt, ist die \u00dcbersichtlichkeit der Daten und der schnelle Zugriff auf gew\u00fcnschte Informationen f\u00fcr verschiedene Zeitr\u00e4ume. Die Anwendung wurde f\u00fcr die \u00dcbertragung und Verarbeitung gemessener Parameter entwickelt und zeichnet sich durch einfache Installation und Bedienung aus. Mit nur einem Klick k\u00f6nnen Sie die durchschnittlichen, minimalen und maximalen Werte f\u00fcr den ausgew\u00e4hlten Zeitraum berechnen und anzeigen.<\/p>\n<hr \/>\n<p>Neben den Standard\u2011Zeitintervallen von 10 Minuten, 2 Stunden, 6 Stunden, 1 Tag, 1 Woche und 1 Monat kann der Nutzer die Anzeige auch auf andere Perioden anpassen (z. B. 10\u201350 Minuten in 10\u2011Minuten\u2011Schritten, 1\u201323 Stunden in 1\u2011Stunden\u2011Schritten, 1\u201331 Tage in 1\u2011Tages\u2011Schritten, 1 oder 2 Wochen sowie 1\u201312 Monate in 1\u2011Monats\u2011Schritten).<br \/>\nIn den Berichten kann der Taupunkt im 10\u2011Minuten\u2011Intervall sowie die Evapotranspiration in einer Tagesansicht angezeigt werden.<\/p>\n<hr \/>\n<p><strong>Die PinovaSoft\u2011Anwendung erm\u00f6glicht:<\/strong><\/p>\n<ul>\n<li>Grafische oder tabellarische Ansicht und Ausgabe aller Daten, die von der Pinova Meteo Station in Echtzeit gemessen wurden.<\/li>\n<li>Automatische Berechnung sowie grafische oder tabellarische Darstellung der minimalen, durchschnittlichen, maximalen und\/oder kumulativen Datenwerte \u00fcber verschiedene Zeitaufl\u00f6sungen.<\/li>\n<li>Berechnung von Prognosen der Krankheitsentwicklung f\u00fcr einzelne Kulturen.<\/li>\n<li>Berechnung des Taupunkts und der Evapotranspiration.<\/li>\n<li>Berechnung der Temperatursumme nach dem Grad\u2011Stunde\u2011 oder Grad\u2011Tag\u2011Algorithmus.<\/li>\n<li>Korrektur fehlerhaft gemessener Werte aufgrund von Fehlern an der Station oder am Sensor.<\/li>\n<li>Ausdruck aller gemessenen Werte in grafischer oder tabellarischer Darstellung auf Papier.<\/li>\n<li>Erfassung von Kommentaren in der grafischen Darstellung, um dem Nutzer das Notieren angewandter Mittel und Ma\u00dfnahmen f\u00fcr eine einfachere Beurteilung der n\u00e4chsten Schritte zu erm\u00f6glichen.<\/li>\n<\/ul>\n<hr \/>\n<p><strong>PinovaSoft erm\u00f6glicht die Ansicht folgender gemessener und algorithmisch berechneter Parameter:<\/strong><\/p>\n<ul>\n<li>Genaues Datum und Uhrzeit der Messung.<\/li>\n<li>Lufttemperatur und \u2011feuchtigkeit.<\/li>\n<li>Blatttemperatur und Blattfeuchte in einem ausgew\u00e4hlten Zeitraum.<\/li>\n<li>Bodentemperatur und \u2011feuchte.<\/li>\n<li>Niederschlagsmenge.<\/li>\n<li>Windgeschwindigkeit und \u2011richtung.<\/li>\n<li>Luftdruck.<\/li>\n<li>Globale Sonneneinstrahlung.<\/li>\n<li>Taupunkt.<\/li>\n<li>Evapotranspiration.<\/li>\n<li>Wahrscheinlichkeit und Prozentsatz und\/oder Zeitpunkt des Infektionsauftretens (abh\u00e4ngig vom Prognosemodell).<\/li>\n<li>Dauer und Stadium der Inkubation (abh\u00e4ngig vom Prognosemodell).<\/li>\n<\/ul>\n<hr \/>\n<p><strong>Die PinovaSoft\u2011Anwendung ist in 7 Sprachen verf\u00fcgbar:<\/strong><\/p>\n<ul>\n<li>Kroatisch<\/li>\n<li>Englisch<\/li>\n<li>Deutsch<\/li>\n<li>Italienisch<\/li>\n<li>Ukrainisch<\/li>\n<li>Russisch<\/li>\n<\/ul>\n","protected":false},"excerpt":{"rendered":"<p>Die PinovaSoft\u2011Anwendung erm\u00f6glicht eine einfache Kommunikation zwischen den Sensoren der Pinova Meteo Station und Ihrem Computer. Jedes Mal, wenn Sie PinovaSoft auf Ihrem Rechner starten, werden die neuesten Messdaten in einer \u00fcbersichtlichen grafischen oder tabellarischen Darstellung angezeigt. Was PinovaSoft von der Konkurrenz abhebt, ist die \u00dcbersichtlichkeit der Daten und der schnelle Zugriff auf gew\u00fcnschte Informationen [&hellip;]<\/p>\n","protected":false},"featured_media":4262,"comment_status":"open","ping_status":"closed","template":"","meta":{"_et_pb_use_builder":"off","_et_pb_old_content":"PinovaSoft aplikacija uspostavlja komunikaciju izme\u0111u izmjerenih vrijednosti sa senzora Pinova Meteo stanice i ra\u010dunala. Sa svakim pokretanjem PinovaSoft\u00a0aplikacije na Va\u0161em ra\u010dunalu pojavljuju se zadnji mjereni podaci u vrlo preglednom grafi\u010dkom ili tabelarnom prikazu.\r\n\r\nPreglednost i brzina dohvata \u017eeljenih podataka, za razli\u010dite vremenske periode je ono po \u010demu je. PinovaSoft aplikacija ispred svoje konkurencije.PinovaSoft aplikacija razvijena je za prijenos i obradu izmjerenih parametara, jednostavna je za instalaciju i uporabu, te zahtjeva samo jedan klik za izra\u010dunavanje i prikazivanje prosje\u010dnih, minimalnih i maksimalnih vrijednosti izmjerenih parametara unutar \u017eeljenog vremenskog perioda.\r\n\r\nOsim standardnih perioda od 10 minuta, 2 sata, 6 sati, 1 dan, 1 tjedan i 1 mjesec, mogu\u0107e je podesiti prikaz na druge periode (10 \u2013 50 minuta u koracima od 10 minuta, 1 \u2013 23 sata u koracima od 1 sat, 1 \u2013 31 dana u koracima od 1 dan, 1 ili 2 tjedna, te 1 \u2013 12 mjeseci u koracima od 1 mjesec).\r\n\r\nU obliku izvje\u0161taja, aplikacija omogu\u0107ava pregled to\u010dke rosi\u0161ta u 10 minutnom prikazu, te evapotranspiracije u jednodnevnom prikazu.\r\n<h5>PinovaSoft aplikacija omogu\u0107ava:<\/h5>\r\n\u00a0\r\n<ul>\r\n \t<li>Grafi\u010dki ili tabelarni pregled i ispis svih podataka izmjerenih putem Pinova Meteo stanice u stvarnom vremenu<\/li>\r\n \t<li>Automatski izra\u010dun, te grafi\u010dki ili tabelarni pregled minimalnih, prosje\u010dnih, maksimalnih i\/ili kumulativnih vrijednosti podataka s Pinova Meteo stanice kroz razli\u010dite rezolucije vremenskog prikaza<\/li>\r\n \t<li>Izra\u010dun prognoze razvoja bolesti za pojedine kulture<\/li>\r\n \t<li>Izra\u010dun to\u010dke rosi\u0161ta i evapotranspiracije<\/li>\r\n \t<li>Izra\u010dun temperaturne sume po algoritmu stupanj-sat ili stupanj-dan<\/li>\r\n \t<li>Izmjenu neto\u010dno izmjerenih vrijednosti uslijed gre\u0161ke na stanici ili senzoru<\/li>\r\n \t<li>Ispis svih izmjerenih vrijednosti u obliku grafi\u010dkog prikaza ili tabli\u010dnog prikaza na papir<\/li>\r\n \t<li>Omogu\u0107en je upis komentara u grafi\u010dkom prikazu, korisnik kroz komentare mo\u017ee upisivati za\u0161tite i primijenjena sredstva, kako bi lak\u0161e mogao odrediti sljede\u0107i rok tretiranja i odgovaraju\u0107e sredstvo.<\/li>\r\n<\/ul>\r\n<h5>PinovaSoft omogu\u0107uje pregled sljede\u0107ih mjerenih i algoritamskih izra\u010dunatih veli\u010dina:<\/h5>\r\n<ul>\r\n \t<li>To\u010dan datum i vrijeme izmjere<\/li>\r\n \t<li>Temperatura i relativna vlaga zraka<\/li>\r\n \t<li>Temperatura i vremensko razdoblje vla\u017enosti lista<\/li>\r\n \t<li>Temperatura i vlaga tla<\/li>\r\n \t<li>Koli\u010dina oborina<\/li>\r\n \t<li>Brzina vjetra i smjer vjetra<\/li>\r\n \t<li>Tlak zraka<\/li>\r\n \t<li>Globalno sun\u010devo zra\u010denje<\/li>\r\n \t<li>To\u010dka rosi\u0161ta<\/li>\r\n \t<li>Evapotranspiracija<\/li>\r\n \t<li>Vjerojatnost i postotak, i\/ili trenutak nastupa infekcije (ovisno o prognoznom modelu)<\/li>\r\n \t<li>Trajanje i stadij inkubacije (ovisno o prognoznom modelu)<\/li>\r\n<\/ul>\r\n<h5>PinovaSoft aplikacija dostupna je na 7 razli\u010ditih jezika:<\/h5>\r\n<ul>\r\n \t<li>Hrvatski<\/li>\r\n \t<li>Engleski<\/li>\r\n \t<li>Njema\u010dki<\/li>\r\n \t<li>Talijanski<\/li>\r\n \t<li>Ukrajinski<\/li>\r\n \t<li>Ruski<\/li>\r\n<\/ul>","_et_gb_content_width":""},"product_cat":[84,85],"product_tag":[],"class_list":{"0":"post-4261","1":"product","2":"type-product","3":"status-publish","4":"has-post-thumbnail","6":"product_cat-pinova-meteo-agrometeorologische-station","7":"product_cat-software","9":"first","10":"instock","11":"shipping-taxable","12":"product-type-simple"},"yoast_head":"<!-- This site is optimized with the Yoast SEO plugin v23.0 - https:\/\/yoast.com\/wordpress\/plugins\/seo\/ -->\n<title>PC\u2011Anwendung \u2013 PinovaSoft - Pinova Meteo<\/title>\n<meta name=\"description\" content=\"Die PinovaSoft\u2011Anwendung erm\u00f6glicht eine einfache Kommunikation zwischen den Sensoren der Pinova Meteo Station und Ihrem Computer...\" \/>\n<meta name=\"robots\" content=\"index, follow, max-snippet:-1, max-image-preview:large, max-video-preview:-1\" \/>\n<link rel=\"canonical\" href=\"https:\/\/pinova-meteo.com\/de\/produkt\/pc-anwendung-pinovasoft\" \/>\n<meta property=\"og:locale\" content=\"de_DE\" \/>\n<meta property=\"og:type\" content=\"article\" \/>\n<meta property=\"og:title\" content=\"PC\u2011Anwendung \u2013 PinovaSoft - Pinova Meteo\" \/>\n<meta property=\"og:description\" content=\"Die PinovaSoft\u2011Anwendung erm\u00f6glicht eine einfache Kommunikation zwischen den Sensoren der Pinova Meteo Station und Ihrem Computer...\" \/>\n<meta property=\"og:url\" content=\"https:\/\/pinova-meteo.com\/de\/produkt\/pc-anwendung-pinovasoft\" \/>\n<meta property=\"og:site_name\" content=\"Pinova Meteo\" \/>\n<meta property=\"article:modified_time\" content=\"2025-07-28T06:38:06+00:00\" \/>\n<meta property=\"og:image\" content=\"https:\/\/pinova-meteo.com\/wp-content\/uploads\/2024\/06\/Racunalna-aplikacija-PinovaSoft-1.jpg\" \/>\n\t<meta property=\"og:image:width\" content=\"1920\" \/>\n\t<meta property=\"og:image:height\" content=\"600\" \/>\n\t<meta property=\"og:image:type\" content=\"image\/jpeg\" \/>\n<meta name=\"twitter:card\" content=\"summary_large_image\" \/>\n<meta name=\"twitter:label1\" content=\"Gesch\u00e4tzte Lesezeit\" \/>\n\t<meta name=\"twitter:data1\" content=\"3\u00a0Minuten\" \/>\n<script type=\"application\/ld+json\" class=\"yoast-schema-graph\">{\"@context\":\"https:\/\/schema.org\",\"@graph\":[{\"@type\":\"WebPage\",\"@id\":\"https:\/\/pinova-meteo.com\/de\/produkt\/pc-anwendung-pinovasoft\",\"url\":\"https:\/\/pinova-meteo.com\/de\/produkt\/pc-anwendung-pinovasoft\",\"name\":\"PC\u2011Anwendung \u2013 PinovaSoft - Pinova Meteo\",\"isPartOf\":{\"@id\":\"https:\/\/pinova-meteo.com\/de#website\"},\"primaryImageOfPage\":{\"@id\":\"https:\/\/pinova-meteo.com\/de\/produkt\/pc-anwendung-pinovasoft#primaryimage\"},\"image\":{\"@id\":\"https:\/\/pinova-meteo.com\/de\/produkt\/pc-anwendung-pinovasoft#primaryimage\"},\"thumbnailUrl\":\"https:\/\/pinova-meteo.com\/wp-content\/uploads\/2024\/06\/Racunalna-aplikacija-PinovaSoft-1.jpg\",\"datePublished\":\"2024-06-03T12:03:46+00:00\",\"dateModified\":\"2025-07-28T06:38:06+00:00\",\"description\":\"Die PinovaSoft\u2011Anwendung erm\u00f6glicht eine einfache Kommunikation zwischen den Sensoren der Pinova Meteo Station und Ihrem Computer...\",\"breadcrumb\":{\"@id\":\"https:\/\/pinova-meteo.com\/de\/produkt\/pc-anwendung-pinovasoft#breadcrumb\"},\"inLanguage\":\"de\",\"potentialAction\":[{\"@type\":\"ReadAction\",\"target\":[\"https:\/\/pinova-meteo.com\/de\/produkt\/pc-anwendung-pinovasoft\"]}]},{\"@type\":\"ImageObject\",\"inLanguage\":\"de\",\"@id\":\"https:\/\/pinova-meteo.com\/de\/produkt\/pc-anwendung-pinovasoft#primaryimage\",\"url\":\"https:\/\/pinova-meteo.com\/wp-content\/uploads\/2024\/06\/Racunalna-aplikacija-PinovaSoft-1.jpg\",\"contentUrl\":\"https:\/\/pinova-meteo.com\/wp-content\/uploads\/2024\/06\/Racunalna-aplikacija-PinovaSoft-1.jpg\",\"width\":1920,\"height\":600},{\"@type\":\"BreadcrumbList\",\"@id\":\"https:\/\/pinova-meteo.com\/de\/produkt\/pc-anwendung-pinovasoft#breadcrumb\",\"itemListElement\":[{\"@type\":\"ListItem\",\"position\":1,\"name\":\"Po\u010detna stranica\",\"item\":\"https:\/\/pinova-meteo.com\/de\"},{\"@type\":\"ListItem\",\"position\":2,\"name\":\"Trgovina\",\"item\":\"https:\/\/pinova-meteo.com\/?page_id=7\"},{\"@type\":\"ListItem\",\"position\":3,\"name\":\"PC\u2011Anwendung \u2013 PinovaSoft\"}]},{\"@type\":\"WebSite\",\"@id\":\"https:\/\/pinova-meteo.com\/de#website\",\"url\":\"https:\/\/pinova-meteo.com\/de\",\"name\":\"Pinova Meteo\",\"description\":\"\",\"potentialAction\":[{\"@type\":\"SearchAction\",\"target\":{\"@type\":\"EntryPoint\",\"urlTemplate\":\"https:\/\/pinova-meteo.com\/de?s={search_term_string}\"},\"query-input\":\"required name=search_term_string\"}],\"inLanguage\":\"de\"}]}<\/script>\n<!-- \/ Yoast SEO plugin. -->","yoast_head_json":{"title":"PC\u2011Anwendung \u2013 PinovaSoft - Pinova Meteo","description":"Die PinovaSoft\u2011Anwendung erm\u00f6glicht eine einfache Kommunikation zwischen den Sensoren der Pinova Meteo Station und Ihrem Computer...","robots":{"index":"index","follow":"follow","max-snippet":"max-snippet:-1","max-image-preview":"max-image-preview:large","max-video-preview":"max-video-preview:-1"},"canonical":"https:\/\/pinova-meteo.com\/de\/produkt\/pc-anwendung-pinovasoft","og_locale":"de_DE","og_type":"article","og_title":"PC\u2011Anwendung \u2013 PinovaSoft - Pinova Meteo","og_description":"Die PinovaSoft\u2011Anwendung erm\u00f6glicht eine einfache Kommunikation zwischen den Sensoren der Pinova Meteo Station und Ihrem Computer...","og_url":"https:\/\/pinova-meteo.com\/de\/produkt\/pc-anwendung-pinovasoft","og_site_name":"Pinova Meteo","article_modified_time":"2025-07-28T06:38:06+00:00","og_image":[{"width":1920,"height":600,"url":"https:\/\/pinova-meteo.com\/wp-content\/uploads\/2024\/06\/Racunalna-aplikacija-PinovaSoft-1.jpg","type":"image\/jpeg"}],"twitter_card":"summary_large_image","twitter_misc":{"Gesch\u00e4tzte Lesezeit":"3\u00a0Minuten"},"schema":{"@context":"https:\/\/schema.org","@graph":[{"@type":"WebPage","@id":"https:\/\/pinova-meteo.com\/de\/produkt\/pc-anwendung-pinovasoft","url":"https:\/\/pinova-meteo.com\/de\/produkt\/pc-anwendung-pinovasoft","name":"PC\u2011Anwendung \u2013 PinovaSoft - Pinova Meteo","isPartOf":{"@id":"https:\/\/pinova-meteo.com\/de#website"},"primaryImageOfPage":{"@id":"https:\/\/pinova-meteo.com\/de\/produkt\/pc-anwendung-pinovasoft#primaryimage"},"image":{"@id":"https:\/\/pinova-meteo.com\/de\/produkt\/pc-anwendung-pinovasoft#primaryimage"},"thumbnailUrl":"https:\/\/pinova-meteo.com\/wp-content\/uploads\/2024\/06\/Racunalna-aplikacija-PinovaSoft-1.jpg","datePublished":"2024-06-03T12:03:46+00:00","dateModified":"2025-07-28T06:38:06+00:00","description":"Die PinovaSoft\u2011Anwendung erm\u00f6glicht eine einfache Kommunikation zwischen den Sensoren der Pinova Meteo Station und Ihrem Computer...","breadcrumb":{"@id":"https:\/\/pinova-meteo.com\/de\/produkt\/pc-anwendung-pinovasoft#breadcrumb"},"inLanguage":"de","potentialAction":[{"@type":"ReadAction","target":["https:\/\/pinova-meteo.com\/de\/produkt\/pc-anwendung-pinovasoft"]}]},{"@type":"ImageObject","inLanguage":"de","@id":"https:\/\/pinova-meteo.com\/de\/produkt\/pc-anwendung-pinovasoft#primaryimage","url":"https:\/\/pinova-meteo.com\/wp-content\/uploads\/2024\/06\/Racunalna-aplikacija-PinovaSoft-1.jpg","contentUrl":"https:\/\/pinova-meteo.com\/wp-content\/uploads\/2024\/06\/Racunalna-aplikacija-PinovaSoft-1.jpg","width":1920,"height":600},{"@type":"BreadcrumbList","@id":"https:\/\/pinova-meteo.com\/de\/produkt\/pc-anwendung-pinovasoft#breadcrumb","itemListElement":[{"@type":"ListItem","position":1,"name":"Po\u010detna stranica","item":"https:\/\/pinova-meteo.com\/de"},{"@type":"ListItem","position":2,"name":"Trgovina","item":"https:\/\/pinova-meteo.com\/?page_id=7"},{"@type":"ListItem","position":3,"name":"PC\u2011Anwendung \u2013 PinovaSoft"}]},{"@type":"WebSite","@id":"https:\/\/pinova-meteo.com\/de#website","url":"https:\/\/pinova-meteo.com\/de","name":"Pinova Meteo","description":"","potentialAction":[{"@type":"SearchAction","target":{"@type":"EntryPoint","urlTemplate":"https:\/\/pinova-meteo.com\/de?s={search_term_string}"},"query-input":"required name=search_term_string"}],"inLanguage":"de"}]}},"_links":{"self":[{"href":"https:\/\/pinova-meteo.com\/de\/wp-json\/wp\/v2\/product\/4261","targetHints":{"allow":["GET"]}}],"collection":[{"href":"https:\/\/pinova-meteo.com\/de\/wp-json\/wp\/v2\/product"}],"about":[{"href":"https:\/\/pinova-meteo.com\/de\/wp-json\/wp\/v2\/types\/product"}],"replies":[{"embeddable":true,"href":"https:\/\/pinova-meteo.com\/de\/wp-json\/wp\/v2\/comments?post=4261"}],"wp:featuredmedia":[{"embeddable":true,"href":"https:\/\/pinova-meteo.com\/de\/wp-json\/wp\/v2\/media\/4262"}],"wp:attachment":[{"href":"https:\/\/pinova-meteo.com\/de\/wp-json\/wp\/v2\/media?parent=4261"}],"wp:term":[{"taxonomy":"product_cat","embeddable":true,"href":"https:\/\/pinova-meteo.com\/de\/wp-json\/wp\/v2\/product_cat?post=4261"},{"taxonomy":"product_tag","embeddable":true,"href":"https:\/\/pinova-meteo.com\/de\/wp-json\/wp\/v2\/product_tag?post=4261"}],"curies":[{"name":"wp","href":"https:\/\/api.w.org\/{rel}","templated":true}]}}