{"id":4263,"date":"2024-06-03T14:03:11","date_gmt":"2024-06-03T12:03:11","guid":{"rendered":"https:\/\/pinova-meteo.com\/proizvod\/pinova-mobile-mobilna-aplikacija"},"modified":"2025-07-28T08:36:50","modified_gmt":"2025-07-28T06:36:50","slug":"mobile-app-pinovamobile","status":"publish","type":"product","link":"https:\/\/pinova-meteo.com\/de\/produkt\/mobile-app-pinovamobile","title":{"rendered":"Mobile App \u2013 PinovaMobile"},"content":{"rendered":"<p data-start=\"82\" data-end=\"286\">Mobile App \u2013 PinovaMobile \u2013 die mobile App f\u00fcr <strong data-start=\"121\" data-end=\"147\">Pinova Meteo-Stationen<\/strong>, verf\u00fcgbar f\u00fcr <strong data-start=\"163\" data-end=\"199\">Android- und iOS-Betriebssysteme<\/strong>. Sie kann auf Smartphones, Tablets oder Computern mit Internetzugang verwendet werden.<\/p>\n<h3 data-start=\"288\" data-end=\"308\">Hauptfunktionen:<\/h3>\n<ul data-start=\"310\" data-end=\"1073\">\n<li data-start=\"310\" data-end=\"426\">\n<p data-start=\"312\" data-end=\"426\">Anzeige der <strong data-start=\"324\" data-end=\"352\">neuesten Sensormesswerte<\/strong> sowie der <strong data-start=\"363\" data-end=\"402\">Minimal-, Maximal- und Gesamtsummen<\/strong> f\u00fcr den aktuellen Tag<\/p>\n<\/li>\n<li data-start=\"427\" data-end=\"552\">\n<p data-start=\"429\" data-end=\"552\">Anzeige von <strong data-start=\"441\" data-end=\"476\">monatlichen Durchschnittswerten<\/strong>, <strong data-start=\"478\" data-end=\"494\">Extremwerten<\/strong> und <strong data-start=\"499\" data-end=\"525\">kumulierten Messwerten<\/strong> f\u00fcr vergangene Zeitr\u00e4ume<\/p>\n<\/li>\n<li data-start=\"553\" data-end=\"778\">\n<p data-start=\"555\" data-end=\"778\"><strong data-start=\"555\" data-end=\"582\">Benachrichtigungssystem<\/strong>, das den Nutzer warnt, wenn ein Messparameter einen <strong data-start=\"635\" data-end=\"663\">vordefinierten Grenzwert<\/strong> \u00fcberschreitet (z.\u202fB. minimale oder maximale Temperatur, Bodenfeuchte, Niederschlagsmenge, Temperatursummen usw.)<\/p>\n<\/li>\n<li data-start=\"779\" data-end=\"904\">\n<p data-start=\"781\" data-end=\"904\"><strong data-start=\"781\" data-end=\"811\">F\u00fcnf-Tage-Wettervorhersage<\/strong>, basierend auf f\u00fcnf verschiedenen Modellen \u2013 alle Prognosen werden nebeneinander angezeigt<\/p>\n<\/li>\n<li data-start=\"905\" data-end=\"957\">\n<p data-start=\"907\" data-end=\"957\"><strong data-start=\"907\" data-end=\"955\">Automatische Berechnung der Temperatursummen<\/strong><\/p>\n<\/li>\n<li data-start=\"958\" data-end=\"1073\">\n<p data-start=\"960\" data-end=\"1073\"><strong data-start=\"960\" data-end=\"1003\">Einfaches und \u00fcbersichtliches Interface<\/strong> f\u00fcr schnellen und bequemen Zugriff auf alle wichtigen Informationen<\/p>\n<\/li>\n<\/ul>\n<blockquote data-start=\"1075\" data-end=\"1234\">\n<p data-start=\"1077\" data-end=\"1234\">F\u00fcr eine detailliertere Analyse von <strong data-start=\"1113\" data-end=\"1143\">Pflanzenkrankheitsmodellen<\/strong> sowie zur grafischen Auswertung der Daten wurde die Anwendung <strong data-start=\"1206\" data-end=\"1220\">PinovaSoft<\/strong> entwickelt.<\/p>\n<\/blockquote>\n","protected":false},"excerpt":{"rendered":"<p>Mobile App \u2013 PinovaMobile \u2013 die mobile App f\u00fcr Pinova Meteo-Stationen, verf\u00fcgbar f\u00fcr Android- und iOS-Betriebssysteme. Sie kann auf Smartphones, Tablets oder Computern mit Internetzugang verwendet werden. Hauptfunktionen: Anzeige der neuesten Sensormesswerte sowie der Minimal-, Maximal- und Gesamtsummen f\u00fcr den aktuellen Tag Anzeige von monatlichen Durchschnittswerten, Extremwerten und kumulierten Messwerten f\u00fcr vergangene Zeitr\u00e4ume Benachrichtigungssystem, das [&hellip;]<\/p>\n","protected":false},"featured_media":4264,"comment_status":"open","ping_status":"closed","template":"","meta":{"_et_pb_use_builder":"","_et_pb_old_content":"","_et_gb_content_width":""},"product_cat":[84,85],"product_tag":[],"class_list":{"0":"post-4263","1":"product","2":"type-product","3":"status-publish","4":"has-post-thumbnail","6":"product_cat-pinova-meteo-agrometeorologische-station","7":"product_cat-software","9":"first","10":"instock","11":"shipping-taxable","12":"product-type-simple"},"yoast_head":"<!-- This site is optimized with the Yoast SEO plugin v23.0 - https:\/\/yoast.com\/wordpress\/plugins\/seo\/ -->\n<title>Mobile App \u2013 PinovaMobile - Pinova Meteo Pinova Mobile<\/title>\n<meta name=\"description\" content=\"Mobile App \u2013 PinovaMobile \u2013 die mobile App f\u00fcr Pinova Meteo-Stationen, verf\u00fcgbar f\u00fcr Android- und iOS-Betriebssysteme. Sie kann auf Smartphones, Tabl...\" \/>\n<meta name=\"robots\" content=\"index, follow, max-snippet:-1, max-image-preview:large, max-video-preview:-1\" \/>\n<link rel=\"canonical\" href=\"https:\/\/pinova-meteo.com\/de\/produkt\/mobile-app-pinovamobile\" \/>\n<meta property=\"og:locale\" content=\"de_DE\" \/>\n<meta property=\"og:type\" content=\"article\" \/>\n<meta property=\"og:title\" content=\"Mobile App \u2013 PinovaMobile - Pinova Meteo Pinova Mobile\" \/>\n<meta property=\"og:description\" content=\"Mobile App \u2013 PinovaMobile \u2013 die mobile App f\u00fcr Pinova Meteo-Stationen, verf\u00fcgbar f\u00fcr Android- und iOS-Betriebssysteme. Sie kann auf Smartphones, Tabl...\" \/>\n<meta property=\"og:url\" content=\"https:\/\/pinova-meteo.com\/de\/produkt\/mobile-app-pinovamobile\" \/>\n<meta property=\"og:site_name\" content=\"Pinova Meteo\" \/>\n<meta property=\"article:modified_time\" content=\"2025-07-28T06:36:50+00:00\" \/>\n<meta property=\"og:image\" content=\"https:\/\/pinova-meteo.com\/wp-content\/uploads\/2024\/06\/Mobilna-aplikacija-PinovaMobile-1-1.jpg\" \/>\n\t<meta property=\"og:image:width\" content=\"1920\" \/>\n\t<meta property=\"og:image:height\" content=\"600\" \/>\n\t<meta property=\"og:image:type\" content=\"image\/jpeg\" \/>\n<meta name=\"twitter:card\" content=\"summary_large_image\" \/>\n<meta name=\"twitter:label1\" content=\"Gesch\u00e4tzte Lesezeit\" \/>\n\t<meta name=\"twitter:data1\" content=\"1\u00a0Minute\" \/>\n<script type=\"application\/ld+json\" class=\"yoast-schema-graph\">{\"@context\":\"https:\/\/schema.org\",\"@graph\":[{\"@type\":\"WebPage\",\"@id\":\"https:\/\/pinova-meteo.com\/de\/produkt\/mobile-app-pinovamobile\",\"url\":\"https:\/\/pinova-meteo.com\/de\/produkt\/mobile-app-pinovamobile\",\"name\":\"Mobile App \u2013 PinovaMobile - Pinova Meteo Pinova Mobile\",\"isPartOf\":{\"@id\":\"https:\/\/pinova-meteo.com\/de#website\"},\"primaryImageOfPage\":{\"@id\":\"https:\/\/pinova-meteo.com\/de\/produkt\/mobile-app-pinovamobile#primaryimage\"},\"image\":{\"@id\":\"https:\/\/pinova-meteo.com\/de\/produkt\/mobile-app-pinovamobile#primaryimage\"},\"thumbnailUrl\":\"https:\/\/pinova-meteo.com\/wp-content\/uploads\/2024\/06\/Mobilna-aplikacija-PinovaMobile-1-1.jpg\",\"datePublished\":\"2024-06-03T12:03:11+00:00\",\"dateModified\":\"2025-07-28T06:36:50+00:00\",\"description\":\"Mobile App \u2013 PinovaMobile \u2013 die mobile App f\u00fcr Pinova Meteo-Stationen, verf\u00fcgbar f\u00fcr Android- und iOS-Betriebssysteme. Sie kann auf Smartphones, Tabl...\",\"breadcrumb\":{\"@id\":\"https:\/\/pinova-meteo.com\/de\/produkt\/mobile-app-pinovamobile#breadcrumb\"},\"inLanguage\":\"de\",\"potentialAction\":[{\"@type\":\"ReadAction\",\"target\":[\"https:\/\/pinova-meteo.com\/de\/produkt\/mobile-app-pinovamobile\"]}]},{\"@type\":\"ImageObject\",\"inLanguage\":\"de\",\"@id\":\"https:\/\/pinova-meteo.com\/de\/produkt\/mobile-app-pinovamobile#primaryimage\",\"url\":\"https:\/\/pinova-meteo.com\/wp-content\/uploads\/2024\/06\/Mobilna-aplikacija-PinovaMobile-1-1.jpg\",\"contentUrl\":\"https:\/\/pinova-meteo.com\/wp-content\/uploads\/2024\/06\/Mobilna-aplikacija-PinovaMobile-1-1.jpg\",\"width\":1920,\"height\":600},{\"@type\":\"BreadcrumbList\",\"@id\":\"https:\/\/pinova-meteo.com\/de\/produkt\/mobile-app-pinovamobile#breadcrumb\",\"itemListElement\":[{\"@type\":\"ListItem\",\"position\":1,\"name\":\"Po\u010detna stranica\",\"item\":\"https:\/\/pinova-meteo.com\/de\"},{\"@type\":\"ListItem\",\"position\":2,\"name\":\"Trgovina\",\"item\":\"https:\/\/pinova-meteo.com\/?page_id=7\"},{\"@type\":\"ListItem\",\"position\":3,\"name\":\"Mobile App \u2013 PinovaMobile\"}]},{\"@type\":\"WebSite\",\"@id\":\"https:\/\/pinova-meteo.com\/de#website\",\"url\":\"https:\/\/pinova-meteo.com\/de\",\"name\":\"Pinova Meteo\",\"description\":\"\",\"potentialAction\":[{\"@type\":\"SearchAction\",\"target\":{\"@type\":\"EntryPoint\",\"urlTemplate\":\"https:\/\/pinova-meteo.com\/de?s={search_term_string}\"},\"query-input\":\"required name=search_term_string\"}],\"inLanguage\":\"de\"}]}<\/script>\n<!-- \/ Yoast SEO plugin. -->","yoast_head_json":{"title":"Mobile App \u2013 PinovaMobile - Pinova Meteo Pinova Mobile","description":"Mobile App \u2013 PinovaMobile \u2013 die mobile App f\u00fcr Pinova Meteo-Stationen, verf\u00fcgbar f\u00fcr Android- und iOS-Betriebssysteme. Sie kann auf Smartphones, Tabl...","robots":{"index":"index","follow":"follow","max-snippet":"max-snippet:-1","max-image-preview":"max-image-preview:large","max-video-preview":"max-video-preview:-1"},"canonical":"https:\/\/pinova-meteo.com\/de\/produkt\/mobile-app-pinovamobile","og_locale":"de_DE","og_type":"article","og_title":"Mobile App \u2013 PinovaMobile - Pinova Meteo Pinova Mobile","og_description":"Mobile App \u2013 PinovaMobile \u2013 die mobile App f\u00fcr Pinova Meteo-Stationen, verf\u00fcgbar f\u00fcr Android- und iOS-Betriebssysteme. Sie kann auf Smartphones, Tabl...","og_url":"https:\/\/pinova-meteo.com\/de\/produkt\/mobile-app-pinovamobile","og_site_name":"Pinova Meteo","article_modified_time":"2025-07-28T06:36:50+00:00","og_image":[{"width":1920,"height":600,"url":"https:\/\/pinova-meteo.com\/wp-content\/uploads\/2024\/06\/Mobilna-aplikacija-PinovaMobile-1-1.jpg","type":"image\/jpeg"}],"twitter_card":"summary_large_image","twitter_misc":{"Gesch\u00e4tzte Lesezeit":"1\u00a0Minute"},"schema":{"@context":"https:\/\/schema.org","@graph":[{"@type":"WebPage","@id":"https:\/\/pinova-meteo.com\/de\/produkt\/mobile-app-pinovamobile","url":"https:\/\/pinova-meteo.com\/de\/produkt\/mobile-app-pinovamobile","name":"Mobile App \u2013 PinovaMobile - Pinova Meteo Pinova Mobile","isPartOf":{"@id":"https:\/\/pinova-meteo.com\/de#website"},"primaryImageOfPage":{"@id":"https:\/\/pinova-meteo.com\/de\/produkt\/mobile-app-pinovamobile#primaryimage"},"image":{"@id":"https:\/\/pinova-meteo.com\/de\/produkt\/mobile-app-pinovamobile#primaryimage"},"thumbnailUrl":"https:\/\/pinova-meteo.com\/wp-content\/uploads\/2024\/06\/Mobilna-aplikacija-PinovaMobile-1-1.jpg","datePublished":"2024-06-03T12:03:11+00:00","dateModified":"2025-07-28T06:36:50+00:00","description":"Mobile App \u2013 PinovaMobile \u2013 die mobile App f\u00fcr Pinova Meteo-Stationen, verf\u00fcgbar f\u00fcr Android- und iOS-Betriebssysteme. Sie kann auf Smartphones, Tabl...","breadcrumb":{"@id":"https:\/\/pinova-meteo.com\/de\/produkt\/mobile-app-pinovamobile#breadcrumb"},"inLanguage":"de","potentialAction":[{"@type":"ReadAction","target":["https:\/\/pinova-meteo.com\/de\/produkt\/mobile-app-pinovamobile"]}]},{"@type":"ImageObject","inLanguage":"de","@id":"https:\/\/pinova-meteo.com\/de\/produkt\/mobile-app-pinovamobile#primaryimage","url":"https:\/\/pinova-meteo.com\/wp-content\/uploads\/2024\/06\/Mobilna-aplikacija-PinovaMobile-1-1.jpg","contentUrl":"https:\/\/pinova-meteo.com\/wp-content\/uploads\/2024\/06\/Mobilna-aplikacija-PinovaMobile-1-1.jpg","width":1920,"height":600},{"@type":"BreadcrumbList","@id":"https:\/\/pinova-meteo.com\/de\/produkt\/mobile-app-pinovamobile#breadcrumb","itemListElement":[{"@type":"ListItem","position":1,"name":"Po\u010detna stranica","item":"https:\/\/pinova-meteo.com\/de"},{"@type":"ListItem","position":2,"name":"Trgovina","item":"https:\/\/pinova-meteo.com\/?page_id=7"},{"@type":"ListItem","position":3,"name":"Mobile App \u2013 PinovaMobile"}]},{"@type":"WebSite","@id":"https:\/\/pinova-meteo.com\/de#website","url":"https:\/\/pinova-meteo.com\/de","name":"Pinova Meteo","description":"","potentialAction":[{"@type":"SearchAction","target":{"@type":"EntryPoint","urlTemplate":"https:\/\/pinova-meteo.com\/de?s={search_term_string}"},"query-input":"required name=search_term_string"}],"inLanguage":"de"}]}},"_links":{"self":[{"href":"https:\/\/pinova-meteo.com\/de\/wp-json\/wp\/v2\/product\/4263","targetHints":{"allow":["GET"]}}],"collection":[{"href":"https:\/\/pinova-meteo.com\/de\/wp-json\/wp\/v2\/product"}],"about":[{"href":"https:\/\/pinova-meteo.com\/de\/wp-json\/wp\/v2\/types\/product"}],"replies":[{"embeddable":true,"href":"https:\/\/pinova-meteo.com\/de\/wp-json\/wp\/v2\/comments?post=4263"}],"wp:featuredmedia":[{"embeddable":true,"href":"https:\/\/pinova-meteo.com\/de\/wp-json\/wp\/v2\/media\/4264"}],"wp:attachment":[{"href":"https:\/\/pinova-meteo.com\/de\/wp-json\/wp\/v2\/media?parent=4263"}],"wp:term":[{"taxonomy":"product_cat","embeddable":true,"href":"https:\/\/pinova-meteo.com\/de\/wp-json\/wp\/v2\/product_cat?post=4263"},{"taxonomy":"product_tag","embeddable":true,"href":"https:\/\/pinova-meteo.com\/de\/wp-json\/wp\/v2\/product_tag?post=4263"}],"curies":[{"name":"wp","href":"https:\/\/api.w.org\/{rel}","templated":true}]}}