{"id":4265,"date":"2024-05-31T11:08:35","date_gmt":"2024-05-31T09:08:35","guid":{"rendered":"https:\/\/pinova-meteo.com\/proizvod\/digitalni-watermark-citac-handmeter"},"modified":"2025-07-28T08:34:39","modified_gmt":"2025-07-28T06:34:39","slug":"digitaler-watermark-leser-handmeter","status":"publish","type":"product","link":"https:\/\/pinova-meteo.com\/de\/produkt\/digitaler-watermark-leser-handmeter","title":{"rendered":"Digitaler Watermark\u2011Leser \u2013 Handmeter"},"content":{"rendered":"<p data-start=\"39\" data-end=\"586\">Der <strong data-start=\"43\" data-end=\"84\">digitale Bodenfeuchtemesser Watermark<\/strong> ist f\u00fcr das <strong data-start=\"97\" data-end=\"132\">Auslesen von Watermark-Sensoren<\/strong>, die im Boden installiert sind, konzipiert. Auf dem Display wird der <strong data-start=\"202\" data-end=\"231\">Feuchtezustand des Bodens<\/strong> \u2013 genauer gesagt die <strong data-start=\"253\" data-end=\"297\">Oberfl\u00e4chenspannung des Wassers im Boden<\/strong> \u2013 in <strong data-start=\"303\" data-end=\"320\">Zentibar (cb)<\/strong> bzw. <strong data-start=\"326\" data-end=\"346\">Kilopascal (kPa)<\/strong> angezeigt. Dieser Wert steht f\u00fcr die Energie, die das Wurzelsystem der Pflanze aufwenden muss, um Wasser aus dem Boden aufzunehmen. <strong data-start=\"479\" data-end=\"521\">Hohe Werte bedeuten trockenes Erdreich<\/strong>, w\u00e4hrend <strong data-start=\"531\" data-end=\"575\">niedrigere Werte auf feuchte Bedingungen<\/strong> hinweisen.<\/p>\n<p data-start=\"588\" data-end=\"753\">Zum Ger\u00e4t geh\u00f6rt ein Verbindungskabel mit Klemmen, \u00fcber das die Sensoren angeschlossen werden. <strong data-start=\"683\" data-end=\"716\">Ein einziges Ger\u00e4t reicht aus<\/strong>, um <strong data-start=\"721\" data-end=\"741\">mehrere Sensoren<\/strong> auszulesen.<\/p>\n<hr data-start=\"755\" data-end=\"758\" \/>\n<h3 data-start=\"760\" data-end=\"773\">Merkmale:<\/h3>\n<ul data-start=\"775\" data-end=\"1065\">\n<li data-start=\"775\" data-end=\"836\">\n<p data-start=\"777\" data-end=\"836\"><strong data-start=\"777\" data-end=\"799\">Gro\u00dfes LCD-Display<\/strong>, auch bei Sonnenlicht gut ablesbar<\/p>\n<\/li>\n<li data-start=\"837\" data-end=\"922\">\n<p data-start=\"839\" data-end=\"922\"><strong data-start=\"839\" data-end=\"872\">Ber\u00fchrungsaktive Bedienfl\u00e4che<\/strong> mit einfacher Handhabung und Selbsttestfunktion<\/p>\n<\/li>\n<li data-start=\"923\" data-end=\"988\">\n<p data-start=\"925\" data-end=\"988\"><strong data-start=\"925\" data-end=\"953\">Schneller Kabelanschluss<\/strong>, problemlos austauschbar im Feld<\/p>\n<\/li>\n<li data-start=\"989\" data-end=\"1065\">\n<p data-start=\"991\" data-end=\"1065\"><strong data-start=\"991\" data-end=\"1017\">Temperaturkompensation<\/strong> zur Anpassung an wechselnde Bodentemperaturen<\/p>\n<\/li>\n<\/ul>\n<blockquote data-start=\"1067\" data-end=\"1164\">\n<p data-start=\"1069\" data-end=\"1164\">\u26a0\ufe0f Der <strong data-start=\"1076\" data-end=\"1095\">Watermark-Meter<\/strong> ist ausschlie\u00dflich zum Auslesen von <strong data-start=\"1132\" data-end=\"1154\">Watermark-Sensoren<\/strong> geeignet.<\/p>\n<\/blockquote>\n<hr data-start=\"1166\" data-end=\"1169\" \/>\n<h3 data-start=\"1171\" data-end=\"1191\">Technische Daten<\/h3>\n<ul data-start=\"1193\" data-end=\"1457\">\n<li data-start=\"1193\" data-end=\"1230\">\n<p data-start=\"1195\" data-end=\"1230\"><strong data-start=\"1195\" data-end=\"1215\">Stromversorgung:<\/strong> 9\u202fV Batterie<\/p>\n<\/li>\n<li data-start=\"1231\" data-end=\"1291\">\n<p data-start=\"1233\" data-end=\"1291\"><strong data-start=\"1233\" data-end=\"1246\">Material:<\/strong> ABS-Kunststoffgeh\u00e4use mit Touch-Bedienfeld<\/p>\n<\/li>\n<li data-start=\"1292\" data-end=\"1329\">\n<p data-start=\"1294\" data-end=\"1329\"><strong data-start=\"1294\" data-end=\"1310\">Abmessungen:<\/strong> 121 \u00d7 70 \u00d7 25\u202fmm<\/p>\n<\/li>\n<li data-start=\"1330\" data-end=\"1352\">\n<p data-start=\"1332\" data-end=\"1352\"><strong data-start=\"1332\" data-end=\"1344\">Gewicht:<\/strong> 310\u202fg<\/p>\n<\/li>\n<li data-start=\"1353\" data-end=\"1403\">\n<p data-start=\"1355\" data-end=\"1403\"><strong data-start=\"1355\" data-end=\"1365\">Kabel:<\/strong> 50 Ohm Koaxialkabel mit BNC-Stecker<\/p>\n<\/li>\n<li data-start=\"1404\" data-end=\"1457\">\n<p data-start=\"1406\" data-end=\"1457\"><strong data-start=\"1406\" data-end=\"1418\">Anzeige:<\/strong> 0 \u2013 199 cb (kPa) Bodenwasserspannung<\/p>\n<\/li>\n<\/ul>\n","protected":false},"excerpt":{"rendered":"<p>Der digitale Bodenfeuchtemesser Watermark ist f\u00fcr das Auslesen von Watermark-Sensoren, die im Boden installiert sind, konzipiert. Auf dem Display wird der Feuchtezustand des Bodens \u2013 genauer gesagt die Oberfl\u00e4chenspannung des Wassers im Boden \u2013 in Zentibar (cb) bzw. Kilopascal (kPa) angezeigt. Dieser Wert steht f\u00fcr die Energie, die das Wurzelsystem der Pflanze aufwenden muss, um [&hellip;]<\/p>\n","protected":false},"featured_media":4266,"comment_status":"open","ping_status":"closed","template":"","meta":{"_et_pb_use_builder":"","_et_pb_old_content":"","_et_gb_content_width":""},"product_cat":[94],"product_tag":[],"class_list":{"0":"post-4265","1":"product","2":"type-product","3":"status-publish","4":"has-post-thumbnail","6":"product_cat-bodenfeuchtemessung","8":"first","9":"instock","10":"shipping-taxable","11":"product-type-simple"},"yoast_head":"<!-- This site is optimized with the Yoast SEO plugin v23.0 - https:\/\/yoast.com\/wordpress\/plugins\/seo\/ -->\n<title>Digitaler Watermark\u2011Leser \u2013 Handmeter - Pinova Meteo<\/title>\n<meta name=\"description\" content=\"Digitaler Watermark\u2011Leser \u2013 HandmeterDer digitale Bodenfeuchtemesser Watermark ist f\u00fcr das Auslesen von Watermark-Sensoren, die im Boden installiert sind...\" \/>\n<meta name=\"robots\" content=\"index, follow, max-snippet:-1, max-image-preview:large, max-video-preview:-1\" \/>\n<link rel=\"canonical\" href=\"https:\/\/pinova-meteo.com\/de\/produkt\/digitaler-watermark-leser-handmeter\" \/>\n<meta property=\"og:locale\" content=\"de_DE\" \/>\n<meta property=\"og:type\" content=\"article\" \/>\n<meta property=\"og:title\" content=\"Digitaler Watermark\u2011Leser \u2013 Handmeter - Pinova Meteo\" \/>\n<meta property=\"og:description\" content=\"Digitaler Watermark\u2011Leser \u2013 HandmeterDer digitale Bodenfeuchtemesser Watermark ist f\u00fcr das Auslesen von Watermark-Sensoren, die im Boden installiert sind...\" \/>\n<meta property=\"og:url\" content=\"https:\/\/pinova-meteo.com\/de\/produkt\/digitaler-watermark-leser-handmeter\" \/>\n<meta property=\"og:site_name\" content=\"Pinova Meteo\" \/>\n<meta property=\"article:modified_time\" content=\"2025-07-28T06:34:39+00:00\" \/>\n<meta property=\"og:image\" content=\"https:\/\/pinova-meteo.com\/wp-content\/uploads\/2024\/05\/Digitalni-Watermark-citac-Handmeter-1.jpg\" \/>\n\t<meta property=\"og:image:width\" content=\"1920\" \/>\n\t<meta property=\"og:image:height\" content=\"600\" \/>\n\t<meta property=\"og:image:type\" content=\"image\/jpeg\" \/>\n<meta name=\"twitter:card\" content=\"summary_large_image\" \/>\n<meta name=\"twitter:label1\" content=\"Gesch\u00e4tzte Lesezeit\" \/>\n\t<meta name=\"twitter:data1\" content=\"2\u00a0Minuten\" \/>\n<script type=\"application\/ld+json\" class=\"yoast-schema-graph\">{\"@context\":\"https:\/\/schema.org\",\"@graph\":[{\"@type\":\"WebPage\",\"@id\":\"https:\/\/pinova-meteo.com\/de\/produkt\/digitaler-watermark-leser-handmeter\",\"url\":\"https:\/\/pinova-meteo.com\/de\/produkt\/digitaler-watermark-leser-handmeter\",\"name\":\"Digitaler Watermark\u2011Leser \u2013 Handmeter - Pinova Meteo\",\"isPartOf\":{\"@id\":\"https:\/\/pinova-meteo.com\/de#website\"},\"primaryImageOfPage\":{\"@id\":\"https:\/\/pinova-meteo.com\/de\/produkt\/digitaler-watermark-leser-handmeter#primaryimage\"},\"image\":{\"@id\":\"https:\/\/pinova-meteo.com\/de\/produkt\/digitaler-watermark-leser-handmeter#primaryimage\"},\"thumbnailUrl\":\"https:\/\/pinova-meteo.com\/wp-content\/uploads\/2024\/05\/Digitalni-Watermark-citac-Handmeter-1.jpg\",\"datePublished\":\"2024-05-31T09:08:35+00:00\",\"dateModified\":\"2025-07-28T06:34:39+00:00\",\"description\":\"Digitaler Watermark\u2011Leser \u2013 HandmeterDer digitale Bodenfeuchtemesser Watermark ist f\u00fcr das Auslesen von Watermark-Sensoren, die im Boden installiert sind...\",\"breadcrumb\":{\"@id\":\"https:\/\/pinova-meteo.com\/de\/produkt\/digitaler-watermark-leser-handmeter#breadcrumb\"},\"inLanguage\":\"de\",\"potentialAction\":[{\"@type\":\"ReadAction\",\"target\":[\"https:\/\/pinova-meteo.com\/de\/produkt\/digitaler-watermark-leser-handmeter\"]}]},{\"@type\":\"ImageObject\",\"inLanguage\":\"de\",\"@id\":\"https:\/\/pinova-meteo.com\/de\/produkt\/digitaler-watermark-leser-handmeter#primaryimage\",\"url\":\"https:\/\/pinova-meteo.com\/wp-content\/uploads\/2024\/05\/Digitalni-Watermark-citac-Handmeter-1.jpg\",\"contentUrl\":\"https:\/\/pinova-meteo.com\/wp-content\/uploads\/2024\/05\/Digitalni-Watermark-citac-Handmeter-1.jpg\",\"width\":1920,\"height\":600},{\"@type\":\"BreadcrumbList\",\"@id\":\"https:\/\/pinova-meteo.com\/de\/produkt\/digitaler-watermark-leser-handmeter#breadcrumb\",\"itemListElement\":[{\"@type\":\"ListItem\",\"position\":1,\"name\":\"Po\u010detna stranica\",\"item\":\"https:\/\/pinova-meteo.com\/de\"},{\"@type\":\"ListItem\",\"position\":2,\"name\":\"Trgovina\",\"item\":\"https:\/\/pinova-meteo.com\/?page_id=7\"},{\"@type\":\"ListItem\",\"position\":3,\"name\":\"Digitaler Watermark\u2011Leser \u2013 Handmeter\"}]},{\"@type\":\"WebSite\",\"@id\":\"https:\/\/pinova-meteo.com\/de#website\",\"url\":\"https:\/\/pinova-meteo.com\/de\",\"name\":\"Pinova Meteo\",\"description\":\"\",\"potentialAction\":[{\"@type\":\"SearchAction\",\"target\":{\"@type\":\"EntryPoint\",\"urlTemplate\":\"https:\/\/pinova-meteo.com\/de?s={search_term_string}\"},\"query-input\":\"required name=search_term_string\"}],\"inLanguage\":\"de\"}]}<\/script>\n<!-- \/ Yoast SEO plugin. -->","yoast_head_json":{"title":"Digitaler Watermark\u2011Leser \u2013 Handmeter - Pinova Meteo","description":"Digitaler Watermark\u2011Leser \u2013 HandmeterDer digitale Bodenfeuchtemesser Watermark ist f\u00fcr das Auslesen von Watermark-Sensoren, die im Boden installiert sind...","robots":{"index":"index","follow":"follow","max-snippet":"max-snippet:-1","max-image-preview":"max-image-preview:large","max-video-preview":"max-video-preview:-1"},"canonical":"https:\/\/pinova-meteo.com\/de\/produkt\/digitaler-watermark-leser-handmeter","og_locale":"de_DE","og_type":"article","og_title":"Digitaler Watermark\u2011Leser \u2013 Handmeter - Pinova Meteo","og_description":"Digitaler Watermark\u2011Leser \u2013 HandmeterDer digitale Bodenfeuchtemesser Watermark ist f\u00fcr das Auslesen von Watermark-Sensoren, die im Boden installiert sind...","og_url":"https:\/\/pinova-meteo.com\/de\/produkt\/digitaler-watermark-leser-handmeter","og_site_name":"Pinova Meteo","article_modified_time":"2025-07-28T06:34:39+00:00","og_image":[{"width":1920,"height":600,"url":"https:\/\/pinova-meteo.com\/wp-content\/uploads\/2024\/05\/Digitalni-Watermark-citac-Handmeter-1.jpg","type":"image\/jpeg"}],"twitter_card":"summary_large_image","twitter_misc":{"Gesch\u00e4tzte Lesezeit":"2\u00a0Minuten"},"schema":{"@context":"https:\/\/schema.org","@graph":[{"@type":"WebPage","@id":"https:\/\/pinova-meteo.com\/de\/produkt\/digitaler-watermark-leser-handmeter","url":"https:\/\/pinova-meteo.com\/de\/produkt\/digitaler-watermark-leser-handmeter","name":"Digitaler Watermark\u2011Leser \u2013 Handmeter - Pinova Meteo","isPartOf":{"@id":"https:\/\/pinova-meteo.com\/de#website"},"primaryImageOfPage":{"@id":"https:\/\/pinova-meteo.com\/de\/produkt\/digitaler-watermark-leser-handmeter#primaryimage"},"image":{"@id":"https:\/\/pinova-meteo.com\/de\/produkt\/digitaler-watermark-leser-handmeter#primaryimage"},"thumbnailUrl":"https:\/\/pinova-meteo.com\/wp-content\/uploads\/2024\/05\/Digitalni-Watermark-citac-Handmeter-1.jpg","datePublished":"2024-05-31T09:08:35+00:00","dateModified":"2025-07-28T06:34:39+00:00","description":"Digitaler Watermark\u2011Leser \u2013 HandmeterDer digitale Bodenfeuchtemesser Watermark ist f\u00fcr das Auslesen von Watermark-Sensoren, die im Boden installiert sind...","breadcrumb":{"@id":"https:\/\/pinova-meteo.com\/de\/produkt\/digitaler-watermark-leser-handmeter#breadcrumb"},"inLanguage":"de","potentialAction":[{"@type":"ReadAction","target":["https:\/\/pinova-meteo.com\/de\/produkt\/digitaler-watermark-leser-handmeter"]}]},{"@type":"ImageObject","inLanguage":"de","@id":"https:\/\/pinova-meteo.com\/de\/produkt\/digitaler-watermark-leser-handmeter#primaryimage","url":"https:\/\/pinova-meteo.com\/wp-content\/uploads\/2024\/05\/Digitalni-Watermark-citac-Handmeter-1.jpg","contentUrl":"https:\/\/pinova-meteo.com\/wp-content\/uploads\/2024\/05\/Digitalni-Watermark-citac-Handmeter-1.jpg","width":1920,"height":600},{"@type":"BreadcrumbList","@id":"https:\/\/pinova-meteo.com\/de\/produkt\/digitaler-watermark-leser-handmeter#breadcrumb","itemListElement":[{"@type":"ListItem","position":1,"name":"Po\u010detna stranica","item":"https:\/\/pinova-meteo.com\/de"},{"@type":"ListItem","position":2,"name":"Trgovina","item":"https:\/\/pinova-meteo.com\/?page_id=7"},{"@type":"ListItem","position":3,"name":"Digitaler Watermark\u2011Leser \u2013 Handmeter"}]},{"@type":"WebSite","@id":"https:\/\/pinova-meteo.com\/de#website","url":"https:\/\/pinova-meteo.com\/de","name":"Pinova Meteo","description":"","potentialAction":[{"@type":"SearchAction","target":{"@type":"EntryPoint","urlTemplate":"https:\/\/pinova-meteo.com\/de?s={search_term_string}"},"query-input":"required name=search_term_string"}],"inLanguage":"de"}]}},"_links":{"self":[{"href":"https:\/\/pinova-meteo.com\/de\/wp-json\/wp\/v2\/product\/4265","targetHints":{"allow":["GET"]}}],"collection":[{"href":"https:\/\/pinova-meteo.com\/de\/wp-json\/wp\/v2\/product"}],"about":[{"href":"https:\/\/pinova-meteo.com\/de\/wp-json\/wp\/v2\/types\/product"}],"replies":[{"embeddable":true,"href":"https:\/\/pinova-meteo.com\/de\/wp-json\/wp\/v2\/comments?post=4265"}],"wp:featuredmedia":[{"embeddable":true,"href":"https:\/\/pinova-meteo.com\/de\/wp-json\/wp\/v2\/media\/4266"}],"wp:attachment":[{"href":"https:\/\/pinova-meteo.com\/de\/wp-json\/wp\/v2\/media?parent=4265"}],"wp:term":[{"taxonomy":"product_cat","embeddable":true,"href":"https:\/\/pinova-meteo.com\/de\/wp-json\/wp\/v2\/product_cat?post=4265"},{"taxonomy":"product_tag","embeddable":true,"href":"https:\/\/pinova-meteo.com\/de\/wp-json\/wp\/v2\/product_tag?post=4265"}],"curies":[{"name":"wp","href":"https:\/\/api.w.org\/{rel}","templated":true}]}}