{"id":4270,"date":"2024-05-28T16:00:39","date_gmt":"2024-05-28T14:00:39","guid":{"rendered":"https:\/\/pinova-meteo.com\/proizvod\/senzor-brzine-vjetra-ied"},"modified":"2025-07-28T08:30:47","modified_gmt":"2025-07-28T06:30:47","slug":"windsensor-ied","status":"publish","type":"product","link":"https:\/\/pinova-meteo.com\/de\/produkt\/windsensor-ied","title":{"rendered":"Windsensor (IED)"},"content":{"rendered":"<p data-start=\"39\" data-end=\"392\">Ein <strong data-start=\"43\" data-end=\"71\">sehr robuster Windsensor<\/strong> mit <strong data-start=\"76\" data-end=\"128\">hervorragender mechanischer Widerstandsf\u00e4higkeit<\/strong>, <strong data-start=\"130\" data-end=\"146\">Flexibilit\u00e4t<\/strong> und <strong data-start=\"151\" data-end=\"176\">Verarbeitungsqualit\u00e4t<\/strong>, der mit den besten Kunststoff- und Metallsensoren auf dem Markt konkurrieren kann. Die Lager bestehen aus <strong data-start=\"284\" data-end=\"308\">rostfreiem Edelstahl<\/strong> und sind mit <strong data-start=\"322\" data-end=\"353\">Instrumentenfett geschmiert<\/strong>, was f\u00fcr eine lange Lebensdauer sorgt.<\/p>\n<hr data-start=\"394\" data-end=\"397\" \/>\n<h3 data-start=\"399\" data-end=\"477\">Technische Daten des Windsensors zur Messung der Windgeschwindigkeit (IED)<\/h3>\n<ul data-start=\"479\" data-end=\"766\">\n<li data-start=\"479\" data-end=\"519\">\n<p data-start=\"481\" data-end=\"519\"><strong data-start=\"481\" data-end=\"505\">Versorgungsspannung:<\/strong> 3 \u2013 15\u202fV DC<\/p>\n<\/li>\n<li data-start=\"520\" data-end=\"551\">\n<p data-start=\"522\" data-end=\"551\"><strong data-start=\"522\" data-end=\"538\">Messbereich:<\/strong> 2 \u2013 56\u202fm\/s<\/p>\n<\/li>\n<li data-start=\"552\" data-end=\"577\">\n<p data-start=\"554\" data-end=\"577\"><strong data-start=\"554\" data-end=\"570\">Genauigkeit:<\/strong> \u00b15\u202f%<\/p>\n<\/li>\n<li data-start=\"578\" data-end=\"609\">\n<p data-start=\"580\" data-end=\"609\"><strong data-start=\"580\" data-end=\"601\">Wiederholbarkeit:<\/strong> 0,5\u202f%<\/p>\n<\/li>\n<li data-start=\"610\" data-end=\"653\">\n<p data-start=\"612\" data-end=\"653\"><strong data-start=\"612\" data-end=\"632\">Lagertemperatur:<\/strong> \u201340\u202f\u00b0C bis +100\u202f\u00b0C<\/p>\n<\/li>\n<li data-start=\"654\" data-end=\"699\">\n<p data-start=\"656\" data-end=\"699\"><strong data-start=\"656\" data-end=\"679\">Betriebstemperatur:<\/strong> \u201320\u202f\u00b0C bis +80\u202f\u00b0C<\/p>\n<\/li>\n<li data-start=\"700\" data-end=\"725\">\n<p data-start=\"702\" data-end=\"725\"><strong data-start=\"702\" data-end=\"717\">Kabell\u00e4nge:<\/strong> 1,5\u202fm<\/p>\n<\/li>\n<li data-start=\"726\" data-end=\"766\">\n<p data-start=\"728\" data-end=\"766\"><strong data-start=\"728\" data-end=\"742\">Anschluss:<\/strong> 3,5\u202fmm Klinkenstecker<\/p>\n<\/li>\n<\/ul>\n<p>&nbsp;<\/p>\n","protected":false},"excerpt":{"rendered":"<p>Ein sehr robuster Windsensor mit hervorragender mechanischer Widerstandsf\u00e4higkeit, Flexibilit\u00e4t und Verarbeitungsqualit\u00e4t, der mit den besten Kunststoff- und Metallsensoren auf dem Markt konkurrieren kann. Die Lager bestehen aus rostfreiem Edelstahl und sind mit Instrumentenfett geschmiert, was f\u00fcr eine lange Lebensdauer sorgt. Technische Daten des Windsensors zur Messung der Windgeschwindigkeit (IED) Versorgungsspannung: 3 \u2013 15\u202fV DC Messbereich: [&hellip;]<\/p>\n","protected":false},"featured_media":4272,"comment_status":"open","ping_status":"closed","template":"","meta":{"_et_pb_use_builder":"","_et_pb_old_content":"","_et_gb_content_width":""},"product_cat":[88,87],"product_tag":[],"class_list":{"0":"post-4270","1":"product","2":"type-product","3":"status-publish","4":"has-post-thumbnail","6":"product_cat-mikroklima","7":"product_cat-sensoren","9":"first","10":"instock","11":"shipping-taxable","12":"product-type-simple"},"yoast_head":"<!-- This site is optimized with the Yoast SEO plugin v23.0 - https:\/\/yoast.com\/wordpress\/plugins\/seo\/ -->\n<title>Windsensor (IED) - Pinova Meteo<\/title>\n<meta name=\"description\" content=\"Ein sehr robuster Windsensor mit hervorragender mechanischer Widerstandsf\u00e4higkeit, Flexibilit\u00e4t und Verarbeitungsqualit\u00e4t, der mit den besten Kunststo...\" \/>\n<meta name=\"robots\" content=\"index, follow, max-snippet:-1, max-image-preview:large, max-video-preview:-1\" \/>\n<link rel=\"canonical\" href=\"https:\/\/pinova-meteo.com\/de\/produkt\/windsensor-ied\" \/>\n<meta property=\"og:locale\" content=\"de_DE\" \/>\n<meta property=\"og:type\" content=\"article\" \/>\n<meta property=\"og:title\" content=\"Windsensor (IED) - Pinova Meteo\" \/>\n<meta property=\"og:description\" content=\"Ein sehr robuster Windsensor mit hervorragender mechanischer Widerstandsf\u00e4higkeit, Flexibilit\u00e4t und Verarbeitungsqualit\u00e4t, der mit den besten Kunststo...\" \/>\n<meta property=\"og:url\" content=\"https:\/\/pinova-meteo.com\/de\/produkt\/windsensor-ied\" \/>\n<meta property=\"og:site_name\" content=\"Pinova Meteo\" \/>\n<meta property=\"article:modified_time\" content=\"2025-07-28T06:30:47+00:00\" \/>\n<meta property=\"og:image\" content=\"https:\/\/pinova-meteo.com\/wp-content\/uploads\/2024\/05\/IED-Long-4.jpg\" \/>\n\t<meta property=\"og:image:width\" content=\"1920\" \/>\n\t<meta property=\"og:image:height\" content=\"600\" \/>\n\t<meta property=\"og:image:type\" content=\"image\/jpeg\" \/>\n<meta name=\"twitter:card\" content=\"summary_large_image\" \/>\n<meta name=\"twitter:label1\" content=\"Gesch\u00e4tzte Lesezeit\" \/>\n\t<meta name=\"twitter:data1\" content=\"1\u00a0Minute\" \/>\n<script type=\"application\/ld+json\" class=\"yoast-schema-graph\">{\"@context\":\"https:\/\/schema.org\",\"@graph\":[{\"@type\":\"WebPage\",\"@id\":\"https:\/\/pinova-meteo.com\/de\/produkt\/windsensor-ied\",\"url\":\"https:\/\/pinova-meteo.com\/de\/produkt\/windsensor-ied\",\"name\":\"Windsensor (IED) - Pinova Meteo\",\"isPartOf\":{\"@id\":\"https:\/\/pinova-meteo.com\/de#website\"},\"primaryImageOfPage\":{\"@id\":\"https:\/\/pinova-meteo.com\/de\/produkt\/windsensor-ied#primaryimage\"},\"image\":{\"@id\":\"https:\/\/pinova-meteo.com\/de\/produkt\/windsensor-ied#primaryimage\"},\"thumbnailUrl\":\"https:\/\/pinova-meteo.com\/wp-content\/uploads\/2024\/05\/IED-Long-4.jpg\",\"datePublished\":\"2024-05-28T14:00:39+00:00\",\"dateModified\":\"2025-07-28T06:30:47+00:00\",\"description\":\"Ein sehr robuster Windsensor mit hervorragender mechanischer Widerstandsf\u00e4higkeit, Flexibilit\u00e4t und Verarbeitungsqualit\u00e4t, der mit den besten Kunststo...\",\"breadcrumb\":{\"@id\":\"https:\/\/pinova-meteo.com\/de\/produkt\/windsensor-ied#breadcrumb\"},\"inLanguage\":\"de\",\"potentialAction\":[{\"@type\":\"ReadAction\",\"target\":[\"https:\/\/pinova-meteo.com\/de\/produkt\/windsensor-ied\"]}]},{\"@type\":\"ImageObject\",\"inLanguage\":\"de\",\"@id\":\"https:\/\/pinova-meteo.com\/de\/produkt\/windsensor-ied#primaryimage\",\"url\":\"https:\/\/pinova-meteo.com\/wp-content\/uploads\/2024\/05\/IED-Long-4.jpg\",\"contentUrl\":\"https:\/\/pinova-meteo.com\/wp-content\/uploads\/2024\/05\/IED-Long-4.jpg\",\"width\":1920,\"height\":600},{\"@type\":\"BreadcrumbList\",\"@id\":\"https:\/\/pinova-meteo.com\/de\/produkt\/windsensor-ied#breadcrumb\",\"itemListElement\":[{\"@type\":\"ListItem\",\"position\":1,\"name\":\"Po\u010detna stranica\",\"item\":\"https:\/\/pinova-meteo.com\/de\"},{\"@type\":\"ListItem\",\"position\":2,\"name\":\"Trgovina\",\"item\":\"https:\/\/pinova-meteo.com\/?page_id=7\"},{\"@type\":\"ListItem\",\"position\":3,\"name\":\"Windsensor (IED)\"}]},{\"@type\":\"WebSite\",\"@id\":\"https:\/\/pinova-meteo.com\/de#website\",\"url\":\"https:\/\/pinova-meteo.com\/de\",\"name\":\"Pinova Meteo\",\"description\":\"\",\"potentialAction\":[{\"@type\":\"SearchAction\",\"target\":{\"@type\":\"EntryPoint\",\"urlTemplate\":\"https:\/\/pinova-meteo.com\/de?s={search_term_string}\"},\"query-input\":\"required name=search_term_string\"}],\"inLanguage\":\"de\"}]}<\/script>\n<!-- \/ Yoast SEO plugin. -->","yoast_head_json":{"title":"Windsensor (IED) - Pinova Meteo","description":"Ein sehr robuster Windsensor mit hervorragender mechanischer Widerstandsf\u00e4higkeit, Flexibilit\u00e4t und Verarbeitungsqualit\u00e4t, der mit den besten Kunststo...","robots":{"index":"index","follow":"follow","max-snippet":"max-snippet:-1","max-image-preview":"max-image-preview:large","max-video-preview":"max-video-preview:-1"},"canonical":"https:\/\/pinova-meteo.com\/de\/produkt\/windsensor-ied","og_locale":"de_DE","og_type":"article","og_title":"Windsensor (IED) - Pinova Meteo","og_description":"Ein sehr robuster Windsensor mit hervorragender mechanischer Widerstandsf\u00e4higkeit, Flexibilit\u00e4t und Verarbeitungsqualit\u00e4t, der mit den besten Kunststo...","og_url":"https:\/\/pinova-meteo.com\/de\/produkt\/windsensor-ied","og_site_name":"Pinova Meteo","article_modified_time":"2025-07-28T06:30:47+00:00","og_image":[{"width":1920,"height":600,"url":"https:\/\/pinova-meteo.com\/wp-content\/uploads\/2024\/05\/IED-Long-4.jpg","type":"image\/jpeg"}],"twitter_card":"summary_large_image","twitter_misc":{"Gesch\u00e4tzte Lesezeit":"1\u00a0Minute"},"schema":{"@context":"https:\/\/schema.org","@graph":[{"@type":"WebPage","@id":"https:\/\/pinova-meteo.com\/de\/produkt\/windsensor-ied","url":"https:\/\/pinova-meteo.com\/de\/produkt\/windsensor-ied","name":"Windsensor (IED) - Pinova Meteo","isPartOf":{"@id":"https:\/\/pinova-meteo.com\/de#website"},"primaryImageOfPage":{"@id":"https:\/\/pinova-meteo.com\/de\/produkt\/windsensor-ied#primaryimage"},"image":{"@id":"https:\/\/pinova-meteo.com\/de\/produkt\/windsensor-ied#primaryimage"},"thumbnailUrl":"https:\/\/pinova-meteo.com\/wp-content\/uploads\/2024\/05\/IED-Long-4.jpg","datePublished":"2024-05-28T14:00:39+00:00","dateModified":"2025-07-28T06:30:47+00:00","description":"Ein sehr robuster Windsensor mit hervorragender mechanischer Widerstandsf\u00e4higkeit, Flexibilit\u00e4t und Verarbeitungsqualit\u00e4t, der mit den besten Kunststo...","breadcrumb":{"@id":"https:\/\/pinova-meteo.com\/de\/produkt\/windsensor-ied#breadcrumb"},"inLanguage":"de","potentialAction":[{"@type":"ReadAction","target":["https:\/\/pinova-meteo.com\/de\/produkt\/windsensor-ied"]}]},{"@type":"ImageObject","inLanguage":"de","@id":"https:\/\/pinova-meteo.com\/de\/produkt\/windsensor-ied#primaryimage","url":"https:\/\/pinova-meteo.com\/wp-content\/uploads\/2024\/05\/IED-Long-4.jpg","contentUrl":"https:\/\/pinova-meteo.com\/wp-content\/uploads\/2024\/05\/IED-Long-4.jpg","width":1920,"height":600},{"@type":"BreadcrumbList","@id":"https:\/\/pinova-meteo.com\/de\/produkt\/windsensor-ied#breadcrumb","itemListElement":[{"@type":"ListItem","position":1,"name":"Po\u010detna stranica","item":"https:\/\/pinova-meteo.com\/de"},{"@type":"ListItem","position":2,"name":"Trgovina","item":"https:\/\/pinova-meteo.com\/?page_id=7"},{"@type":"ListItem","position":3,"name":"Windsensor (IED)"}]},{"@type":"WebSite","@id":"https:\/\/pinova-meteo.com\/de#website","url":"https:\/\/pinova-meteo.com\/de","name":"Pinova Meteo","description":"","potentialAction":[{"@type":"SearchAction","target":{"@type":"EntryPoint","urlTemplate":"https:\/\/pinova-meteo.com\/de?s={search_term_string}"},"query-input":"required name=search_term_string"}],"inLanguage":"de"}]}},"_links":{"self":[{"href":"https:\/\/pinova-meteo.com\/de\/wp-json\/wp\/v2\/product\/4270","targetHints":{"allow":["GET"]}}],"collection":[{"href":"https:\/\/pinova-meteo.com\/de\/wp-json\/wp\/v2\/product"}],"about":[{"href":"https:\/\/pinova-meteo.com\/de\/wp-json\/wp\/v2\/types\/product"}],"replies":[{"embeddable":true,"href":"https:\/\/pinova-meteo.com\/de\/wp-json\/wp\/v2\/comments?post=4270"}],"wp:featuredmedia":[{"embeddable":true,"href":"https:\/\/pinova-meteo.com\/de\/wp-json\/wp\/v2\/media\/4272"}],"wp:attachment":[{"href":"https:\/\/pinova-meteo.com\/de\/wp-json\/wp\/v2\/media?parent=4270"}],"wp:term":[{"taxonomy":"product_cat","embeddable":true,"href":"https:\/\/pinova-meteo.com\/de\/wp-json\/wp\/v2\/product_cat?post=4270"},{"taxonomy":"product_tag","embeddable":true,"href":"https:\/\/pinova-meteo.com\/de\/wp-json\/wp\/v2\/product_tag?post=4270"}],"curies":[{"name":"wp","href":"https:\/\/api.w.org\/{rel}","templated":true}]}}