{"id":4273,"date":"2024-05-28T15:59:26","date_gmt":"2024-05-28T13:59:26","guid":{"rendered":"https:\/\/pinova-meteo.com\/proizvod\/senzor-vlage-i-temperature-tla-wp4"},"modified":"2025-07-28T08:23:38","modified_gmt":"2025-07-28T06:23:38","slug":"sensor-fur-bodenfeuchte-und-bodentemperatur-wp4","status":"publish","type":"product","link":"https:\/\/pinova-meteo.com\/de\/produkt\/sensor-fur-bodenfeuchte-und-bodentemperatur-wp4","title":{"rendered":"Sensor f\u00fcr Bodenfeuchte und Bodentemperatur (WP4)"},"content":{"rendered":"<p data-start=\"59\" data-end=\"351\">Der <strong data-start=\"63\" data-end=\"110\">Bodenfeuchte- und Bodentemperatursensor WP4<\/strong> kombiniert die <strong data-start=\"126\" data-end=\"157\">patentierte Watermark-Sonde<\/strong> mit der <strong data-start=\"166\" data-end=\"193\">integrierten Elektronik<\/strong> der Firma <strong data-start=\"204\" data-end=\"221\">Pinova d.o.o.<\/strong>. Nach dem Einbau in den Boden tauscht der Sensor Wasser mit seiner Umgebung aus und bleibt mit dem Erdreich im <strong data-start=\"333\" data-end=\"350\">Gleichgewicht<\/strong>.<\/p>\n<p data-start=\"353\" data-end=\"582\">Mithilfe der integrierten Elektronik wandelt der Sensor den elektrischen Widerstand zwischen den Elektroden in eine <strong data-start=\"469\" data-end=\"512\">temperaturkompensierte Ausgangsspannung<\/strong> um, die direkt <strong data-start=\"528\" data-end=\"577\">proportional zur Bodenwasserpotenzialspannung<\/strong> ist.<\/p>\n<hr data-start=\"584\" data-end=\"587\" \/>\n<h3 data-start=\"589\" data-end=\"622\">Wann sollte bew\u00e4ssert werden?<\/h3>\n<ul data-start=\"624\" data-end=\"1060\">\n<li data-start=\"624\" data-end=\"673\">\n<p data-start=\"626\" data-end=\"673\"><strong data-start=\"626\" data-end=\"640\">0 \u2013 10 cb:<\/strong> Boden gut mit Wasser ges\u00e4ttigt<\/p>\n<\/li>\n<li data-start=\"674\" data-end=\"819\">\n<p data-start=\"676\" data-end=\"819\"><strong data-start=\"676\" data-end=\"691\">10 \u2013 30 cb:<\/strong> Boden enth\u00e4lt ausreichend Wasser f\u00fcr normales Wachstum (bei sandigen B\u00f6den kann ab etwa 30 cb bereits Wassermangel auftreten)<\/p>\n<\/li>\n<li data-start=\"820\" data-end=\"921\">\n<p data-start=\"822\" data-end=\"921\"><strong data-start=\"822\" data-end=\"837\">30 \u2013 60 cb:<\/strong> Typische Werte, bei denen Bew\u00e4sserung erforderlich ist (au\u00dfer bei schweren B\u00f6den)<\/p>\n<\/li>\n<li data-start=\"922\" data-end=\"1000\">\n<p data-start=\"924\" data-end=\"1000\"><strong data-start=\"924\" data-end=\"940\">60 \u2013 100 cb:<\/strong> \u00dcbliche Schwellenwerte zur Bew\u00e4sserung bei schweren B\u00f6den<\/p>\n<\/li>\n<li data-start=\"1001\" data-end=\"1060\">\n<p data-start=\"1003\" data-end=\"1060\"><strong data-start=\"1003\" data-end=\"1020\">100 \u2013 200 cb:<\/strong> Boden zu trocken f\u00fcr maximale Ertr\u00e4ge<\/p>\n<\/li>\n<\/ul>\n<hr data-start=\"1062\" data-end=\"1065\" \/>\n<h3 data-start=\"1067\" data-end=\"1138\">Technische Daten des Sensors f\u00fcr Bodenfeuchte und -temperatur (WP4)<\/h3>\n<div class=\"_tableContainer_80l1q_1\">\n<div class=\"_tableWrapper_80l1q_14 group flex w-fit flex-col-reverse\" tabindex=\"-1\">\n<table class=\"w-fit min-w-(--thread-content-width)\" data-start=\"1140\" data-end=\"2212\">\n<thead data-start=\"1140\" data-end=\"1237\">\n<tr data-start=\"1140\" data-end=\"1237\">\n<th data-start=\"1140\" data-end=\"1172\" data-col-size=\"sm\">Eigenschaft<\/th>\n<th data-start=\"1172\" data-end=\"1201\" data-col-size=\"sm\"><strong data-start=\"1174\" data-end=\"1190\">Bodenfeuchte<\/strong><\/th>\n<th data-start=\"1201\" data-end=\"1237\" data-col-size=\"sm\"><strong data-start=\"1203\" data-end=\"1222\">Bodentemperatur<\/strong><\/th>\n<\/tr>\n<\/thead>\n<tbody data-start=\"1335\" data-end=\"2212\">\n<tr data-start=\"1335\" data-end=\"1431\">\n<td data-start=\"1335\" data-end=\"1366\" data-col-size=\"sm\"><strong data-start=\"1337\" data-end=\"1352\">Genauigkeit<\/strong><\/td>\n<td data-col-size=\"sm\" data-start=\"1366\" data-end=\"1395\">\u00b110\u202f%<\/td>\n<td data-col-size=\"sm\" data-start=\"1395\" data-end=\"1431\">\u00b10,5\u202f\u00b0C (\u201310\u202f\u00b0C bis +85\u202f\u00b0C)<\/td>\n<\/tr>\n<tr data-start=\"1432\" data-end=\"1528\">\n<td data-start=\"1432\" data-end=\"1463\" data-col-size=\"sm\"><strong data-start=\"1434\" data-end=\"1457\">Versorgungsspannung<\/strong><\/td>\n<td data-col-size=\"sm\" data-start=\"1463\" data-end=\"1492\">3,6 \u2013 30\u202fV<\/td>\n<td data-col-size=\"sm\" data-start=\"1492\" data-end=\"1528\">3,6 \u2013 30\u202fV<\/td>\n<\/tr>\n<tr data-start=\"1529\" data-end=\"1625\">\n<td data-start=\"1529\" data-end=\"1560\" data-col-size=\"sm\"><strong data-start=\"1531\" data-end=\"1544\">Aufl\u00f6sung<\/strong><\/td>\n<td data-col-size=\"sm\" data-start=\"1560\" data-end=\"1589\">1 cb<\/td>\n<td data-col-size=\"sm\" data-start=\"1589\" data-end=\"1625\">0,1\u202f\u00b0C<\/td>\n<\/tr>\n<tr data-start=\"1626\" data-end=\"1722\">\n<td data-start=\"1626\" data-end=\"1657\" data-col-size=\"sm\"><strong data-start=\"1628\" data-end=\"1643\">Messbereich<\/strong><\/td>\n<td data-col-size=\"sm\" data-start=\"1657\" data-end=\"1686\">0 \u2013 200 cb<\/td>\n<td data-col-size=\"sm\" data-start=\"1686\" data-end=\"1722\">\u201310\u202f\u00b0C bis +85\u202f\u00b0C<\/td>\n<\/tr>\n<tr data-start=\"1723\" data-end=\"1792\">\n<td data-start=\"1723\" data-end=\"1754\" data-col-size=\"sm\"><strong data-start=\"1725\" data-end=\"1741\">Kalibrierung<\/strong><\/td>\n<td data-col-size=\"sm\" data-start=\"1754\" data-end=\"1792\">F\u00fcr den Au\u00dfeneinsatz vorkalibriert<\/td>\n<td data-col-size=\"sm\"><\/td>\n<\/tr>\n<tr data-start=\"1793\" data-end=\"1889\">\n<td data-start=\"1793\" data-end=\"1824\" data-col-size=\"sm\"><strong data-start=\"1795\" data-end=\"1817\">Betriebstemperatur<\/strong><\/td>\n<td data-col-size=\"sm\" data-start=\"1824\" data-end=\"1853\">0\u202f\u00b0C bis 30\u202f\u00b0C<\/td>\n<td data-col-size=\"sm\" data-start=\"1853\" data-end=\"1889\">\u201310\u202f\u00b0C bis +85\u202f\u00b0C<\/td>\n<\/tr>\n<tr data-start=\"1890\" data-end=\"1986\">\n<td data-start=\"1890\" data-end=\"1921\" data-col-size=\"sm\"><strong data-start=\"1892\" data-end=\"1906\">Kabell\u00e4nge<\/strong><\/td>\n<td data-col-size=\"sm\" data-start=\"1921\" data-end=\"1950\">5\u202fm<\/td>\n<td data-col-size=\"sm\" data-start=\"1950\" data-end=\"1986\">5\u202fm<\/td>\n<\/tr>\n<tr data-start=\"1987\" data-end=\"2050\">\n<td data-start=\"1987\" data-end=\"2018\" data-col-size=\"sm\"><strong data-start=\"1989\" data-end=\"2002\">Anschluss<\/strong><\/td>\n<td data-col-size=\"sm\" data-start=\"2018\" data-end=\"2050\">3,5\u202fmm Stereo-Klinkenstecker<\/td>\n<td data-col-size=\"sm\"><\/td>\n<\/tr>\n<tr data-start=\"2051\" data-end=\"2147\">\n<td data-start=\"2051\" data-end=\"2082\" data-col-size=\"sm\"><strong data-start=\"2053\" data-end=\"2068\">Sensorgr\u00f6\u00dfe<\/strong><\/td>\n<td data-col-size=\"sm\" data-start=\"2082\" data-end=\"2111\">2,2 \u00d7 20\u202fcm<\/td>\n<td data-col-size=\"sm\" data-start=\"2111\" data-end=\"2147\">2,2 \u00d7 20\u202fcm<\/td>\n<\/tr>\n<\/tbody>\n<\/table>\n<\/div>\n<\/div>\n<p>&nbsp;<\/p>\n","protected":false},"excerpt":{"rendered":"<p>Der Bodenfeuchte- und Bodentemperatursensor WP4 kombiniert die patentierte Watermark-Sonde mit der integrierten Elektronik der Firma Pinova d.o.o.. Nach dem Einbau in den Boden tauscht der Sensor Wasser mit seiner Umgebung aus und bleibt mit dem Erdreich im Gleichgewicht. Mithilfe der integrierten Elektronik wandelt der Sensor den elektrischen Widerstand zwischen den Elektroden in eine temperaturkompensierte Ausgangsspannung [&hellip;]<\/p>\n","protected":false},"featured_media":4274,"comment_status":"open","ping_status":"closed","template":"","meta":{"_et_pb_use_builder":"","_et_pb_old_content":"","_et_gb_content_width":""},"product_cat":[91,87],"product_tag":[],"class_list":{"0":"post-4273","1":"product","2":"type-product","3":"status-publish","4":"has-post-thumbnail","6":"product_cat-boden","7":"product_cat-sensoren","9":"first","10":"instock","11":"shipping-taxable","12":"product-type-simple"},"yoast_head":"<!-- This site is optimized with the Yoast SEO plugin v23.0 - https:\/\/yoast.com\/wordpress\/plugins\/seo\/ -->\n<title>Sensor f\u00fcr Bodenfeuchte und Bodentemperatur (WP4) - Pinova Meteo<\/title>\n<meta name=\"description\" content=\"Der Bodenfeuchte- und Bodentemperatursensor WP4 kombiniert die patentierte Watermark-Sonde mit der integrierten Elektronik der Firma Pinova d.o.o....\" \/>\n<meta name=\"robots\" content=\"index, follow, max-snippet:-1, max-image-preview:large, max-video-preview:-1\" \/>\n<link rel=\"canonical\" href=\"https:\/\/pinova-meteo.com\/de\/produkt\/sensor-fur-bodenfeuchte-und-bodentemperatur-wp4\" \/>\n<meta property=\"og:locale\" content=\"de_DE\" \/>\n<meta property=\"og:type\" content=\"article\" \/>\n<meta property=\"og:title\" content=\"Sensor f\u00fcr Bodenfeuchte und Bodentemperatur (WP4) - Pinova Meteo\" \/>\n<meta property=\"og:description\" content=\"Der Bodenfeuchte- und Bodentemperatursensor WP4 kombiniert die patentierte Watermark-Sonde mit der integrierten Elektronik der Firma Pinova d.o.o....\" \/>\n<meta property=\"og:url\" content=\"https:\/\/pinova-meteo.com\/de\/produkt\/sensor-fur-bodenfeuchte-und-bodentemperatur-wp4\" \/>\n<meta property=\"og:site_name\" content=\"Pinova Meteo\" \/>\n<meta property=\"article:modified_time\" content=\"2025-07-28T06:23:38+00:00\" \/>\n<meta property=\"og:image\" content=\"https:\/\/pinova-meteo.com\/wp-content\/uploads\/2024\/05\/Senzor-vlage-i-temperature-tla-1.jpg\" \/>\n\t<meta property=\"og:image:width\" content=\"1920\" \/>\n\t<meta property=\"og:image:height\" content=\"600\" \/>\n\t<meta property=\"og:image:type\" content=\"image\/jpeg\" \/>\n<meta name=\"twitter:card\" content=\"summary_large_image\" \/>\n<meta name=\"twitter:label1\" content=\"Gesch\u00e4tzte Lesezeit\" \/>\n\t<meta name=\"twitter:data1\" content=\"2\u00a0Minuten\" \/>\n<script type=\"application\/ld+json\" class=\"yoast-schema-graph\">{\"@context\":\"https:\/\/schema.org\",\"@graph\":[{\"@type\":\"WebPage\",\"@id\":\"https:\/\/pinova-meteo.com\/de\/produkt\/sensor-fur-bodenfeuchte-und-bodentemperatur-wp4\",\"url\":\"https:\/\/pinova-meteo.com\/de\/produkt\/sensor-fur-bodenfeuchte-und-bodentemperatur-wp4\",\"name\":\"Sensor f\u00fcr Bodenfeuchte und Bodentemperatur (WP4) - Pinova Meteo\",\"isPartOf\":{\"@id\":\"https:\/\/pinova-meteo.com\/de#website\"},\"primaryImageOfPage\":{\"@id\":\"https:\/\/pinova-meteo.com\/de\/produkt\/sensor-fur-bodenfeuchte-und-bodentemperatur-wp4#primaryimage\"},\"image\":{\"@id\":\"https:\/\/pinova-meteo.com\/de\/produkt\/sensor-fur-bodenfeuchte-und-bodentemperatur-wp4#primaryimage\"},\"thumbnailUrl\":\"https:\/\/pinova-meteo.com\/wp-content\/uploads\/2024\/05\/Senzor-vlage-i-temperature-tla-1.jpg\",\"datePublished\":\"2024-05-28T13:59:26+00:00\",\"dateModified\":\"2025-07-28T06:23:38+00:00\",\"description\":\"Der Bodenfeuchte- und Bodentemperatursensor WP4 kombiniert die patentierte Watermark-Sonde mit der integrierten Elektronik der Firma Pinova d.o.o....\",\"breadcrumb\":{\"@id\":\"https:\/\/pinova-meteo.com\/de\/produkt\/sensor-fur-bodenfeuchte-und-bodentemperatur-wp4#breadcrumb\"},\"inLanguage\":\"de\",\"potentialAction\":[{\"@type\":\"ReadAction\",\"target\":[\"https:\/\/pinova-meteo.com\/de\/produkt\/sensor-fur-bodenfeuchte-und-bodentemperatur-wp4\"]}]},{\"@type\":\"ImageObject\",\"inLanguage\":\"de\",\"@id\":\"https:\/\/pinova-meteo.com\/de\/produkt\/sensor-fur-bodenfeuchte-und-bodentemperatur-wp4#primaryimage\",\"url\":\"https:\/\/pinova-meteo.com\/wp-content\/uploads\/2024\/05\/Senzor-vlage-i-temperature-tla-1.jpg\",\"contentUrl\":\"https:\/\/pinova-meteo.com\/wp-content\/uploads\/2024\/05\/Senzor-vlage-i-temperature-tla-1.jpg\",\"width\":1920,\"height\":600},{\"@type\":\"BreadcrumbList\",\"@id\":\"https:\/\/pinova-meteo.com\/de\/produkt\/sensor-fur-bodenfeuchte-und-bodentemperatur-wp4#breadcrumb\",\"itemListElement\":[{\"@type\":\"ListItem\",\"position\":1,\"name\":\"Po\u010detna stranica\",\"item\":\"https:\/\/pinova-meteo.com\/de\"},{\"@type\":\"ListItem\",\"position\":2,\"name\":\"Trgovina\",\"item\":\"https:\/\/pinova-meteo.com\/?page_id=7\"},{\"@type\":\"ListItem\",\"position\":3,\"name\":\"Sensor f\u00fcr Bodenfeuchte und Bodentemperatur (WP4)\"}]},{\"@type\":\"WebSite\",\"@id\":\"https:\/\/pinova-meteo.com\/de#website\",\"url\":\"https:\/\/pinova-meteo.com\/de\",\"name\":\"Pinova Meteo\",\"description\":\"\",\"potentialAction\":[{\"@type\":\"SearchAction\",\"target\":{\"@type\":\"EntryPoint\",\"urlTemplate\":\"https:\/\/pinova-meteo.com\/de?s={search_term_string}\"},\"query-input\":\"required name=search_term_string\"}],\"inLanguage\":\"de\"}]}<\/script>\n<!-- \/ Yoast SEO plugin. -->","yoast_head_json":{"title":"Sensor f\u00fcr Bodenfeuchte und Bodentemperatur (WP4) - Pinova Meteo","description":"Der Bodenfeuchte- und Bodentemperatursensor WP4 kombiniert die patentierte Watermark-Sonde mit der integrierten Elektronik der Firma Pinova d.o.o....","robots":{"index":"index","follow":"follow","max-snippet":"max-snippet:-1","max-image-preview":"max-image-preview:large","max-video-preview":"max-video-preview:-1"},"canonical":"https:\/\/pinova-meteo.com\/de\/produkt\/sensor-fur-bodenfeuchte-und-bodentemperatur-wp4","og_locale":"de_DE","og_type":"article","og_title":"Sensor f\u00fcr Bodenfeuchte und Bodentemperatur (WP4) - Pinova Meteo","og_description":"Der Bodenfeuchte- und Bodentemperatursensor WP4 kombiniert die patentierte Watermark-Sonde mit der integrierten Elektronik der Firma Pinova d.o.o....","og_url":"https:\/\/pinova-meteo.com\/de\/produkt\/sensor-fur-bodenfeuchte-und-bodentemperatur-wp4","og_site_name":"Pinova Meteo","article_modified_time":"2025-07-28T06:23:38+00:00","og_image":[{"width":1920,"height":600,"url":"https:\/\/pinova-meteo.com\/wp-content\/uploads\/2024\/05\/Senzor-vlage-i-temperature-tla-1.jpg","type":"image\/jpeg"}],"twitter_card":"summary_large_image","twitter_misc":{"Gesch\u00e4tzte Lesezeit":"2\u00a0Minuten"},"schema":{"@context":"https:\/\/schema.org","@graph":[{"@type":"WebPage","@id":"https:\/\/pinova-meteo.com\/de\/produkt\/sensor-fur-bodenfeuchte-und-bodentemperatur-wp4","url":"https:\/\/pinova-meteo.com\/de\/produkt\/sensor-fur-bodenfeuchte-und-bodentemperatur-wp4","name":"Sensor f\u00fcr Bodenfeuchte und Bodentemperatur (WP4) - Pinova Meteo","isPartOf":{"@id":"https:\/\/pinova-meteo.com\/de#website"},"primaryImageOfPage":{"@id":"https:\/\/pinova-meteo.com\/de\/produkt\/sensor-fur-bodenfeuchte-und-bodentemperatur-wp4#primaryimage"},"image":{"@id":"https:\/\/pinova-meteo.com\/de\/produkt\/sensor-fur-bodenfeuchte-und-bodentemperatur-wp4#primaryimage"},"thumbnailUrl":"https:\/\/pinova-meteo.com\/wp-content\/uploads\/2024\/05\/Senzor-vlage-i-temperature-tla-1.jpg","datePublished":"2024-05-28T13:59:26+00:00","dateModified":"2025-07-28T06:23:38+00:00","description":"Der Bodenfeuchte- und Bodentemperatursensor WP4 kombiniert die patentierte Watermark-Sonde mit der integrierten Elektronik der Firma Pinova d.o.o....","breadcrumb":{"@id":"https:\/\/pinova-meteo.com\/de\/produkt\/sensor-fur-bodenfeuchte-und-bodentemperatur-wp4#breadcrumb"},"inLanguage":"de","potentialAction":[{"@type":"ReadAction","target":["https:\/\/pinova-meteo.com\/de\/produkt\/sensor-fur-bodenfeuchte-und-bodentemperatur-wp4"]}]},{"@type":"ImageObject","inLanguage":"de","@id":"https:\/\/pinova-meteo.com\/de\/produkt\/sensor-fur-bodenfeuchte-und-bodentemperatur-wp4#primaryimage","url":"https:\/\/pinova-meteo.com\/wp-content\/uploads\/2024\/05\/Senzor-vlage-i-temperature-tla-1.jpg","contentUrl":"https:\/\/pinova-meteo.com\/wp-content\/uploads\/2024\/05\/Senzor-vlage-i-temperature-tla-1.jpg","width":1920,"height":600},{"@type":"BreadcrumbList","@id":"https:\/\/pinova-meteo.com\/de\/produkt\/sensor-fur-bodenfeuchte-und-bodentemperatur-wp4#breadcrumb","itemListElement":[{"@type":"ListItem","position":1,"name":"Po\u010detna stranica","item":"https:\/\/pinova-meteo.com\/de"},{"@type":"ListItem","position":2,"name":"Trgovina","item":"https:\/\/pinova-meteo.com\/?page_id=7"},{"@type":"ListItem","position":3,"name":"Sensor f\u00fcr Bodenfeuchte und Bodentemperatur (WP4)"}]},{"@type":"WebSite","@id":"https:\/\/pinova-meteo.com\/de#website","url":"https:\/\/pinova-meteo.com\/de","name":"Pinova Meteo","description":"","potentialAction":[{"@type":"SearchAction","target":{"@type":"EntryPoint","urlTemplate":"https:\/\/pinova-meteo.com\/de?s={search_term_string}"},"query-input":"required name=search_term_string"}],"inLanguage":"de"}]}},"_links":{"self":[{"href":"https:\/\/pinova-meteo.com\/de\/wp-json\/wp\/v2\/product\/4273","targetHints":{"allow":["GET"]}}],"collection":[{"href":"https:\/\/pinova-meteo.com\/de\/wp-json\/wp\/v2\/product"}],"about":[{"href":"https:\/\/pinova-meteo.com\/de\/wp-json\/wp\/v2\/types\/product"}],"replies":[{"embeddable":true,"href":"https:\/\/pinova-meteo.com\/de\/wp-json\/wp\/v2\/comments?post=4273"}],"wp:featuredmedia":[{"embeddable":true,"href":"https:\/\/pinova-meteo.com\/de\/wp-json\/wp\/v2\/media\/4274"}],"wp:attachment":[{"href":"https:\/\/pinova-meteo.com\/de\/wp-json\/wp\/v2\/media?parent=4273"}],"wp:term":[{"taxonomy":"product_cat","embeddable":true,"href":"https:\/\/pinova-meteo.com\/de\/wp-json\/wp\/v2\/product_cat?post=4273"},{"taxonomy":"product_tag","embeddable":true,"href":"https:\/\/pinova-meteo.com\/de\/wp-json\/wp\/v2\/product_tag?post=4273"}],"curies":[{"name":"wp","href":"https:\/\/api.w.org\/{rel}","templated":true}]}}