{"id":4275,"date":"2024-05-28T15:59:06","date_gmt":"2024-05-28T13:59:06","guid":{"rendered":"https:\/\/pinova-meteo.com\/proizvod\/senzor-vlage-tla-wp3"},"modified":"2025-07-28T08:21:35","modified_gmt":"2025-07-28T06:21:35","slug":"bodenfeuchtesensor-wp3","status":"publish","type":"product","link":"https:\/\/pinova-meteo.com\/de\/produkt\/bodenfeuchtesensor-wp3","title":{"rendered":"Bodenfeuchtesensor (WP3)"},"content":{"rendered":"<p data-start=\"39\" data-end=\"374\">Der <strong data-start=\"43\" data-end=\"65\">Bodenfeuchtesensor<\/strong> ist eine Innovation der Firma <strong data-start=\"96\" data-end=\"113\">Pinova d.o.o.<\/strong>, bei der eine <strong data-start=\"128\" data-end=\"159\">patentierte Watermark-Sonde<\/strong> mit <strong data-start=\"164\" data-end=\"209\">integrierter Elektronik von Pinova d.o.o.<\/strong> kombiniert wird. Nach dem Einbau in den Boden tauscht der Sensor Wasser mit seiner Umgebung aus und erreicht ein stabiles Gleichgewicht mit dem umgebenden Erdreich.<\/p>\n<p data-start=\"376\" data-end=\"621\">Mithilfe seiner integrierten Elektronik wandelt der Sensor den elektrischen Widerstand zwischen den Elektroden in eine <strong data-start=\"495\" data-end=\"525\">spannungsgeregelte Ausgabe<\/strong> um, die <strong data-start=\"534\" data-end=\"559\">temperaturkompensiert<\/strong> und direkt <strong data-start=\"571\" data-end=\"616\">proportional zum Wasserpotenzial im Boden<\/strong> ist.<\/p>\n<p data-start=\"623\" data-end=\"849\">Dieser Ausgangswert wird von der <strong data-start=\"656\" data-end=\"680\">Pinova Meteo Station<\/strong> in <strong data-start=\"684\" data-end=\"701\">Zentibar (cb)<\/strong> angezeigt. Der angezeigte Wert entspricht der Energie, die eine Pflanze \u00fcber ihr Wurzelsystem aufbringen muss, um Wasser aus dem Boden aufzunehmen.<\/p>\n<hr data-start=\"851\" data-end=\"854\" \/>\n<h3 data-start=\"856\" data-end=\"889\">Wann sollte bew\u00e4ssert werden?<\/h3>\n<ul data-start=\"891\" data-end=\"1344\">\n<li data-start=\"891\" data-end=\"944\">\n<p data-start=\"893\" data-end=\"944\"><strong data-start=\"893\" data-end=\"907\">0 \u2013 10 cb:<\/strong> Boden ist gut mit Wasser ges\u00e4ttigt<\/p>\n<\/li>\n<li data-start=\"945\" data-end=\"1098\">\n<p data-start=\"947\" data-end=\"1098\"><strong data-start=\"947\" data-end=\"962\">10 \u2013 30 cb:<\/strong> Boden enth\u00e4lt ausreichend Wasser f\u00fcr normales Pflanzenwachstum (bei sandigen B\u00f6den kann ab etwa 30 cb bereits Wassermangel auftreten)<\/p>\n<\/li>\n<li data-start=\"1099\" data-end=\"1200\">\n<p data-start=\"1101\" data-end=\"1200\"><strong data-start=\"1101\" data-end=\"1116\">30 \u2013 60 cb:<\/strong> Typische Werte, bei denen Bew\u00e4sserung erforderlich ist (au\u00dfer bei schweren B\u00f6den)<\/p>\n<\/li>\n<li data-start=\"1201\" data-end=\"1280\">\n<p data-start=\"1203\" data-end=\"1280\"><strong data-start=\"1203\" data-end=\"1219\">60 \u2013 100 cb:<\/strong> Typische Schwellenwerte zur Bew\u00e4sserung bei schweren B\u00f6den<\/p>\n<\/li>\n<li data-start=\"1281\" data-end=\"1344\">\n<p data-start=\"1283\" data-end=\"1344\"><strong data-start=\"1283\" data-end=\"1300\">100 \u2013 200 cb:<\/strong> Boden ist zu trocken f\u00fcr maximale Ertr\u00e4ge<\/p>\n<\/li>\n<\/ul>\n<p data-start=\"1346\" data-end=\"1401\"><em data-start=\"1346\" data-end=\"1401\">Mehr zur Bestimmung der Bodenfeuchte finden Sie hier!<\/em><\/p>\n<hr data-start=\"1403\" data-end=\"1406\" \/>\n<h3 data-start=\"1408\" data-end=\"1458\">Technische Daten des Bodenfeuchtesensors (WP3)<\/h3>\n<ul data-start=\"1460\" data-end=\"1881\">\n<li data-start=\"1460\" data-end=\"1486\">\n<p data-start=\"1462\" data-end=\"1486\"><strong data-start=\"1462\" data-end=\"1478\">Genauigkeit:<\/strong> \u00b110\u202f%<\/p>\n<\/li>\n<li data-start=\"1487\" data-end=\"1526\">\n<p data-start=\"1489\" data-end=\"1526\"><strong data-start=\"1489\" data-end=\"1513\">Versorgungsspannung:<\/strong> 3,6 \u2013 30\u202fV<\/p>\n<\/li>\n<li data-start=\"1527\" data-end=\"1550\">\n<p data-start=\"1529\" data-end=\"1550\"><strong data-start=\"1529\" data-end=\"1543\">Aufl\u00f6sung:<\/strong> 1 cb<\/p>\n<\/li>\n<li data-start=\"1551\" data-end=\"1580\">\n<p data-start=\"1553\" data-end=\"1580\"><strong data-start=\"1553\" data-end=\"1571\">Wandlungszeit:<\/strong> 400\u202fms<\/p>\n<\/li>\n<li data-start=\"1581\" data-end=\"1614\">\n<p data-start=\"1583\" data-end=\"1614\"><strong data-start=\"1583\" data-end=\"1599\">Messbereich:<\/strong> 0 bis 200 cb<\/p>\n<\/li>\n<li data-start=\"1615\" data-end=\"1685\">\n<p data-start=\"1617\" data-end=\"1685\"><strong data-start=\"1617\" data-end=\"1634\">Kalibrierung:<\/strong> Sensoren sind f\u00fcr den Au\u00dfeneinsatz vorkalibriert<\/p>\n<\/li>\n<li data-start=\"1686\" data-end=\"1728\">\n<p data-start=\"1688\" data-end=\"1728\"><strong data-start=\"1688\" data-end=\"1711\">Betriebstemperatur:<\/strong> 0\u202f\u00b0C bis 30\u202f\u00b0C<\/p>\n<\/li>\n<li data-start=\"1729\" data-end=\"1752\">\n<p data-start=\"1731\" data-end=\"1752\"><strong data-start=\"1731\" data-end=\"1746\">Kabell\u00e4nge:<\/strong> 5\u202fm<\/p>\n<\/li>\n<li data-start=\"1753\" data-end=\"1800\">\n<p data-start=\"1755\" data-end=\"1800\"><strong data-start=\"1755\" data-end=\"1769\">Anschluss:<\/strong> 3,5\u202fmm Stereo-Klinkenstecker<\/p>\n<\/li>\n<li data-start=\"1801\" data-end=\"1833\">\n<p data-start=\"1803\" data-end=\"1833\"><strong data-start=\"1803\" data-end=\"1819\">Sensorgr\u00f6\u00dfe:<\/strong> 2,2 \u00d7 20\u202fcm<\/p>\n<\/li>\n<li data-start=\"1834\" data-end=\"1881\">\n<p data-start=\"1836\" data-end=\"1881\"><strong data-start=\"1836\" data-end=\"1849\">Garantie:<\/strong> 1 Jahr auf Teile und Funktion<\/p>\n<\/li>\n<\/ul>\n","protected":false},"excerpt":{"rendered":"<p>Der Bodenfeuchtesensor ist eine Innovation der Firma Pinova d.o.o., bei der eine patentierte Watermark-Sonde mit integrierter Elektronik von Pinova d.o.o. kombiniert wird. Nach dem Einbau in den Boden tauscht der Sensor Wasser mit seiner Umgebung aus und erreicht ein stabiles Gleichgewicht mit dem umgebenden Erdreich. Mithilfe seiner integrierten Elektronik wandelt der Sensor den elektrischen Widerstand [&hellip;]<\/p>\n","protected":false},"featured_media":4276,"comment_status":"open","ping_status":"closed","template":"","meta":{"_et_pb_use_builder":"off","_et_pb_old_content":"Senzora vlage tla je inovacija tvrtke Pinova d.o.o. koja \u00a0objedinjuje patentiranu Watermark sondu, s integriranom elektronikom tvrtke Pinova d.o.o. Jednom postavljen u zemlju, razmjenjuje vodu sa svojom okolinom(zemljom) i ostaje sa njom u ravnote\u017ei. Senzor vlage tla pomo\u0107u svoje integrirane elektronike pretvara otpor izme\u0111u elektroda u izlazni napon koji je temperaturno kompenziran i direktno proporcionalan napetosti vode u tlu.\r\n\r\nTaj izlazni napon, PinovaMeteo stanica prikazuje kao vrijednost u centibarima, a ta vrijednost predstavlja ekvivalent energiju biljke, koju korijenov sustav koristi pri izvla\u010denju \u00a0vode iz tla.\r\n\r\n<strong>KADA KRENUTI U NAVODNJAVANJE?<\/strong>\r\n\r\n0 \u2013 10 cb\u00a0 = Tlo dobro saturirano vodom\r\n\r\n10 \u2013 30 cb = Tlo sadr\u017ei adekvatnu koli\u010dinu\u00a0 vodu za normalan rast i razvoj biljke\u00a0 (osim kod pjeskovitih tla, kod kojih se na oko 30\u00a0 \u00a0 \u00a0 \u00a0 \u00a0 \u00a0 \u00a0 \u00a0 \u00a0 \u00a0 \u00a0 \u00a0 \u00a0 \u00a0cb po\u010dinje javljati deficit vode)\r\n\r\n30 \u2013 60 cb = Uobi\u010dajene vrijednosti kada je potrebno navodnjavati (Osim kod te\u0161kih tla)\r\n\r\n60 \u2013 100 cb = Uobi\u010dajene vrijednosti kada je potrebno navodnjavati te\u0161ka tla\r\n\r\n100 \u2013 200 cb = Tlo postaje presuho za maksimalne prinose\r\n\r\n\u00a0\r\n\r\n<strong>Tehni\u010dke karakteristike senzora vlage tla (WP3)<\/strong>\r\n<table border=\"1\" cellspacing=\"0\" cellpadding=\"0\" align=\"center\">\r\n<tbody>\r\n<tr>\r\n<td>To\u010dnost<\/td>\r\n<td>\u00b1 10%<\/td>\r\n<\/tr>\r\n<tr>\r\n<td>Napajanje<\/td>\r\n<td>3,6 \u2013 30 V<\/td>\r\n<\/tr>\r\n<tr>\r\n<td>Rezolucija<\/td>\r\n<td>1 cb<\/td>\r\n<\/tr>\r\n<tr>\r\n<td>Vrijeme konverzije<\/td>\r\n<td>400 ms<\/td>\r\n<\/tr>\r\n<tr>\r\n<td>Mjerni opseg<\/td>\r\n<td>0 do 200 cb<\/td>\r\n<\/tr>\r\n<tr>\r\n<td>Kalibracija i Konverzija<\/td>\r\n<td>Senzori su kalibrirani za vanjsku uporabu<\/td>\r\n<\/tr>\r\n<tr>\r\n<td>Radna okolina<\/td>\r\n<td>0 \u00b0 C do 30 \u00b0 C<\/td>\r\n<\/tr>\r\n<tr>\r\n<td>Duljina kabela<\/td>\r\n<td>5 m<\/td>\r\n<\/tr>\r\n<tr>\r\n<td>Vrsta kabela<\/td>\r\n<td>3,5 mm stereo\u00a0priklju\u010dak<\/td>\r\n<\/tr>\r\n<tr>\r\n<td>Dimenzije senzora<\/td>\r\n<td>2,2x20cm<\/td>\r\n<\/tr>\r\n<tr>\r\n<td>Jamstvo<\/td>\r\n<td>Godinu dana na rad i dijelove<\/td>\r\n<\/tr>\r\n<\/tbody>\r\n<\/table>","_et_gb_content_width":""},"product_cat":[91,87],"product_tag":[],"class_list":{"0":"post-4275","1":"product","2":"type-product","3":"status-publish","4":"has-post-thumbnail","6":"product_cat-boden","7":"product_cat-sensoren","9":"first","10":"instock","11":"shipping-taxable","12":"product-type-simple"},"yoast_head":"<!-- This site is optimized with the Yoast SEO plugin v23.0 - https:\/\/yoast.com\/wordpress\/plugins\/seo\/ -->\n<title>Bodenfeuchtesensor (WP3) - Pinova Meteo<\/title>\n<meta name=\"description\" content=\"Der Bodenfeuchtesensor ist eine Innovation der Firma Pinova d.o.o., bei der eine patentierte Watermark-Sonde mit integrierter Elektronik von Pinova d.o.o...\" \/>\n<meta name=\"robots\" content=\"index, follow, max-snippet:-1, max-image-preview:large, max-video-preview:-1\" \/>\n<link rel=\"canonical\" href=\"https:\/\/pinova-meteo.com\/de\/produkt\/bodenfeuchtesensor-wp3\" \/>\n<meta property=\"og:locale\" content=\"de_DE\" \/>\n<meta property=\"og:type\" content=\"article\" \/>\n<meta property=\"og:title\" content=\"Bodenfeuchtesensor (WP3) - Pinova Meteo\" \/>\n<meta property=\"og:description\" content=\"Der Bodenfeuchtesensor ist eine Innovation der Firma Pinova d.o.o., bei der eine patentierte Watermark-Sonde mit integrierter Elektronik von Pinova d.o.o...\" \/>\n<meta property=\"og:url\" content=\"https:\/\/pinova-meteo.com\/de\/produkt\/bodenfeuchtesensor-wp3\" \/>\n<meta property=\"og:site_name\" content=\"Pinova Meteo\" \/>\n<meta property=\"article:modified_time\" content=\"2025-07-28T06:21:35+00:00\" \/>\n<meta property=\"og:image\" content=\"https:\/\/pinova-meteo.com\/wp-content\/uploads\/2024\/05\/Senzor-vlage-tla-1.jpg\" \/>\n\t<meta property=\"og:image:width\" content=\"1920\" \/>\n\t<meta property=\"og:image:height\" content=\"600\" \/>\n\t<meta property=\"og:image:type\" content=\"image\/jpeg\" \/>\n<meta name=\"twitter:card\" content=\"summary_large_image\" \/>\n<meta name=\"twitter:label1\" content=\"Gesch\u00e4tzte Lesezeit\" \/>\n\t<meta name=\"twitter:data1\" content=\"2\u00a0Minuten\" \/>\n<script type=\"application\/ld+json\" class=\"yoast-schema-graph\">{\"@context\":\"https:\/\/schema.org\",\"@graph\":[{\"@type\":\"WebPage\",\"@id\":\"https:\/\/pinova-meteo.com\/de\/produkt\/bodenfeuchtesensor-wp3\",\"url\":\"https:\/\/pinova-meteo.com\/de\/produkt\/bodenfeuchtesensor-wp3\",\"name\":\"Bodenfeuchtesensor (WP3) - Pinova Meteo\",\"isPartOf\":{\"@id\":\"https:\/\/pinova-meteo.com\/de#website\"},\"primaryImageOfPage\":{\"@id\":\"https:\/\/pinova-meteo.com\/de\/produkt\/bodenfeuchtesensor-wp3#primaryimage\"},\"image\":{\"@id\":\"https:\/\/pinova-meteo.com\/de\/produkt\/bodenfeuchtesensor-wp3#primaryimage\"},\"thumbnailUrl\":\"https:\/\/pinova-meteo.com\/wp-content\/uploads\/2024\/05\/Senzor-vlage-tla-1.jpg\",\"datePublished\":\"2024-05-28T13:59:06+00:00\",\"dateModified\":\"2025-07-28T06:21:35+00:00\",\"description\":\"Der Bodenfeuchtesensor ist eine Innovation der Firma Pinova d.o.o., bei der eine patentierte Watermark-Sonde mit integrierter Elektronik von Pinova d.o.o...\",\"breadcrumb\":{\"@id\":\"https:\/\/pinova-meteo.com\/de\/produkt\/bodenfeuchtesensor-wp3#breadcrumb\"},\"inLanguage\":\"de\",\"potentialAction\":[{\"@type\":\"ReadAction\",\"target\":[\"https:\/\/pinova-meteo.com\/de\/produkt\/bodenfeuchtesensor-wp3\"]}]},{\"@type\":\"ImageObject\",\"inLanguage\":\"de\",\"@id\":\"https:\/\/pinova-meteo.com\/de\/produkt\/bodenfeuchtesensor-wp3#primaryimage\",\"url\":\"https:\/\/pinova-meteo.com\/wp-content\/uploads\/2024\/05\/Senzor-vlage-tla-1.jpg\",\"contentUrl\":\"https:\/\/pinova-meteo.com\/wp-content\/uploads\/2024\/05\/Senzor-vlage-tla-1.jpg\",\"width\":1920,\"height\":600},{\"@type\":\"BreadcrumbList\",\"@id\":\"https:\/\/pinova-meteo.com\/de\/produkt\/bodenfeuchtesensor-wp3#breadcrumb\",\"itemListElement\":[{\"@type\":\"ListItem\",\"position\":1,\"name\":\"Po\u010detna stranica\",\"item\":\"https:\/\/pinova-meteo.com\/de\"},{\"@type\":\"ListItem\",\"position\":2,\"name\":\"Trgovina\",\"item\":\"https:\/\/pinova-meteo.com\/?page_id=7\"},{\"@type\":\"ListItem\",\"position\":3,\"name\":\"Bodenfeuchtesensor (WP3)\"}]},{\"@type\":\"WebSite\",\"@id\":\"https:\/\/pinova-meteo.com\/de#website\",\"url\":\"https:\/\/pinova-meteo.com\/de\",\"name\":\"Pinova Meteo\",\"description\":\"\",\"potentialAction\":[{\"@type\":\"SearchAction\",\"target\":{\"@type\":\"EntryPoint\",\"urlTemplate\":\"https:\/\/pinova-meteo.com\/de?s={search_term_string}\"},\"query-input\":\"required name=search_term_string\"}],\"inLanguage\":\"de\"}]}<\/script>\n<!-- \/ Yoast SEO plugin. -->","yoast_head_json":{"title":"Bodenfeuchtesensor (WP3) - Pinova Meteo","description":"Der Bodenfeuchtesensor ist eine Innovation der Firma Pinova d.o.o., bei der eine patentierte Watermark-Sonde mit integrierter Elektronik von Pinova d.o.o...","robots":{"index":"index","follow":"follow","max-snippet":"max-snippet:-1","max-image-preview":"max-image-preview:large","max-video-preview":"max-video-preview:-1"},"canonical":"https:\/\/pinova-meteo.com\/de\/produkt\/bodenfeuchtesensor-wp3","og_locale":"de_DE","og_type":"article","og_title":"Bodenfeuchtesensor (WP3) - Pinova Meteo","og_description":"Der Bodenfeuchtesensor ist eine Innovation der Firma Pinova d.o.o., bei der eine patentierte Watermark-Sonde mit integrierter Elektronik von Pinova d.o.o...","og_url":"https:\/\/pinova-meteo.com\/de\/produkt\/bodenfeuchtesensor-wp3","og_site_name":"Pinova Meteo","article_modified_time":"2025-07-28T06:21:35+00:00","og_image":[{"width":1920,"height":600,"url":"https:\/\/pinova-meteo.com\/wp-content\/uploads\/2024\/05\/Senzor-vlage-tla-1.jpg","type":"image\/jpeg"}],"twitter_card":"summary_large_image","twitter_misc":{"Gesch\u00e4tzte Lesezeit":"2\u00a0Minuten"},"schema":{"@context":"https:\/\/schema.org","@graph":[{"@type":"WebPage","@id":"https:\/\/pinova-meteo.com\/de\/produkt\/bodenfeuchtesensor-wp3","url":"https:\/\/pinova-meteo.com\/de\/produkt\/bodenfeuchtesensor-wp3","name":"Bodenfeuchtesensor (WP3) - Pinova Meteo","isPartOf":{"@id":"https:\/\/pinova-meteo.com\/de#website"},"primaryImageOfPage":{"@id":"https:\/\/pinova-meteo.com\/de\/produkt\/bodenfeuchtesensor-wp3#primaryimage"},"image":{"@id":"https:\/\/pinova-meteo.com\/de\/produkt\/bodenfeuchtesensor-wp3#primaryimage"},"thumbnailUrl":"https:\/\/pinova-meteo.com\/wp-content\/uploads\/2024\/05\/Senzor-vlage-tla-1.jpg","datePublished":"2024-05-28T13:59:06+00:00","dateModified":"2025-07-28T06:21:35+00:00","description":"Der Bodenfeuchtesensor ist eine Innovation der Firma Pinova d.o.o., bei der eine patentierte Watermark-Sonde mit integrierter Elektronik von Pinova d.o.o...","breadcrumb":{"@id":"https:\/\/pinova-meteo.com\/de\/produkt\/bodenfeuchtesensor-wp3#breadcrumb"},"inLanguage":"de","potentialAction":[{"@type":"ReadAction","target":["https:\/\/pinova-meteo.com\/de\/produkt\/bodenfeuchtesensor-wp3"]}]},{"@type":"ImageObject","inLanguage":"de","@id":"https:\/\/pinova-meteo.com\/de\/produkt\/bodenfeuchtesensor-wp3#primaryimage","url":"https:\/\/pinova-meteo.com\/wp-content\/uploads\/2024\/05\/Senzor-vlage-tla-1.jpg","contentUrl":"https:\/\/pinova-meteo.com\/wp-content\/uploads\/2024\/05\/Senzor-vlage-tla-1.jpg","width":1920,"height":600},{"@type":"BreadcrumbList","@id":"https:\/\/pinova-meteo.com\/de\/produkt\/bodenfeuchtesensor-wp3#breadcrumb","itemListElement":[{"@type":"ListItem","position":1,"name":"Po\u010detna stranica","item":"https:\/\/pinova-meteo.com\/de"},{"@type":"ListItem","position":2,"name":"Trgovina","item":"https:\/\/pinova-meteo.com\/?page_id=7"},{"@type":"ListItem","position":3,"name":"Bodenfeuchtesensor (WP3)"}]},{"@type":"WebSite","@id":"https:\/\/pinova-meteo.com\/de#website","url":"https:\/\/pinova-meteo.com\/de","name":"Pinova Meteo","description":"","potentialAction":[{"@type":"SearchAction","target":{"@type":"EntryPoint","urlTemplate":"https:\/\/pinova-meteo.com\/de?s={search_term_string}"},"query-input":"required name=search_term_string"}],"inLanguage":"de"}]}},"_links":{"self":[{"href":"https:\/\/pinova-meteo.com\/de\/wp-json\/wp\/v2\/product\/4275","targetHints":{"allow":["GET"]}}],"collection":[{"href":"https:\/\/pinova-meteo.com\/de\/wp-json\/wp\/v2\/product"}],"about":[{"href":"https:\/\/pinova-meteo.com\/de\/wp-json\/wp\/v2\/types\/product"}],"replies":[{"embeddable":true,"href":"https:\/\/pinova-meteo.com\/de\/wp-json\/wp\/v2\/comments?post=4275"}],"wp:featuredmedia":[{"embeddable":true,"href":"https:\/\/pinova-meteo.com\/de\/wp-json\/wp\/v2\/media\/4276"}],"wp:attachment":[{"href":"https:\/\/pinova-meteo.com\/de\/wp-json\/wp\/v2\/media?parent=4275"}],"wp:term":[{"taxonomy":"product_cat","embeddable":true,"href":"https:\/\/pinova-meteo.com\/de\/wp-json\/wp\/v2\/product_cat?post=4275"},{"taxonomy":"product_tag","embeddable":true,"href":"https:\/\/pinova-meteo.com\/de\/wp-json\/wp\/v2\/product_tag?post=4275"}],"curies":[{"name":"wp","href":"https:\/\/api.w.org\/{rel}","templated":true}]}}