{"id":4281,"date":"2024-05-28T15:56:56","date_gmt":"2024-05-28T13:56:56","guid":{"rendered":"https:\/\/pinova-meteo.com\/proizvod\/senzor-temperature-krosnje-lista-mtb20"},"modified":"2025-07-28T08:08:58","modified_gmt":"2025-07-28T06:08:58","slug":"sensor-fur-kronentemperatur-blattemperatur-mtb20","status":"publish","type":"product","link":"https:\/\/pinova-meteo.com\/de\/produkt\/sensor-fur-kronentemperatur-blattemperatur-mtb20","title":{"rendered":"Sensor f\u00fcr Kronentemperatur\/Blatttemperatur (MTB20)"},"content":{"rendered":"<p data-start=\"48\" data-end=\"335\">Der Kronen-\/Blatttemperatursensor wird direkt in die Baumkrone oder \u2013 im Fall des Weinanbaus \u2013 am Rebstock angebracht. Die empfohlene Positionierung ist in 1 Meter H\u00f6he auf der Nordseite der Krone. In Acker- oder Gem\u00fcsebaukulturen wird der Sensor in H\u00f6he der angebauten Pflanze montiert.<\/p>\n<p data-start=\"337\" data-end=\"406\">Der Sensor zeichnet sich durch Zuverl\u00e4ssigkeit und Langlebigkeit aus.<\/p>\n<p data-start=\"408\" data-end=\"496\"><strong data-start=\"408\" data-end=\"496\">Technische Eigenschaften des Sensors zur Messung der Kronen-\/Blatttemperatur (MTB20)<\/strong><\/p>\n<p data-start=\"498\" data-end=\"519\"><strong data-start=\"498\" data-end=\"519\">Messeigenschaften<\/strong><\/p>\n<ul data-start=\"521\" data-end=\"676\">\n<li data-start=\"521\" data-end=\"542\">\n<p data-start=\"523\" data-end=\"542\">Aufl\u00f6sung: 0,1\u202f\u00b0C<\/p>\n<\/li>\n<li data-start=\"543\" data-end=\"606\">\n<p data-start=\"545\" data-end=\"606\">Messgenauigkeit: \u00b10,5\u202f\u00b0C (im Bereich von \u201310\u202f\u00b0C bis +85\u202f\u00b0C)<\/p>\n<\/li>\n<li data-start=\"607\" data-end=\"643\">\n<p data-start=\"609\" data-end=\"643\">Ansprechzeit (63\u202f%): max. 750\u202fms<\/p>\n<\/li>\n<li data-start=\"644\" data-end=\"676\">\n<p data-start=\"646\" data-end=\"676\">Messbereich: \u201355 bis +125\u202f\u00b0C<\/p>\n<\/li>\n<\/ul>\n<p data-start=\"678\" data-end=\"707\"><strong data-start=\"678\" data-end=\"707\">Elektrische Eigenschaften<\/strong><\/p>\n<ul data-start=\"709\" data-end=\"861\">\n<li data-start=\"709\" data-end=\"745\">\n<p data-start=\"711\" data-end=\"745\">Versorgungsspannung: 2,5 \u2013 5,5\u202fV<\/p>\n<\/li>\n<li data-start=\"746\" data-end=\"804\">\n<p data-start=\"748\" data-end=\"804\">Stromaufnahme: im Ruhezustand 0,2\u202f\u03bcA; bei Messung 1\u202fmA<\/p>\n<\/li>\n<li data-start=\"805\" data-end=\"861\">\n<p data-start=\"807\" data-end=\"861\">Kommunikation: digitales Interface (1- oder 2-Draht)<\/p>\n<\/li>\n<\/ul>\n<p data-start=\"863\" data-end=\"888\"><strong data-start=\"863\" data-end=\"888\">Technische Ausf\u00fchrung<\/strong><\/p>\n<ul data-start=\"890\" data-end=\"1028\">\n<li data-start=\"890\" data-end=\"911\">\n<p data-start=\"892\" data-end=\"911\">Kabell\u00e4nge: 2,5\u202fm<\/p>\n<\/li>\n<li data-start=\"912\" data-end=\"955\">\n<p data-start=\"914\" data-end=\"955\">Anschluss: 3,5\u202fmm Stereo-Klinkenstecker<\/p>\n<\/li>\n<li data-start=\"956\" data-end=\"985\">\n<p data-start=\"958\" data-end=\"985\">Abmessungen: \u220515 \u00d7 300\u202fmm<\/p>\n<\/li>\n<li data-start=\"986\" data-end=\"1004\">\n<p data-start=\"988\" data-end=\"1004\">Gewicht: 100\u202fg<\/p>\n<\/li>\n<\/ul>\n<p>&nbsp;<\/p>\n","protected":false},"excerpt":{"rendered":"<p>Der Kronen-\/Blatttemperatursensor wird direkt in die Baumkrone oder \u2013 im Fall des Weinanbaus \u2013 am Rebstock angebracht. Die empfohlene Positionierung ist in 1 Meter H\u00f6he auf der Nordseite der Krone. In Acker- oder Gem\u00fcsebaukulturen wird der Sensor in H\u00f6he der angebauten Pflanze montiert. Der Sensor zeichnet sich durch Zuverl\u00e4ssigkeit und Langlebigkeit aus. Technische Eigenschaften des [&hellip;]<\/p>\n","protected":false},"featured_media":4282,"comment_status":"open","ping_status":"closed","template":"","meta":{"_et_pb_use_builder":"","_et_pb_old_content":"","_et_gb_content_width":""},"product_cat":[89,87],"product_tag":[],"class_list":{"0":"post-4281","1":"product","2":"type-product","3":"status-publish","4":"has-post-thumbnail","6":"product_cat-blatt","7":"product_cat-sensoren","9":"first","10":"instock","11":"shipping-taxable","12":"product-type-simple"},"yoast_head":"<!-- This site is optimized with the Yoast SEO plugin v23.0 - https:\/\/yoast.com\/wordpress\/plugins\/seo\/ -->\n<title>Sensor f\u00fcr Kronentemperatur\/Blatttemperatur (MTB20) - Pinova Meteo<\/title>\n<meta name=\"description\" content=\"Der Kronen-\/Blatttemperatursensor wird direkt in die Baumkrone oder \u2013 im Fall des Weinanbaus \u2013 am Rebstock angebracht. Die empfohl...\" \/>\n<meta name=\"robots\" content=\"index, follow, max-snippet:-1, max-image-preview:large, max-video-preview:-1\" \/>\n<link rel=\"canonical\" href=\"https:\/\/pinova-meteo.com\/de\/produkt\/sensor-fur-kronentemperatur-blattemperatur-mtb20\" \/>\n<meta property=\"og:locale\" content=\"de_DE\" \/>\n<meta property=\"og:type\" content=\"article\" \/>\n<meta property=\"og:title\" content=\"Sensor f\u00fcr Kronentemperatur\/Blatttemperatur (MTB20) - Pinova Meteo\" \/>\n<meta property=\"og:description\" content=\"Der Kronen-\/Blatttemperatursensor wird direkt in die Baumkrone oder \u2013 im Fall des Weinanbaus \u2013 am Rebstock angebracht. Die empfohl...\" \/>\n<meta property=\"og:url\" content=\"https:\/\/pinova-meteo.com\/de\/produkt\/sensor-fur-kronentemperatur-blattemperatur-mtb20\" \/>\n<meta property=\"og:site_name\" content=\"Pinova Meteo\" \/>\n<meta property=\"article:modified_time\" content=\"2025-07-28T06:08:58+00:00\" \/>\n<meta property=\"og:image\" content=\"https:\/\/pinova-meteo.com\/wp-content\/uploads\/2024\/05\/Senzor-temperature-krosnje-lista-1.jpg\" \/>\n\t<meta property=\"og:image:width\" content=\"1920\" \/>\n\t<meta property=\"og:image:height\" content=\"600\" \/>\n\t<meta property=\"og:image:type\" content=\"image\/jpeg\" \/>\n<meta name=\"twitter:card\" content=\"summary_large_image\" \/>\n<meta name=\"twitter:label1\" content=\"Gesch\u00e4tzte Lesezeit\" \/>\n\t<meta name=\"twitter:data1\" content=\"1\u00a0Minute\" \/>\n<script type=\"application\/ld+json\" class=\"yoast-schema-graph\">{\"@context\":\"https:\/\/schema.org\",\"@graph\":[{\"@type\":\"WebPage\",\"@id\":\"https:\/\/pinova-meteo.com\/de\/produkt\/sensor-fur-kronentemperatur-blattemperatur-mtb20\",\"url\":\"https:\/\/pinova-meteo.com\/de\/produkt\/sensor-fur-kronentemperatur-blattemperatur-mtb20\",\"name\":\"Sensor f\u00fcr Kronentemperatur\/Blatttemperatur (MTB20) - Pinova Meteo\",\"isPartOf\":{\"@id\":\"https:\/\/pinova-meteo.com\/de#website\"},\"primaryImageOfPage\":{\"@id\":\"https:\/\/pinova-meteo.com\/de\/produkt\/sensor-fur-kronentemperatur-blattemperatur-mtb20#primaryimage\"},\"image\":{\"@id\":\"https:\/\/pinova-meteo.com\/de\/produkt\/sensor-fur-kronentemperatur-blattemperatur-mtb20#primaryimage\"},\"thumbnailUrl\":\"https:\/\/pinova-meteo.com\/wp-content\/uploads\/2024\/05\/Senzor-temperature-krosnje-lista-1.jpg\",\"datePublished\":\"2024-05-28T13:56:56+00:00\",\"dateModified\":\"2025-07-28T06:08:58+00:00\",\"description\":\"Der Kronen-\/Blatttemperatursensor wird direkt in die Baumkrone oder \u2013 im Fall des Weinanbaus \u2013 am Rebstock angebracht. Die empfohl...\",\"breadcrumb\":{\"@id\":\"https:\/\/pinova-meteo.com\/de\/produkt\/sensor-fur-kronentemperatur-blattemperatur-mtb20#breadcrumb\"},\"inLanguage\":\"de\",\"potentialAction\":[{\"@type\":\"ReadAction\",\"target\":[\"https:\/\/pinova-meteo.com\/de\/produkt\/sensor-fur-kronentemperatur-blattemperatur-mtb20\"]}]},{\"@type\":\"ImageObject\",\"inLanguage\":\"de\",\"@id\":\"https:\/\/pinova-meteo.com\/de\/produkt\/sensor-fur-kronentemperatur-blattemperatur-mtb20#primaryimage\",\"url\":\"https:\/\/pinova-meteo.com\/wp-content\/uploads\/2024\/05\/Senzor-temperature-krosnje-lista-1.jpg\",\"contentUrl\":\"https:\/\/pinova-meteo.com\/wp-content\/uploads\/2024\/05\/Senzor-temperature-krosnje-lista-1.jpg\",\"width\":1920,\"height\":600},{\"@type\":\"BreadcrumbList\",\"@id\":\"https:\/\/pinova-meteo.com\/de\/produkt\/sensor-fur-kronentemperatur-blattemperatur-mtb20#breadcrumb\",\"itemListElement\":[{\"@type\":\"ListItem\",\"position\":1,\"name\":\"Po\u010detna stranica\",\"item\":\"https:\/\/pinova-meteo.com\/de\"},{\"@type\":\"ListItem\",\"position\":2,\"name\":\"Trgovina\",\"item\":\"https:\/\/pinova-meteo.com\/?page_id=7\"},{\"@type\":\"ListItem\",\"position\":3,\"name\":\"Sensor f\u00fcr Kronentemperatur\/Blatttemperatur (MTB20)\"}]},{\"@type\":\"WebSite\",\"@id\":\"https:\/\/pinova-meteo.com\/de#website\",\"url\":\"https:\/\/pinova-meteo.com\/de\",\"name\":\"Pinova Meteo\",\"description\":\"\",\"potentialAction\":[{\"@type\":\"SearchAction\",\"target\":{\"@type\":\"EntryPoint\",\"urlTemplate\":\"https:\/\/pinova-meteo.com\/de?s={search_term_string}\"},\"query-input\":\"required name=search_term_string\"}],\"inLanguage\":\"de\"}]}<\/script>\n<!-- \/ Yoast SEO plugin. -->","yoast_head_json":{"title":"Sensor f\u00fcr Kronentemperatur\/Blatttemperatur (MTB20) - Pinova Meteo","description":"Der Kronen-\/Blatttemperatursensor wird direkt in die Baumkrone oder \u2013 im Fall des Weinanbaus \u2013 am Rebstock angebracht. Die empfohl...","robots":{"index":"index","follow":"follow","max-snippet":"max-snippet:-1","max-image-preview":"max-image-preview:large","max-video-preview":"max-video-preview:-1"},"canonical":"https:\/\/pinova-meteo.com\/de\/produkt\/sensor-fur-kronentemperatur-blattemperatur-mtb20","og_locale":"de_DE","og_type":"article","og_title":"Sensor f\u00fcr Kronentemperatur\/Blatttemperatur (MTB20) - Pinova Meteo","og_description":"Der Kronen-\/Blatttemperatursensor wird direkt in die Baumkrone oder \u2013 im Fall des Weinanbaus \u2013 am Rebstock angebracht. Die empfohl...","og_url":"https:\/\/pinova-meteo.com\/de\/produkt\/sensor-fur-kronentemperatur-blattemperatur-mtb20","og_site_name":"Pinova Meteo","article_modified_time":"2025-07-28T06:08:58+00:00","og_image":[{"width":1920,"height":600,"url":"https:\/\/pinova-meteo.com\/wp-content\/uploads\/2024\/05\/Senzor-temperature-krosnje-lista-1.jpg","type":"image\/jpeg"}],"twitter_card":"summary_large_image","twitter_misc":{"Gesch\u00e4tzte Lesezeit":"1\u00a0Minute"},"schema":{"@context":"https:\/\/schema.org","@graph":[{"@type":"WebPage","@id":"https:\/\/pinova-meteo.com\/de\/produkt\/sensor-fur-kronentemperatur-blattemperatur-mtb20","url":"https:\/\/pinova-meteo.com\/de\/produkt\/sensor-fur-kronentemperatur-blattemperatur-mtb20","name":"Sensor f\u00fcr Kronentemperatur\/Blatttemperatur (MTB20) - Pinova Meteo","isPartOf":{"@id":"https:\/\/pinova-meteo.com\/de#website"},"primaryImageOfPage":{"@id":"https:\/\/pinova-meteo.com\/de\/produkt\/sensor-fur-kronentemperatur-blattemperatur-mtb20#primaryimage"},"image":{"@id":"https:\/\/pinova-meteo.com\/de\/produkt\/sensor-fur-kronentemperatur-blattemperatur-mtb20#primaryimage"},"thumbnailUrl":"https:\/\/pinova-meteo.com\/wp-content\/uploads\/2024\/05\/Senzor-temperature-krosnje-lista-1.jpg","datePublished":"2024-05-28T13:56:56+00:00","dateModified":"2025-07-28T06:08:58+00:00","description":"Der Kronen-\/Blatttemperatursensor wird direkt in die Baumkrone oder \u2013 im Fall des Weinanbaus \u2013 am Rebstock angebracht. Die empfohl...","breadcrumb":{"@id":"https:\/\/pinova-meteo.com\/de\/produkt\/sensor-fur-kronentemperatur-blattemperatur-mtb20#breadcrumb"},"inLanguage":"de","potentialAction":[{"@type":"ReadAction","target":["https:\/\/pinova-meteo.com\/de\/produkt\/sensor-fur-kronentemperatur-blattemperatur-mtb20"]}]},{"@type":"ImageObject","inLanguage":"de","@id":"https:\/\/pinova-meteo.com\/de\/produkt\/sensor-fur-kronentemperatur-blattemperatur-mtb20#primaryimage","url":"https:\/\/pinova-meteo.com\/wp-content\/uploads\/2024\/05\/Senzor-temperature-krosnje-lista-1.jpg","contentUrl":"https:\/\/pinova-meteo.com\/wp-content\/uploads\/2024\/05\/Senzor-temperature-krosnje-lista-1.jpg","width":1920,"height":600},{"@type":"BreadcrumbList","@id":"https:\/\/pinova-meteo.com\/de\/produkt\/sensor-fur-kronentemperatur-blattemperatur-mtb20#breadcrumb","itemListElement":[{"@type":"ListItem","position":1,"name":"Po\u010detna stranica","item":"https:\/\/pinova-meteo.com\/de"},{"@type":"ListItem","position":2,"name":"Trgovina","item":"https:\/\/pinova-meteo.com\/?page_id=7"},{"@type":"ListItem","position":3,"name":"Sensor f\u00fcr Kronentemperatur\/Blatttemperatur (MTB20)"}]},{"@type":"WebSite","@id":"https:\/\/pinova-meteo.com\/de#website","url":"https:\/\/pinova-meteo.com\/de","name":"Pinova Meteo","description":"","potentialAction":[{"@type":"SearchAction","target":{"@type":"EntryPoint","urlTemplate":"https:\/\/pinova-meteo.com\/de?s={search_term_string}"},"query-input":"required name=search_term_string"}],"inLanguage":"de"}]}},"_links":{"self":[{"href":"https:\/\/pinova-meteo.com\/de\/wp-json\/wp\/v2\/product\/4281","targetHints":{"allow":["GET"]}}],"collection":[{"href":"https:\/\/pinova-meteo.com\/de\/wp-json\/wp\/v2\/product"}],"about":[{"href":"https:\/\/pinova-meteo.com\/de\/wp-json\/wp\/v2\/types\/product"}],"replies":[{"embeddable":true,"href":"https:\/\/pinova-meteo.com\/de\/wp-json\/wp\/v2\/comments?post=4281"}],"wp:featuredmedia":[{"embeddable":true,"href":"https:\/\/pinova-meteo.com\/de\/wp-json\/wp\/v2\/media\/4282"}],"wp:attachment":[{"href":"https:\/\/pinova-meteo.com\/de\/wp-json\/wp\/v2\/media?parent=4281"}],"wp:term":[{"taxonomy":"product_cat","embeddable":true,"href":"https:\/\/pinova-meteo.com\/de\/wp-json\/wp\/v2\/product_cat?post=4281"},{"taxonomy":"product_tag","embeddable":true,"href":"https:\/\/pinova-meteo.com\/de\/wp-json\/wp\/v2\/product_tag?post=4281"}],"curies":[{"name":"wp","href":"https:\/\/api.w.org\/{rel}","templated":true}]}}