{"id":4283,"date":"2024-05-28T15:56:23","date_gmt":"2024-05-28T13:56:23","guid":{"rendered":"https:\/\/pinova-meteo.com\/proizvod\/senzor-temperature-i-relativne-vlaznosti-zraka-sht35"},"modified":"2025-07-28T08:06:25","modified_gmt":"2025-07-28T06:06:25","slug":"sensor-fur-temperatur-und-relative-luftfeuchtigkeit-sht35","status":"publish","type":"product","link":"https:\/\/pinova-meteo.com\/de\/produkt\/sensor-fur-temperatur-und-relative-luftfeuchtigkeit-sht35","title":{"rendered":"Sensor f\u00fcr Temperatur und relative Luftfeuchtigkeit (SHT35)"},"content":{"rendered":"<p>Der Sensor SHT35 ist ein Sensor f\u00fcr Temperatur und relative Luftfeuchtigkeit der Marke <strong data-start=\"139\" data-end=\"152\">Sensirion<\/strong>, der neue Ma\u00dfst\u00e4be hinsichtlich seiner Gr\u00f6\u00dfe und Intelligenz setzt. Er wird mit einem wei\u00dfen Schutzgeh\u00e4use geliefert, dessen Funktion darin besteht, den Sensor vor direkter Sonneneinstrahlung und direkter Windeinwirkung zu sch\u00fctzen. Gleichzeitig tr\u00e4gt seine Form zur Luftfilterung bei, um m\u00f6glichst genaue Temperaturmesswerte zu erzielen.<\/p>\n<p><img loading=\"lazy\" decoding=\"async\" class=\"size-medium wp-image-3923 aligncenter\" src=\"https:\/\/pinova-meteo.com\/wp-content\/uploads\/2024\/05\/Sensirion-logo-300x150.png\" alt=\"\" width=\"300\" height=\"150\" srcset=\"https:\/\/pinova-meteo.com\/wp-content\/uploads\/2024\/05\/Sensirion-logo-300x150.png 300w, https:\/\/pinova-meteo.com\/wp-content\/uploads\/2024\/05\/Sensirion-logo.png 400w\" sizes=\"auto, (max-width: 300px) 100vw, 300px\" \/><\/p>\n<p>&nbsp;<\/p>\n<p data-start=\"493\" data-end=\"586\"><strong data-start=\"493\" data-end=\"586\">Technische Eigenschaften des Sensors f\u00fcr Temperatur und relative Luftfeuchtigkeit (SHT35)<\/strong><\/p>\n<div class=\"_tableContainer_80l1q_1\">\n<div class=\"_tableWrapper_80l1q_14 group flex w-fit flex-col-reverse\" tabindex=\"-1\">\n<table class=\"w-fit min-w-(--thread-content-width)\" data-start=\"588\" data-end=\"994\">\n<thead data-start=\"588\" data-end=\"645\">\n<tr data-start=\"588\" data-end=\"645\">\n<th data-start=\"588\" data-end=\"615\" data-col-size=\"sm\">Messeigenschaften<\/th>\n<th data-start=\"615\" data-end=\"628\" data-col-size=\"sm\">RH<\/th>\n<th data-start=\"628\" data-end=\"645\" data-col-size=\"sm\">Temperatur<\/th>\n<\/tr>\n<\/thead>\n<tbody data-start=\"704\" data-end=\"994\">\n<tr data-start=\"704\" data-end=\"761\">\n<td data-start=\"704\" data-end=\"731\" data-col-size=\"sm\">Aufl\u00f6sung<\/td>\n<td data-col-size=\"sm\" data-start=\"731\" data-end=\"744\">0.1%<\/td>\n<td data-col-size=\"sm\" data-start=\"744\" data-end=\"761\">0.1\u00b0C<\/td>\n<\/tr>\n<tr data-start=\"762\" data-end=\"819\">\n<td data-start=\"762\" data-end=\"789\" data-col-size=\"sm\">Genauigkeit (typisch)<\/td>\n<td data-col-size=\"sm\" data-start=\"789\" data-end=\"802\">\u00b11.5%<\/td>\n<td data-col-size=\"sm\" data-start=\"802\" data-end=\"819\">\u00b10.1\u00b0C<\/td>\n<\/tr>\n<tr data-start=\"820\" data-end=\"877\">\n<td data-start=\"820\" data-end=\"847\" data-col-size=\"sm\">Wiederholbarkeit<\/td>\n<td data-col-size=\"sm\" data-start=\"847\" data-end=\"860\">\u00b10.1%<\/td>\n<td data-col-size=\"sm\" data-start=\"860\" data-end=\"877\">\u00b10.1\u00b0C<\/td>\n<\/tr>\n<tr data-start=\"878\" data-end=\"935\">\n<td data-start=\"878\" data-end=\"905\" data-col-size=\"sm\">Ansprechzeit (63%)<\/td>\n<td data-col-size=\"sm\" data-start=\"905\" data-end=\"918\">10 s<\/td>\n<td data-col-size=\"sm\" data-start=\"918\" data-end=\"935\">15 s<\/td>\n<\/tr>\n<tr data-start=\"936\" data-end=\"994\">\n<td data-start=\"936\" data-end=\"963\" data-col-size=\"sm\">Messbereich<\/td>\n<td data-col-size=\"sm\" data-start=\"963\" data-end=\"976\">0 bis 100%<\/td>\n<td data-col-size=\"sm\" data-start=\"976\" data-end=\"994\">\u201340 bis +125\u00b0C<\/td>\n<\/tr>\n<\/tbody>\n<\/table>\n<div class=\"sticky end-(--thread-content-margin) h-0 self-end select-none\">\n<div class=\"absolute end-0 flex items-end\"><\/div>\n<\/div>\n<\/div>\n<\/div>\n<p data-start=\"996\" data-end=\"1025\"><strong data-start=\"996\" data-end=\"1025\">Elektrische Eigenschaften<\/strong><\/p>\n<ul data-start=\"1027\" data-end=\"1267\">\n<li data-start=\"1027\" data-end=\"1061\">\n<p data-start=\"1029\" data-end=\"1061\">Versorgungsspannung: 2.1\u20133.6 V<\/p>\n<\/li>\n<li data-start=\"1062\" data-end=\"1131\">\n<p data-start=\"1064\" data-end=\"1131\">Stromaufnahme: im Ruhezustand 0.15 \u03bcA; w\u00e4hrend der Messung 300 \u03bcA<\/p>\n<\/li>\n<li data-start=\"1132\" data-end=\"1203\">\n<p data-start=\"1134\" data-end=\"1203\">Verlustleistung: im Ruhezustand 0.50 \u03bcW; w\u00e4hrend der Messung 0.9 mW<\/p>\n<\/li>\n<li data-start=\"1204\" data-end=\"1267\">\n<p data-start=\"1206\" data-end=\"1267\">Kommunikation: digitales Zweidraht-Interface, I2C-Protokoll<\/p>\n<\/li>\n<\/ul>\n<p data-start=\"1269\" data-end=\"1294\"><strong data-start=\"1269\" data-end=\"1294\">Technische Ausf\u00fchrung<\/strong><\/p>\n<ul data-start=\"1296\" data-end=\"1512\">\n<li data-start=\"1296\" data-end=\"1336\">\n<p data-start=\"1298\" data-end=\"1336\">Sensorgeh\u00e4use: POM-Rohrprofil \u220515 mm<\/p>\n<\/li>\n<li data-start=\"1337\" data-end=\"1374\">\n<p data-start=\"1339\" data-end=\"1374\">Sensorschutz: 70 \u03bcm Edelstahlnetz<\/p>\n<\/li>\n<li data-start=\"1375\" data-end=\"1396\">\n<p data-start=\"1377\" data-end=\"1396\">Kabell\u00e4nge: 1.5 m<\/p>\n<\/li>\n<li data-start=\"1397\" data-end=\"1440\">\n<p data-start=\"1399\" data-end=\"1440\">Anschluss: 3.5 mm Stereo-Klinkenstecker<\/p>\n<\/li>\n<li data-start=\"1441\" data-end=\"1470\">\n<p data-start=\"1443\" data-end=\"1470\">Abmessungen: \u220515 \u00d7 160 mm<\/p>\n<\/li>\n<li data-start=\"1471\" data-end=\"1488\">\n<p data-start=\"1473\" data-end=\"1488\">Gewicht: 75 g<\/p>\n<\/li>\n<\/ul>\n","protected":false},"excerpt":{"rendered":"<p>Der Sensor SHT35 ist ein Sensor f\u00fcr Temperatur und relative Luftfeuchtigkeit der Marke Sensirion, der neue Ma\u00dfst\u00e4be hinsichtlich seiner Gr\u00f6\u00dfe und Intelligenz setzt. Er wird mit einem wei\u00dfen Schutzgeh\u00e4use geliefert, dessen Funktion darin besteht, den Sensor vor direkter Sonneneinstrahlung und direkter Windeinwirkung zu sch\u00fctzen. Gleichzeitig tr\u00e4gt seine Form zur Luftfilterung bei, um m\u00f6glichst genaue Temperaturmesswerte [&hellip;]<\/p>\n","protected":false},"featured_media":4285,"comment_status":"open","ping_status":"closed","template":"","meta":{"_et_pb_use_builder":"","_et_pb_old_content":"","_et_gb_content_width":""},"product_cat":[88,87],"product_tag":[],"class_list":{"0":"post-4283","1":"product","2":"type-product","3":"status-publish","4":"has-post-thumbnail","6":"product_cat-mikroklima","7":"product_cat-sensoren","9":"first","10":"instock","11":"shipping-taxable","12":"product-type-simple"},"yoast_head":"<!-- This site is optimized with the Yoast SEO plugin v23.0 - https:\/\/yoast.com\/wordpress\/plugins\/seo\/ -->\n<title>Sensor f\u00fcr Temperatur und relative Luftfeuchtigkeit (SHT35) - Pinova Meteo<\/title>\n<meta name=\"description\" content=\"Sensor f\u00fcr Temperatur und relative LuftfeuchtigkeitDer Sensor SHT35 ist ein Sensor f\u00fcr relative Luftfeuchtigkeit und Lufttemperatur der Marke Sensirion...\" \/>\n<meta name=\"robots\" content=\"index, follow, max-snippet:-1, max-image-preview:large, max-video-preview:-1\" \/>\n<link rel=\"canonical\" href=\"https:\/\/pinova-meteo.com\/de\/produkt\/sensor-fur-temperatur-und-relative-luftfeuchtigkeit-sht35\" \/>\n<meta property=\"og:locale\" content=\"de_DE\" \/>\n<meta property=\"og:type\" content=\"article\" \/>\n<meta property=\"og:title\" content=\"Sensor f\u00fcr Temperatur und relative Luftfeuchtigkeit (SHT35) - Pinova Meteo\" \/>\n<meta property=\"og:description\" content=\"Sensor f\u00fcr Temperatur und relative LuftfeuchtigkeitDer Sensor SHT35 ist ein Sensor f\u00fcr relative Luftfeuchtigkeit und Lufttemperatur der Marke Sensirion...\" \/>\n<meta property=\"og:url\" content=\"https:\/\/pinova-meteo.com\/de\/produkt\/sensor-fur-temperatur-und-relative-luftfeuchtigkeit-sht35\" \/>\n<meta property=\"og:site_name\" content=\"Pinova Meteo\" \/>\n<meta property=\"article:modified_time\" content=\"2025-07-28T06:06:25+00:00\" \/>\n<meta property=\"og:image\" content=\"https:\/\/pinova-meteo.com\/wp-content\/uploads\/2024\/05\/Senzor-temperature-i-relativne-vlaznosti-zraka-1.jpg\" \/>\n\t<meta property=\"og:image:width\" content=\"1920\" \/>\n\t<meta property=\"og:image:height\" content=\"600\" \/>\n\t<meta property=\"og:image:type\" content=\"image\/jpeg\" \/>\n<meta name=\"twitter:card\" content=\"summary_large_image\" \/>\n<meta name=\"twitter:label1\" content=\"Gesch\u00e4tzte Lesezeit\" \/>\n\t<meta name=\"twitter:data1\" content=\"2\u00a0Minuten\" \/>\n<script type=\"application\/ld+json\" class=\"yoast-schema-graph\">{\"@context\":\"https:\/\/schema.org\",\"@graph\":[{\"@type\":\"WebPage\",\"@id\":\"https:\/\/pinova-meteo.com\/de\/produkt\/sensor-fur-temperatur-und-relative-luftfeuchtigkeit-sht35\",\"url\":\"https:\/\/pinova-meteo.com\/de\/produkt\/sensor-fur-temperatur-und-relative-luftfeuchtigkeit-sht35\",\"name\":\"Sensor f\u00fcr Temperatur und relative Luftfeuchtigkeit (SHT35) - Pinova Meteo\",\"isPartOf\":{\"@id\":\"https:\/\/pinova-meteo.com\/de#website\"},\"primaryImageOfPage\":{\"@id\":\"https:\/\/pinova-meteo.com\/de\/produkt\/sensor-fur-temperatur-und-relative-luftfeuchtigkeit-sht35#primaryimage\"},\"image\":{\"@id\":\"https:\/\/pinova-meteo.com\/de\/produkt\/sensor-fur-temperatur-und-relative-luftfeuchtigkeit-sht35#primaryimage\"},\"thumbnailUrl\":\"https:\/\/pinova-meteo.com\/wp-content\/uploads\/2024\/05\/Senzor-temperature-i-relativne-vlaznosti-zraka-1.jpg\",\"datePublished\":\"2024-05-28T13:56:23+00:00\",\"dateModified\":\"2025-07-28T06:06:25+00:00\",\"description\":\"Sensor f\u00fcr Temperatur und relative LuftfeuchtigkeitDer Sensor SHT35 ist ein Sensor f\u00fcr relative Luftfeuchtigkeit und Lufttemperatur der Marke Sensirion...\",\"breadcrumb\":{\"@id\":\"https:\/\/pinova-meteo.com\/de\/produkt\/sensor-fur-temperatur-und-relative-luftfeuchtigkeit-sht35#breadcrumb\"},\"inLanguage\":\"de\",\"potentialAction\":[{\"@type\":\"ReadAction\",\"target\":[\"https:\/\/pinova-meteo.com\/de\/produkt\/sensor-fur-temperatur-und-relative-luftfeuchtigkeit-sht35\"]}]},{\"@type\":\"ImageObject\",\"inLanguage\":\"de\",\"@id\":\"https:\/\/pinova-meteo.com\/de\/produkt\/sensor-fur-temperatur-und-relative-luftfeuchtigkeit-sht35#primaryimage\",\"url\":\"https:\/\/pinova-meteo.com\/wp-content\/uploads\/2024\/05\/Senzor-temperature-i-relativne-vlaznosti-zraka-1.jpg\",\"contentUrl\":\"https:\/\/pinova-meteo.com\/wp-content\/uploads\/2024\/05\/Senzor-temperature-i-relativne-vlaznosti-zraka-1.jpg\",\"width\":1920,\"height\":600},{\"@type\":\"BreadcrumbList\",\"@id\":\"https:\/\/pinova-meteo.com\/de\/produkt\/sensor-fur-temperatur-und-relative-luftfeuchtigkeit-sht35#breadcrumb\",\"itemListElement\":[{\"@type\":\"ListItem\",\"position\":1,\"name\":\"Po\u010detna stranica\",\"item\":\"https:\/\/pinova-meteo.com\/de\"},{\"@type\":\"ListItem\",\"position\":2,\"name\":\"Trgovina\",\"item\":\"https:\/\/pinova-meteo.com\/?page_id=7\"},{\"@type\":\"ListItem\",\"position\":3,\"name\":\"Sensor f\u00fcr Temperatur und relative Luftfeuchtigkeit (SHT35)\"}]},{\"@type\":\"WebSite\",\"@id\":\"https:\/\/pinova-meteo.com\/de#website\",\"url\":\"https:\/\/pinova-meteo.com\/de\",\"name\":\"Pinova Meteo\",\"description\":\"\",\"potentialAction\":[{\"@type\":\"SearchAction\",\"target\":{\"@type\":\"EntryPoint\",\"urlTemplate\":\"https:\/\/pinova-meteo.com\/de?s={search_term_string}\"},\"query-input\":\"required name=search_term_string\"}],\"inLanguage\":\"de\"}]}<\/script>\n<!-- \/ Yoast SEO plugin. -->","yoast_head_json":{"title":"Sensor f\u00fcr Temperatur und relative Luftfeuchtigkeit (SHT35) - Pinova Meteo","description":"Sensor f\u00fcr Temperatur und relative LuftfeuchtigkeitDer Sensor SHT35 ist ein Sensor f\u00fcr relative Luftfeuchtigkeit und Lufttemperatur der Marke Sensirion...","robots":{"index":"index","follow":"follow","max-snippet":"max-snippet:-1","max-image-preview":"max-image-preview:large","max-video-preview":"max-video-preview:-1"},"canonical":"https:\/\/pinova-meteo.com\/de\/produkt\/sensor-fur-temperatur-und-relative-luftfeuchtigkeit-sht35","og_locale":"de_DE","og_type":"article","og_title":"Sensor f\u00fcr Temperatur und relative Luftfeuchtigkeit (SHT35) - Pinova Meteo","og_description":"Sensor f\u00fcr Temperatur und relative LuftfeuchtigkeitDer Sensor SHT35 ist ein Sensor f\u00fcr relative Luftfeuchtigkeit und Lufttemperatur der Marke Sensirion...","og_url":"https:\/\/pinova-meteo.com\/de\/produkt\/sensor-fur-temperatur-und-relative-luftfeuchtigkeit-sht35","og_site_name":"Pinova Meteo","article_modified_time":"2025-07-28T06:06:25+00:00","og_image":[{"width":1920,"height":600,"url":"https:\/\/pinova-meteo.com\/wp-content\/uploads\/2024\/05\/Senzor-temperature-i-relativne-vlaznosti-zraka-1.jpg","type":"image\/jpeg"}],"twitter_card":"summary_large_image","twitter_misc":{"Gesch\u00e4tzte Lesezeit":"2\u00a0Minuten"},"schema":{"@context":"https:\/\/schema.org","@graph":[{"@type":"WebPage","@id":"https:\/\/pinova-meteo.com\/de\/produkt\/sensor-fur-temperatur-und-relative-luftfeuchtigkeit-sht35","url":"https:\/\/pinova-meteo.com\/de\/produkt\/sensor-fur-temperatur-und-relative-luftfeuchtigkeit-sht35","name":"Sensor f\u00fcr Temperatur und relative Luftfeuchtigkeit (SHT35) - Pinova Meteo","isPartOf":{"@id":"https:\/\/pinova-meteo.com\/de#website"},"primaryImageOfPage":{"@id":"https:\/\/pinova-meteo.com\/de\/produkt\/sensor-fur-temperatur-und-relative-luftfeuchtigkeit-sht35#primaryimage"},"image":{"@id":"https:\/\/pinova-meteo.com\/de\/produkt\/sensor-fur-temperatur-und-relative-luftfeuchtigkeit-sht35#primaryimage"},"thumbnailUrl":"https:\/\/pinova-meteo.com\/wp-content\/uploads\/2024\/05\/Senzor-temperature-i-relativne-vlaznosti-zraka-1.jpg","datePublished":"2024-05-28T13:56:23+00:00","dateModified":"2025-07-28T06:06:25+00:00","description":"Sensor f\u00fcr Temperatur und relative LuftfeuchtigkeitDer Sensor SHT35 ist ein Sensor f\u00fcr relative Luftfeuchtigkeit und Lufttemperatur der Marke Sensirion...","breadcrumb":{"@id":"https:\/\/pinova-meteo.com\/de\/produkt\/sensor-fur-temperatur-und-relative-luftfeuchtigkeit-sht35#breadcrumb"},"inLanguage":"de","potentialAction":[{"@type":"ReadAction","target":["https:\/\/pinova-meteo.com\/de\/produkt\/sensor-fur-temperatur-und-relative-luftfeuchtigkeit-sht35"]}]},{"@type":"ImageObject","inLanguage":"de","@id":"https:\/\/pinova-meteo.com\/de\/produkt\/sensor-fur-temperatur-und-relative-luftfeuchtigkeit-sht35#primaryimage","url":"https:\/\/pinova-meteo.com\/wp-content\/uploads\/2024\/05\/Senzor-temperature-i-relativne-vlaznosti-zraka-1.jpg","contentUrl":"https:\/\/pinova-meteo.com\/wp-content\/uploads\/2024\/05\/Senzor-temperature-i-relativne-vlaznosti-zraka-1.jpg","width":1920,"height":600},{"@type":"BreadcrumbList","@id":"https:\/\/pinova-meteo.com\/de\/produkt\/sensor-fur-temperatur-und-relative-luftfeuchtigkeit-sht35#breadcrumb","itemListElement":[{"@type":"ListItem","position":1,"name":"Po\u010detna stranica","item":"https:\/\/pinova-meteo.com\/de"},{"@type":"ListItem","position":2,"name":"Trgovina","item":"https:\/\/pinova-meteo.com\/?page_id=7"},{"@type":"ListItem","position":3,"name":"Sensor f\u00fcr Temperatur und relative Luftfeuchtigkeit (SHT35)"}]},{"@type":"WebSite","@id":"https:\/\/pinova-meteo.com\/de#website","url":"https:\/\/pinova-meteo.com\/de","name":"Pinova Meteo","description":"","potentialAction":[{"@type":"SearchAction","target":{"@type":"EntryPoint","urlTemplate":"https:\/\/pinova-meteo.com\/de?s={search_term_string}"},"query-input":"required name=search_term_string"}],"inLanguage":"de"}]}},"_links":{"self":[{"href":"https:\/\/pinova-meteo.com\/de\/wp-json\/wp\/v2\/product\/4283","targetHints":{"allow":["GET"]}}],"collection":[{"href":"https:\/\/pinova-meteo.com\/de\/wp-json\/wp\/v2\/product"}],"about":[{"href":"https:\/\/pinova-meteo.com\/de\/wp-json\/wp\/v2\/types\/product"}],"replies":[{"embeddable":true,"href":"https:\/\/pinova-meteo.com\/de\/wp-json\/wp\/v2\/comments?post=4283"}],"wp:featuredmedia":[{"embeddable":true,"href":"https:\/\/pinova-meteo.com\/de\/wp-json\/wp\/v2\/media\/4285"}],"wp:attachment":[{"href":"https:\/\/pinova-meteo.com\/de\/wp-json\/wp\/v2\/media?parent=4283"}],"wp:term":[{"taxonomy":"product_cat","embeddable":true,"href":"https:\/\/pinova-meteo.com\/de\/wp-json\/wp\/v2\/product_cat?post=4283"},{"taxonomy":"product_tag","embeddable":true,"href":"https:\/\/pinova-meteo.com\/de\/wp-json\/wp\/v2\/product_tag?post=4283"}],"curies":[{"name":"wp","href":"https:\/\/api.w.org\/{rel}","templated":true}]}}