{"id":4286,"date":"2024-05-28T15:56:08","date_gmt":"2024-05-28T13:56:08","guid":{"rendered":"https:\/\/pinova-meteo.com\/proizvod\/senzor-brzine-i-smjera-vjetra-eko"},"modified":"2025-07-25T10:22:20","modified_gmt":"2025-07-25T08:22:20","slug":"sensor-fur-windgeschwindigkeit-und-richtung-eko","status":"publish","type":"product","link":"https:\/\/pinova-meteo.com\/de\/produkt\/sensor-fur-windgeschwindigkeit-und-richtung-eko","title":{"rendered":"Sensor f\u00fcr Windgeschwindigkeit und \u2011richtung (EKO)"},"content":{"rendered":"<article class=\"text-token-text-primary w-full\" dir=\"auto\" data-testid=\"conversation-turn-10\" data-scroll-anchor=\"true\">\n<div class=\"text-base my-auto mx-auto pb-10 [--thread-content-margin:--spacing(4)] @[37rem]:[--thread-content-margin:--spacing(6)] @[72rem]:[--thread-content-margin:--spacing(16)] px-(--thread-content-margin)\">\n<div class=\"[--thread-content-max-width:32rem] @[34rem]:[--thread-content-max-width:40rem] @[64rem]:[--thread-content-max-width:48rem] mx-auto max-w-(--thread-content-max-width) flex-1 group\/turn-messages focus-visible:outline-hidden relative flex w-full min-w-0 flex-col agent-turn\" tabindex=\"-1\">\n<div class=\"flex max-w-full flex-col grow\">\n<div class=\"min-h-8 text-message relative flex w-full flex-col items-end gap-2 text-start break-words whitespace-normal [.text-message+&amp;]:mt-5\" dir=\"auto\" data-message-author-role=\"assistant\" data-message-id=\"1bdb7d4e-eed2-421b-a60a-4a2df113c782\" data-message-model-slug=\"gpt-4-5\">\n<div class=\"flex w-full flex-col gap-1 empty:hidden first:pt-[3px]\">\n<div class=\"markdown prose dark:prose-invert w-full break-words light\">\n<p data-start=\"60\" data-end=\"472\">Der Windgeschwindigkeits- und Windrichtungssensor besitzt ein niedriges Tr\u00e4gheitsmoment und einzigartige Lager, die sehr empfindlich auf die Windgeschwindigkeit reagieren. Das spezielle Lagersystem besitzt selbstschmierende Eigenschaften, sodass Feuchtigkeit und Schmutz die Lager nicht besch\u00e4digen oder die Leistung des Sensors beeintr\u00e4chtigen k\u00f6nnen (Selbstreinigungseffekt). Dar\u00fcber hinaus ist der Anemometer selbst ohne Heizoption \u00e4u\u00dferst frostbest\u00e4ndig. Sensor f\u00fcr Windgeschwindigkeit und \u2011richtung.<\/p>\n<p data-start=\"474\" data-end=\"558\"><strong data-start=\"474\" data-end=\"558\">Dieser Sensor wird von dem renommierten Hersteller Davis Instruments produziert.<\/strong><\/p>\n<hr data-start=\"560\" data-end=\"563\" \/>\n<h3 data-start=\"565\" data-end=\"640\">Technische Merkmale des Windgeschwindigkeits- und Windrichtungssensors:<\/h3>\n<div class=\"_tableContainer_80l1q_1\">\n<div class=\"_tableWrapper_80l1q_14 group flex w-fit flex-col-reverse\" tabindex=\"-1\">\n<table class=\"w-fit min-w-(--thread-content-width)\" data-start=\"642\" data-end=\"1006\">\n<thead data-start=\"642\" data-end=\"714\">\n<tr data-start=\"642\" data-end=\"714\">\n<th data-start=\"642\" data-end=\"672\" data-col-size=\"sm\">Merkmal<\/th>\n<th data-start=\"672\" data-end=\"694\" data-col-size=\"sm\">Windgeschwindigkeit<\/th>\n<th data-start=\"694\" data-end=\"714\" data-col-size=\"sm\">Windrichtung<\/th>\n<\/tr>\n<\/thead>\n<tbody data-start=\"788\" data-end=\"1006\">\n<tr data-start=\"788\" data-end=\"860\">\n<td data-start=\"788\" data-end=\"818\" data-col-size=\"sm\">Messbereich<\/td>\n<td data-col-size=\"sm\" data-start=\"818\" data-end=\"840\">1 \u2013 89 m\/s<\/td>\n<td data-col-size=\"sm\" data-start=\"840\" data-end=\"860\">0\u00b0 \u2013 360\u00b0<\/td>\n<\/tr>\n<tr data-start=\"861\" data-end=\"933\">\n<td data-start=\"861\" data-end=\"891\" data-col-size=\"sm\">Genauigkeit<\/td>\n<td data-col-size=\"sm\" data-start=\"891\" data-end=\"913\">\u00b1 1 m\/s<\/td>\n<td data-col-size=\"sm\" data-start=\"913\" data-end=\"933\">\u00b1 3\u00b0<\/td>\n<\/tr>\n<tr data-start=\"934\" data-end=\"1006\">\n<td data-start=\"934\" data-end=\"964\" data-col-size=\"sm\">Aufl\u00f6sung<\/td>\n<td data-col-size=\"sm\" data-start=\"964\" data-end=\"986\">0,1 m\/s<\/td>\n<td data-col-size=\"sm\" data-start=\"986\" data-end=\"1006\">1\u00b0<\/td>\n<\/tr>\n<\/tbody>\n<\/table>\n<div class=\"sticky end-(--thread-content-margin) h-0 self-end select-none\">\n<div class=\"absolute end-0 flex items-end\"><\/div>\n<\/div>\n<\/div>\n<\/div>\n<p data-start=\"1008\" data-end=\"1089\"><strong data-start=\"1008\" data-end=\"1021\">Material:<\/strong> Schwarzes Lexan (Polycarbonat), korrosionsbest\u00e4ndig, UV-best\u00e4ndig<\/p>\n<p data-start=\"1091\" data-end=\"1106\"><strong data-start=\"1091\" data-end=\"1104\">Lagerung:<\/strong><\/p>\n<ul data-start=\"1107\" data-end=\"1257\">\n<li data-start=\"1107\" data-end=\"1131\">\n<p data-start=\"1109\" data-end=\"1131\">Modifiziertes Teflon<\/p>\n<\/li>\n<li data-start=\"1132\" data-end=\"1170\">\n<p data-start=\"1134\" data-end=\"1170\">Selbstschmierend (kein Einfrieren)<\/p>\n<\/li>\n<li data-start=\"1171\" data-end=\"1201\">\n<p data-start=\"1173\" data-end=\"1201\">O-Ring im Geh\u00e4use montiert<\/p>\n<\/li>\n<li data-start=\"1202\" data-end=\"1257\">\n<p data-start=\"1204\" data-end=\"1257\">Einfach austauschbar (innerhalb von 5 Betriebsjahren)<\/p>\n<\/li>\n<\/ul>\n<p data-start=\"1259\" data-end=\"1312\"><strong data-start=\"1259\" data-end=\"1269\">Achse:<\/strong> Vollst\u00e4ndig verst\u00e4rkter Beryllium-Kupfer<\/p>\n<p data-start=\"1314\" data-end=\"1394\"><strong data-start=\"1314\" data-end=\"1330\">Abmessungen:<\/strong> 3 Schalen, konischer Querschnitt 5 cm, Rotordurchmesser 19 cm<\/p>\n<p data-start=\"1396\" data-end=\"1500\"><strong data-start=\"1396\" data-end=\"1408\">Wartung:<\/strong> Innere Teile einmal j\u00e4hrlich reinigen, insbesondere bei starker Staub- oder Sandbelastung<\/p>\n<p data-start=\"1502\" data-end=\"1564\"><strong data-start=\"1502\" data-end=\"1524\">Temperaturbereich:<\/strong> -40 \u00b0C bis +65 \u00b0C (auch ohne Heizung)<\/p>\n<p data-start=\"1566\" data-end=\"1643\"><strong data-start=\"1566\" data-end=\"1587\">Luftfeuchtigkeit:<\/strong> 0 bis 100 % r.F. (geeignet f\u00fcr tropische Bedingungen)<\/p>\n<p data-start=\"1645\" data-end=\"1723\"><strong data-start=\"1645\" data-end=\"1669\">Elektrisches System:<\/strong> Standardm\u00e4\u00dfiger elektromagnetischer Impulsgenerator<\/p>\n<p data-start=\"1725\" data-end=\"1767\"><strong data-start=\"1725\" data-end=\"1746\">Energieverbrauch:<\/strong> Standardm\u00e4\u00dfig null<\/p>\n<p data-start=\"1769\" data-end=\"1784\"><strong data-start=\"1769\" data-end=\"1782\">Kabeltyp:<\/strong><\/p>\n<ul data-start=\"1785\" data-end=\"1892\" data-is-last-node=\"\" data-is-only-node=\"\">\n<li data-start=\"1785\" data-end=\"1804\">\n<p data-start=\"1787\" data-end=\"1804\">2-adriges Kabel<\/p>\n<\/li>\n<li data-start=\"1805\" data-end=\"1838\">\n<p data-start=\"1807\" data-end=\"1838\">Spezialkabel: koaxial RG 58CU<\/p>\n<\/li>\n<li data-start=\"1839\" data-end=\"1892\" data-is-last-node=\"\">\n<p data-start=\"1841\" data-end=\"1892\" data-is-last-node=\"\">oder abgeschirmte verdrillte Leitung (Twisted Pair)<\/p>\n<\/li>\n<\/ul>\n<\/div>\n<\/div>\n<\/div>\n<\/div>\n<div class=\"mx-[var(--mini-thread-content-inset)]\">\n<div class=\"flex min-h-[46px] justify-start\"><\/div>\n<\/div>\n<div class=\"aria-live=polite absolute\">\n<div class=\"flex items-center justify-center\"><\/div>\n<\/div>\n<\/div>\n<\/div>\n<\/article>\n","protected":false},"excerpt":{"rendered":"<p>Der Windgeschwindigkeits- und Windrichtungssensor besitzt ein niedriges Tr\u00e4gheitsmoment und einzigartige Lager, die sehr empfindlich auf die Windgeschwindigkeit reagieren. Das spezielle Lagersystem besitzt selbstschmierende Eigenschaften, sodass Feuchtigkeit und Schmutz die Lager nicht besch\u00e4digen oder die Leistung des Sensors beeintr\u00e4chtigen k\u00f6nnen (Selbstreinigungseffekt). Dar\u00fcber hinaus ist der Anemometer selbst ohne Heizoption \u00e4u\u00dferst frostbest\u00e4ndig. Sensor f\u00fcr Windgeschwindigkeit und \u2011richtung. [&hellip;]<\/p>\n","protected":false},"featured_media":4287,"comment_status":"open","ping_status":"closed","template":"","meta":{"_et_pb_use_builder":"","_et_pb_old_content":"","_et_gb_content_width":""},"product_cat":[88,87],"product_tag":[],"class_list":{"0":"post-4286","1":"product","2":"type-product","3":"status-publish","4":"has-post-thumbnail","6":"product_cat-mikroklima","7":"product_cat-sensoren","9":"first","10":"instock","11":"shipping-taxable","12":"product-type-simple"},"yoast_head":"<!-- This site is optimized with the Yoast SEO plugin v23.0 - https:\/\/yoast.com\/wordpress\/plugins\/seo\/ -->\n<title>Sensor f\u00fcr Windgeschwindigkeit und \u2011richtung (EKO) - Pinova Meteo<\/title>\n<meta name=\"description\" content=\"Sensor f\u00fcr Windgeschwindigkeit und \u2011richtung. Der Windgeschwindigkeits- und Windrichtungssensor besitzt ein niedriges Tr\u00e4gheitsmoment und einziga...\" \/>\n<meta name=\"robots\" content=\"index, follow, max-snippet:-1, max-image-preview:large, max-video-preview:-1\" \/>\n<link rel=\"canonical\" href=\"https:\/\/pinova-meteo.com\/de\/produkt\/sensor-fur-windgeschwindigkeit-und-richtung-eko\" \/>\n<meta property=\"og:locale\" content=\"de_DE\" \/>\n<meta property=\"og:type\" content=\"article\" \/>\n<meta property=\"og:title\" content=\"Sensor f\u00fcr Windgeschwindigkeit und \u2011richtung (EKO) - Pinova Meteo\" \/>\n<meta property=\"og:description\" content=\"Sensor f\u00fcr Windgeschwindigkeit und \u2011richtung. Der Windgeschwindigkeits- und Windrichtungssensor besitzt ein niedriges Tr\u00e4gheitsmoment und einziga...\" \/>\n<meta property=\"og:url\" content=\"https:\/\/pinova-meteo.com\/de\/produkt\/sensor-fur-windgeschwindigkeit-und-richtung-eko\" \/>\n<meta property=\"og:site_name\" content=\"Pinova Meteo\" \/>\n<meta property=\"article:modified_time\" content=\"2025-07-25T08:22:20+00:00\" \/>\n<meta property=\"og:image\" content=\"https:\/\/pinova-meteo.com\/wp-content\/uploads\/2024\/05\/Senzor-brzine-i-smjera-vjetra-2.jpg\" \/>\n\t<meta property=\"og:image:width\" content=\"1920\" \/>\n\t<meta property=\"og:image:height\" content=\"600\" \/>\n\t<meta property=\"og:image:type\" content=\"image\/jpeg\" \/>\n<meta name=\"twitter:card\" content=\"summary_large_image\" \/>\n<meta name=\"twitter:label1\" content=\"Gesch\u00e4tzte Lesezeit\" \/>\n\t<meta name=\"twitter:data1\" content=\"2\u00a0Minuten\" \/>\n<script type=\"application\/ld+json\" class=\"yoast-schema-graph\">{\"@context\":\"https:\/\/schema.org\",\"@graph\":[{\"@type\":\"WebPage\",\"@id\":\"https:\/\/pinova-meteo.com\/de\/produkt\/sensor-fur-windgeschwindigkeit-und-richtung-eko\",\"url\":\"https:\/\/pinova-meteo.com\/de\/produkt\/sensor-fur-windgeschwindigkeit-und-richtung-eko\",\"name\":\"Sensor f\u00fcr Windgeschwindigkeit und \u2011richtung (EKO) - Pinova Meteo\",\"isPartOf\":{\"@id\":\"https:\/\/pinova-meteo.com\/de#website\"},\"primaryImageOfPage\":{\"@id\":\"https:\/\/pinova-meteo.com\/de\/produkt\/sensor-fur-windgeschwindigkeit-und-richtung-eko#primaryimage\"},\"image\":{\"@id\":\"https:\/\/pinova-meteo.com\/de\/produkt\/sensor-fur-windgeschwindigkeit-und-richtung-eko#primaryimage\"},\"thumbnailUrl\":\"https:\/\/pinova-meteo.com\/wp-content\/uploads\/2024\/05\/Senzor-brzine-i-smjera-vjetra-2.jpg\",\"datePublished\":\"2024-05-28T13:56:08+00:00\",\"dateModified\":\"2025-07-25T08:22:20+00:00\",\"description\":\"Sensor f\u00fcr Windgeschwindigkeit und \u2011richtung. Der Windgeschwindigkeits- und Windrichtungssensor besitzt ein niedriges Tr\u00e4gheitsmoment und einziga...\",\"breadcrumb\":{\"@id\":\"https:\/\/pinova-meteo.com\/de\/produkt\/sensor-fur-windgeschwindigkeit-und-richtung-eko#breadcrumb\"},\"inLanguage\":\"de\",\"potentialAction\":[{\"@type\":\"ReadAction\",\"target\":[\"https:\/\/pinova-meteo.com\/de\/produkt\/sensor-fur-windgeschwindigkeit-und-richtung-eko\"]}]},{\"@type\":\"ImageObject\",\"inLanguage\":\"de\",\"@id\":\"https:\/\/pinova-meteo.com\/de\/produkt\/sensor-fur-windgeschwindigkeit-und-richtung-eko#primaryimage\",\"url\":\"https:\/\/pinova-meteo.com\/wp-content\/uploads\/2024\/05\/Senzor-brzine-i-smjera-vjetra-2.jpg\",\"contentUrl\":\"https:\/\/pinova-meteo.com\/wp-content\/uploads\/2024\/05\/Senzor-brzine-i-smjera-vjetra-2.jpg\",\"width\":1920,\"height\":600},{\"@type\":\"BreadcrumbList\",\"@id\":\"https:\/\/pinova-meteo.com\/de\/produkt\/sensor-fur-windgeschwindigkeit-und-richtung-eko#breadcrumb\",\"itemListElement\":[{\"@type\":\"ListItem\",\"position\":1,\"name\":\"Po\u010detna stranica\",\"item\":\"https:\/\/pinova-meteo.com\/de\"},{\"@type\":\"ListItem\",\"position\":2,\"name\":\"Trgovina\",\"item\":\"https:\/\/pinova-meteo.com\/?page_id=7\"},{\"@type\":\"ListItem\",\"position\":3,\"name\":\"Sensor f\u00fcr Windgeschwindigkeit und \u2011richtung (EKO)\"}]},{\"@type\":\"WebSite\",\"@id\":\"https:\/\/pinova-meteo.com\/de#website\",\"url\":\"https:\/\/pinova-meteo.com\/de\",\"name\":\"Pinova Meteo\",\"description\":\"\",\"potentialAction\":[{\"@type\":\"SearchAction\",\"target\":{\"@type\":\"EntryPoint\",\"urlTemplate\":\"https:\/\/pinova-meteo.com\/de?s={search_term_string}\"},\"query-input\":\"required name=search_term_string\"}],\"inLanguage\":\"de\"}]}<\/script>\n<!-- \/ Yoast SEO plugin. -->","yoast_head_json":{"title":"Sensor f\u00fcr Windgeschwindigkeit und \u2011richtung (EKO) - Pinova Meteo","description":"Sensor f\u00fcr Windgeschwindigkeit und \u2011richtung. Der Windgeschwindigkeits- und Windrichtungssensor besitzt ein niedriges Tr\u00e4gheitsmoment und einziga...","robots":{"index":"index","follow":"follow","max-snippet":"max-snippet:-1","max-image-preview":"max-image-preview:large","max-video-preview":"max-video-preview:-1"},"canonical":"https:\/\/pinova-meteo.com\/de\/produkt\/sensor-fur-windgeschwindigkeit-und-richtung-eko","og_locale":"de_DE","og_type":"article","og_title":"Sensor f\u00fcr Windgeschwindigkeit und \u2011richtung (EKO) - Pinova Meteo","og_description":"Sensor f\u00fcr Windgeschwindigkeit und \u2011richtung. Der Windgeschwindigkeits- und Windrichtungssensor besitzt ein niedriges Tr\u00e4gheitsmoment und einziga...","og_url":"https:\/\/pinova-meteo.com\/de\/produkt\/sensor-fur-windgeschwindigkeit-und-richtung-eko","og_site_name":"Pinova Meteo","article_modified_time":"2025-07-25T08:22:20+00:00","og_image":[{"width":1920,"height":600,"url":"https:\/\/pinova-meteo.com\/wp-content\/uploads\/2024\/05\/Senzor-brzine-i-smjera-vjetra-2.jpg","type":"image\/jpeg"}],"twitter_card":"summary_large_image","twitter_misc":{"Gesch\u00e4tzte Lesezeit":"2\u00a0Minuten"},"schema":{"@context":"https:\/\/schema.org","@graph":[{"@type":"WebPage","@id":"https:\/\/pinova-meteo.com\/de\/produkt\/sensor-fur-windgeschwindigkeit-und-richtung-eko","url":"https:\/\/pinova-meteo.com\/de\/produkt\/sensor-fur-windgeschwindigkeit-und-richtung-eko","name":"Sensor f\u00fcr Windgeschwindigkeit und \u2011richtung (EKO) - Pinova Meteo","isPartOf":{"@id":"https:\/\/pinova-meteo.com\/de#website"},"primaryImageOfPage":{"@id":"https:\/\/pinova-meteo.com\/de\/produkt\/sensor-fur-windgeschwindigkeit-und-richtung-eko#primaryimage"},"image":{"@id":"https:\/\/pinova-meteo.com\/de\/produkt\/sensor-fur-windgeschwindigkeit-und-richtung-eko#primaryimage"},"thumbnailUrl":"https:\/\/pinova-meteo.com\/wp-content\/uploads\/2024\/05\/Senzor-brzine-i-smjera-vjetra-2.jpg","datePublished":"2024-05-28T13:56:08+00:00","dateModified":"2025-07-25T08:22:20+00:00","description":"Sensor f\u00fcr Windgeschwindigkeit und \u2011richtung. Der Windgeschwindigkeits- und Windrichtungssensor besitzt ein niedriges Tr\u00e4gheitsmoment und einziga...","breadcrumb":{"@id":"https:\/\/pinova-meteo.com\/de\/produkt\/sensor-fur-windgeschwindigkeit-und-richtung-eko#breadcrumb"},"inLanguage":"de","potentialAction":[{"@type":"ReadAction","target":["https:\/\/pinova-meteo.com\/de\/produkt\/sensor-fur-windgeschwindigkeit-und-richtung-eko"]}]},{"@type":"ImageObject","inLanguage":"de","@id":"https:\/\/pinova-meteo.com\/de\/produkt\/sensor-fur-windgeschwindigkeit-und-richtung-eko#primaryimage","url":"https:\/\/pinova-meteo.com\/wp-content\/uploads\/2024\/05\/Senzor-brzine-i-smjera-vjetra-2.jpg","contentUrl":"https:\/\/pinova-meteo.com\/wp-content\/uploads\/2024\/05\/Senzor-brzine-i-smjera-vjetra-2.jpg","width":1920,"height":600},{"@type":"BreadcrumbList","@id":"https:\/\/pinova-meteo.com\/de\/produkt\/sensor-fur-windgeschwindigkeit-und-richtung-eko#breadcrumb","itemListElement":[{"@type":"ListItem","position":1,"name":"Po\u010detna stranica","item":"https:\/\/pinova-meteo.com\/de"},{"@type":"ListItem","position":2,"name":"Trgovina","item":"https:\/\/pinova-meteo.com\/?page_id=7"},{"@type":"ListItem","position":3,"name":"Sensor f\u00fcr Windgeschwindigkeit und \u2011richtung (EKO)"}]},{"@type":"WebSite","@id":"https:\/\/pinova-meteo.com\/de#website","url":"https:\/\/pinova-meteo.com\/de","name":"Pinova Meteo","description":"","potentialAction":[{"@type":"SearchAction","target":{"@type":"EntryPoint","urlTemplate":"https:\/\/pinova-meteo.com\/de?s={search_term_string}"},"query-input":"required name=search_term_string"}],"inLanguage":"de"}]}},"_links":{"self":[{"href":"https:\/\/pinova-meteo.com\/de\/wp-json\/wp\/v2\/product\/4286","targetHints":{"allow":["GET"]}}],"collection":[{"href":"https:\/\/pinova-meteo.com\/de\/wp-json\/wp\/v2\/product"}],"about":[{"href":"https:\/\/pinova-meteo.com\/de\/wp-json\/wp\/v2\/types\/product"}],"replies":[{"embeddable":true,"href":"https:\/\/pinova-meteo.com\/de\/wp-json\/wp\/v2\/comments?post=4286"}],"wp:featuredmedia":[{"embeddable":true,"href":"https:\/\/pinova-meteo.com\/de\/wp-json\/wp\/v2\/media\/4287"}],"wp:attachment":[{"href":"https:\/\/pinova-meteo.com\/de\/wp-json\/wp\/v2\/media?parent=4286"}],"wp:term":[{"taxonomy":"product_cat","embeddable":true,"href":"https:\/\/pinova-meteo.com\/de\/wp-json\/wp\/v2\/product_cat?post=4286"},{"taxonomy":"product_tag","embeddable":true,"href":"https:\/\/pinova-meteo.com\/de\/wp-json\/wp\/v2\/product_tag?post=4286"}],"curies":[{"name":"wp","href":"https:\/\/api.w.org\/{rel}","templated":true}]}}