{"id":4290,"date":"2024-05-28T15:55:03","date_gmt":"2024-05-28T13:55:03","guid":{"rendered":"https:\/\/pinova-meteo.com\/proizvod\/senzor-fotosintetske-aktivnosti-par"},"modified":"2025-07-25T10:09:02","modified_gmt":"2025-07-25T08:09:02","slug":"sensor-fur-photosynthetische-aktivitat-par","status":"publish","type":"product","link":"https:\/\/pinova-meteo.com\/de\/produkt\/sensor-fur-photosynthetische-aktivitat-par","title":{"rendered":"Sensor f\u00fcr photosynthetische Aktivit\u00e4t (PAR)"},"content":{"rendered":"<p data-start=\"52\" data-end=\"148\"><strong data-start=\"52\" data-end=\"148\">Apogee Instruments Quantum-Sensoren zur Messung der photosynthetisch aktiven Strahlung (PAR)<\/strong><\/p>\n<p data-start=\"150\" data-end=\"789\">Die originalen X Quantum-Sensoren von Apogee Instruments erm\u00f6glichen eine genaue und erschwingliche Messung der photosynthetisch aktiven Strahlung (PAR) in \u00b5mol m\u207b\u00b2 s\u207b\u00b9 aus allen breitbandigen Lichtquellen, die f\u00fcr den Anbau von Pflanzen und Korallen verwendet werden \u2013 darunter Sonnenlicht sowie Metallhalogenid- und CFL-Lampen. Der Spektralbereich betr\u00e4gt 370 bis 650 nm. Der patentierte kuppelf\u00f6rmige Sensorkopf erm\u00f6glicht das Ablaufen von Tau und Regen, was den Sensor sauber h\u00e4lt und Fehler durch Staubansammlungen reduziert. Die Sensoren befinden sich in einem robusten Aluminiumgeh\u00e4use, und die Elektronik ist vollst\u00e4ndig gesch\u00fctzt.<\/p>\n<p><img loading=\"lazy\" decoding=\"async\" class=\"size-medium wp-image-3927 aligncenter\" src=\"https:\/\/pinova-meteo.com\/wp-content\/uploads\/2024\/05\/apooge-logo-300x122.jpg\" alt=\"\" width=\"300\" height=\"122\" srcset=\"https:\/\/pinova-meteo.com\/wp-content\/uploads\/2024\/05\/apooge-logo-300x122.jpg 300w, https:\/\/pinova-meteo.com\/wp-content\/uploads\/2024\/05\/apooge-logo.jpg 353w\" sizes=\"auto, (max-width: 300px) 100vw, 300px\" \/><\/p>\n<p data-start=\"791\" data-end=\"1593\" data-is-last-node=\"\" data-is-only-node=\"\">Quantum-Sensoren eignen sich ideal zur Messung der photosynthetischen Photonenflussdichte (PPFD) \u00fcber den Pflanzend\u00e4chern im Freiland, in Gew\u00e4chsh\u00e4usern und Wachstumskammern sowie unterhalb der Pflanzend\u00e4cher. Sie werden ebenfalls zur Messung der PPFD in aquatischen Umgebungen eingesetzt, einschlie\u00dflich Meerwasseraquarien zur Korallenzucht. Jeder Sensor ist sorgf\u00e4ltig unter kontrollierten Bedingungen kalibriert und entspricht den NIST-Referenzstandards. Die originalen Sensoren sind entweder f\u00fcr Sonnenlicht oder elektrische Lichtquellen kalibriert. Eine Kosinuskorrektur stellt sicher, dass die Messungen auch bei niedrigem Zenitwinkel exakt bleiben. Die Langzeitstabilit\u00e4t der Sensoren wurde in beschleunigten Alterungstests best\u00e4tigt und weist eine Instabilit\u00e4t von weniger als 2 % pro Jahr auf.<\/p>\n<p><img loading=\"lazy\" decoding=\"async\" class=\"size-medium wp-image-3961 aligncenter\" src=\"https:\/\/pinova-meteo.com\/wp-content\/uploads\/2024\/05\/sq_100X_spectral_response-300x225.jpg\" alt=\"\" width=\"300\" height=\"225\" srcset=\"https:\/\/pinova-meteo.com\/wp-content\/uploads\/2024\/05\/sq_100X_spectral_response-300x225.jpg 300w, https:\/\/pinova-meteo.com\/wp-content\/uploads\/2024\/05\/sq_100X_spectral_response.jpg 450w\" sizes=\"auto, (max-width: 300px) 100vw, 300px\" \/><\/p>\n<p>&nbsp;<\/p>\n<p>&nbsp;<\/p>\n","protected":false},"excerpt":{"rendered":"<p>Apogee Instruments Quantum-Sensoren zur Messung der photosynthetisch aktiven Strahlung (PAR) Die originalen X Quantum-Sensoren von Apogee Instruments erm\u00f6glichen eine genaue und erschwingliche Messung der photosynthetisch aktiven Strahlung (PAR) in \u00b5mol m\u207b\u00b2 s\u207b\u00b9 aus allen breitbandigen Lichtquellen, die f\u00fcr den Anbau von Pflanzen und Korallen verwendet werden \u2013 darunter Sonnenlicht sowie Metallhalogenid- und CFL-Lampen. Der Spektralbereich [&hellip;]<\/p>\n","protected":false},"featured_media":4292,"comment_status":"open","ping_status":"closed","template":"","meta":{"_et_pb_use_builder":"","_et_pb_old_content":"","_et_gb_content_width":""},"product_cat":[87,90],"product_tag":[],"class_list":{"0":"post-4290","1":"product","2":"type-product","3":"status-publish","4":"has-post-thumbnail","6":"product_cat-sensoren","7":"product_cat-sonne","9":"first","10":"instock","11":"shipping-taxable","12":"product-type-simple"},"yoast_head":"<!-- This site is optimized with the Yoast SEO plugin v23.0 - https:\/\/yoast.com\/wordpress\/plugins\/seo\/ -->\n<title>Sensor f\u00fcr photosynthetische Aktivit\u00e4t (PAR) - Pinova Meteo<\/title>\n<meta name=\"description\" content=\"Apogee Instruments Quantum-Sensoren zur Messung der photosynthetisch aktiven Strahlung (PAR). Die originalen X Quantum-Sensoren von Apogee Instruments...\" \/>\n<meta name=\"robots\" content=\"index, follow, max-snippet:-1, max-image-preview:large, max-video-preview:-1\" \/>\n<link rel=\"canonical\" href=\"https:\/\/pinova-meteo.com\/de\/produkt\/sensor-fur-photosynthetische-aktivitat-par\" \/>\n<meta property=\"og:locale\" content=\"de_DE\" \/>\n<meta property=\"og:type\" content=\"article\" \/>\n<meta property=\"og:title\" content=\"Sensor f\u00fcr photosynthetische Aktivit\u00e4t (PAR) - Pinova Meteo\" \/>\n<meta property=\"og:description\" content=\"Apogee Instruments Quantum-Sensoren zur Messung der photosynthetisch aktiven Strahlung (PAR). Die originalen X Quantum-Sensoren von Apogee Instruments...\" \/>\n<meta property=\"og:url\" content=\"https:\/\/pinova-meteo.com\/de\/produkt\/sensor-fur-photosynthetische-aktivitat-par\" \/>\n<meta property=\"og:site_name\" content=\"Pinova Meteo\" \/>\n<meta property=\"article:modified_time\" content=\"2025-07-25T08:09:02+00:00\" \/>\n<meta property=\"og:image\" content=\"https:\/\/pinova-meteo.com\/wp-content\/uploads\/2024\/05\/Senzor-globalnog-zracenja-1.jpg\" \/>\n\t<meta property=\"og:image:width\" content=\"1920\" \/>\n\t<meta property=\"og:image:height\" content=\"600\" \/>\n\t<meta property=\"og:image:type\" content=\"image\/jpeg\" \/>\n<meta name=\"twitter:card\" content=\"summary_large_image\" \/>\n<meta name=\"twitter:label1\" content=\"Gesch\u00e4tzte Lesezeit\" \/>\n\t<meta name=\"twitter:data1\" content=\"2\u00a0Minuten\" \/>\n<script type=\"application\/ld+json\" class=\"yoast-schema-graph\">{\"@context\":\"https:\/\/schema.org\",\"@graph\":[{\"@type\":\"WebPage\",\"@id\":\"https:\/\/pinova-meteo.com\/de\/produkt\/sensor-fur-photosynthetische-aktivitat-par\",\"url\":\"https:\/\/pinova-meteo.com\/de\/produkt\/sensor-fur-photosynthetische-aktivitat-par\",\"name\":\"Sensor f\u00fcr photosynthetische Aktivit\u00e4t (PAR) - Pinova Meteo\",\"isPartOf\":{\"@id\":\"https:\/\/pinova-meteo.com\/de#website\"},\"primaryImageOfPage\":{\"@id\":\"https:\/\/pinova-meteo.com\/de\/produkt\/sensor-fur-photosynthetische-aktivitat-par#primaryimage\"},\"image\":{\"@id\":\"https:\/\/pinova-meteo.com\/de\/produkt\/sensor-fur-photosynthetische-aktivitat-par#primaryimage\"},\"thumbnailUrl\":\"https:\/\/pinova-meteo.com\/wp-content\/uploads\/2024\/05\/Senzor-globalnog-zracenja-1.jpg\",\"datePublished\":\"2024-05-28T13:55:03+00:00\",\"dateModified\":\"2025-07-25T08:09:02+00:00\",\"description\":\"Apogee Instruments Quantum-Sensoren zur Messung der photosynthetisch aktiven Strahlung (PAR). Die originalen X Quantum-Sensoren von Apogee Instruments...\",\"breadcrumb\":{\"@id\":\"https:\/\/pinova-meteo.com\/de\/produkt\/sensor-fur-photosynthetische-aktivitat-par#breadcrumb\"},\"inLanguage\":\"de\",\"potentialAction\":[{\"@type\":\"ReadAction\",\"target\":[\"https:\/\/pinova-meteo.com\/de\/produkt\/sensor-fur-photosynthetische-aktivitat-par\"]}]},{\"@type\":\"ImageObject\",\"inLanguage\":\"de\",\"@id\":\"https:\/\/pinova-meteo.com\/de\/produkt\/sensor-fur-photosynthetische-aktivitat-par#primaryimage\",\"url\":\"https:\/\/pinova-meteo.com\/wp-content\/uploads\/2024\/05\/Senzor-globalnog-zracenja-1.jpg\",\"contentUrl\":\"https:\/\/pinova-meteo.com\/wp-content\/uploads\/2024\/05\/Senzor-globalnog-zracenja-1.jpg\",\"width\":1920,\"height\":600},{\"@type\":\"BreadcrumbList\",\"@id\":\"https:\/\/pinova-meteo.com\/de\/produkt\/sensor-fur-photosynthetische-aktivitat-par#breadcrumb\",\"itemListElement\":[{\"@type\":\"ListItem\",\"position\":1,\"name\":\"Po\u010detna stranica\",\"item\":\"https:\/\/pinova-meteo.com\/de\"},{\"@type\":\"ListItem\",\"position\":2,\"name\":\"Trgovina\",\"item\":\"https:\/\/pinova-meteo.com\/?page_id=7\"},{\"@type\":\"ListItem\",\"position\":3,\"name\":\"Sensor f\u00fcr photosynthetische Aktivit\u00e4t (PAR)\"}]},{\"@type\":\"WebSite\",\"@id\":\"https:\/\/pinova-meteo.com\/de#website\",\"url\":\"https:\/\/pinova-meteo.com\/de\",\"name\":\"Pinova Meteo\",\"description\":\"\",\"potentialAction\":[{\"@type\":\"SearchAction\",\"target\":{\"@type\":\"EntryPoint\",\"urlTemplate\":\"https:\/\/pinova-meteo.com\/de?s={search_term_string}\"},\"query-input\":\"required name=search_term_string\"}],\"inLanguage\":\"de\"}]}<\/script>\n<!-- \/ Yoast SEO plugin. -->","yoast_head_json":{"title":"Sensor f\u00fcr photosynthetische Aktivit\u00e4t (PAR) - Pinova Meteo","description":"Apogee Instruments Quantum-Sensoren zur Messung der photosynthetisch aktiven Strahlung (PAR). Die originalen X Quantum-Sensoren von Apogee Instruments...","robots":{"index":"index","follow":"follow","max-snippet":"max-snippet:-1","max-image-preview":"max-image-preview:large","max-video-preview":"max-video-preview:-1"},"canonical":"https:\/\/pinova-meteo.com\/de\/produkt\/sensor-fur-photosynthetische-aktivitat-par","og_locale":"de_DE","og_type":"article","og_title":"Sensor f\u00fcr photosynthetische Aktivit\u00e4t (PAR) - Pinova Meteo","og_description":"Apogee Instruments Quantum-Sensoren zur Messung der photosynthetisch aktiven Strahlung (PAR). Die originalen X Quantum-Sensoren von Apogee Instruments...","og_url":"https:\/\/pinova-meteo.com\/de\/produkt\/sensor-fur-photosynthetische-aktivitat-par","og_site_name":"Pinova Meteo","article_modified_time":"2025-07-25T08:09:02+00:00","og_image":[{"width":1920,"height":600,"url":"https:\/\/pinova-meteo.com\/wp-content\/uploads\/2024\/05\/Senzor-globalnog-zracenja-1.jpg","type":"image\/jpeg"}],"twitter_card":"summary_large_image","twitter_misc":{"Gesch\u00e4tzte Lesezeit":"2\u00a0Minuten"},"schema":{"@context":"https:\/\/schema.org","@graph":[{"@type":"WebPage","@id":"https:\/\/pinova-meteo.com\/de\/produkt\/sensor-fur-photosynthetische-aktivitat-par","url":"https:\/\/pinova-meteo.com\/de\/produkt\/sensor-fur-photosynthetische-aktivitat-par","name":"Sensor f\u00fcr photosynthetische Aktivit\u00e4t (PAR) - Pinova Meteo","isPartOf":{"@id":"https:\/\/pinova-meteo.com\/de#website"},"primaryImageOfPage":{"@id":"https:\/\/pinova-meteo.com\/de\/produkt\/sensor-fur-photosynthetische-aktivitat-par#primaryimage"},"image":{"@id":"https:\/\/pinova-meteo.com\/de\/produkt\/sensor-fur-photosynthetische-aktivitat-par#primaryimage"},"thumbnailUrl":"https:\/\/pinova-meteo.com\/wp-content\/uploads\/2024\/05\/Senzor-globalnog-zracenja-1.jpg","datePublished":"2024-05-28T13:55:03+00:00","dateModified":"2025-07-25T08:09:02+00:00","description":"Apogee Instruments Quantum-Sensoren zur Messung der photosynthetisch aktiven Strahlung (PAR). Die originalen X Quantum-Sensoren von Apogee Instruments...","breadcrumb":{"@id":"https:\/\/pinova-meteo.com\/de\/produkt\/sensor-fur-photosynthetische-aktivitat-par#breadcrumb"},"inLanguage":"de","potentialAction":[{"@type":"ReadAction","target":["https:\/\/pinova-meteo.com\/de\/produkt\/sensor-fur-photosynthetische-aktivitat-par"]}]},{"@type":"ImageObject","inLanguage":"de","@id":"https:\/\/pinova-meteo.com\/de\/produkt\/sensor-fur-photosynthetische-aktivitat-par#primaryimage","url":"https:\/\/pinova-meteo.com\/wp-content\/uploads\/2024\/05\/Senzor-globalnog-zracenja-1.jpg","contentUrl":"https:\/\/pinova-meteo.com\/wp-content\/uploads\/2024\/05\/Senzor-globalnog-zracenja-1.jpg","width":1920,"height":600},{"@type":"BreadcrumbList","@id":"https:\/\/pinova-meteo.com\/de\/produkt\/sensor-fur-photosynthetische-aktivitat-par#breadcrumb","itemListElement":[{"@type":"ListItem","position":1,"name":"Po\u010detna stranica","item":"https:\/\/pinova-meteo.com\/de"},{"@type":"ListItem","position":2,"name":"Trgovina","item":"https:\/\/pinova-meteo.com\/?page_id=7"},{"@type":"ListItem","position":3,"name":"Sensor f\u00fcr photosynthetische Aktivit\u00e4t (PAR)"}]},{"@type":"WebSite","@id":"https:\/\/pinova-meteo.com\/de#website","url":"https:\/\/pinova-meteo.com\/de","name":"Pinova Meteo","description":"","potentialAction":[{"@type":"SearchAction","target":{"@type":"EntryPoint","urlTemplate":"https:\/\/pinova-meteo.com\/de?s={search_term_string}"},"query-input":"required name=search_term_string"}],"inLanguage":"de"}]}},"_links":{"self":[{"href":"https:\/\/pinova-meteo.com\/de\/wp-json\/wp\/v2\/product\/4290","targetHints":{"allow":["GET"]}}],"collection":[{"href":"https:\/\/pinova-meteo.com\/de\/wp-json\/wp\/v2\/product"}],"about":[{"href":"https:\/\/pinova-meteo.com\/de\/wp-json\/wp\/v2\/types\/product"}],"replies":[{"embeddable":true,"href":"https:\/\/pinova-meteo.com\/de\/wp-json\/wp\/v2\/comments?post=4290"}],"wp:featuredmedia":[{"embeddable":true,"href":"https:\/\/pinova-meteo.com\/de\/wp-json\/wp\/v2\/media\/4292"}],"wp:attachment":[{"href":"https:\/\/pinova-meteo.com\/de\/wp-json\/wp\/v2\/media?parent=4290"}],"wp:term":[{"taxonomy":"product_cat","embeddable":true,"href":"https:\/\/pinova-meteo.com\/de\/wp-json\/wp\/v2\/product_cat?post=4290"},{"taxonomy":"product_tag","embeddable":true,"href":"https:\/\/pinova-meteo.com\/de\/wp-json\/wp\/v2\/product_tag?post=4290"}],"curies":[{"name":"wp","href":"https:\/\/api.w.org\/{rel}","templated":true}]}}