{"id":4334,"date":"2024-05-31T11:08:14","date_gmt":"2024-05-31T09:08:14","guid":{"rendered":"https:\/\/pinova-meteo.com\/proizvod\/senzor-vlage-tla-watermark-sonda"},"modified":"2025-07-28T08:33:00","modified_gmt":"2025-07-28T06:33:00","slug":"bodenfeuchtesensor-watermark-sonde","status":"publish","type":"product","link":"https:\/\/pinova-meteo.com\/de\/produkt\/bodenfeuchtesensor-watermark-sonde","title":{"rendered":"Bodenfeuchtesensor \u2013 Watermark\u2011Sonde"},"content":{"rendered":"<p data-start=\"39\" data-end=\"317\">Neben dem Einsatz an <strong data-start=\"60\" data-end=\"94\">agrometeorologischen Stationen<\/strong> k\u00f6nnen die Sensoren des <strong data-start=\"119\" data-end=\"162\">US-amerikanischen Herstellers Irrometer<\/strong> auch direkt im Boden an verschiedenen Standorten installiert werden, um das <strong data-start=\"239\" data-end=\"280\">Bodenwasserpotenzial in Zentibar (cb)<\/strong> bzw. <strong data-start=\"286\" data-end=\"306\">Kilopascal (kPa)<\/strong> zu messen.<\/p>\n<ul data-start=\"319\" data-end=\"433\">\n<li data-start=\"319\" data-end=\"351\">\n<p data-start=\"321\" data-end=\"351\"><strong data-start=\"321\" data-end=\"343\">Sensordurchmesser:<\/strong> 22\u202fmm<\/p>\n<\/li>\n<li data-start=\"352\" data-end=\"378\">\n<p data-start=\"354\" data-end=\"378\"><strong data-start=\"354\" data-end=\"370\">Sensorl\u00e4nge:<\/strong> 83\u202fmm<\/p>\n<\/li>\n<li data-start=\"379\" data-end=\"406\">\n<p data-start=\"381\" data-end=\"406\"><strong data-start=\"381\" data-end=\"399\">Sensorgewicht:<\/strong> 75\u202fg<\/p>\n<\/li>\n<li data-start=\"407\" data-end=\"433\">\n<p data-start=\"409\" data-end=\"433\"><strong data-start=\"409\" data-end=\"424\">Kabell\u00e4nge:<\/strong> 150\u202fcm<\/p>\n<\/li>\n<\/ul>\n<p data-start=\"435\" data-end=\"684\">Diese Sensoren sind <strong data-start=\"455\" data-end=\"479\">einfach und effektiv<\/strong> f\u00fcr die <strong data-start=\"488\" data-end=\"532\">Bodenfeuchtemessung auf gr\u00f6\u00dferen Fl\u00e4chen<\/strong> geeignet. Durch den <strong data-start=\"553\" data-end=\"572\">g\u00fcnstigen Preis<\/strong> ist es m\u00f6glich, auf jedem Feld, das bew\u00e4ssert wird, <strong data-start=\"625\" data-end=\"669\">mehrere Sensoren in verschiedenen Tiefen<\/strong> zu platzieren.<\/p>\n<p data-start=\"686\" data-end=\"853\">Anschluss an das <strong data-start=\"703\" data-end=\"741\">digitale Leseger\u00e4t Watermark Meter<\/strong> ist m\u00f6glich, um die Werte des Bodenwasserpotenzials pr\u00e4zise abzulesen.<br data-start=\"812\" data-end=\"815\" \/><strong data-start=\"815\" data-end=\"831\">Messbereich:<\/strong> 0\u2013199 cb (0\u2013199 kPa).<\/p>\n<hr data-start=\"855\" data-end=\"858\" \/>\n<h3 data-start=\"860\" data-end=\"882\">Aufbau des Sensors<\/h3>\n<p data-start=\"884\" data-end=\"1250\">Der Sensor besteht aus einer <strong data-start=\"913\" data-end=\"926\">Elektrode<\/strong>, die in einer <strong data-start=\"941\" data-end=\"973\">granulierten Matrix aus Gips<\/strong> eingebettet ist. Diese ist von einem <strong data-start=\"1011\" data-end=\"1035\">hydrophilen Material<\/strong> umgeben, das einen optimalen Wasseraustausch mit dem umgebenden Boden erm\u00f6glicht. Die \u00e4u\u00dfere H\u00fclle aus <strong data-start=\"1139\" data-end=\"1165\">perforiertem Edelstahl<\/strong> verleiht dem Sensor Stabilit\u00e4t und ist an den Enden mit Kunststoffelementen fixiert.<\/p>\n<p data-start=\"1252\" data-end=\"1322\"><strong data-start=\"1252\" data-end=\"1295\">Der Sensor erfordert keine Kalibrierung<\/strong> \u2013 unabh\u00e4ngig vom Bodentyp.<\/p>\n<hr data-start=\"1324\" data-end=\"1327\" \/>\n<h3 data-start=\"1329\" data-end=\"1362\">Wann sollte bew\u00e4ssert werden?<\/h3>\n<ul data-start=\"1364\" data-end=\"1799\">\n<li data-start=\"1364\" data-end=\"1413\">\n<p data-start=\"1366\" data-end=\"1413\"><strong data-start=\"1366\" data-end=\"1380\">0 \u2013 10 cb:<\/strong> Boden gut mit Wasser ges\u00e4ttigt<\/p>\n<\/li>\n<li data-start=\"1414\" data-end=\"1556\">\n<p data-start=\"1416\" data-end=\"1556\"><strong data-start=\"1416\" data-end=\"1431\">10 \u2013 30 cb:<\/strong> Boden enth\u00e4lt ausreichend Wasser f\u00fcr normales Wachstum<br data-start=\"1486\" data-end=\"1489\" \/><em data-start=\"1491\" data-end=\"1554\">(bei sandigen B\u00f6den kann ab ca. 30 cb Wassermangel auftreten)<\/em><\/p>\n<\/li>\n<li data-start=\"1557\" data-end=\"1660\">\n<p data-start=\"1559\" data-end=\"1660\"><strong data-start=\"1559\" data-end=\"1574\">30 \u2013 60 cb:<\/strong> Typische Werte, bei denen Bew\u00e4sserung erforderlich ist <em data-start=\"1630\" data-end=\"1658\">(au\u00dfer bei schweren B\u00f6den)<\/em><\/p>\n<\/li>\n<li data-start=\"1661\" data-end=\"1739\">\n<p data-start=\"1663\" data-end=\"1739\"><strong data-start=\"1663\" data-end=\"1679\">60 \u2013 100 cb:<\/strong> \u00dcbliche Schwellenwerte zur Bew\u00e4sserung bei schweren B\u00f6den<\/p>\n<\/li>\n<li data-start=\"1740\" data-end=\"1799\">\n<p data-start=\"1742\" data-end=\"1799\"><strong data-start=\"1742\" data-end=\"1759\">100 \u2013 200 cb:<\/strong> Boden zu trocken f\u00fcr maximale Ertr\u00e4ge<\/p>\n<\/li>\n<\/ul>\n","protected":false},"excerpt":{"rendered":"<p>Neben dem Einsatz an agrometeorologischen Stationen k\u00f6nnen die Sensoren des US-amerikanischen Herstellers Irrometer auch direkt im Boden an verschiedenen Standorten installiert werden, um das Bodenwasserpotenzial in Zentibar (cb) bzw. Kilopascal (kPa) zu messen. Sensordurchmesser: 22\u202fmm Sensorl\u00e4nge: 83\u202fmm Sensorgewicht: 75\u202fg Kabell\u00e4nge: 150\u202fcm Diese Sensoren sind einfach und effektiv f\u00fcr die Bodenfeuchtemessung auf gr\u00f6\u00dferen Fl\u00e4chen geeignet. Durch [&hellip;]<\/p>\n","protected":false},"featured_media":4269,"comment_status":"open","ping_status":"closed","template":"","meta":{"_et_pb_use_builder":"off","_et_pb_old_content":"Osim na agrometeorolo\u0161kim stanica senzori Ameri\u010dkog proizvo\u0111a\u010da Irrometer mogu biti postavljeni u tlo na razli\u010ditim lokacijama te mjeriti vodni potencijal tla koji se izra\u017eava u centibarima (kilopaskalima).\r\n\r\nPromjer senzora: 22\u00a0mm\r\nDuljina senzora: 83\u00a0mm\r\nMasa senzora: 75\u00a0g\r\nDuljina \u017ei\u010danog kabela: 150 cm\r\n\r\nVeoma jednostavni i u\u010dinkoviti senzori za mjerenje vlage tla na ve\u0107im povr\u0161inama. Povoljna cijena senzora omogu\u0107ava da na svakoj tabli koja se navodnjava mjerite vla\u017enost tla na dvije ili vi\u0161e dubina.\r\n\r\nMogu\u0107nost priklju\u010denja na <strong><a href=\"https:\/\/pinova-meteo.com\/proizvod\/digitalni-watermark-citac-handmeter\/\">digitalni \u010dita\u010d Watermark metar<\/a><\/strong> u svrhu o\u010ditanja vrijednosti vodnog potencijala. Mogu\u0107nost mjerenja vodnog potencijala tla u rasponu od 0-199 cb (0-199 kPa).\r\n\r\nSenzor se sastoji od elektrode koja se nalazi u granuliranom matriksu (od gipsa), oblo\u017eenom hidrofilnim materijalom koji osigurava dobru razjenu vode s okolnim tlom, a \u010dvrsto\u0107u mu osigurava perforirana ovojnica od nehr\u0111aju\u0107eg \u010delika, koja je na krajevima pri\u010dvr\u0161\u0107ena plasti\u010dnim materijalom.\r\n\r\nSenzor ne zahtijeva kalibraciju ovisno o tipu tla.\r\n\r\n<strong>KADA KRENUTI U NAVODNJAVANJE?<\/strong>\r\n0 \u2013 10 cb \u00a0= Tlo dobro saturirano vodom\r\n10 \u2013 30 cb = Tlo sadr\u017ei adekvatnu koli\u010dinu \u00a0vodu za normalan rast i razvoj biljke \u00a0(osim kod pjeskovitih tla, kod kojih se na oko 30 cb po\u010dinje javljati deficit vode)\r\n30 \u2013 60 cb = Uobi\u010dajene vrijednosti kada je potrebno navodnjavati (Osim kod te\u0161kih tla)\r\n60 \u2013 100 cb = Uobi\u010dajene vrijednosti kada je potrebno navodnjavati te\u0161ka tla\r\n100 \u2013 200 cb = Tlo postaje presuho za maksimalne prinose\r\n\r\nJedan od na\u010dina iInstalacije\u00a0senzora 200SS -\u00a0<strong><a href=\"https:\/\/www.youtube.com\/watch?v=7Ak2VJvpzyY\">Youtube<\/a><\/strong>\r\n\r\nZa ponudu po\u0161aljite upit na <a href=\"mailto:pinova@pinova.hr\"><strong>pinova@pinova.hr<\/strong><\/a> ili nazovite na broj\u00a0<a href=\"tel:+385976499425\"><strong>097 649 9425<\/strong><\/a>","_et_gb_content_width":""},"product_cat":[94],"product_tag":[],"class_list":{"0":"post-4334","1":"product","2":"type-product","3":"status-publish","4":"has-post-thumbnail","6":"product_cat-bodenfeuchtemessung","8":"first","9":"instock","10":"shipping-taxable","11":"product-type-simple"},"yoast_head":"<!-- This site is optimized with the Yoast SEO plugin v23.0 - https:\/\/yoast.com\/wordpress\/plugins\/seo\/ -->\n<title>Bodenfeuchtesensor \u2013 Watermark\u2011Sonde - Pinova Meteo<\/title>\n<meta name=\"description\" content=\"Neben dem Einsatz an agrometeorologischen Stationen k\u00f6nnen die Sensoren des US-amerikanischen Herstellers Irrometer auch direkt im Boden an verschiede...\" \/>\n<meta name=\"robots\" content=\"index, follow, max-snippet:-1, max-image-preview:large, max-video-preview:-1\" \/>\n<link rel=\"canonical\" href=\"https:\/\/pinova-meteo.com\/de\/produkt\/bodenfeuchtesensor-watermark-sonde\" \/>\n<meta property=\"og:locale\" content=\"de_DE\" \/>\n<meta property=\"og:type\" content=\"article\" \/>\n<meta property=\"og:title\" content=\"Bodenfeuchtesensor \u2013 Watermark\u2011Sonde - Pinova Meteo\" \/>\n<meta property=\"og:description\" content=\"Neben dem Einsatz an agrometeorologischen Stationen k\u00f6nnen die Sensoren des US-amerikanischen Herstellers Irrometer auch direkt im Boden an verschiede...\" \/>\n<meta property=\"og:url\" content=\"https:\/\/pinova-meteo.com\/de\/produkt\/bodenfeuchtesensor-watermark-sonde\" \/>\n<meta property=\"og:site_name\" content=\"Pinova Meteo\" \/>\n<meta property=\"article:modified_time\" content=\"2025-07-28T06:33:00+00:00\" \/>\n<meta property=\"og:image\" content=\"https:\/\/pinova-meteo.com\/wp-content\/uploads\/2024\/05\/Senzor-vlage-tla-Watermark-sonda-9.jpg\" \/>\n\t<meta property=\"og:image:width\" content=\"1920\" \/>\n\t<meta property=\"og:image:height\" content=\"600\" \/>\n\t<meta property=\"og:image:type\" content=\"image\/jpeg\" \/>\n<meta name=\"twitter:card\" content=\"summary_large_image\" \/>\n<meta name=\"twitter:label1\" content=\"Gesch\u00e4tzte Lesezeit\" \/>\n\t<meta name=\"twitter:data1\" content=\"2\u00a0Minuten\" \/>\n<script type=\"application\/ld+json\" class=\"yoast-schema-graph\">{\"@context\":\"https:\/\/schema.org\",\"@graph\":[{\"@type\":\"WebPage\",\"@id\":\"https:\/\/pinova-meteo.com\/de\/produkt\/bodenfeuchtesensor-watermark-sonde\",\"url\":\"https:\/\/pinova-meteo.com\/de\/produkt\/bodenfeuchtesensor-watermark-sonde\",\"name\":\"Bodenfeuchtesensor \u2013 Watermark\u2011Sonde - Pinova Meteo\",\"isPartOf\":{\"@id\":\"https:\/\/pinova-meteo.com\/de#website\"},\"primaryImageOfPage\":{\"@id\":\"https:\/\/pinova-meteo.com\/de\/produkt\/bodenfeuchtesensor-watermark-sonde#primaryimage\"},\"image\":{\"@id\":\"https:\/\/pinova-meteo.com\/de\/produkt\/bodenfeuchtesensor-watermark-sonde#primaryimage\"},\"thumbnailUrl\":\"https:\/\/pinova-meteo.com\/wp-content\/uploads\/2024\/05\/Senzor-vlage-tla-Watermark-sonda-9.jpg\",\"datePublished\":\"2024-05-31T09:08:14+00:00\",\"dateModified\":\"2025-07-28T06:33:00+00:00\",\"description\":\"Neben dem Einsatz an agrometeorologischen Stationen k\u00f6nnen die Sensoren des US-amerikanischen Herstellers Irrometer auch direkt im Boden an verschiede...\",\"breadcrumb\":{\"@id\":\"https:\/\/pinova-meteo.com\/de\/produkt\/bodenfeuchtesensor-watermark-sonde#breadcrumb\"},\"inLanguage\":\"de\",\"potentialAction\":[{\"@type\":\"ReadAction\",\"target\":[\"https:\/\/pinova-meteo.com\/de\/produkt\/bodenfeuchtesensor-watermark-sonde\"]}]},{\"@type\":\"ImageObject\",\"inLanguage\":\"de\",\"@id\":\"https:\/\/pinova-meteo.com\/de\/produkt\/bodenfeuchtesensor-watermark-sonde#primaryimage\",\"url\":\"https:\/\/pinova-meteo.com\/wp-content\/uploads\/2024\/05\/Senzor-vlage-tla-Watermark-sonda-9.jpg\",\"contentUrl\":\"https:\/\/pinova-meteo.com\/wp-content\/uploads\/2024\/05\/Senzor-vlage-tla-Watermark-sonda-9.jpg\",\"width\":1920,\"height\":600},{\"@type\":\"BreadcrumbList\",\"@id\":\"https:\/\/pinova-meteo.com\/de\/produkt\/bodenfeuchtesensor-watermark-sonde#breadcrumb\",\"itemListElement\":[{\"@type\":\"ListItem\",\"position\":1,\"name\":\"Po\u010detna stranica\",\"item\":\"https:\/\/pinova-meteo.com\/de\"},{\"@type\":\"ListItem\",\"position\":2,\"name\":\"Trgovina\",\"item\":\"https:\/\/pinova-meteo.com\/?page_id=7\"},{\"@type\":\"ListItem\",\"position\":3,\"name\":\"Bodenfeuchtesensor \u2013 Watermark\u2011Sonde\"}]},{\"@type\":\"WebSite\",\"@id\":\"https:\/\/pinova-meteo.com\/de#website\",\"url\":\"https:\/\/pinova-meteo.com\/de\",\"name\":\"Pinova Meteo\",\"description\":\"\",\"potentialAction\":[{\"@type\":\"SearchAction\",\"target\":{\"@type\":\"EntryPoint\",\"urlTemplate\":\"https:\/\/pinova-meteo.com\/de?s={search_term_string}\"},\"query-input\":\"required name=search_term_string\"}],\"inLanguage\":\"de\"}]}<\/script>\n<!-- \/ Yoast SEO plugin. -->","yoast_head_json":{"title":"Bodenfeuchtesensor \u2013 Watermark\u2011Sonde - Pinova Meteo","description":"Neben dem Einsatz an agrometeorologischen Stationen k\u00f6nnen die Sensoren des US-amerikanischen Herstellers Irrometer auch direkt im Boden an verschiede...","robots":{"index":"index","follow":"follow","max-snippet":"max-snippet:-1","max-image-preview":"max-image-preview:large","max-video-preview":"max-video-preview:-1"},"canonical":"https:\/\/pinova-meteo.com\/de\/produkt\/bodenfeuchtesensor-watermark-sonde","og_locale":"de_DE","og_type":"article","og_title":"Bodenfeuchtesensor \u2013 Watermark\u2011Sonde - Pinova Meteo","og_description":"Neben dem Einsatz an agrometeorologischen Stationen k\u00f6nnen die Sensoren des US-amerikanischen Herstellers Irrometer auch direkt im Boden an verschiede...","og_url":"https:\/\/pinova-meteo.com\/de\/produkt\/bodenfeuchtesensor-watermark-sonde","og_site_name":"Pinova Meteo","article_modified_time":"2025-07-28T06:33:00+00:00","og_image":[{"width":1920,"height":600,"url":"https:\/\/pinova-meteo.com\/wp-content\/uploads\/2024\/05\/Senzor-vlage-tla-Watermark-sonda-9.jpg","type":"image\/jpeg"}],"twitter_card":"summary_large_image","twitter_misc":{"Gesch\u00e4tzte Lesezeit":"2\u00a0Minuten"},"schema":{"@context":"https:\/\/schema.org","@graph":[{"@type":"WebPage","@id":"https:\/\/pinova-meteo.com\/de\/produkt\/bodenfeuchtesensor-watermark-sonde","url":"https:\/\/pinova-meteo.com\/de\/produkt\/bodenfeuchtesensor-watermark-sonde","name":"Bodenfeuchtesensor \u2013 Watermark\u2011Sonde - Pinova Meteo","isPartOf":{"@id":"https:\/\/pinova-meteo.com\/de#website"},"primaryImageOfPage":{"@id":"https:\/\/pinova-meteo.com\/de\/produkt\/bodenfeuchtesensor-watermark-sonde#primaryimage"},"image":{"@id":"https:\/\/pinova-meteo.com\/de\/produkt\/bodenfeuchtesensor-watermark-sonde#primaryimage"},"thumbnailUrl":"https:\/\/pinova-meteo.com\/wp-content\/uploads\/2024\/05\/Senzor-vlage-tla-Watermark-sonda-9.jpg","datePublished":"2024-05-31T09:08:14+00:00","dateModified":"2025-07-28T06:33:00+00:00","description":"Neben dem Einsatz an agrometeorologischen Stationen k\u00f6nnen die Sensoren des US-amerikanischen Herstellers Irrometer auch direkt im Boden an verschiede...","breadcrumb":{"@id":"https:\/\/pinova-meteo.com\/de\/produkt\/bodenfeuchtesensor-watermark-sonde#breadcrumb"},"inLanguage":"de","potentialAction":[{"@type":"ReadAction","target":["https:\/\/pinova-meteo.com\/de\/produkt\/bodenfeuchtesensor-watermark-sonde"]}]},{"@type":"ImageObject","inLanguage":"de","@id":"https:\/\/pinova-meteo.com\/de\/produkt\/bodenfeuchtesensor-watermark-sonde#primaryimage","url":"https:\/\/pinova-meteo.com\/wp-content\/uploads\/2024\/05\/Senzor-vlage-tla-Watermark-sonda-9.jpg","contentUrl":"https:\/\/pinova-meteo.com\/wp-content\/uploads\/2024\/05\/Senzor-vlage-tla-Watermark-sonda-9.jpg","width":1920,"height":600},{"@type":"BreadcrumbList","@id":"https:\/\/pinova-meteo.com\/de\/produkt\/bodenfeuchtesensor-watermark-sonde#breadcrumb","itemListElement":[{"@type":"ListItem","position":1,"name":"Po\u010detna stranica","item":"https:\/\/pinova-meteo.com\/de"},{"@type":"ListItem","position":2,"name":"Trgovina","item":"https:\/\/pinova-meteo.com\/?page_id=7"},{"@type":"ListItem","position":3,"name":"Bodenfeuchtesensor \u2013 Watermark\u2011Sonde"}]},{"@type":"WebSite","@id":"https:\/\/pinova-meteo.com\/de#website","url":"https:\/\/pinova-meteo.com\/de","name":"Pinova Meteo","description":"","potentialAction":[{"@type":"SearchAction","target":{"@type":"EntryPoint","urlTemplate":"https:\/\/pinova-meteo.com\/de?s={search_term_string}"},"query-input":"required name=search_term_string"}],"inLanguage":"de"}]}},"_links":{"self":[{"href":"https:\/\/pinova-meteo.com\/de\/wp-json\/wp\/v2\/product\/4334","targetHints":{"allow":["GET"]}}],"collection":[{"href":"https:\/\/pinova-meteo.com\/de\/wp-json\/wp\/v2\/product"}],"about":[{"href":"https:\/\/pinova-meteo.com\/de\/wp-json\/wp\/v2\/types\/product"}],"replies":[{"embeddable":true,"href":"https:\/\/pinova-meteo.com\/de\/wp-json\/wp\/v2\/comments?post=4334"}],"wp:featuredmedia":[{"embeddable":true,"href":"https:\/\/pinova-meteo.com\/de\/wp-json\/wp\/v2\/media\/4269"}],"wp:attachment":[{"href":"https:\/\/pinova-meteo.com\/de\/wp-json\/wp\/v2\/media?parent=4334"}],"wp:term":[{"taxonomy":"product_cat","embeddable":true,"href":"https:\/\/pinova-meteo.com\/de\/wp-json\/wp\/v2\/product_cat?post=4334"},{"taxonomy":"product_tag","embeddable":true,"href":"https:\/\/pinova-meteo.com\/de\/wp-json\/wp\/v2\/product_tag?post=4334"}],"curies":[{"name":"wp","href":"https:\/\/api.w.org\/{rel}","templated":true}]}}