{"id":5010,"date":"2025-04-08T13:05:10","date_gmt":"2025-04-08T11:05:10","guid":{"rendered":"https:\/\/pinova-meteo.com\/proizvod\/sonda-za-mjerenje-vlage-tla"},"modified":"2025-08-08T08:05:27","modified_gmt":"2025-08-08T06:05:27","slug":"hydrascout-sonde-zur-bodenfeuchtemessung","status":"publish","type":"product","link":"https:\/\/pinova-meteo.com\/de\/produkt\/hydrascout-sonde-zur-bodenfeuchtemessung","title":{"rendered":"Hydrascout\u2011Sonde zur Bodenfeuchtemessung"},"content":{"rendered":"<h2 data-start=\"129\" data-end=\"197\"><strong data-start=\"132\" data-end=\"195\">Hydrascout \u2013 Pr\u00e4zise Bodenfeuchtemessung in mehreren Tiefen<\/strong><\/h2>\n<p data-start=\"199\" data-end=\"484\">Die <strong data-start=\"203\" data-end=\"224\">Hydrascout\u00ae-Sonde<\/strong> liefert pr\u00e4zise Daten zu <strong data-start=\"250\" data-end=\"296\">Bodenfeuchte, Temperatur und Leitf\u00e4higkeit<\/strong> in verschiedenen Tiefen.<br data-start=\"321\" data-end=\"324\" \/>Dank ihres <strong data-start=\"335\" data-end=\"356\">modularen Designs<\/strong> und der <strong data-start=\"365\" data-end=\"386\">robusten Bauweise<\/strong> kann die Sonde individuell an <strong data-start=\"417\" data-end=\"432\">Kulturarten<\/strong> und <strong data-start=\"437\" data-end=\"464\">Anwendungsanforderungen<\/strong> angepasst werden.<\/p>\n<p data-start=\"199\" data-end=\"484\"><img loading=\"lazy\" decoding=\"async\" class=\"alignnone size-medium wp-image-4124\" src=\"https:\/\/pinova-meteo.com\/wp-content\/uploads\/2025\/04\/Hydrascout-probe-300x71.jpg\" alt=\"\" width=\"300\" height=\"71\" \/><\/p>\n<p data-start=\"486\" data-end=\"690\">Die Bodenfeuchte wird <strong data-start=\"508\" data-end=\"536\">volumetrisch (kapazitiv)<\/strong> gemessen und als <strong data-start=\"554\" data-end=\"563\">Vol-%<\/strong> ausgegeben.<br data-start=\"575\" data-end=\"578\" \/>Mit einem Durchmesser von nur <strong data-start=\"608\" data-end=\"617\">38 mm<\/strong> erfasst die Sonde ein <strong data-start=\"640\" data-end=\"663\">gro\u00dfes Bodenvolumen<\/strong> um jeden Sensorstandort.<\/p>\n<p data-start=\"486\" data-end=\"690\"><img loading=\"lazy\" decoding=\"async\" class=\"alignnone size-medium wp-image-4126\" src=\"https:\/\/pinova-meteo.com\/wp-content\/uploads\/2025\/04\/OK-300x225.jpg\" alt=\"\" width=\"300\" height=\"225\" \/><\/p>\n<hr data-start=\"692\" data-end=\"695\" \/>\n<h3 data-start=\"697\" data-end=\"739\"><strong data-start=\"701\" data-end=\"737\">Daten\u00fcbertragung und \u00dcberwachung<\/strong><\/h3>\n<p data-start=\"740\" data-end=\"1004\">Die Hydrascout\u00ae-Sonde wird an einen <strong data-start=\"776\" data-end=\"791\">Datenlogger<\/strong> angeschlossen, der per <strong data-start=\"815\" data-end=\"826\">4G-Netz<\/strong> mit dem Internet verbunden ist.<br data-start=\"858\" data-end=\"861\" \/>Die Messwerte werden <strong data-start=\"882\" data-end=\"897\">in Echtzeit<\/strong> \u00fcber eine <strong data-start=\"908\" data-end=\"925\">Web-Anwendung<\/strong> angezeigt \u2013 jeder Sensor hat seine eigene Kurve im Diagramm.<br data-start=\"986\" data-end=\"989\" \/>Messbar sind:<\/p>\n<ul data-start=\"1005\" data-end=\"1086\">\n<li data-start=\"1005\" data-end=\"1019\">\n<p data-start=\"1007\" data-end=\"1019\">Temperatur<\/p>\n<\/li>\n<li data-start=\"1020\" data-end=\"1036\">\n<p data-start=\"1022\" data-end=\"1036\">Feuchtigkeit<\/p>\n<\/li>\n<li data-start=\"1037\" data-end=\"1055\">\n<p data-start=\"1039\" data-end=\"1055\">Leitf\u00e4higkeit*<\/p>\n<\/li>\n<li data-start=\"1056\" data-end=\"1086\">\n<p data-start=\"1058\" data-end=\"1086\">Wurzelaktivit\u00e4t (je Tiefe)<\/p>\n<\/li>\n<\/ul>\n<hr data-start=\"1088\" data-end=\"1091\" \/>\n<h3 data-start=\"1093\" data-end=\"1116\"><strong data-start=\"1097\" data-end=\"1116\">Einsatzbereiche<\/strong><\/h3>\n<p data-start=\"1117\" data-end=\"1150\"><strong data-start=\"1117\" data-end=\"1148\">F\u00fcr alle Bew\u00e4sserungsarten:<\/strong><\/p>\n<ul data-start=\"1151\" data-end=\"1261\">\n<li data-start=\"1151\" data-end=\"1175\">\n<p data-start=\"1153\" data-end=\"1175\">Tr\u00f6pfchenbew\u00e4sserung<\/p>\n<\/li>\n<li data-start=\"1176\" data-end=\"1192\">\n<p data-start=\"1178\" data-end=\"1192\">Mikrospr\u00fcher<\/p>\n<\/li>\n<li data-start=\"1193\" data-end=\"1209\">\n<p data-start=\"1195\" data-end=\"1209\">Pivotanlagen<\/p>\n<\/li>\n<li data-start=\"1210\" data-end=\"1234\">\n<p data-start=\"1212\" data-end=\"1234\">Sprinklerbew\u00e4sserung<\/p>\n<\/li>\n<li data-start=\"1235\" data-end=\"1261\">\n<p data-start=\"1237\" data-end=\"1261\">Oberfl\u00e4chenbew\u00e4sserung<\/p>\n<\/li>\n<\/ul>\n<p data-start=\"1263\" data-end=\"1287\"><strong data-start=\"1263\" data-end=\"1285\">F\u00fcr alle Kulturen:<\/strong><\/p>\n<ul data-start=\"1288\" data-end=\"1336\">\n<li data-start=\"1288\" data-end=\"1336\">\n<p data-start=\"1290\" data-end=\"1336\">Geeignet f\u00fcr jede landwirtschaftliche Kultur<\/p>\n<\/li>\n<\/ul>\n<p data-start=\"1338\" data-end=\"1363\"><strong data-start=\"1338\" data-end=\"1361\">F\u00fcr alle Bodentypen<\/strong><\/p>\n<p data-start=\"1365\" data-end=\"1462\">\ud83d\udca1 <strong data-start=\"1368\" data-end=\"1424\">Effiziente Bew\u00e4sserung beginnt unter der Oberfl\u00e4che.<\/strong><br data-start=\"1424\" data-end=\"1427\" \/><strong data-start=\"1427\" data-end=\"1462\">Hydrascout \u2013 Ihr Auge im Boden.<\/strong><\/p>\n<p><img loading=\"lazy\" decoding=\"async\" class=\"wp-image-4134 size-medium\" src=\"https:\/\/pinova-meteo.com\/wp-content\/uploads\/2025\/04\/Hydrascout-telemetrie.jpg-222x300.webp\" alt=\"\" width=\"222\" height=\"300\" data-wp-editing=\"1\" \/><\/p>\n<hr data-start=\"1464\" data-end=\"1467\" \/>\n<h3 data-start=\"1469\" data-end=\"1490\"><strong data-start=\"1473\" data-end=\"1488\">Datenlogger<\/strong><\/h3>\n<ul data-start=\"1491\" data-end=\"1537\">\n<li data-start=\"1491\" data-end=\"1537\">\n<p data-start=\"1493\" data-end=\"1537\"><strong data-start=\"1493\" data-end=\"1506\">HydraSolo<\/strong> \u2013 10 cm, 1 Sensor, 5 m Kabel<\/p>\n<\/li>\n<li data-start=\"1491\" data-end=\"1537\"><img loading=\"lazy\" decoding=\"async\" class=\"wp-image-4130 size-medium\" src=\"https:\/\/pinova-meteo.com\/wp-content\/uploads\/2025\/04\/HydraSolo-300x218.png\" alt=\"\" width=\"300\" height=\"218\" \/><\/li>\n<\/ul>\n<hr data-start=\"1539\" data-end=\"1542\" \/>\n<h3 data-start=\"1544\" data-end=\"1584\"><strong data-start=\"1548\" data-end=\"1582\">Verf\u00fcgbare Hydrascout\u00ae-Modelle<\/strong><\/h3>\n<p data-start=\"1585\" data-end=\"1645\"><em data-start=\"1585\" data-end=\"1643\">(Auswahl nach L\u00e4nge, Anzahl der Sensoren und Kabell\u00e4nge)<\/em><\/p>\n<ul data-start=\"1646\" data-end=\"2138\">\n<li data-start=\"1646\" data-end=\"1680\">\n<p data-start=\"1648\" data-end=\"1680\">20 cm \u2013 2 Sensoren \u2013 5 m Kabel<\/p>\n<\/li>\n<li data-start=\"1681\" data-end=\"1733\">\n<p data-start=\"1683\" data-end=\"1733\">30 cm \u2013 2 oder 3 Sensoren \u2013 2,5 m oder 5 m Kabel<\/p>\n<\/li>\n<li data-start=\"1734\" data-end=\"1778\">\n<p data-start=\"1736\" data-end=\"1778\">40 cm \u2013 2, 3 oder 4 Sensoren \u2013 5 m Kabel<\/p>\n<\/li>\n<li data-start=\"1779\" data-end=\"1820\">\n<p data-start=\"1781\" data-end=\"1820\">50 cm \u2013 3 oder 5 Sensoren \u2013 5 m Kabel<\/p>\n<\/li>\n<li data-start=\"1821\" data-end=\"1872\">\n<p data-start=\"1823\" data-end=\"1872\">60 cm \u2013 2 bis 6 Sensoren \u2013 2,5 m oder 5 m Kabel<\/p>\n<\/li>\n<li data-start=\"1873\" data-end=\"1914\">\n<p data-start=\"1875\" data-end=\"1914\">70 cm \u2013 3 oder 4 Sensoren \u2013 5 m Kabel<\/p>\n<\/li>\n<li data-start=\"1915\" data-end=\"1955\">\n<p data-start=\"1917\" data-end=\"1955\">80 cm \u2013 2 bis 8 Sensoren \u2013 5 m Kabel<\/p>\n<\/li>\n<li data-start=\"1956\" data-end=\"1996\">\n<p data-start=\"1958\" data-end=\"1996\">90 cm \u2013 2 bis 9 Sensoren \u2013 5 m Kabel<\/p>\n<\/li>\n<li data-start=\"1997\" data-end=\"2038\">\n<p data-start=\"1999\" data-end=\"2038\">100 cm \u2013 2 bis 6 Sensoren \u2013 5 m Kabel<\/p>\n<\/li>\n<li data-start=\"2039\" data-end=\"2088\">\n<p data-start=\"2041\" data-end=\"2088\">120 cm \u2013 4, 5, 6 oder 10 Sensoren \u2013 5 m Kabel<\/p>\n<\/li>\n<li data-start=\"2089\" data-end=\"2138\">\n<p data-start=\"2091\" data-end=\"2138\">150 cm \u2013 4, 5, 6 oder 10 Sensoren \u2013 5 m Kabel<\/p>\n<\/li>\n<\/ul>\n<hr data-start=\"2140\" data-end=\"2143\" \/>\n<p data-start=\"2145\" data-end=\"2285\"><strong data-start=\"2145\" data-end=\"2160\">Hersteller:<\/strong> <strong data-start=\"2161\" data-end=\"2169\">HSTI<\/strong> (Frankreich) \u2013 f\u00fchrend in der Entwicklung von Bodensensoren zur Messung der Feuchtigkeit in verschiedenen Tiefen.<\/p>\n<p data-start=\"2145\" data-end=\"2285\"><img loading=\"lazy\" decoding=\"async\" class=\"alignnone size-medium wp-image-4128\" src=\"https:\/\/pinova-meteo.com\/wp-content\/uploads\/2025\/04\/hydrascout-logo-300x216.png\" alt=\"\" width=\"300\" height=\"216\" \/><\/p>\n<p data-start=\"2287\" data-end=\"2402\">\ud83d\udce9 <strong data-start=\"2290\" data-end=\"2337\">F\u00fcr ein Angebot oder weitere Informationen:<\/strong><br data-start=\"2337\" data-end=\"2340\" \/>E-Mail: <strong data-start=\"2348\" data-end=\"2368\"><a class=\"cursor-pointer\" rel=\"noopener\" data-start=\"2350\" data-end=\"2366\">pinova@pinova.hr<\/a><\/strong><br data-start=\"2368\" data-end=\"2371\" \/>Telefon: <strong data-start=\"2380\" data-end=\"2400\">+385 97 649 9425<\/strong><\/p>\n<p>&nbsp;<\/p>\n","protected":false},"excerpt":{"rendered":"<p>Hydrascout \u2013 Pr\u00e4zise Bodenfeuchtemessung in mehreren Tiefen Die Hydrascout\u00ae-Sonde liefert pr\u00e4zise Daten zu Bodenfeuchte, Temperatur und Leitf\u00e4higkeit in verschiedenen Tiefen.Dank ihres modularen Designs und der robusten Bauweise kann die Sonde individuell an Kulturarten und Anwendungsanforderungen angepasst werden. Die Bodenfeuchte wird volumetrisch (kapazitiv) gemessen und als Vol-% ausgegeben.Mit einem Durchmesser von nur 38 mm erfasst die [&hellip;]<\/p>\n","protected":false},"featured_media":5008,"comment_status":"open","ping_status":"closed","template":"","meta":{"_et_pb_use_builder":"off","_et_pb_old_content":"<h4 class=\"\" data-start=\"2116\" data-end=\"2169\"><strong data-start=\"2121\" data-end=\"2169\">Hydrascout \u2013 Precizno pra\u0107enje vlage tla na vi\u0161e dubina<\/strong><\/h4>\r\n<p class=\"\" data-start=\"2171\" data-end=\"2372\">Hydrascout sonda pru\u017ea vam uvid u stanje tla\u00a0 \u2013 vlagu, temperaturu i salinitet. S modularnim dizajnom i robusnom izradom, Hydrascout sonda sa ugra\u0111enim senzorima za vlagu tla daje uvid u vla\u017enost tla na vi\u0161e razli\u010ditih dubina. Vlaga u tlu se mjeri<a href=\"https:\/\/pinova-meteo.com\/blog\/metode-odredivanja-vlage-u-tlu\"> volumetrijski<\/a> (kapacitativno) i i output podatak je Vol %.<\/p>\r\n<p data-start=\"2171\" data-end=\"2372\">Sonda Hydrascout\u00ae jedinstvena je po svojoj modularnosti \u2013 u proizvodnji se mo\u017ee prilagoditi va\u0161im potrebama i vrstama usjeva.<br data-start=\"199\" data-end=\"202\" \/>Zahvaljuju\u0107i promjeru od 38 mm, prati velik volumen tla oko sebe, na svakoj dubini na kojoj su smje\u0161teni senzori.<\/p>\r\n<p data-start=\"2171\" data-end=\"2372\"><img class=\"alignnone size-medium wp-image-4124\" src=\"https:\/\/pinova-meteo.com\/wp-content\/uploads\/2025\/04\/Hydrascout-probe-300x71.jpg\" alt=\"\" width=\"300\" height=\"71\" \/><\/p>\r\n<p class=\"\" data-start=\"2374\" data-end=\"2551\">\u00a0Sonda se spaja na Data loger koji je povezani na internet preko 4G mre\u017ee.\u00a0O\u010ditavanje podataka sa sonde Hydrascout\u00ae je jednostavno i intuitivno. Podaci se prate peko web aplikacije. Svaki senzor ima svoju zasebnu krivulju na grafu. U stvarnom vremenu mo\u017eete pratiti temperaturu, vlagu i vodljivost*, kao i aktivnost korijena na svakoj dubini.<\/p>\r\n<p class=\"\" data-start=\"240\" data-end=\"338\"><img class=\"alignnone size-medium wp-image-4126\" src=\"https:\/\/pinova-meteo.com\/wp-content\/uploads\/2025\/04\/OK-300x225.jpg\" alt=\"\" width=\"300\" height=\"225\" \/><\/p>\r\n\r\n<h4 data-start=\"0\" data-end=\"38\"><strong data-start=\"0\" data-end=\"38\">ZA KOGA JE NAMIJENJEN HYDRASCOUT\u00ae?<\/strong><\/h4>\r\n<ul data-start=\"40\" data-end=\"283\" data-is-last-node=\"\" data-is-only-node=\"\">\r\n \t<li class=\"\" data-start=\"40\" data-end=\"154\">\r\n<p class=\"\" data-start=\"42\" data-end=\"154\"><strong data-start=\"42\" data-end=\"73\">Za sve vrste navodnjavanja:<\/strong><br data-start=\"73\" data-end=\"76\" \/>Kap po kap, mikroraspr\u0161iva\u010di, pivoti, rasprskiva\u010di, povr\u0161insko navodnjavanje<\/p>\r\n<\/li>\r\n \t<li class=\"\" data-start=\"156\" data-end=\"258\">\r\n<p class=\"\" data-start=\"158\" data-end=\"258\"><strong data-start=\"158\" data-end=\"182\">Za sve vrste usjeva:<\/strong><br data-start=\"182\" data-end=\"185\" \/>Sonde su prikladne za sve poljoprivredne kulture<\/p>\r\n<\/li>\r\n \t<li class=\"\" data-start=\"260\" data-end=\"283\">\r\n<p class=\"\" data-start=\"262\" data-end=\"283\"><strong data-start=\"262\" data-end=\"283\" data-is-last-node=\"\">Za sve tipove tla<\/strong><\/p>\r\n<\/li>\r\n<\/ul>\r\n<p class=\"\" data-start=\"2696\" data-end=\"2798\"><strong data-start=\"2696\" data-end=\"2750\">U\u010dinkovitije navodnjavanje po\u010dinje ispod povr\u0161ine.<\/strong><br data-start=\"2750\" data-end=\"2753\" \/>Hydrascout \u2013 jer zaslu\u017eujete imati o\u010di u tlu.<\/p>\r\n\r\n\r\n[caption id=\"attachment_4134\" align=\"alignnone\" width=\"222\"]<img class=\"wp-image-4134 size-medium\" src=\"https:\/\/pinova-meteo.com\/wp-content\/uploads\/2025\/04\/Hydrascout-telemetrie.jpg-222x300.webp\" alt=\"\" width=\"222\" height=\"300\" data-wp-editing=\"1\" \/> Data logger[\/caption]\r\n\r\n\u00a0\r\n\r\n[caption id=\"attachment_4130\" align=\"alignnone\" width=\"300\"]<img class=\"wp-image-4130 size-medium\" src=\"https:\/\/pinova-meteo.com\/wp-content\/uploads\/2025\/04\/HydraSolo-300x218.png\" alt=\"\" width=\"300\" height=\"218\" \/> HydraSolo[\/caption]\r\n\r\n\u00a0\r\n\r\nSonde su dostupne u slijede\u0107im veli\u010dinama i senzorima:\r\n<table width=\"549\">\r\n<tbody>\r\n<tr>\r\n<td width=\"549\">HydraSolo, 10 cm, 1 sensor - 5m kabel<\/td>\r\n<\/tr>\r\n<tr>\r\n<td width=\"549\">Hydrascout, 20 cm, 2 senzora - 5m kabel<\/td>\r\n<\/tr>\r\n<tr>\r\n<td width=\"549\">Hydrascout, 30 cm, 2 senzora - 5m kabel<\/td>\r\n<\/tr>\r\n<tr>\r\n<td width=\"549\">Hydrascout, 30 cm, 3 senzora - 2,5m kabel<\/td>\r\n<\/tr>\r\n<tr>\r\n<td width=\"549\">Hydrascout, 40 cm, 2 senzora - 5m kabel<\/td>\r\n<\/tr>\r\n<tr>\r\n<td width=\"549\">Hydrascout, 40 cm, 3 senzora - 5m kabel<\/td>\r\n<\/tr>\r\n<tr>\r\n<td width=\"549\">Hydrascout, 40 cm, 4 senzora - 5m kabel<\/td>\r\n<\/tr>\r\n<tr>\r\n<td width=\"549\">Hydrascout, 50 cm, 3 senzora - 5m kabel<\/td>\r\n<\/tr>\r\n<tr>\r\n<td width=\"549\">Hydrascout, 50 cm, 5 senzora - 5m kabel<\/td>\r\n<\/tr>\r\n<tr>\r\n<td width=\"549\">Hydrascout, 60 cm, 2 senzora - 5m kabel<\/td>\r\n<\/tr>\r\n<tr>\r\n<td width=\"549\">Hydrascout, 60 cm, 3 senzora - 5m kabel<\/td>\r\n<\/tr>\r\n<tr>\r\n<td width=\"549\">Hydrascout, 60 cm, 4 senzora - 5m kabel<\/td>\r\n<\/tr>\r\n<tr>\r\n<td width=\"549\">Hydrascout, 60 cm, 5 senzora - 5m kabel<\/td>\r\n<\/tr>\r\n<tr>\r\n<td width=\"549\">Hydrascout, 60 cm, 6 senzora - 5m kabel<\/td>\r\n<\/tr>\r\n<tr>\r\n<td width=\"549\">Hydrascout, 60 cm, 6 senzora - 2,5m kabel<\/td>\r\n<\/tr>\r\n<tr>\r\n<td width=\"549\">Hydrascout, 70 cm, 3 senzora - 5m kabel<\/td>\r\n<\/tr>\r\n<tr>\r\n<td width=\"549\">Hydrascout, 70 cm, 4 senzora - 5m kabel<\/td>\r\n<\/tr>\r\n<tr>\r\n<td width=\"549\">Hydrascout, 80 cm, 2 senzora - 5m kabel<\/td>\r\n<\/tr>\r\n<tr>\r\n<td width=\"549\">Hydrascout, 80 cm, 3 senzora - 5m kabel<\/td>\r\n<\/tr>\r\n<tr>\r\n<td width=\"549\">Hydrascout, 80 cm, 4 senzora - 5m kabel<\/td>\r\n<\/tr>\r\n<tr>\r\n<td width=\"549\">Hydrascout, 80 cm, 5 senzora - 5m kabel<\/td>\r\n<\/tr>\r\n<tr>\r\n<td width=\"549\">Hydrascout, 80 cm, 6 senzora - 5m kabel<\/td>\r\n<\/tr>\r\n<tr>\r\n<td width=\"549\">Hydrascout, 80 cm, 8 senzora - 5m kabel<\/td>\r\n<\/tr>\r\n<tr>\r\n<td width=\"549\">Hydrascout, 90 cm, 2 senzora - 5m kabel<\/td>\r\n<\/tr>\r\n<tr>\r\n<td width=\"549\">Hydrascout, 90 cm, 3 senzora - 5m kabel<\/td>\r\n<\/tr>\r\n<tr>\r\n<td width=\"549\">Hydrascout, 90 cm, 4 senzora - 5m kabel<\/td>\r\n<\/tr>\r\n<tr>\r\n<td width=\"549\">Hydrascout, 90 cm, 5 senzora - 5m kabel<\/td>\r\n<\/tr>\r\n<tr>\r\n<td width=\"549\">Hydrascout, 90 cm, 5 senzora - 5m kabel<\/td>\r\n<\/tr>\r\n<tr>\r\n<td width=\"549\">Hydrascout, 90 cm, 9 senzora - 5m kabel<\/td>\r\n<\/tr>\r\n<tr>\r\n<td width=\"549\">Hydrascout, 100 cm, 2 senzora - 5m kabel<\/td>\r\n<\/tr>\r\n<tr>\r\n<td width=\"549\">Hydrascout, 100 cm, 3 senzora - 5m kabel<\/td>\r\n<\/tr>\r\n<tr>\r\n<td width=\"549\">Hydrascout, 100 cm, 4 senzora - 5m kabel<\/td>\r\n<\/tr>\r\n<tr>\r\n<td width=\"549\">Hydrascout, 100 cm, 5 senzora - 5m kabel<\/td>\r\n<\/tr>\r\n<tr>\r\n<td width=\"549\">Hydrascout, 100 cm, 6 senzora - 5m kabel<\/td>\r\n<\/tr>\r\n<tr>\r\n<td width=\"549\">Hydrascout, 100 cm, 6 senzora - 5m kabel<\/td>\r\n<\/tr>\r\n<tr>\r\n<td width=\"549\">Hydrascout, 120 cm, 4 senzora - 5m kabel<\/td>\r\n<\/tr>\r\n<tr>\r\n<td width=\"549\">Hydrascout, 120 cm, 5 senzora - 5m kabel<\/td>\r\n<\/tr>\r\n<tr>\r\n<td width=\"549\">Hydrascout, 120 cm, 6 senzora - 5m kabel<\/td>\r\n<\/tr>\r\n<tr>\r\n<td width=\"549\">Hydrascout, 120 cm, 10 senzora - 5m kabel<\/td>\r\n<\/tr>\r\n<tr>\r\n<td width=\"549\">Hydrascout, 150 cm, 4 senzora - 5m kabel<\/td>\r\n<\/tr>\r\n<tr>\r\n<td width=\"549\">Hydrascout, 150 cm, 5 senzora - 5m kabel<\/td>\r\n<\/tr>\r\n<tr>\r\n<td width=\"549\">Hydrascout, 150 cm, 6 senzora - 5m kabel<\/td>\r\n<\/tr>\r\n<tr>\r\n<td width=\"549\">Hydrascout, 150 cm, 10 senzora - 5m kabel<\/td>\r\n<\/tr>\r\n<\/tbody>\r\n<\/table>\r\n<img class=\"alignnone size-medium wp-image-4128\" src=\"https:\/\/pinova-meteo.com\/wp-content\/uploads\/2025\/04\/hydrascout-logo-300x216.png\" alt=\"\" width=\"300\" height=\"216\" \/>\r\n\r\n<a href=\"https:\/\/www.hydrascout.co\/our-products\/?lang=en\">HSTI je Francuska tvrtka<\/a> visoko specializirana za senzore vlage tla te su lideri u u mjerenju vlage tla na razli\u010ditim dubinama.\r\n\r\n\u00a0","_et_gb_content_width":""},"product_cat":[94],"product_tag":[],"class_list":{"0":"post-5010","1":"product","2":"type-product","3":"status-publish","4":"has-post-thumbnail","6":"product_cat-bodenfeuchtemessung","8":"first","9":"instock","10":"shipping-taxable","11":"product-type-simple"},"yoast_head":"<!-- This site is optimized with the Yoast SEO plugin v23.0 - https:\/\/yoast.com\/wordpress\/plugins\/seo\/ -->\n<title>Hydrascout\u2011Sonde zur Bodenfeuchtemessung - Pinova Meteo<\/title>\n<meta name=\"description\" content=\"Hydrascout \u2013 Pr\u00e4zise Bodenfeuchtemessung in mehreren Tiefen -Hydrascout\u2011Sonde zur Bodenfeuchtemessung - Die Hydrascout\u00ae-Sonde liefert pr\u00e4zis...\" \/>\n<meta name=\"robots\" content=\"index, follow, max-snippet:-1, max-image-preview:large, max-video-preview:-1\" \/>\n<link rel=\"canonical\" href=\"https:\/\/pinova-meteo.com\/de\/produkt\/hydrascout-sonde-zur-bodenfeuchtemessung\" \/>\n<meta property=\"og:locale\" content=\"de_DE\" \/>\n<meta property=\"og:type\" content=\"article\" \/>\n<meta property=\"og:title\" content=\"Hydrascout\u2011Sonde zur Bodenfeuchtemessung - Pinova Meteo\" \/>\n<meta property=\"og:description\" content=\"Hydrascout \u2013 Pr\u00e4zise Bodenfeuchtemessung in mehreren Tiefen -Hydrascout\u2011Sonde zur Bodenfeuchtemessung - Die Hydrascout\u00ae-Sonde liefert pr\u00e4zis...\" \/>\n<meta property=\"og:url\" content=\"https:\/\/pinova-meteo.com\/de\/produkt\/hydrascout-sonde-zur-bodenfeuchtemessung\" \/>\n<meta property=\"og:site_name\" content=\"Pinova Meteo\" \/>\n<meta property=\"article:modified_time\" content=\"2025-08-08T06:05:27+00:00\" \/>\n<meta property=\"og:image\" content=\"https:\/\/pinova-meteo.com\/wp-content\/uploads\/2025\/04\/Hydrascout-probe-4.jpg\" \/>\n\t<meta property=\"og:image:width\" content=\"1920\" \/>\n\t<meta property=\"og:image:height\" content=\"600\" \/>\n\t<meta property=\"og:image:type\" content=\"image\/jpeg\" \/>\n<meta name=\"twitter:card\" content=\"summary_large_image\" \/>\n<meta name=\"twitter:label1\" content=\"Gesch\u00e4tzte Lesezeit\" \/>\n\t<meta name=\"twitter:data1\" content=\"3\u00a0Minuten\" \/>\n<script type=\"application\/ld+json\" class=\"yoast-schema-graph\">{\"@context\":\"https:\/\/schema.org\",\"@graph\":[{\"@type\":\"WebPage\",\"@id\":\"https:\/\/pinova-meteo.com\/de\/produkt\/hydrascout-sonde-zur-bodenfeuchtemessung\",\"url\":\"https:\/\/pinova-meteo.com\/de\/produkt\/hydrascout-sonde-zur-bodenfeuchtemessung\",\"name\":\"Hydrascout\u2011Sonde zur Bodenfeuchtemessung - Pinova Meteo\",\"isPartOf\":{\"@id\":\"https:\/\/pinova-meteo.com\/de#website\"},\"primaryImageOfPage\":{\"@id\":\"https:\/\/pinova-meteo.com\/de\/produkt\/hydrascout-sonde-zur-bodenfeuchtemessung#primaryimage\"},\"image\":{\"@id\":\"https:\/\/pinova-meteo.com\/de\/produkt\/hydrascout-sonde-zur-bodenfeuchtemessung#primaryimage\"},\"thumbnailUrl\":\"https:\/\/pinova-meteo.com\/wp-content\/uploads\/2025\/04\/Hydrascout-probe-4.jpg\",\"datePublished\":\"2025-04-08T11:05:10+00:00\",\"dateModified\":\"2025-08-08T06:05:27+00:00\",\"description\":\"Hydrascout \u2013 Pr\u00e4zise Bodenfeuchtemessung in mehreren Tiefen -Hydrascout\u2011Sonde zur Bodenfeuchtemessung - Die Hydrascout\u00ae-Sonde liefert pr\u00e4zis...\",\"breadcrumb\":{\"@id\":\"https:\/\/pinova-meteo.com\/de\/produkt\/hydrascout-sonde-zur-bodenfeuchtemessung#breadcrumb\"},\"inLanguage\":\"de\",\"potentialAction\":[{\"@type\":\"ReadAction\",\"target\":[\"https:\/\/pinova-meteo.com\/de\/produkt\/hydrascout-sonde-zur-bodenfeuchtemessung\"]}]},{\"@type\":\"ImageObject\",\"inLanguage\":\"de\",\"@id\":\"https:\/\/pinova-meteo.com\/de\/produkt\/hydrascout-sonde-zur-bodenfeuchtemessung#primaryimage\",\"url\":\"https:\/\/pinova-meteo.com\/wp-content\/uploads\/2025\/04\/Hydrascout-probe-4.jpg\",\"contentUrl\":\"https:\/\/pinova-meteo.com\/wp-content\/uploads\/2025\/04\/Hydrascout-probe-4.jpg\",\"width\":1920,\"height\":600},{\"@type\":\"BreadcrumbList\",\"@id\":\"https:\/\/pinova-meteo.com\/de\/produkt\/hydrascout-sonde-zur-bodenfeuchtemessung#breadcrumb\",\"itemListElement\":[{\"@type\":\"ListItem\",\"position\":1,\"name\":\"Po\u010detna stranica\",\"item\":\"https:\/\/pinova-meteo.com\/de\"},{\"@type\":\"ListItem\",\"position\":2,\"name\":\"Trgovina\",\"item\":\"https:\/\/pinova-meteo.com\/?page_id=7\"},{\"@type\":\"ListItem\",\"position\":3,\"name\":\"Hydrascout\u2011Sonde zur Bodenfeuchtemessung\"}]},{\"@type\":\"WebSite\",\"@id\":\"https:\/\/pinova-meteo.com\/de#website\",\"url\":\"https:\/\/pinova-meteo.com\/de\",\"name\":\"Pinova Meteo\",\"description\":\"\",\"potentialAction\":[{\"@type\":\"SearchAction\",\"target\":{\"@type\":\"EntryPoint\",\"urlTemplate\":\"https:\/\/pinova-meteo.com\/de?s={search_term_string}\"},\"query-input\":\"required name=search_term_string\"}],\"inLanguage\":\"de\"}]}<\/script>\n<!-- \/ Yoast SEO plugin. -->","yoast_head_json":{"title":"Hydrascout\u2011Sonde zur Bodenfeuchtemessung - Pinova Meteo","description":"Hydrascout \u2013 Pr\u00e4zise Bodenfeuchtemessung in mehreren Tiefen -Hydrascout\u2011Sonde zur Bodenfeuchtemessung - Die Hydrascout\u00ae-Sonde liefert pr\u00e4zis...","robots":{"index":"index","follow":"follow","max-snippet":"max-snippet:-1","max-image-preview":"max-image-preview:large","max-video-preview":"max-video-preview:-1"},"canonical":"https:\/\/pinova-meteo.com\/de\/produkt\/hydrascout-sonde-zur-bodenfeuchtemessung","og_locale":"de_DE","og_type":"article","og_title":"Hydrascout\u2011Sonde zur Bodenfeuchtemessung - Pinova Meteo","og_description":"Hydrascout \u2013 Pr\u00e4zise Bodenfeuchtemessung in mehreren Tiefen -Hydrascout\u2011Sonde zur Bodenfeuchtemessung - Die Hydrascout\u00ae-Sonde liefert pr\u00e4zis...","og_url":"https:\/\/pinova-meteo.com\/de\/produkt\/hydrascout-sonde-zur-bodenfeuchtemessung","og_site_name":"Pinova Meteo","article_modified_time":"2025-08-08T06:05:27+00:00","og_image":[{"width":1920,"height":600,"url":"https:\/\/pinova-meteo.com\/wp-content\/uploads\/2025\/04\/Hydrascout-probe-4.jpg","type":"image\/jpeg"}],"twitter_card":"summary_large_image","twitter_misc":{"Gesch\u00e4tzte Lesezeit":"3\u00a0Minuten"},"schema":{"@context":"https:\/\/schema.org","@graph":[{"@type":"WebPage","@id":"https:\/\/pinova-meteo.com\/de\/produkt\/hydrascout-sonde-zur-bodenfeuchtemessung","url":"https:\/\/pinova-meteo.com\/de\/produkt\/hydrascout-sonde-zur-bodenfeuchtemessung","name":"Hydrascout\u2011Sonde zur Bodenfeuchtemessung - Pinova Meteo","isPartOf":{"@id":"https:\/\/pinova-meteo.com\/de#website"},"primaryImageOfPage":{"@id":"https:\/\/pinova-meteo.com\/de\/produkt\/hydrascout-sonde-zur-bodenfeuchtemessung#primaryimage"},"image":{"@id":"https:\/\/pinova-meteo.com\/de\/produkt\/hydrascout-sonde-zur-bodenfeuchtemessung#primaryimage"},"thumbnailUrl":"https:\/\/pinova-meteo.com\/wp-content\/uploads\/2025\/04\/Hydrascout-probe-4.jpg","datePublished":"2025-04-08T11:05:10+00:00","dateModified":"2025-08-08T06:05:27+00:00","description":"Hydrascout \u2013 Pr\u00e4zise Bodenfeuchtemessung in mehreren Tiefen -Hydrascout\u2011Sonde zur Bodenfeuchtemessung - Die Hydrascout\u00ae-Sonde liefert pr\u00e4zis...","breadcrumb":{"@id":"https:\/\/pinova-meteo.com\/de\/produkt\/hydrascout-sonde-zur-bodenfeuchtemessung#breadcrumb"},"inLanguage":"de","potentialAction":[{"@type":"ReadAction","target":["https:\/\/pinova-meteo.com\/de\/produkt\/hydrascout-sonde-zur-bodenfeuchtemessung"]}]},{"@type":"ImageObject","inLanguage":"de","@id":"https:\/\/pinova-meteo.com\/de\/produkt\/hydrascout-sonde-zur-bodenfeuchtemessung#primaryimage","url":"https:\/\/pinova-meteo.com\/wp-content\/uploads\/2025\/04\/Hydrascout-probe-4.jpg","contentUrl":"https:\/\/pinova-meteo.com\/wp-content\/uploads\/2025\/04\/Hydrascout-probe-4.jpg","width":1920,"height":600},{"@type":"BreadcrumbList","@id":"https:\/\/pinova-meteo.com\/de\/produkt\/hydrascout-sonde-zur-bodenfeuchtemessung#breadcrumb","itemListElement":[{"@type":"ListItem","position":1,"name":"Po\u010detna stranica","item":"https:\/\/pinova-meteo.com\/de"},{"@type":"ListItem","position":2,"name":"Trgovina","item":"https:\/\/pinova-meteo.com\/?page_id=7"},{"@type":"ListItem","position":3,"name":"Hydrascout\u2011Sonde zur Bodenfeuchtemessung"}]},{"@type":"WebSite","@id":"https:\/\/pinova-meteo.com\/de#website","url":"https:\/\/pinova-meteo.com\/de","name":"Pinova Meteo","description":"","potentialAction":[{"@type":"SearchAction","target":{"@type":"EntryPoint","urlTemplate":"https:\/\/pinova-meteo.com\/de?s={search_term_string}"},"query-input":"required name=search_term_string"}],"inLanguage":"de"}]}},"_links":{"self":[{"href":"https:\/\/pinova-meteo.com\/de\/wp-json\/wp\/v2\/product\/5010","targetHints":{"allow":["GET"]}}],"collection":[{"href":"https:\/\/pinova-meteo.com\/de\/wp-json\/wp\/v2\/product"}],"about":[{"href":"https:\/\/pinova-meteo.com\/de\/wp-json\/wp\/v2\/types\/product"}],"replies":[{"embeddable":true,"href":"https:\/\/pinova-meteo.com\/de\/wp-json\/wp\/v2\/comments?post=5010"}],"wp:featuredmedia":[{"embeddable":true,"href":"https:\/\/pinova-meteo.com\/de\/wp-json\/wp\/v2\/media\/5008"}],"wp:attachment":[{"href":"https:\/\/pinova-meteo.com\/de\/wp-json\/wp\/v2\/media?parent=5010"}],"wp:term":[{"taxonomy":"product_cat","embeddable":true,"href":"https:\/\/pinova-meteo.com\/de\/wp-json\/wp\/v2\/product_cat?post=5010"},{"taxonomy":"product_tag","embeddable":true,"href":"https:\/\/pinova-meteo.com\/de\/wp-json\/wp\/v2\/product_tag?post=5010"}],"curies":[{"name":"wp","href":"https:\/\/api.w.org\/{rel}","templated":true}]}}