{"id":531,"date":"2024-05-22T12:32:03","date_gmt":"2024-05-22T10:32:03","guid":{"rendered":"https:\/\/pinova-meteo.com\/references\/"},"modified":"2024-06-21T16:28:31","modified_gmt":"2024-06-21T14:28:31","slug":"references","status":"publish","type":"page","link":"https:\/\/pinova-meteo.com\/en\/references","title":{"rendered":"References"},"content":{"rendered":"<p>[et_pb_section fb_built=&#8221;1&#8243; disabled_on=&#8221;on|on|off&#8221; _builder_version=&#8221;4.24.3&#8243; _module_preset=&#8221;default&#8221; background_image=&#8221;https:\/\/pinova-meteo.com\/wp-content\/uploads\/2024\/06\/pinova-meteo-reference-header-1.jpg&#8221; height=&#8221;370px&#8221; custom_margin=&#8221;0px||0px||false|false&#8221; custom_padding=&#8221;0px||0px||false|false&#8221; border_radii=&#8221;off|||60px|60px&#8221; locked=&#8221;off&#8221; global_colors_info=&#8221;{}&#8221;][\/et_pb_section][et_pb_section fb_built=&#8221;1&#8243; _builder_version=&#8221;4.24.3&#8243; _module_preset=&#8221;default&#8221; background_color=&#8221;RGBA(255,255,255,0)&#8221; custom_margin=&#8221;-290px||||false|false&#8221; custom_margin_tablet=&#8221;32px||||false|false&#8221; custom_margin_phone=&#8221;32px||||false|false&#8221; custom_margin_last_edited=&#8221;on|tablet&#8221; custom_padding=&#8221;0px||80px||false|false&#8221; locked=&#8221;off&#8221; global_colors_info=&#8221;{}&#8221;][et_pb_row column_structure=&#8221;3_4,1_4&#8243; _builder_version=&#8221;4.24.3&#8243; _module_preset=&#8221;default&#8221; width=&#8221;90%&#8221; custom_margin_tablet=&#8221;122px||||false|false&#8221; custom_margin_last_edited=&#8221;off|desktop&#8221; custom_padding=&#8221;0px||0px||false|false&#8221; global_colors_info=&#8221;{}&#8221;][et_pb_column type=&#8221;3_4&#8243; module_class=&#8221;pm-reference-col-1&#8243; _builder_version=&#8221;4.24.3&#8243; _module_preset=&#8221;default&#8221; background_color=&#8221;#FFFFFF&#8221; custom_padding=&#8221;40px|40px|40px|40px|true|true&#8221; custom_padding_tablet=&#8221;0px|0px|0px|0px|true|true&#8221; custom_padding_phone=&#8221;0px|0px|0px|0px|true|true&#8221; custom_padding_last_edited=&#8221;on|phone&#8221; custom_css_main_element=&#8221;@media (min-width: 981px) {||  box-shadow: 0px 4px 44px 0px #00000040;||||}&#8221; border_radii=&#8221;on|16px|16px|16px|16px&#8221; border_radii_tablet=&#8221;on|0px|0px|0px|0px&#8221; border_radii_phone=&#8221;on|0px|0px|0px|0px&#8221; border_radii_last_edited=&#8221;on|phone&#8221; global_colors_info=&#8221;{}&#8221;][lwp_divi_breadcrumbs home_text=&#8221;Homepage&#8221; font_icon=&#8221;&#x2f;||divi||400&#8243; link_color=&#8221;#0b0f05&#8243; current_text_color=&#8221;#012169&#8243; _builder_version=&#8221;4.24.3&#8243; _module_preset=&#8221;default&#8221; hover_enabled=&#8221;0&#8243; custom_css_free_form=&#8221;.lwp-breadcrumbs span.separator {||  font-family: &#8216;Questrial&#8217;,Helvetica,Arial,Lucida,sans-serif !important;||}&#8221; locked=&#8221;off&#8221; global_colors_info=&#8221;{}&#8221; sticky_enabled=&#8221;0&#8243;][\/lwp_divi_breadcrumbs][et_pb_text _builder_version=&#8221;4.24.3&#8243; _module_preset=&#8221;default&#8221; header_font=&#8221;Raleway|700|||||||&#8221; header_text_color=&#8221;#0b0f05&#8243; header_font_size=&#8221;48px&#8221; header_line_height=&#8221;56px&#8221; custom_margin=&#8221;||22px||false|false&#8221; custom_margin_tablet=&#8221;||0px||false|false&#8221; custom_margin_phone=&#8221;||0px||false|false&#8221; custom_margin_last_edited=&#8221;on|tablet&#8221; header_font_size_tablet=&#8221;36px&#8221; header_font_size_phone=&#8221;24px&#8221; header_font_size_last_edited=&#8221;on|tablet&#8221; header_line_height_tablet=&#8221;40px&#8221; header_line_height_phone=&#8221;28px&#8221; header_line_height_last_edited=&#8221;on|tablet&#8221; global_colors_info=&#8221;{}&#8221;]<\/p>\n<h1>References<\/h1>\n<p>[\/et_pb_text][et_pb_text _builder_version=&#8221;4.24.3&#8243; _module_preset=&#8221;default&#8221; text_font=&#8221;Questrial||||||||&#8221; text_text_color=&#8221;#0b0f05&#8243; text_line_height=&#8221;26px&#8221; ol_font=&#8221;Questrial||||||||&#8221; ol_text_color=&#8221;#0b0f05&#8243; ol_font_size=&#8221;18px&#8221; ol_line_height=&#8221;26px&#8221; custom_margin=&#8221;||0px||false|false&#8221; custom_padding=&#8221;||24px||false|false&#8221; text_font_size_tablet=&#8221;&#8221; text_font_size_phone=&#8221;16px&#8221; text_font_size_last_edited=&#8221;on|phone&#8221; text_line_height_tablet=&#8221;26px&#8221; text_line_height_phone=&#8221;24px&#8221; text_line_height_last_edited=&#8221;on|phone&#8221; ol_font_size_tablet=&#8221;18px&#8221; ol_font_size_phone=&#8221;16px&#8221; ol_font_size_last_edited=&#8221;on|desktop&#8221; ol_line_height_tablet=&#8221;26px&#8221; ol_line_height_phone=&#8221;24px&#8221; ol_line_height_last_edited=&#8221;on|phone&#8221; custom_css_free_form=&#8221;strong {||  font-family: Raleway;||  font-size: 24px;||  font-weight: 700;||  line-height: 28px;||}||@media (max-width: 980px) {||  strong {||    font-size: 20px;||    line-height: 24px;||  }||}&#8221; global_colors_info=&#8221;{}&#8221;]<\/p>\n<p>Many agricultural producers of all sizes and scope of production have recognized Pinova agrometeorological solutions as an indispensable element in agricultural production. We provide our users with technical and professional assistance when needed.<\/p>\n<p>[\/et_pb_text][et_pb_text disabled_on=&#8221;off|off|on&#8221; module_id=&#8221;reference-sidebar-mob&#8221; _builder_version=&#8221;4.24.3&#8243; _module_preset=&#8221;default&#8221; link_font=&#8221;Questrial||||on||||&#8221; link_text_align=&#8221;center&#8221; link_text_color=&#8221;#0769bc&#8221; link_line_height=&#8221;26px&#8221; header_3_font=&#8221;Raleway|700|||||||&#8221; header_3_text_align=&#8221;center&#8221; header_3_text_color=&#8221;#0b0f05&#8243; header_3_font_size=&#8221;24px&#8221; header_3_line_height=&#8221;28px&#8221; text_orientation=&#8221;center&#8221; hover_enabled=&#8221;0&#8243; locked=&#8221;off&#8221; global_colors_info=&#8221;{}&#8221; sticky_enabled=&#8221;0&#8243;]<\/p>\n<h3>Our users<\/h3>\n<p><a href=\"https:\/\/pinova-meteo.com\/en\/references\/risnjak-d-o-o\">Risnjak d.o.o.<\/a><a href=\"https:\/\/pinova-meteo.com\/en\/references\/skink-d-o-o\">Skink d.o.o.<\/a><a href=\"https:\/\/pinova-meteo.com\/en\/references\/agromedimurje-d-d\">Agrome\u0111imurje d.o.o.<\/a><a href=\"https:\/\/pinova-meteo.com\/en\/references\/vina-matosevic\">Vina Mato\u0161evic<\/a><\/p>\n<p>[\/et_pb_text][et_pb_text _builder_version=&#8221;4.24.3&#8243; _module_preset=&#8221;default&#8221; text_font=&#8221;Questrial||||||||&#8221; text_text_color=&#8221;#0b0f05&#8243; text_line_height=&#8221;26px&#8221; ol_font=&#8221;Questrial||||||||&#8221; ol_text_color=&#8221;#0b0f05&#8243; ol_font_size=&#8221;18px&#8221; ol_line_height=&#8221;26px&#8221; custom_margin=&#8221;||0px||false|false&#8221; custom_padding=&#8221;||24px||false|false&#8221; hover_enabled=&#8221;0&#8243; text_font_size_tablet=&#8221;&#8221; text_font_size_phone=&#8221;16px&#8221; text_font_size_last_edited=&#8221;on|phone&#8221; text_line_height_tablet=&#8221;26px&#8221; text_line_height_phone=&#8221;24px&#8221; text_line_height_last_edited=&#8221;on|phone&#8221; ol_font_size_tablet=&#8221;18px&#8221; ol_font_size_phone=&#8221;16px&#8221; ol_font_size_last_edited=&#8221;on|desktop&#8221; ol_line_height_tablet=&#8221;26px&#8221; ol_line_height_phone=&#8221;24px&#8221; ol_line_height_last_edited=&#8221;on|phone&#8221; custom_css_free_form=&#8221;strong {||  font-family: Raleway;||  font-size: 24px;||  font-weight: 700;||  line-height: 28px;||}||@media (max-width: 980px) {||  strong {||    font-size: 20px;||    line-height: 24px;||  }||}&#8221; global_colors_info=&#8221;{}&#8221; sticky_enabled=&#8221;0&#8243;]<\/p>\n<p>Some of the manufacturers and institutions that have recognized the quality of our solutions:<\/p>\n<p>[\/et_pb_text][et_pb_code _builder_version=&#8221;4.24.3&#8243; _module_preset=&#8221;default&#8221; global_colors_info=&#8221;{}&#8221;]<\/p>\n<ul id=\"reference-grid\"><!-- [et_pb_line_break_holder] -->  <\/p>\n<li>Agra d.o.o.<\/li>\n<p><!-- [et_pb_line_break_holder] -->  <\/p>\n<li>Agrobiotest d.o.o.<\/li>\n<p><!-- [et_pb_line_break_holder] -->  <\/p>\n<li>Agrolaguna d.d.<\/li>\n<p><!-- [et_pb_line_break_holder] -->  <\/p>\n<li>Agrome\u0111imurje d.d.<\/li>\n<p><!-- [et_pb_line_break_holder] -->  <\/p>\n<li>Agronomski fakultet sveu\u010dili\u0161ta u Zagrebu &#8211; Zavod za vinogradarstvo i vinarstvo<\/li>\n<p><!-- [et_pb_line_break_holder] -->  <\/p>\n<li>Agronomski fakultet sveu\u010dili\u0161ta u Zagrebu &#8211; Zavod za melioracije<\/li>\n<p><!-- [et_pb_line_break_holder] -->  <\/p>\n<li>Agronomski fakultet sveu\u010dili\u0161ta u Zagrebu &#8211; Zavod za vo\u0107arstvo<\/li>\n<p><!-- [et_pb_line_break_holder] -->  <\/p>\n<li>\u0106iri\u0107 agro [SRB]<\/li>\n<p><!-- [et_pb_line_break_holder] -->  <\/p>\n<li>Brala d.o.o.<\/li>\n<p><!-- [et_pb_line_break_holder] -->  <\/p>\n<li>Bayer d.o.o.<\/li>\n<p><!-- [et_pb_line_break_holder] -->  <\/p>\n<li>Lori fructus d.o.o.<\/li>\n<p><!-- [et_pb_line_break_holder] -->  <\/p>\n<li>Belje d.d.<\/li>\n<p><!-- [et_pb_line_break_holder] -->  <\/p>\n<li>Blatina d.o.o.<\/li>\n<p><!-- [et_pb_line_break_holder] -->  <\/p>\n<li>Badzo company [MK]<\/li>\n<p><!-- [et_pb_line_break_holder] -->  <\/p>\n<li>Novi agrar d.o.o.<\/li>\n<p><!-- [et_pb_line_break_holder] -->  <\/p>\n<li>Fortuna Agro d.o.o.<\/li>\n<p><!-- [et_pb_line_break_holder] -->  <\/p>\n<li>Grad Karlovac<\/li>\n<p><!-- [et_pb_line_break_holder] -->  <\/p>\n<li>Intrada Neretva<\/li>\n<p><!-- [et_pb_line_break_holder] -->  <\/p>\n<li>Institut za poljoprivredu i turizam Pore\u010d<\/li>\n<p><!-- [et_pb_line_break_holder] -->  <\/p>\n<li>G.R.M. d.o.o.<\/li>\n<p><!-- [et_pb_line_break_holder] -->  <\/p>\n<li>Kamen Ivani\u0107<\/li>\n<p><!-- [et_pb_line_break_holder] -->  <\/p>\n<li>Kozlovi\u0107 Vina<\/li>\n<p><!-- [et_pb_line_break_holder] -->  <\/p>\n<li>LM comerc Vrgorac<\/li>\n<p><!-- [et_pb_line_break_holder] -->  <\/p>\n<li>Moslavina vo\u0107e<\/li>\n<p><!-- [et_pb_line_break_holder] -->  <\/p>\n<li>Novi Agrar d.o.o.<\/li>\n<p><!-- [et_pb_line_break_holder] -->  <\/p>\n<li>OPG Darijo Buljat<\/li>\n<p><!-- [et_pb_line_break_holder] -->  <\/p>\n<li>OPG Andrea Cossetto<\/li>\n<p><!-- [et_pb_line_break_holder] -->  <\/p>\n<li>OPG Nikola Degma\u010di\u0107<\/li>\n<p><!-- [et_pb_line_break_holder] -->  <\/p>\n<li>OPG Fran Mati\u0107<\/li>\n<p><!-- [et_pb_line_break_holder] -->  <\/p>\n<li>OPG Katica Broz<\/li>\n<p><!-- [et_pb_line_break_holder] -->  <\/p>\n<li>OPG Irena Pali\u0107<\/li>\n<p><!-- [et_pb_line_break_holder] -->  <\/p>\n<li>OPG Maksimilijan Vizec<\/li>\n<p><!-- [et_pb_line_break_holder] -->  <\/p>\n<li>OPG Kolic<\/li>\n<p><!-- [et_pb_line_break_holder] -->  <\/p>\n<li>Tvornica \u0161e\u010dera Osijek d.o.o.<\/li>\n<p><!-- [et_pb_line_break_holder] -->  <\/p>\n<li>Osatina grupa d.d.<\/li>\n<p><!-- [et_pb_line_break_holder] -->  <\/p>\n<li>Perpetrude trade d.o.o.<\/li>\n<p><!-- [et_pb_line_break_holder] -->  <\/p>\n<li>PG Marija Pavlovi\u0107 &#8211; Vu\u010deti\u0107<\/li>\n<p><!-- [et_pb_line_break_holder] -->  <\/p>\n<li>PG Bobi\u0107 Dragomir<\/li>\n<p><!-- [et_pb_line_break_holder] -->  <\/p>\n<li>Podravka d.d.<\/li>\n<p><!-- [et_pb_line_break_holder] -->  <\/p>\n<li>Poljoprivredni centar<\/li>\n<p><!-- [et_pb_line_break_holder] -->  <\/p>\n<li>Poljoprivredni institut Osijek<\/li>\n<p><!-- [et_pb_line_break_holder] -->  <\/p>\n<li>Poljoprivredni zavod USK [BiH]<\/li>\n<p><!-- [et_pb_line_break_holder] -->  <\/p>\n<li>Poljomir<\/li>\n<p><!-- [et_pb_line_break_holder] -->  <\/p>\n<li>Op\u0107ina Velika<\/li>\n<p><!-- [et_pb_line_break_holder] -->  <\/p>\n<li>Pro Business international (MD)<\/li>\n<p><!-- [et_pb_line_break_holder] -->  <\/p>\n<li>Hrvatske \u0161ume d.o.o.<\/li>\n<p><!-- [et_pb_line_break_holder] -->  <\/p>\n<li>PP Orahovica<\/li>\n<p><!-- [et_pb_line_break_holder] -->  <\/p>\n<li>PZ Lovas<\/li>\n<p><!-- [et_pb_line_break_holder] -->  <\/p>\n<li>PZ Vrbnik<\/li>\n<p><!-- [et_pb_line_break_holder] -->  <\/p>\n<li>Hrvatski geolo\u0161ki institut<\/li>\n<p><!-- [et_pb_line_break_holder] -->  <\/p>\n<li>Ra\u0161eljke d.o.o.<\/li>\n<p><!-- [et_pb_line_break_holder] -->  <\/p>\n<li>Risnjak d.o.o.<\/li>\n<p><!-- [et_pb_line_break_holder] -->  <\/p>\n<li>Skink d.o.o.<\/li>\n<p><!-- [et_pb_line_break_holder] -->  <\/p>\n<li>San d.o.o.<\/li>\n<p><!-- [et_pb_line_break_holder] -->  <\/p>\n<li>Syngeta agro d.o.o.<\/li>\n<p><!-- [et_pb_line_break_holder] -->  <\/p>\n<li>D &#8211; Fructus d.o.o.<\/li>\n<p><!-- [et_pb_line_break_holder] -->  <\/p>\n<li>Hrvatska poljoprivredno \u0161umarska savjetodavna slu\u017eba<\/li>\n<p><!-- [et_pb_line_break_holder] -->  <\/p>\n<li>Hrvatski centar za poljoprivredu, hranu i selo<\/li>\n<p><!-- [et_pb_line_break_holder] -->  <\/p>\n<li>Srednja \u0160kola Vladimira Sulimanca<\/li>\n<p><!-- [et_pb_line_break_holder] -->  <\/p>\n<li>Udruga vo\u0107ara i vinogradara Na\u0161ice<\/li>\n<p><!-- [et_pb_line_break_holder] -->  <\/p>\n<li>Udruga Vo\u0107ara Republike Srpske [RS]<\/li>\n<p><!-- [et_pb_line_break_holder] -->  <\/p>\n<li>Udruga Vo\u0107ara Sv.Martin na Muri<\/li>\n<p><!-- [et_pb_line_break_holder] -->  <\/p>\n<li>Vinka d.d.<\/li>\n<p><!-- [et_pb_line_break_holder] -->  <\/p>\n<li>Visoko gospodarsko u\u010dili\u0161te u Kri\u017eevcima<\/li>\n<p><!-- [et_pb_line_break_holder] -->  <\/p>\n<li>Vinogradarstvo i podrumarstvo Cmre\u010dnjak<\/li>\n<p><!-- [et_pb_line_break_holder] -->  <\/p>\n<li>Vinarija Tikve\u0161 [MK]<\/li>\n<p><!-- [et_pb_line_break_holder] -->  <\/p>\n<li>Vina Mato\u0161evi\u0107<\/li>\n<p><!-- [et_pb_line_break_holder] -->  <\/p>\n<li>Vina Prodan<\/li>\n<p><!-- [et_pb_line_break_holder] -->  <\/p>\n<li>Vina Per\u0161uri\u0107<\/li>\n<p><!-- [et_pb_line_break_holder] -->  <\/p>\n<li>Vo\u0107arstvo Boi\u0107<\/li>\n<p><!-- [et_pb_line_break_holder] -->  <\/p>\n<li>Veleu\u010dili\u0161te u po\u017eegi<\/li>\n<p><!-- [et_pb_line_break_holder] -->  <\/p>\n<li>Vrt Bjelovar<\/li>\n<p><!-- [et_pb_line_break_holder] -->  <\/p>\n<li>Vrana d.o.o.<\/li>\n<p><!-- [et_pb_line_break_holder] -->  <\/p>\n<li>Vupik d.d.<\/li>\n<p><!-- [et_pb_line_break_holder] -->  <\/p>\n<li>Zadarska \u017dupanija<\/li>\n<p><!-- [et_pb_line_break_holder] -->  <\/p>\n<li>Fakultet agrobiotehni\u010dkih znanosti Osijek<\/li>\n<p><!-- [et_pb_line_break_holder] -->  <\/p>\n<li>\u017dito d.o.o.<\/li>\n<p><!-- [et_pb_line_break_holder] -->  <\/p>\n<li>Delta Agrar [SRB]<\/li>\n<p><!-- [et_pb_line_break_holder] -->  <\/p>\n<li>Planta\u017ee [CG]<\/li>\n<p><!-- [et_pb_line_break_holder] -->  <\/p>\n<li>Badel 1862 d.d.<\/li>\n<p><!-- [et_pb_line_break_holder] -->  <\/p>\n<li>Veleu\u010dili\u0161te u Slavonskom Brodu<\/li>\n<p><!-- [et_pb_line_break_holder] -->  <\/p>\n<li>Legovina<\/li>\n<p><!-- [et_pb_line_break_holder] -->  <\/p>\n<li>Celega Vino<\/li>\n<p><!-- [et_pb_line_break_holder] -->  <\/p>\n<li>Fragaria d.o.o.<\/li>\n<p><!-- [et_pb_line_break_holder] -->  <\/p>\n<li>OPG Ni\u010divojevi\u0107 Branko<\/li>\n<p><!-- [et_pb_line_break_holder] -->  <\/p>\n<li>Green Room d.o.o. [CG]<\/li>\n<p><!-- [et_pb_line_break_holder] -->  <\/p>\n<li>University of Agronomic Sciences and Veterinary Medicine of Bucharest [RO]<\/li>\n<p><!-- [et_pb_line_break_holder] -->  <\/p>\n<li>OPG Bojan Juri\u0161in<\/li>\n<p><!-- [et_pb_line_break_holder] -->  <\/p>\n<li>OPG Zeli\u0107 Matko<\/li>\n<p><!-- [et_pb_line_break_holder] -->  <\/p>\n<li>OPG Mi\u0161o Kuric<\/li>\n<p><!-- [et_pb_line_break_holder] -->  <\/p>\n<li>Zavod za mediteraske kulture, Sveu\u010dili\u0161te u Dubrovniku<\/li>\n<p><!-- [et_pb_line_break_holder] -->  <\/p>\n<li>KGZS &#8211; Zavod Novo mesto, [Slovenija]<\/li>\n<p><!-- [et_pb_line_break_holder] -->  <\/p>\n<li>Fragaria planta d.o.o.<\/li>\n<p><!-- [et_pb_line_break_holder] -->  <\/p>\n<li>A1 Hrvatska d.o.o.<\/li>\n<p><!-- [et_pb_line_break_holder] -->  <\/p>\n<li>Eko beri d.o.o.<\/li>\n<p><!-- [et_pb_line_break_holder] -->  <\/p>\n<li>Zadruga &#8220;Smokvica&#8221; [BiH]<\/li>\n<p><!-- [et_pb_line_break_holder] -->  <\/p>\n<li>OPG Ivan Han\u017eek<\/li>\n<p><!-- [et_pb_line_break_holder] -->  <\/p>\n<li>PPK Valpovo<\/li>\n<p><!-- [et_pb_line_break_holder] -->  <\/p>\n<li>Centar za poljoprivredu i ruralni razvoj Primorsko-goranske \u017eupanije<\/li>\n<p><!-- [et_pb_line_break_holder] -->  <\/p>\n<li>Vinarija Jakopi\u0107<\/li>\n<p><!-- [et_pb_line_break_holder] -->  <\/p>\n<li>Euro-Corylus d.o.o.<\/li>\n<p><!-- [et_pb_line_break_holder] -->  <\/p>\n<li>OPG Plei\u0107 Tamara<\/li>\n<p><!-- [et_pb_line_break_holder] --><\/ul>\n<p>[\/et_pb_code][\/et_pb_column][et_pb_column type=&#8221;1_4&#8243; module_class=&#8221;pm-reference-col-2&#8243; _builder_version=&#8221;4.24.3&#8243; _module_preset=&#8221;default&#8221; background_color=&#8221;#FFFFFF&#8221; custom_padding=&#8221;40px|40px|40px|40px|true|true&#8221; custom_padding_tablet=&#8221;0px|0px|0px|0px|true|true&#8221; custom_padding_phone=&#8221;0px|0px|0px|0px|true|true&#8221; custom_padding_last_edited=&#8221;on|phone&#8221; custom_css_main_element=&#8221;box-shadow: 0px 4px 44px 0px #00000040;&#8221; border_radii=&#8221;on|16px|16px|16px|16px&#8221; border_radii_tablet=&#8221;on|0px|0px|0px|0px&#8221; border_radii_phone=&#8221;on|0px|0px|0px|0px&#8221; border_radii_last_edited=&#8221;on|phone&#8221; global_colors_info=&#8221;{}&#8221;][et_pb_text module_id=&#8221;reference-sidebar&#8221; _builder_version=&#8221;4.24.3&#8243; _module_preset=&#8221;default&#8221; link_font=&#8221;Questrial||||on||||&#8221; link_text_align=&#8221;center&#8221; link_text_color=&#8221;#0769bc&#8221; link_line_height=&#8221;26px&#8221; header_3_font=&#8221;Raleway|700|||||||&#8221; header_3_text_align=&#8221;center&#8221; header_3_text_color=&#8221;#0b0f05&#8243; header_3_font_size=&#8221;24px&#8221; header_3_line_height=&#8221;28px&#8221; text_orientation=&#8221;center&#8221; hover_enabled=&#8221;0&#8243; global_colors_info=&#8221;{}&#8221; sticky_enabled=&#8221;0&#8243;]<\/p>\n<h3>Our users<\/h3>\n<p><a href=\"https:\/\/pinova-meteo.com\/en\/references\/risnjak-d-o-o\">Risnjak d.o.o.<\/a><a href=\"https:\/\/pinova-meteo.com\/en\/references\/skink-d-o-o\">Skink d.o.o.<\/a><a href=\"https:\/\/pinova-meteo.com\/en\/references\/agromedimurje-d-d\">Agrome\u0111imurje d.o.o.<\/a><a href=\"https:\/\/pinova-meteo.com\/en\/references\/vina-matosevic\">Vina Mato\u0161evic<\/a><\/p>\n<p>[\/et_pb_text][\/et_pb_column][\/et_pb_row][\/et_pb_section]<\/p>\n","protected":false},"excerpt":{"rendered":"<p><div class=\"et_pb_module lwp_divi_breadcrumbs lwp_divi_breadcrumbs_0\">\n\t\t\t\t\n\t\t\t\t\n\t\t\t\t\n\t\t\t\t\n\t\t\t\t\n\t\t\t\t\n\t\t\t\t<div class=\"et_pb_module_inner\">\n\t\t\t\t\t<div class=\"lwp-breadcrumbs\"> <span class=\"before\"><\/span> <span vocab=\"https:\/\/schema.org\/\" typeof=\"BreadcrumbList\"><span property=\"itemListElement\" typeof=\"ListItem\"><a property=\"item\" typeof=\"WebPage\" href=\"https:\/\/pinova-meteo.com\/en\" class=\"home\"><span property=\"name\">Homepage<\/span><\/a><meta property=\"position\" content=\"1\"><\/span> <span class=\"separator et-pb-icon\">&#x2f;<\/span> <\/span><\/div>\n\t\t\t\t<\/div>\n\t\t\t<\/div>ReferencesMany agricultural producers of all sizes and scope of production have recognized Pinova agrometeorological solutions as an indispensable element in agricultural production. We provide our users with technical and professional assistance when needed.Our users Risnjak d.o.o.Skink d.o.o.Agrome\u0111imurje d.o.o.Vina Mato\u0161evicSome [&hellip;]<\/p>\n","protected":false},"author":2,"featured_media":0,"parent":0,"menu_order":0,"comment_status":"closed","ping_status":"closed","template":"","meta":{"_et_pb_use_builder":"on","_et_pb_old_content":"","_et_gb_content_width":"","footnotes":""},"class_list":["post-531","page","type-page","status-publish","hentry"],"yoast_head":"<!-- This site is optimized with the Yoast SEO plugin v23.0 - https:\/\/yoast.com\/wordpress\/plugins\/seo\/ -->\n<title>References - Pinova Meteo<\/title>\n<meta name=\"robots\" content=\"index, follow, max-snippet:-1, max-image-preview:large, max-video-preview:-1\" \/>\n<link rel=\"canonical\" href=\"https:\/\/pinova-meteo.com\/en\/references\" \/>\n<meta property=\"og:locale\" content=\"en_US\" \/>\n<meta property=\"og:type\" content=\"article\" \/>\n<meta property=\"og:title\" content=\"References - Pinova Meteo\" \/>\n<meta property=\"og:description\" content=\"ReferencesMany agricultural producers of all sizes and scope of production have recognized Pinova agrometeorological solutions as an indispensable element in agricultural production. We provide our users with technical and professional assistance when needed.Our users Risnjak d.o.o.Skink d.o.o.Agrome\u0111imurje d.o.o.Vina Mato\u0161evicSome [&hellip;]\" \/>\n<meta property=\"og:url\" content=\"https:\/\/pinova-meteo.com\/en\/references\" \/>\n<meta property=\"og:site_name\" content=\"Pinova Meteo\" \/>\n<meta property=\"article:modified_time\" content=\"2024-06-21T14:28:31+00:00\" \/>\n<meta name=\"twitter:card\" content=\"summary_large_image\" \/>\n<meta name=\"twitter:label1\" content=\"Est. reading time\" \/>\n\t<meta name=\"twitter:data1\" content=\"7 minutes\" \/>\n<script type=\"application\/ld+json\" class=\"yoast-schema-graph\">{\"@context\":\"https:\/\/schema.org\",\"@graph\":[{\"@type\":\"WebPage\",\"@id\":\"https:\/\/pinova-meteo.com\/en\/references\",\"url\":\"https:\/\/pinova-meteo.com\/en\/references\",\"name\":\"References - Pinova Meteo\",\"isPartOf\":{\"@id\":\"https:\/\/pinova-meteo.com\/en#website\"},\"datePublished\":\"2024-05-22T10:32:03+00:00\",\"dateModified\":\"2024-06-21T14:28:31+00:00\",\"breadcrumb\":{\"@id\":\"https:\/\/pinova-meteo.com\/en\/references#breadcrumb\"},\"inLanguage\":\"en-US\",\"potentialAction\":[{\"@type\":\"ReadAction\",\"target\":[\"https:\/\/pinova-meteo.com\/en\/references\"]}]},{\"@type\":\"BreadcrumbList\",\"@id\":\"https:\/\/pinova-meteo.com\/en\/references#breadcrumb\",\"itemListElement\":[{\"@type\":\"ListItem\",\"position\":1,\"name\":\"Po\u010detna stranica\",\"item\":\"https:\/\/pinova-meteo.com\/en\"},{\"@type\":\"ListItem\",\"position\":2,\"name\":\"References\"}]},{\"@type\":\"WebSite\",\"@id\":\"https:\/\/pinova-meteo.com\/en#website\",\"url\":\"https:\/\/pinova-meteo.com\/en\",\"name\":\"Pinova Meteo\",\"description\":\"\",\"potentialAction\":[{\"@type\":\"SearchAction\",\"target\":{\"@type\":\"EntryPoint\",\"urlTemplate\":\"https:\/\/pinova-meteo.com\/en?s={search_term_string}\"},\"query-input\":\"required name=search_term_string\"}],\"inLanguage\":\"en-US\"}]}<\/script>\n<!-- \/ Yoast SEO plugin. -->","yoast_head_json":{"title":"References - Pinova Meteo","robots":{"index":"index","follow":"follow","max-snippet":"max-snippet:-1","max-image-preview":"max-image-preview:large","max-video-preview":"max-video-preview:-1"},"canonical":"https:\/\/pinova-meteo.com\/en\/references","og_locale":"en_US","og_type":"article","og_title":"References - Pinova Meteo","og_description":"ReferencesMany agricultural producers of all sizes and scope of production have recognized Pinova agrometeorological solutions as an indispensable element in agricultural production. We provide our users with technical and professional assistance when needed.Our users Risnjak d.o.o.Skink d.o.o.Agrome\u0111imurje d.o.o.Vina Mato\u0161evicSome [&hellip;]","og_url":"https:\/\/pinova-meteo.com\/en\/references","og_site_name":"Pinova Meteo","article_modified_time":"2024-06-21T14:28:31+00:00","twitter_card":"summary_large_image","twitter_misc":{"Est. reading time":"7 minutes"},"schema":{"@context":"https:\/\/schema.org","@graph":[{"@type":"WebPage","@id":"https:\/\/pinova-meteo.com\/en\/references","url":"https:\/\/pinova-meteo.com\/en\/references","name":"References - Pinova Meteo","isPartOf":{"@id":"https:\/\/pinova-meteo.com\/en#website"},"datePublished":"2024-05-22T10:32:03+00:00","dateModified":"2024-06-21T14:28:31+00:00","breadcrumb":{"@id":"https:\/\/pinova-meteo.com\/en\/references#breadcrumb"},"inLanguage":"en-US","potentialAction":[{"@type":"ReadAction","target":["https:\/\/pinova-meteo.com\/en\/references"]}]},{"@type":"BreadcrumbList","@id":"https:\/\/pinova-meteo.com\/en\/references#breadcrumb","itemListElement":[{"@type":"ListItem","position":1,"name":"Po\u010detna stranica","item":"https:\/\/pinova-meteo.com\/en"},{"@type":"ListItem","position":2,"name":"References"}]},{"@type":"WebSite","@id":"https:\/\/pinova-meteo.com\/en#website","url":"https:\/\/pinova-meteo.com\/en","name":"Pinova Meteo","description":"","potentialAction":[{"@type":"SearchAction","target":{"@type":"EntryPoint","urlTemplate":"https:\/\/pinova-meteo.com\/en?s={search_term_string}"},"query-input":"required name=search_term_string"}],"inLanguage":"en-US"}]}},"_links":{"self":[{"href":"https:\/\/pinova-meteo.com\/en\/wp-json\/wp\/v2\/pages\/531","targetHints":{"allow":["GET"]}}],"collection":[{"href":"https:\/\/pinova-meteo.com\/en\/wp-json\/wp\/v2\/pages"}],"about":[{"href":"https:\/\/pinova-meteo.com\/en\/wp-json\/wp\/v2\/types\/page"}],"author":[{"embeddable":true,"href":"https:\/\/pinova-meteo.com\/en\/wp-json\/wp\/v2\/users\/2"}],"replies":[{"embeddable":true,"href":"https:\/\/pinova-meteo.com\/en\/wp-json\/wp\/v2\/comments?post=531"}],"version-history":[{"count":7,"href":"https:\/\/pinova-meteo.com\/en\/wp-json\/wp\/v2\/pages\/531\/revisions"}],"predecessor-version":[{"id":2897,"href":"https:\/\/pinova-meteo.com\/en\/wp-json\/wp\/v2\/pages\/531\/revisions\/2897"}],"wp:attachment":[{"href":"https:\/\/pinova-meteo.com\/en\/wp-json\/wp\/v2\/media?parent=531"}],"curies":[{"name":"wp","href":"https:\/\/api.w.org\/{rel}","templated":true}]}}