{"id":532,"date":"2024-05-24T10:23:14","date_gmt":"2024-05-24T08:23:14","guid":{"rendered":"https:\/\/pinova-meteo.com\/references\/agromedimurje-d-d\/"},"modified":"2024-06-21T16:45:32","modified_gmt":"2024-06-21T14:45:32","slug":"agromedimurje-d-d","status":"publish","type":"page","link":"https:\/\/pinova-meteo.com\/en\/references\/agromedimurje-d-d","title":{"rendered":"Agrome\u0111imurje d.d."},"content":{"rendered":"<p>[et_pb_section fb_built=&#8221;1&#8243; disabled_on=&#8221;on|on|off&#8221; _builder_version=&#8221;4.24.3&#8243; _module_preset=&#8221;default&#8221; background_image=&#8221;https:\/\/pinova-meteo.com\/wp-content\/uploads\/2024\/06\/pinova-meteo-reference-header.png&#8221; height=&#8221;370px&#8221; custom_margin=&#8221;0px||0px||false|false&#8221; custom_padding=&#8221;0px||0px||false|false&#8221; border_radii=&#8221;off|||60px|60px&#8221; locked=&#8221;off&#8221; global_colors_info=&#8221;{}&#8221;][\/et_pb_section][et_pb_section fb_built=&#8221;1&#8243; _builder_version=&#8221;4.24.3&#8243; _module_preset=&#8221;default&#8221; background_color=&#8221;RGBA(255,255,255,0)&#8221; custom_margin=&#8221;-290px||||false|false&#8221; custom_margin_tablet=&#8221;32px||||false|false&#8221; custom_margin_phone=&#8221;32px||||false|false&#8221; custom_margin_last_edited=&#8221;on|tablet&#8221; custom_padding=&#8221;0px||80px||false|false&#8221; locked=&#8221;off&#8221; global_colors_info=&#8221;{}&#8221;][et_pb_row column_structure=&#8221;3_4,1_4&#8243; _builder_version=&#8221;4.24.3&#8243; _module_preset=&#8221;default&#8221; width=&#8221;90%&#8221; custom_margin_tablet=&#8221;122px||||false|false&#8221; custom_margin_last_edited=&#8221;off|desktop&#8221; custom_padding=&#8221;0px||0px||false|false&#8221; global_colors_info=&#8221;{}&#8221;][et_pb_column type=&#8221;3_4&#8243; module_class=&#8221;pm-pip-col-1&#8243; _builder_version=&#8221;4.24.3&#8243; _module_preset=&#8221;default&#8221; background_color=&#8221;#FFFFFF&#8221; custom_padding=&#8221;40px|40px|40px|40px|true|true&#8221; custom_padding_tablet=&#8221;0px|0px|0px|0px|true|true&#8221; custom_padding_phone=&#8221;0px|0px|0px|0px|true|true&#8221; custom_padding_last_edited=&#8221;on|phone&#8221; custom_css_main_element=&#8221;@media (min-width: 981px) {||  box-shadow: 0px 4px 44px 0px #00000040;||||}&#8221; border_radii=&#8221;on|16px|16px|16px|16px&#8221; border_radii_tablet=&#8221;on|0px|0px|0px|0px&#8221; border_radii_phone=&#8221;on|0px|0px|0px|0px&#8221; border_radii_last_edited=&#8221;on|phone&#8221; global_colors_info=&#8221;{}&#8221;][lwp_divi_breadcrumbs home_text=&#8221;Homepage&#8221; font_icon=&#8221;&#x2f;||divi||400&#8243; link_color=&#8221;#0b0f05&#8243; current_text_color=&#8221;#012169&#8243; _builder_version=&#8221;4.24.3&#8243; _module_preset=&#8221;default&#8221; hover_enabled=&#8221;0&#8243; custom_css_free_form=&#8221;.lwp-breadcrumbs span.separator {||  font-family: &#8216;Questrial&#8217;,Helvetica,Arial,Lucida,sans-serif !important;||}&#8221; locked=&#8221;off&#8221; global_colors_info=&#8221;{}&#8221; sticky_enabled=&#8221;0&#8243;][\/lwp_divi_breadcrumbs][et_pb_text _builder_version=&#8221;4.24.3&#8243; _module_preset=&#8221;default&#8221; header_font=&#8221;Raleway|700|||||||&#8221; header_text_color=&#8221;#0b0f05&#8243; header_font_size=&#8221;48px&#8221; header_line_height=&#8221;56px&#8221; custom_margin=&#8221;||22px||false|false&#8221; custom_margin_tablet=&#8221;||0px||false|false&#8221; custom_margin_phone=&#8221;||0px||false|false&#8221; custom_margin_last_edited=&#8221;on|tablet&#8221; header_font_size_tablet=&#8221;36px&#8221; header_font_size_phone=&#8221;24px&#8221; header_font_size_last_edited=&#8221;on|tablet&#8221; header_line_height_tablet=&#8221;40px&#8221; header_line_height_phone=&#8221;28px&#8221; header_line_height_last_edited=&#8221;on|tablet&#8221; global_colors_info=&#8221;{}&#8221;]<\/p>\n<h1>Agrome\u0111imurje d.d.<\/h1>\n<p>[\/et_pb_text][et_pb_text _builder_version=&#8221;4.24.3&#8243; _module_preset=&#8221;default&#8221; text_font=&#8221;Questrial||||||||&#8221; text_text_color=&#8221;#0b0f05&#8243; text_line_height=&#8221;26px&#8221; ol_font=&#8221;Questrial||||||||&#8221; ol_text_color=&#8221;#0b0f05&#8243; ol_font_size=&#8221;18px&#8221; ol_line_height=&#8221;26px&#8221; custom_margin=&#8221;||0px||false|false&#8221; custom_padding=&#8221;||0px||false|false&#8221; text_font_size_tablet=&#8221;&#8221; text_font_size_phone=&#8221;16px&#8221; text_font_size_last_edited=&#8221;on|phone&#8221; text_line_height_tablet=&#8221;26px&#8221; text_line_height_phone=&#8221;24px&#8221; text_line_height_last_edited=&#8221;on|phone&#8221; ol_font_size_tablet=&#8221;18px&#8221; ol_font_size_phone=&#8221;16px&#8221; ol_font_size_last_edited=&#8221;on|desktop&#8221; ol_line_height_tablet=&#8221;26px&#8221; ol_line_height_phone=&#8221;24px&#8221; ol_line_height_last_edited=&#8221;on|phone&#8221; custom_css_free_form=&#8221;strong {||  font-family: Raleway;||  font-weight: 700;||}&#8221; global_colors_info=&#8221;{}&#8221;]<\/p>\n<p style=\"padding-bottom: 16px;\">Agrome\u0111imurje d.d. \u010cakovec, utemeljeno je davne 1947. godine kao poljoprivredno poduze\u0107e koje preko svojih pravnih i organizacijskih prednika uspje\u0161no posluje ve\u0107 vi\u0161e od 60 godina.<\/p>\n<p style=\"padding-bottom: 16px;\">Dana\u0161nji pravni i organizacijski oblik poprima 1993. godine, nakon uspje\u0161no provedenog postupka pretvorbe dru\u0161tvenog poduze\u0107a &#8220;Poljoprivredno dobro&#8221; \u010cakovec u dioni\u010dko dru\u0161tvo &#8220;Agrom\u0111imurje&#8221; d.d. \u010cakovec. Kao tvrtka veliki su proizvo\u0111a\u0107i u gotovo svim granama poljoprivrede. \u0160to ka\u017eu o svojoj proizvodnji.<\/p>\n<ul style=\"padding-bottom: 24px;\">\n<li style=\"padding-bottom: 8px;\"><strong>Vo\u0107arstvo<\/strong> &#8211; Mo\u017eemo se pohvaliti tridesetogodi\u0161njom tradicijom u proizvodnji jabuka. Prvi nasadi jabuka podignuti su 1977. godine u Nedeli\u0161\u0107u na 80 ha. Nakon toga podignuto je 74 ha na lokaciji \u010cehovec, a na lokaciji Cirkovljan 73 ha. Sada\u0161nja proizvodnja odvija se na 225 ha najsuvremenijih planta\u017ea jabuka \u010dija godi\u0161nja proizvodnja iznosi 7.000 do 8.000 tona konzumne jabuke (ciljana proizvodnja, vi\u0161egodi\u0161nji prosjek je 35 do 45 t\/ha).<\/li>\n<li style=\"padding-bottom: 8px;\"><strong>Vinogradarska proizvodnja<\/strong> odvija se na 141 ha vinograda, gdje se proizvode vrhunske sorte gro\u017e\u0111a &#8211; Moslavac, Gra\u0161evina, Pinot bijeli, Sauvignon, Rizling rajnski, Mu\u0161kat i Traminac od kojih nastaje plemenito vino profinjenog bukea, fine arome, prijatnog i osvje\u017eavaju\u0107eg okusa te umjerene jakosti. \u0160trigovski podruma kapaciteta je 2.000.000 litara, opremljen je suvremenom opremon \u0161to omogu\u0107uje proizvodnju najkvalitetnijih vina i stalno pre\u0107enje novih trendova u vinarstvu.<\/li>\n<li style=\"padding-bottom: 8px;\"><strong>Ratarska proizvodnja<\/strong> Agrome\u0111imurja d.d. odvija se na oko 1000 ha, od kojih je ve\u0107ina povr\u0161ina u zakupu dr\u017eavnog poljoprivrednog zemlji\u0161ta, dok je dio povr\u0161ina je u vlasni\u0161tvu tvrtke. Obra\u0111ujemo oranice du\u017e cijelog Me\u0111imurja, a centri ratarenja su pogoni Kotoriba i \u010cakovec. Od kultura uzgajamo kukuruz i je\u010dam koje oplemenjujemo kroz vlastitu sto\u010darsku proizvodnju, zatim p\u0161enicu i uljanu repicu namjenjenu tr\u017ei\u0161tu, te konzumni luk i gra\u0161ak.<\/li>\n<li><strong>Rasadni\u010darsku proizvodnju<\/strong> smo zapo\u010deli prije 30 godina u rasadniku Sveta Marija koje se uspje\u0161no odvija sve do danas. Usvajaju\u0107i nova znanja i tehnologije koje smo implementirali u proizvodnju, proizvodimo sadni materijal koji odgovara najvi\u0161im standardima kakvo\u0107e. Vlastitim sadnim materijalom podignuto je 227 ha najsuvremenijh planta\u017enih nasada jabuka. Nudimo \u0161iroki sortiment za sve vrste kontinentalnog vo\u0107a, za intenzivne i ekstenzivne nasade uz svu potrebnu dokumentaciju za ostvarivanje poticaja. Reprometerijal koji se koristi u proizvodnji sadnica potje\u0107e iz vlastitih mati\u010dnjaka podloga i plemaka.<\/li>\n<\/ul>\n<p style=\"padding-bottom: 24px;\">Korisnici su novih tehnologija, na\u0161i su dugogodi\u0161nji partneri i korisnici agrometeorolo\u0161ke stanice Pinova Meteo i PinovaDoc aplikacije. U svojim vo\u0107njacima imaju dvije stanice koje im koriste za planiranje za\u0161tite, navodnjavanja ali i drugih agrotehni\u010dkih operacija.<\/p>\n<p>[\/et_pb_text][et_pb_text _builder_version=&#8221;4.24.3&#8243; _module_preset=&#8221;default&#8221; text_font=&#8221;Questrial||||||||&#8221; text_text_color=&#8221;#0b0f05&#8243; text_line_height=&#8221;26px&#8221; header_3_font=&#8221;Raleway|700|||||||&#8221; header_3_text_color=&#8221;#0b0f05&#8243; header_3_line_height=&#8221;26px&#8221; background_color=&#8221;#f1f1f1&#8243; custom_margin=&#8221;||40px||false|false&#8221; custom_margin_tablet=&#8221;||40px||false|false&#8221; custom_margin_phone=&#8221;||32px||false|false&#8221; custom_margin_last_edited=&#8221;on|phone&#8221; custom_padding=&#8221;24px|24px|24px|24px|true|true&#8221; text_font_size_tablet=&#8221;&#8221; text_font_size_phone=&#8221;16px&#8221; text_font_size_last_edited=&#8221;on|phone&#8221; text_line_height_tablet=&#8221;26px&#8221; text_line_height_phone=&#8221;24px&#8221; text_line_height_last_edited=&#8221;on|phone&#8221; header_font_size_tablet=&#8221;24px&#8221; header_font_size_last_edited=&#8221;off|desktop&#8221; header_line_height_tablet=&#8221;18px&#8221; header_line_height_phone=&#8221;14px&#8221; header_line_height_last_edited=&#8221;off|desktop&#8221; header_3_font_size_tablet=&#8221;&#8221; header_3_font_size_phone=&#8221;18px&#8221; header_3_font_size_last_edited=&#8221;on|phone&#8221; header_3_line_height_tablet=&#8221;26px&#8221; header_3_line_height_phone=&#8221;22px&#8221; header_3_line_height_last_edited=&#8221;on|phone&#8221; border_radii=&#8221;on|32px|32px|32px|32px&#8221; locked=&#8221;off&#8221; global_colors_info=&#8221;{}&#8221;]<\/p>\n<p><em>&#8220;&#8230;Stanica , izme\u0111u ostaloga , najvi\u0161e poma\u017ee kod planiranja za\u0161tite jabuka . Na temelju zabilje\u017eenih meteorolo\u0161kih podataka lak\u0161e donosimo pravovremenu odluku o mogu\u0107oj za\u0161titi biljaka od bolesti i \u0161tetnika sredstvima za za\u0161titu bilja, ili odluku o izostanku iste ako nije zabilje\u017eena infekcija . Prema tome poma\u017ee i u samoj odluci o izboru sredstva za za\u0161titu bilja ( pravovremeno kori\u0161tenje jeftinijih i ekolo\u0161ki prihvatljivijih preventivnih aktivnih tvari sa zelene liste) . Tako\u0111er prema koli\u010dini oborinama i vlazi tla planiramo navodnjavanje. Oborine i vlaga tla se mjere direktno u na\u0161em nasadu pa pouzdanije mo\u017eemo donijeti odluku o obrocima navodnjavanja&#8230;&#8221;<\/em><\/p>\n<p style=\"text-align: right;\"><strong>An\u0111elko Tom\u0161i\u0107 dipl.ing.agr.<\/strong><\/p>\n<p>[\/et_pb_text][et_pb_text _builder_version=&#8221;4.24.3&#8243; _module_preset=&#8221;default&#8221; text_font=&#8221;Questrial||||||||&#8221; text_text_color=&#8221;#0b0f05&#8243; text_line_height=&#8221;26px&#8221; ol_font=&#8221;Questrial||||||||&#8221; ol_text_color=&#8221;#0b0f05&#8243; ol_font_size=&#8221;18px&#8221; ol_line_height=&#8221;26px&#8221; custom_margin=&#8221;||0px||false|false&#8221; custom_padding=&#8221;||0px||false|false&#8221; text_font_size_tablet=&#8221;&#8221; text_font_size_phone=&#8221;16px&#8221; text_font_size_last_edited=&#8221;on|phone&#8221; text_line_height_tablet=&#8221;26px&#8221; text_line_height_phone=&#8221;24px&#8221; text_line_height_last_edited=&#8221;on|phone&#8221; ol_font_size_tablet=&#8221;18px&#8221; ol_font_size_phone=&#8221;16px&#8221; ol_font_size_last_edited=&#8221;on|desktop&#8221; ol_line_height_tablet=&#8221;26px&#8221; ol_line_height_phone=&#8221;24px&#8221; ol_line_height_last_edited=&#8221;on|phone&#8221; custom_css_free_form=&#8221;strong {||  font-family: Raleway;||  font-weight: 700;||}&#8221; global_colors_info=&#8221;{}&#8221;]<\/p>\n<p style=\"padding-bottom: 24px;\"><span>Osim agrometeorolo\u0161kih stanica koriste i GPS tehnologiju kako bi pratili rad traktora. Primjenjuju metode konfuzije kod suzbijanja jabu\u010dnog savija\u010da za koju voditelj vo\u0107arske proizvodnje An\u0111elko Tom\u0161i\u0107 ka\u017ee:<\/span><\/p>\n<p>[\/et_pb_text][et_pb_text _builder_version=&#8221;4.24.3&#8243; _module_preset=&#8221;default&#8221; text_font=&#8221;Questrial||||||||&#8221; text_text_color=&#8221;#0b0f05&#8243; text_line_height=&#8221;26px&#8221; header_3_font=&#8221;Raleway|700|||||||&#8221; header_3_text_color=&#8221;#0b0f05&#8243; header_3_line_height=&#8221;26px&#8221; background_color=&#8221;#f1f1f1&#8243; custom_margin=&#8221;||0px||false|false&#8221; custom_margin_tablet=&#8221;||40px||false|false&#8221; custom_margin_phone=&#8221;||32px||false|false&#8221; custom_margin_last_edited=&#8221;on|phone&#8221; custom_padding=&#8221;24px|24px|24px|24px|true|true&#8221; text_font_size_tablet=&#8221;&#8221; text_font_size_phone=&#8221;16px&#8221; text_font_size_last_edited=&#8221;on|phone&#8221; text_line_height_tablet=&#8221;26px&#8221; text_line_height_phone=&#8221;24px&#8221; text_line_height_last_edited=&#8221;on|phone&#8221; header_font_size_tablet=&#8221;24px&#8221; header_font_size_last_edited=&#8221;off|desktop&#8221; header_line_height_tablet=&#8221;18px&#8221; header_line_height_phone=&#8221;14px&#8221; header_line_height_last_edited=&#8221;off|desktop&#8221; header_3_font_size_tablet=&#8221;&#8221; header_3_font_size_phone=&#8221;18px&#8221; header_3_font_size_last_edited=&#8221;on|phone&#8221; header_3_line_height_tablet=&#8221;26px&#8221; header_3_line_height_phone=&#8221;22px&#8221; header_3_line_height_last_edited=&#8221;on|phone&#8221; border_radii=&#8221;on|32px|32px|32px|32px&#8221; locked=&#8221;off&#8221; global_colors_info=&#8221;{}&#8221;]<\/p>\n<p><em>&#8220;Konfuziju pokusno koristimo zadnjih 4 godine , te prema iskustvima i rezultatima svakako umanjuje populaciju savija\u010da. Ona nikako nemo\u017ee u potpunosti smanjiti upotrebu insekticida , jer tu osim jabu\u010dnog i breskvinog savija\u010da imamo i druge savija\u010de ,kao i ostale \u0161tetnike , o kojima treba voditi ra\u010duna .U vo\u0107njacima pod mre\u017eom, i malim potencijalom drugih \u0161tetnika, svakako mo\u017eemo umanjiti ili \u010dak izbje\u0107i tretiranja insekticidom u drugom dijelu vegetacije na drugu i eventualnu tre\u0107u generaciju savija\u010da.&#8221;<\/em><\/p>\n<p style=\"text-align: right;\"><strong>An\u0111elko Tom\u0161i\u0107 dipl.ing.agr.<\/strong><\/p>\n<p>[\/et_pb_text][\/et_pb_column][et_pb_column type=&#8221;1_4&#8243; module_class=&#8221;pm-pip-col-1&#8243; _builder_version=&#8221;4.24.3&#8243; _module_preset=&#8221;default&#8221; background_color=&#8221;#FFFFFF&#8221; custom_padding=&#8221;40px|40px|40px|40px|true|true&#8221; custom_padding_tablet=&#8221;0px|0px|0px|0px|true|true&#8221; custom_padding_phone=&#8221;0px|0px|0px|0px|true|true&#8221; custom_padding_last_edited=&#8221;on|phone&#8221; custom_css_main_element=&#8221;opacity: 0;||pointer-events: none;&#8221; border_radii=&#8221;on|16px|16px|16px|16px&#8221; border_radii_tablet=&#8221;on|0px|0px|0px|0px&#8221; border_radii_phone=&#8221;on|0px|0px|0px|0px&#8221; border_radii_last_edited=&#8221;on|phone&#8221; global_colors_info=&#8221;{}&#8221;][\/et_pb_column][\/et_pb_row][\/et_pb_section]<\/p>\n","protected":false},"excerpt":{"rendered":"<p><div class=\"et_pb_module lwp_divi_breadcrumbs lwp_divi_breadcrumbs_0\">\n\t\t\t\t\n\t\t\t\t\n\t\t\t\t\n\t\t\t\t\n\t\t\t\t\n\t\t\t\t\n\t\t\t\t<div class=\"et_pb_module_inner\">\n\t\t\t\t\t<div class=\"lwp-breadcrumbs\"> <span class=\"before\"><\/span> <span vocab=\"https:\/\/schema.org\/\" typeof=\"BreadcrumbList\"><span property=\"itemListElement\" typeof=\"ListItem\"><a property=\"item\" typeof=\"WebPage\" href=\"https:\/\/pinova-meteo.com\/en\" class=\"home\"><span property=\"name\">Homepage<\/span><\/a><meta property=\"position\" content=\"1\"><\/span> <span class=\"separator et-pb-icon\">&#x2f;<\/span> <\/span><\/div>\n\t\t\t\t<\/div>\n\t\t\t<\/div>Agrome\u0111imurje d.d.Agrome\u0111imurje d.d. \u010cakovec, utemeljeno je davne 1947. godine kao poljoprivredno poduze\u0107e koje preko svojih pravnih i organizacijskih prednika uspje\u0161no posluje ve\u0107 vi\u0161e od 60 godina. Dana\u0161nji pravni i organizacijski oblik poprima 1993. godine, nakon uspje\u0161no provedenog postupka pretvorbe [&hellip;]<\/p>\n","protected":false},"author":2,"featured_media":0,"parent":531,"menu_order":0,"comment_status":"closed","ping_status":"closed","template":"","meta":{"_et_pb_use_builder":"on","_et_pb_old_content":"","_et_gb_content_width":"","footnotes":""},"class_list":["post-532","page","type-page","status-publish","hentry"],"yoast_head":"<!-- This site is optimized with the Yoast SEO plugin v23.0 - https:\/\/yoast.com\/wordpress\/plugins\/seo\/ -->\n<title>Agrome\u0111imurje d.d. - Pinova Meteo<\/title>\n<meta name=\"robots\" content=\"index, follow, max-snippet:-1, max-image-preview:large, max-video-preview:-1\" \/>\n<link rel=\"canonical\" href=\"https:\/\/pinova-meteo.com\/en\/references\/agromedimurje-d-d\" \/>\n<meta property=\"og:locale\" content=\"en_US\" \/>\n<meta property=\"og:type\" content=\"article\" \/>\n<meta property=\"og:title\" content=\"Agrome\u0111imurje d.d. - Pinova Meteo\" \/>\n<meta property=\"og:description\" content=\"Agrome\u0111imurje d.d.Agrome\u0111imurje d.d. \u010cakovec, utemeljeno je davne 1947. godine kao poljoprivredno poduze\u0107e koje preko svojih pravnih i organizacijskih prednika uspje\u0161no posluje ve\u0107 vi\u0161e od 60 godina. Dana\u0161nji pravni i organizacijski oblik poprima 1993. godine, nakon uspje\u0161no provedenog postupka pretvorbe [&hellip;]\" \/>\n<meta property=\"og:url\" content=\"https:\/\/pinova-meteo.com\/en\/references\/agromedimurje-d-d\" \/>\n<meta property=\"og:site_name\" content=\"Pinova Meteo\" \/>\n<meta property=\"article:modified_time\" content=\"2024-06-21T14:45:32+00:00\" \/>\n<meta name=\"twitter:card\" content=\"summary_large_image\" \/>\n<meta name=\"twitter:label1\" content=\"Est. reading time\" \/>\n\t<meta name=\"twitter:data1\" content=\"9 minutes\" \/>\n<script type=\"application\/ld+json\" class=\"yoast-schema-graph\">{\"@context\":\"https:\/\/schema.org\",\"@graph\":[{\"@type\":\"WebPage\",\"@id\":\"https:\/\/pinova-meteo.com\/en\/references\/agromedimurje-d-d\",\"url\":\"https:\/\/pinova-meteo.com\/en\/references\/agromedimurje-d-d\",\"name\":\"Agrome\u0111imurje d.d. - Pinova Meteo\",\"isPartOf\":{\"@id\":\"https:\/\/pinova-meteo.com\/en#website\"},\"datePublished\":\"2024-05-24T08:23:14+00:00\",\"dateModified\":\"2024-06-21T14:45:32+00:00\",\"breadcrumb\":{\"@id\":\"https:\/\/pinova-meteo.com\/en\/references\/agromedimurje-d-d#breadcrumb\"},\"inLanguage\":\"en-US\",\"potentialAction\":[{\"@type\":\"ReadAction\",\"target\":[\"https:\/\/pinova-meteo.com\/en\/references\/agromedimurje-d-d\"]}]},{\"@type\":\"BreadcrumbList\",\"@id\":\"https:\/\/pinova-meteo.com\/en\/references\/agromedimurje-d-d#breadcrumb\",\"itemListElement\":[{\"@type\":\"ListItem\",\"position\":1,\"name\":\"Po\u010detna stranica\",\"item\":\"https:\/\/pinova-meteo.com\/en\"},{\"@type\":\"ListItem\",\"position\":2,\"name\":\"References\",\"item\":\"https:\/\/pinova-meteo.com\/en\/reference\"},{\"@type\":\"ListItem\",\"position\":3,\"name\":\"Agrome\u0111imurje d.d.\"}]},{\"@type\":\"WebSite\",\"@id\":\"https:\/\/pinova-meteo.com\/en#website\",\"url\":\"https:\/\/pinova-meteo.com\/en\",\"name\":\"Pinova Meteo\",\"description\":\"\",\"potentialAction\":[{\"@type\":\"SearchAction\",\"target\":{\"@type\":\"EntryPoint\",\"urlTemplate\":\"https:\/\/pinova-meteo.com\/en?s={search_term_string}\"},\"query-input\":\"required name=search_term_string\"}],\"inLanguage\":\"en-US\"}]}<\/script>\n<!-- \/ Yoast SEO plugin. -->","yoast_head_json":{"title":"Agrome\u0111imurje d.d. - Pinova Meteo","robots":{"index":"index","follow":"follow","max-snippet":"max-snippet:-1","max-image-preview":"max-image-preview:large","max-video-preview":"max-video-preview:-1"},"canonical":"https:\/\/pinova-meteo.com\/en\/references\/agromedimurje-d-d","og_locale":"en_US","og_type":"article","og_title":"Agrome\u0111imurje d.d. - Pinova Meteo","og_description":"Agrome\u0111imurje d.d.Agrome\u0111imurje d.d. \u010cakovec, utemeljeno je davne 1947. godine kao poljoprivredno poduze\u0107e koje preko svojih pravnih i organizacijskih prednika uspje\u0161no posluje ve\u0107 vi\u0161e od 60 godina. Dana\u0161nji pravni i organizacijski oblik poprima 1993. godine, nakon uspje\u0161no provedenog postupka pretvorbe [&hellip;]","og_url":"https:\/\/pinova-meteo.com\/en\/references\/agromedimurje-d-d","og_site_name":"Pinova Meteo","article_modified_time":"2024-06-21T14:45:32+00:00","twitter_card":"summary_large_image","twitter_misc":{"Est. reading time":"9 minutes"},"schema":{"@context":"https:\/\/schema.org","@graph":[{"@type":"WebPage","@id":"https:\/\/pinova-meteo.com\/en\/references\/agromedimurje-d-d","url":"https:\/\/pinova-meteo.com\/en\/references\/agromedimurje-d-d","name":"Agrome\u0111imurje d.d. - Pinova Meteo","isPartOf":{"@id":"https:\/\/pinova-meteo.com\/en#website"},"datePublished":"2024-05-24T08:23:14+00:00","dateModified":"2024-06-21T14:45:32+00:00","breadcrumb":{"@id":"https:\/\/pinova-meteo.com\/en\/references\/agromedimurje-d-d#breadcrumb"},"inLanguage":"en-US","potentialAction":[{"@type":"ReadAction","target":["https:\/\/pinova-meteo.com\/en\/references\/agromedimurje-d-d"]}]},{"@type":"BreadcrumbList","@id":"https:\/\/pinova-meteo.com\/en\/references\/agromedimurje-d-d#breadcrumb","itemListElement":[{"@type":"ListItem","position":1,"name":"Po\u010detna stranica","item":"https:\/\/pinova-meteo.com\/en"},{"@type":"ListItem","position":2,"name":"References","item":"https:\/\/pinova-meteo.com\/en\/reference"},{"@type":"ListItem","position":3,"name":"Agrome\u0111imurje d.d."}]},{"@type":"WebSite","@id":"https:\/\/pinova-meteo.com\/en#website","url":"https:\/\/pinova-meteo.com\/en","name":"Pinova Meteo","description":"","potentialAction":[{"@type":"SearchAction","target":{"@type":"EntryPoint","urlTemplate":"https:\/\/pinova-meteo.com\/en?s={search_term_string}"},"query-input":"required name=search_term_string"}],"inLanguage":"en-US"}]}},"_links":{"self":[{"href":"https:\/\/pinova-meteo.com\/en\/wp-json\/wp\/v2\/pages\/532","targetHints":{"allow":["GET"]}}],"collection":[{"href":"https:\/\/pinova-meteo.com\/en\/wp-json\/wp\/v2\/pages"}],"about":[{"href":"https:\/\/pinova-meteo.com\/en\/wp-json\/wp\/v2\/types\/page"}],"author":[{"embeddable":true,"href":"https:\/\/pinova-meteo.com\/en\/wp-json\/wp\/v2\/users\/2"}],"replies":[{"embeddable":true,"href":"https:\/\/pinova-meteo.com\/en\/wp-json\/wp\/v2\/comments?post=532"}],"version-history":[{"count":4,"href":"https:\/\/pinova-meteo.com\/en\/wp-json\/wp\/v2\/pages\/532\/revisions"}],"predecessor-version":[{"id":2913,"href":"https:\/\/pinova-meteo.com\/en\/wp-json\/wp\/v2\/pages\/532\/revisions\/2913"}],"up":[{"embeddable":true,"href":"https:\/\/pinova-meteo.com\/en\/wp-json\/wp\/v2\/pages\/531"}],"wp:attachment":[{"href":"https:\/\/pinova-meteo.com\/en\/wp-json\/wp\/v2\/media?parent=532"}],"curies":[{"name":"wp","href":"https:\/\/api.w.org\/{rel}","templated":true}]}}