{"id":534,"date":"2024-05-24T10:22:38","date_gmt":"2024-05-24T08:22:38","guid":{"rendered":"https:\/\/pinova-meteo.com\/references\/skink-d-o-o\/"},"modified":"2024-06-21T16:47:19","modified_gmt":"2024-06-21T14:47:19","slug":"skink-d-o-o","status":"publish","type":"page","link":"https:\/\/pinova-meteo.com\/en\/references\/skink-d-o-o","title":{"rendered":"Skink d.o.o."},"content":{"rendered":"<p>[et_pb_section fb_built=&#8221;1&#8243; disabled_on=&#8221;on|on|off&#8221; _builder_version=&#8221;4.24.3&#8243; _module_preset=&#8221;default&#8221; background_image=&#8221;https:\/\/pinova-meteo.com\/wp-content\/uploads\/2024\/06\/pinova-meteo-reference-header.png&#8221; height=&#8221;370px&#8221; custom_margin=&#8221;0px||0px||false|false&#8221; custom_padding=&#8221;0px||0px||false|false&#8221; border_radii=&#8221;off|||60px|60px&#8221; locked=&#8221;off&#8221; global_colors_info=&#8221;{}&#8221; theme_builder_area=&#8221;post_content&#8221;][\/et_pb_section][et_pb_section fb_built=&#8221;1&#8243; _builder_version=&#8221;4.24.3&#8243; _module_preset=&#8221;default&#8221; background_color=&#8221;RGBA(255,255,255,0)&#8221; custom_margin=&#8221;-290px||||false|false&#8221; custom_margin_tablet=&#8221;32px||||false|false&#8221; custom_margin_phone=&#8221;32px||||false|false&#8221; custom_margin_last_edited=&#8221;on|tablet&#8221; custom_padding=&#8221;0px||80px||false|false&#8221; locked=&#8221;off&#8221; global_colors_info=&#8221;{}&#8221; admin_label=&#8221;Section&#8221; theme_builder_area=&#8221;post_content&#8221;][et_pb_row column_structure=&#8221;3_4,1_4&#8243; _builder_version=&#8221;4.24.3&#8243; _module_preset=&#8221;default&#8221; width=&#8221;90%&#8221; custom_margin_tablet=&#8221;122px||||false|false&#8221; custom_margin_last_edited=&#8221;off|desktop&#8221; custom_padding=&#8221;0px||0px||false|false&#8221; global_colors_info=&#8221;{}&#8221; theme_builder_area=&#8221;post_content&#8221;][et_pb_column type=&#8221;3_4&#8243; module_class=&#8221;pm-pip-col-1&#8243; _builder_version=&#8221;4.24.3&#8243; _module_preset=&#8221;default&#8221; background_color=&#8221;#FFFFFF&#8221; custom_padding=&#8221;40px|40px|40px|40px|true|true&#8221; custom_padding_tablet=&#8221;0px|0px|0px|0px|true|true&#8221; custom_padding_phone=&#8221;0px|0px|0px|0px|true|true&#8221; custom_padding_last_edited=&#8221;on|phone&#8221; custom_css_main_element=&#8221;@media (min-width: 981px) {||  box-shadow: 0px 4px 44px 0px #00000040;||||}&#8221; border_radii=&#8221;on|16px|16px|16px|16px&#8221; border_radii_tablet=&#8221;on|0px|0px|0px|0px&#8221; border_radii_phone=&#8221;on|0px|0px|0px|0px&#8221; border_radii_last_edited=&#8221;on|phone&#8221; global_colors_info=&#8221;{}&#8221; theme_builder_area=&#8221;post_content&#8221;][lwp_divi_breadcrumbs home_text=&#8221;Homepage&#8221; font_icon=&#8221;&#x2f;||divi||400&#8243; link_color=&#8221;#0b0f05&#8243; current_text_color=&#8221;#012169&#8243; _builder_version=&#8221;4.24.3&#8243; _module_preset=&#8221;default&#8221; hover_enabled=&#8221;0&#8243; custom_css_free_form=&#8221;.lwp-breadcrumbs span.separator {||  font-family: &#8216;Questrial&#8217;,Helvetica,Arial,Lucida,sans-serif !important;||}&#8221; locked=&#8221;off&#8221; global_colors_info=&#8221;{}&#8221; theme_builder_area=&#8221;post_content&#8221; sticky_enabled=&#8221;0&#8243;][\/lwp_divi_breadcrumbs][et_pb_text _builder_version=&#8221;4.24.3&#8243; _module_preset=&#8221;default&#8221; header_font=&#8221;Raleway|700|||||||&#8221; header_text_color=&#8221;#0b0f05&#8243; header_font_size=&#8221;48px&#8221; header_line_height=&#8221;56px&#8221; custom_margin=&#8221;||22px||false|false&#8221; custom_margin_tablet=&#8221;||0px||false|false&#8221; custom_margin_phone=&#8221;||0px||false|false&#8221; custom_margin_last_edited=&#8221;on|tablet&#8221; header_font_size_tablet=&#8221;36px&#8221; header_font_size_phone=&#8221;24px&#8221; header_font_size_last_edited=&#8221;on|tablet&#8221; header_line_height_tablet=&#8221;40px&#8221; header_line_height_phone=&#8221;28px&#8221; header_line_height_last_edited=&#8221;on|tablet&#8221; global_colors_info=&#8221;{}&#8221; theme_builder_area=&#8221;post_content&#8221;]<\/p>\n<h1>Skink d.o.o.<\/h1>\n<p>[\/et_pb_text][et_pb_text _builder_version=&#8221;4.24.3&#8243; _module_preset=&#8221;default&#8221; text_font=&#8221;Questrial||||||||&#8221; text_text_color=&#8221;#0b0f05&#8243; text_line_height=&#8221;26px&#8221; ol_font=&#8221;Questrial||||||||&#8221; ol_text_color=&#8221;#0b0f05&#8243; ol_font_size=&#8221;18px&#8221; ol_line_height=&#8221;26px&#8221; custom_margin=&#8221;||0px||false|false&#8221; custom_padding=&#8221;||0px||false|false&#8221; text_font_size_tablet=&#8221;&#8221; text_font_size_phone=&#8221;16px&#8221; text_font_size_last_edited=&#8221;on|phone&#8221; text_line_height_tablet=&#8221;26px&#8221; text_line_height_phone=&#8221;24px&#8221; text_line_height_last_edited=&#8221;on|phone&#8221; ol_font_size_tablet=&#8221;18px&#8221; ol_font_size_phone=&#8221;16px&#8221; ol_font_size_last_edited=&#8221;on|desktop&#8221; ol_line_height_tablet=&#8221;26px&#8221; ol_line_height_phone=&#8221;24px&#8221; ol_line_height_last_edited=&#8221;on|phone&#8221; custom_css_free_form=&#8221;strong {||  font-family: Raleway;||  font-weight: 700;||}&#8221; global_colors_info=&#8221;{}&#8221; theme_builder_area=&#8221;post_content&#8221;]<\/p>\n<p style=\"padding-bottom: 16px;\">Poduze\u0107e SKINK d.o.o. osnovano je 1994. godine na podru\u010dju Rovinja i od tada, kao obiteljsko gospodarstvo, uspje\u0161no razvija proizvodnju vo\u0107a, povr\u0107a i cvije\u0107a te rasadni\u010darsku proizvodnju. Raspola\u017eemo sa oko 4 ha zemlji\u0161ta, a rasadnik se prote\u017ee na povr\u0161ini od 12000 m\u00b2 od \u010dega 1200 m\u00b2 zauzima staklenik i plastenici.<\/p>\n<p style=\"padding-bottom: 16px;\">Osim toga, raspola\u017eemo bogatim iskustvom u proizvodnji sadnica maslina, specijalno autohtonih istarskih sorti kao \u0161to su Bu\u017ea, Istarska bjelica, Rosulja, Oblica, Plominka. Proizvodnja sadnica autohtonih sorti maslina prati na\u0161a vi\u0161egodi\u0161nja nastojanja za uzgojem ovih vrijednih, starih maslina i da uka\u017eemo na potrebu ponovnog razvoja maslinarstva Istre s prepoznatljivo vrijednim i cijenjenim maslinovim uljem istarskog podneblja.<\/p>\n<p style=\"padding-bottom: 16px;\">Posebno smo ponosni na kolekciju sorata smokava, (30 RAZLI\u010cITIH SORATA). U proizvodnji imamo uvijek oko 10 razli\u010ditih sorata smokava. U zadnje vrijeme smo pokrenuli proizvodnju sadnica pitomog kestena, doma\u0107ih ekotipova krupnijeg ploda (maruni) i kri\u017eanaca europsko-japanskih, otpornijih na rak kore.<\/p>\n<p style=\"padding-bottom: 16px;\">Kod nas \u0107ete prona\u0107i i preko 100 vrsta razli\u010ditog drvenastog ukrasnog bilja kojim mo\u017eete urediti oku\u0107nicu svog doma, pravo iznena\u0111enje predstavljaju patuljasta bonsai-stabalaca maslina.<\/p>\n<p style=\"padding-bottom: 16px;\">Po\u0161tuju\u0107i Va\u0161e \u017eelje, izraditi \u0107emo detaljan projekt sa sadr\u017eajem i ugo\u0111ajem koji \u0107e Vam pru\u017eiti prijatna hladovina budu\u0107eg vrta.<\/p>\n<p style=\"padding-bottom: 8px;\">Iz na\u0161e ponude Vam izdvajamo:<\/p>\n<ul>\n<li>Proizvodnja vo\u0107nog sadnog materijala (masline, smokve,pitomi kesten, kiwi, lijeska, jagode)<\/li>\n<li>Proizvodnja ukrasnog bilja, sadnica cvije\u0107a i presadnica povr\u0107a<\/li>\n<li>Proizvodnja bonsai-bilja (Maslina, Smokva, Cycas palma..)<\/li>\n<li>Izrada projekata za hortikulturno ure\u0111enje<\/li>\n<li>Izrada programa za podizanje vi\u0161egodi\u0161njih nasada u poljoprivrednoj proizvodnji<\/li>\n<li>Vo\u0111enje tehnologije vi\u0161egodi\u0161njih nasada u poljoprivrednoj proizvodnji<\/li>\n<li>Ekolo\u0161ka poljoprivreda i proizvodnja zdrave hrane<\/li>\n<\/ul>\n<p>[\/et_pb_text][et_pb_text _builder_version=&#8221;4.24.3&#8243; _module_preset=&#8221;default&#8221; text_font=&#8221;Questrial||||||||&#8221; text_text_color=&#8221;#0b0f05&#8243; text_line_height=&#8221;26px&#8221; header_3_font=&#8221;Raleway|700|||||||&#8221; header_3_text_color=&#8221;#0b0f05&#8243; header_3_line_height=&#8221;26px&#8221; background_color=&#8221;#f1f1f1&#8243; custom_margin=&#8221;||0px||false|false&#8221; custom_margin_tablet=&#8221;||40px||false|false&#8221; custom_margin_phone=&#8221;||32px||false|false&#8221; custom_margin_last_edited=&#8221;on|phone&#8221; custom_padding=&#8221;24px|24px|24px|24px|true|true&#8221; text_font_size_tablet=&#8221;&#8221; text_font_size_phone=&#8221;16px&#8221; text_font_size_last_edited=&#8221;on|phone&#8221; text_line_height_tablet=&#8221;26px&#8221; text_line_height_phone=&#8221;24px&#8221; text_line_height_last_edited=&#8221;on|phone&#8221; header_3_font_size_tablet=&#8221;&#8221; header_3_font_size_phone=&#8221;18px&#8221; header_3_font_size_last_edited=&#8221;on|phone&#8221; header_3_line_height_tablet=&#8221;26px&#8221; header_3_line_height_phone=&#8221;22px&#8221; header_3_line_height_last_edited=&#8221;on|phone&#8221; custom_css_free_form=&#8221;strong {||  font-family: Raleway;||  font-weight: 700;||}&#8221; border_radii=&#8221;on|32px|32px|32px|32px&#8221; locked=&#8221;off&#8221; global_colors_info=&#8221;{}&#8221; theme_builder_area=&#8221;post_content&#8221;]<\/p>\n<p><em>&#8220;Pinova Meteo stanicu koristimo u proizvodnom procesu i za potrebe istra\u017eivanja. Pra\u0107enjem odre\u0111enih parametara, u proizvodnji je ostvarena u\u0161teda energenata potrebnih za grijanje zatvorenih prostora, tako\u0111er je smanjen i utro\u0161ak vode prilikom navodnjavanja. Temeljem o\u010ditanih vrijednosti olak\u0161ano je pra\u0107enje pojave bolesti i \u0161tetnika mediteranskih kultura.&#8221;<\/em><\/p>\n<p>[\/et_pb_text][\/et_pb_column][et_pb_column type=&#8221;1_4&#8243; module_class=&#8221;pm-pip-col-1&#8243; _builder_version=&#8221;4.24.3&#8243; _module_preset=&#8221;default&#8221; background_color=&#8221;#FFFFFF&#8221; custom_padding=&#8221;40px|40px|40px|40px|true|true&#8221; custom_padding_tablet=&#8221;0px|0px|0px|0px|true|true&#8221; custom_padding_phone=&#8221;0px|0px|0px|0px|true|true&#8221; custom_padding_last_edited=&#8221;on|phone&#8221; custom_css_main_element=&#8221;opacity: 0;||pointer-events: none;&#8221; border_radii=&#8221;on|16px|16px|16px|16px&#8221; border_radii_tablet=&#8221;on|0px|0px|0px|0px&#8221; border_radii_phone=&#8221;on|0px|0px|0px|0px&#8221; border_radii_last_edited=&#8221;on|phone&#8221; global_colors_info=&#8221;{}&#8221; theme_builder_area=&#8221;post_content&#8221;][\/et_pb_column][\/et_pb_row][\/et_pb_section]<\/p>\n","protected":false},"excerpt":{"rendered":"<p><div class=\"et_pb_module lwp_divi_breadcrumbs lwp_divi_breadcrumbs_0\">\n\t\t\t\t\n\t\t\t\t\n\t\t\t\t\n\t\t\t\t\n\t\t\t\t\n\t\t\t\t\n\t\t\t\t<div class=\"et_pb_module_inner\">\n\t\t\t\t\t<div class=\"lwp-breadcrumbs\"> <span class=\"before\"><\/span> <span vocab=\"https:\/\/schema.org\/\" typeof=\"BreadcrumbList\"><span property=\"itemListElement\" typeof=\"ListItem\"><a property=\"item\" typeof=\"WebPage\" href=\"https:\/\/pinova-meteo.com\/en\" class=\"home\"><span property=\"name\">Homepage<\/span><\/a><meta property=\"position\" content=\"1\"><\/span> <span class=\"separator et-pb-icon\">&#x2f;<\/span> <\/span><\/div>\n\t\t\t\t<\/div>\n\t\t\t<\/div>Skink d.o.o.Poduze\u0107e SKINK d.o.o. osnovano je 1994. godine na podru\u010dju Rovinja i od tada, kao obiteljsko gospodarstvo, uspje\u0161no razvija proizvodnju vo\u0107a, povr\u0107a i cvije\u0107a te rasadni\u010darsku proizvodnju. Raspola\u017eemo sa oko 4 ha zemlji\u0161ta, a rasadnik se prote\u017ee na [&hellip;]<\/p>\n","protected":false},"author":2,"featured_media":0,"parent":531,"menu_order":0,"comment_status":"closed","ping_status":"closed","template":"","meta":{"_et_pb_use_builder":"on","_et_pb_old_content":"","_et_gb_content_width":"","footnotes":""},"class_list":["post-534","page","type-page","status-publish","hentry"],"yoast_head":"<!-- This site is optimized with the Yoast SEO plugin v23.0 - https:\/\/yoast.com\/wordpress\/plugins\/seo\/ -->\n<title>Skink d.o.o. - Pinova Meteo<\/title>\n<meta name=\"robots\" content=\"index, follow, max-snippet:-1, max-image-preview:large, max-video-preview:-1\" \/>\n<link rel=\"canonical\" href=\"https:\/\/pinova-meteo.com\/en\/references\/skink-d-o-o\" \/>\n<meta property=\"og:locale\" content=\"en_US\" \/>\n<meta property=\"og:type\" content=\"article\" \/>\n<meta property=\"og:title\" content=\"Skink d.o.o. - Pinova Meteo\" \/>\n<meta property=\"og:description\" content=\"Skink d.o.o.Poduze\u0107e SKINK d.o.o. osnovano je 1994. godine na podru\u010dju Rovinja i od tada, kao obiteljsko gospodarstvo, uspje\u0161no razvija proizvodnju vo\u0107a, povr\u0107a i cvije\u0107a te rasadni\u010darsku proizvodnju. Raspola\u017eemo sa oko 4 ha zemlji\u0161ta, a rasadnik se prote\u017ee na [&hellip;]\" \/>\n<meta property=\"og:url\" content=\"https:\/\/pinova-meteo.com\/en\/references\/skink-d-o-o\" \/>\n<meta property=\"og:site_name\" content=\"Pinova Meteo\" \/>\n<meta property=\"article:modified_time\" content=\"2024-06-21T14:47:19+00:00\" \/>\n<meta name=\"twitter:card\" content=\"summary_large_image\" \/>\n<meta name=\"twitter:label1\" content=\"Est. reading time\" \/>\n\t<meta name=\"twitter:data1\" content=\"6 minutes\" \/>\n<script type=\"application\/ld+json\" class=\"yoast-schema-graph\">{\"@context\":\"https:\/\/schema.org\",\"@graph\":[{\"@type\":\"WebPage\",\"@id\":\"https:\/\/pinova-meteo.com\/en\/references\/skink-d-o-o\",\"url\":\"https:\/\/pinova-meteo.com\/en\/references\/skink-d-o-o\",\"name\":\"Skink d.o.o. - Pinova Meteo\",\"isPartOf\":{\"@id\":\"https:\/\/pinova-meteo.com\/en#website\"},\"datePublished\":\"2024-05-24T08:22:38+00:00\",\"dateModified\":\"2024-06-21T14:47:19+00:00\",\"breadcrumb\":{\"@id\":\"https:\/\/pinova-meteo.com\/en\/references\/skink-d-o-o#breadcrumb\"},\"inLanguage\":\"en-US\",\"potentialAction\":[{\"@type\":\"ReadAction\",\"target\":[\"https:\/\/pinova-meteo.com\/en\/references\/skink-d-o-o\"]}]},{\"@type\":\"BreadcrumbList\",\"@id\":\"https:\/\/pinova-meteo.com\/en\/references\/skink-d-o-o#breadcrumb\",\"itemListElement\":[{\"@type\":\"ListItem\",\"position\":1,\"name\":\"Po\u010detna stranica\",\"item\":\"https:\/\/pinova-meteo.com\/en\"},{\"@type\":\"ListItem\",\"position\":2,\"name\":\"References\",\"item\":\"https:\/\/pinova-meteo.com\/en\/reference\"},{\"@type\":\"ListItem\",\"position\":3,\"name\":\"Skink d.o.o.\"}]},{\"@type\":\"WebSite\",\"@id\":\"https:\/\/pinova-meteo.com\/en#website\",\"url\":\"https:\/\/pinova-meteo.com\/en\",\"name\":\"Pinova Meteo\",\"description\":\"\",\"potentialAction\":[{\"@type\":\"SearchAction\",\"target\":{\"@type\":\"EntryPoint\",\"urlTemplate\":\"https:\/\/pinova-meteo.com\/en?s={search_term_string}\"},\"query-input\":\"required name=search_term_string\"}],\"inLanguage\":\"en-US\"}]}<\/script>\n<!-- \/ Yoast SEO plugin. -->","yoast_head_json":{"title":"Skink d.o.o. - Pinova Meteo","robots":{"index":"index","follow":"follow","max-snippet":"max-snippet:-1","max-image-preview":"max-image-preview:large","max-video-preview":"max-video-preview:-1"},"canonical":"https:\/\/pinova-meteo.com\/en\/references\/skink-d-o-o","og_locale":"en_US","og_type":"article","og_title":"Skink d.o.o. - Pinova Meteo","og_description":"Skink d.o.o.Poduze\u0107e SKINK d.o.o. osnovano je 1994. godine na podru\u010dju Rovinja i od tada, kao obiteljsko gospodarstvo, uspje\u0161no razvija proizvodnju vo\u0107a, povr\u0107a i cvije\u0107a te rasadni\u010darsku proizvodnju. Raspola\u017eemo sa oko 4 ha zemlji\u0161ta, a rasadnik se prote\u017ee na [&hellip;]","og_url":"https:\/\/pinova-meteo.com\/en\/references\/skink-d-o-o","og_site_name":"Pinova Meteo","article_modified_time":"2024-06-21T14:47:19+00:00","twitter_card":"summary_large_image","twitter_misc":{"Est. reading time":"6 minutes"},"schema":{"@context":"https:\/\/schema.org","@graph":[{"@type":"WebPage","@id":"https:\/\/pinova-meteo.com\/en\/references\/skink-d-o-o","url":"https:\/\/pinova-meteo.com\/en\/references\/skink-d-o-o","name":"Skink d.o.o. - Pinova Meteo","isPartOf":{"@id":"https:\/\/pinova-meteo.com\/en#website"},"datePublished":"2024-05-24T08:22:38+00:00","dateModified":"2024-06-21T14:47:19+00:00","breadcrumb":{"@id":"https:\/\/pinova-meteo.com\/en\/references\/skink-d-o-o#breadcrumb"},"inLanguage":"en-US","potentialAction":[{"@type":"ReadAction","target":["https:\/\/pinova-meteo.com\/en\/references\/skink-d-o-o"]}]},{"@type":"BreadcrumbList","@id":"https:\/\/pinova-meteo.com\/en\/references\/skink-d-o-o#breadcrumb","itemListElement":[{"@type":"ListItem","position":1,"name":"Po\u010detna stranica","item":"https:\/\/pinova-meteo.com\/en"},{"@type":"ListItem","position":2,"name":"References","item":"https:\/\/pinova-meteo.com\/en\/reference"},{"@type":"ListItem","position":3,"name":"Skink d.o.o."}]},{"@type":"WebSite","@id":"https:\/\/pinova-meteo.com\/en#website","url":"https:\/\/pinova-meteo.com\/en","name":"Pinova Meteo","description":"","potentialAction":[{"@type":"SearchAction","target":{"@type":"EntryPoint","urlTemplate":"https:\/\/pinova-meteo.com\/en?s={search_term_string}"},"query-input":"required name=search_term_string"}],"inLanguage":"en-US"}]}},"_links":{"self":[{"href":"https:\/\/pinova-meteo.com\/en\/wp-json\/wp\/v2\/pages\/534","targetHints":{"allow":["GET"]}}],"collection":[{"href":"https:\/\/pinova-meteo.com\/en\/wp-json\/wp\/v2\/pages"}],"about":[{"href":"https:\/\/pinova-meteo.com\/en\/wp-json\/wp\/v2\/types\/page"}],"author":[{"embeddable":true,"href":"https:\/\/pinova-meteo.com\/en\/wp-json\/wp\/v2\/users\/2"}],"replies":[{"embeddable":true,"href":"https:\/\/pinova-meteo.com\/en\/wp-json\/wp\/v2\/comments?post=534"}],"version-history":[{"count":2,"href":"https:\/\/pinova-meteo.com\/en\/wp-json\/wp\/v2\/pages\/534\/revisions"}],"predecessor-version":[{"id":2914,"href":"https:\/\/pinova-meteo.com\/en\/wp-json\/wp\/v2\/pages\/534\/revisions\/2914"}],"up":[{"embeddable":true,"href":"https:\/\/pinova-meteo.com\/en\/wp-json\/wp\/v2\/pages\/531"}],"wp:attachment":[{"href":"https:\/\/pinova-meteo.com\/en\/wp-json\/wp\/v2\/media?parent=534"}],"curies":[{"name":"wp","href":"https:\/\/api.w.org\/{rel}","templated":true}]}}