{"id":536,"date":"2024-05-24T10:23:36","date_gmt":"2024-05-24T08:23:36","guid":{"rendered":"https:\/\/pinova-meteo.com\/references\/vina-matosevic\/"},"modified":"2024-06-21T16:48:29","modified_gmt":"2024-06-21T14:48:29","slug":"vina-matosevic","status":"publish","type":"page","link":"https:\/\/pinova-meteo.com\/en\/references\/vina-matosevic","title":{"rendered":"Vina Mato\u0161evi\u0107"},"content":{"rendered":"<p>[et_pb_section fb_built=&#8221;1&#8243; disabled_on=&#8221;on|on|off&#8221; _builder_version=&#8221;4.24.3&#8243; _module_preset=&#8221;default&#8221; background_image=&#8221;https:\/\/pinova-meteo.com\/wp-content\/uploads\/2024\/06\/pinova-meteo-reference-header.png&#8221; height=&#8221;370px&#8221; custom_margin=&#8221;0px||0px||false|false&#8221; custom_padding=&#8221;0px||0px||false|false&#8221; border_radii=&#8221;off|||60px|60px&#8221; locked=&#8221;off&#8221; global_colors_info=&#8221;{}&#8221; theme_builder_area=&#8221;post_content&#8221;][\/et_pb_section][et_pb_section fb_built=&#8221;1&#8243; _builder_version=&#8221;4.24.3&#8243; _module_preset=&#8221;default&#8221; background_color=&#8221;RGBA(255,255,255,0)&#8221; custom_margin=&#8221;-290px||||false|false&#8221; custom_margin_tablet=&#8221;32px||||false|false&#8221; custom_margin_phone=&#8221;32px||||false|false&#8221; custom_margin_last_edited=&#8221;on|tablet&#8221; custom_padding=&#8221;0px||80px||false|false&#8221; locked=&#8221;off&#8221; global_colors_info=&#8221;{}&#8221; theme_builder_area=&#8221;post_content&#8221; admin_label=&#8221;Section&#8221;][et_pb_row column_structure=&#8221;3_4,1_4&#8243; _builder_version=&#8221;4.24.3&#8243; _module_preset=&#8221;default&#8221; width=&#8221;90%&#8221; custom_margin_tablet=&#8221;122px||||false|false&#8221; custom_margin_last_edited=&#8221;off|desktop&#8221; custom_padding=&#8221;0px||0px||false|false&#8221; global_colors_info=&#8221;{}&#8221; theme_builder_area=&#8221;post_content&#8221;][et_pb_column type=&#8221;3_4&#8243; module_class=&#8221;pm-pip-col-1&#8243; _builder_version=&#8221;4.24.3&#8243; _module_preset=&#8221;default&#8221; background_color=&#8221;#FFFFFF&#8221; custom_padding=&#8221;40px|40px|40px|40px|true|true&#8221; custom_padding_tablet=&#8221;0px|0px|0px|0px|true|true&#8221; custom_padding_phone=&#8221;0px|0px|0px|0px|true|true&#8221; custom_padding_last_edited=&#8221;on|phone&#8221; custom_css_main_element=&#8221;@media (min-width: 981px) {||  box-shadow: 0px 4px 44px 0px #00000040;||||}&#8221; border_radii=&#8221;on|16px|16px|16px|16px&#8221; border_radii_tablet=&#8221;on|0px|0px|0px|0px&#8221; border_radii_phone=&#8221;on|0px|0px|0px|0px&#8221; border_radii_last_edited=&#8221;on|phone&#8221; global_colors_info=&#8221;{}&#8221; theme_builder_area=&#8221;post_content&#8221;][lwp_divi_breadcrumbs home_text=&#8221;Homepage&#8221; font_icon=&#8221;&#x2f;||divi||400&#8243; link_color=&#8221;#0b0f05&#8243; current_text_color=&#8221;#012169&#8243; _builder_version=&#8221;4.24.3&#8243; _module_preset=&#8221;default&#8221; hover_enabled=&#8221;0&#8243; custom_css_free_form=&#8221;.lwp-breadcrumbs span.separator {||  font-family: &#8216;Questrial&#8217;,Helvetica,Arial,Lucida,sans-serif !important;||}&#8221; locked=&#8221;off&#8221; global_colors_info=&#8221;{}&#8221; theme_builder_area=&#8221;post_content&#8221; sticky_enabled=&#8221;0&#8243;][\/lwp_divi_breadcrumbs][et_pb_text _builder_version=&#8221;4.24.3&#8243; _module_preset=&#8221;default&#8221; header_font=&#8221;Raleway|700|||||||&#8221; header_text_color=&#8221;#0b0f05&#8243; header_font_size=&#8221;48px&#8221; header_line_height=&#8221;56px&#8221; custom_margin=&#8221;||22px||false|false&#8221; custom_margin_tablet=&#8221;||0px||false|false&#8221; custom_margin_phone=&#8221;||0px||false|false&#8221; custom_margin_last_edited=&#8221;on|tablet&#8221; header_font_size_tablet=&#8221;36px&#8221; header_font_size_phone=&#8221;24px&#8221; header_font_size_last_edited=&#8221;on|tablet&#8221; header_line_height_tablet=&#8221;40px&#8221; header_line_height_phone=&#8221;28px&#8221; header_line_height_last_edited=&#8221;on|tablet&#8221; global_colors_info=&#8221;{}&#8221; theme_builder_area=&#8221;post_content&#8221;]<\/p>\n<h1>Vina Mato\u0161evi\u0107<\/h1>\n<p>[\/et_pb_text][et_pb_text _builder_version=&#8221;4.24.3&#8243; _module_preset=&#8221;default&#8221; text_font=&#8221;Questrial||||||||&#8221; text_text_color=&#8221;#0b0f05&#8243; text_line_height=&#8221;26px&#8221; ol_font=&#8221;Questrial||||||||&#8221; ol_text_color=&#8221;#0b0f05&#8243; ol_font_size=&#8221;18px&#8221; ol_line_height=&#8221;26px&#8221; custom_margin=&#8221;||0px||false|false&#8221; custom_padding=&#8221;||0px||false|false&#8221; text_font_size_tablet=&#8221;&#8221; text_font_size_phone=&#8221;16px&#8221; text_font_size_last_edited=&#8221;on|phone&#8221; text_line_height_tablet=&#8221;26px&#8221; text_line_height_phone=&#8221;24px&#8221; text_line_height_last_edited=&#8221;on|phone&#8221; ol_font_size_tablet=&#8221;18px&#8221; ol_font_size_phone=&#8221;16px&#8221; ol_font_size_last_edited=&#8221;on|desktop&#8221; ol_line_height_tablet=&#8221;26px&#8221; ol_line_height_phone=&#8221;24px&#8221; ol_line_height_last_edited=&#8221;on|phone&#8221; custom_css_free_form=&#8221;strong {||  font-family: Raleway;||  font-weight: 700;||}&#8221; global_colors_info=&#8221;{}&#8221; theme_builder_area=&#8221;post_content&#8221;]<\/p>\n<p style=\"padding-bottom: 16px;\">Uz mnoge cijenjene vinare Istre, Vina Mato\u0161evi\u0107 zauzimaju posebno mjesto sa svojim vinom i vinogradima, koji se nalaze u sjeverozapadnoj Istri u podru\u010dju Buj\u0161tine i u sredi\u0161njoj Istri uz mjesto Grimalda. Gro\u017e\u0111e koje kasnije svoju pri\u010du nastavlja pri\u010dati iz boce, prvotno je trebalo biti s velikom pa\u017enjom uzgojeno pod vedrim nebom.<\/p>\n<p style=\"padding-bottom: 16px;\">Da bi \u0161to preciznije odra\u0111ivao agrotehniku, Ivica Mato\u0161evi\u0107 koristi \u201ePinova Meteo\u201c stanicu.<\/p>\n<p>[\/et_pb_text][et_pb_text _builder_version=&#8221;4.24.3&#8243; _module_preset=&#8221;default&#8221; text_font=&#8221;Questrial||||||||&#8221; text_text_color=&#8221;#0b0f05&#8243; text_line_height=&#8221;26px&#8221; header_3_font=&#8221;Raleway|700|||||||&#8221; header_3_text_color=&#8221;#0b0f05&#8243; header_3_line_height=&#8221;26px&#8221; background_color=&#8221;#f1f1f1&#8243; custom_margin=&#8221;||0px||false|false&#8221; custom_margin_tablet=&#8221;||40px||false|false&#8221; custom_margin_phone=&#8221;||32px||false|false&#8221; custom_margin_last_edited=&#8221;on|phone&#8221; custom_padding=&#8221;24px|24px|24px|24px|true|true&#8221; text_font_size_tablet=&#8221;&#8221; text_font_size_phone=&#8221;16px&#8221; text_font_size_last_edited=&#8221;on|phone&#8221; text_line_height_tablet=&#8221;26px&#8221; text_line_height_phone=&#8221;24px&#8221; text_line_height_last_edited=&#8221;on|phone&#8221; header_font_size_tablet=&#8221;24px&#8221; header_font_size_last_edited=&#8221;off|desktop&#8221; header_line_height_tablet=&#8221;18px&#8221; header_line_height_phone=&#8221;14px&#8221; header_line_height_last_edited=&#8221;off|desktop&#8221; header_3_font_size_tablet=&#8221;&#8221; header_3_font_size_phone=&#8221;18px&#8221; header_3_font_size_last_edited=&#8221;on|phone&#8221; header_3_line_height_tablet=&#8221;26px&#8221; header_3_line_height_phone=&#8221;22px&#8221; header_3_line_height_last_edited=&#8221;on|phone&#8221; border_radii=&#8221;on|32px|32px|32px|32px&#8221; locked=&#8221;off&#8221; global_colors_info=&#8221;{}&#8221; theme_builder_area=&#8221;post_content&#8221;]<\/p>\n<p><em>&#8220;Imam dva vinograda i te\u0161ko je pratiti vremenske uvijete na dvije lokacije, stanica ovo sigurno olak\u0161ava. Poma\u017ee mi kod odluke o za\u0161titi vinograda a i razmi\u0161ljamo o uvo\u0111enju navodnjavanja. Prema podacima koje imamo iz prethodnih godina, zaklju\u010dili smo da za odgovaraju\u0107u kvalitetu i kvantitetu u pojedinim dijelovima vegetacije izostaju oborine. Nakon \u0161to navodnjavanje provedemo u djelo, sigurno ne\u0107emo navodnjavati odokativno, ve\u0107 \u0107emo slijediti svjetske trendove i obroke \u0107emo temeljiti na evapotranspiraciji.&#8221;<\/em><\/p>\n<p style=\"text-align: right;\"><strong>Dr. sc. Ivica Mato\u0161evi\u0107<\/strong><\/p>\n<p>[\/et_pb_text][\/et_pb_column][et_pb_column type=&#8221;1_4&#8243; module_class=&#8221;pm-pip-col-1&#8243; _builder_version=&#8221;4.24.3&#8243; _module_preset=&#8221;default&#8221; background_color=&#8221;#FFFFFF&#8221; custom_padding=&#8221;40px|40px|40px|40px|true|true&#8221; custom_padding_tablet=&#8221;0px|0px|0px|0px|true|true&#8221; custom_padding_phone=&#8221;0px|0px|0px|0px|true|true&#8221; custom_padding_last_edited=&#8221;on|phone&#8221; custom_css_main_element=&#8221;opacity: 0;||pointer-events: none;&#8221; border_radii=&#8221;on|16px|16px|16px|16px&#8221; border_radii_tablet=&#8221;on|0px|0px|0px|0px&#8221; border_radii_phone=&#8221;on|0px|0px|0px|0px&#8221; border_radii_last_edited=&#8221;on|phone&#8221; global_colors_info=&#8221;{}&#8221; theme_builder_area=&#8221;post_content&#8221;][\/et_pb_column][\/et_pb_row][\/et_pb_section]<\/p>\n","protected":false},"excerpt":{"rendered":"<p><div class=\"et_pb_module lwp_divi_breadcrumbs lwp_divi_breadcrumbs_0\">\n\t\t\t\t\n\t\t\t\t\n\t\t\t\t\n\t\t\t\t\n\t\t\t\t\n\t\t\t\t\n\t\t\t\t<div class=\"et_pb_module_inner\">\n\t\t\t\t\t<div class=\"lwp-breadcrumbs\"> <span class=\"before\"><\/span> <span vocab=\"https:\/\/schema.org\/\" typeof=\"BreadcrumbList\"><span property=\"itemListElement\" typeof=\"ListItem\"><a property=\"item\" typeof=\"WebPage\" href=\"https:\/\/pinova-meteo.com\/en\" class=\"home\"><span property=\"name\">Homepage<\/span><\/a><meta property=\"position\" content=\"1\"><\/span> <span class=\"separator et-pb-icon\">&#x2f;<\/span> <\/span><\/div>\n\t\t\t\t<\/div>\n\t\t\t<\/div>Vina Mato\u0161evi\u0107Uz mnoge cijenjene vinare Istre, Vina Mato\u0161evi\u0107 zauzimaju posebno mjesto sa svojim vinom i vinogradima, koji se nalaze u sjeverozapadnoj Istri u podru\u010dju Buj\u0161tine i u sredi\u0161njoj Istri uz mjesto Grimalda. Gro\u017e\u0111e koje kasnije svoju pri\u010du nastavlja [&hellip;]<\/p>\n","protected":false},"author":2,"featured_media":0,"parent":531,"menu_order":0,"comment_status":"closed","ping_status":"closed","template":"","meta":{"_et_pb_use_builder":"on","_et_pb_old_content":"","_et_gb_content_width":"","footnotes":""},"class_list":["post-536","page","type-page","status-publish","hentry"],"yoast_head":"<!-- This site is optimized with the Yoast SEO plugin v23.0 - https:\/\/yoast.com\/wordpress\/plugins\/seo\/ -->\n<title>Vina Mato\u0161evi\u0107 - Pinova Meteo<\/title>\n<meta name=\"robots\" content=\"index, follow, max-snippet:-1, max-image-preview:large, max-video-preview:-1\" \/>\n<link rel=\"canonical\" href=\"https:\/\/pinova-meteo.com\/en\/references\/vina-matosevic\" \/>\n<meta property=\"og:locale\" content=\"en_US\" \/>\n<meta property=\"og:type\" content=\"article\" \/>\n<meta property=\"og:title\" content=\"Vina Mato\u0161evi\u0107 - Pinova Meteo\" \/>\n<meta property=\"og:description\" content=\"Vina Mato\u0161evi\u0107Uz mnoge cijenjene vinare Istre, Vina Mato\u0161evi\u0107 zauzimaju posebno mjesto sa svojim vinom i vinogradima, koji se nalaze u sjeverozapadnoj Istri u podru\u010dju Buj\u0161tine i u sredi\u0161njoj Istri uz mjesto Grimalda. Gro\u017e\u0111e koje kasnije svoju pri\u010du nastavlja [&hellip;]\" \/>\n<meta property=\"og:url\" content=\"https:\/\/pinova-meteo.com\/en\/references\/vina-matosevic\" \/>\n<meta property=\"og:site_name\" content=\"Pinova Meteo\" \/>\n<meta property=\"article:modified_time\" content=\"2024-06-21T14:48:29+00:00\" \/>\n<meta name=\"twitter:card\" content=\"summary_large_image\" \/>\n<meta name=\"twitter:label1\" content=\"Est. reading time\" \/>\n\t<meta name=\"twitter:data1\" content=\"5 minutes\" \/>\n<script type=\"application\/ld+json\" class=\"yoast-schema-graph\">{\"@context\":\"https:\/\/schema.org\",\"@graph\":[{\"@type\":\"WebPage\",\"@id\":\"https:\/\/pinova-meteo.com\/en\/references\/vina-matosevic\",\"url\":\"https:\/\/pinova-meteo.com\/en\/references\/vina-matosevic\",\"name\":\"Vina Mato\u0161evi\u0107 - Pinova Meteo\",\"isPartOf\":{\"@id\":\"https:\/\/pinova-meteo.com\/en#website\"},\"datePublished\":\"2024-05-24T08:23:36+00:00\",\"dateModified\":\"2024-06-21T14:48:29+00:00\",\"breadcrumb\":{\"@id\":\"https:\/\/pinova-meteo.com\/en\/references\/vina-matosevic#breadcrumb\"},\"inLanguage\":\"en-US\",\"potentialAction\":[{\"@type\":\"ReadAction\",\"target\":[\"https:\/\/pinova-meteo.com\/en\/references\/vina-matosevic\"]}]},{\"@type\":\"BreadcrumbList\",\"@id\":\"https:\/\/pinova-meteo.com\/en\/references\/vina-matosevic#breadcrumb\",\"itemListElement\":[{\"@type\":\"ListItem\",\"position\":1,\"name\":\"Po\u010detna stranica\",\"item\":\"https:\/\/pinova-meteo.com\/en\"},{\"@type\":\"ListItem\",\"position\":2,\"name\":\"References\",\"item\":\"https:\/\/pinova-meteo.com\/en\/reference\"},{\"@type\":\"ListItem\",\"position\":3,\"name\":\"Vina Mato\u0161evi\u0107\"}]},{\"@type\":\"WebSite\",\"@id\":\"https:\/\/pinova-meteo.com\/en#website\",\"url\":\"https:\/\/pinova-meteo.com\/en\",\"name\":\"Pinova Meteo\",\"description\":\"\",\"potentialAction\":[{\"@type\":\"SearchAction\",\"target\":{\"@type\":\"EntryPoint\",\"urlTemplate\":\"https:\/\/pinova-meteo.com\/en?s={search_term_string}\"},\"query-input\":\"required name=search_term_string\"}],\"inLanguage\":\"en-US\"}]}<\/script>\n<!-- \/ Yoast SEO plugin. -->","yoast_head_json":{"title":"Vina Mato\u0161evi\u0107 - Pinova Meteo","robots":{"index":"index","follow":"follow","max-snippet":"max-snippet:-1","max-image-preview":"max-image-preview:large","max-video-preview":"max-video-preview:-1"},"canonical":"https:\/\/pinova-meteo.com\/en\/references\/vina-matosevic","og_locale":"en_US","og_type":"article","og_title":"Vina Mato\u0161evi\u0107 - Pinova Meteo","og_description":"Vina Mato\u0161evi\u0107Uz mnoge cijenjene vinare Istre, Vina Mato\u0161evi\u0107 zauzimaju posebno mjesto sa svojim vinom i vinogradima, koji se nalaze u sjeverozapadnoj Istri u podru\u010dju Buj\u0161tine i u sredi\u0161njoj Istri uz mjesto Grimalda. Gro\u017e\u0111e koje kasnije svoju pri\u010du nastavlja [&hellip;]","og_url":"https:\/\/pinova-meteo.com\/en\/references\/vina-matosevic","og_site_name":"Pinova Meteo","article_modified_time":"2024-06-21T14:48:29+00:00","twitter_card":"summary_large_image","twitter_misc":{"Est. reading time":"5 minutes"},"schema":{"@context":"https:\/\/schema.org","@graph":[{"@type":"WebPage","@id":"https:\/\/pinova-meteo.com\/en\/references\/vina-matosevic","url":"https:\/\/pinova-meteo.com\/en\/references\/vina-matosevic","name":"Vina Mato\u0161evi\u0107 - Pinova Meteo","isPartOf":{"@id":"https:\/\/pinova-meteo.com\/en#website"},"datePublished":"2024-05-24T08:23:36+00:00","dateModified":"2024-06-21T14:48:29+00:00","breadcrumb":{"@id":"https:\/\/pinova-meteo.com\/en\/references\/vina-matosevic#breadcrumb"},"inLanguage":"en-US","potentialAction":[{"@type":"ReadAction","target":["https:\/\/pinova-meteo.com\/en\/references\/vina-matosevic"]}]},{"@type":"BreadcrumbList","@id":"https:\/\/pinova-meteo.com\/en\/references\/vina-matosevic#breadcrumb","itemListElement":[{"@type":"ListItem","position":1,"name":"Po\u010detna stranica","item":"https:\/\/pinova-meteo.com\/en"},{"@type":"ListItem","position":2,"name":"References","item":"https:\/\/pinova-meteo.com\/en\/reference"},{"@type":"ListItem","position":3,"name":"Vina Mato\u0161evi\u0107"}]},{"@type":"WebSite","@id":"https:\/\/pinova-meteo.com\/en#website","url":"https:\/\/pinova-meteo.com\/en","name":"Pinova Meteo","description":"","potentialAction":[{"@type":"SearchAction","target":{"@type":"EntryPoint","urlTemplate":"https:\/\/pinova-meteo.com\/en?s={search_term_string}"},"query-input":"required name=search_term_string"}],"inLanguage":"en-US"}]}},"_links":{"self":[{"href":"https:\/\/pinova-meteo.com\/en\/wp-json\/wp\/v2\/pages\/536","targetHints":{"allow":["GET"]}}],"collection":[{"href":"https:\/\/pinova-meteo.com\/en\/wp-json\/wp\/v2\/pages"}],"about":[{"href":"https:\/\/pinova-meteo.com\/en\/wp-json\/wp\/v2\/types\/page"}],"author":[{"embeddable":true,"href":"https:\/\/pinova-meteo.com\/en\/wp-json\/wp\/v2\/users\/2"}],"replies":[{"embeddable":true,"href":"https:\/\/pinova-meteo.com\/en\/wp-json\/wp\/v2\/comments?post=536"}],"version-history":[{"count":1,"href":"https:\/\/pinova-meteo.com\/en\/wp-json\/wp\/v2\/pages\/536\/revisions"}],"predecessor-version":[{"id":2915,"href":"https:\/\/pinova-meteo.com\/en\/wp-json\/wp\/v2\/pages\/536\/revisions\/2915"}],"up":[{"embeddable":true,"href":"https:\/\/pinova-meteo.com\/en\/wp-json\/wp\/v2\/pages\/531"}],"wp:attachment":[{"href":"https:\/\/pinova-meteo.com\/en\/wp-json\/wp\/v2\/media?parent=536"}],"curies":[{"name":"wp","href":"https:\/\/api.w.org\/{rel}","templated":true}]}}