{"id":2619,"date":"2024-05-28T15:59:26","date_gmt":"2024-05-28T13:59:26","guid":{"rendered":"https:\/\/pinova-meteo.com\/proizvod\/soil-moisture-and-temperature-sensor-wp4"},"modified":"2024-05-28T15:59:26","modified_gmt":"2024-05-28T13:59:26","slug":"soil-moisture-and-temperature-sensor-wp4","status":"publish","type":"product","link":"https:\/\/pinova-meteo.com\/en\/product\/soil-moisture-and-temperature-sensor-wp4","title":{"rendered":"Soil moisture and temperature sensor (WP4)"},"content":{"rendered":"<p>Senzor vlage i temperature tla WP4, objedinjuje patentiranu Watermark sondu, s integriranom elektronikom tvrtke Pinova d.o.o. Jednom postavljen u zemlju, razmjenjuje vodu sa svojom okolinom (zemljom) i ostaje sa njom u ravnote\u017ei.<\/p>\n<p>Senzor vlage tla pomo\u0107u svoje integrirane elektronike pretvara otpor izme\u0111u elektroda u izlazni napon koji je temperaturno kompenziran i direktno proporcionalan napetosti vode u tlu.<\/p>\n<p><strong>KADA KRENUTI U NAVODNJAVANJE?<\/strong><\/p>\n<p>0 \u2013 10 cb = Tlo dobro saturirano vodom<\/p>\n<p>10 \u2013 30 cb = Tlo sadr\u017ei adekvatnu koli\u010dinu vodu za normalan rast i razvoj biljke (osim kod pjeskovitih tla, kod kojih se na oko 30 cb po\u010dinje javljati deficit vode)<\/p>\n<p>30 \u2013 60 cb = Uobi\u010dajene vrijednosti kada je potrebno navodnjavati (osim kod te\u0161kih tla)<\/p>\n<p>60 \u2013 100 cb = Uobi\u010dajene vrijednosti kada je potrebno navodnjavati te\u0161ka tla<\/p>\n<p>100 \u2013 200 cb = Tlo postaje presuho za maksimalne prinose<\/p>\n<p><strong>Tehni\u010dke karakteristike senzora vlage i temperature tla (WP4)<\/strong><\/p>\n<table class=\"bold-right\">\n<tbody>\n<tr>\n<td><\/td>\n<td><strong>VLAGA TLA<\/strong><\/td>\n<td><strong>TEMPERATURA TLA<\/strong><\/td>\n<\/tr>\n<tr>\n<td>To\u010dnost<\/td>\n<td><strong>\u00b1 10%<\/strong><\/td>\n<td>\u00b10.5\u00b0C (od -10\u00b0C do +85\u00b0C)<\/td>\n<\/tr>\n<tr>\n<td>Napajanje<\/td>\n<td colspan=\"2\" rowspan=\"1\">3,6 \u2013 30 V<\/td>\n<\/tr>\n<tr>\n<td>Rezolucija<\/td>\n<td><strong>1 cb<\/strong><\/td>\n<td>0,1 \u00b0C<\/td>\n<\/tr>\n<tr>\n<td>Mjerni opseg<\/td>\n<td><strong>0 do 200 cb<\/strong><\/td>\n<td>-10\u00b0C do +85\u00b0C<\/td>\n<\/tr>\n<tr>\n<td>Kalibracija i Konverzija<\/td>\n<td colspan=\"2\" rowspan=\"1\">Senzori su kalibrirani za vanjsku uporabu<\/td>\n<\/tr>\n<tr>\n<td>Radna okolina<\/td>\n<td><strong>0\u00b0C do 30\u00b0C<\/strong><\/td>\n<td>-10\u00b0C do +85\u00b0C<\/td>\n<\/tr>\n<tr>\n<td>Duljina kabela<\/td>\n<td colspan=\"2\" rowspan=\"1\">5 m<\/td>\n<\/tr>\n<tr>\n<td>Vrsta kabela<\/td>\n<td colspan=\"2\" rowspan=\"1\">3,5 mm stereo priklju\u010dak<\/td>\n<\/tr>\n<tr>\n<td>Dimenzije senzora<\/td>\n<td colspan=\"2\" rowspan=\"1\">2,2x20cm<\/td>\n<\/tr>\n<tr>\n<td>Jamstvo<\/td>\n<td colspan=\"2\" rowspan=\"1\">Godinu dana na rad i dijelove<\/td>\n<\/tr>\n<\/tbody>\n<\/table>\n","protected":false},"excerpt":{"rendered":"<p>Senzor vlage i temperature tla WP4, objedinjuje patentiranu Watermark sondu, s integriranom elektronikom tvrtke Pinova d.o.o. Jednom postavljen u zemlju, razmjenjuje vodu sa svojom okolinom (zemljom) i ostaje sa njom u ravnote\u017ei. Senzor vlage tla pomo\u0107u svoje integrirane elektronike pretvara otpor izme\u0111u elektroda u izlazni napon koji je temperaturno kompenziran i direktno proporcionalan napetosti vode [&hellip;]<\/p>\n","protected":false},"featured_media":1615,"comment_status":"open","ping_status":"closed","template":"","meta":{"_et_pb_use_builder":"","_et_pb_old_content":"","_et_gb_content_width":""},"product_cat":[43,52],"product_tag":[],"class_list":{"0":"post-2619","1":"product","2":"type-product","3":"status-publish","4":"has-post-thumbnail","6":"product_cat-sensors","7":"product_cat-ground","9":"first","10":"instock","11":"shipping-taxable","12":"product-type-simple"},"yoast_head":"<!-- This site is optimized with the Yoast SEO plugin v23.0 - https:\/\/yoast.com\/wordpress\/plugins\/seo\/ -->\n<title>Soil moisture and temperature sensor (WP4) - Pinova Meteo<\/title>\n<meta name=\"robots\" content=\"index, follow, max-snippet:-1, max-image-preview:large, max-video-preview:-1\" \/>\n<link rel=\"canonical\" href=\"https:\/\/pinova-meteo.com\/en\/product\/soil-moisture-and-temperature-sensor-wp4\" \/>\n<meta property=\"og:locale\" content=\"en_US\" \/>\n<meta property=\"og:type\" content=\"article\" \/>\n<meta property=\"og:title\" content=\"Soil moisture and temperature sensor (WP4) - Pinova Meteo\" \/>\n<meta property=\"og:description\" content=\"Senzor vlage i temperature tla WP4, objedinjuje patentiranu Watermark sondu, s integriranom elektronikom tvrtke Pinova d.o.o. Jednom postavljen u zemlju, razmjenjuje vodu sa svojom okolinom (zemljom) i ostaje sa njom u ravnote\u017ei. Senzor vlage tla pomo\u0107u svoje integrirane elektronike pretvara otpor izme\u0111u elektroda u izlazni napon koji je temperaturno kompenziran i direktno proporcionalan napetosti vode [&hellip;]\" \/>\n<meta property=\"og:url\" content=\"https:\/\/pinova-meteo.com\/en\/product\/soil-moisture-and-temperature-sensor-wp4\" \/>\n<meta property=\"og:site_name\" content=\"Pinova Meteo\" \/>\n<meta property=\"og:image\" content=\"https:\/\/pinova-meteo.com\/wp-content\/uploads\/2024\/05\/Senzor-vlage-i-temperature-tla-1.jpg\" \/>\n\t<meta property=\"og:image:width\" content=\"1920\" \/>\n\t<meta property=\"og:image:height\" content=\"600\" \/>\n\t<meta property=\"og:image:type\" content=\"image\/jpeg\" \/>\n<meta name=\"twitter:card\" content=\"summary_large_image\" \/>\n<meta name=\"twitter:label1\" content=\"Est. reading time\" \/>\n\t<meta name=\"twitter:data1\" content=\"1 minute\" \/>\n<script type=\"application\/ld+json\" class=\"yoast-schema-graph\">{\"@context\":\"https:\/\/schema.org\",\"@graph\":[{\"@type\":\"WebPage\",\"@id\":\"https:\/\/pinova-meteo.com\/en\/product\/soil-moisture-and-temperature-sensor-wp4\",\"url\":\"https:\/\/pinova-meteo.com\/en\/product\/soil-moisture-and-temperature-sensor-wp4\",\"name\":\"Soil moisture and temperature sensor (WP4) - Pinova Meteo\",\"isPartOf\":{\"@id\":\"https:\/\/pinova-meteo.com\/en#website\"},\"primaryImageOfPage\":{\"@id\":\"https:\/\/pinova-meteo.com\/en\/product\/soil-moisture-and-temperature-sensor-wp4#primaryimage\"},\"image\":{\"@id\":\"https:\/\/pinova-meteo.com\/en\/product\/soil-moisture-and-temperature-sensor-wp4#primaryimage\"},\"thumbnailUrl\":\"https:\/\/pinova-meteo.com\/wp-content\/uploads\/2024\/05\/Senzor-vlage-i-temperature-tla-1.jpg\",\"datePublished\":\"2024-05-28T13:59:26+00:00\",\"dateModified\":\"2024-05-28T13:59:26+00:00\",\"breadcrumb\":{\"@id\":\"https:\/\/pinova-meteo.com\/en\/product\/soil-moisture-and-temperature-sensor-wp4#breadcrumb\"},\"inLanguage\":\"en-US\",\"potentialAction\":[{\"@type\":\"ReadAction\",\"target\":[\"https:\/\/pinova-meteo.com\/en\/product\/soil-moisture-and-temperature-sensor-wp4\"]}]},{\"@type\":\"ImageObject\",\"inLanguage\":\"en-US\",\"@id\":\"https:\/\/pinova-meteo.com\/en\/product\/soil-moisture-and-temperature-sensor-wp4#primaryimage\",\"url\":\"https:\/\/pinova-meteo.com\/wp-content\/uploads\/2024\/05\/Senzor-vlage-i-temperature-tla-1.jpg\",\"contentUrl\":\"https:\/\/pinova-meteo.com\/wp-content\/uploads\/2024\/05\/Senzor-vlage-i-temperature-tla-1.jpg\",\"width\":1920,\"height\":600},{\"@type\":\"BreadcrumbList\",\"@id\":\"https:\/\/pinova-meteo.com\/en\/product\/soil-moisture-and-temperature-sensor-wp4#breadcrumb\",\"itemListElement\":[{\"@type\":\"ListItem\",\"position\":1,\"name\":\"Po\u010detna stranica\",\"item\":\"https:\/\/pinova-meteo.com\/en\"},{\"@type\":\"ListItem\",\"position\":2,\"name\":\"Shop\",\"item\":\"https:\/\/pinova-meteo.com\/?page_id=7\"},{\"@type\":\"ListItem\",\"position\":3,\"name\":\"Soil moisture and temperature sensor (WP4)\"}]},{\"@type\":\"WebSite\",\"@id\":\"https:\/\/pinova-meteo.com\/en#website\",\"url\":\"https:\/\/pinova-meteo.com\/en\",\"name\":\"Pinova Meteo\",\"description\":\"\",\"potentialAction\":[{\"@type\":\"SearchAction\",\"target\":{\"@type\":\"EntryPoint\",\"urlTemplate\":\"https:\/\/pinova-meteo.com\/en?s={search_term_string}\"},\"query-input\":\"required name=search_term_string\"}],\"inLanguage\":\"en-US\"}]}<\/script>\n<!-- \/ Yoast SEO plugin. -->","yoast_head_json":{"title":"Soil moisture and temperature sensor (WP4) - Pinova Meteo","robots":{"index":"index","follow":"follow","max-snippet":"max-snippet:-1","max-image-preview":"max-image-preview:large","max-video-preview":"max-video-preview:-1"},"canonical":"https:\/\/pinova-meteo.com\/en\/product\/soil-moisture-and-temperature-sensor-wp4","og_locale":"en_US","og_type":"article","og_title":"Soil moisture and temperature sensor (WP4) - Pinova Meteo","og_description":"Senzor vlage i temperature tla WP4, objedinjuje patentiranu Watermark sondu, s integriranom elektronikom tvrtke Pinova d.o.o. Jednom postavljen u zemlju, razmjenjuje vodu sa svojom okolinom (zemljom) i ostaje sa njom u ravnote\u017ei. Senzor vlage tla pomo\u0107u svoje integrirane elektronike pretvara otpor izme\u0111u elektroda u izlazni napon koji je temperaturno kompenziran i direktno proporcionalan napetosti vode [&hellip;]","og_url":"https:\/\/pinova-meteo.com\/en\/product\/soil-moisture-and-temperature-sensor-wp4","og_site_name":"Pinova Meteo","og_image":[{"width":1920,"height":600,"url":"https:\/\/pinova-meteo.com\/wp-content\/uploads\/2024\/05\/Senzor-vlage-i-temperature-tla-1.jpg","type":"image\/jpeg"}],"twitter_card":"summary_large_image","twitter_misc":{"Est. reading time":"1 minute"},"schema":{"@context":"https:\/\/schema.org","@graph":[{"@type":"WebPage","@id":"https:\/\/pinova-meteo.com\/en\/product\/soil-moisture-and-temperature-sensor-wp4","url":"https:\/\/pinova-meteo.com\/en\/product\/soil-moisture-and-temperature-sensor-wp4","name":"Soil moisture and temperature sensor (WP4) - Pinova Meteo","isPartOf":{"@id":"https:\/\/pinova-meteo.com\/en#website"},"primaryImageOfPage":{"@id":"https:\/\/pinova-meteo.com\/en\/product\/soil-moisture-and-temperature-sensor-wp4#primaryimage"},"image":{"@id":"https:\/\/pinova-meteo.com\/en\/product\/soil-moisture-and-temperature-sensor-wp4#primaryimage"},"thumbnailUrl":"https:\/\/pinova-meteo.com\/wp-content\/uploads\/2024\/05\/Senzor-vlage-i-temperature-tla-1.jpg","datePublished":"2024-05-28T13:59:26+00:00","dateModified":"2024-05-28T13:59:26+00:00","breadcrumb":{"@id":"https:\/\/pinova-meteo.com\/en\/product\/soil-moisture-and-temperature-sensor-wp4#breadcrumb"},"inLanguage":"en-US","potentialAction":[{"@type":"ReadAction","target":["https:\/\/pinova-meteo.com\/en\/product\/soil-moisture-and-temperature-sensor-wp4"]}]},{"@type":"ImageObject","inLanguage":"en-US","@id":"https:\/\/pinova-meteo.com\/en\/product\/soil-moisture-and-temperature-sensor-wp4#primaryimage","url":"https:\/\/pinova-meteo.com\/wp-content\/uploads\/2024\/05\/Senzor-vlage-i-temperature-tla-1.jpg","contentUrl":"https:\/\/pinova-meteo.com\/wp-content\/uploads\/2024\/05\/Senzor-vlage-i-temperature-tla-1.jpg","width":1920,"height":600},{"@type":"BreadcrumbList","@id":"https:\/\/pinova-meteo.com\/en\/product\/soil-moisture-and-temperature-sensor-wp4#breadcrumb","itemListElement":[{"@type":"ListItem","position":1,"name":"Po\u010detna stranica","item":"https:\/\/pinova-meteo.com\/en"},{"@type":"ListItem","position":2,"name":"Shop","item":"https:\/\/pinova-meteo.com\/?page_id=7"},{"@type":"ListItem","position":3,"name":"Soil moisture and temperature sensor (WP4)"}]},{"@type":"WebSite","@id":"https:\/\/pinova-meteo.com\/en#website","url":"https:\/\/pinova-meteo.com\/en","name":"Pinova Meteo","description":"","potentialAction":[{"@type":"SearchAction","target":{"@type":"EntryPoint","urlTemplate":"https:\/\/pinova-meteo.com\/en?s={search_term_string}"},"query-input":"required name=search_term_string"}],"inLanguage":"en-US"}]}},"_links":{"self":[{"href":"https:\/\/pinova-meteo.com\/en\/wp-json\/wp\/v2\/product\/2619","targetHints":{"allow":["GET"]}}],"collection":[{"href":"https:\/\/pinova-meteo.com\/en\/wp-json\/wp\/v2\/product"}],"about":[{"href":"https:\/\/pinova-meteo.com\/en\/wp-json\/wp\/v2\/types\/product"}],"replies":[{"embeddable":true,"href":"https:\/\/pinova-meteo.com\/en\/wp-json\/wp\/v2\/comments?post=2619"}],"wp:featuredmedia":[{"embeddable":true,"href":"https:\/\/pinova-meteo.com\/en\/wp-json\/wp\/v2\/media\/1615"}],"wp:attachment":[{"href":"https:\/\/pinova-meteo.com\/en\/wp-json\/wp\/v2\/media?parent=2619"}],"wp:term":[{"taxonomy":"product_cat","embeddable":true,"href":"https:\/\/pinova-meteo.com\/en\/wp-json\/wp\/v2\/product_cat?post=2619"},{"taxonomy":"product_tag","embeddable":true,"href":"https:\/\/pinova-meteo.com\/en\/wp-json\/wp\/v2\/product_tag?post=2619"}],"curies":[{"name":"wp","href":"https:\/\/api.w.org\/{rel}","templated":true}]}}