{"id":2627,"date":"2024-05-28T15:58:49","date_gmt":"2024-05-28T13:58:49","guid":{"rendered":"https:\/\/pinova-meteo.com\/proizvod\/soil-temperature-sensor-stb20"},"modified":"2024-06-21T12:43:35","modified_gmt":"2024-06-21T10:43:35","slug":"soil-temperature-sensor-stb20","status":"publish","type":"product","link":"https:\/\/pinova-meteo.com\/en\/product\/soil-temperature-sensor-stb20","title":{"rendered":"Soil temperature sensor (STB20)"},"content":{"rendered":"<p>The soil temperature sensor (STB20) is a product of Pinova d.o.o. It is characterized by its durability, convenience and reliability. The sensor is made by a combination of metal and hard plastic and has a scale in centimeters on it and is practical when installing. It is embedded in the soil to the desired depth near the agrometeorological station.<\/p>\n<h5>Technical characteristics os soil temperature sensor (STB20)<\/h5>\n<table class=\"bold-right\">\n<tbody>\n<tr>\n<td><strong>Mesuring characteristics<\/strong><\/td>\n<td><\/td>\n<\/tr>\n<tr>\n<td>Resolution<\/td>\n<td>\n<p align=\"center\">0,1\u00a0\u00b0C<\/p>\n<\/td>\n<\/tr>\n<tr>\n<td>Accuracy<\/td>\n<td>\n<p align=\"center\">\u00b10.5\u00b0C (od -10\u00b0C do +85\u00b0C)<\/p>\n<\/td>\n<\/tr>\n<tr>\n<td>Time of conversion<\/td>\n<td>\n<p align=\"center\">max. 750 ms<\/p>\n<\/td>\n<\/tr>\n<tr>\n<td>Response time (63%)<\/td>\n<td>\n<p align=\"center\">40s<\/p>\n<\/td>\n<\/tr>\n<tr>\n<td>Measuring area<\/td>\n<td>\n<p align=\"center\">-55 do 125\u00a0\u00b0C<\/p>\n<\/td>\n<\/tr>\n<tr>\n<td><strong>Electrical characteristics<\/strong><\/td>\n<td><\/td>\n<\/tr>\n<tr>\n<td>Power supply voltage<\/td>\n<td>\n<p align=\"center\">2.5 &#8211; 5.5 V<\/p>\n<\/td>\n<\/tr>\n<tr>\n<td>Power supply<\/td>\n<td>\n<p align=\"center\">At idle \u00a00.2 \u03bcA; in measuring 1 mA<\/p>\n<\/td>\n<\/tr>\n<tr>\n<td>Comunication<\/td>\n<td>\n<p align=\"center\">Digital interface (1 or 2 &#8211; core)<\/p>\n<\/td>\n<\/tr>\n<tr>\n<td><strong>Technical performance<\/strong><\/td>\n<td><\/td>\n<\/tr>\n<tr>\n<td>Senzor box<\/td>\n<td>\n<p align=\"center\">PP pipe profile with inox measuring tip<\/p>\n<\/td>\n<\/tr>\n<tr>\n<td>Cable lenght<\/td>\n<td>\n<p align=\"center\">2.5 m<\/p>\n<\/td>\n<\/tr>\n<tr>\n<td>Connector<\/td>\n<td>\n<p align=\"center\">3.5. mm stereo connector<\/p>\n<\/td>\n<\/tr>\n<tr>\n<td>Dimensions<\/td>\n<td>\n<p align=\"center\">\u220515 x 300 mm<\/p>\n<\/td>\n<\/tr>\n<tr>\n<td>Weight<\/td>\n<td>\n<p align=\"center\">150g<\/p>\n<\/td>\n<\/tr>\n<tr>\n<td>Warrenty<\/td>\n<td>\n<p align=\"center\">12 months<\/p>\n<\/td>\n<\/tr>\n<\/tbody>\n<\/table>\n","protected":false},"excerpt":{"rendered":"<p>The soil temperature sensor (STB20) is a product of Pinova d.o.o. It is characterized by its durability, convenience and reliability. The sensor is made by a combination of metal and hard plastic and has a scale in centimeters on it and is practical when installing. It is embedded in the soil to the desired depth [&hellip;]<\/p>\n","protected":false},"featured_media":1613,"comment_status":"open","ping_status":"closed","template":"","meta":{"_et_pb_use_builder":"","_et_pb_old_content":"Senzor temperature tla (STB20) je proizvod Pinove d.o.o. Odlikuje ga izdr\u017eljivost, prakti\u010dnost i pouzdanost. \r\n\r\nSenzor je izra\u0111en od kombinacije metala i tvrde plastike a na sebi ima skalu u centimetrima te je prakti\u010dan kod postavljanja. Ugura se u tlo do \u017eeljene dubine u blizini agrometeorolo\u0161ke stanice.\r\n\u00a0\r\n<strong>Tehni\u010dke karakteristike senzora temperature tla (STB20)<\/strong>\r\n<table class=\"bold-right\">\r\n<tbody>\r\n<tr>\r\n<td><strong>Mjerne osobine<\/strong><\/td>\r\n<td><\/td>\r\n<\/tr>\r\n<tr>\r\n<td>Rezolucija<\/td>\r\n<td>0,1 \u00b0C<\/td>\r\n<\/tr>\r\n<tr>\r\n<td>To\u010dnost<\/td>\r\n<td>\u00b10.5\u00b0C (od -10\u00b0C do +85\u00b0C)<\/td>\r\n<\/tr>\r\n<tr>\r\n<td>Vrijeme konverzije<\/td>\r\n<td>max. 750 ms<\/td>\r\n<\/tr>\r\n<tr>\r\n<td>Vrijeme odaziva (63%)<\/td>\r\n<td>40s<\/td>\r\n<\/tr>\r\n<tr>\r\n<td>Mjerni opseg<\/td>\r\n<td>-55 do 125 \u00b0C<\/td>\r\n<\/tr>\r\n<tr>\r\n<td><strong>Elektri\u010dke osobine<\/strong><\/td>\r\n<td><\/td>\r\n<\/tr>\r\n<tr>\r\n<td>Napon napajanja<\/td>\r\n<td>2.5 - 5.5 V<\/td>\r\n<\/tr>\r\n<tr>\r\n<td>Struja napajanja<\/td>\r\n<td>U mirovanju 0.2 \u03bcA; u mjerenju 1 mA<\/td>\r\n<\/tr>\r\n<tr>\r\n<td>Komunikacija<\/td>\r\n<td>Digitalno su\u010delje (1 ili 2 - \u017eilno)<\/td>\r\n<\/tr>\r\n<tr>\r\n<td><strong>Tehni\u010dka izvedba<\/strong><\/td>\r\n<td><\/td>\r\n<\/tr>\r\n<tr>\r\n<td>Ku\u0107i\u0161te senzora<\/td>\r\n<td>PP cijevni profil s inox mjernim vrhom<\/td>\r\n<\/tr>\r\n<tr>\r\n<td>Duljina kabla<\/td>\r\n<td>2.5 m<\/td>\r\n<\/tr>\r\n<tr>\r\n<td>Konektor<\/td>\r\n<td>3.5. mm stereo utika\u010d<\/td>\r\n<\/tr>\r\n<tr>\r\n<td>Dimenzije<\/td>\r\n<td>\u220515 x 300 mm<\/td>\r\n<\/tr>\r\n<tr>\r\n<td>Te\u017eina<\/td>\r\n<td>150g<\/td>\r\n<\/tr>\r\n<tr>\r\n<td>Jamstvo<\/td>\r\n<td>12 mjeseci<\/td>\r\n<\/tr>\r\n<\/tbody>\r\n<\/table>","_et_gb_content_width":""},"product_cat":[43,52],"product_tag":[],"class_list":{"0":"post-2627","1":"product","2":"type-product","3":"status-publish","4":"has-post-thumbnail","6":"product_cat-sensors","7":"product_cat-ground","9":"first","10":"instock","11":"shipping-taxable","12":"product-type-simple"},"yoast_head":"<!-- This site is optimized with the Yoast SEO plugin v23.0 - https:\/\/yoast.com\/wordpress\/plugins\/seo\/ -->\n<title>Soil temperature sensor (STB20) - Pinova Meteo<\/title>\n<meta name=\"robots\" content=\"index, follow, max-snippet:-1, max-image-preview:large, max-video-preview:-1\" \/>\n<link rel=\"canonical\" href=\"https:\/\/pinova-meteo.com\/en\/product\/soil-temperature-sensor-stb20\" \/>\n<meta property=\"og:locale\" content=\"en_US\" \/>\n<meta property=\"og:type\" content=\"article\" \/>\n<meta property=\"og:title\" content=\"Soil temperature sensor (STB20) - Pinova Meteo\" \/>\n<meta property=\"og:description\" content=\"The soil temperature sensor (STB20) is a product of Pinova d.o.o. It is characterized by its durability, convenience and reliability. The sensor is made by a combination of metal and hard plastic and has a scale in centimeters on it and is practical when installing. It is embedded in the soil to the desired depth [&hellip;]\" \/>\n<meta property=\"og:url\" content=\"https:\/\/pinova-meteo.com\/en\/product\/soil-temperature-sensor-stb20\" \/>\n<meta property=\"og:site_name\" content=\"Pinova Meteo\" \/>\n<meta property=\"article:modified_time\" content=\"2024-06-21T10:43:35+00:00\" \/>\n<meta property=\"og:image\" content=\"https:\/\/pinova-meteo.com\/wp-content\/uploads\/2024\/05\/Senzor-temperature-tla-1.jpg\" \/>\n\t<meta property=\"og:image:width\" content=\"1920\" \/>\n\t<meta property=\"og:image:height\" content=\"600\" \/>\n\t<meta property=\"og:image:type\" content=\"image\/jpeg\" \/>\n<meta name=\"twitter:card\" content=\"summary_large_image\" \/>\n<meta name=\"twitter:label1\" content=\"Est. reading time\" \/>\n\t<meta name=\"twitter:data1\" content=\"2 minutes\" \/>\n<script type=\"application\/ld+json\" class=\"yoast-schema-graph\">{\"@context\":\"https:\/\/schema.org\",\"@graph\":[{\"@type\":\"WebPage\",\"@id\":\"https:\/\/pinova-meteo.com\/en\/product\/soil-temperature-sensor-stb20\",\"url\":\"https:\/\/pinova-meteo.com\/en\/product\/soil-temperature-sensor-stb20\",\"name\":\"Soil temperature sensor (STB20) - Pinova Meteo\",\"isPartOf\":{\"@id\":\"https:\/\/pinova-meteo.com\/en#website\"},\"primaryImageOfPage\":{\"@id\":\"https:\/\/pinova-meteo.com\/en\/product\/soil-temperature-sensor-stb20#primaryimage\"},\"image\":{\"@id\":\"https:\/\/pinova-meteo.com\/en\/product\/soil-temperature-sensor-stb20#primaryimage\"},\"thumbnailUrl\":\"https:\/\/pinova-meteo.com\/wp-content\/uploads\/2024\/05\/Senzor-temperature-tla-1.jpg\",\"datePublished\":\"2024-05-28T13:58:49+00:00\",\"dateModified\":\"2024-06-21T10:43:35+00:00\",\"breadcrumb\":{\"@id\":\"https:\/\/pinova-meteo.com\/en\/product\/soil-temperature-sensor-stb20#breadcrumb\"},\"inLanguage\":\"en-US\",\"potentialAction\":[{\"@type\":\"ReadAction\",\"target\":[\"https:\/\/pinova-meteo.com\/en\/product\/soil-temperature-sensor-stb20\"]}]},{\"@type\":\"ImageObject\",\"inLanguage\":\"en-US\",\"@id\":\"https:\/\/pinova-meteo.com\/en\/product\/soil-temperature-sensor-stb20#primaryimage\",\"url\":\"https:\/\/pinova-meteo.com\/wp-content\/uploads\/2024\/05\/Senzor-temperature-tla-1.jpg\",\"contentUrl\":\"https:\/\/pinova-meteo.com\/wp-content\/uploads\/2024\/05\/Senzor-temperature-tla-1.jpg\",\"width\":1920,\"height\":600},{\"@type\":\"BreadcrumbList\",\"@id\":\"https:\/\/pinova-meteo.com\/en\/product\/soil-temperature-sensor-stb20#breadcrumb\",\"itemListElement\":[{\"@type\":\"ListItem\",\"position\":1,\"name\":\"Po\u010detna stranica\",\"item\":\"https:\/\/pinova-meteo.com\/en\"},{\"@type\":\"ListItem\",\"position\":2,\"name\":\"Shop\",\"item\":\"https:\/\/pinova-meteo.com\/?page_id=7\"},{\"@type\":\"ListItem\",\"position\":3,\"name\":\"Soil temperature sensor (STB20)\"}]},{\"@type\":\"WebSite\",\"@id\":\"https:\/\/pinova-meteo.com\/en#website\",\"url\":\"https:\/\/pinova-meteo.com\/en\",\"name\":\"Pinova Meteo\",\"description\":\"\",\"potentialAction\":[{\"@type\":\"SearchAction\",\"target\":{\"@type\":\"EntryPoint\",\"urlTemplate\":\"https:\/\/pinova-meteo.com\/en?s={search_term_string}\"},\"query-input\":\"required name=search_term_string\"}],\"inLanguage\":\"en-US\"}]}<\/script>\n<!-- \/ Yoast SEO plugin. -->","yoast_head_json":{"title":"Soil temperature sensor (STB20) - Pinova Meteo","robots":{"index":"index","follow":"follow","max-snippet":"max-snippet:-1","max-image-preview":"max-image-preview:large","max-video-preview":"max-video-preview:-1"},"canonical":"https:\/\/pinova-meteo.com\/en\/product\/soil-temperature-sensor-stb20","og_locale":"en_US","og_type":"article","og_title":"Soil temperature sensor (STB20) - Pinova Meteo","og_description":"The soil temperature sensor (STB20) is a product of Pinova d.o.o. It is characterized by its durability, convenience and reliability. The sensor is made by a combination of metal and hard plastic and has a scale in centimeters on it and is practical when installing. It is embedded in the soil to the desired depth [&hellip;]","og_url":"https:\/\/pinova-meteo.com\/en\/product\/soil-temperature-sensor-stb20","og_site_name":"Pinova Meteo","article_modified_time":"2024-06-21T10:43:35+00:00","og_image":[{"width":1920,"height":600,"url":"https:\/\/pinova-meteo.com\/wp-content\/uploads\/2024\/05\/Senzor-temperature-tla-1.jpg","type":"image\/jpeg"}],"twitter_card":"summary_large_image","twitter_misc":{"Est. reading time":"2 minutes"},"schema":{"@context":"https:\/\/schema.org","@graph":[{"@type":"WebPage","@id":"https:\/\/pinova-meteo.com\/en\/product\/soil-temperature-sensor-stb20","url":"https:\/\/pinova-meteo.com\/en\/product\/soil-temperature-sensor-stb20","name":"Soil temperature sensor (STB20) - Pinova Meteo","isPartOf":{"@id":"https:\/\/pinova-meteo.com\/en#website"},"primaryImageOfPage":{"@id":"https:\/\/pinova-meteo.com\/en\/product\/soil-temperature-sensor-stb20#primaryimage"},"image":{"@id":"https:\/\/pinova-meteo.com\/en\/product\/soil-temperature-sensor-stb20#primaryimage"},"thumbnailUrl":"https:\/\/pinova-meteo.com\/wp-content\/uploads\/2024\/05\/Senzor-temperature-tla-1.jpg","datePublished":"2024-05-28T13:58:49+00:00","dateModified":"2024-06-21T10:43:35+00:00","breadcrumb":{"@id":"https:\/\/pinova-meteo.com\/en\/product\/soil-temperature-sensor-stb20#breadcrumb"},"inLanguage":"en-US","potentialAction":[{"@type":"ReadAction","target":["https:\/\/pinova-meteo.com\/en\/product\/soil-temperature-sensor-stb20"]}]},{"@type":"ImageObject","inLanguage":"en-US","@id":"https:\/\/pinova-meteo.com\/en\/product\/soil-temperature-sensor-stb20#primaryimage","url":"https:\/\/pinova-meteo.com\/wp-content\/uploads\/2024\/05\/Senzor-temperature-tla-1.jpg","contentUrl":"https:\/\/pinova-meteo.com\/wp-content\/uploads\/2024\/05\/Senzor-temperature-tla-1.jpg","width":1920,"height":600},{"@type":"BreadcrumbList","@id":"https:\/\/pinova-meteo.com\/en\/product\/soil-temperature-sensor-stb20#breadcrumb","itemListElement":[{"@type":"ListItem","position":1,"name":"Po\u010detna stranica","item":"https:\/\/pinova-meteo.com\/en"},{"@type":"ListItem","position":2,"name":"Shop","item":"https:\/\/pinova-meteo.com\/?page_id=7"},{"@type":"ListItem","position":3,"name":"Soil temperature sensor (STB20)"}]},{"@type":"WebSite","@id":"https:\/\/pinova-meteo.com\/en#website","url":"https:\/\/pinova-meteo.com\/en","name":"Pinova Meteo","description":"","potentialAction":[{"@type":"SearchAction","target":{"@type":"EntryPoint","urlTemplate":"https:\/\/pinova-meteo.com\/en?s={search_term_string}"},"query-input":"required name=search_term_string"}],"inLanguage":"en-US"}]}},"_links":{"self":[{"href":"https:\/\/pinova-meteo.com\/en\/wp-json\/wp\/v2\/product\/2627","targetHints":{"allow":["GET"]}}],"collection":[{"href":"https:\/\/pinova-meteo.com\/en\/wp-json\/wp\/v2\/product"}],"about":[{"href":"https:\/\/pinova-meteo.com\/en\/wp-json\/wp\/v2\/types\/product"}],"replies":[{"embeddable":true,"href":"https:\/\/pinova-meteo.com\/en\/wp-json\/wp\/v2\/comments?post=2627"}],"wp:featuredmedia":[{"embeddable":true,"href":"https:\/\/pinova-meteo.com\/en\/wp-json\/wp\/v2\/media\/1613"}],"wp:attachment":[{"href":"https:\/\/pinova-meteo.com\/en\/wp-json\/wp\/v2\/media?parent=2627"}],"wp:term":[{"taxonomy":"product_cat","embeddable":true,"href":"https:\/\/pinova-meteo.com\/en\/wp-json\/wp\/v2\/product_cat?post=2627"},{"taxonomy":"product_tag","embeddable":true,"href":"https:\/\/pinova-meteo.com\/en\/wp-json\/wp\/v2\/product_tag?post=2627"}],"curies":[{"name":"wp","href":"https:\/\/api.w.org\/{rel}","templated":true}]}}