{"id":2638,"date":"2024-05-28T15:55:03","date_gmt":"2024-05-28T13:55:03","guid":{"rendered":"https:\/\/pinova-meteo.com\/proizvod\/photosynthetically-active-radiation-sensor-par"},"modified":"2025-07-23T10:58:04","modified_gmt":"2025-07-23T08:58:04","slug":"photosynthetically-active-radiation-sensor-par","status":"publish","type":"product","link":"https:\/\/pinova-meteo.com\/en\/product\/photosynthetically-active-radiation-sensor-par","title":{"rendered":"Photosynthetically Active Radiation sensor (PAR)"},"content":{"rendered":"<p>Apogee Instruments Quantum senzori za mjerenje fotosintetski aktivnog zra\u010denja (PAR)<\/p>\n<p>Apogee Instruments originalni X kvantni senzori omogu\u0107uju to\u010dno i pristupa\u010dno mjerenje fotosintetski aktivnog zra\u010denja (PAR) u \u00b5mol m-2 s-1 iz svih \u0161irokopojasnih izvora svjetlosti koji se koriste za uzgoj biljaka i koralja, poput sun\u010deve svjetlosti, metalhalidnih i CFL svjetiljki. Spektralni raspon od 370 do 650 nm.\u00a0 Patentirana kupolasta glava senzora omogu\u0107uje otjecanje rose i ki\u0161e, \u010dime se odr\u017eava \u010disto\u0107a senzora i smanjuju pogre\u0161ke uzrokovane nakupljanjem pra\u0161ine. Senzori su smje\u0161teni u izdr\u017eljivo aluminijsko ku\u0107i\u0161te, a elektronika je potpuno za\u0161ti\u0107ena.<\/p>\n<p>&nbsp;<\/p>\n<p><img loading=\"lazy\" decoding=\"async\" class=\"size-medium wp-image-3927 aligncenter\" src=\"https:\/\/pinova-meteo.com\/wp-content\/uploads\/2024\/05\/apooge-logo-300x122.jpg\" alt=\"\" width=\"300\" height=\"122\" srcset=\"https:\/\/pinova-meteo.com\/wp-content\/uploads\/2024\/05\/apooge-logo-300x122.jpg 300w, https:\/\/pinova-meteo.com\/wp-content\/uploads\/2024\/05\/apooge-logo.jpg 353w\" sizes=\"auto, (max-width: 300px) 100vw, 300px\" \/><\/p>\n<p>&nbsp;<\/p>\n<p>Kvantni senzori idealni su za mjerenje gusto\u0107e fotosintetskog fotonskog toka (PPFD) iznad kro\u0161nji biljaka na otvorenom, u staklenicima i komorama za rast, kao i ispod kro\u0161nji biljaka. Tako\u0111er se koriste za mjerenje PPFD-a u akvati\u010dnim okru\u017eenjima, uklju\u010duju\u0107i akvarije sa slanom vodom u kojima se uzgajaju koralji. Svaki senzor pa\u017eljivo je kalibriran u kontroliranim uvjetima i uskla\u0111en s NIST referentnim standardima. Originalni senzori kalibrirani su za sun\u010devu svjetlost ili elektri\u010dne izvore svjetlosti. Senzori imaju kosinusnu korekciju kako bi odr\u017eali to\u010dnost kada zra\u010denje dolazi iz niskih zenitnih kutova. Dugoro\u010dna stabilnost senzora potvr\u0111ena je testovima ubrzanog starenja, s manje od 2 % nestabilnosti godi\u0161nje.<\/p>\n<p>&nbsp;<\/p>\n<p><img loading=\"lazy\" decoding=\"async\" class=\"size-medium wp-image-3961 aligncenter\" src=\"https:\/\/pinova-meteo.com\/wp-content\/uploads\/2024\/05\/sq_100X_spectral_response-300x225.jpg\" alt=\"\" width=\"300\" height=\"225\" srcset=\"https:\/\/pinova-meteo.com\/wp-content\/uploads\/2024\/05\/sq_100X_spectral_response-300x225.jpg 300w, https:\/\/pinova-meteo.com\/wp-content\/uploads\/2024\/05\/sq_100X_spectral_response.jpg 450w\" sizes=\"auto, (max-width: 300px) 100vw, 300px\" \/><\/p>\n<p>&nbsp;<\/p>\n","protected":false},"excerpt":{"rendered":"<p>Apogee Instruments Quantum senzori za mjerenje fotosintetski aktivnog zra\u010denja (PAR) Apogee Instruments originalni X kvantni senzori omogu\u0107uju to\u010dno i pristupa\u010dno mjerenje fotosintetski aktivnog zra\u010denja (PAR) u \u00b5mol m-2 s-1 iz svih \u0161irokopojasnih izvora svjetlosti koji se koriste za uzgoj biljaka i koralja, poput sun\u010deve svjetlosti, metalhalidnih i CFL svjetiljki. Spektralni raspon od 370 do 650 [&hellip;]<\/p>\n","protected":false},"featured_media":1605,"comment_status":"open","ping_status":"closed","template":"","meta":{"_et_pb_use_builder":"","_et_pb_old_content":"","_et_gb_content_width":""},"product_cat":[43,51],"product_tag":[],"class_list":{"0":"post-2638","1":"product","2":"type-product","3":"status-publish","4":"has-post-thumbnail","6":"product_cat-sensors","7":"product_cat-sun","9":"first","10":"instock","11":"shipping-taxable","12":"product-type-simple"},"yoast_head":"<!-- This site is optimized with the Yoast SEO plugin v23.0 - https:\/\/yoast.com\/wordpress\/plugins\/seo\/ -->\n<title>Photosynthetically Active Radiation sensor (PAR) - Pinova Meteo<\/title>\n<meta name=\"robots\" content=\"index, follow, max-snippet:-1, max-image-preview:large, max-video-preview:-1\" \/>\n<link rel=\"canonical\" href=\"https:\/\/pinova-meteo.com\/en\/product\/photosynthetically-active-radiation-sensor-par\" \/>\n<meta property=\"og:locale\" content=\"en_US\" \/>\n<meta property=\"og:type\" content=\"article\" \/>\n<meta property=\"og:title\" content=\"Photosynthetically Active Radiation sensor (PAR) - Pinova Meteo\" \/>\n<meta property=\"og:description\" content=\"Apogee Instruments Quantum senzori za mjerenje fotosintetski aktivnog zra\u010denja (PAR) Apogee Instruments originalni X kvantni senzori omogu\u0107uju to\u010dno i pristupa\u010dno mjerenje fotosintetski aktivnog zra\u010denja (PAR) u \u00b5mol m-2 s-1 iz svih \u0161irokopojasnih izvora svjetlosti koji se koriste za uzgoj biljaka i koralja, poput sun\u010deve svjetlosti, metalhalidnih i CFL svjetiljki. Spektralni raspon od 370 do 650 [&hellip;]\" \/>\n<meta property=\"og:url\" content=\"https:\/\/pinova-meteo.com\/en\/product\/photosynthetically-active-radiation-sensor-par\" \/>\n<meta property=\"og:site_name\" content=\"Pinova Meteo\" \/>\n<meta property=\"article:modified_time\" content=\"2025-07-23T08:58:04+00:00\" \/>\n<meta property=\"og:image\" content=\"https:\/\/pinova-meteo.com\/wp-content\/uploads\/2024\/05\/Senzor-globalnog-zracenja-1.jpg\" \/>\n\t<meta property=\"og:image:width\" content=\"1920\" \/>\n\t<meta property=\"og:image:height\" content=\"600\" \/>\n\t<meta property=\"og:image:type\" content=\"image\/jpeg\" \/>\n<meta name=\"twitter:card\" content=\"summary_large_image\" \/>\n<meta name=\"twitter:label1\" content=\"Est. reading time\" \/>\n\t<meta name=\"twitter:data1\" content=\"1 minute\" \/>\n<script type=\"application\/ld+json\" class=\"yoast-schema-graph\">{\"@context\":\"https:\/\/schema.org\",\"@graph\":[{\"@type\":\"WebPage\",\"@id\":\"https:\/\/pinova-meteo.com\/en\/product\/photosynthetically-active-radiation-sensor-par\",\"url\":\"https:\/\/pinova-meteo.com\/en\/product\/photosynthetically-active-radiation-sensor-par\",\"name\":\"Photosynthetically Active Radiation sensor (PAR) - Pinova Meteo\",\"isPartOf\":{\"@id\":\"https:\/\/pinova-meteo.com\/en#website\"},\"primaryImageOfPage\":{\"@id\":\"https:\/\/pinova-meteo.com\/en\/product\/photosynthetically-active-radiation-sensor-par#primaryimage\"},\"image\":{\"@id\":\"https:\/\/pinova-meteo.com\/en\/product\/photosynthetically-active-radiation-sensor-par#primaryimage\"},\"thumbnailUrl\":\"https:\/\/pinova-meteo.com\/wp-content\/uploads\/2024\/05\/Senzor-globalnog-zracenja-1.jpg\",\"datePublished\":\"2024-05-28T13:55:03+00:00\",\"dateModified\":\"2025-07-23T08:58:04+00:00\",\"breadcrumb\":{\"@id\":\"https:\/\/pinova-meteo.com\/en\/product\/photosynthetically-active-radiation-sensor-par#breadcrumb\"},\"inLanguage\":\"en-US\",\"potentialAction\":[{\"@type\":\"ReadAction\",\"target\":[\"https:\/\/pinova-meteo.com\/en\/product\/photosynthetically-active-radiation-sensor-par\"]}]},{\"@type\":\"ImageObject\",\"inLanguage\":\"en-US\",\"@id\":\"https:\/\/pinova-meteo.com\/en\/product\/photosynthetically-active-radiation-sensor-par#primaryimage\",\"url\":\"https:\/\/pinova-meteo.com\/wp-content\/uploads\/2024\/05\/Senzor-globalnog-zracenja-1.jpg\",\"contentUrl\":\"https:\/\/pinova-meteo.com\/wp-content\/uploads\/2024\/05\/Senzor-globalnog-zracenja-1.jpg\",\"width\":1920,\"height\":600},{\"@type\":\"BreadcrumbList\",\"@id\":\"https:\/\/pinova-meteo.com\/en\/product\/photosynthetically-active-radiation-sensor-par#breadcrumb\",\"itemListElement\":[{\"@type\":\"ListItem\",\"position\":1,\"name\":\"Po\u010detna stranica\",\"item\":\"https:\/\/pinova-meteo.com\/en\"},{\"@type\":\"ListItem\",\"position\":2,\"name\":\"Shop\",\"item\":\"https:\/\/pinova-meteo.com\/?page_id=7\"},{\"@type\":\"ListItem\",\"position\":3,\"name\":\"Photosynthetically Active Radiation sensor (PAR)\"}]},{\"@type\":\"WebSite\",\"@id\":\"https:\/\/pinova-meteo.com\/en#website\",\"url\":\"https:\/\/pinova-meteo.com\/en\",\"name\":\"Pinova Meteo\",\"description\":\"\",\"potentialAction\":[{\"@type\":\"SearchAction\",\"target\":{\"@type\":\"EntryPoint\",\"urlTemplate\":\"https:\/\/pinova-meteo.com\/en?s={search_term_string}\"},\"query-input\":\"required name=search_term_string\"}],\"inLanguage\":\"en-US\"}]}<\/script>\n<!-- \/ Yoast SEO plugin. -->","yoast_head_json":{"title":"Photosynthetically Active Radiation sensor (PAR) - Pinova Meteo","robots":{"index":"index","follow":"follow","max-snippet":"max-snippet:-1","max-image-preview":"max-image-preview:large","max-video-preview":"max-video-preview:-1"},"canonical":"https:\/\/pinova-meteo.com\/en\/product\/photosynthetically-active-radiation-sensor-par","og_locale":"en_US","og_type":"article","og_title":"Photosynthetically Active Radiation sensor (PAR) - Pinova Meteo","og_description":"Apogee Instruments Quantum senzori za mjerenje fotosintetski aktivnog zra\u010denja (PAR) Apogee Instruments originalni X kvantni senzori omogu\u0107uju to\u010dno i pristupa\u010dno mjerenje fotosintetski aktivnog zra\u010denja (PAR) u \u00b5mol m-2 s-1 iz svih \u0161irokopojasnih izvora svjetlosti koji se koriste za uzgoj biljaka i koralja, poput sun\u010deve svjetlosti, metalhalidnih i CFL svjetiljki. Spektralni raspon od 370 do 650 [&hellip;]","og_url":"https:\/\/pinova-meteo.com\/en\/product\/photosynthetically-active-radiation-sensor-par","og_site_name":"Pinova Meteo","article_modified_time":"2025-07-23T08:58:04+00:00","og_image":[{"width":1920,"height":600,"url":"https:\/\/pinova-meteo.com\/wp-content\/uploads\/2024\/05\/Senzor-globalnog-zracenja-1.jpg","type":"image\/jpeg"}],"twitter_card":"summary_large_image","twitter_misc":{"Est. reading time":"1 minute"},"schema":{"@context":"https:\/\/schema.org","@graph":[{"@type":"WebPage","@id":"https:\/\/pinova-meteo.com\/en\/product\/photosynthetically-active-radiation-sensor-par","url":"https:\/\/pinova-meteo.com\/en\/product\/photosynthetically-active-radiation-sensor-par","name":"Photosynthetically Active Radiation sensor (PAR) - Pinova Meteo","isPartOf":{"@id":"https:\/\/pinova-meteo.com\/en#website"},"primaryImageOfPage":{"@id":"https:\/\/pinova-meteo.com\/en\/product\/photosynthetically-active-radiation-sensor-par#primaryimage"},"image":{"@id":"https:\/\/pinova-meteo.com\/en\/product\/photosynthetically-active-radiation-sensor-par#primaryimage"},"thumbnailUrl":"https:\/\/pinova-meteo.com\/wp-content\/uploads\/2024\/05\/Senzor-globalnog-zracenja-1.jpg","datePublished":"2024-05-28T13:55:03+00:00","dateModified":"2025-07-23T08:58:04+00:00","breadcrumb":{"@id":"https:\/\/pinova-meteo.com\/en\/product\/photosynthetically-active-radiation-sensor-par#breadcrumb"},"inLanguage":"en-US","potentialAction":[{"@type":"ReadAction","target":["https:\/\/pinova-meteo.com\/en\/product\/photosynthetically-active-radiation-sensor-par"]}]},{"@type":"ImageObject","inLanguage":"en-US","@id":"https:\/\/pinova-meteo.com\/en\/product\/photosynthetically-active-radiation-sensor-par#primaryimage","url":"https:\/\/pinova-meteo.com\/wp-content\/uploads\/2024\/05\/Senzor-globalnog-zracenja-1.jpg","contentUrl":"https:\/\/pinova-meteo.com\/wp-content\/uploads\/2024\/05\/Senzor-globalnog-zracenja-1.jpg","width":1920,"height":600},{"@type":"BreadcrumbList","@id":"https:\/\/pinova-meteo.com\/en\/product\/photosynthetically-active-radiation-sensor-par#breadcrumb","itemListElement":[{"@type":"ListItem","position":1,"name":"Po\u010detna stranica","item":"https:\/\/pinova-meteo.com\/en"},{"@type":"ListItem","position":2,"name":"Shop","item":"https:\/\/pinova-meteo.com\/?page_id=7"},{"@type":"ListItem","position":3,"name":"Photosynthetically Active Radiation sensor (PAR)"}]},{"@type":"WebSite","@id":"https:\/\/pinova-meteo.com\/en#website","url":"https:\/\/pinova-meteo.com\/en","name":"Pinova Meteo","description":"","potentialAction":[{"@type":"SearchAction","target":{"@type":"EntryPoint","urlTemplate":"https:\/\/pinova-meteo.com\/en?s={search_term_string}"},"query-input":"required name=search_term_string"}],"inLanguage":"en-US"}]}},"_links":{"self":[{"href":"https:\/\/pinova-meteo.com\/en\/wp-json\/wp\/v2\/product\/2638","targetHints":{"allow":["GET"]}}],"collection":[{"href":"https:\/\/pinova-meteo.com\/en\/wp-json\/wp\/v2\/product"}],"about":[{"href":"https:\/\/pinova-meteo.com\/en\/wp-json\/wp\/v2\/types\/product"}],"replies":[{"embeddable":true,"href":"https:\/\/pinova-meteo.com\/en\/wp-json\/wp\/v2\/comments?post=2638"}],"wp:featuredmedia":[{"embeddable":true,"href":"https:\/\/pinova-meteo.com\/en\/wp-json\/wp\/v2\/media\/1605"}],"wp:attachment":[{"href":"https:\/\/pinova-meteo.com\/en\/wp-json\/wp\/v2\/media?parent=2638"}],"wp:term":[{"taxonomy":"product_cat","embeddable":true,"href":"https:\/\/pinova-meteo.com\/en\/wp-json\/wp\/v2\/product_cat?post=2638"},{"taxonomy":"product_tag","embeddable":true,"href":"https:\/\/pinova-meteo.com\/en\/wp-json\/wp\/v2\/product_tag?post=2638"}],"curies":[{"name":"wp","href":"https:\/\/api.w.org\/{rel}","templated":true}]}}