{"id":2649,"date":"2024-05-31T11:08:35","date_gmt":"2024-05-31T09:08:35","guid":{"rendered":"https:\/\/pinova-meteo.com\/proizvod\/digital-watermark-reader-handmeter"},"modified":"2024-05-31T11:08:35","modified_gmt":"2024-05-31T09:08:35","slug":"digital-watermark-reader-handmeter","status":"publish","type":"product","link":"https:\/\/pinova-meteo.com\/en\/product\/digital-watermark-reader-handmeter","title":{"rendered":"Digital Watermark reader &#8211; Handmeter"},"content":{"rendered":"<p style=\"padding-bottom: 24px;\">Digitalni ure\u0111aj za mjerenje vlage tla Watermark namijenjen je za o\u010ditavanje <a href=\"https:\/\/pinova-meteo.com\/en\/product\/soil-moisture-sensor-watermark-probe\"><strong>Watermark senzora postavljenih u tlu<\/strong><\/a>. Na zaslonu se prikazuje stanje vlage (povr\u0161inska napetost vode u tlu) u centibarima (cb) ili kilopaskalima (kPa). Ova vrijednost predstavlja energiju korijenskog sustava biljke kojom crpi vodu iz tla. Vi\u0161e vrijednosti ukazuju da je tlo suho, a ni\u017ee vrijednosti da je tlo vla\u017enije. Uz ure\u0111aj dolazi spojni kabel s kop\u010dama kojima se pri\u010dvrsti za senzore. Jedan ure\u0111aj dovoljan je za o\u010ditanje ve\u0107eg broja senzora <\/p>\n<p><strong>Zna\u010dajke:<\/strong><\/p>\n<ul stlye=\"padding-bottom: 32px\">\n<li>Veliki LCD zaslon je lako vidljiv na suncu<\/li>\n<li>Radna plo\u010da na dodir je jednostavna za kori\u0161tenje i ima funkciju samotestiranja<\/li>\n<li>Brza monta\u017ea i promjena kabela, lako se mijenja na terenu<\/li>\n<li>Podesivi za promjene temperature tla<\/li>\n<\/ul>\n<p style=\"padding-bottom: 12px;\">WATERMARK metar je dizajniran za \u010ditanje samo WATERMARK senzora<\/p>\n<p style=\"padding-bottom: 12px;\">Napajanje : 9 V baterija<\/p>\n<p style=\"padding-bottom: 12px;\">MATERIJAL: ABS plasti\u010dno ku\u010di\u0161te sa kontrolama na dodir<\/p>\n<p style=\"padding-bottom: 12px;\">DIMENZIJE: 121 x 70 x 25mm<\/p>\n<p style=\"padding-bottom: 12px;\">TE\u017dINA: 310 g<\/p>\n<p style=\"padding-bottom: 12px;\">KABEL: 50 OHM coaxial kabl sa BNC konektorom<\/p>\n<p style=\"padding-bottom: 48px;\">DISPLAY: 0 \u2013199 cb (kPa) napetosti vode u tlu<\/p>\n<p>Kako postaviti senzore i kako o\u010ditavati senzore sa watermark \u010dita\u010dem &#8211; <a href=\"https:\/\/www.youtube.com\/watch?v=bM1ikP03gGg\">Youtube<\/a><\/p>\n","protected":false},"excerpt":{"rendered":"<p>Digitalni ure\u0111aj za mjerenje vlage tla Watermark namijenjen je za o\u010ditavanje Watermark senzora postavljenih u tlu. Na zaslonu se prikazuje stanje vlage (povr\u0161inska napetost vode u tlu) u centibarima (cb) ili kilopaskalima (kPa). Ova vrijednost predstavlja energiju korijenskog sustava biljke kojom crpi vodu iz tla. Vi\u0161e vrijednosti ukazuju da je tlo suho, a ni\u017ee vrijednosti [&hellip;]<\/p>\n","protected":false},"featured_media":1769,"comment_status":"open","ping_status":"closed","template":"","meta":{"_et_pb_use_builder":"","_et_pb_old_content":"","_et_gb_content_width":""},"product_cat":[44],"product_tag":[],"class_list":{"0":"post-2649","1":"product","2":"type-product","3":"status-publish","4":"has-post-thumbnail","6":"product_cat-soil-moisture-sensors","8":"first","9":"instock","10":"shipping-taxable","11":"product-type-simple"},"yoast_head":"<!-- This site is optimized with the Yoast SEO plugin v23.0 - https:\/\/yoast.com\/wordpress\/plugins\/seo\/ -->\n<title>Digital Watermark reader - Handmeter - Pinova Meteo<\/title>\n<meta name=\"robots\" content=\"index, follow, max-snippet:-1, max-image-preview:large, max-video-preview:-1\" \/>\n<link rel=\"canonical\" href=\"https:\/\/pinova-meteo.com\/en\/product\/digital-watermark-reader-handmeter\" \/>\n<meta property=\"og:locale\" content=\"en_US\" \/>\n<meta property=\"og:type\" content=\"article\" \/>\n<meta property=\"og:title\" content=\"Digital Watermark reader - Handmeter - Pinova Meteo\" \/>\n<meta property=\"og:description\" content=\"Digitalni ure\u0111aj za mjerenje vlage tla Watermark namijenjen je za o\u010ditavanje Watermark senzora postavljenih u tlu. Na zaslonu se prikazuje stanje vlage (povr\u0161inska napetost vode u tlu) u centibarima (cb) ili kilopaskalima (kPa). Ova vrijednost predstavlja energiju korijenskog sustava biljke kojom crpi vodu iz tla. Vi\u0161e vrijednosti ukazuju da je tlo suho, a ni\u017ee vrijednosti [&hellip;]\" \/>\n<meta property=\"og:url\" content=\"https:\/\/pinova-meteo.com\/en\/product\/digital-watermark-reader-handmeter\" \/>\n<meta property=\"og:site_name\" content=\"Pinova Meteo\" \/>\n<meta property=\"og:image\" content=\"https:\/\/pinova-meteo.com\/wp-content\/uploads\/2024\/05\/Digitalni-Watermark-citac-Handmeter-1.jpg\" \/>\n\t<meta property=\"og:image:width\" content=\"1920\" \/>\n\t<meta property=\"og:image:height\" content=\"600\" \/>\n\t<meta property=\"og:image:type\" content=\"image\/jpeg\" \/>\n<meta name=\"twitter:card\" content=\"summary_large_image\" \/>\n<meta name=\"twitter:label1\" content=\"Est. reading time\" \/>\n\t<meta name=\"twitter:data1\" content=\"1 minute\" \/>\n<script type=\"application\/ld+json\" class=\"yoast-schema-graph\">{\"@context\":\"https:\/\/schema.org\",\"@graph\":[{\"@type\":\"WebPage\",\"@id\":\"https:\/\/pinova-meteo.com\/en\/product\/digital-watermark-reader-handmeter\",\"url\":\"https:\/\/pinova-meteo.com\/en\/product\/digital-watermark-reader-handmeter\",\"name\":\"Digital Watermark reader - Handmeter - Pinova Meteo\",\"isPartOf\":{\"@id\":\"https:\/\/pinova-meteo.com\/en#website\"},\"primaryImageOfPage\":{\"@id\":\"https:\/\/pinova-meteo.com\/en\/product\/digital-watermark-reader-handmeter#primaryimage\"},\"image\":{\"@id\":\"https:\/\/pinova-meteo.com\/en\/product\/digital-watermark-reader-handmeter#primaryimage\"},\"thumbnailUrl\":\"https:\/\/pinova-meteo.com\/wp-content\/uploads\/2024\/05\/Digitalni-Watermark-citac-Handmeter-1.jpg\",\"datePublished\":\"2024-05-31T09:08:35+00:00\",\"dateModified\":\"2024-05-31T09:08:35+00:00\",\"breadcrumb\":{\"@id\":\"https:\/\/pinova-meteo.com\/en\/product\/digital-watermark-reader-handmeter#breadcrumb\"},\"inLanguage\":\"en-US\",\"potentialAction\":[{\"@type\":\"ReadAction\",\"target\":[\"https:\/\/pinova-meteo.com\/en\/product\/digital-watermark-reader-handmeter\"]}]},{\"@type\":\"ImageObject\",\"inLanguage\":\"en-US\",\"@id\":\"https:\/\/pinova-meteo.com\/en\/product\/digital-watermark-reader-handmeter#primaryimage\",\"url\":\"https:\/\/pinova-meteo.com\/wp-content\/uploads\/2024\/05\/Digitalni-Watermark-citac-Handmeter-1.jpg\",\"contentUrl\":\"https:\/\/pinova-meteo.com\/wp-content\/uploads\/2024\/05\/Digitalni-Watermark-citac-Handmeter-1.jpg\",\"width\":1920,\"height\":600},{\"@type\":\"BreadcrumbList\",\"@id\":\"https:\/\/pinova-meteo.com\/en\/product\/digital-watermark-reader-handmeter#breadcrumb\",\"itemListElement\":[{\"@type\":\"ListItem\",\"position\":1,\"name\":\"Po\u010detna stranica\",\"item\":\"https:\/\/pinova-meteo.com\/en\"},{\"@type\":\"ListItem\",\"position\":2,\"name\":\"Shop\",\"item\":\"https:\/\/pinova-meteo.com\/?page_id=7\"},{\"@type\":\"ListItem\",\"position\":3,\"name\":\"Digital Watermark reader &#8211; Handmeter\"}]},{\"@type\":\"WebSite\",\"@id\":\"https:\/\/pinova-meteo.com\/en#website\",\"url\":\"https:\/\/pinova-meteo.com\/en\",\"name\":\"Pinova Meteo\",\"description\":\"\",\"potentialAction\":[{\"@type\":\"SearchAction\",\"target\":{\"@type\":\"EntryPoint\",\"urlTemplate\":\"https:\/\/pinova-meteo.com\/en?s={search_term_string}\"},\"query-input\":\"required name=search_term_string\"}],\"inLanguage\":\"en-US\"}]}<\/script>\n<!-- \/ Yoast SEO plugin. -->","yoast_head_json":{"title":"Digital Watermark reader - Handmeter - Pinova Meteo","robots":{"index":"index","follow":"follow","max-snippet":"max-snippet:-1","max-image-preview":"max-image-preview:large","max-video-preview":"max-video-preview:-1"},"canonical":"https:\/\/pinova-meteo.com\/en\/product\/digital-watermark-reader-handmeter","og_locale":"en_US","og_type":"article","og_title":"Digital Watermark reader - Handmeter - Pinova Meteo","og_description":"Digitalni ure\u0111aj za mjerenje vlage tla Watermark namijenjen je za o\u010ditavanje Watermark senzora postavljenih u tlu. Na zaslonu se prikazuje stanje vlage (povr\u0161inska napetost vode u tlu) u centibarima (cb) ili kilopaskalima (kPa). Ova vrijednost predstavlja energiju korijenskog sustava biljke kojom crpi vodu iz tla. Vi\u0161e vrijednosti ukazuju da je tlo suho, a ni\u017ee vrijednosti [&hellip;]","og_url":"https:\/\/pinova-meteo.com\/en\/product\/digital-watermark-reader-handmeter","og_site_name":"Pinova Meteo","og_image":[{"width":1920,"height":600,"url":"https:\/\/pinova-meteo.com\/wp-content\/uploads\/2024\/05\/Digitalni-Watermark-citac-Handmeter-1.jpg","type":"image\/jpeg"}],"twitter_card":"summary_large_image","twitter_misc":{"Est. reading time":"1 minute"},"schema":{"@context":"https:\/\/schema.org","@graph":[{"@type":"WebPage","@id":"https:\/\/pinova-meteo.com\/en\/product\/digital-watermark-reader-handmeter","url":"https:\/\/pinova-meteo.com\/en\/product\/digital-watermark-reader-handmeter","name":"Digital Watermark reader - Handmeter - Pinova Meteo","isPartOf":{"@id":"https:\/\/pinova-meteo.com\/en#website"},"primaryImageOfPage":{"@id":"https:\/\/pinova-meteo.com\/en\/product\/digital-watermark-reader-handmeter#primaryimage"},"image":{"@id":"https:\/\/pinova-meteo.com\/en\/product\/digital-watermark-reader-handmeter#primaryimage"},"thumbnailUrl":"https:\/\/pinova-meteo.com\/wp-content\/uploads\/2024\/05\/Digitalni-Watermark-citac-Handmeter-1.jpg","datePublished":"2024-05-31T09:08:35+00:00","dateModified":"2024-05-31T09:08:35+00:00","breadcrumb":{"@id":"https:\/\/pinova-meteo.com\/en\/product\/digital-watermark-reader-handmeter#breadcrumb"},"inLanguage":"en-US","potentialAction":[{"@type":"ReadAction","target":["https:\/\/pinova-meteo.com\/en\/product\/digital-watermark-reader-handmeter"]}]},{"@type":"ImageObject","inLanguage":"en-US","@id":"https:\/\/pinova-meteo.com\/en\/product\/digital-watermark-reader-handmeter#primaryimage","url":"https:\/\/pinova-meteo.com\/wp-content\/uploads\/2024\/05\/Digitalni-Watermark-citac-Handmeter-1.jpg","contentUrl":"https:\/\/pinova-meteo.com\/wp-content\/uploads\/2024\/05\/Digitalni-Watermark-citac-Handmeter-1.jpg","width":1920,"height":600},{"@type":"BreadcrumbList","@id":"https:\/\/pinova-meteo.com\/en\/product\/digital-watermark-reader-handmeter#breadcrumb","itemListElement":[{"@type":"ListItem","position":1,"name":"Po\u010detna stranica","item":"https:\/\/pinova-meteo.com\/en"},{"@type":"ListItem","position":2,"name":"Shop","item":"https:\/\/pinova-meteo.com\/?page_id=7"},{"@type":"ListItem","position":3,"name":"Digital Watermark reader &#8211; Handmeter"}]},{"@type":"WebSite","@id":"https:\/\/pinova-meteo.com\/en#website","url":"https:\/\/pinova-meteo.com\/en","name":"Pinova Meteo","description":"","potentialAction":[{"@type":"SearchAction","target":{"@type":"EntryPoint","urlTemplate":"https:\/\/pinova-meteo.com\/en?s={search_term_string}"},"query-input":"required name=search_term_string"}],"inLanguage":"en-US"}]}},"_links":{"self":[{"href":"https:\/\/pinova-meteo.com\/en\/wp-json\/wp\/v2\/product\/2649","targetHints":{"allow":["GET"]}}],"collection":[{"href":"https:\/\/pinova-meteo.com\/en\/wp-json\/wp\/v2\/product"}],"about":[{"href":"https:\/\/pinova-meteo.com\/en\/wp-json\/wp\/v2\/types\/product"}],"replies":[{"embeddable":true,"href":"https:\/\/pinova-meteo.com\/en\/wp-json\/wp\/v2\/comments?post=2649"}],"wp:featuredmedia":[{"embeddable":true,"href":"https:\/\/pinova-meteo.com\/en\/wp-json\/wp\/v2\/media\/1769"}],"wp:attachment":[{"href":"https:\/\/pinova-meteo.com\/en\/wp-json\/wp\/v2\/media?parent=2649"}],"wp:term":[{"taxonomy":"product_cat","embeddable":true,"href":"https:\/\/pinova-meteo.com\/en\/wp-json\/wp\/v2\/product_cat?post=2649"},{"taxonomy":"product_tag","embeddable":true,"href":"https:\/\/pinova-meteo.com\/en\/wp-json\/wp\/v2\/product_tag?post=2649"}],"curies":[{"name":"wp","href":"https:\/\/api.w.org\/{rel}","templated":true}]}}