{"id":2650,"date":"2024-06-03T14:03:46","date_gmt":"2024-06-03T12:03:46","guid":{"rendered":"https:\/\/pinova-meteo.com\/proizvod\/racunalna-aplikacija-pinovasoft"},"modified":"2024-10-04T09:35:47","modified_gmt":"2024-10-04T07:35:47","slug":"computer-application-pinovasoft","status":"publish","type":"product","link":"https:\/\/pinova-meteo.com\/en\/product\/computer-application-pinovasoft","title":{"rendered":"Computer application &#8211; PinovaSoft"},"content":{"rendered":"<p>The PinovaSoft application facilitates seamless communication between the sensors of the Pinova Weather Station and your computer. Each time you launch the PinovaSoft application on your computer, the most recent measured data is displayed in a highly intuitive graphical or tabular format.<\/p>\n<hr \/>\n<p>What sets PinovaSoft apart from its competitors is the clarity of data presentation and the speed at which desired information can be accessed for various time periods. The application is designed for the transfer and processing of measured parameters, making it exceptionally easy to install and use. With just one click, you can calculate and display the average, minimum, and maximum values of the measured parameters within a selected time period.<\/p>\n<hr \/>\n<p>In addition to the standard time intervals of 10 minutes, 2 hours, 6 hours, 1 day, 1 week, and 1 month, users can adjust the display for other periods (e.g., 10\u201350 minutes in 10-minute increments, 1\u201323 hours in 1-hour increments, 1\u201331 days in 1-day increments, 1 or 2 weeks, and 1\u201312 months in 1-month increments).<\/p>\n<hr \/>\n<p>In report form, the application allows the review of the dew point in 10-minute intervals and evapotranspiration in a daily view.<\/p>\n<hr \/>\n<p><strong>PinovaSoft application enables:<\/strong><\/p>\n<ul>\n<li>Graphical or tabular viewing and printing of all data measured by the Pinova Weather Station in real time.<\/li>\n<li>Automatic calculation and graphical or tabular review of minimum, average, maximum, and\/or cumulative data values across different time resolutions.<\/li>\n<li>Calculation of disease development forecasts for specific crops.<\/li>\n<li>Calculation of dew point and evapotranspiration.<\/li>\n<li>Calculation of temperature sums using the degree-hour or degree-day algorithm.<\/li>\n<li>Correction of inaccurately measured values due to errors in the station or sensors.<\/li>\n<li>Printing all measured values in graphical or tabular format on paper.<\/li>\n<li>The ability to add comments in the graphical display, allowing users to record applied treatments and products to better determine the next treatment timing and appropriate product.<\/li>\n<\/ul>\n<hr \/>\n<p><strong>PinovaSoft allows the review of the following measured and algorithmically calculated parameters:<\/strong><\/p>\n<ul>\n<li>Exact date and time of measurement.<\/li>\n<li>Air temperature and relative humidity.<\/li>\n<li>Leaf wetness duration and temperature.<\/li>\n<li>Soil temperature and moisture.<\/li>\n<li>Precipitation amount.<\/li>\n<li>Wind speed and direction.<\/li>\n<li>Air pressure.<\/li>\n<li>Global solar radiation.<\/li>\n<li>Dew point.<\/li>\n<li>Evapotranspiration.<\/li>\n<li>Probability and percentage, and\/or timing of infection (depending on the forecast model).<\/li>\n<li>Duration and stage of incubation (depending on the forecast model).<\/li>\n<\/ul>\n<hr \/>\n<p><strong>PinovaSoft is available in 7 different languages:<\/strong><\/p>\n<ul>\n<li>Croatian<\/li>\n<li>English<\/li>\n<li>German<\/li>\n<li>Italian<\/li>\n<li>Ukrainian<\/li>\n<li>Russian<\/li>\n<\/ul>\n","protected":false},"excerpt":{"rendered":"<p>The PinovaSoft application facilitates seamless communication between the sensors of the Pinova Weather Station and your computer. Each time you launch the PinovaSoft application on your computer, the most recent measured data is displayed in a highly intuitive graphical or tabular format. What sets PinovaSoft apart from its competitors is the clarity of data presentation [&hellip;]<\/p>\n","protected":false},"featured_media":1895,"comment_status":"open","ping_status":"closed","template":"","meta":{"_et_pb_use_builder":"off","_et_pb_old_content":"PinovaSoft aplikacija uspostavlja komunikaciju izme\u0111u izmjerenih vrijednosti sa senzora Pinova Meteo stanice i ra\u010dunala. Sa svakim pokretanjem PinovaSoft aplikacije na Va\u0161em ra\u010dunalu pojavljuju se zadnji mjereni podaci u vrlo preglednom grafi\u010dkom ili tabelarnom prikazu.\r\n\r\nPreglednost i brzina dohvata \u017eeljenih podataka, za razli\u010dite vremenske periode je ono po \u010demu je. PinovaSoft aplikacija ispred svoje konkurencije.PinovaSoft aplikacija razvijena je za prijenos i obradu izmjerenih parametara, jednostavna je za instalaciju i uporabu, te zahtjeva samo jedan klik za izra\u010dunavanje i prikazivanje prosje\u010dnih, minimalnih i maksimalnih vrijednosti izmjerenih parametara unutar \u017eeljenog vremenskog perioda.\r\n\r\nOsim standardnih perioda od 10 minuta, 2 sata, 6 sati, 1 dan, 1 tjedan i 1 mjesec, mogu\u0107e je podesiti prikaz na druge periode (10 \u2013 50 minuta u koracima od 10 minuta, 1 \u2013 23 sata u koracima od 1 sat, 1 \u2013 31 dana u koracima od 1 dan, 1 ili 2 tjedna, te 1 \u2013 12 mjeseci u koracima od 1 mjesec).\r\n\r\nU obliku izvje\u0161taja, aplikacija omogu\u0107ava pregled to\u010dke rosi\u0161ta u 10 minutnom prikazu, te evapotranspiracije u jednodnevnom prikazu.\r\n<h5>PinovaSoft aplikacija omogu\u0107ava:<\/h5>\r\n \r\n<ul>\r\n \t<li>Grafi\u010dki ili tabelarni pregled i ispis svih podataka izmjerenih putem Pinova Meteo stanice u stvarnom vremenu<\/li>\r\n \t<li>Automatski izra\u010dun, te grafi\u010dki ili tabelarni pregled minimalnih, prosje\u010dnih, maksimalnih i\/ili kumulativnih vrijednosti podataka s Pinova Meteo stanice kroz razli\u010dite rezolucije vremenskog prikaza<\/li>\r\n \t<li>Izra\u010dun prognoze razvoja bolesti za pojedine kulture<\/li>\r\n \t<li>Izra\u010dun to\u010dke rosi\u0161ta i evapotranspiracije<\/li>\r\n \t<li>Izra\u010dun temperaturne sume po algoritmu stupanj-sat ili stupanj-dan<\/li>\r\n \t<li>Izmjenu neto\u010dno izmjerenih vrijednosti uslijed gre\u0161ke na stanici ili senzoru<\/li>\r\n \t<li>Ispis svih izmjerenih vrijednosti u obliku grafi\u010dkog prikaza ili tabli\u010dnog prikaza na papir<\/li>\r\n \t<li>Omogu\u0107en je upis komentara u grafi\u010dkom prikazu, korisnik kroz komentare mo\u017ee upisivati za\u0161tite i primijenjena sredstva, kako bi lak\u0161e mogao odrediti sljede\u0107i rok tretiranja i odgovaraju\u0107e sredstvo.<\/li>\r\n<\/ul>\r\n<h5>PinovaSoft omogu\u0107uje pregled sljede\u0107ih mjerenih i algoritamskih izra\u010dunatih veli\u010dina:<\/h5>\r\n<ul>\r\n \t<li>To\u010dan datum i vrijeme izmjere<\/li>\r\n \t<li>Temperatura i relativna vlaga zraka<\/li>\r\n \t<li>Temperatura i vremensko razdoblje vla\u017enosti lista<\/li>\r\n \t<li>Temperatura i vlaga tla<\/li>\r\n \t<li>Koli\u010dina oborina<\/li>\r\n \t<li>Brzina vjetra i smjer vjetra<\/li>\r\n \t<li>Tlak zraka<\/li>\r\n \t<li>Globalno sun\u010devo zra\u010denje<\/li>\r\n \t<li>To\u010dka rosi\u0161ta<\/li>\r\n \t<li>Evapotranspiracija<\/li>\r\n \t<li>Vjerojatnost i postotak, i\/ili trenutak nastupa infekcije (ovisno o prognoznom modelu)<\/li>\r\n \t<li>Trajanje i stadij inkubacije (ovisno o prognoznom modelu)<\/li>\r\n<\/ul>\r\n<h5>PinovaSoft aplikacija dostupna je na 7 razli\u010ditih jezika:<\/h5>\r\n<ul>\r\n \t<li>Hrvatski<\/li>\r\n \t<li>Engleski<\/li>\r\n \t<li>Njema\u010dki<\/li>\r\n \t<li>Talijanski<\/li>\r\n \t<li>Ukrajinski<\/li>\r\n \t<li>Ruski<\/li>\r\n<\/ul>","_et_gb_content_width":""},"product_cat":[40,42],"product_tag":[],"class_list":{"0":"post-2650","1":"product","2":"type-product","3":"status-publish","4":"has-post-thumbnail","6":"product_cat-pinova-meteo-agriculture-weather-station","7":"product_cat-software","9":"first","10":"instock","11":"shipping-taxable","12":"product-type-simple"},"yoast_head":"<!-- This site is optimized with the Yoast SEO plugin v23.0 - https:\/\/yoast.com\/wordpress\/plugins\/seo\/ -->\n<title>Computer application - PinovaSoft - Pinova Meteo<\/title>\n<meta name=\"robots\" content=\"index, follow, max-snippet:-1, max-image-preview:large, max-video-preview:-1\" \/>\n<link rel=\"canonical\" href=\"https:\/\/pinova-meteo.com\/en\/product\/computer-application-pinovasoft\" \/>\n<meta property=\"og:locale\" content=\"en_US\" \/>\n<meta property=\"og:type\" content=\"article\" \/>\n<meta property=\"og:title\" content=\"Computer application - PinovaSoft - Pinova Meteo\" \/>\n<meta property=\"og:description\" content=\"The PinovaSoft application facilitates seamless communication between the sensors of the Pinova Weather Station and your computer. Each time you launch the PinovaSoft application on your computer, the most recent measured data is displayed in a highly intuitive graphical or tabular format. What sets PinovaSoft apart from its competitors is the clarity of data presentation [&hellip;]\" \/>\n<meta property=\"og:url\" content=\"https:\/\/pinova-meteo.com\/en\/product\/computer-application-pinovasoft\" \/>\n<meta property=\"og:site_name\" content=\"Pinova Meteo\" \/>\n<meta property=\"article:modified_time\" content=\"2024-10-04T07:35:47+00:00\" \/>\n<meta property=\"og:image\" content=\"https:\/\/pinova-meteo.com\/wp-content\/uploads\/2024\/06\/Racunalna-aplikacija-PinovaSoft-1.jpg\" \/>\n\t<meta property=\"og:image:width\" content=\"1920\" \/>\n\t<meta property=\"og:image:height\" content=\"600\" \/>\n\t<meta property=\"og:image:type\" content=\"image\/jpeg\" \/>\n<meta name=\"twitter:card\" content=\"summary_large_image\" \/>\n<meta name=\"twitter:label1\" content=\"Est. reading time\" \/>\n\t<meta name=\"twitter:data1\" content=\"3 minutes\" \/>\n<script type=\"application\/ld+json\" class=\"yoast-schema-graph\">{\"@context\":\"https:\/\/schema.org\",\"@graph\":[{\"@type\":\"WebPage\",\"@id\":\"https:\/\/pinova-meteo.com\/en\/product\/computer-application-pinovasoft\",\"url\":\"https:\/\/pinova-meteo.com\/en\/product\/computer-application-pinovasoft\",\"name\":\"Computer application - PinovaSoft - Pinova Meteo\",\"isPartOf\":{\"@id\":\"https:\/\/pinova-meteo.com\/en#website\"},\"primaryImageOfPage\":{\"@id\":\"https:\/\/pinova-meteo.com\/en\/product\/computer-application-pinovasoft#primaryimage\"},\"image\":{\"@id\":\"https:\/\/pinova-meteo.com\/en\/product\/computer-application-pinovasoft#primaryimage\"},\"thumbnailUrl\":\"https:\/\/pinova-meteo.com\/wp-content\/uploads\/2024\/06\/Racunalna-aplikacija-PinovaSoft-1.jpg\",\"datePublished\":\"2024-06-03T12:03:46+00:00\",\"dateModified\":\"2024-10-04T07:35:47+00:00\",\"breadcrumb\":{\"@id\":\"https:\/\/pinova-meteo.com\/en\/product\/computer-application-pinovasoft#breadcrumb\"},\"inLanguage\":\"en-US\",\"potentialAction\":[{\"@type\":\"ReadAction\",\"target\":[\"https:\/\/pinova-meteo.com\/en\/product\/computer-application-pinovasoft\"]}]},{\"@type\":\"ImageObject\",\"inLanguage\":\"en-US\",\"@id\":\"https:\/\/pinova-meteo.com\/en\/product\/computer-application-pinovasoft#primaryimage\",\"url\":\"https:\/\/pinova-meteo.com\/wp-content\/uploads\/2024\/06\/Racunalna-aplikacija-PinovaSoft-1.jpg\",\"contentUrl\":\"https:\/\/pinova-meteo.com\/wp-content\/uploads\/2024\/06\/Racunalna-aplikacija-PinovaSoft-1.jpg\",\"width\":1920,\"height\":600},{\"@type\":\"BreadcrumbList\",\"@id\":\"https:\/\/pinova-meteo.com\/en\/product\/computer-application-pinovasoft#breadcrumb\",\"itemListElement\":[{\"@type\":\"ListItem\",\"position\":1,\"name\":\"Po\u010detna stranica\",\"item\":\"https:\/\/pinova-meteo.com\/en\"},{\"@type\":\"ListItem\",\"position\":2,\"name\":\"Shop\",\"item\":\"https:\/\/pinova-meteo.com\/?page_id=7\"},{\"@type\":\"ListItem\",\"position\":3,\"name\":\"Computer application &#8211; PinovaSoft\"}]},{\"@type\":\"WebSite\",\"@id\":\"https:\/\/pinova-meteo.com\/en#website\",\"url\":\"https:\/\/pinova-meteo.com\/en\",\"name\":\"Pinova Meteo\",\"description\":\"\",\"potentialAction\":[{\"@type\":\"SearchAction\",\"target\":{\"@type\":\"EntryPoint\",\"urlTemplate\":\"https:\/\/pinova-meteo.com\/en?s={search_term_string}\"},\"query-input\":\"required name=search_term_string\"}],\"inLanguage\":\"en-US\"}]}<\/script>\n<!-- \/ Yoast SEO plugin. -->","yoast_head_json":{"title":"Computer application - PinovaSoft - Pinova Meteo","robots":{"index":"index","follow":"follow","max-snippet":"max-snippet:-1","max-image-preview":"max-image-preview:large","max-video-preview":"max-video-preview:-1"},"canonical":"https:\/\/pinova-meteo.com\/en\/product\/computer-application-pinovasoft","og_locale":"en_US","og_type":"article","og_title":"Computer application - PinovaSoft - Pinova Meteo","og_description":"The PinovaSoft application facilitates seamless communication between the sensors of the Pinova Weather Station and your computer. Each time you launch the PinovaSoft application on your computer, the most recent measured data is displayed in a highly intuitive graphical or tabular format. What sets PinovaSoft apart from its competitors is the clarity of data presentation [&hellip;]","og_url":"https:\/\/pinova-meteo.com\/en\/product\/computer-application-pinovasoft","og_site_name":"Pinova Meteo","article_modified_time":"2024-10-04T07:35:47+00:00","og_image":[{"width":1920,"height":600,"url":"https:\/\/pinova-meteo.com\/wp-content\/uploads\/2024\/06\/Racunalna-aplikacija-PinovaSoft-1.jpg","type":"image\/jpeg"}],"twitter_card":"summary_large_image","twitter_misc":{"Est. reading time":"3 minutes"},"schema":{"@context":"https:\/\/schema.org","@graph":[{"@type":"WebPage","@id":"https:\/\/pinova-meteo.com\/en\/product\/computer-application-pinovasoft","url":"https:\/\/pinova-meteo.com\/en\/product\/computer-application-pinovasoft","name":"Computer application - PinovaSoft - Pinova Meteo","isPartOf":{"@id":"https:\/\/pinova-meteo.com\/en#website"},"primaryImageOfPage":{"@id":"https:\/\/pinova-meteo.com\/en\/product\/computer-application-pinovasoft#primaryimage"},"image":{"@id":"https:\/\/pinova-meteo.com\/en\/product\/computer-application-pinovasoft#primaryimage"},"thumbnailUrl":"https:\/\/pinova-meteo.com\/wp-content\/uploads\/2024\/06\/Racunalna-aplikacija-PinovaSoft-1.jpg","datePublished":"2024-06-03T12:03:46+00:00","dateModified":"2024-10-04T07:35:47+00:00","breadcrumb":{"@id":"https:\/\/pinova-meteo.com\/en\/product\/computer-application-pinovasoft#breadcrumb"},"inLanguage":"en-US","potentialAction":[{"@type":"ReadAction","target":["https:\/\/pinova-meteo.com\/en\/product\/computer-application-pinovasoft"]}]},{"@type":"ImageObject","inLanguage":"en-US","@id":"https:\/\/pinova-meteo.com\/en\/product\/computer-application-pinovasoft#primaryimage","url":"https:\/\/pinova-meteo.com\/wp-content\/uploads\/2024\/06\/Racunalna-aplikacija-PinovaSoft-1.jpg","contentUrl":"https:\/\/pinova-meteo.com\/wp-content\/uploads\/2024\/06\/Racunalna-aplikacija-PinovaSoft-1.jpg","width":1920,"height":600},{"@type":"BreadcrumbList","@id":"https:\/\/pinova-meteo.com\/en\/product\/computer-application-pinovasoft#breadcrumb","itemListElement":[{"@type":"ListItem","position":1,"name":"Po\u010detna stranica","item":"https:\/\/pinova-meteo.com\/en"},{"@type":"ListItem","position":2,"name":"Shop","item":"https:\/\/pinova-meteo.com\/?page_id=7"},{"@type":"ListItem","position":3,"name":"Computer application &#8211; PinovaSoft"}]},{"@type":"WebSite","@id":"https:\/\/pinova-meteo.com\/en#website","url":"https:\/\/pinova-meteo.com\/en","name":"Pinova Meteo","description":"","potentialAction":[{"@type":"SearchAction","target":{"@type":"EntryPoint","urlTemplate":"https:\/\/pinova-meteo.com\/en?s={search_term_string}"},"query-input":"required name=search_term_string"}],"inLanguage":"en-US"}]}},"_links":{"self":[{"href":"https:\/\/pinova-meteo.com\/en\/wp-json\/wp\/v2\/product\/2650","targetHints":{"allow":["GET"]}}],"collection":[{"href":"https:\/\/pinova-meteo.com\/en\/wp-json\/wp\/v2\/product"}],"about":[{"href":"https:\/\/pinova-meteo.com\/en\/wp-json\/wp\/v2\/types\/product"}],"replies":[{"embeddable":true,"href":"https:\/\/pinova-meteo.com\/en\/wp-json\/wp\/v2\/comments?post=2650"}],"wp:featuredmedia":[{"embeddable":true,"href":"https:\/\/pinova-meteo.com\/en\/wp-json\/wp\/v2\/media\/1895"}],"wp:attachment":[{"href":"https:\/\/pinova-meteo.com\/en\/wp-json\/wp\/v2\/media?parent=2650"}],"wp:term":[{"taxonomy":"product_cat","embeddable":true,"href":"https:\/\/pinova-meteo.com\/en\/wp-json\/wp\/v2\/product_cat?post=2650"},{"taxonomy":"product_tag","embeddable":true,"href":"https:\/\/pinova-meteo.com\/en\/wp-json\/wp\/v2\/product_tag?post=2650"}],"curies":[{"name":"wp","href":"https:\/\/api.w.org\/{rel}","templated":true}]}}