{"id":3629,"date":"2024-09-26T13:51:39","date_gmt":"2024-09-26T11:51:39","guid":{"rendered":"https:\/\/pinova-meteo.com\/proizvod\/dendrometar-za-mjerenje-manjih-promjera-dd-s"},"modified":"2024-09-30T14:49:52","modified_gmt":"2024-09-30T12:49:52","slug":"dendrometer-for-measuring-smaller-diameters-dd-s","status":"publish","type":"product","link":"https:\/\/pinova-meteo.com\/en\/product\/dendrometer-for-measuring-smaller-diameters-dd-s","title":{"rendered":"Dendrometer for measuring smaller diameters &#8211; DD-S"},"content":{"rendered":"<p><strong>Dendrometer for Measuring Smaller Diameters \u2013 DD-S<\/strong><\/p>\n<p>The DD-S series dendrometers are used for high-precision, continuous measurement of changes in tree diameter. These dendrometers are suitable for long-term use in outdoor conditions. Due to their exceptionally low power consumption, Ecomatik dendrometers are ideal for battery-powered solutions, such as IoT applications. The DD-S dendrometers are specifically designed for small trees, branches, and agricultural plants (diameter less than 5 cm). The optimized mounting system allows for stable installation without exerting excessive pressure on the measurement point. As a result, DD-S dendrometers provide stable readings even on very small and herbaceous plants.<\/p>\n<div class='et-box et-bio'>\n\t\t\t\t\t<div class='et-box-content'><strong> For advice, a quote, or questions, send an inquiry to pinova@pinova.hr or call +385 97 649 9425<\/strong>.<\/div><\/div>\n<p>The DD-S dendrometer is available in 3 different versions:<\/p>\n<ul>\n<li><strong>DD-S1<\/strong>: with a standard mounting frame<\/li>\n<\/ul>\n<p><img loading=\"lazy\" decoding=\"async\" class=\"alignnone size-medium wp-image-3590\" src=\"https:\/\/pinova-meteo.com\/wp-content\/uploads\/2024\/09\/dd-s1_3_lr.0x1200-300x200.jpg\" alt=\"\" width=\"300\" height=\"200\" \/><img loading=\"lazy\" decoding=\"async\" class=\"alignnone size-medium wp-image-3588\" src=\"https:\/\/pinova-meteo.com\/wp-content\/uploads\/2024\/09\/dd-s1_2_lr.0x1200-300x200.jpg\" alt=\"\" width=\"300\" height=\"200\" \/><\/p>\n<ul>\n<li><strong>DD-S2<\/strong>: with a quick-mounting frame<\/li>\n<\/ul>\n<p><img loading=\"lazy\" decoding=\"async\" class=\"alignnone size-medium wp-image-3598\" src=\"https:\/\/pinova-meteo.com\/wp-content\/uploads\/2024\/09\/dd-s2_4_lr.0x1200-300x225.jpg\" alt=\"\" width=\"300\" height=\"225\" \/><img loading=\"lazy\" decoding=\"async\" class=\"alignnone size-medium wp-image-3592\" src=\"https:\/\/pinova-meteo.com\/wp-content\/uploads\/2024\/09\/dd-s2_1_lr.0x1200-300x200.jpg\" alt=\"\" width=\"300\" height=\"200\" \/><\/p>\n<ul>\n<li><strong>DD-S2W<\/strong>: with a quick-mounting frame and hermetically sealed to withstand extreme environmental conditions (under snow cover, underwater, increased exposure to dust and corrosive substances)<\/li>\n<\/ul>\n<hr \/>\n<p><strong>Advantages<\/strong><\/p>\n<ul>\n<li>Suitable for small trees, branches, and agricultural plants with a diameter of less than 5 cm<\/li>\n<li>Lightweight sensor<\/li>\n<li>Plants do not have to bear the weight of the sensor (additional support required for very small and delicate plants)<\/li>\n<li>Installation without damaging the plant, minimal pressure on the plant<\/li>\n<li>Stability against wind, snow, falling branches, and fruits<\/li>\n<\/ul>\n<p><strong>Specific to the DD-S2 and DD-S2W models:<\/strong><\/p>\n<ul>\n<li>Quick-mounting frame for fast, easy, and tool-free installation of the measurement point<\/li>\n<\/ul>\n<p><strong>Specific to the DD-S1 and DD-S2 models:<\/strong><\/p>\n<ul>\n<li>Not suitable for extreme environmental conditions (e.g., high humidity, underwater, snow cover, close to the ground, increased exposure to dust or corrosive substances \u2013 see the DD-S2W model)<\/li>\n<\/ul>\n<p><strong>Specific to the DD-S2W model:<\/strong><\/p>\n<ul>\n<li>Hermetically sealed to withstand extreme environmental conditions: e.g., high humidity, underwater, snow cover, close to the ground, increased exposure to dust or corrosive substances (e.g., coastal sand and salt deposits, volcanic ash)<\/li>\n<\/ul>\n<hr \/>\n<p><strong>Limitations of the DD-S Series<\/strong><\/p>\n<ul>\n<li>Not suitable for diameters greater than 5 cm (see the DD-L model)<\/li>\n<\/ul>\n<hr \/>\n<p><strong>Required Accessories<\/strong><\/p>\n<ul>\n<li>Suitable datalogger or IoT node: e.g., Mini System, Maxi System, Multi-IoP LoRa node, or other recording devices (please contact us for verification)<\/li>\n<\/ul>\n<hr \/>\n<p><strong>Models<\/strong><\/p>\n<table>\n<thead>\n<tr>\n<th>Model<\/th>\n<th>Suitable Diameter<\/th>\n<th>Measurement Range<\/th>\n<\/tr>\n<\/thead>\n<tbody>\n<tr>\n<td>DD-S1<\/td>\n<td>0 \u2013 5 cm<\/td>\n<td>11 mm<\/td>\n<\/tr>\n<tr>\n<td>DD-S2 (quick-mount)<\/td>\n<td>0 \u2013 5 cm<\/td>\n<td>11 mm<\/td>\n<\/tr>\n<tr>\n<td>DD-S2W (quick-mount, hermetically sealed)<\/td>\n<td>0 \u2013 5 cm<\/td>\n<td>11 mm<\/td>\n<\/tr>\n<\/tbody>\n<\/table>\n<p>&nbsp;<\/p>\n","protected":false},"excerpt":{"rendered":"<p>Dendrometer for Measuring Smaller Diameters \u2013 DD-S The DD-S series dendrometers are used for high-precision, continuous measurement of changes in tree diameter. These dendrometers are suitable for long-term use in outdoor conditions. Due to their exceptionally low power consumption, Ecomatik dendrometers are ideal for battery-powered solutions, such as IoT applications. The DD-S dendrometers are specifically [&hellip;]<\/p>\n","protected":false},"featured_media":3587,"comment_status":"open","ping_status":"closed","template":"","meta":{"_et_pb_use_builder":"off","_et_pb_old_content":"DR serija dendrometara koristi se za visoko precizno i kontinuirano mjerenje promjena promjera stabala. Dendrometar je prikladni za dugotrajnu upotrebu na otvorenom. Zbog svoje iznimno niske potro\u0161nje energije, Ecomatik dendrometri idealni su za rje\u0161enja koja se napajaju baterijama, npr. u IoT aplikacijama. DR dendrometar je posebno dizajnirani za debla stabala srednjeg do vrlo velikog promjera (> 8 cm; ili DC3, > 5 cm). DR dendrometr se montira s jednim (DR3, DR3W) ili dva posebna vijka (DR1, DR2, DR1W) usidrena u stablo. Promjene izvan drvene mase debla odgovaraju radijalnom rastu i dnevnim varijacijama promjera stabla, koje su povezane s vodenim statusom stabla. Monta\u017ea vijcima osigurava iznimnu stabilnost za dugoro\u010dna mjerenja s ograni\u010denim mogu\u0107nostima odr\u017eavanja.        [box] <strong>DR dendrometar dostupan je u pet razli\u010ditih verzija<\/strong>: <strong>1. DR1:<\/strong> sa standardnim okvirom za monta\u017eu i rasponom mjerenja od 11 mm za vrste sa sporim i prosje\u010dnim stopama rasta <strong>2. DR1W:<\/strong> hermeti\u010dki zatvoren za izdr\u017eljivost u ekstremnim uvjetima okoli\u0161a (pod snijegom, pod vodom, izlo\u017eeno pra\u0161ini i korozivnim sredstvima), sa standardnim okvirom za monta\u017eu, rasponom mjerenja od 11 mm <strong>3. DR2:<\/strong> sa standardnim okvirom za monta\u017eu i ve\u0107im rasponom mjerenja od 25 mm za brzo rastu\u0107e vrste <strong>4. DR3:<\/strong> okvir za brzo montiranje s jednim vijkom, prikladan za promjere stabala >5 cm, raspon mjerenja od 11 mm <strong>5. DR3W:<\/strong> hermeti\u010dki zatvoren za ekstremne uvjete okoli\u0161a, okvir za brzo montiranje s jednim vijkom, prikladan za promjere stabala >5 cm, raspon mjerenja od 11 mm     [\/box]\r\n<h3>PREDNOSTI<\/h3> \u2022 Prikladno za velike promjere stabala (> 8 cm) \u2022 Minimalni kontaktni pritisak na povr\u0161inu stabla \u2022 Maksimalna stabilnost protiv vjetra, snijega, padaju\u0107ih grana i plodova \u2022 Idealno za dugoro\u010dna mjerenja uz ograni\u010den rad odr\u017eavanja Specifi\u010dno za model DR2: \u2022 Pro\u0161ireni raspon mjerenja; smanjeni napor odr\u017eavanja (tj. du\u017ei vremenski interval izme\u0111u ponovnog pode\u0161avanja okvira dendrometra) za brzo rastu\u0107e vrste. Specifi\u010dno za modele DR3 i DR3W: \u2022 Okvir za brzo montiranje s jednim vijkom \u2022 Mo\u017ee se koristiti za promjere stabala >5 cm Specifi\u010dno za modele DR1W i DR3W: \u2022 Hermeti\u010dki zatvoren kako bi izdr\u017eao ekstremne vremenske uvijete npr. visoka vla\u017enost, pod vodom, ispod snje\u017enog pokriva\u010da, blizu povr\u0161ine tla, pove\u0107ana izlo\u017eenost pra\u0161ini ili korozivnim sredstvima (npr. obalni pijesak, vulkanski pepeo) itd.  [\/learn_more]\r\n\r\n \r\n<table style=\"width: 1041px\">\r\n<thead>\r\n<tr>\r\n<th style=\"width: 155.297px\"><strong>Naziv modela senzora<\/strong><\/th><th style=\"width: 265.516px\"><strong>Tip DR1 i DR1W <\/strong><strong>(hermeti\u010dki zatvoren)<\/strong><\/th><th style=\"width: 257.5px\"><strong>DR2<\/strong><\/th><th style=\"width: 334.688px\"><strong>DR3 i DR3W <\/strong><strong>(hermeti\u010dki zatvoren)<\/strong><\/th>\r\n<\/tr>\r\n<\/thead>\r\n<\/table>\r\n<div>\r\n<table style=\"width: 1015px;height: 115px\">\r\n<tbody>\r\n<tr>\r\n<td style=\"width: 152.297px\"><strong>Podru\u010dje <\/strong><strong>primjene<\/strong><\/td><td style=\"width: 268.531px\">Spore\/prosje\u010dne stope rasta<\/td><td style=\"width: 258.516px\">Brz rast<\/td><td style=\"width: 307.656px\">Spore\/prosje\u010dne stope rasta<\/td>\r\n<\/tr>\r\n<\/tbody>\r\n<\/table>\r\n<\/div>\r\n<div>\r\n<table style=\"width: 1025px\">\r\n<tbody>\r\n<tr>\r\n<td style=\"width: 155.156px\"><strong>Pogodno za promjer<\/strong><\/td><td style=\"width: 265.266px\">> 8 cm<\/td><td style=\"width: 258.25px\">> 8 cm<\/td><td style=\"width: 318.328px\">> 5 cm<\/td>\r\n<\/tr>\r\n<\/tbody>\r\n<\/table>\r\n<\/div>\r\n<div>\r\n<table style=\"width: 1017px\">\r\n<tbody>\r\n<tr>\r\n<td style=\"width: 155.312px\"><strong>Posebne<\/strong><strong>karakteristike\/<\/strong><strong>ograni\u010denja<\/strong><\/td><td style=\"width: 264.531px\">2 vijka za monta\u017eu na deblo<\/td><td style=\"width: 261.516px\">Pro\u0161ireni opseg mjerenja za brzo rastu\u0107e vrste, 2 vijka za monta\u017eu<\/td><td style=\"width: 307.641px\">1 vijak za monta\u017eu na deblo, manje invazivno; mogu\u0107nost dvostruke to\u010dke instalacije<\/td>\r\n<\/tr>\r\n<\/tbody>\r\n<\/table>\r\n<\/div>\r\n<div>\r\n<table style=\"width: 988px\">\r\n<tbody>\r\n<tr>\r\n<td style=\"width: 149.312px\"><strong>Opseg <\/strong><strong>mjerenja<\/strong><\/td><td style=\"width: 267.547px\">11 mm linearno<\/td><td style=\"width: 264.547px\">25,4 mm linearno<\/td><td style=\"width: 278.594px\">11 mm linearno<\/td>\r\n<\/tr>\r\n<\/tbody>\r\n<\/table>\r\n<\/div>\r\n<div>\r\n<table style=\"width: 1064px\">\r\n<tbody>\r\n<tr>\r\n<td style=\"width: 148.141px\"><strong>Rezolucija<\/strong><\/td>\r\n<td style=\"width: 269.25px\">Ovisi o zapisiva\u010du podataka, npr. CR300 serija: 0,01 \u03bcm; DL18: 0,2 \u03bcm <\/td>\r\n<td style=\"width: 262.25px\">Ovisi o zapisiva\u010du podataka, npr. CR300 serija: 0,03 \u03bcm; DL18: 0,5 \u03bcm <\/td>\r\n<td style=\"width: 356.359px\">Ovisi o zapisiva\u010du podataka, npr. CR300 serija: 0,01 \u03bcm; DL18: 0,2 \u03bcm <\/td>\r\n<\/tr>\r\n<\/tbody>\r\n<\/table>\r\n<\/div>\r\n<div>\r\n<table>\r\n<tbody>\r\n<tr>\r\n<td style=\"width: 150px\"><strong>To\u010dnost<\/strong><\/td>\r\n<td style=\"width: 262px\">Ovisi o dendrometru: max. \u00b1 4,5% izmjerene vrijednosti <\/td>\r\n<td style=\"width: 268px\">Ovisi o dendrometru: max. \u00b1 1,97% izmjerene vrijednosti <\/td>\r\n<td style=\"width: 434px\">Ovisi o dendrometru: max. \u00b1 4,5% izmjerene vrijednosti <\/td>\r\n<\/tr>\r\n<\/tbody>\r\n<\/table>\r\n<\/div>\r\n<div>\r\n<table>\r\n<tbody>\r\n<tr>\r\n<td style=\"width: 151px\"><strong>Izlazni signal<\/strong><\/td><td style=\"width: 259px\">Analogni, 0V do Vex (pobudni napon)<\/td><td style=\"width: 274px\">Analogni, 0V do Vex (pobudni napon)<\/td><td style=\"width: 126px\">Analogni, 0V do Vex (pobudni napon)<\/td>\r\n<\/tr>\r\n<\/tbody>\r\n<\/table>\r\n<\/div>\r\n<div>\r\n<table>\r\n<tbody>\r\n<tr>\r\n<td style=\"width: 151px\"><strong>Temperaturni <\/strong><strong>pomak <\/strong><strong>senzora<\/strong><\/td><td style=\"width: 263px\">0,2 \u00b5m\/\u00b0C u cijelom opsegu mjerenja<\/td><td style=\"width: 274px\">0,2 \u00b5m\/\u00b0C u cijelom opsegu mjerenja<\/td><td style=\"width: 150px\">0,2 \u00b5m\/\u00b0C u cijelom opsegu mjerenja<\/td>\r\n<\/tr>\r\n<\/tbody>\r\n<\/table>\r\n<\/div>\r\n<div>\r\n<table style=\"width: 840px\">\r\n<tbody>\r\n<tr>\r\n<td style=\"width: 146.172px\"><strong>Linearnost<\/strong><\/td><td style=\"width: 272.328px\">1%<\/td><td style=\"width: 274.328px\">0,7%<\/td><td style=\"width: 119.172px\">1%<\/td>\r\n<\/tr>\r\n<\/tbody>\r\n<\/table>\r\n<\/div>\r\n<div>\r\n<table>\r\n<tbody>\r\n<tr>\r\n<td style=\"width: 148px\"><strong>Radni uvjeti<\/strong><\/td><td style=\"width: 267px\">Svi modeli: normalni vanjski uvjeti, -25 do 70 \u00b0C, 0 do 100% relativna vla\u017enost; hermeti\u010dki zatvoren model DR1W: ekstremni uvjeti (pod vodom, ispod snijega, korozivne tvari)<\/td><td style=\"width: 280px\">Svi modeli: normalni vanjski uvjeti, -25 do 70 \u00b0C, 0 do 100% relativna vla\u017enost<\/td><td style=\"width: 573px\">Svi modeli: normalni vanjski uvjeti, -25 do 70 \u00b0C, 0 do 100% relativna vla\u017enost; hermeti\u010dki zatvoren model DR1W: ekstremni uvjeti (pod vodom, ispod snijega, korozivne tvari)<\/td>\r\n<\/tr>\r\n<\/tbody>\r\n<\/table>\r\n<\/div>\r\n<div>\r\n<table style=\"width: 839px\">\r\n<tbody>\r\n<tr>\r\n<td style=\"width: 143.172px\"><strong>Te\u017eina <\/strong><strong style=\"font-family: inherit;font-size: inherit\">(bez kabela)<\/strong><\/td><td style=\"width: 268.328px\">13 g (DR1), 17 g (DR1W)<\/td><td style=\"width: 283.344px\">33 g<\/td><td style=\"width: 116.156px\">13 g<\/td>\r\n<\/tr>\r\n<\/tbody>\r\n<\/table>\r\n<\/div>\r\n<div>\r\n<table>\r\n<tbody>\r\n<tr>\r\n<td style=\"width: 147px\"><strong>Napajanje<\/strong><\/td><td style=\"width: 265px\">Vex (! stabilizirano!) 0,5 do 10 VDC, maksimalna potro\u0161nja 0,28 \u03bcWh po mjerenju<\/td><td style=\"width: 285px\">Vex (! stabilizirano!) 0,5 do 10 VDC, maksimalna potro\u0161nja 0,28 \u03bcWh po mjerenju<\/td><td style=\"width: 572px\">Vex (! stabilizirano!) 0,5 do 10 VDC, maksimalna potro\u0161nja 0,28 \u03bcWh po mjerenju<\/td>\r\n<\/tr>\r\n<\/tbody>\r\n<\/table>\r\n<\/div>\r\n<div>\r\n<table style=\"width: 924px\">\r\n<tbody>\r\n<tr>\r\n<td style=\"width: 139.156px\"><strong>Materijal<\/strong><\/td><td style=\"width: 275.297px\">Nehr\u0111aju\u0107i \u010delik i aluminij<\/td><td style=\"width: 284.312px\">Nehr\u0111aju\u0107i \u010delik i aluminij<\/td><td style=\"width: 197.234px\">Nehr\u0111aju\u0107i \u010delik i aluminij<\/td>\r\n<\/tr>\r\n<\/tbody>\r\n<\/table>\r\n<\/div>\r\n<div>\r\n<table>\r\n<tbody>\r\n<tr>\r\n<td style=\"width: 153px\"><strong>Du\u017eina <\/strong><strong style=\"font-family: inherit;font-size: inherit\">kabela<\/strong><strong>senzora<\/strong><\/td><td style=\"width: 260px\">5 m, mo\u017ee se produ\u017eiti na zahtjev do maksimalno 100 m<\/td><td style=\"width: 291px\">5 m, mo\u017ee se produ\u017eiti na zahtjev do maksimalno 100 m<\/td><td style=\"width: 415px\">5 m, mo\u017ee se produ\u017eiti na zahtjev do maksimalno 100 m<\/td>\r\n<\/tr>\r\n<\/tbody>\r\n<\/table>\r\n<\/div>\r\n \r\n\r\n[learn_more caption=\"SADR\u017dAJ ISPORUKE\"] \u2022 Senzor sa svim potrebnim dijelovima \u2022 Standardna duljina kabela od 5 m: zavr\u0161etak bez priklju\u010dka ili stereo priklju\u010dak za Mini System logger Opcije \u2022 Produ\u017eenje kabela do 100 m[\/learn_more]\r\n\r\n[learn_more caption=\"POTREBNI DODACI\"] \u2022 Prikladan zapisiva\u010d podataka (datalogger) ili IoT \u010dvor: npr. Mini System, Maxi System, Multi-IoP LoRa \u010dvor, ili drugi ure\u0111aj za bilje\u017eenje (molimo kontaktirajte nas za provjeru) [\/learn_more]","_et_gb_content_width":""},"product_cat":[79,78,43],"product_tag":[],"class_list":{"0":"post-3629","1":"product","2":"type-product","3":"status-publish","4":"has-post-thumbnail","6":"product_cat-dendrometers","7":"product_cat-trunk","8":"product_cat-sensors","10":"first","11":"instock","12":"shipping-taxable","13":"product-type-simple"},"yoast_head":"<!-- This site is optimized with the Yoast SEO plugin v23.0 - https:\/\/yoast.com\/wordpress\/plugins\/seo\/ -->\n<title>Dendrometer for measuring smaller diameters - DD-S - Pinova Meteo<\/title>\n<meta name=\"description\" content=\"Kao visoko precizni mjerni instrument, elektroni\u010dki dendrometar se koristi za kontinuirano bilje\u017eenje promjena veli\u010dine razli\u010ditih dijelova biljaka\" \/>\n<meta name=\"robots\" content=\"index, follow, max-snippet:-1, max-image-preview:large, max-video-preview:-1\" \/>\n<link rel=\"canonical\" href=\"https:\/\/pinova-meteo.com\/en\/product\/dendrometer-for-measuring-smaller-diameters-dd-s\" \/>\n<meta property=\"og:locale\" content=\"en_US\" \/>\n<meta property=\"og:type\" content=\"article\" \/>\n<meta property=\"og:title\" content=\"Dendrometer for measuring smaller diameters - DD-S - Pinova Meteo\" \/>\n<meta property=\"og:description\" content=\"Kao visoko precizni mjerni instrument, elektroni\u010dki dendrometar se koristi za kontinuirano bilje\u017eenje promjena veli\u010dine razli\u010ditih dijelova biljaka\" \/>\n<meta property=\"og:url\" content=\"https:\/\/pinova-meteo.com\/en\/product\/dendrometer-for-measuring-smaller-diameters-dd-s\" \/>\n<meta property=\"og:site_name\" content=\"Pinova Meteo\" \/>\n<meta property=\"article:modified_time\" content=\"2024-09-30T12:49:52+00:00\" \/>\n<meta property=\"og:image\" content=\"https:\/\/pinova-meteo.com\/wp-content\/uploads\/2024\/09\/dd_s1_3_lr.0x1200.jpg\" \/>\n\t<meta property=\"og:image:width\" content=\"800\" \/>\n\t<meta property=\"og:image:height\" content=\"1200\" \/>\n\t<meta property=\"og:image:type\" content=\"image\/jpeg\" \/>\n<meta name=\"twitter:card\" content=\"summary_large_image\" \/>\n<meta name=\"twitter:label1\" content=\"Est. reading time\" \/>\n\t<meta name=\"twitter:data1\" content=\"4 minutes\" \/>\n<script type=\"application\/ld+json\" class=\"yoast-schema-graph\">{\"@context\":\"https:\/\/schema.org\",\"@graph\":[{\"@type\":\"WebPage\",\"@id\":\"https:\/\/pinova-meteo.com\/en\/product\/dendrometer-for-measuring-smaller-diameters-dd-s\",\"url\":\"https:\/\/pinova-meteo.com\/en\/product\/dendrometer-for-measuring-smaller-diameters-dd-s\",\"name\":\"Dendrometer for measuring smaller diameters - DD-S - Pinova Meteo\",\"isPartOf\":{\"@id\":\"https:\/\/pinova-meteo.com\/en#website\"},\"primaryImageOfPage\":{\"@id\":\"https:\/\/pinova-meteo.com\/en\/product\/dendrometer-for-measuring-smaller-diameters-dd-s#primaryimage\"},\"image\":{\"@id\":\"https:\/\/pinova-meteo.com\/en\/product\/dendrometer-for-measuring-smaller-diameters-dd-s#primaryimage\"},\"thumbnailUrl\":\"https:\/\/pinova-meteo.com\/wp-content\/uploads\/2024\/09\/dd_s1_3_lr.0x1200.jpg\",\"datePublished\":\"2024-09-26T11:51:39+00:00\",\"dateModified\":\"2024-09-30T12:49:52+00:00\",\"description\":\"Kao visoko precizni mjerni instrument, elektroni\u010dki dendrometar se koristi za kontinuirano bilje\u017eenje promjena veli\u010dine razli\u010ditih dijelova biljaka\",\"breadcrumb\":{\"@id\":\"https:\/\/pinova-meteo.com\/en\/product\/dendrometer-for-measuring-smaller-diameters-dd-s#breadcrumb\"},\"inLanguage\":\"en-US\",\"potentialAction\":[{\"@type\":\"ReadAction\",\"target\":[\"https:\/\/pinova-meteo.com\/en\/product\/dendrometer-for-measuring-smaller-diameters-dd-s\"]}]},{\"@type\":\"ImageObject\",\"inLanguage\":\"en-US\",\"@id\":\"https:\/\/pinova-meteo.com\/en\/product\/dendrometer-for-measuring-smaller-diameters-dd-s#primaryimage\",\"url\":\"https:\/\/pinova-meteo.com\/wp-content\/uploads\/2024\/09\/dd_s1_3_lr.0x1200.jpg\",\"contentUrl\":\"https:\/\/pinova-meteo.com\/wp-content\/uploads\/2024\/09\/dd_s1_3_lr.0x1200.jpg\",\"width\":800,\"height\":1200},{\"@type\":\"BreadcrumbList\",\"@id\":\"https:\/\/pinova-meteo.com\/en\/product\/dendrometer-for-measuring-smaller-diameters-dd-s#breadcrumb\",\"itemListElement\":[{\"@type\":\"ListItem\",\"position\":1,\"name\":\"Po\u010detna stranica\",\"item\":\"https:\/\/pinova-meteo.com\/en\"},{\"@type\":\"ListItem\",\"position\":2,\"name\":\"Shop\",\"item\":\"https:\/\/pinova-meteo.com\/?page_id=7\"},{\"@type\":\"ListItem\",\"position\":3,\"name\":\"Dendrometer for measuring smaller diameters &#8211; DD-S\"}]},{\"@type\":\"WebSite\",\"@id\":\"https:\/\/pinova-meteo.com\/en#website\",\"url\":\"https:\/\/pinova-meteo.com\/en\",\"name\":\"Pinova Meteo\",\"description\":\"\",\"potentialAction\":[{\"@type\":\"SearchAction\",\"target\":{\"@type\":\"EntryPoint\",\"urlTemplate\":\"https:\/\/pinova-meteo.com\/en?s={search_term_string}\"},\"query-input\":\"required name=search_term_string\"}],\"inLanguage\":\"en-US\"}]}<\/script>\n<!-- \/ Yoast SEO plugin. -->","yoast_head_json":{"title":"Dendrometer for measuring smaller diameters - DD-S - Pinova Meteo","description":"Kao visoko precizni mjerni instrument, elektroni\u010dki dendrometar se koristi za kontinuirano bilje\u017eenje promjena veli\u010dine razli\u010ditih dijelova biljaka","robots":{"index":"index","follow":"follow","max-snippet":"max-snippet:-1","max-image-preview":"max-image-preview:large","max-video-preview":"max-video-preview:-1"},"canonical":"https:\/\/pinova-meteo.com\/en\/product\/dendrometer-for-measuring-smaller-diameters-dd-s","og_locale":"en_US","og_type":"article","og_title":"Dendrometer for measuring smaller diameters - DD-S - Pinova Meteo","og_description":"Kao visoko precizni mjerni instrument, elektroni\u010dki dendrometar se koristi za kontinuirano bilje\u017eenje promjena veli\u010dine razli\u010ditih dijelova biljaka","og_url":"https:\/\/pinova-meteo.com\/en\/product\/dendrometer-for-measuring-smaller-diameters-dd-s","og_site_name":"Pinova Meteo","article_modified_time":"2024-09-30T12:49:52+00:00","og_image":[{"width":800,"height":1200,"url":"https:\/\/pinova-meteo.com\/wp-content\/uploads\/2024\/09\/dd_s1_3_lr.0x1200.jpg","type":"image\/jpeg"}],"twitter_card":"summary_large_image","twitter_misc":{"Est. reading time":"4 minutes"},"schema":{"@context":"https:\/\/schema.org","@graph":[{"@type":"WebPage","@id":"https:\/\/pinova-meteo.com\/en\/product\/dendrometer-for-measuring-smaller-diameters-dd-s","url":"https:\/\/pinova-meteo.com\/en\/product\/dendrometer-for-measuring-smaller-diameters-dd-s","name":"Dendrometer for measuring smaller diameters - DD-S - Pinova Meteo","isPartOf":{"@id":"https:\/\/pinova-meteo.com\/en#website"},"primaryImageOfPage":{"@id":"https:\/\/pinova-meteo.com\/en\/product\/dendrometer-for-measuring-smaller-diameters-dd-s#primaryimage"},"image":{"@id":"https:\/\/pinova-meteo.com\/en\/product\/dendrometer-for-measuring-smaller-diameters-dd-s#primaryimage"},"thumbnailUrl":"https:\/\/pinova-meteo.com\/wp-content\/uploads\/2024\/09\/dd_s1_3_lr.0x1200.jpg","datePublished":"2024-09-26T11:51:39+00:00","dateModified":"2024-09-30T12:49:52+00:00","description":"Kao visoko precizni mjerni instrument, elektroni\u010dki dendrometar se koristi za kontinuirano bilje\u017eenje promjena veli\u010dine razli\u010ditih dijelova biljaka","breadcrumb":{"@id":"https:\/\/pinova-meteo.com\/en\/product\/dendrometer-for-measuring-smaller-diameters-dd-s#breadcrumb"},"inLanguage":"en-US","potentialAction":[{"@type":"ReadAction","target":["https:\/\/pinova-meteo.com\/en\/product\/dendrometer-for-measuring-smaller-diameters-dd-s"]}]},{"@type":"ImageObject","inLanguage":"en-US","@id":"https:\/\/pinova-meteo.com\/en\/product\/dendrometer-for-measuring-smaller-diameters-dd-s#primaryimage","url":"https:\/\/pinova-meteo.com\/wp-content\/uploads\/2024\/09\/dd_s1_3_lr.0x1200.jpg","contentUrl":"https:\/\/pinova-meteo.com\/wp-content\/uploads\/2024\/09\/dd_s1_3_lr.0x1200.jpg","width":800,"height":1200},{"@type":"BreadcrumbList","@id":"https:\/\/pinova-meteo.com\/en\/product\/dendrometer-for-measuring-smaller-diameters-dd-s#breadcrumb","itemListElement":[{"@type":"ListItem","position":1,"name":"Po\u010detna stranica","item":"https:\/\/pinova-meteo.com\/en"},{"@type":"ListItem","position":2,"name":"Shop","item":"https:\/\/pinova-meteo.com\/?page_id=7"},{"@type":"ListItem","position":3,"name":"Dendrometer for measuring smaller diameters &#8211; DD-S"}]},{"@type":"WebSite","@id":"https:\/\/pinova-meteo.com\/en#website","url":"https:\/\/pinova-meteo.com\/en","name":"Pinova Meteo","description":"","potentialAction":[{"@type":"SearchAction","target":{"@type":"EntryPoint","urlTemplate":"https:\/\/pinova-meteo.com\/en?s={search_term_string}"},"query-input":"required name=search_term_string"}],"inLanguage":"en-US"}]}},"_links":{"self":[{"href":"https:\/\/pinova-meteo.com\/en\/wp-json\/wp\/v2\/product\/3629","targetHints":{"allow":["GET"]}}],"collection":[{"href":"https:\/\/pinova-meteo.com\/en\/wp-json\/wp\/v2\/product"}],"about":[{"href":"https:\/\/pinova-meteo.com\/en\/wp-json\/wp\/v2\/types\/product"}],"replies":[{"embeddable":true,"href":"https:\/\/pinova-meteo.com\/en\/wp-json\/wp\/v2\/comments?post=3629"}],"wp:featuredmedia":[{"embeddable":true,"href":"https:\/\/pinova-meteo.com\/en\/wp-json\/wp\/v2\/media\/3587"}],"wp:attachment":[{"href":"https:\/\/pinova-meteo.com\/en\/wp-json\/wp\/v2\/media?parent=3629"}],"wp:term":[{"taxonomy":"product_cat","embeddable":true,"href":"https:\/\/pinova-meteo.com\/en\/wp-json\/wp\/v2\/product_cat?post=3629"},{"taxonomy":"product_tag","embeddable":true,"href":"https:\/\/pinova-meteo.com\/en\/wp-json\/wp\/v2\/product_tag?post=3629"}],"curies":[{"name":"wp","href":"https:\/\/api.w.org\/{rel}","templated":true}]}}