{"id":3630,"date":"2024-09-27T08:48:00","date_gmt":"2024-09-27T06:48:00","guid":{"rendered":"https:\/\/pinova-meteo.com\/proizvod\/dendrometar-za-mjerenje-vecih-promjera-dd-l"},"modified":"2024-10-01T10:50:52","modified_gmt":"2024-10-01T08:50:52","slug":"dendrometer-for-measuring-larger-diameters-dd-l","status":"publish","type":"product","link":"https:\/\/pinova-meteo.com\/en\/product\/dendrometer-for-measuring-larger-diameters-dd-l","title":{"rendered":"Dendrometer for measuring larger diameters \u2013 DD-L"},"content":{"rendered":"<p>DD-L dendrometers are devices designed for continuous and highly accurate measurement of changes in tree diameter. These sensors are specifically designed for long-term use in outdoor environments, and due to their low power consumption, they are ideal for applications using battery-powered solutions, such as IoT systems. These dendrometers are suitable for medium-sized trees and branches, with diameters ranging from 3 to 30 cm. The DD-L1W model is specifically adapted for diameters up to 20 cm. The devices are easy to install using UV-resistant elastic straps, ensuring stable measurement without exerting excessive pressure on the trees.<\/p>\n<div class='et-box et-bio'>\n\t\t\t\t\t<div class='et-box-content'><strong>For advice, a quote, or questions, send an inquiry to pinova@pinova.hr or call +385 97 649 9425.<\/strong><\/div><\/div>\n<h3>Available DD-L Dendrometer Models:<\/h3>\n<ul>\n<li><strong>DD-L1<\/strong>: Measurement range of 11 mm, suitable for species with slow or average growth rates.<\/li>\n<li><strong>DD-L2<\/strong>: Measurement range of 25 mm, ideal for fast-growing species.<\/li>\n<li><strong>DD-L3<\/strong>: Measurement range of 50 mm for very fast-growing species.<\/li>\n<li><strong>DD-L1W<\/strong>: A hermetically sealed model, designed for extreme conditions such as high humidity, submersion in water, snow cover, and other challenging environments. Suitable for tree diameters ranging from 3 to 20 cm.<\/li>\n<\/ul>\n<div id=\"attachment_3603\" style=\"width: 310px\" class=\"wp-caption alignnone\"><img loading=\"lazy\" decoding=\"async\" aria-describedby=\"caption-attachment-3603\" class=\"wp-image-3603 size-medium\" src=\"https:\/\/pinova-meteo.com\/wp-content\/uploads\/2024\/09\/dd-l1_lr.0x1200-300x200.jpg\" alt=\"\" width=\"300\" height=\"200\" \/><p id=\"caption-attachment-3603\" class=\"wp-caption-text\">DD-L1<\/p><\/div>\n<p>&nbsp;<\/p>\n<div id=\"attachment_3605\" style=\"width: 310px\" class=\"wp-caption alignnone\"><img loading=\"lazy\" decoding=\"async\" aria-describedby=\"caption-attachment-3605\" class=\"wp-image-3605 size-medium\" src=\"https:\/\/pinova-meteo.com\/wp-content\/uploads\/2024\/09\/dd-l1w_lr.0x1200-300x200.jpg\" alt=\"\" width=\"300\" height=\"200\" \/><p id=\"caption-attachment-3605\" class=\"wp-caption-text\">DD-L1W<\/p><\/div>\n<h3>Advantages of DD-L Dendrometers:<\/h3>\n<ul>\n<li>Suitable for medium-sized trees (3-30 cm, DD-L1W up to 20 cm)<\/li>\n<li>Lightweight and easy to install without damaging the plant<\/li>\n<li>Stable in conditions of wind, snow, and falling branches<\/li>\n<li>Specific design for different tree diameters<\/li>\n<li>Extended measurement range in DD-L2 and DD-L3 models reduces the need for frequent maintenance<\/li>\n<\/ul>\n<p><img loading=\"lazy\" decoding=\"async\" class=\"alignnone size-medium wp-image-3607\" src=\"https:\/\/pinova-meteo.com\/wp-content\/uploads\/2024\/09\/dd-l2_lr.0x1200-300x200.jpg\" alt=\"\" width=\"300\" height=\"200\" \/><img loading=\"lazy\" decoding=\"async\" class=\"alignnone size-medium wp-image-3609\" src=\"https:\/\/pinova-meteo.com\/wp-content\/uploads\/2024\/09\/dd-l3_lr.0x1200-300x200.jpg\" alt=\"\" width=\"300\" height=\"200\" \/><\/p>\n<p>DD-L2<\/p>\n<h3>Limitations of the DD-L Series:<\/h3>\n<ul>\n<li>Not suitable for trees with a diameter greater than 30 cm (or greater than 20 cm for the DD-L1W model)<\/li>\n<li>DD-L1, DD-L2, and DD-L3 models are not intended for extreme conditions such as high humidity, underwater, or snow-covered environments &#8211; for such conditions, the DD-L1W model is recommended.<\/li>\n<\/ul>\n<p>For more information on compatible data logging devices and other technical details, feel free to contact us.<\/p>\n<div class=\"flex-shrink-0 flex flex-col relative items-end\">\n<div>\n<div class=\"pt-0\">\n<div class=\"gizmo-bot-avatar flex h-8 w-8 items-center justify-center overflow-hidden rounded-full\">\n<div class=\"relative p-1 rounded-sm flex items-center justify-center bg-token-main-surface-primary text-token-text-primary h-8 w-8\"><\/div>\n<\/div>\n<\/div>\n<\/div>\n<\/div>\n<div class=\"group\/conversation-turn relative flex w-full min-w-0 flex-col agent-turn\">\n<div class=\"flex-col gap-1 md:gap-3\">\n<div class=\"flex max-w-full flex-col flex-grow\">\n<div class=\"min-h-8 text-message flex w-full flex-col items-end gap-2 whitespace-normal break-words [.text-message+&amp;]:mt-5\" dir=\"auto\" data-message-author-role=\"assistant\" data-message-id=\"002dbe74-1bd3-4159-b839-35bbdb9feb7d\">\n<div class=\"flex w-full flex-col gap-1 empty:hidden first:pt-[3px]\">\n<div class=\"markdown prose w-full break-words dark:prose-invert light\">\n<p><strong>Models<\/strong><\/p>\n<table>\n<thead>\n<tr>\n<th>Model<\/th>\n<th>Suitable for Diameters<\/th>\n<th>Measurement Range<\/th>\n<\/tr>\n<\/thead>\n<tbody>\n<tr>\n<td>DD-L1<\/td>\n<td>3 &#8211; 30 cm<\/td>\n<td>11 mm<\/td>\n<\/tr>\n<tr>\n<td>DD-L2<\/td>\n<td>3 &#8211; 30 cm<\/td>\n<td>25 mm<\/td>\n<\/tr>\n<tr>\n<td>DD-L3<\/td>\n<td>3 &#8211; 30 cm<\/td>\n<td>50 mm<\/td>\n<\/tr>\n<tr>\n<td>DD-L1W (hermetically sealed)<\/td>\n<td>3 &#8211; 20 cm<\/td>\n<td>11 mm<\/td>\n<\/tr>\n<\/tbody>\n<\/table>\n<\/div>\n<\/div>\n<\/div>\n<\/div>\n<\/div>\n<\/div>\n<p>&nbsp;<\/p>\n","protected":false},"excerpt":{"rendered":"<p>DD-L dendrometers are devices designed for continuous and highly accurate measurement of changes in tree diameter. These sensors are specifically designed for long-term use in outdoor environments, and due to their low power consumption, they are ideal for applications using battery-powered solutions, such as IoT systems. These dendrometers are suitable for medium-sized trees and branches, [&hellip;]<\/p>\n","protected":false},"featured_media":3604,"comment_status":"open","ping_status":"closed","template":"","meta":{"_et_pb_use_builder":"off","_et_pb_old_content":"DR serija dendrometara koristi se za visoko precizno i kontinuirano mjerenje promjena promjera stabala. Dendrometar je prikladni za dugotrajnu upotrebu na otvorenom. Zbog svoje iznimno niske potro\u0161nje energije, Ecomatik dendrometri idealni su za rje\u0161enja koja se napajaju baterijama, npr. u IoT aplikacijama. DR dendrometar je posebno dizajnirani za debla stabala srednjeg do vrlo velikog promjera (> 8 cm; ili DC3, > 5 cm). DR dendrometr se montira s jednim (DR3, DR3W) ili dva posebna vijka (DR1, DR2, DR1W) usidrena u stablo. Promjene izvan drvene mase debla odgovaraju radijalnom rastu i dnevnim varijacijama promjera stabla, koje su povezane s vodenim statusom stabla. Monta\u017ea vijcima osigurava iznimnu stabilnost za dugoro\u010dna mjerenja s ograni\u010denim mogu\u0107nostima odr\u017eavanja.\r\n\r\n[box] <strong>DR dendrometar dostupan je u pet razli\u010ditih verzija<\/strong>:\r\n\r\n<strong>1. DR1:<\/strong> sa standardnim okvirom za monta\u017eu i rasponom mjerenja od 11 mm za vrste sa sporim i prosje\u010dnim stopama rasta\r\n\r\n<strong>2. DR1W:<\/strong> hermeti\u010dki zatvoren za izdr\u017eljivost u ekstremnim uvjetima okoli\u0161a (pod snijegom, pod vodom, izlo\u017eeno pra\u0161ini i korozivnim sredstvima), sa standardnim okvirom za monta\u017eu, rasponom mjerenja od 11 mm\r\n\r\n<strong>3. DR2:<\/strong> sa standardnim okvirom za monta\u017eu i ve\u0107im rasponom mjerenja od 25 mm za brzo rastu\u0107e vrste\r\n\r\n<strong>4. DR3:<\/strong> okvir za brzo montiranje s jednim vijkom, prikladan za promjere stabala >5 cm, raspon mjerenja od 11 mm\r\n\r\n<strong>5. DR3W:<\/strong> hermeti\u010dki zatvoren za ekstremne uvjete okoli\u0161a, okvir za brzo montiranje s jednim vijkom, prikladan za promjere stabala >5 cm, raspon mjerenja od 11 mm[\/box]\r\n<h3>PREDNOSTI<\/h3>\r\n\u2022 Prikladno za velike promjere stabala (> 8 cm)\r\n\r\n\u2022 Minimalni kontaktni pritisak na povr\u0161inu stabla\r\n\r\n\u2022 Maksimalna stabilnost protiv vjetra, snijega, padaju\u0107ih grana i plodova\r\n\r\n\u2022 Idealno za dugoro\u010dna mjerenja uz ograni\u010den rad odr\u017eavanja Specifi\u010dno za model DR2:\r\n\r\n\u2022 Pro\u0161ireni raspon mjerenja; smanjeni napor odr\u017eavanja (tj. du\u017ei vremenski interval izme\u0111u ponovnog pode\u0161avanja okvira dendrometra) za brzo rastu\u0107e vrste. Specifi\u010dno za modele DR3 i DR3W:\r\n\r\n\u2022 Okvir za brzo montiranje s jednim vijkom\r\n\r\n\u2022 Mo\u017ee se koristiti za promjere stabala >5 cm Specifi\u010dno za modele DR1W i DR3W:\r\n\r\n\u2022 Hermeti\u010dki zatvoren kako bi izdr\u017eao ekstremne vremenske uvijete npr. visoka vla\u017enost, pod vodom, ispod snje\u017enog pokriva\u010da, blizu povr\u0161ine tla, pove\u0107ana izlo\u017eenost pra\u0161ini ili korozivnim sredstvima (npr. obalni pijesak, vulkanski pepeo) itd.[\/learn_more]\r\n\r\n\u00a0\r\n<table style=\"width: 1041px\">\r\n<thead>\r\n<tr>\r\n<th style=\"width: 155.297px\"><strong>Naziv modela senzora<\/strong><\/th>\r\n<th style=\"width: 265.516px\"><strong>Tip DR1 i DR1W <\/strong>\r\n\r\n<strong>(hermeti\u010dki zatvoren)<\/strong><\/th>\r\n<th style=\"width: 257.5px\"><strong>DR2<\/strong><\/th>\r\n<th style=\"width: 334.688px\"><strong>DR3 i DR3W <\/strong>\r\n\r\n<strong>(hermeti\u010dki zatvoren)<\/strong><\/th>\r\n<\/tr>\r\n<\/thead>\r\n<\/table>\r\n<div>\r\n<table style=\"width: 1015px;height: 115px\">\r\n<tbody>\r\n<tr>\r\n<td style=\"width: 152.297px\"><strong>Podru\u010dje <\/strong>\r\n\r\n<strong>primjene<\/strong><\/td>\r\n<td style=\"width: 268.531px\">Spore\/prosje\u010dne stope rasta<\/td>\r\n<td style=\"width: 258.516px\">Brz rast<\/td>\r\n<td style=\"width: 307.656px\">Spore\/prosje\u010dne stope rasta<\/td>\r\n<\/tr>\r\n<\/tbody>\r\n<\/table>\r\n<\/div>\r\n<div>\r\n<table style=\"width: 1025px\">\r\n<tbody>\r\n<tr>\r\n<td style=\"width: 155.156px\"><strong>Pogodno za promjer<\/strong><\/td>\r\n<td style=\"width: 265.266px\">> 8 cm<\/td>\r\n<td style=\"width: 258.25px\">> 8 cm<\/td>\r\n<td style=\"width: 318.328px\">> 5 cm<\/td>\r\n<\/tr>\r\n<\/tbody>\r\n<\/table>\r\n<\/div>\r\n<div>\r\n<table style=\"width: 1017px\">\r\n<tbody>\r\n<tr>\r\n<td style=\"width: 155.312px\"><strong>Posebne<\/strong>\r\n\r\n<strong>karakteristike\/<\/strong>\r\n\r\n<strong>ograni\u010denja<\/strong><\/td>\r\n<td style=\"width: 264.531px\">2 vijka za monta\u017eu na deblo<\/td>\r\n<td style=\"width: 261.516px\">Pro\u0161ireni opseg mjerenja za brzo rastu\u0107e vrste, 2 vijka za monta\u017eu<\/td>\r\n<td style=\"width: 307.641px\">1 vijak za monta\u017eu na deblo, manje invazivno; mogu\u0107nost dvostruke to\u010dke instalacije<\/td>\r\n<\/tr>\r\n<\/tbody>\r\n<\/table>\r\n<\/div>\r\n<div>\r\n<table style=\"width: 988px\">\r\n<tbody>\r\n<tr>\r\n<td style=\"width: 149.312px\"><strong>Opseg <\/strong>\r\n\r\n<strong>mjerenja<\/strong><\/td>\r\n<td style=\"width: 267.547px\">11 mm linearno<\/td>\r\n<td style=\"width: 264.547px\">25,4 mm linearno<\/td>\r\n<td style=\"width: 278.594px\">11 mm linearno<\/td>\r\n<\/tr>\r\n<\/tbody>\r\n<\/table>\r\n<\/div>\r\n<div>\r\n<table style=\"width: 1064px\">\r\n<tbody>\r\n<tr>\r\n<td style=\"width: 148.141px\"><strong>Rezolucija<\/strong><\/td>\r\n<td style=\"width: 269.25px\">Ovisi o zapisiva\u010du podataka, npr. CR300 serija: 0,01 \u03bcm; DL18: 0,2 \u03bcm<\/td>\r\n<td style=\"width: 262.25px\">Ovisi o zapisiva\u010du podataka, npr. CR300 serija: 0,03 \u03bcm; DL18: 0,5 \u03bcm<\/td>\r\n<td style=\"width: 356.359px\">Ovisi o zapisiva\u010du podataka, npr. CR300 serija: 0,01 \u03bcm; DL18: 0,2 \u03bcm<\/td>\r\n<\/tr>\r\n<\/tbody>\r\n<\/table>\r\n<\/div>\r\n<div>\r\n<table>\r\n<tbody>\r\n<tr>\r\n<td style=\"width: 150px\"><strong>To\u010dnost<\/strong><\/td>\r\n<td style=\"width: 262px\">Ovisi o dendrometru: max. \u00b1 4,5% izmjerene vrijednosti<\/td>\r\n<td style=\"width: 268px\">Ovisi o dendrometru: max. \u00b1 1,97% izmjerene vrijednosti<\/td>\r\n<td style=\"width: 434px\">Ovisi o dendrometru: max. \u00b1 4,5% izmjerene vrijednosti<\/td>\r\n<\/tr>\r\n<\/tbody>\r\n<\/table>\r\n<\/div>\r\n<div>\r\n<table>\r\n<tbody>\r\n<tr>\r\n<td style=\"width: 151px\"><strong>Izlazni signal<\/strong><\/td>\r\n<td style=\"width: 259px\">Analogni, 0V do Vex (pobudni napon)<\/td>\r\n<td style=\"width: 274px\">Analogni, 0V do Vex (pobudni napon)<\/td>\r\n<td style=\"width: 126px\">Analogni, 0V do Vex (pobudni napon)<\/td>\r\n<\/tr>\r\n<\/tbody>\r\n<\/table>\r\n<\/div>\r\n<div>\r\n<table>\r\n<tbody>\r\n<tr>\r\n<td style=\"width: 151px\"><strong>Temperaturni <\/strong>\r\n\r\n<strong>pomak <\/strong>\r\n\r\n<strong>senzora<\/strong><\/td>\r\n<td style=\"width: 263px\">< 0,2 \u00b5m\/\u00b0C u cijelom opsegu mjerenja<\/td>\r\n<td style=\"width: 274px\">< 0,2 \u00b5m\/\u00b0C u cijelom opsegu mjerenja<\/td>\r\n<td style=\"width: 150px\">< 0,2 \u00b5m\/\u00b0C u cijelom opsegu mjerenja<\/td>\r\n<\/tr>\r\n<\/tbody>\r\n<\/table>\r\n<\/div>\r\n<div>\r\n<table style=\"width: 840px\">\r\n<tbody>\r\n<tr>\r\n<td style=\"width: 146.172px\"><strong>Linearnost<\/strong><\/td>\r\n<td style=\"width: 272.328px\">< 1%<\/td>\r\n<td style=\"width: 274.328px\">< 0,7%<\/td>\r\n<td style=\"width: 119.172px\">< 1%<\/td>\r\n<\/tr>\r\n<\/tbody>\r\n<\/table>\r\n<\/div>\r\n<div>\r\n<table>\r\n<tbody>\r\n<tr>\r\n<td style=\"width: 148px\"><strong>Radni uvjeti<\/strong><\/td>\r\n<td style=\"width: 267px\">Svi modeli: normalni vanjski uvjeti, -25 do 70 \u00b0C, 0 do 100% relativna vla\u017enost; hermeti\u010dki zatvoren model DR1W: ekstremni uvjeti (pod vodom, ispod snijega, korozivne tvari)<\/td>\r\n<td style=\"width: 280px\">Svi modeli: normalni vanjski uvjeti, -25 do 70 \u00b0C, 0 do 100% relativna vla\u017enost<\/td>\r\n<td style=\"width: 573px\">Svi modeli: normalni vanjski uvjeti, -25 do 70 \u00b0C, 0 do 100% relativna vla\u017enost; hermeti\u010dki zatvoren model DR1W: ekstremni uvjeti (pod vodom, ispod snijega, korozivne tvari)<\/td>\r\n<\/tr>\r\n<\/tbody>\r\n<\/table>\r\n<\/div>\r\n<div>\r\n<table style=\"width: 839px\">\r\n<tbody>\r\n<tr>\r\n<td style=\"width: 143.172px\"><strong>Te\u017eina <\/strong><strong style=\"font-family: inherit;font-size: inherit\">(bez kabela)<\/strong><\/td>\r\n<td style=\"width: 268.328px\">13 g (DR1), 17 g (DR1W)<\/td>\r\n<td style=\"width: 283.344px\">33 g<\/td>\r\n<td style=\"width: 116.156px\">13 g<\/td>\r\n<\/tr>\r\n<\/tbody>\r\n<\/table>\r\n<\/div>\r\n<div>\r\n<table>\r\n<tbody>\r\n<tr>\r\n<td style=\"width: 147px\"><strong>Napajanje<\/strong><\/td>\r\n<td style=\"width: 265px\">Vex (! stabilizirano!) 0,5 do 10 VDC, maksimalna potro\u0161nja 0,28 \u03bcWh po mjerenju<\/td>\r\n<td style=\"width: 285px\">Vex (! stabilizirano!) 0,5 do 10 VDC, maksimalna potro\u0161nja 0,28 \u03bcWh po mjerenju<\/td>\r\n<td style=\"width: 572px\">Vex (! stabilizirano!) 0,5 do 10 VDC, maksimalna potro\u0161nja 0,28 \u03bcWh po mjerenju<\/td>\r\n<\/tr>\r\n<\/tbody>\r\n<\/table>\r\n<\/div>\r\n<div>\r\n<table style=\"width: 924px\">\r\n<tbody>\r\n<tr>\r\n<td style=\"width: 139.156px\"><strong>Materijal<\/strong><\/td>\r\n<td style=\"width: 275.297px\">Nehr\u0111aju\u0107i \u010delik i aluminij<\/td>\r\n<td style=\"width: 284.312px\">Nehr\u0111aju\u0107i \u010delik i aluminij<\/td>\r\n<td style=\"width: 197.234px\">Nehr\u0111aju\u0107i \u010delik i aluminij<\/td>\r\n<\/tr>\r\n<\/tbody>\r\n<\/table>\r\n<\/div>\r\n<div>\r\n<table>\r\n<tbody>\r\n<tr>\r\n<td style=\"width: 153px\"><strong>Du\u017eina <\/strong><strong style=\"font-family: inherit;font-size: inherit\">kabela<\/strong>\r\n\r\n<strong>senzora<\/strong><\/td>\r\n<td style=\"width: 260px\">5 m, mo\u017ee se produ\u017eiti na zahtjev do maksimalno 100 m<\/td>\r\n<td style=\"width: 291px\">5 m, mo\u017ee se produ\u017eiti na zahtjev do maksimalno 100 m<\/td>\r\n<td style=\"width: 415px\">5 m, mo\u017ee se produ\u017eiti na zahtjev do maksimalno 100 m<\/td>\r\n<\/tr>\r\n<\/tbody>\r\n<\/table>\r\n<\/div>\r\n\u00a0\r\n\r\n[learn_more caption=\"SADR\u017dAJ ISPORUKE\"] \u2022 Senzor sa svim potrebnim dijelovima\r\n\r\n\u2022 Standardna duljina kabela od 5 m: zavr\u0161etak bez priklju\u010dka ili stereo priklju\u010dak za Mini System logger Opcije\r\n\r\n\u2022 Produ\u017eenje kabela do 100 m[\/learn_more]\r\n\r\n[learn_more caption=\"POTREBNI DODACI\"] \u2022 Prikladan zapisiva\u010d podataka (datalogger) ili IoT \u010dvor: npr. Mini System, Maxi System, Multi-IoP LoRa \u010dvor, ili drugi ure\u0111aj za bilje\u017eenje (molimo kontaktirajte nas za provjeru)[\/learn_more]","_et_gb_content_width":""},"product_cat":[79,78,43],"product_tag":[],"class_list":{"0":"post-3630","1":"product","2":"type-product","3":"status-publish","4":"has-post-thumbnail","6":"product_cat-dendrometers","7":"product_cat-trunk","8":"product_cat-sensors","10":"first","11":"instock","12":"shipping-taxable","13":"product-type-simple"},"yoast_head":"<!-- This site is optimized with the Yoast SEO plugin v23.0 - https:\/\/yoast.com\/wordpress\/plugins\/seo\/ -->\n<title>Dendrometer for measuring larger diameters \u2013 DD-L - Pinova Meteo<\/title>\n<meta name=\"description\" content=\"DD-L dendrometers are devices designed for continuous and highly accurate measurement of changes in tree diameter.\" \/>\n<meta name=\"robots\" content=\"index, follow, max-snippet:-1, max-image-preview:large, max-video-preview:-1\" \/>\n<link rel=\"canonical\" href=\"https:\/\/pinova-meteo.com\/en\/product\/dendrometer-for-measuring-larger-diameters-dd-l\" \/>\n<meta property=\"og:locale\" content=\"en_US\" \/>\n<meta property=\"og:type\" content=\"article\" \/>\n<meta property=\"og:title\" content=\"Dendrometer for measuring larger diameters \u2013 DD-L - Pinova Meteo\" \/>\n<meta property=\"og:description\" content=\"DD-L dendrometers are devices designed for continuous and highly accurate measurement of changes in tree diameter.\" \/>\n<meta property=\"og:url\" content=\"https:\/\/pinova-meteo.com\/en\/product\/dendrometer-for-measuring-larger-diameters-dd-l\" \/>\n<meta property=\"og:site_name\" content=\"Pinova Meteo\" \/>\n<meta property=\"article:modified_time\" content=\"2024-10-01T08:50:52+00:00\" \/>\n<meta property=\"og:image\" content=\"https:\/\/pinova-meteo.com\/wp-content\/uploads\/2024\/09\/dd-l1_lr.0x1200.jpg\" \/>\n\t<meta property=\"og:image:width\" content=\"1200\" \/>\n\t<meta property=\"og:image:height\" content=\"800\" \/>\n\t<meta property=\"og:image:type\" content=\"image\/jpeg\" \/>\n<meta name=\"twitter:card\" content=\"summary_large_image\" \/>\n<meta name=\"twitter:label1\" content=\"Est. reading time\" \/>\n\t<meta name=\"twitter:data1\" content=\"3 minutes\" \/>\n<script type=\"application\/ld+json\" class=\"yoast-schema-graph\">{\"@context\":\"https:\/\/schema.org\",\"@graph\":[{\"@type\":\"WebPage\",\"@id\":\"https:\/\/pinova-meteo.com\/en\/product\/dendrometer-for-measuring-larger-diameters-dd-l\",\"url\":\"https:\/\/pinova-meteo.com\/en\/product\/dendrometer-for-measuring-larger-diameters-dd-l\",\"name\":\"Dendrometer for measuring larger diameters \u2013 DD-L - Pinova Meteo\",\"isPartOf\":{\"@id\":\"https:\/\/pinova-meteo.com\/en#website\"},\"primaryImageOfPage\":{\"@id\":\"https:\/\/pinova-meteo.com\/en\/product\/dendrometer-for-measuring-larger-diameters-dd-l#primaryimage\"},\"image\":{\"@id\":\"https:\/\/pinova-meteo.com\/en\/product\/dendrometer-for-measuring-larger-diameters-dd-l#primaryimage\"},\"thumbnailUrl\":\"https:\/\/pinova-meteo.com\/wp-content\/uploads\/2024\/09\/dd-l1_lr.0x1200.jpg\",\"datePublished\":\"2024-09-27T06:48:00+00:00\",\"dateModified\":\"2024-10-01T08:50:52+00:00\",\"description\":\"DD-L dendrometers are devices designed for continuous and highly accurate measurement of changes in tree diameter.\",\"breadcrumb\":{\"@id\":\"https:\/\/pinova-meteo.com\/en\/product\/dendrometer-for-measuring-larger-diameters-dd-l#breadcrumb\"},\"inLanguage\":\"en-US\",\"potentialAction\":[{\"@type\":\"ReadAction\",\"target\":[\"https:\/\/pinova-meteo.com\/en\/product\/dendrometer-for-measuring-larger-diameters-dd-l\"]}]},{\"@type\":\"ImageObject\",\"inLanguage\":\"en-US\",\"@id\":\"https:\/\/pinova-meteo.com\/en\/product\/dendrometer-for-measuring-larger-diameters-dd-l#primaryimage\",\"url\":\"https:\/\/pinova-meteo.com\/wp-content\/uploads\/2024\/09\/dd-l1_lr.0x1200.jpg\",\"contentUrl\":\"https:\/\/pinova-meteo.com\/wp-content\/uploads\/2024\/09\/dd-l1_lr.0x1200.jpg\",\"width\":1200,\"height\":800},{\"@type\":\"BreadcrumbList\",\"@id\":\"https:\/\/pinova-meteo.com\/en\/product\/dendrometer-for-measuring-larger-diameters-dd-l#breadcrumb\",\"itemListElement\":[{\"@type\":\"ListItem\",\"position\":1,\"name\":\"Po\u010detna stranica\",\"item\":\"https:\/\/pinova-meteo.com\/en\"},{\"@type\":\"ListItem\",\"position\":2,\"name\":\"Shop\",\"item\":\"https:\/\/pinova-meteo.com\/?page_id=7\"},{\"@type\":\"ListItem\",\"position\":3,\"name\":\"Dendrometer for measuring larger diameters \u2013 DD-L\"}]},{\"@type\":\"WebSite\",\"@id\":\"https:\/\/pinova-meteo.com\/en#website\",\"url\":\"https:\/\/pinova-meteo.com\/en\",\"name\":\"Pinova Meteo\",\"description\":\"\",\"potentialAction\":[{\"@type\":\"SearchAction\",\"target\":{\"@type\":\"EntryPoint\",\"urlTemplate\":\"https:\/\/pinova-meteo.com\/en?s={search_term_string}\"},\"query-input\":\"required name=search_term_string\"}],\"inLanguage\":\"en-US\"}]}<\/script>\n<!-- \/ Yoast SEO plugin. -->","yoast_head_json":{"title":"Dendrometer for measuring larger diameters \u2013 DD-L - Pinova Meteo","description":"DD-L dendrometers are devices designed for continuous and highly accurate measurement of changes in tree diameter.","robots":{"index":"index","follow":"follow","max-snippet":"max-snippet:-1","max-image-preview":"max-image-preview:large","max-video-preview":"max-video-preview:-1"},"canonical":"https:\/\/pinova-meteo.com\/en\/product\/dendrometer-for-measuring-larger-diameters-dd-l","og_locale":"en_US","og_type":"article","og_title":"Dendrometer for measuring larger diameters \u2013 DD-L - Pinova Meteo","og_description":"DD-L dendrometers are devices designed for continuous and highly accurate measurement of changes in tree diameter.","og_url":"https:\/\/pinova-meteo.com\/en\/product\/dendrometer-for-measuring-larger-diameters-dd-l","og_site_name":"Pinova Meteo","article_modified_time":"2024-10-01T08:50:52+00:00","og_image":[{"width":1200,"height":800,"url":"https:\/\/pinova-meteo.com\/wp-content\/uploads\/2024\/09\/dd-l1_lr.0x1200.jpg","type":"image\/jpeg"}],"twitter_card":"summary_large_image","twitter_misc":{"Est. reading time":"3 minutes"},"schema":{"@context":"https:\/\/schema.org","@graph":[{"@type":"WebPage","@id":"https:\/\/pinova-meteo.com\/en\/product\/dendrometer-for-measuring-larger-diameters-dd-l","url":"https:\/\/pinova-meteo.com\/en\/product\/dendrometer-for-measuring-larger-diameters-dd-l","name":"Dendrometer for measuring larger diameters \u2013 DD-L - Pinova Meteo","isPartOf":{"@id":"https:\/\/pinova-meteo.com\/en#website"},"primaryImageOfPage":{"@id":"https:\/\/pinova-meteo.com\/en\/product\/dendrometer-for-measuring-larger-diameters-dd-l#primaryimage"},"image":{"@id":"https:\/\/pinova-meteo.com\/en\/product\/dendrometer-for-measuring-larger-diameters-dd-l#primaryimage"},"thumbnailUrl":"https:\/\/pinova-meteo.com\/wp-content\/uploads\/2024\/09\/dd-l1_lr.0x1200.jpg","datePublished":"2024-09-27T06:48:00+00:00","dateModified":"2024-10-01T08:50:52+00:00","description":"DD-L dendrometers are devices designed for continuous and highly accurate measurement of changes in tree diameter.","breadcrumb":{"@id":"https:\/\/pinova-meteo.com\/en\/product\/dendrometer-for-measuring-larger-diameters-dd-l#breadcrumb"},"inLanguage":"en-US","potentialAction":[{"@type":"ReadAction","target":["https:\/\/pinova-meteo.com\/en\/product\/dendrometer-for-measuring-larger-diameters-dd-l"]}]},{"@type":"ImageObject","inLanguage":"en-US","@id":"https:\/\/pinova-meteo.com\/en\/product\/dendrometer-for-measuring-larger-diameters-dd-l#primaryimage","url":"https:\/\/pinova-meteo.com\/wp-content\/uploads\/2024\/09\/dd-l1_lr.0x1200.jpg","contentUrl":"https:\/\/pinova-meteo.com\/wp-content\/uploads\/2024\/09\/dd-l1_lr.0x1200.jpg","width":1200,"height":800},{"@type":"BreadcrumbList","@id":"https:\/\/pinova-meteo.com\/en\/product\/dendrometer-for-measuring-larger-diameters-dd-l#breadcrumb","itemListElement":[{"@type":"ListItem","position":1,"name":"Po\u010detna stranica","item":"https:\/\/pinova-meteo.com\/en"},{"@type":"ListItem","position":2,"name":"Shop","item":"https:\/\/pinova-meteo.com\/?page_id=7"},{"@type":"ListItem","position":3,"name":"Dendrometer for measuring larger diameters \u2013 DD-L"}]},{"@type":"WebSite","@id":"https:\/\/pinova-meteo.com\/en#website","url":"https:\/\/pinova-meteo.com\/en","name":"Pinova Meteo","description":"","potentialAction":[{"@type":"SearchAction","target":{"@type":"EntryPoint","urlTemplate":"https:\/\/pinova-meteo.com\/en?s={search_term_string}"},"query-input":"required name=search_term_string"}],"inLanguage":"en-US"}]}},"_links":{"self":[{"href":"https:\/\/pinova-meteo.com\/en\/wp-json\/wp\/v2\/product\/3630","targetHints":{"allow":["GET"]}}],"collection":[{"href":"https:\/\/pinova-meteo.com\/en\/wp-json\/wp\/v2\/product"}],"about":[{"href":"https:\/\/pinova-meteo.com\/en\/wp-json\/wp\/v2\/types\/product"}],"replies":[{"embeddable":true,"href":"https:\/\/pinova-meteo.com\/en\/wp-json\/wp\/v2\/comments?post=3630"}],"wp:featuredmedia":[{"embeddable":true,"href":"https:\/\/pinova-meteo.com\/en\/wp-json\/wp\/v2\/media\/3604"}],"wp:attachment":[{"href":"https:\/\/pinova-meteo.com\/en\/wp-json\/wp\/v2\/media?parent=3630"}],"wp:term":[{"taxonomy":"product_cat","embeddable":true,"href":"https:\/\/pinova-meteo.com\/en\/wp-json\/wp\/v2\/product_cat?post=3630"},{"taxonomy":"product_tag","embeddable":true,"href":"https:\/\/pinova-meteo.com\/en\/wp-json\/wp\/v2\/product_tag?post=3630"}],"curies":[{"name":"wp","href":"https:\/\/api.w.org\/{rel}","templated":true}]}}