{"id":3631,"date":"2024-09-27T09:16:26","date_gmt":"2024-09-27T07:16:26","guid":{"rendered":"https:\/\/pinova-meteo.com\/proizvod\/dendrometar-za-mjerenje-opsega-stabla-dc"},"modified":"2024-10-01T11:07:02","modified_gmt":"2024-10-01T09:07:02","slug":"dendrometer-for-measuring-the-circumference-dc","status":"publish","type":"product","link":"https:\/\/pinova-meteo.com\/en\/product\/dendrometer-for-measuring-the-circumference-dc","title":{"rendered":"Dendrometer for measuring the circumference &#8211; DC"},"content":{"rendered":"<p>DC series dendrometers are designed for precise and continuous measurement of changes in tree circumference. These devices are suitable for long-term use in outdoor environments. With their extremely low power consumption, Ecomatik dendrometers are ideal for battery-powered solutions, such as IoT applications.<\/p>\n<p>Tree circumference changes are recorded using a metal cable that wraps around the tree. This cable is made from a special alloy with the lowest possible thermal expansion coefficient. Compared to steel tape, the temperature-dependent error is about 10 times smaller, eliminating the need for complex and error-prone correction calculations. Friction and pressure between the cable and the tree surface are reduced using special sliding rings.<\/p>\n<hr \/>\n<p><span style=\"font-weight: 400;\"><div class='et-box et-bio'>\n\t\t\t\t\t<div class='et-box-content'><strong>For advice, a quote, or questions, send an inquiry to pinova@pinova.hr or call +385 97 649 9425.<\/strong><\/div><\/div><\/span><\/p>\n<p><strong>DC1 Model<\/strong><\/p>\n<p>The simplest model in the DC series, the <strong>DC1<\/strong>, is attached to the measurement object using a spring-tensioned cable. The tension force is applied tangentially, and the circumference signal is recorded directly through the metal cable.<\/p>\n<p>The <strong>DC3<\/strong> and <strong>DC4<\/strong> models are enhanced versions of the DC series. The tension force applied by the sensor spring to the measuring wire is directed radially rather than tangentially (as in the DC1). This patented design of the DC3 and DC4 dendrometers significantly improves the comparability of measurement data across objects with different diameters. Additionally, this design ensures stable installation on objects with both small and large diameters.<\/p>\n<p><img loading=\"lazy\" decoding=\"async\" class=\"alignnone size-medium wp-image-3618\" src=\"https:\/\/pinova-meteo.com\/wp-content\/uploads\/2024\/09\/dc3_lr.0x1200-300x200.jpg\" alt=\"\" width=\"300\" height=\"200\" \/><img loading=\"lazy\" decoding=\"async\" class=\"alignnone size-medium wp-image-3620\" src=\"https:\/\/pinova-meteo.com\/wp-content\/uploads\/2024\/09\/dc4_lr.0x1200-300x200.jpg\" alt=\"\" width=\"300\" height=\"200\" \/><img loading=\"lazy\" decoding=\"async\" class=\"alignnone size-medium wp-image-3616\" src=\"https:\/\/pinova-meteo.com\/wp-content\/uploads\/2024\/09\/dc3_lr.0x1200-1-300x200.jpg\" alt=\"\" width=\"300\" height=\"200\" \/><img loading=\"lazy\" decoding=\"async\" class=\"alignnone size-medium wp-image-3614\" src=\"https:\/\/pinova-meteo.com\/wp-content\/uploads\/2024\/09\/dc1_lr.0x1200-300x200.jpg\" alt=\"\" width=\"300\" height=\"200\" \/><\/p>\n<hr \/>\n<h3>Advantages<\/h3>\n<ul>\n<li>Maximum stability against wind, snow, falling branches, and fruit<\/li>\n<li>Simple and secure installation without damaging the tree<\/li>\n<li>Accurate measurements, even for very large trees<\/li>\n<\/ul>\n<h4>Specific to DC3 and DC4 Models:<\/h4>\n<ul>\n<li>Suitable for trees of all diameters (&gt; 5 cm)<\/li>\n<li>Improved data comparability between trees with different diameters<\/li>\n<\/ul>\n<h3>Limitations<\/h3>\n<ul>\n<li>Not suitable for underwater or snow-covered measurements<\/li>\n<\/ul>\n<h4>Specific to the DC1 Model:<\/h4>\n<ul>\n<li>Measurement data between trees with very different diameters are generally not comparable.<\/li>\n<li>Measurement values for trees with increasing diameters can be problematic due to reduced contact pressure between the cable and the tree surface.<\/li>\n<\/ul>\n<h4>Specific to DC3 and DC4 Models:<\/h4>\n<ul>\n<li>Raw measurement data must be converted to circumference in mm (an Excel program is available for this).<\/li>\n<li>The cross-section of the measured object should be approximately circular.<\/li>\n<\/ul>\n<hr \/>\n<p>&nbsp;<\/p>\n","protected":false},"excerpt":{"rendered":"<p>DC series dendrometers are designed for precise and continuous measurement of changes in tree circumference. These devices are suitable for long-term use in outdoor environments. With their extremely low power consumption, Ecomatik dendrometers are ideal for battery-powered solutions, such as IoT applications. Tree circumference changes are recorded using a metal cable that wraps around the [&hellip;]<\/p>\n","protected":false},"featured_media":3617,"comment_status":"open","ping_status":"closed","template":"","meta":{"_et_pb_use_builder":"off","_et_pb_old_content":"DR serija dendrometara koristi se za visoko precizno i kontinuirano mjerenje promjena promjera stabala. Dendrometar je prikladni za dugotrajnu upotrebu na otvorenom. Zbog svoje iznimno niske potro\u0161nje energije, Ecomatik dendrometri idealni su za rje\u0161enja koja se napajaju baterijama, npr. u IoT aplikacijama. DR dendrometar je posebno dizajnirani za debla stabala srednjeg do vrlo velikog promjera (> 8 cm; ili DC3, > 5 cm). DR dendrometr se montira s jednim (DR3, DR3W) ili dva posebna vijka (DR1, DR2, DR1W) usidrena u stablo. Promjene izvan drvene mase debla odgovaraju radijalnom rastu i dnevnim varijacijama promjera stabla, koje su povezane s vodenim statusom stabla. Monta\u017ea vijcima osigurava iznimnu stabilnost za dugoro\u010dna mjerenja s ograni\u010denim mogu\u0107nostima odr\u017eavanja.\r\n\r\n[box] <strong>DR dendrometar dostupan je u pet razli\u010ditih verzija<\/strong>:\r\n\r\n<strong>1. DR1:<\/strong> sa standardnim okvirom za monta\u017eu i rasponom mjerenja od 11 mm za vrste sa sporim i prosje\u010dnim stopama rasta\r\n\r\n<strong>2. DR1W:<\/strong> hermeti\u010dki zatvoren za izdr\u017eljivost u ekstremnim uvjetima okoli\u0161a (pod snijegom, pod vodom, izlo\u017eeno pra\u0161ini i korozivnim sredstvima), sa standardnim okvirom za monta\u017eu, rasponom mjerenja od 11 mm\r\n\r\n<strong>3. DR2:<\/strong> sa standardnim okvirom za monta\u017eu i ve\u0107im rasponom mjerenja od 25 mm za brzo rastu\u0107e vrste\r\n\r\n<strong>4. DR3:<\/strong> okvir za brzo montiranje s jednim vijkom, prikladan za promjere stabala >5 cm, raspon mjerenja od 11 mm\r\n\r\n<strong>5. DR3W:<\/strong> hermeti\u010dki zatvoren za ekstremne uvjete okoli\u0161a, okvir za brzo montiranje s jednim vijkom, prikladan za promjere stabala >5 cm, raspon mjerenja od 11 mm[\/box]\r\n<h3>PREDNOSTI<\/h3>\r\n\u2022 Prikladno za velike promjere stabala (> 8 cm)\r\n\r\n\u2022 Minimalni kontaktni pritisak na povr\u0161inu stabla\r\n\r\n\u2022 Maksimalna stabilnost protiv vjetra, snijega, padaju\u0107ih grana i plodova\r\n\r\n\u2022 Idealno za dugoro\u010dna mjerenja uz ograni\u010den rad odr\u017eavanja Specifi\u010dno za model DR2:\r\n\r\n\u2022 Pro\u0161ireni raspon mjerenja; smanjeni napor odr\u017eavanja (tj. du\u017ei vremenski interval izme\u0111u ponovnog pode\u0161avanja okvira dendrometra) za brzo rastu\u0107e vrste. Specifi\u010dno za modele DR3 i DR3W:\r\n\r\n\u2022 Okvir za brzo montiranje s jednim vijkom\r\n\r\n\u2022 Mo\u017ee se koristiti za promjere stabala >5 cm Specifi\u010dno za modele DR1W i DR3W:\r\n\r\n\u2022 Hermeti\u010dki zatvoren kako bi izdr\u017eao ekstremne vremenske uvijete npr. visoka vla\u017enost, pod vodom, ispod snje\u017enog pokriva\u010da, blizu povr\u0161ine tla, pove\u0107ana izlo\u017eenost pra\u0161ini ili korozivnim sredstvima (npr. obalni pijesak, vulkanski pepeo) itd.[\/learn_more]\r\n\r\n\u00a0\r\n<table style=\"width: 1041px\">\r\n<thead>\r\n<tr>\r\n<th style=\"width: 155.297px\"><strong>Naziv modela senzora<\/strong><\/th>\r\n<th style=\"width: 265.516px\"><strong>Tip DR1 i DR1W <\/strong>\r\n\r\n<strong>(hermeti\u010dki zatvoren)<\/strong><\/th>\r\n<th style=\"width: 257.5px\"><strong>DR2<\/strong><\/th>\r\n<th style=\"width: 334.688px\"><strong>DR3 i DR3W <\/strong>\r\n\r\n<strong>(hermeti\u010dki zatvoren)<\/strong><\/th>\r\n<\/tr>\r\n<\/thead>\r\n<\/table>\r\n<div>\r\n<table style=\"width: 1015px;height: 115px\">\r\n<tbody>\r\n<tr>\r\n<td style=\"width: 152.297px\"><strong>Podru\u010dje <\/strong>\r\n\r\n<strong>primjene<\/strong><\/td>\r\n<td style=\"width: 268.531px\">Spore\/prosje\u010dne stope rasta<\/td>\r\n<td style=\"width: 258.516px\">Brz rast<\/td>\r\n<td style=\"width: 307.656px\">Spore\/prosje\u010dne stope rasta<\/td>\r\n<\/tr>\r\n<\/tbody>\r\n<\/table>\r\n<\/div>\r\n<div>\r\n<table style=\"width: 1025px\">\r\n<tbody>\r\n<tr>\r\n<td style=\"width: 155.156px\"><strong>Pogodno za promjer<\/strong><\/td>\r\n<td style=\"width: 265.266px\">> 8 cm<\/td>\r\n<td style=\"width: 258.25px\">> 8 cm<\/td>\r\n<td style=\"width: 318.328px\">> 5 cm<\/td>\r\n<\/tr>\r\n<\/tbody>\r\n<\/table>\r\n<\/div>\r\n<div>\r\n<table style=\"width: 1017px\">\r\n<tbody>\r\n<tr>\r\n<td style=\"width: 155.312px\"><strong>Posebne<\/strong>\r\n\r\n<strong>karakteristike\/<\/strong>\r\n\r\n<strong>ograni\u010denja<\/strong><\/td>\r\n<td style=\"width: 264.531px\">2 vijka za monta\u017eu na deblo<\/td>\r\n<td style=\"width: 261.516px\">Pro\u0161ireni opseg mjerenja za brzo rastu\u0107e vrste, 2 vijka za monta\u017eu<\/td>\r\n<td style=\"width: 307.641px\">1 vijak za monta\u017eu na deblo, manje invazivno; mogu\u0107nost dvostruke to\u010dke instalacije<\/td>\r\n<\/tr>\r\n<\/tbody>\r\n<\/table>\r\n<\/div>\r\n<div>\r\n<table style=\"width: 988px\">\r\n<tbody>\r\n<tr>\r\n<td style=\"width: 149.312px\"><strong>Opseg <\/strong>\r\n\r\n<strong>mjerenja<\/strong><\/td>\r\n<td style=\"width: 267.547px\">11 mm linearno<\/td>\r\n<td style=\"width: 264.547px\">25,4 mm linearno<\/td>\r\n<td style=\"width: 278.594px\">11 mm linearno<\/td>\r\n<\/tr>\r\n<\/tbody>\r\n<\/table>\r\n<\/div>\r\n<div>\r\n<table style=\"width: 1064px\">\r\n<tbody>\r\n<tr>\r\n<td style=\"width: 148.141px\"><strong>Rezolucija<\/strong><\/td>\r\n<td style=\"width: 269.25px\">Ovisi o zapisiva\u010du podataka, npr. CR300 serija: 0,01 \u03bcm; DL18: 0,2 \u03bcm<\/td>\r\n<td style=\"width: 262.25px\">Ovisi o zapisiva\u010du podataka, npr. CR300 serija: 0,03 \u03bcm; DL18: 0,5 \u03bcm<\/td>\r\n<td style=\"width: 356.359px\">Ovisi o zapisiva\u010du podataka, npr. CR300 serija: 0,01 \u03bcm; DL18: 0,2 \u03bcm<\/td>\r\n<\/tr>\r\n<\/tbody>\r\n<\/table>\r\n<\/div>\r\n<div>\r\n<table>\r\n<tbody>\r\n<tr>\r\n<td style=\"width: 150px\"><strong>To\u010dnost<\/strong><\/td>\r\n<td style=\"width: 262px\">Ovisi o dendrometru: max. \u00b1 4,5% izmjerene vrijednosti<\/td>\r\n<td style=\"width: 268px\">Ovisi o dendrometru: max. \u00b1 1,97% izmjerene vrijednosti<\/td>\r\n<td style=\"width: 434px\">Ovisi o dendrometru: max. \u00b1 4,5% izmjerene vrijednosti<\/td>\r\n<\/tr>\r\n<\/tbody>\r\n<\/table>\r\n<\/div>\r\n<div>\r\n<table>\r\n<tbody>\r\n<tr>\r\n<td style=\"width: 151px\"><strong>Izlazni signal<\/strong><\/td>\r\n<td style=\"width: 259px\">Analogni, 0V do Vex (pobudni napon)<\/td>\r\n<td style=\"width: 274px\">Analogni, 0V do Vex (pobudni napon)<\/td>\r\n<td style=\"width: 126px\">Analogni, 0V do Vex (pobudni napon)<\/td>\r\n<\/tr>\r\n<\/tbody>\r\n<\/table>\r\n<\/div>\r\n<div>\r\n<table>\r\n<tbody>\r\n<tr>\r\n<td style=\"width: 151px\"><strong>Temperaturni <\/strong>\r\n\r\n<strong>pomak <\/strong>\r\n\r\n<strong>senzora<\/strong><\/td>\r\n<td style=\"width: 263px\">< 0,2 \u00b5m\/\u00b0C u cijelom opsegu mjerenja<\/td>\r\n<td style=\"width: 274px\">< 0,2 \u00b5m\/\u00b0C u cijelom opsegu mjerenja<\/td>\r\n<td style=\"width: 150px\">< 0,2 \u00b5m\/\u00b0C u cijelom opsegu mjerenja<\/td>\r\n<\/tr>\r\n<\/tbody>\r\n<\/table>\r\n<\/div>\r\n<div>\r\n<table style=\"width: 840px\">\r\n<tbody>\r\n<tr>\r\n<td style=\"width: 146.172px\"><strong>Linearnost<\/strong><\/td>\r\n<td style=\"width: 272.328px\">< 1%<\/td>\r\n<td style=\"width: 274.328px\">< 0,7%<\/td>\r\n<td style=\"width: 119.172px\">< 1%<\/td>\r\n<\/tr>\r\n<\/tbody>\r\n<\/table>\r\n<\/div>\r\n<div>\r\n<table>\r\n<tbody>\r\n<tr>\r\n<td style=\"width: 148px\"><strong>Radni uvjeti<\/strong><\/td>\r\n<td style=\"width: 267px\">Svi modeli: normalni vanjski uvjeti, -25 do 70 \u00b0C, 0 do 100% relativna vla\u017enost; hermeti\u010dki zatvoren model DR1W: ekstremni uvjeti (pod vodom, ispod snijega, korozivne tvari)<\/td>\r\n<td style=\"width: 280px\">Svi modeli: normalni vanjski uvjeti, -25 do 70 \u00b0C, 0 do 100% relativna vla\u017enost<\/td>\r\n<td style=\"width: 573px\">Svi modeli: normalni vanjski uvjeti, -25 do 70 \u00b0C, 0 do 100% relativna vla\u017enost; hermeti\u010dki zatvoren model DR1W: ekstremni uvjeti (pod vodom, ispod snijega, korozivne tvari)<\/td>\r\n<\/tr>\r\n<\/tbody>\r\n<\/table>\r\n<\/div>\r\n<div>\r\n<table style=\"width: 839px\">\r\n<tbody>\r\n<tr>\r\n<td style=\"width: 143.172px\"><strong>Te\u017eina <\/strong><strong style=\"font-family: inherit;font-size: inherit\">(bez kabela)<\/strong><\/td>\r\n<td style=\"width: 268.328px\">13 g (DR1), 17 g (DR1W)<\/td>\r\n<td style=\"width: 283.344px\">33 g<\/td>\r\n<td style=\"width: 116.156px\">13 g<\/td>\r\n<\/tr>\r\n<\/tbody>\r\n<\/table>\r\n<\/div>\r\n<div>\r\n<table>\r\n<tbody>\r\n<tr>\r\n<td style=\"width: 147px\"><strong>Napajanje<\/strong><\/td>\r\n<td style=\"width: 265px\">Vex (! stabilizirano!) 0,5 do 10 VDC, maksimalna potro\u0161nja 0,28 \u03bcWh po mjerenju<\/td>\r\n<td style=\"width: 285px\">Vex (! stabilizirano!) 0,5 do 10 VDC, maksimalna potro\u0161nja 0,28 \u03bcWh po mjerenju<\/td>\r\n<td style=\"width: 572px\">Vex (! stabilizirano!) 0,5 do 10 VDC, maksimalna potro\u0161nja 0,28 \u03bcWh po mjerenju<\/td>\r\n<\/tr>\r\n<\/tbody>\r\n<\/table>\r\n<\/div>\r\n<div>\r\n<table style=\"width: 924px\">\r\n<tbody>\r\n<tr>\r\n<td style=\"width: 139.156px\"><strong>Materijal<\/strong><\/td>\r\n<td style=\"width: 275.297px\">Nehr\u0111aju\u0107i \u010delik i aluminij<\/td>\r\n<td style=\"width: 284.312px\">Nehr\u0111aju\u0107i \u010delik i aluminij<\/td>\r\n<td style=\"width: 197.234px\">Nehr\u0111aju\u0107i \u010delik i aluminij<\/td>\r\n<\/tr>\r\n<\/tbody>\r\n<\/table>\r\n<\/div>\r\n<div>\r\n<table>\r\n<tbody>\r\n<tr>\r\n<td style=\"width: 153px\"><strong>Du\u017eina <\/strong><strong style=\"font-family: inherit;font-size: inherit\">kabela<\/strong>\r\n\r\n<strong>senzora<\/strong><\/td>\r\n<td style=\"width: 260px\">5 m, mo\u017ee se produ\u017eiti na zahtjev do maksimalno 100 m<\/td>\r\n<td style=\"width: 291px\">5 m, mo\u017ee se produ\u017eiti na zahtjev do maksimalno 100 m<\/td>\r\n<td style=\"width: 415px\">5 m, mo\u017ee se produ\u017eiti na zahtjev do maksimalno 100 m<\/td>\r\n<\/tr>\r\n<\/tbody>\r\n<\/table>\r\n<\/div>\r\n\u00a0\r\n\r\n[learn_more caption=\"SADR\u017dAJ ISPORUKE\"] \u2022 Senzor sa svim potrebnim dijelovima\r\n\r\n\u2022 Standardna duljina kabela od 5 m: zavr\u0161etak bez priklju\u010dka ili stereo priklju\u010dak za Mini System logger Opcije\r\n\r\n\u2022 Produ\u017eenje kabela do 100 m[\/learn_more]\r\n\r\n[learn_more caption=\"POTREBNI DODACI\"] \u2022 Prikladan zapisiva\u010d podataka (datalogger) ili IoT \u010dvor: npr. Mini System, Maxi System, Multi-IoP LoRa \u010dvor, ili drugi ure\u0111aj za bilje\u017eenje (molimo kontaktirajte nas za provjeru)[\/learn_more]","_et_gb_content_width":""},"product_cat":[79,78,43],"product_tag":[],"class_list":{"0":"post-3631","1":"product","2":"type-product","3":"status-publish","4":"has-post-thumbnail","6":"product_cat-dendrometers","7":"product_cat-trunk","8":"product_cat-sensors","10":"first","11":"instock","12":"shipping-taxable","13":"product-type-simple"},"yoast_head":"<!-- This site is optimized with the Yoast SEO plugin v23.0 - https:\/\/yoast.com\/wordpress\/plugins\/seo\/ -->\n<title>Dendrometer for measuring the circumference - DC - Pinova Meteo<\/title>\n<meta name=\"description\" content=\"DC series dendrometers are designed for precise and continuous measurement of changes in tree circumference. These devices are suitable for long-term use.\" \/>\n<meta name=\"robots\" content=\"index, follow, max-snippet:-1, max-image-preview:large, max-video-preview:-1\" \/>\n<link rel=\"canonical\" href=\"https:\/\/pinova-meteo.com\/en\/product\/dendrometer-for-measuring-the-circumference-dc\" \/>\n<meta property=\"og:locale\" content=\"en_US\" \/>\n<meta property=\"og:type\" content=\"article\" \/>\n<meta property=\"og:title\" content=\"Dendrometer for measuring the circumference - DC - Pinova Meteo\" \/>\n<meta property=\"og:description\" content=\"DC series dendrometers are designed for precise and continuous measurement of changes in tree circumference. These devices are suitable for long-term use.\" \/>\n<meta property=\"og:url\" content=\"https:\/\/pinova-meteo.com\/en\/product\/dendrometer-for-measuring-the-circumference-dc\" \/>\n<meta property=\"og:site_name\" content=\"Pinova Meteo\" \/>\n<meta property=\"article:modified_time\" content=\"2024-10-01T09:07:02+00:00\" \/>\n<meta property=\"og:image\" content=\"https:\/\/pinova-meteo.com\/wp-content\/uploads\/2024\/09\/dc3_lr.0x1200-1.jpg\" \/>\n\t<meta property=\"og:image:width\" content=\"1200\" \/>\n\t<meta property=\"og:image:height\" content=\"800\" \/>\n\t<meta property=\"og:image:type\" content=\"image\/jpeg\" \/>\n<meta name=\"twitter:card\" content=\"summary_large_image\" \/>\n<meta name=\"twitter:label1\" content=\"Est. reading time\" \/>\n\t<meta name=\"twitter:data1\" content=\"3 minutes\" \/>\n<script type=\"application\/ld+json\" class=\"yoast-schema-graph\">{\"@context\":\"https:\/\/schema.org\",\"@graph\":[{\"@type\":\"WebPage\",\"@id\":\"https:\/\/pinova-meteo.com\/en\/product\/dendrometer-for-measuring-the-circumference-dc\",\"url\":\"https:\/\/pinova-meteo.com\/en\/product\/dendrometer-for-measuring-the-circumference-dc\",\"name\":\"Dendrometer for measuring the circumference - DC - Pinova Meteo\",\"isPartOf\":{\"@id\":\"https:\/\/pinova-meteo.com\/en#website\"},\"primaryImageOfPage\":{\"@id\":\"https:\/\/pinova-meteo.com\/en\/product\/dendrometer-for-measuring-the-circumference-dc#primaryimage\"},\"image\":{\"@id\":\"https:\/\/pinova-meteo.com\/en\/product\/dendrometer-for-measuring-the-circumference-dc#primaryimage\"},\"thumbnailUrl\":\"https:\/\/pinova-meteo.com\/wp-content\/uploads\/2024\/09\/dc3_lr.0x1200-1.jpg\",\"datePublished\":\"2024-09-27T07:16:26+00:00\",\"dateModified\":\"2024-10-01T09:07:02+00:00\",\"description\":\"DC series dendrometers are designed for precise and continuous measurement of changes in tree circumference. These devices are suitable for long-term use.\",\"breadcrumb\":{\"@id\":\"https:\/\/pinova-meteo.com\/en\/product\/dendrometer-for-measuring-the-circumference-dc#breadcrumb\"},\"inLanguage\":\"en-US\",\"potentialAction\":[{\"@type\":\"ReadAction\",\"target\":[\"https:\/\/pinova-meteo.com\/en\/product\/dendrometer-for-measuring-the-circumference-dc\"]}]},{\"@type\":\"ImageObject\",\"inLanguage\":\"en-US\",\"@id\":\"https:\/\/pinova-meteo.com\/en\/product\/dendrometer-for-measuring-the-circumference-dc#primaryimage\",\"url\":\"https:\/\/pinova-meteo.com\/wp-content\/uploads\/2024\/09\/dc3_lr.0x1200-1.jpg\",\"contentUrl\":\"https:\/\/pinova-meteo.com\/wp-content\/uploads\/2024\/09\/dc3_lr.0x1200-1.jpg\",\"width\":1200,\"height\":800},{\"@type\":\"BreadcrumbList\",\"@id\":\"https:\/\/pinova-meteo.com\/en\/product\/dendrometer-for-measuring-the-circumference-dc#breadcrumb\",\"itemListElement\":[{\"@type\":\"ListItem\",\"position\":1,\"name\":\"Po\u010detna stranica\",\"item\":\"https:\/\/pinova-meteo.com\/en\"},{\"@type\":\"ListItem\",\"position\":2,\"name\":\"Shop\",\"item\":\"https:\/\/pinova-meteo.com\/?page_id=7\"},{\"@type\":\"ListItem\",\"position\":3,\"name\":\"Dendrometer for measuring the circumference &#8211; DC\"}]},{\"@type\":\"WebSite\",\"@id\":\"https:\/\/pinova-meteo.com\/en#website\",\"url\":\"https:\/\/pinova-meteo.com\/en\",\"name\":\"Pinova Meteo\",\"description\":\"\",\"potentialAction\":[{\"@type\":\"SearchAction\",\"target\":{\"@type\":\"EntryPoint\",\"urlTemplate\":\"https:\/\/pinova-meteo.com\/en?s={search_term_string}\"},\"query-input\":\"required name=search_term_string\"}],\"inLanguage\":\"en-US\"}]}<\/script>\n<!-- \/ Yoast SEO plugin. -->","yoast_head_json":{"title":"Dendrometer for measuring the circumference - DC - Pinova Meteo","description":"DC series dendrometers are designed for precise and continuous measurement of changes in tree circumference. These devices are suitable for long-term use.","robots":{"index":"index","follow":"follow","max-snippet":"max-snippet:-1","max-image-preview":"max-image-preview:large","max-video-preview":"max-video-preview:-1"},"canonical":"https:\/\/pinova-meteo.com\/en\/product\/dendrometer-for-measuring-the-circumference-dc","og_locale":"en_US","og_type":"article","og_title":"Dendrometer for measuring the circumference - DC - Pinova Meteo","og_description":"DC series dendrometers are designed for precise and continuous measurement of changes in tree circumference. These devices are suitable for long-term use.","og_url":"https:\/\/pinova-meteo.com\/en\/product\/dendrometer-for-measuring-the-circumference-dc","og_site_name":"Pinova Meteo","article_modified_time":"2024-10-01T09:07:02+00:00","og_image":[{"width":1200,"height":800,"url":"https:\/\/pinova-meteo.com\/wp-content\/uploads\/2024\/09\/dc3_lr.0x1200-1.jpg","type":"image\/jpeg"}],"twitter_card":"summary_large_image","twitter_misc":{"Est. reading time":"3 minutes"},"schema":{"@context":"https:\/\/schema.org","@graph":[{"@type":"WebPage","@id":"https:\/\/pinova-meteo.com\/en\/product\/dendrometer-for-measuring-the-circumference-dc","url":"https:\/\/pinova-meteo.com\/en\/product\/dendrometer-for-measuring-the-circumference-dc","name":"Dendrometer for measuring the circumference - DC - Pinova Meteo","isPartOf":{"@id":"https:\/\/pinova-meteo.com\/en#website"},"primaryImageOfPage":{"@id":"https:\/\/pinova-meteo.com\/en\/product\/dendrometer-for-measuring-the-circumference-dc#primaryimage"},"image":{"@id":"https:\/\/pinova-meteo.com\/en\/product\/dendrometer-for-measuring-the-circumference-dc#primaryimage"},"thumbnailUrl":"https:\/\/pinova-meteo.com\/wp-content\/uploads\/2024\/09\/dc3_lr.0x1200-1.jpg","datePublished":"2024-09-27T07:16:26+00:00","dateModified":"2024-10-01T09:07:02+00:00","description":"DC series dendrometers are designed for precise and continuous measurement of changes in tree circumference. These devices are suitable for long-term use.","breadcrumb":{"@id":"https:\/\/pinova-meteo.com\/en\/product\/dendrometer-for-measuring-the-circumference-dc#breadcrumb"},"inLanguage":"en-US","potentialAction":[{"@type":"ReadAction","target":["https:\/\/pinova-meteo.com\/en\/product\/dendrometer-for-measuring-the-circumference-dc"]}]},{"@type":"ImageObject","inLanguage":"en-US","@id":"https:\/\/pinova-meteo.com\/en\/product\/dendrometer-for-measuring-the-circumference-dc#primaryimage","url":"https:\/\/pinova-meteo.com\/wp-content\/uploads\/2024\/09\/dc3_lr.0x1200-1.jpg","contentUrl":"https:\/\/pinova-meteo.com\/wp-content\/uploads\/2024\/09\/dc3_lr.0x1200-1.jpg","width":1200,"height":800},{"@type":"BreadcrumbList","@id":"https:\/\/pinova-meteo.com\/en\/product\/dendrometer-for-measuring-the-circumference-dc#breadcrumb","itemListElement":[{"@type":"ListItem","position":1,"name":"Po\u010detna stranica","item":"https:\/\/pinova-meteo.com\/en"},{"@type":"ListItem","position":2,"name":"Shop","item":"https:\/\/pinova-meteo.com\/?page_id=7"},{"@type":"ListItem","position":3,"name":"Dendrometer for measuring the circumference &#8211; DC"}]},{"@type":"WebSite","@id":"https:\/\/pinova-meteo.com\/en#website","url":"https:\/\/pinova-meteo.com\/en","name":"Pinova Meteo","description":"","potentialAction":[{"@type":"SearchAction","target":{"@type":"EntryPoint","urlTemplate":"https:\/\/pinova-meteo.com\/en?s={search_term_string}"},"query-input":"required name=search_term_string"}],"inLanguage":"en-US"}]}},"_links":{"self":[{"href":"https:\/\/pinova-meteo.com\/en\/wp-json\/wp\/v2\/product\/3631","targetHints":{"allow":["GET"]}}],"collection":[{"href":"https:\/\/pinova-meteo.com\/en\/wp-json\/wp\/v2\/product"}],"about":[{"href":"https:\/\/pinova-meteo.com\/en\/wp-json\/wp\/v2\/types\/product"}],"replies":[{"embeddable":true,"href":"https:\/\/pinova-meteo.com\/en\/wp-json\/wp\/v2\/comments?post=3631"}],"wp:featuredmedia":[{"embeddable":true,"href":"https:\/\/pinova-meteo.com\/en\/wp-json\/wp\/v2\/media\/3617"}],"wp:attachment":[{"href":"https:\/\/pinova-meteo.com\/en\/wp-json\/wp\/v2\/media?parent=3631"}],"wp:term":[{"taxonomy":"product_cat","embeddable":true,"href":"https:\/\/pinova-meteo.com\/en\/wp-json\/wp\/v2\/product_cat?post=3631"},{"taxonomy":"product_tag","embeddable":true,"href":"https:\/\/pinova-meteo.com\/en\/wp-json\/wp\/v2\/product_tag?post=3631"}],"curies":[{"name":"wp","href":"https:\/\/api.w.org\/{rel}","templated":true}]}}