{"id":4333,"date":"2024-05-31T11:08:14","date_gmt":"2024-05-31T09:08:14","guid":{"rendered":"https:\/\/pinova-meteo.com\/proizvod\/senzor-vlage-tla-watermark-sonda"},"modified":"2025-07-22T10:27:53","modified_gmt":"2025-07-22T08:27:53","slug":"soil-moisture-sensor-watermark-probe","status":"publish","type":"product","link":"https:\/\/pinova-meteo.com\/en\/product\/soil-moisture-sensor-watermark-probe","title":{"rendered":"Soil moisture sensor \u2013 Watermark probe"},"content":{"rendered":"<p>Besides agrometeorological stations, sensors from the American manufacturer Irrometer can be placed in the soil at various locations to measure soil water potential, which is expressed in centibars (kilopascals).<\/p>\n<p>Sensor diameter: 22 mm<br \/>\nSensor length: 83 mm<br \/>\nSensor weight: 75 g<br \/>\nCable length: 150 cm<\/p>\n<p>Very simple and effective sensors for measuring soil moisture over larger areas. The affordable price of the sensors allows you to measure soil moisture at two or more depths on every irrigated plot.<\/p>\n<p>Possibility of connecting to the Watermark Meter digital reader for reading water potential values. Ability to measure soil water potential in the range of 0-199 cb (0-199 kPa).<\/p>\n<p>The sensor consists of an electrode located in a granulated matrix (of gypsum), coated with a hydrophilic material that ensures good water exchange with the surrounding soil, and its strength is provided by a perforated stainless steel casing, which is attached at the ends with plastic material.<\/p>\n<p>The sensor does not require calibration depending on the soil type.<\/p>\n<p>WHEN TO START IRRIGATION?<\/p>\n<p>0 \u2013 10 cb = Soil well saturated with water<br \/>\n10 \u2013 30 cb = Soil contains an adequate amount of water for normal plant growth and development (except for sandy soils, where water deficit starts to appear around 30 cb)<br \/>\n30 \u2013 60 cb = Typical values when irrigation is needed (except for heavy soils)<br \/>\n60 \u2013 100 cb = Typical values when heavy soils need irrigation<br \/>\n100 \u2013 200 cb = Soil becomes too dry for maximum yields<\/p>\n<p>One method of installing the 200SS sensor &#8211; <strong><a href=\"https:\/\/www.youtube.com\/watch?v=7Ak2VJvpzyY\">Youtube<\/a><\/strong><\/p>\n<p>For an offer, send an inquiry to <a href=\"mailto:pinova@pinova.hr\"><strong>pinova@pinova.hr<\/strong><\/a> or call <a href=\"tel:+385976499425\"><strong>097 649 9425<\/strong><\/a><\/p>\n","protected":false},"excerpt":{"rendered":"<p>Besides agrometeorological stations, sensors from the American manufacturer Irrometer can be placed in the soil at various locations to measure soil water potential, which is expressed in centibars (kilopascals). Sensor diameter: 22 mm Sensor length: 83 mm Sensor weight: 75 g Cable length: 150 cm Very simple and effective sensors for measuring soil moisture over [&hellip;]<\/p>\n","protected":false},"featured_media":3308,"comment_status":"open","ping_status":"closed","template":"","meta":{"_et_pb_use_builder":"off","_et_pb_old_content":"Osim na agrometeorolo\u0161kim stanica senzori Ameri\u010dkog proizvo\u0111a\u010da Irrometer mogu biti postavljeni u tlo na razli\u010ditim lokacijama te mjeriti vodni potencijal tla koji se izra\u017eava u centibarima (kilopaskalima).\r\n\r\nPromjer senzora: 22\u00a0mm\r\nDuljina senzora: 83\u00a0mm\r\nMasa senzora: 75\u00a0g\r\nDuljina \u017ei\u010danog kabela: 150 cm\r\n\r\nVeoma jednostavni i u\u010dinkoviti senzori za mjerenje vlage tla na ve\u0107im povr\u0161inama. Povoljna cijena senzora omogu\u0107ava da na svakoj tabli koja se navodnjava mjerite vla\u017enost tla na dvije ili vi\u0161e dubina.\r\n\r\nMogu\u0107nost priklju\u010denja na <strong><a href=\"https:\/\/pinova-meteo.com\/proizvod\/digitalni-watermark-citac-handmeter\/\">digitalni \u010dita\u010d Watermark metar<\/a><\/strong> u svrhu o\u010ditanja vrijednosti vodnog potencijala. Mogu\u0107nost mjerenja vodnog potencijala tla u rasponu od 0-199 cb (0-199 kPa).\r\n\r\nSenzor se sastoji od elektrode koja se nalazi u granuliranom matriksu (od gipsa), oblo\u017eenom hidrofilnim materijalom koji osigurava dobru razjenu vode s okolnim tlom, a \u010dvrsto\u0107u mu osigurava perforirana ovojnica od nehr\u0111aju\u0107eg \u010delika, koja je na krajevima pri\u010dvr\u0161\u0107ena plasti\u010dnim materijalom.\r\n\r\nSenzor ne zahtijeva kalibraciju ovisno o tipu tla.\r\n\r\n<strong>KADA KRENUTI U NAVODNJAVANJE?<\/strong>\r\n0 \u2013 10 cb \u00a0= Tlo dobro saturirano vodom\r\n10 \u2013 30 cb = Tlo sadr\u017ei adekvatnu koli\u010dinu \u00a0vodu za normalan rast i razvoj biljke \u00a0(osim kod pjeskovitih tla, kod kojih se na oko 30 cb po\u010dinje javljati deficit vode)\r\n30 \u2013 60 cb = Uobi\u010dajene vrijednosti kada je potrebno navodnjavati (Osim kod te\u0161kih tla)\r\n60 \u2013 100 cb = Uobi\u010dajene vrijednosti kada je potrebno navodnjavati te\u0161ka tla\r\n100 \u2013 200 cb = Tlo postaje presuho za maksimalne prinose\r\n\r\nJedan od na\u010dina iInstalacije\u00a0senzora 200SS -\u00a0<strong><a href=\"https:\/\/www.youtube.com\/watch?v=7Ak2VJvpzyY\">Youtube<\/a><\/strong>\r\n\r\nZa ponudu po\u0161aljite upit na <a href=\"mailto:pinova@pinova.hr\"><strong>pinova@pinova.hr<\/strong><\/a> ili nazovite na broj\u00a0<a href=\"tel:+385976499425\"><strong>097 649 9425<\/strong><\/a>","_et_gb_content_width":""},"product_cat":[44],"product_tag":[],"class_list":{"0":"post-4333","1":"product","2":"type-product","3":"status-publish","4":"has-post-thumbnail","6":"product_cat-soil-moisture-sensors","8":"first","9":"instock","10":"shipping-taxable","11":"product-type-simple"},"yoast_head":"<!-- This site is optimized with the Yoast SEO plugin v23.0 - https:\/\/yoast.com\/wordpress\/plugins\/seo\/ -->\n<title>Soil moisture sensor \u2013 Watermark probe - Pinova Meteo<\/title>\n<meta name=\"description\" content=\"Senzor vlage tla watermark za mjerenje vodnog potencijala tla, se upotrebaljavaju na na\u010din da se montiraju u tlo i o\u010ditavaju pomo\u0107u watermark \u010dita\u010da.\" \/>\n<meta name=\"robots\" content=\"index, follow, max-snippet:-1, max-image-preview:large, max-video-preview:-1\" \/>\n<link rel=\"canonical\" href=\"https:\/\/pinova-meteo.com\/en\/product\/soil-moisture-sensor-watermark-probe\" \/>\n<meta property=\"og:locale\" content=\"en_US\" \/>\n<meta property=\"og:type\" content=\"article\" \/>\n<meta property=\"og:title\" content=\"Soil moisture sensor \u2013 Watermark probe - Pinova Meteo\" \/>\n<meta property=\"og:description\" content=\"Senzor vlage tla watermark za mjerenje vodnog potencijala tla, se upotrebaljavaju na na\u010din da se montiraju u tlo i o\u010ditavaju pomo\u0107u watermark \u010dita\u010da.\" \/>\n<meta property=\"og:url\" content=\"https:\/\/pinova-meteo.com\/en\/product\/soil-moisture-sensor-watermark-probe\" \/>\n<meta property=\"og:site_name\" content=\"Pinova Meteo\" \/>\n<meta property=\"article:modified_time\" content=\"2025-07-22T08:27:53+00:00\" \/>\n<meta property=\"og:image\" content=\"https:\/\/pinova-meteo.com\/wp-content\/uploads\/2024\/05\/Senzor-vlage-tla-Watermark-sonda-9.jpg\" \/>\n\t<meta property=\"og:image:width\" content=\"1920\" \/>\n\t<meta property=\"og:image:height\" content=\"600\" \/>\n\t<meta property=\"og:image:type\" content=\"image\/jpeg\" \/>\n<meta name=\"twitter:card\" content=\"summary_large_image\" \/>\n<meta name=\"twitter:label1\" content=\"Est. reading time\" \/>\n\t<meta name=\"twitter:data1\" content=\"2 minutes\" \/>\n<script type=\"application\/ld+json\" class=\"yoast-schema-graph\">{\"@context\":\"https:\/\/schema.org\",\"@graph\":[{\"@type\":\"WebPage\",\"@id\":\"https:\/\/pinova-meteo.com\/en\/product\/soil-moisture-sensor-watermark-probe\",\"url\":\"https:\/\/pinova-meteo.com\/en\/product\/soil-moisture-sensor-watermark-probe\",\"name\":\"Soil moisture sensor \u2013 Watermark probe - Pinova Meteo\",\"isPartOf\":{\"@id\":\"https:\/\/pinova-meteo.com\/en#website\"},\"primaryImageOfPage\":{\"@id\":\"https:\/\/pinova-meteo.com\/en\/product\/soil-moisture-sensor-watermark-probe#primaryimage\"},\"image\":{\"@id\":\"https:\/\/pinova-meteo.com\/en\/product\/soil-moisture-sensor-watermark-probe#primaryimage\"},\"thumbnailUrl\":\"https:\/\/pinova-meteo.com\/wp-content\/uploads\/2024\/05\/Senzor-vlage-tla-Watermark-sonda-9.jpg\",\"datePublished\":\"2024-05-31T09:08:14+00:00\",\"dateModified\":\"2025-07-22T08:27:53+00:00\",\"description\":\"Senzor vlage tla watermark za mjerenje vodnog potencijala tla, se upotrebaljavaju na na\u010din da se montiraju u tlo i o\u010ditavaju pomo\u0107u watermark \u010dita\u010da.\",\"breadcrumb\":{\"@id\":\"https:\/\/pinova-meteo.com\/en\/product\/soil-moisture-sensor-watermark-probe#breadcrumb\"},\"inLanguage\":\"en-US\",\"potentialAction\":[{\"@type\":\"ReadAction\",\"target\":[\"https:\/\/pinova-meteo.com\/en\/product\/soil-moisture-sensor-watermark-probe\"]}]},{\"@type\":\"ImageObject\",\"inLanguage\":\"en-US\",\"@id\":\"https:\/\/pinova-meteo.com\/en\/product\/soil-moisture-sensor-watermark-probe#primaryimage\",\"url\":\"https:\/\/pinova-meteo.com\/wp-content\/uploads\/2024\/05\/Senzor-vlage-tla-Watermark-sonda-9.jpg\",\"contentUrl\":\"https:\/\/pinova-meteo.com\/wp-content\/uploads\/2024\/05\/Senzor-vlage-tla-Watermark-sonda-9.jpg\",\"width\":1920,\"height\":600},{\"@type\":\"BreadcrumbList\",\"@id\":\"https:\/\/pinova-meteo.com\/en\/product\/soil-moisture-sensor-watermark-probe#breadcrumb\",\"itemListElement\":[{\"@type\":\"ListItem\",\"position\":1,\"name\":\"Po\u010detna stranica\",\"item\":\"https:\/\/pinova-meteo.com\/en\"},{\"@type\":\"ListItem\",\"position\":2,\"name\":\"Shop\",\"item\":\"https:\/\/pinova-meteo.com\/?page_id=7\"},{\"@type\":\"ListItem\",\"position\":3,\"name\":\"Soil moisture sensor \u2013 Watermark probe\"}]},{\"@type\":\"WebSite\",\"@id\":\"https:\/\/pinova-meteo.com\/en#website\",\"url\":\"https:\/\/pinova-meteo.com\/en\",\"name\":\"Pinova Meteo\",\"description\":\"\",\"potentialAction\":[{\"@type\":\"SearchAction\",\"target\":{\"@type\":\"EntryPoint\",\"urlTemplate\":\"https:\/\/pinova-meteo.com\/en?s={search_term_string}\"},\"query-input\":\"required name=search_term_string\"}],\"inLanguage\":\"en-US\"}]}<\/script>\n<!-- \/ Yoast SEO plugin. -->","yoast_head_json":{"title":"Soil moisture sensor \u2013 Watermark probe - Pinova Meteo","description":"Senzor vlage tla watermark za mjerenje vodnog potencijala tla, se upotrebaljavaju na na\u010din da se montiraju u tlo i o\u010ditavaju pomo\u0107u watermark \u010dita\u010da.","robots":{"index":"index","follow":"follow","max-snippet":"max-snippet:-1","max-image-preview":"max-image-preview:large","max-video-preview":"max-video-preview:-1"},"canonical":"https:\/\/pinova-meteo.com\/en\/product\/soil-moisture-sensor-watermark-probe","og_locale":"en_US","og_type":"article","og_title":"Soil moisture sensor \u2013 Watermark probe - Pinova Meteo","og_description":"Senzor vlage tla watermark za mjerenje vodnog potencijala tla, se upotrebaljavaju na na\u010din da se montiraju u tlo i o\u010ditavaju pomo\u0107u watermark \u010dita\u010da.","og_url":"https:\/\/pinova-meteo.com\/en\/product\/soil-moisture-sensor-watermark-probe","og_site_name":"Pinova Meteo","article_modified_time":"2025-07-22T08:27:53+00:00","og_image":[{"width":1920,"height":600,"url":"https:\/\/pinova-meteo.com\/wp-content\/uploads\/2024\/05\/Senzor-vlage-tla-Watermark-sonda-9.jpg","type":"image\/jpeg"}],"twitter_card":"summary_large_image","twitter_misc":{"Est. reading time":"2 minutes"},"schema":{"@context":"https:\/\/schema.org","@graph":[{"@type":"WebPage","@id":"https:\/\/pinova-meteo.com\/en\/product\/soil-moisture-sensor-watermark-probe","url":"https:\/\/pinova-meteo.com\/en\/product\/soil-moisture-sensor-watermark-probe","name":"Soil moisture sensor \u2013 Watermark probe - Pinova Meteo","isPartOf":{"@id":"https:\/\/pinova-meteo.com\/en#website"},"primaryImageOfPage":{"@id":"https:\/\/pinova-meteo.com\/en\/product\/soil-moisture-sensor-watermark-probe#primaryimage"},"image":{"@id":"https:\/\/pinova-meteo.com\/en\/product\/soil-moisture-sensor-watermark-probe#primaryimage"},"thumbnailUrl":"https:\/\/pinova-meteo.com\/wp-content\/uploads\/2024\/05\/Senzor-vlage-tla-Watermark-sonda-9.jpg","datePublished":"2024-05-31T09:08:14+00:00","dateModified":"2025-07-22T08:27:53+00:00","description":"Senzor vlage tla watermark za mjerenje vodnog potencijala tla, se upotrebaljavaju na na\u010din da se montiraju u tlo i o\u010ditavaju pomo\u0107u watermark \u010dita\u010da.","breadcrumb":{"@id":"https:\/\/pinova-meteo.com\/en\/product\/soil-moisture-sensor-watermark-probe#breadcrumb"},"inLanguage":"en-US","potentialAction":[{"@type":"ReadAction","target":["https:\/\/pinova-meteo.com\/en\/product\/soil-moisture-sensor-watermark-probe"]}]},{"@type":"ImageObject","inLanguage":"en-US","@id":"https:\/\/pinova-meteo.com\/en\/product\/soil-moisture-sensor-watermark-probe#primaryimage","url":"https:\/\/pinova-meteo.com\/wp-content\/uploads\/2024\/05\/Senzor-vlage-tla-Watermark-sonda-9.jpg","contentUrl":"https:\/\/pinova-meteo.com\/wp-content\/uploads\/2024\/05\/Senzor-vlage-tla-Watermark-sonda-9.jpg","width":1920,"height":600},{"@type":"BreadcrumbList","@id":"https:\/\/pinova-meteo.com\/en\/product\/soil-moisture-sensor-watermark-probe#breadcrumb","itemListElement":[{"@type":"ListItem","position":1,"name":"Po\u010detna stranica","item":"https:\/\/pinova-meteo.com\/en"},{"@type":"ListItem","position":2,"name":"Shop","item":"https:\/\/pinova-meteo.com\/?page_id=7"},{"@type":"ListItem","position":3,"name":"Soil moisture sensor \u2013 Watermark probe"}]},{"@type":"WebSite","@id":"https:\/\/pinova-meteo.com\/en#website","url":"https:\/\/pinova-meteo.com\/en","name":"Pinova Meteo","description":"","potentialAction":[{"@type":"SearchAction","target":{"@type":"EntryPoint","urlTemplate":"https:\/\/pinova-meteo.com\/en?s={search_term_string}"},"query-input":"required name=search_term_string"}],"inLanguage":"en-US"}]}},"_links":{"self":[{"href":"https:\/\/pinova-meteo.com\/en\/wp-json\/wp\/v2\/product\/4333","targetHints":{"allow":["GET"]}}],"collection":[{"href":"https:\/\/pinova-meteo.com\/en\/wp-json\/wp\/v2\/product"}],"about":[{"href":"https:\/\/pinova-meteo.com\/en\/wp-json\/wp\/v2\/types\/product"}],"replies":[{"embeddable":true,"href":"https:\/\/pinova-meteo.com\/en\/wp-json\/wp\/v2\/comments?post=4333"}],"wp:featuredmedia":[{"embeddable":true,"href":"https:\/\/pinova-meteo.com\/en\/wp-json\/wp\/v2\/media\/3308"}],"wp:attachment":[{"href":"https:\/\/pinova-meteo.com\/en\/wp-json\/wp\/v2\/media?parent=4333"}],"wp:term":[{"taxonomy":"product_cat","embeddable":true,"href":"https:\/\/pinova-meteo.com\/en\/wp-json\/wp\/v2\/product_cat?post=4333"},{"taxonomy":"product_tag","embeddable":true,"href":"https:\/\/pinova-meteo.com\/en\/wp-json\/wp\/v2\/product_tag?post=4333"}],"curies":[{"name":"wp","href":"https:\/\/api.w.org\/{rel}","templated":true}]}}