{"id":5009,"date":"2025-04-08T13:05:10","date_gmt":"2025-04-08T11:05:10","guid":{"rendered":"https:\/\/pinova-meteo.com\/proizvod\/sonda-za-mjerenje-vlage-tla"},"modified":"2025-07-23T13:13:31","modified_gmt":"2025-07-23T11:13:31","slug":"hydrascout-soil-moisture-probe","status":"publish","type":"product","link":"https:\/\/pinova-meteo.com\/en\/product\/hydrascout-soil-moisture-probe","title":{"rendered":"Hydrascout soil moisture probe"},"content":{"rendered":"<h4>Hydrascout \u2013 Precizno pra\u0107enje vlage tla na vi\u0161e dubina<\/h4>\n<p>Hydrascout sonda pru\u017ea vam uvid u stanje tla\u00a0 \u2013 vlagu, temperaturu i salinitet. S modularnim dizajnom i robusnom izradom, Hydrascout sonda sa ugra\u0111enim senzorima za vlagu tla daje uvid u vla\u017enost tla na vi\u0161e razli\u010ditih dubina. Vlaga u tlu se mjeri<a href=\"https:\/\/pinova-meteo.com\/en\/blog\/determining-soil-moisture\/%20%20\"> volumetrijski<\/a> (kapacitativno) i i output podatak je Vol %.<\/p>\n<p data-start=\"2171\" data-end=\"2372\">Sonda Hydrascout\u00ae jedinstvena je po svojoj modularnosti \u2013 u proizvodnji se mo\u017ee prilagoditi va\u0161im potrebama i vrstama usjeva.<br data-start=\"199\" data-end=\"202\" \/>Zahvaljuju\u0107i promjeru od 38 mm, prati velik volumen tla oko sebe, na svakoj dubini na kojoj su smje\u0161teni senzori.<\/p>\n<p data-start=\"2171\" data-end=\"2372\"><img loading=\"lazy\" decoding=\"async\" class=\"alignnone size-medium wp-image-4124\" src=\"https:\/\/pinova-meteo.com\/wp-content\/uploads\/2025\/04\/Hydrascout-probe-300x71.jpg\" alt=\"\" width=\"300\" height=\"71\" \/><\/p>\n<p class=\"\" data-start=\"2374\" data-end=\"2551\">\u00a0Sonda se spaja na Data loger koji je povezani na internet preko 4G mre\u017ee.\u00a0O\u010ditavanje podataka sa sonde Hydrascout\u00ae je jednostavno i intuitivno. Podaci se prate peko web aplikacije. Svaki senzor ima svoju zasebnu krivulju na grafu. U stvarnom vremenu mo\u017eete pratiti temperaturu, vlagu i vodljivost*, kao i aktivnost korijena na svakoj dubini.<\/p>\n<p class=\"\" data-start=\"240\" data-end=\"338\"><img loading=\"lazy\" decoding=\"async\" class=\"alignnone size-medium wp-image-4126\" src=\"https:\/\/pinova-meteo.com\/wp-content\/uploads\/2025\/04\/OK-300x225.jpg\" alt=\"\" width=\"300\" height=\"225\" \/><\/p>\n<h4 data-start=\"0\" data-end=\"38\"><strong data-start=\"0\" data-end=\"38\">ZA KOGA JE NAMIJENJEN HYDRASCOUT\u00ae?<\/strong><\/h4>\n<ul data-start=\"40\" data-end=\"283\" data-is-last-node=\"\" data-is-only-node=\"\">\n<li class=\"\" data-start=\"40\" data-end=\"154\">\n<p class=\"\" data-start=\"42\" data-end=\"154\"><strong data-start=\"42\" data-end=\"73\">Za sve vrste navodnjavanja:<\/strong><br data-start=\"73\" data-end=\"76\" \/>Kap po kap, mikroraspr\u0161iva\u010di, pivoti, rasprskiva\u010di, povr\u0161insko navodnjavanje<\/p>\n<\/li>\n<li class=\"\" data-start=\"156\" data-end=\"258\">\n<p class=\"\" data-start=\"158\" data-end=\"258\"><strong data-start=\"158\" data-end=\"182\">Za sve vrste usjeva:<\/strong><br data-start=\"182\" data-end=\"185\" \/>Sonde su prikladne za sve poljoprivredne kulture<\/p>\n<\/li>\n<li class=\"\" data-start=\"260\" data-end=\"283\">\n<p class=\"\" data-start=\"262\" data-end=\"283\"><strong data-start=\"262\" data-end=\"283\" data-is-last-node=\"\">Za sve tipove tla<\/strong><\/p>\n<\/li>\n<\/ul>\n<p class=\"\" data-start=\"2696\" data-end=\"2798\"><strong data-start=\"2696\" data-end=\"2750\">U\u010dinkovitije navodnjavanje po\u010dinje ispod povr\u0161ine.<\/strong><br data-start=\"2750\" data-end=\"2753\" \/>Hydrascout \u2013 jer zaslu\u017eujete imati o\u010di u tlu.<\/p>\n<div id=\"attachment_4134\" style=\"width: 232px\" class=\"wp-caption alignnone\"><img loading=\"lazy\" decoding=\"async\" aria-describedby=\"caption-attachment-4134\" class=\"wp-image-4134 size-medium\" src=\"https:\/\/pinova-meteo.com\/wp-content\/uploads\/2025\/04\/Hydrascout-telemetrie.jpg-222x300.webp\" alt=\"\" width=\"222\" height=\"300\" data-wp-editing=\"1\" \/><p id=\"caption-attachment-4134\" class=\"wp-caption-text\">Data logger<\/p><\/div>\n<div id=\"attachment_4130\" style=\"width: 310px\" class=\"wp-caption alignnone\"><img loading=\"lazy\" decoding=\"async\" aria-describedby=\"caption-attachment-4130\" class=\"wp-image-4130 size-medium\" src=\"https:\/\/pinova-meteo.com\/wp-content\/uploads\/2025\/04\/HydraSolo-300x218.png\" alt=\"\" width=\"300\" height=\"218\" \/><p id=\"caption-attachment-4130\" class=\"wp-caption-text\">HydraSolo<\/p><\/div>\n<p>Sonde su dostupne u slijede\u0107im veli\u010dinama i senzorima:<\/p>\n<table width=\"549\">\n<tbody>\n<tr>\n<td width=\"549\">HydraSolo, 10 cm, 1 sensor &#8211; 5m kabel<\/td>\n<\/tr>\n<tr>\n<td width=\"549\">Hydrascout, 20 cm, 2 senzora &#8211; 5m kabel<\/td>\n<\/tr>\n<tr>\n<td width=\"549\">Hydrascout, 30 cm, 2 senzora &#8211; 5m kabel<\/td>\n<\/tr>\n<tr>\n<td width=\"549\">Hydrascout, 30 cm, 3 senzora &#8211; 2,5m kabel<\/td>\n<\/tr>\n<tr>\n<td width=\"549\">Hydrascout, 40 cm, 2 senzora &#8211; 5m kabel<\/td>\n<\/tr>\n<tr>\n<td width=\"549\">Hydrascout, 40 cm, 3 senzora &#8211; 5m kabel<\/td>\n<\/tr>\n<tr>\n<td width=\"549\">Hydrascout, 40 cm, 4 senzora &#8211; 5m kabel<\/td>\n<\/tr>\n<tr>\n<td width=\"549\">Hydrascout, 50 cm, 3 senzora &#8211; 5m kabel<\/td>\n<\/tr>\n<tr>\n<td width=\"549\">Hydrascout, 50 cm, 5 senzora &#8211; 5m kabel<\/td>\n<\/tr>\n<tr>\n<td width=\"549\">Hydrascout, 60 cm, 2 senzora &#8211; 5m kabel<\/td>\n<\/tr>\n<tr>\n<td width=\"549\">Hydrascout, 60 cm, 3 senzora &#8211; 5m kabel<\/td>\n<\/tr>\n<tr>\n<td width=\"549\">Hydrascout, 60 cm, 4 senzora &#8211; 5m kabel<\/td>\n<\/tr>\n<tr>\n<td width=\"549\">Hydrascout, 60 cm, 5 senzora &#8211; 5m kabel<\/td>\n<\/tr>\n<tr>\n<td width=\"549\">Hydrascout, 60 cm, 6 senzora &#8211; 5m kabel<\/td>\n<\/tr>\n<tr>\n<td width=\"549\">Hydrascout, 60 cm, 6 senzora &#8211; 2,5m kabel<\/td>\n<\/tr>\n<tr>\n<td width=\"549\">Hydrascout, 70 cm, 3 senzora &#8211; 5m kabel<\/td>\n<\/tr>\n<tr>\n<td width=\"549\">Hydrascout, 70 cm, 4 senzora &#8211; 5m kabel<\/td>\n<\/tr>\n<tr>\n<td width=\"549\">Hydrascout, 80 cm, 2 senzora &#8211; 5m kabel<\/td>\n<\/tr>\n<tr>\n<td width=\"549\">Hydrascout, 80 cm, 3 senzora &#8211; 5m kabel<\/td>\n<\/tr>\n<tr>\n<td width=\"549\">Hydrascout, 80 cm, 4 senzora &#8211; 5m kabel<\/td>\n<\/tr>\n<tr>\n<td width=\"549\">Hydrascout, 80 cm, 5 senzora &#8211; 5m kabel<\/td>\n<\/tr>\n<tr>\n<td width=\"549\">Hydrascout, 80 cm, 6 senzora &#8211; 5m kabel<\/td>\n<\/tr>\n<tr>\n<td width=\"549\">Hydrascout, 80 cm, 8 senzora &#8211; 5m kabel<\/td>\n<\/tr>\n<tr>\n<td width=\"549\">Hydrascout, 90 cm, 2 senzora &#8211; 5m kabel<\/td>\n<\/tr>\n<tr>\n<td width=\"549\">Hydrascout, 90 cm, 3 senzora &#8211; 5m kabel<\/td>\n<\/tr>\n<tr>\n<td width=\"549\">Hydrascout, 90 cm, 4 senzora &#8211; 5m kabel<\/td>\n<\/tr>\n<tr>\n<td width=\"549\">Hydrascout, 90 cm, 5 senzora &#8211; 5m kabel<\/td>\n<\/tr>\n<tr>\n<td width=\"549\">Hydrascout, 90 cm, 5 senzora &#8211; 5m kabel<\/td>\n<\/tr>\n<tr>\n<td width=\"549\">Hydrascout, 90 cm, 9 senzora &#8211; 5m kabel<\/td>\n<\/tr>\n<tr>\n<td width=\"549\">Hydrascout, 100 cm, 2 senzora &#8211; 5m kabel<\/td>\n<\/tr>\n<tr>\n<td width=\"549\">Hydrascout, 100 cm, 3 senzora &#8211; 5m kabel<\/td>\n<\/tr>\n<tr>\n<td width=\"549\">Hydrascout, 100 cm, 4 senzora &#8211; 5m kabel<\/td>\n<\/tr>\n<tr>\n<td width=\"549\">Hydrascout, 100 cm, 5 senzora &#8211; 5m kabel<\/td>\n<\/tr>\n<tr>\n<td width=\"549\">Hydrascout, 100 cm, 6 senzora &#8211; 5m kabel<\/td>\n<\/tr>\n<tr>\n<td width=\"549\">Hydrascout, 100 cm, 6 senzora &#8211; 5m kabel<\/td>\n<\/tr>\n<tr>\n<td width=\"549\">Hydrascout, 120 cm, 4 senzora &#8211; 5m kabel<\/td>\n<\/tr>\n<tr>\n<td width=\"549\">Hydrascout, 120 cm, 5 senzora &#8211; 5m kabel<\/td>\n<\/tr>\n<tr>\n<td width=\"549\">Hydrascout, 120 cm, 6 senzora &#8211; 5m kabel<\/td>\n<\/tr>\n<tr>\n<td width=\"549\">Hydrascout, 120 cm, 10 senzora &#8211; 5m kabel<\/td>\n<\/tr>\n<tr>\n<td width=\"549\">Hydrascout, 150 cm, 4 senzora &#8211; 5m kabel<\/td>\n<\/tr>\n<tr>\n<td width=\"549\">Hydrascout, 150 cm, 5 senzora &#8211; 5m kabel<\/td>\n<\/tr>\n<tr>\n<td width=\"549\">Hydrascout, 150 cm, 6 senzora &#8211; 5m kabel<\/td>\n<\/tr>\n<tr>\n<td width=\"549\">Hydrascout, 150 cm, 10 senzora &#8211; 5m kabel<\/td>\n<\/tr>\n<\/tbody>\n<\/table>\n<p><img loading=\"lazy\" decoding=\"async\" class=\"alignnone size-medium wp-image-4128\" src=\"https:\/\/pinova-meteo.com\/wp-content\/uploads\/2025\/04\/hydrascout-logo-300x216.png\" alt=\"\" width=\"300\" height=\"216\" \/><\/p>\n<p><a href=\"https:\/\/www.hydrascout.co\/our-products\/?lang=en\">HSTI je Francuska tvrtka<\/a> visoko specializirana za senzore vlage tla te su lideri u u mjerenju vlage tla na razli\u010ditim dubinama.<\/p>\n","protected":false},"excerpt":{"rendered":"<p>Hydrascout \u2013 Precizno pra\u0107enje vlage tla na vi\u0161e dubina Hydrascout sonda pru\u017ea vam uvid u stanje tla\u00a0 \u2013 vlagu, temperaturu i salinitet. S modularnim dizajnom i robusnom izradom, Hydrascout sonda sa ugra\u0111enim senzorima za vlagu tla daje uvid u vla\u017enost tla na vi\u0161e razli\u010ditih dubina. Vlaga u tlu se mjeri volumetrijski (kapacitativno) i i output [&hellip;]<\/p>\n","protected":false},"featured_media":4159,"comment_status":"open","ping_status":"closed","template":"","meta":{"_et_pb_use_builder":"off","_et_pb_old_content":"<h4 class=\"\" data-start=\"2116\" data-end=\"2169\"><strong data-start=\"2121\" data-end=\"2169\">Hydrascout \u2013 Precizno pra\u0107enje vlage tla na vi\u0161e dubina<\/strong><\/h4>\r\n<p class=\"\" data-start=\"2171\" data-end=\"2372\">Hydrascout sonda pru\u017ea vam uvid u stanje tla\u00a0 \u2013 vlagu, temperaturu i salinitet. S modularnim dizajnom i robusnom izradom, Hydrascout sonda sa ugra\u0111enim senzorima za vlagu tla daje uvid u vla\u017enost tla na vi\u0161e razli\u010ditih dubina. Vlaga u tlu se mjeri<a href=\"https:\/\/pinova-meteo.com\/blog\/metode-odredivanja-vlage-u-tlu\"> volumetrijski<\/a> (kapacitativno) i i output podatak je Vol %.<\/p>\r\n<p data-start=\"2171\" data-end=\"2372\">Sonda Hydrascout\u00ae jedinstvena je po svojoj modularnosti \u2013 u proizvodnji se mo\u017ee prilagoditi va\u0161im potrebama i vrstama usjeva.<br data-start=\"199\" data-end=\"202\" \/>Zahvaljuju\u0107i promjeru od 38 mm, prati velik volumen tla oko sebe, na svakoj dubini na kojoj su smje\u0161teni senzori.<\/p>\r\n<p data-start=\"2171\" data-end=\"2372\"><img class=\"alignnone size-medium wp-image-4124\" src=\"https:\/\/pinova-meteo.com\/wp-content\/uploads\/2025\/04\/Hydrascout-probe-300x71.jpg\" alt=\"\" width=\"300\" height=\"71\" \/><\/p>\r\n<p class=\"\" data-start=\"2374\" data-end=\"2551\">\u00a0Sonda se spaja na Data loger koji je povezani na internet preko 4G mre\u017ee.\u00a0O\u010ditavanje podataka sa sonde Hydrascout\u00ae je jednostavno i intuitivno. Podaci se prate peko web aplikacije. Svaki senzor ima svoju zasebnu krivulju na grafu. U stvarnom vremenu mo\u017eete pratiti temperaturu, vlagu i vodljivost*, kao i aktivnost korijena na svakoj dubini.<\/p>\r\n<p class=\"\" data-start=\"240\" data-end=\"338\"><img class=\"alignnone size-medium wp-image-4126\" src=\"https:\/\/pinova-meteo.com\/wp-content\/uploads\/2025\/04\/OK-300x225.jpg\" alt=\"\" width=\"300\" height=\"225\" \/><\/p>\r\n\r\n<h4 data-start=\"0\" data-end=\"38\"><strong data-start=\"0\" data-end=\"38\">ZA KOGA JE NAMIJENJEN HYDRASCOUT\u00ae?<\/strong><\/h4>\r\n<ul data-start=\"40\" data-end=\"283\" data-is-last-node=\"\" data-is-only-node=\"\">\r\n \t<li class=\"\" data-start=\"40\" data-end=\"154\">\r\n<p class=\"\" data-start=\"42\" data-end=\"154\"><strong data-start=\"42\" data-end=\"73\">Za sve vrste navodnjavanja:<\/strong><br data-start=\"73\" data-end=\"76\" \/>Kap po kap, mikroraspr\u0161iva\u010di, pivoti, rasprskiva\u010di, povr\u0161insko navodnjavanje<\/p>\r\n<\/li>\r\n \t<li class=\"\" data-start=\"156\" data-end=\"258\">\r\n<p class=\"\" data-start=\"158\" data-end=\"258\"><strong data-start=\"158\" data-end=\"182\">Za sve vrste usjeva:<\/strong><br data-start=\"182\" data-end=\"185\" \/>Sonde su prikladne za sve poljoprivredne kulture<\/p>\r\n<\/li>\r\n \t<li class=\"\" data-start=\"260\" data-end=\"283\">\r\n<p class=\"\" data-start=\"262\" data-end=\"283\"><strong data-start=\"262\" data-end=\"283\" data-is-last-node=\"\">Za sve tipove tla<\/strong><\/p>\r\n<\/li>\r\n<\/ul>\r\n<p class=\"\" data-start=\"2696\" data-end=\"2798\"><strong data-start=\"2696\" data-end=\"2750\">U\u010dinkovitije navodnjavanje po\u010dinje ispod povr\u0161ine.<\/strong><br data-start=\"2750\" data-end=\"2753\" \/>Hydrascout \u2013 jer zaslu\u017eujete imati o\u010di u tlu.<\/p>\r\n\r\n\r\n[caption id=\"attachment_4134\" align=\"alignnone\" width=\"222\"]<img class=\"wp-image-4134 size-medium\" src=\"https:\/\/pinova-meteo.com\/wp-content\/uploads\/2025\/04\/Hydrascout-telemetrie.jpg-222x300.webp\" alt=\"\" width=\"222\" height=\"300\" data-wp-editing=\"1\" \/> Data logger[\/caption]\r\n\r\n\u00a0\r\n\r\n[caption id=\"attachment_4130\" align=\"alignnone\" width=\"300\"]<img class=\"wp-image-4130 size-medium\" src=\"https:\/\/pinova-meteo.com\/wp-content\/uploads\/2025\/04\/HydraSolo-300x218.png\" alt=\"\" width=\"300\" height=\"218\" \/> HydraSolo[\/caption]\r\n\r\n\u00a0\r\n\r\nSonde su dostupne u slijede\u0107im veli\u010dinama i senzorima:\r\n<table width=\"549\">\r\n<tbody>\r\n<tr>\r\n<td width=\"549\">HydraSolo, 10 cm, 1 sensor - 5m kabel<\/td>\r\n<\/tr>\r\n<tr>\r\n<td width=\"549\">Hydrascout, 20 cm, 2 senzora - 5m kabel<\/td>\r\n<\/tr>\r\n<tr>\r\n<td width=\"549\">Hydrascout, 30 cm, 2 senzora - 5m kabel<\/td>\r\n<\/tr>\r\n<tr>\r\n<td width=\"549\">Hydrascout, 30 cm, 3 senzora - 2,5m kabel<\/td>\r\n<\/tr>\r\n<tr>\r\n<td width=\"549\">Hydrascout, 40 cm, 2 senzora - 5m kabel<\/td>\r\n<\/tr>\r\n<tr>\r\n<td width=\"549\">Hydrascout, 40 cm, 3 senzora - 5m kabel<\/td>\r\n<\/tr>\r\n<tr>\r\n<td width=\"549\">Hydrascout, 40 cm, 4 senzora - 5m kabel<\/td>\r\n<\/tr>\r\n<tr>\r\n<td width=\"549\">Hydrascout, 50 cm, 3 senzora - 5m kabel<\/td>\r\n<\/tr>\r\n<tr>\r\n<td width=\"549\">Hydrascout, 50 cm, 5 senzora - 5m kabel<\/td>\r\n<\/tr>\r\n<tr>\r\n<td width=\"549\">Hydrascout, 60 cm, 2 senzora - 5m kabel<\/td>\r\n<\/tr>\r\n<tr>\r\n<td width=\"549\">Hydrascout, 60 cm, 3 senzora - 5m kabel<\/td>\r\n<\/tr>\r\n<tr>\r\n<td width=\"549\">Hydrascout, 60 cm, 4 senzora - 5m kabel<\/td>\r\n<\/tr>\r\n<tr>\r\n<td width=\"549\">Hydrascout, 60 cm, 5 senzora - 5m kabel<\/td>\r\n<\/tr>\r\n<tr>\r\n<td width=\"549\">Hydrascout, 60 cm, 6 senzora - 5m kabel<\/td>\r\n<\/tr>\r\n<tr>\r\n<td width=\"549\">Hydrascout, 60 cm, 6 senzora - 2,5m kabel<\/td>\r\n<\/tr>\r\n<tr>\r\n<td width=\"549\">Hydrascout, 70 cm, 3 senzora - 5m kabel<\/td>\r\n<\/tr>\r\n<tr>\r\n<td width=\"549\">Hydrascout, 70 cm, 4 senzora - 5m kabel<\/td>\r\n<\/tr>\r\n<tr>\r\n<td width=\"549\">Hydrascout, 80 cm, 2 senzora - 5m kabel<\/td>\r\n<\/tr>\r\n<tr>\r\n<td width=\"549\">Hydrascout, 80 cm, 3 senzora - 5m kabel<\/td>\r\n<\/tr>\r\n<tr>\r\n<td width=\"549\">Hydrascout, 80 cm, 4 senzora - 5m kabel<\/td>\r\n<\/tr>\r\n<tr>\r\n<td width=\"549\">Hydrascout, 80 cm, 5 senzora - 5m kabel<\/td>\r\n<\/tr>\r\n<tr>\r\n<td width=\"549\">Hydrascout, 80 cm, 6 senzora - 5m kabel<\/td>\r\n<\/tr>\r\n<tr>\r\n<td width=\"549\">Hydrascout, 80 cm, 8 senzora - 5m kabel<\/td>\r\n<\/tr>\r\n<tr>\r\n<td width=\"549\">Hydrascout, 90 cm, 2 senzora - 5m kabel<\/td>\r\n<\/tr>\r\n<tr>\r\n<td width=\"549\">Hydrascout, 90 cm, 3 senzora - 5m kabel<\/td>\r\n<\/tr>\r\n<tr>\r\n<td width=\"549\">Hydrascout, 90 cm, 4 senzora - 5m kabel<\/td>\r\n<\/tr>\r\n<tr>\r\n<td width=\"549\">Hydrascout, 90 cm, 5 senzora - 5m kabel<\/td>\r\n<\/tr>\r\n<tr>\r\n<td width=\"549\">Hydrascout, 90 cm, 5 senzora - 5m kabel<\/td>\r\n<\/tr>\r\n<tr>\r\n<td width=\"549\">Hydrascout, 90 cm, 9 senzora - 5m kabel<\/td>\r\n<\/tr>\r\n<tr>\r\n<td width=\"549\">Hydrascout, 100 cm, 2 senzora - 5m kabel<\/td>\r\n<\/tr>\r\n<tr>\r\n<td width=\"549\">Hydrascout, 100 cm, 3 senzora - 5m kabel<\/td>\r\n<\/tr>\r\n<tr>\r\n<td width=\"549\">Hydrascout, 100 cm, 4 senzora - 5m kabel<\/td>\r\n<\/tr>\r\n<tr>\r\n<td width=\"549\">Hydrascout, 100 cm, 5 senzora - 5m kabel<\/td>\r\n<\/tr>\r\n<tr>\r\n<td width=\"549\">Hydrascout, 100 cm, 6 senzora - 5m kabel<\/td>\r\n<\/tr>\r\n<tr>\r\n<td width=\"549\">Hydrascout, 100 cm, 6 senzora - 5m kabel<\/td>\r\n<\/tr>\r\n<tr>\r\n<td width=\"549\">Hydrascout, 120 cm, 4 senzora - 5m kabel<\/td>\r\n<\/tr>\r\n<tr>\r\n<td width=\"549\">Hydrascout, 120 cm, 5 senzora - 5m kabel<\/td>\r\n<\/tr>\r\n<tr>\r\n<td width=\"549\">Hydrascout, 120 cm, 6 senzora - 5m kabel<\/td>\r\n<\/tr>\r\n<tr>\r\n<td width=\"549\">Hydrascout, 120 cm, 10 senzora - 5m kabel<\/td>\r\n<\/tr>\r\n<tr>\r\n<td width=\"549\">Hydrascout, 150 cm, 4 senzora - 5m kabel<\/td>\r\n<\/tr>\r\n<tr>\r\n<td width=\"549\">Hydrascout, 150 cm, 5 senzora - 5m kabel<\/td>\r\n<\/tr>\r\n<tr>\r\n<td width=\"549\">Hydrascout, 150 cm, 6 senzora - 5m kabel<\/td>\r\n<\/tr>\r\n<tr>\r\n<td width=\"549\">Hydrascout, 150 cm, 10 senzora - 5m kabel<\/td>\r\n<\/tr>\r\n<\/tbody>\r\n<\/table>\r\n<img class=\"alignnone size-medium wp-image-4128\" src=\"https:\/\/pinova-meteo.com\/wp-content\/uploads\/2025\/04\/hydrascout-logo-300x216.png\" alt=\"\" width=\"300\" height=\"216\" \/>\r\n\r\n<a href=\"https:\/\/www.hydrascout.co\/our-products\/?lang=en\">HSTI je Francuska tvrtka<\/a> visoko specializirana za senzore vlage tla te su lideri u u mjerenju vlage tla na razli\u010ditim dubinama.\r\n\r\n\u00a0","_et_gb_content_width":""},"product_cat":[44],"product_tag":[],"class_list":{"0":"post-5009","1":"product","2":"type-product","3":"status-publish","4":"has-post-thumbnail","6":"product_cat-soil-moisture-sensors","8":"first","9":"instock","10":"shipping-taxable","11":"product-type-simple"},"yoast_head":"<!-- This site is optimized with the Yoast SEO plugin v23.0 - https:\/\/yoast.com\/wordpress\/plugins\/seo\/ -->\n<title>Hydrascout soil moisture probe - Pinova Meteo<\/title>\n<meta name=\"description\" content=\"sonda za mjerenje vlage tla, Hydrascout mjeri vla\u017enost tla na vi\u0161e dubina (po profilima). Od 10 cm do 150 cm sa jednim ili 10 senzora vlage tla. Iot ure\u0111aj.\" \/>\n<meta name=\"robots\" content=\"index, follow, max-snippet:-1, max-image-preview:large, max-video-preview:-1\" \/>\n<link rel=\"canonical\" href=\"https:\/\/pinova-meteo.com\/en\/product\/hydrascout-soil-moisture-probe\" \/>\n<meta property=\"og:locale\" content=\"en_US\" \/>\n<meta property=\"og:type\" content=\"article\" \/>\n<meta property=\"og:title\" content=\"Hydrascout soil moisture probe - Pinova Meteo\" \/>\n<meta property=\"og:description\" content=\"sonda za mjerenje vlage tla, Hydrascout mjeri vla\u017enost tla na vi\u0161e dubina (po profilima). Od 10 cm do 150 cm sa jednim ili 10 senzora vlage tla. Iot ure\u0111aj.\" \/>\n<meta property=\"og:url\" content=\"https:\/\/pinova-meteo.com\/en\/product\/hydrascout-soil-moisture-probe\" \/>\n<meta property=\"og:site_name\" content=\"Pinova Meteo\" \/>\n<meta property=\"article:modified_time\" content=\"2025-07-23T11:13:31+00:00\" \/>\n<meta property=\"og:image\" content=\"https:\/\/pinova-meteo.com\/wp-content\/uploads\/2025\/04\/Hydrascout-probe-4.jpg\" \/>\n\t<meta property=\"og:image:width\" content=\"1920\" \/>\n\t<meta property=\"og:image:height\" content=\"600\" \/>\n\t<meta property=\"og:image:type\" content=\"image\/jpeg\" \/>\n<meta name=\"twitter:card\" content=\"summary_large_image\" \/>\n<meta name=\"twitter:label1\" content=\"Est. reading time\" \/>\n\t<meta name=\"twitter:data1\" content=\"5 minutes\" \/>\n<script type=\"application\/ld+json\" class=\"yoast-schema-graph\">{\"@context\":\"https:\/\/schema.org\",\"@graph\":[{\"@type\":\"WebPage\",\"@id\":\"https:\/\/pinova-meteo.com\/en\/product\/hydrascout-soil-moisture-probe\",\"url\":\"https:\/\/pinova-meteo.com\/en\/product\/hydrascout-soil-moisture-probe\",\"name\":\"Hydrascout soil moisture probe - Pinova Meteo\",\"isPartOf\":{\"@id\":\"https:\/\/pinova-meteo.com\/en#website\"},\"primaryImageOfPage\":{\"@id\":\"https:\/\/pinova-meteo.com\/en\/product\/hydrascout-soil-moisture-probe#primaryimage\"},\"image\":{\"@id\":\"https:\/\/pinova-meteo.com\/en\/product\/hydrascout-soil-moisture-probe#primaryimage\"},\"thumbnailUrl\":\"https:\/\/pinova-meteo.com\/wp-content\/uploads\/2025\/04\/Hydrascout-probe-4.jpg\",\"datePublished\":\"2025-04-08T11:05:10+00:00\",\"dateModified\":\"2025-07-23T11:13:31+00:00\",\"description\":\"sonda za mjerenje vlage tla, Hydrascout mjeri vla\u017enost tla na vi\u0161e dubina (po profilima). Od 10 cm do 150 cm sa jednim ili 10 senzora vlage tla. Iot ure\u0111aj.\",\"breadcrumb\":{\"@id\":\"https:\/\/pinova-meteo.com\/en\/product\/hydrascout-soil-moisture-probe#breadcrumb\"},\"inLanguage\":\"en-US\",\"potentialAction\":[{\"@type\":\"ReadAction\",\"target\":[\"https:\/\/pinova-meteo.com\/en\/product\/hydrascout-soil-moisture-probe\"]}]},{\"@type\":\"ImageObject\",\"inLanguage\":\"en-US\",\"@id\":\"https:\/\/pinova-meteo.com\/en\/product\/hydrascout-soil-moisture-probe#primaryimage\",\"url\":\"https:\/\/pinova-meteo.com\/wp-content\/uploads\/2025\/04\/Hydrascout-probe-4.jpg\",\"contentUrl\":\"https:\/\/pinova-meteo.com\/wp-content\/uploads\/2025\/04\/Hydrascout-probe-4.jpg\",\"width\":1920,\"height\":600},{\"@type\":\"BreadcrumbList\",\"@id\":\"https:\/\/pinova-meteo.com\/en\/product\/hydrascout-soil-moisture-probe#breadcrumb\",\"itemListElement\":[{\"@type\":\"ListItem\",\"position\":1,\"name\":\"Po\u010detna stranica\",\"item\":\"https:\/\/pinova-meteo.com\/en\"},{\"@type\":\"ListItem\",\"position\":2,\"name\":\"Shop\",\"item\":\"https:\/\/pinova-meteo.com\/?page_id=7\"},{\"@type\":\"ListItem\",\"position\":3,\"name\":\"Hydrascout soil moisture probe\"}]},{\"@type\":\"WebSite\",\"@id\":\"https:\/\/pinova-meteo.com\/en#website\",\"url\":\"https:\/\/pinova-meteo.com\/en\",\"name\":\"Pinova Meteo\",\"description\":\"\",\"potentialAction\":[{\"@type\":\"SearchAction\",\"target\":{\"@type\":\"EntryPoint\",\"urlTemplate\":\"https:\/\/pinova-meteo.com\/en?s={search_term_string}\"},\"query-input\":\"required name=search_term_string\"}],\"inLanguage\":\"en-US\"}]}<\/script>\n<!-- \/ Yoast SEO plugin. -->","yoast_head_json":{"title":"Hydrascout soil moisture probe - Pinova Meteo","description":"sonda za mjerenje vlage tla, Hydrascout mjeri vla\u017enost tla na vi\u0161e dubina (po profilima). Od 10 cm do 150 cm sa jednim ili 10 senzora vlage tla. Iot ure\u0111aj.","robots":{"index":"index","follow":"follow","max-snippet":"max-snippet:-1","max-image-preview":"max-image-preview:large","max-video-preview":"max-video-preview:-1"},"canonical":"https:\/\/pinova-meteo.com\/en\/product\/hydrascout-soil-moisture-probe","og_locale":"en_US","og_type":"article","og_title":"Hydrascout soil moisture probe - Pinova Meteo","og_description":"sonda za mjerenje vlage tla, Hydrascout mjeri vla\u017enost tla na vi\u0161e dubina (po profilima). Od 10 cm do 150 cm sa jednim ili 10 senzora vlage tla. Iot ure\u0111aj.","og_url":"https:\/\/pinova-meteo.com\/en\/product\/hydrascout-soil-moisture-probe","og_site_name":"Pinova Meteo","article_modified_time":"2025-07-23T11:13:31+00:00","og_image":[{"width":1920,"height":600,"url":"https:\/\/pinova-meteo.com\/wp-content\/uploads\/2025\/04\/Hydrascout-probe-4.jpg","type":"image\/jpeg"}],"twitter_card":"summary_large_image","twitter_misc":{"Est. reading time":"5 minutes"},"schema":{"@context":"https:\/\/schema.org","@graph":[{"@type":"WebPage","@id":"https:\/\/pinova-meteo.com\/en\/product\/hydrascout-soil-moisture-probe","url":"https:\/\/pinova-meteo.com\/en\/product\/hydrascout-soil-moisture-probe","name":"Hydrascout soil moisture probe - Pinova Meteo","isPartOf":{"@id":"https:\/\/pinova-meteo.com\/en#website"},"primaryImageOfPage":{"@id":"https:\/\/pinova-meteo.com\/en\/product\/hydrascout-soil-moisture-probe#primaryimage"},"image":{"@id":"https:\/\/pinova-meteo.com\/en\/product\/hydrascout-soil-moisture-probe#primaryimage"},"thumbnailUrl":"https:\/\/pinova-meteo.com\/wp-content\/uploads\/2025\/04\/Hydrascout-probe-4.jpg","datePublished":"2025-04-08T11:05:10+00:00","dateModified":"2025-07-23T11:13:31+00:00","description":"sonda za mjerenje vlage tla, Hydrascout mjeri vla\u017enost tla na vi\u0161e dubina (po profilima). Od 10 cm do 150 cm sa jednim ili 10 senzora vlage tla. Iot ure\u0111aj.","breadcrumb":{"@id":"https:\/\/pinova-meteo.com\/en\/product\/hydrascout-soil-moisture-probe#breadcrumb"},"inLanguage":"en-US","potentialAction":[{"@type":"ReadAction","target":["https:\/\/pinova-meteo.com\/en\/product\/hydrascout-soil-moisture-probe"]}]},{"@type":"ImageObject","inLanguage":"en-US","@id":"https:\/\/pinova-meteo.com\/en\/product\/hydrascout-soil-moisture-probe#primaryimage","url":"https:\/\/pinova-meteo.com\/wp-content\/uploads\/2025\/04\/Hydrascout-probe-4.jpg","contentUrl":"https:\/\/pinova-meteo.com\/wp-content\/uploads\/2025\/04\/Hydrascout-probe-4.jpg","width":1920,"height":600},{"@type":"BreadcrumbList","@id":"https:\/\/pinova-meteo.com\/en\/product\/hydrascout-soil-moisture-probe#breadcrumb","itemListElement":[{"@type":"ListItem","position":1,"name":"Po\u010detna stranica","item":"https:\/\/pinova-meteo.com\/en"},{"@type":"ListItem","position":2,"name":"Shop","item":"https:\/\/pinova-meteo.com\/?page_id=7"},{"@type":"ListItem","position":3,"name":"Hydrascout soil moisture probe"}]},{"@type":"WebSite","@id":"https:\/\/pinova-meteo.com\/en#website","url":"https:\/\/pinova-meteo.com\/en","name":"Pinova Meteo","description":"","potentialAction":[{"@type":"SearchAction","target":{"@type":"EntryPoint","urlTemplate":"https:\/\/pinova-meteo.com\/en?s={search_term_string}"},"query-input":"required name=search_term_string"}],"inLanguage":"en-US"}]}},"_links":{"self":[{"href":"https:\/\/pinova-meteo.com\/en\/wp-json\/wp\/v2\/product\/5009","targetHints":{"allow":["GET"]}}],"collection":[{"href":"https:\/\/pinova-meteo.com\/en\/wp-json\/wp\/v2\/product"}],"about":[{"href":"https:\/\/pinova-meteo.com\/en\/wp-json\/wp\/v2\/types\/product"}],"replies":[{"embeddable":true,"href":"https:\/\/pinova-meteo.com\/en\/wp-json\/wp\/v2\/comments?post=5009"}],"wp:featuredmedia":[{"embeddable":true,"href":"https:\/\/pinova-meteo.com\/en\/wp-json\/wp\/v2\/media\/4159"}],"wp:attachment":[{"href":"https:\/\/pinova-meteo.com\/en\/wp-json\/wp\/v2\/media?parent=5009"}],"wp:term":[{"taxonomy":"product_cat","embeddable":true,"href":"https:\/\/pinova-meteo.com\/en\/wp-json\/wp\/v2\/product_cat?post=5009"},{"taxonomy":"product_tag","embeddable":true,"href":"https:\/\/pinova-meteo.com\/en\/wp-json\/wp\/v2\/product_tag?post=5009"}],"curies":[{"name":"wp","href":"https:\/\/api.w.org\/{rel}","templated":true}]}}